{"id":189427,"date":"2025-10-26T16:28:34","date_gmt":"2025-10-26T15:28:34","guid":{"rendered":"https:\/\/insektenliebe.com\/shop\/produkt\/paraphidippus-basalis\/"},"modified":"2026-03-20T13:22:58","modified_gmt":"2026-03-20T12:22:58","slug":"paraphidippus-basalis","status":"publish","type":"product","link":"https:\/\/insektenliebe.com\/it\/shop\/prodotto\/paraphidippus-basalis\/","title":{"rendered":"Paraphidippus basalis"},"content":{"rendered":"<h3 class=\"p1\"><span style=\"color: #99cc33;\"><strong><span class=\"s1\">Paraphidippus basalis - Vistoso, attivo, assolutamente eccitante<\/span><\/strong><\/span><\/h3>\n<p class=\"p1\"><span class=\"s1\">Stai cercando un ragno saltatore insolito? Allora   <\/span><strong><span class=\"s2\">Paraphidippus basalis<\/span><\/strong><span class=\"s1\">  esattamente il tuo animale! Questa specie \u00e8 originaria delle regioni pi\u00f9 aride del Messico settentrionale e porta nel terrario non solo colore ma anche attivit\u00e0. <\/span><\/p>\n<p class=\"p1\"><span class=\"s1\">La caratteristica pi\u00f9 evidente \u00e8 la fascia addominale arancione-rossastra con il tipico disegno nero, che molti vedono come una faccina sorridente. Questo motivo non \u00e8 solo bello, ma \u00e8 anche un&#8217;intelligente colorazione di avvertimento in natura. A confronto diretto    <\/span><strong><span class=\"s2\">P. basalis<\/span><\/strong><span class=\"s1\"> ha una struttura pi\u00f9 robusta rispetto a molte altre specie di ragni saltatori, il che rende il suo aspetto ancora pi\u00f9 affascinante.<\/span><\/p>\n<p class=\"p1\"><span class=\"s1\">Il suo comportamento \u00e8 vivace, curioso e spesso molto visibile. Come molti rappresentanti del genere   <\/span><span class=\"s2\">Parafidippo<\/span><span class=\"s1\">  Le piace stare in giro, esplora attivamente l&#8217;ambiente circostante e mostra un interessante comportamento di caccia. Grazie ai suoi grandi occhi, \u00e8 un&#8217;attenta osservatrice e una vera gioia per te che sei il suo padrone. <\/span><\/p>\n<p class=\"p1\"><span class=\"s1\">Un terrario ben strutturato e con un po&#8217; di altezza \u00e8 adatto per tenerli, dato che amano utilizzare punti rialzati. Un formato di   <\/span><span class=\"s3\">20x20x30 cm o pi\u00f9 grande<\/span><span class=\"s1\">  \u00e8 ideale. In termini di temperatura, si comporta bene con   <\/span><span class=\"s3\">27-30 \u00b0C<\/span><span class=\"s1\">  di notte pu\u00f2 raffreddarsi. Importante \u00e8 un   <\/span><span class=\"s3\">una buona ventilazione<\/span><span class=\"s1\"> e solo <\/span><span class=\"s3\">una leggera umidificazione<\/span><span class=\"s1\"> - la specie \u00e8 originaria di zone piuttosto secche e non tollera i ristagni d&#8217;acqua.<\/span><\/p>\n<p class=\"p1\"><span class=\"s1\">Consigliamo materiali naturali come rami sottili, piante secche o muschio come arredo. Piante come tillandsie o piccole piante grasse rendono l&#8217;allestimento pi\u00f9 vivace e forniscono una struttura aggiuntiva. La loro alimentazione prevede mosche, piccoli grilli, pesci da forno o Drosophila.    <\/span><span class=\"s2\">Paraphidippus basalis<\/span><span class=\"s1\"> mangia molto avidamente e di solito lo fa subito.<\/span><\/p>\n<p class=\"p1\"><strong><span class=\"s2\">Paraphidippus basalis<\/span><\/strong><span class=\"s1\">  \u00e8 la scelta perfetta per chi cerca un ragno saltatore attivo, colorato e insolito. I suoi segni, il suo comportamento e il suo carattere robusto lo rendono un vero e proprio beniamino dell&#8217;hobby, ideale per i principianti che si avvicinano ai ragni saltatori. <\/span><\/p>\n","protected":false},"excerpt":{"rendered":"<p>Paraphidippus basalis - Vistoso, attivo, assolutamente eccitante Stai cercando un ragno saltatore insolito? Allora Paraphidippus basalis esattamente il tuo animale! Questa specie \u00e8 originaria delle regioni pi\u00f9 aride del Messico settentrionale e porta nel terrario non solo colore ma anche attivit\u00e0. La caratteristica pi\u00f9 evidente \u00e8 la fascia addominale arancione-rossastra con il tipico disegno nero, [&hellip;]<\/p>\n","protected":false},"featured_media":186769,"template":"","meta":{"_acf_changed":false},"product-supplier":[],"product_brand":[],"product_cat":[2808],"product_tag":[],"lce-checkout-addons":[2746],"class_list":{"0":"post-189427","1":"product","2":"type-product","3":"status-publish","4":"has-post-thumbnail","6":"product_cat-ragni-che-saltano","7":"product_shipping_class-spedizione-di-animali","8":"pa_geschlecht-donna","9":"pa_geschlecht-indeterminato","10":"pa_geschlecht-uomo","11":"pa_herkunft-messico","12":"pa_kontinent-nord-america","13":"lce-checkout-addons-imballaggio-invernale","15":"first","16":"instock","17":"taxable","18":"shipping-taxable","19":"purchasable","20":"product-type-variable"},"acf":[],"yoast_head":"<!-- This site is optimized with the Yoast SEO plugin v27.3 - https:\/\/yoast.com\/product\/yoast-seo-wordpress\/ -->\n<title>Paraphidippus basalis - Insektenliebe<\/title>\n<meta name=\"description\" content=\"Acquista online il Paraphidippus basalis - accattivante ragno saltatore con macchie arancioni, attivo, curioso e ideale per il terrario.\" \/>\n<meta name=\"robots\" content=\"index, follow, max-snippet:-1, max-image-preview:large, max-video-preview:-1\" \/>\n<link rel=\"canonical\" href=\"https:\/\/insektenliebe.com\/it\/shop\/prodotto\/paraphidippus-basalis\/\" \/>\n<meta property=\"og:locale\" content=\"it_IT\" \/>\n<meta property=\"og:type\" content=\"article\" \/>\n<meta property=\"og:title\" content=\"Paraphidippus basalis - Insektenliebe\" \/>\n<meta property=\"og:description\" content=\"Acquista online il Paraphidippus basalis - accattivante ragno saltatore con macchie arancioni, attivo, curioso e ideale per il terrario.\" \/>\n<meta property=\"og:url\" content=\"https:\/\/insektenliebe.com\/it\/shop\/prodotto\/paraphidippus-basalis\/\" \/>\n<meta property=\"og:site_name\" content=\"Insektenliebe\" \/>\n<meta property=\"article:modified_time\" content=\"2026-03-20T12:22:58+00:00\" \/>\n<meta property=\"og:image\" content=\"https:\/\/insektenliebe.com\/wp-content\/uploads\/2025\/10\/Paraphidippus-basalis.jpg\" \/>\n\t<meta property=\"og:image:width\" content=\"820\" \/>\n\t<meta property=\"og:image:height\" content=\"820\" \/>\n\t<meta property=\"og:image:type\" content=\"image\/jpeg\" \/>\n<meta name=\"twitter:card\" content=\"summary_large_image\" \/>\n<meta name=\"twitter:label1\" content=\"Tempo di lettura stimato\" \/>\n\t<meta name=\"twitter:data1\" content=\"2 minuto\" \/>\n<script type=\"application\/ld+json\" class=\"yoast-schema-graph\">{\"@context\":\"https:\\\/\\\/schema.org\",\"@graph\":[{\"@type\":\"WebPage\",\"@id\":\"https:\\\/\\\/insektenliebe.com\\\/it\\\/shop\\\/prodotto\\\/paraphidippus-basalis\\\/\",\"url\":\"https:\\\/\\\/insektenliebe.com\\\/it\\\/shop\\\/prodotto\\\/paraphidippus-basalis\\\/\",\"name\":\"Paraphidippus basalis - Insektenliebe\",\"isPartOf\":{\"@id\":\"https:\\\/\\\/insektenliebe.com\\\/it\\\/#website\"},\"primaryImageOfPage\":{\"@id\":\"https:\\\/\\\/insektenliebe.com\\\/it\\\/shop\\\/prodotto\\\/paraphidippus-basalis\\\/#primaryimage\"},\"image\":{\"@id\":\"https:\\\/\\\/insektenliebe.com\\\/it\\\/shop\\\/prodotto\\\/paraphidippus-basalis\\\/#primaryimage\"},\"thumbnailUrl\":\"https:\\\/\\\/insektenliebe.com\\\/wp-content\\\/uploads\\\/2025\\\/10\\\/Paraphidippus-basalis.jpg\",\"datePublished\":\"2025-10-26T15:28:34+00:00\",\"dateModified\":\"2026-03-20T12:22:58+00:00\",\"description\":\"Acquista online il Paraphidippus basalis - accattivante ragno saltatore con macchie arancioni, attivo, curioso e ideale per il terrario.\",\"breadcrumb\":{\"@id\":\"https:\\\/\\\/insektenliebe.com\\\/it\\\/shop\\\/prodotto\\\/paraphidippus-basalis\\\/#breadcrumb\"},\"inLanguage\":\"it-IT\",\"potentialAction\":[{\"@type\":\"ReadAction\",\"target\":[\"https:\\\/\\\/insektenliebe.com\\\/it\\\/shop\\\/prodotto\\\/paraphidippus-basalis\\\/\"]}]},{\"@type\":\"ImageObject\",\"inLanguage\":\"it-IT\",\"@id\":\"https:\\\/\\\/insektenliebe.com\\\/it\\\/shop\\\/prodotto\\\/paraphidippus-basalis\\\/#primaryimage\",\"url\":\"https:\\\/\\\/insektenliebe.com\\\/wp-content\\\/uploads\\\/2025\\\/10\\\/Paraphidippus-basalis.jpg\",\"contentUrl\":\"https:\\\/\\\/insektenliebe.com\\\/wp-content\\\/uploads\\\/2025\\\/10\\\/Paraphidippus-basalis.jpg\",\"width\":820,\"height\":820,\"caption\":\"Paraphidippus basalis\"},{\"@type\":\"BreadcrumbList\",\"@id\":\"https:\\\/\\\/insektenliebe.com\\\/it\\\/shop\\\/prodotto\\\/paraphidippus-basalis\\\/#breadcrumb\",\"itemListElement\":[{\"@type\":\"ListItem\",\"position\":1,\"name\":\"Startseite\",\"item\":\"https:\\\/\\\/insektenliebe.com\\\/it\\\/\"},{\"@type\":\"ListItem\",\"position\":2,\"name\":\"Negozio\",\"item\":\"https:\\\/\\\/insektenliebe.com\\\/it\\\/negozio\\\/\"},{\"@type\":\"ListItem\",\"position\":3,\"name\":\"Paraphidippus basalis\"}]},{\"@type\":\"WebSite\",\"@id\":\"https:\\\/\\\/insektenliebe.com\\\/it\\\/#website\",\"url\":\"https:\\\/\\\/insektenliebe.com\\\/it\\\/\",\"name\":\"Insektenliebe\",\"description\":\"Dein Zuhause f\u00fcr die kleinen Lebewesen\",\"publisher\":{\"@id\":\"https:\\\/\\\/insektenliebe.com\\\/it\\\/#organization\"},\"potentialAction\":[{\"@type\":\"SearchAction\",\"target\":{\"@type\":\"EntryPoint\",\"urlTemplate\":\"https:\\\/\\\/insektenliebe.com\\\/it\\\/?s={search_term_string}\"},\"query-input\":{\"@type\":\"PropertyValueSpecification\",\"valueRequired\":true,\"valueName\":\"search_term_string\"}}],\"inLanguage\":\"it-IT\"},{\"@type\":\"Organization\",\"@id\":\"https:\\\/\\\/insektenliebe.com\\\/it\\\/#organization\",\"name\":\"Insektenliebe\",\"url\":\"https:\\\/\\\/insektenliebe.com\\\/it\\\/\",\"logo\":{\"@type\":\"ImageObject\",\"inLanguage\":\"it-IT\",\"@id\":\"https:\\\/\\\/insektenliebe.com\\\/it\\\/#\\\/schema\\\/logo\\\/image\\\/\",\"url\":\"https:\\\/\\\/insektenliebe.com\\\/wp-content\\\/uploads\\\/2025\\\/03\\\/logo-white.png\",\"contentUrl\":\"https:\\\/\\\/insektenliebe.com\\\/wp-content\\\/uploads\\\/2025\\\/03\\\/logo-white.png\",\"width\":288,\"height\":188,\"caption\":\"Insektenliebe\"},\"image\":{\"@id\":\"https:\\\/\\\/insektenliebe.com\\\/it\\\/#\\\/schema\\\/logo\\\/image\\\/\"}}]}<\/script>\n<!-- \/ Yoast SEO plugin. -->","yoast_head_json":{"title":"Paraphidippus basalis - Insektenliebe","description":"Acquista online il Paraphidippus basalis - accattivante ragno saltatore con macchie arancioni, attivo, curioso e ideale per il terrario.","robots":{"index":"index","follow":"follow","max-snippet":"max-snippet:-1","max-image-preview":"max-image-preview:large","max-video-preview":"max-video-preview:-1"},"canonical":"https:\/\/insektenliebe.com\/it\/shop\/prodotto\/paraphidippus-basalis\/","og_locale":"it_IT","og_type":"article","og_title":"Paraphidippus basalis - Insektenliebe","og_description":"Acquista online il Paraphidippus basalis - accattivante ragno saltatore con macchie arancioni, attivo, curioso e ideale per il terrario.","og_url":"https:\/\/insektenliebe.com\/it\/shop\/prodotto\/paraphidippus-basalis\/","og_site_name":"Insektenliebe","article_modified_time":"2026-03-20T12:22:58+00:00","og_image":[{"width":820,"height":820,"url":"https:\/\/insektenliebe.com\/wp-content\/uploads\/2025\/10\/Paraphidippus-basalis.jpg","type":"image\/jpeg"}],"twitter_card":"summary_large_image","twitter_misc":{"Tempo di lettura stimato":"2 minuto"},"schema":{"@context":"https:\/\/schema.org","@graph":[{"@type":"WebPage","@id":"https:\/\/insektenliebe.com\/it\/shop\/prodotto\/paraphidippus-basalis\/","url":"https:\/\/insektenliebe.com\/it\/shop\/prodotto\/paraphidippus-basalis\/","name":"Paraphidippus basalis - Insektenliebe","isPartOf":{"@id":"https:\/\/insektenliebe.com\/it\/#website"},"primaryImageOfPage":{"@id":"https:\/\/insektenliebe.com\/it\/shop\/prodotto\/paraphidippus-basalis\/#primaryimage"},"image":{"@id":"https:\/\/insektenliebe.com\/it\/shop\/prodotto\/paraphidippus-basalis\/#primaryimage"},"thumbnailUrl":"https:\/\/insektenliebe.com\/wp-content\/uploads\/2025\/10\/Paraphidippus-basalis.jpg","datePublished":"2025-10-26T15:28:34+00:00","dateModified":"2026-03-20T12:22:58+00:00","description":"Acquista online il Paraphidippus basalis - accattivante ragno saltatore con macchie arancioni, attivo, curioso e ideale per il terrario.","breadcrumb":{"@id":"https:\/\/insektenliebe.com\/it\/shop\/prodotto\/paraphidippus-basalis\/#breadcrumb"},"inLanguage":"it-IT","potentialAction":[{"@type":"ReadAction","target":["https:\/\/insektenliebe.com\/it\/shop\/prodotto\/paraphidippus-basalis\/"]}]},{"@type":"ImageObject","inLanguage":"it-IT","@id":"https:\/\/insektenliebe.com\/it\/shop\/prodotto\/paraphidippus-basalis\/#primaryimage","url":"https:\/\/insektenliebe.com\/wp-content\/uploads\/2025\/10\/Paraphidippus-basalis.jpg","contentUrl":"https:\/\/insektenliebe.com\/wp-content\/uploads\/2025\/10\/Paraphidippus-basalis.jpg","width":820,"height":820,"caption":"Paraphidippus basalis"},{"@type":"BreadcrumbList","@id":"https:\/\/insektenliebe.com\/it\/shop\/prodotto\/paraphidippus-basalis\/#breadcrumb","itemListElement":[{"@type":"ListItem","position":1,"name":"Startseite","item":"https:\/\/insektenliebe.com\/it\/"},{"@type":"ListItem","position":2,"name":"Negozio","item":"https:\/\/insektenliebe.com\/it\/negozio\/"},{"@type":"ListItem","position":3,"name":"Paraphidippus basalis"}]},{"@type":"WebSite","@id":"https:\/\/insektenliebe.com\/it\/#website","url":"https:\/\/insektenliebe.com\/it\/","name":"Insektenliebe","description":"Dein Zuhause f\u00fcr die kleinen Lebewesen","publisher":{"@id":"https:\/\/insektenliebe.com\/it\/#organization"},"potentialAction":[{"@type":"SearchAction","target":{"@type":"EntryPoint","urlTemplate":"https:\/\/insektenliebe.com\/it\/?s={search_term_string}"},"query-input":{"@type":"PropertyValueSpecification","valueRequired":true,"valueName":"search_term_string"}}],"inLanguage":"it-IT"},{"@type":"Organization","@id":"https:\/\/insektenliebe.com\/it\/#organization","name":"Insektenliebe","url":"https:\/\/insektenliebe.com\/it\/","logo":{"@type":"ImageObject","inLanguage":"it-IT","@id":"https:\/\/insektenliebe.com\/it\/#\/schema\/logo\/image\/","url":"https:\/\/insektenliebe.com\/wp-content\/uploads\/2025\/03\/logo-white.png","contentUrl":"https:\/\/insektenliebe.com\/wp-content\/uploads\/2025\/03\/logo-white.png","width":288,"height":188,"caption":"Insektenliebe"},"image":{"@id":"https:\/\/insektenliebe.com\/it\/#\/schema\/logo\/image\/"}}]}},"_links":{"self":[{"href":"https:\/\/insektenliebe.com\/it\/wp-json\/wp\/v2\/product\/189427","targetHints":{"allow":["GET"]}}],"collection":[{"href":"https:\/\/insektenliebe.com\/it\/wp-json\/wp\/v2\/product"}],"about":[{"href":"https:\/\/insektenliebe.com\/it\/wp-json\/wp\/v2\/types\/product"}],"wp:featuredmedia":[{"embeddable":true,"href":"https:\/\/insektenliebe.com\/it\/wp-json\/wp\/v2\/media\/186769"}],"wp:attachment":[{"href":"https:\/\/insektenliebe.com\/it\/wp-json\/wp\/v2\/media?parent=189427"}],"wp:term":[{"taxonomy":"product-supplier","embeddable":true,"href":"https:\/\/insektenliebe.com\/it\/wp-json\/wp\/v2\/product-supplier?post=189427"},{"taxonomy":"product_brand","embeddable":true,"href":"https:\/\/insektenliebe.com\/it\/wp-json\/wp\/v2\/product_brand?post=189427"},{"taxonomy":"product_cat","embeddable":true,"href":"https:\/\/insektenliebe.com\/it\/wp-json\/wp\/v2\/product_cat?post=189427"},{"taxonomy":"product_tag","embeddable":true,"href":"https:\/\/insektenliebe.com\/it\/wp-json\/wp\/v2\/product_tag?post=189427"},{"taxonomy":"lce-checkout-addons","embeddable":true,"href":"https:\/\/insektenliebe.com\/it\/wp-json\/wp\/v2\/lce-checkout-addons?post=189427"}],"curies":[{"name":"wp","href":"https:\/\/api.w.org\/{rel}","templated":true}]}}