{"id":189426,"date":"2023-06-29T16:03:15","date_gmt":"2023-06-29T14:03:15","guid":{"rendered":"https:\/\/insektenliebe.com\/shop\/produkt\/bioloark-bio-terrario-led\/"},"modified":"2026-02-27T14:37:28","modified_gmt":"2026-02-27T13:37:28","slug":"bioloark-bio-terrario-led","status":"publish","type":"product","link":"https:\/\/insektenliebe.com\/it\/shop\/prodotto\/bioloark-bio-terrario-led\/","title":{"rendered":"Bioloark - Bio Terrario LED"},"content":{"rendered":"<h3 class=\"p1\"><strong><span style=\"color: #99cc33;\">Forme angolari - chiare e moderne<\/span><\/strong><\/h3>\n<p class=\"p1\"><span class=\"s1\">Scopri il <strong>Bioloark - Bio Terrarium LED<\/strong> e porta un tocco di giungla in casa tua con facilit\u00e0! Questi nano terrari non solo sono di alta qualit\u00e0, ma colpiscono anche per il loro design moderno e il linguaggio chiaro del design. <\/span><\/p>\n<p class=\"p1\"><span class=\"s1\">La caratteristica speciale: Le luci LED integrate nel coperchio non solo forniscono un&#8217;illuminazione piacevole e calda al terrario, ma creano anche un aspetto armonioso. Con una temperatura di colore di 6.500 K, la luce naturale viene riprodotta in modo da favorire non solo la crescita delle piante, ma anche la creazione di un&#8217;atmosfera suggestiva nella tua zona giorno o lavoro. In questo modo, anche le stanze pi\u00f9 semplici si trasformano in un&#8217;oasi di vitalit\u00e0 in pochissimo tempo.  <\/span><\/p>\n<p class=\"p1\"><span class=\"s1\">Le fessure regolabili del coperchio offrono opzioni di ventilazione flessibili nel terrario, in modo da poter personalizzare le condizioni. Puoi far circolare facilmente l&#8217;aria o creare un biotopo chiuso e umido. Le ventole sono integrate per garantire un raffreddamento ottimale dei potenti LED e assicurarne l&#8217;efficienza a lungo termine. Questo garantisce una lunga durata fino a 30.000 ore.   <\/span><\/p>\n<p class=\"p1\"><span class=\"s1\">Il <strong>Bioloark - Bio Terrarium LED<\/strong> ti offre anche un&#8217;ampia gamma di opzioni di design. Che tu preferisca le orchidee epifite o un mossario con muschio di Java, non ci sono limiti al design creativo del tuo giardino su scala nanometrica. \u00c8 anche la scelta perfetta per i piccoli millepiedi, gli isopodi tropicali e le code a molla, che si sentiranno a casa loro. Questo terrario non solo fornisce l&#8217;ambiente ideale per queste affascinanti piccole creature, ma le aiuta anche a vivere il loro comportamento naturale e a svilupparsi in modo ottimale. Con il <strong>Bioloark - Bio Terrarium LED<\/strong> puoi offrire loro una casa sicura e confortevole in cui si sentiranno completamente a loro agio.    <\/span><\/p>\n<p class=\"p1\"><span class=\"s1\">Il <strong>Bioloark - Bio Terrarium LED<\/strong> \u00e8 realizzato in vetro borosilicato di alta qualit\u00e0, caratterizzato da una notevole trasparenza e chiarezza. Questo permette un&#8217;ottima visibilit\u00e0 e allo stesso tempo garantisce un basso assorbimento della luce. Queste propriet\u00e0 rendono il materiale particolarmente adatto alla costruzione di terrari.  <\/span><\/p>\n<p class=\"p1\"><span class=\"s1\">Lasciati ispirare dal fascino del <strong>Bioloark - Bio Terrarium LED<\/strong> e crea il tuo piccolo paradiso verde. Con questo terrario unico nel suo genere, non solo porterai la natura in casa tua, ma anche una fonte di gioia e relax. Acquista il <strong>Bioloark - Bio Terrarium LED<\/strong> e vivi la magia del mondo verde tra le tue quattro mura.  <\/span><\/p>\n<p><strong>Contenuto della fornitura:<br \/>\n<\/strong>Bioloark- Bio Terrarium incl. lampada LED<br \/>\nSenza adattatore USB 5V <\/p>\n<p>&nbsp;<\/p>\n<h3><span style=\"color: #99cc33;\"><strong>Dimensioni e dati tecnici:<\/strong><\/span><\/h3>\n<p><strong>Bioloark- Bio Terrario LED FD200:<\/strong><\/p>\n<p>Lunghezza: 22 cm<br \/>\nLarghezza: 22 cm<br \/>\nAltezza: 41 cm<br \/>\nVolume: 14,4 litri<\/p>\n<p>Consumo: 5 W<br \/>\nFlusso luminoso: 300 lumen<br \/>\nTemperatura di colore: 6.500 K<\/p>\n<p>&nbsp;<\/p>\n<p><strong>Bioloark- Bio Terrario LED FD250:<\/strong><\/p>\n<p>Lunghezza: 27 cm<br \/>\nLarghezza: 27 cm<br \/>\nAltezza: 50,8 cm<br \/>\nVolume: 28,7 litri<\/p>\n<p>Consumo: 10 W<br \/>\nFlusso luminoso: 750 lumen<br \/>\nTemperatura di colore: 6.500 K<\/p>\n<h3><\/h3>\n","protected":false},"excerpt":{"rendered":"<p>Forme angolari - chiare e moderne Scopri il Bioloark - Bio Terrarium LED e porta un tocco di giungla in casa tua con facilit\u00e0! Questi nano terrari non solo sono di alta qualit\u00e0, ma colpiscono anche per il loro design moderno e il linguaggio chiaro del design. La caratteristica speciale: Le luci LED integrate nel [&hellip;]<\/p>\n","protected":false},"featured_media":189428,"template":"","meta":{"_acf_changed":false},"product-supplier":[],"product_brand":[3228],"product_cat":[2760],"product_tag":[],"lce-checkout-addons":[],"class_list":{"0":"post-189426","1":"product","2":"type-product","3":"status-publish","4":"has-post-thumbnail","6":"product_brand-bioloark","7":"product_cat-terrari-e-contenitori","8":"product_shipping_class-equipment-shipping","10":"first","11":"instock","12":"taxable","13":"shipping-taxable","14":"purchasable","15":"product-type-variable"},"acf":[],"yoast_head":"<!-- This site is optimized with the Yoast SEO plugin v27.3 - https:\/\/yoast.com\/product\/yoast-seo-wordpress\/ -->\n<title>Bioloark - Bio Terrario LED - Insektenliebe<\/title>\n<meta name=\"description\" content=\"Acquista a buon mercato Bioloark - Bio Terrarium LED direttamente online. Lasciati ispirare dal fascino e crea il tuo piccolo paradiso verde!\" \/>\n<meta name=\"robots\" content=\"index, follow, max-snippet:-1, max-image-preview:large, max-video-preview:-1\" \/>\n<link rel=\"canonical\" href=\"https:\/\/insektenliebe.com\/it\/shop\/prodotto\/bioloark-bio-terrario-led\/\" \/>\n<meta property=\"og:locale\" content=\"it_IT\" \/>\n<meta property=\"og:type\" content=\"article\" \/>\n<meta property=\"og:title\" content=\"Bioloark - Bio Terrario LED - Insektenliebe\" \/>\n<meta property=\"og:description\" content=\"Acquista a buon mercato Bioloark - Bio Terrarium LED direttamente online. Lasciati ispirare dal fascino e crea il tuo piccolo paradiso verde!\" \/>\n<meta property=\"og:url\" content=\"https:\/\/insektenliebe.com\/it\/shop\/prodotto\/bioloark-bio-terrario-led\/\" \/>\n<meta property=\"og:site_name\" content=\"Insektenliebe\" \/>\n<meta property=\"article:modified_time\" content=\"2026-02-27T13:37:28+00:00\" \/>\n<meta property=\"og:image\" content=\"https:\/\/insektenliebe.com\/wp-content\/uploads\/2025\/05\/Bioloark-Bio-Terrarium-LED-FD200-Moos-2.jpg\" \/>\n\t<meta property=\"og:image:width\" content=\"820\" \/>\n\t<meta property=\"og:image:height\" content=\"820\" \/>\n\t<meta property=\"og:image:type\" content=\"image\/jpeg\" \/>\n<meta name=\"twitter:card\" content=\"summary_large_image\" \/>\n<meta name=\"twitter:label1\" content=\"Tempo di lettura stimato\" \/>\n\t<meta name=\"twitter:data1\" content=\"2 minuto\" \/>\n<script type=\"application\/ld+json\" class=\"yoast-schema-graph\">{\"@context\":\"https:\\\/\\\/schema.org\",\"@graph\":[{\"@type\":\"WebPage\",\"@id\":\"https:\\\/\\\/insektenliebe.com\\\/it\\\/shop\\\/prodotto\\\/bioloark-bio-terrario-led\\\/\",\"url\":\"https:\\\/\\\/insektenliebe.com\\\/it\\\/shop\\\/prodotto\\\/bioloark-bio-terrario-led\\\/\",\"name\":\"Bioloark - Bio Terrario LED - Insektenliebe\",\"isPartOf\":{\"@id\":\"https:\\\/\\\/insektenliebe.com\\\/it\\\/#website\"},\"primaryImageOfPage\":{\"@id\":\"https:\\\/\\\/insektenliebe.com\\\/it\\\/shop\\\/prodotto\\\/bioloark-bio-terrario-led\\\/#primaryimage\"},\"image\":{\"@id\":\"https:\\\/\\\/insektenliebe.com\\\/it\\\/shop\\\/prodotto\\\/bioloark-bio-terrario-led\\\/#primaryimage\"},\"thumbnailUrl\":\"https:\\\/\\\/insektenliebe.com\\\/wp-content\\\/uploads\\\/2025\\\/05\\\/Bioloark-Bio-Terrarium-LED-FD200-Moos-2.jpg\",\"datePublished\":\"2023-06-29T14:03:15+00:00\",\"dateModified\":\"2026-02-27T13:37:28+00:00\",\"description\":\"Acquista a buon mercato Bioloark - Bio Terrarium LED direttamente online. Lasciati ispirare dal fascino e crea il tuo piccolo paradiso verde!\",\"breadcrumb\":{\"@id\":\"https:\\\/\\\/insektenliebe.com\\\/it\\\/shop\\\/prodotto\\\/bioloark-bio-terrario-led\\\/#breadcrumb\"},\"inLanguage\":\"it-IT\",\"potentialAction\":[{\"@type\":\"ReadAction\",\"target\":[\"https:\\\/\\\/insektenliebe.com\\\/it\\\/shop\\\/prodotto\\\/bioloark-bio-terrario-led\\\/\"]}]},{\"@type\":\"ImageObject\",\"inLanguage\":\"it-IT\",\"@id\":\"https:\\\/\\\/insektenliebe.com\\\/it\\\/shop\\\/prodotto\\\/bioloark-bio-terrario-led\\\/#primaryimage\",\"url\":\"https:\\\/\\\/insektenliebe.com\\\/wp-content\\\/uploads\\\/2025\\\/05\\\/Bioloark-Bio-Terrarium-LED-FD200-Moos-2.jpg\",\"contentUrl\":\"https:\\\/\\\/insektenliebe.com\\\/wp-content\\\/uploads\\\/2025\\\/05\\\/Bioloark-Bio-Terrarium-LED-FD200-Moos-2.jpg\",\"width\":820,\"height\":820,\"caption\":\"Bioloark-Bio-Terrarium-LED-FD200-Moos-2.jpg\"},{\"@type\":\"BreadcrumbList\",\"@id\":\"https:\\\/\\\/insektenliebe.com\\\/it\\\/shop\\\/prodotto\\\/bioloark-bio-terrario-led\\\/#breadcrumb\",\"itemListElement\":[{\"@type\":\"ListItem\",\"position\":1,\"name\":\"Startseite\",\"item\":\"https:\\\/\\\/insektenliebe.com\\\/it\\\/\"},{\"@type\":\"ListItem\",\"position\":2,\"name\":\"Negozio\",\"item\":\"https:\\\/\\\/insektenliebe.com\\\/it\\\/negozio\\\/\"},{\"@type\":\"ListItem\",\"position\":3,\"name\":\"Bioloark - Bio Terrario LED\"}]},{\"@type\":\"WebSite\",\"@id\":\"https:\\\/\\\/insektenliebe.com\\\/it\\\/#website\",\"url\":\"https:\\\/\\\/insektenliebe.com\\\/it\\\/\",\"name\":\"Insektenliebe\",\"description\":\"Dein Zuhause f\u00fcr die kleinen Lebewesen\",\"publisher\":{\"@id\":\"https:\\\/\\\/insektenliebe.com\\\/it\\\/#organization\"},\"potentialAction\":[{\"@type\":\"SearchAction\",\"target\":{\"@type\":\"EntryPoint\",\"urlTemplate\":\"https:\\\/\\\/insektenliebe.com\\\/it\\\/?s={search_term_string}\"},\"query-input\":{\"@type\":\"PropertyValueSpecification\",\"valueRequired\":true,\"valueName\":\"search_term_string\"}}],\"inLanguage\":\"it-IT\"},{\"@type\":\"Organization\",\"@id\":\"https:\\\/\\\/insektenliebe.com\\\/it\\\/#organization\",\"name\":\"Insektenliebe\",\"url\":\"https:\\\/\\\/insektenliebe.com\\\/it\\\/\",\"logo\":{\"@type\":\"ImageObject\",\"inLanguage\":\"it-IT\",\"@id\":\"https:\\\/\\\/insektenliebe.com\\\/it\\\/#\\\/schema\\\/logo\\\/image\\\/\",\"url\":\"https:\\\/\\\/insektenliebe.com\\\/wp-content\\\/uploads\\\/2025\\\/03\\\/logo-white.png\",\"contentUrl\":\"https:\\\/\\\/insektenliebe.com\\\/wp-content\\\/uploads\\\/2025\\\/03\\\/logo-white.png\",\"width\":288,\"height\":188,\"caption\":\"Insektenliebe\"},\"image\":{\"@id\":\"https:\\\/\\\/insektenliebe.com\\\/it\\\/#\\\/schema\\\/logo\\\/image\\\/\"}}]}<\/script>\n<!-- \/ Yoast SEO plugin. -->","yoast_head_json":{"title":"Bioloark - Bio Terrario LED - Insektenliebe","description":"Acquista a buon mercato Bioloark - Bio Terrarium LED direttamente online. Lasciati ispirare dal fascino e crea il tuo piccolo paradiso verde!","robots":{"index":"index","follow":"follow","max-snippet":"max-snippet:-1","max-image-preview":"max-image-preview:large","max-video-preview":"max-video-preview:-1"},"canonical":"https:\/\/insektenliebe.com\/it\/shop\/prodotto\/bioloark-bio-terrario-led\/","og_locale":"it_IT","og_type":"article","og_title":"Bioloark - Bio Terrario LED - Insektenliebe","og_description":"Acquista a buon mercato Bioloark - Bio Terrarium LED direttamente online. Lasciati ispirare dal fascino e crea il tuo piccolo paradiso verde!","og_url":"https:\/\/insektenliebe.com\/it\/shop\/prodotto\/bioloark-bio-terrario-led\/","og_site_name":"Insektenliebe","article_modified_time":"2026-02-27T13:37:28+00:00","og_image":[{"width":820,"height":820,"url":"https:\/\/insektenliebe.com\/wp-content\/uploads\/2025\/05\/Bioloark-Bio-Terrarium-LED-FD200-Moos-2.jpg","type":"image\/jpeg"}],"twitter_card":"summary_large_image","twitter_misc":{"Tempo di lettura stimato":"2 minuto"},"schema":{"@context":"https:\/\/schema.org","@graph":[{"@type":"WebPage","@id":"https:\/\/insektenliebe.com\/it\/shop\/prodotto\/bioloark-bio-terrario-led\/","url":"https:\/\/insektenliebe.com\/it\/shop\/prodotto\/bioloark-bio-terrario-led\/","name":"Bioloark - Bio Terrario LED - Insektenliebe","isPartOf":{"@id":"https:\/\/insektenliebe.com\/it\/#website"},"primaryImageOfPage":{"@id":"https:\/\/insektenliebe.com\/it\/shop\/prodotto\/bioloark-bio-terrario-led\/#primaryimage"},"image":{"@id":"https:\/\/insektenliebe.com\/it\/shop\/prodotto\/bioloark-bio-terrario-led\/#primaryimage"},"thumbnailUrl":"https:\/\/insektenliebe.com\/wp-content\/uploads\/2025\/05\/Bioloark-Bio-Terrarium-LED-FD200-Moos-2.jpg","datePublished":"2023-06-29T14:03:15+00:00","dateModified":"2026-02-27T13:37:28+00:00","description":"Acquista a buon mercato Bioloark - Bio Terrarium LED direttamente online. Lasciati ispirare dal fascino e crea il tuo piccolo paradiso verde!","breadcrumb":{"@id":"https:\/\/insektenliebe.com\/it\/shop\/prodotto\/bioloark-bio-terrario-led\/#breadcrumb"},"inLanguage":"it-IT","potentialAction":[{"@type":"ReadAction","target":["https:\/\/insektenliebe.com\/it\/shop\/prodotto\/bioloark-bio-terrario-led\/"]}]},{"@type":"ImageObject","inLanguage":"it-IT","@id":"https:\/\/insektenliebe.com\/it\/shop\/prodotto\/bioloark-bio-terrario-led\/#primaryimage","url":"https:\/\/insektenliebe.com\/wp-content\/uploads\/2025\/05\/Bioloark-Bio-Terrarium-LED-FD200-Moos-2.jpg","contentUrl":"https:\/\/insektenliebe.com\/wp-content\/uploads\/2025\/05\/Bioloark-Bio-Terrarium-LED-FD200-Moos-2.jpg","width":820,"height":820,"caption":"Bioloark-Bio-Terrarium-LED-FD200-Moos-2.jpg"},{"@type":"BreadcrumbList","@id":"https:\/\/insektenliebe.com\/it\/shop\/prodotto\/bioloark-bio-terrario-led\/#breadcrumb","itemListElement":[{"@type":"ListItem","position":1,"name":"Startseite","item":"https:\/\/insektenliebe.com\/it\/"},{"@type":"ListItem","position":2,"name":"Negozio","item":"https:\/\/insektenliebe.com\/it\/negozio\/"},{"@type":"ListItem","position":3,"name":"Bioloark - Bio Terrario LED"}]},{"@type":"WebSite","@id":"https:\/\/insektenliebe.com\/it\/#website","url":"https:\/\/insektenliebe.com\/it\/","name":"Insektenliebe","description":"Dein Zuhause f\u00fcr die kleinen Lebewesen","publisher":{"@id":"https:\/\/insektenliebe.com\/it\/#organization"},"potentialAction":[{"@type":"SearchAction","target":{"@type":"EntryPoint","urlTemplate":"https:\/\/insektenliebe.com\/it\/?s={search_term_string}"},"query-input":{"@type":"PropertyValueSpecification","valueRequired":true,"valueName":"search_term_string"}}],"inLanguage":"it-IT"},{"@type":"Organization","@id":"https:\/\/insektenliebe.com\/it\/#organization","name":"Insektenliebe","url":"https:\/\/insektenliebe.com\/it\/","logo":{"@type":"ImageObject","inLanguage":"it-IT","@id":"https:\/\/insektenliebe.com\/it\/#\/schema\/logo\/image\/","url":"https:\/\/insektenliebe.com\/wp-content\/uploads\/2025\/03\/logo-white.png","contentUrl":"https:\/\/insektenliebe.com\/wp-content\/uploads\/2025\/03\/logo-white.png","width":288,"height":188,"caption":"Insektenliebe"},"image":{"@id":"https:\/\/insektenliebe.com\/it\/#\/schema\/logo\/image\/"}}]}},"_links":{"self":[{"href":"https:\/\/insektenliebe.com\/it\/wp-json\/wp\/v2\/product\/189426","targetHints":{"allow":["GET"]}}],"collection":[{"href":"https:\/\/insektenliebe.com\/it\/wp-json\/wp\/v2\/product"}],"about":[{"href":"https:\/\/insektenliebe.com\/it\/wp-json\/wp\/v2\/types\/product"}],"wp:featuredmedia":[{"embeddable":true,"href":"https:\/\/insektenliebe.com\/it\/wp-json\/wp\/v2\/media\/189428"}],"wp:attachment":[{"href":"https:\/\/insektenliebe.com\/it\/wp-json\/wp\/v2\/media?parent=189426"}],"wp:term":[{"taxonomy":"product-supplier","embeddable":true,"href":"https:\/\/insektenliebe.com\/it\/wp-json\/wp\/v2\/product-supplier?post=189426"},{"taxonomy":"product_brand","embeddable":true,"href":"https:\/\/insektenliebe.com\/it\/wp-json\/wp\/v2\/product_brand?post=189426"},{"taxonomy":"product_cat","embeddable":true,"href":"https:\/\/insektenliebe.com\/it\/wp-json\/wp\/v2\/product_cat?post=189426"},{"taxonomy":"product_tag","embeddable":true,"href":"https:\/\/insektenliebe.com\/it\/wp-json\/wp\/v2\/product_tag?post=189426"},{"taxonomy":"lce-checkout-addons","embeddable":true,"href":"https:\/\/insektenliebe.com\/it\/wp-json\/wp\/v2\/lce-checkout-addons?post=189426"}],"curies":[{"name":"wp","href":"https:\/\/api.w.org\/{rel}","templated":true}]}}