{"id":189390,"date":"2023-01-29T12:00:27","date_gmt":"2023-01-29T10:00:27","guid":{"rendered":"https:\/\/insektenliebe.com\/shop\/produkt\/legno-con-termiti\/"},"modified":"2026-02-27T11:36:09","modified_gmt":"2026-02-27T10:36:09","slug":"legno-con-termiti","status":"publish","type":"product","link":"https:\/\/insektenliebe.com\/it\/shop\/prodotto\/legno-con-termiti\/","title":{"rendered":"Legno con termiti"},"content":{"rendered":"<h3><span style=\"color: #99cc33;\"><strong>Legno di termite - Legno decomposto naturalmente con valore aggiunto<\/strong><\/span><\/h3>\n<div>\n<p class=\"p1\"><span class=\"s1\">Il <strong>legno di termite<\/strong> \u00e8 uno straordinario elemento decorativo naturale con una struttura superficiale unica. Le influenze naturali e l&#8217;attivit\u00e0 passata degli insetti creano una texture sorprendente e dettagliata. \u00c8 proprio questa struttura speciale che rende ogni pezzo davvero unico. Non esistono due elementi uguali ed \u00e8 proprio questo che garantisce l&#8217;autenticit\u00e0 del terrario.   <\/span><\/p>\n<p class=\"p1\"><span class=\"s1\">Offriamo volutamente il <strong>legno di termite<\/strong> come articolo decorativo. Viene utilizzato principalmente per la progettazione e la strutturazione di terrari, paludari o acquascapes. Le caratteristiche cavit\u00e0, scanalature e venature creano profondit\u00e0 nel layout. In questo modo la vasca assume un aspetto pi\u00f9 naturale e vivace.   <\/span><\/p>\n<p class=\"p1\"><span class=\"s1\">Il legno \u00e8 ideale come richiamo visivo al centro o sullo sfondo. Puoi anche combinarlo con muschio, piante o rampicanti. In questo modo si crea una scena di foresta realistica, soprattutto negli allestimenti tropicali. La superficie strutturata crea inoltre interessanti contrasti tra pietra, sabbia e piante nei terrari secchi.   <\/span><\/p>\n<p class=\"p1\"><span class=\"s1\">Grazie al suo peso relativamente basso, il <strong>legno di termite<\/strong> \u00e8 facile da posizionare. Puoi posarlo sopra, interrarlo parzialmente o combinarlo con altri elementi del paesaggio. La superficie fornisce anche un supporto aggiuntivo per gli animali che si arrampicano, senza che il legno sia destinato a diventare un elemento attivo di alimentazione. Naturalmente pu\u00f2 continuare a invecchiare a lungo termine in ambienti umidi, ma l&#8217;attenzione \u00e8 chiaramente rivolta all&#8217;effetto visivo.   <\/span><\/p>\n<p class=\"p1\"><span class=\"s1\"><strong>Il legno di termite<\/strong> conferisce alla piscina linee naturali e organiche. Crea accenti forti, soprattutto in layout minimalisti, mentre si integra armoniosamente in ambienti densamente piantumati. Le strutture irregolari spezzano le linee dure e conferiscono al terrario maggiore dinamismo.  <\/span><\/p>\n<p class=\"p1\"><span class=\"s1\">Se apprezzi i materiali naturali autentici e vuoi dare pi\u00f9 spessore al tuo allestimento, il <strong>legno di termite<\/strong> \u00e8 un elemento decorativo eccezionale. Combina carattere, struttura e naturalezza e rende ogni terrario un po&#8217; pi\u00f9 personalizzato. <\/span><\/p>\n<\/div>\n","protected":false},"excerpt":{"rendered":"<p>Legno di termite - Legno decomposto naturalmente con valore aggiunto Il legno di termite \u00e8 uno straordinario elemento decorativo naturale con una struttura superficiale unica. Le influenze naturali e l&#8217;attivit\u00e0 passata degli insetti creano una texture sorprendente e dettagliata. \u00c8 proprio questa struttura speciale che rende ogni pezzo davvero unico. Non esistono due elementi uguali [&hellip;]<\/p>\n","protected":false},"featured_media":189392,"template":"","meta":{"_acf_changed":false},"product-supplier":[],"product_brand":[],"product_cat":[2740],"product_tag":[],"lce-checkout-addons":[],"class_list":{"0":"post-189390","1":"product","2":"type-product","3":"status-publish","4":"has-post-thumbnail","6":"product_cat-arredamento-e-decorazione","7":"product_shipping_class-equipment-shipping","9":"first","10":"instock","11":"sale","12":"taxable","13":"shipping-taxable","14":"purchasable","15":"product-type-variable"},"acf":[],"yoast_head":"<!-- This site is optimized with the Yoast SEO plugin v27.3 - https:\/\/yoast.com\/product\/yoast-seo-wordpress\/ -->\n<title>Legno con termiti - Insektenliebe<\/title>\n<meta name=\"description\" content=\"Legno di termite - legno strutturale naturalmente pre-decomposto per isopodi, millepiedi e terrari bioattivi. Ideale come alimento e come elemento decorativo.\" \/>\n<meta name=\"robots\" content=\"index, follow, max-snippet:-1, max-image-preview:large, max-video-preview:-1\" \/>\n<link rel=\"canonical\" href=\"https:\/\/insektenliebe.com\/it\/shop\/prodotto\/legno-con-termiti\/\" \/>\n<meta property=\"og:locale\" content=\"it_IT\" \/>\n<meta property=\"og:type\" content=\"article\" \/>\n<meta property=\"og:title\" content=\"Legno con termiti - Insektenliebe\" \/>\n<meta property=\"og:description\" content=\"Legno di termite - legno strutturale naturalmente pre-decomposto per isopodi, millepiedi e terrari bioattivi. Ideale come alimento e come elemento decorativo.\" \/>\n<meta property=\"og:url\" content=\"https:\/\/insektenliebe.com\/it\/shop\/prodotto\/legno-con-termiti\/\" \/>\n<meta property=\"og:site_name\" content=\"Insektenliebe\" \/>\n<meta property=\"article:modified_time\" content=\"2026-02-27T10:36:09+00:00\" \/>\n<meta property=\"og:image\" content=\"https:\/\/insektenliebe.com\/wp-content\/uploads\/2025\/05\/Termiten-Holz-2.jpg\" \/>\n\t<meta property=\"og:image:width\" content=\"820\" \/>\n\t<meta property=\"og:image:height\" content=\"820\" \/>\n\t<meta property=\"og:image:type\" content=\"image\/jpeg\" \/>\n<meta name=\"twitter:card\" content=\"summary_large_image\" \/>\n<meta name=\"twitter:label1\" content=\"Tempo di lettura stimato\" \/>\n\t<meta name=\"twitter:data1\" content=\"1 minuto\" \/>\n<script type=\"application\/ld+json\" class=\"yoast-schema-graph\">{\"@context\":\"https:\\\/\\\/schema.org\",\"@graph\":[{\"@type\":\"WebPage\",\"@id\":\"https:\\\/\\\/insektenliebe.com\\\/it\\\/shop\\\/prodotto\\\/legno-con-termiti\\\/\",\"url\":\"https:\\\/\\\/insektenliebe.com\\\/it\\\/shop\\\/prodotto\\\/legno-con-termiti\\\/\",\"name\":\"Legno con termiti - Insektenliebe\",\"isPartOf\":{\"@id\":\"https:\\\/\\\/insektenliebe.com\\\/it\\\/#website\"},\"primaryImageOfPage\":{\"@id\":\"https:\\\/\\\/insektenliebe.com\\\/it\\\/shop\\\/prodotto\\\/legno-con-termiti\\\/#primaryimage\"},\"image\":{\"@id\":\"https:\\\/\\\/insektenliebe.com\\\/it\\\/shop\\\/prodotto\\\/legno-con-termiti\\\/#primaryimage\"},\"thumbnailUrl\":\"https:\\\/\\\/insektenliebe.com\\\/wp-content\\\/uploads\\\/2025\\\/05\\\/Termiten-Holz-2.jpg\",\"datePublished\":\"2023-01-29T10:00:27+00:00\",\"dateModified\":\"2026-02-27T10:36:09+00:00\",\"description\":\"Legno di termite - legno strutturale naturalmente pre-decomposto per isopodi, millepiedi e terrari bioattivi. Ideale come alimento e come elemento decorativo.\",\"breadcrumb\":{\"@id\":\"https:\\\/\\\/insektenliebe.com\\\/it\\\/shop\\\/prodotto\\\/legno-con-termiti\\\/#breadcrumb\"},\"inLanguage\":\"it-IT\",\"potentialAction\":[{\"@type\":\"ReadAction\",\"target\":[\"https:\\\/\\\/insektenliebe.com\\\/it\\\/shop\\\/prodotto\\\/legno-con-termiti\\\/\"]}]},{\"@type\":\"ImageObject\",\"inLanguage\":\"it-IT\",\"@id\":\"https:\\\/\\\/insektenliebe.com\\\/it\\\/shop\\\/prodotto\\\/legno-con-termiti\\\/#primaryimage\",\"url\":\"https:\\\/\\\/insektenliebe.com\\\/wp-content\\\/uploads\\\/2025\\\/05\\\/Termiten-Holz-2.jpg\",\"contentUrl\":\"https:\\\/\\\/insektenliebe.com\\\/wp-content\\\/uploads\\\/2025\\\/05\\\/Termiten-Holz-2.jpg\",\"width\":820,\"height\":820,\"caption\":\"Termite legno-2.jpg\"},{\"@type\":\"BreadcrumbList\",\"@id\":\"https:\\\/\\\/insektenliebe.com\\\/it\\\/shop\\\/prodotto\\\/legno-con-termiti\\\/#breadcrumb\",\"itemListElement\":[{\"@type\":\"ListItem\",\"position\":1,\"name\":\"Startseite\",\"item\":\"https:\\\/\\\/insektenliebe.com\\\/it\\\/\"},{\"@type\":\"ListItem\",\"position\":2,\"name\":\"Negozio\",\"item\":\"https:\\\/\\\/insektenliebe.com\\\/it\\\/negozio\\\/\"},{\"@type\":\"ListItem\",\"position\":3,\"name\":\"Legno con termiti\"}]},{\"@type\":\"WebSite\",\"@id\":\"https:\\\/\\\/insektenliebe.com\\\/it\\\/#website\",\"url\":\"https:\\\/\\\/insektenliebe.com\\\/it\\\/\",\"name\":\"Insektenliebe\",\"description\":\"Dein Zuhause f\u00fcr die kleinen Lebewesen\",\"publisher\":{\"@id\":\"https:\\\/\\\/insektenliebe.com\\\/it\\\/#organization\"},\"potentialAction\":[{\"@type\":\"SearchAction\",\"target\":{\"@type\":\"EntryPoint\",\"urlTemplate\":\"https:\\\/\\\/insektenliebe.com\\\/it\\\/?s={search_term_string}\"},\"query-input\":{\"@type\":\"PropertyValueSpecification\",\"valueRequired\":true,\"valueName\":\"search_term_string\"}}],\"inLanguage\":\"it-IT\"},{\"@type\":\"Organization\",\"@id\":\"https:\\\/\\\/insektenliebe.com\\\/it\\\/#organization\",\"name\":\"Insektenliebe\",\"url\":\"https:\\\/\\\/insektenliebe.com\\\/it\\\/\",\"logo\":{\"@type\":\"ImageObject\",\"inLanguage\":\"it-IT\",\"@id\":\"https:\\\/\\\/insektenliebe.com\\\/it\\\/#\\\/schema\\\/logo\\\/image\\\/\",\"url\":\"https:\\\/\\\/insektenliebe.com\\\/wp-content\\\/uploads\\\/2025\\\/03\\\/logo-white.png\",\"contentUrl\":\"https:\\\/\\\/insektenliebe.com\\\/wp-content\\\/uploads\\\/2025\\\/03\\\/logo-white.png\",\"width\":288,\"height\":188,\"caption\":\"Insektenliebe\"},\"image\":{\"@id\":\"https:\\\/\\\/insektenliebe.com\\\/it\\\/#\\\/schema\\\/logo\\\/image\\\/\"}}]}<\/script>\n<!-- \/ Yoast SEO plugin. -->","yoast_head_json":{"title":"Legno con termiti - Insektenliebe","description":"Legno di termite - legno strutturale naturalmente pre-decomposto per isopodi, millepiedi e terrari bioattivi. Ideale come alimento e come elemento decorativo.","robots":{"index":"index","follow":"follow","max-snippet":"max-snippet:-1","max-image-preview":"max-image-preview:large","max-video-preview":"max-video-preview:-1"},"canonical":"https:\/\/insektenliebe.com\/it\/shop\/prodotto\/legno-con-termiti\/","og_locale":"it_IT","og_type":"article","og_title":"Legno con termiti - Insektenliebe","og_description":"Legno di termite - legno strutturale naturalmente pre-decomposto per isopodi, millepiedi e terrari bioattivi. Ideale come alimento e come elemento decorativo.","og_url":"https:\/\/insektenliebe.com\/it\/shop\/prodotto\/legno-con-termiti\/","og_site_name":"Insektenliebe","article_modified_time":"2026-02-27T10:36:09+00:00","og_image":[{"width":820,"height":820,"url":"https:\/\/insektenliebe.com\/wp-content\/uploads\/2025\/05\/Termiten-Holz-2.jpg","type":"image\/jpeg"}],"twitter_card":"summary_large_image","twitter_misc":{"Tempo di lettura stimato":"1 minuto"},"schema":{"@context":"https:\/\/schema.org","@graph":[{"@type":"WebPage","@id":"https:\/\/insektenliebe.com\/it\/shop\/prodotto\/legno-con-termiti\/","url":"https:\/\/insektenliebe.com\/it\/shop\/prodotto\/legno-con-termiti\/","name":"Legno con termiti - Insektenliebe","isPartOf":{"@id":"https:\/\/insektenliebe.com\/it\/#website"},"primaryImageOfPage":{"@id":"https:\/\/insektenliebe.com\/it\/shop\/prodotto\/legno-con-termiti\/#primaryimage"},"image":{"@id":"https:\/\/insektenliebe.com\/it\/shop\/prodotto\/legno-con-termiti\/#primaryimage"},"thumbnailUrl":"https:\/\/insektenliebe.com\/wp-content\/uploads\/2025\/05\/Termiten-Holz-2.jpg","datePublished":"2023-01-29T10:00:27+00:00","dateModified":"2026-02-27T10:36:09+00:00","description":"Legno di termite - legno strutturale naturalmente pre-decomposto per isopodi, millepiedi e terrari bioattivi. Ideale come alimento e come elemento decorativo.","breadcrumb":{"@id":"https:\/\/insektenliebe.com\/it\/shop\/prodotto\/legno-con-termiti\/#breadcrumb"},"inLanguage":"it-IT","potentialAction":[{"@type":"ReadAction","target":["https:\/\/insektenliebe.com\/it\/shop\/prodotto\/legno-con-termiti\/"]}]},{"@type":"ImageObject","inLanguage":"it-IT","@id":"https:\/\/insektenliebe.com\/it\/shop\/prodotto\/legno-con-termiti\/#primaryimage","url":"https:\/\/insektenliebe.com\/wp-content\/uploads\/2025\/05\/Termiten-Holz-2.jpg","contentUrl":"https:\/\/insektenliebe.com\/wp-content\/uploads\/2025\/05\/Termiten-Holz-2.jpg","width":820,"height":820,"caption":"Termite legno-2.jpg"},{"@type":"BreadcrumbList","@id":"https:\/\/insektenliebe.com\/it\/shop\/prodotto\/legno-con-termiti\/#breadcrumb","itemListElement":[{"@type":"ListItem","position":1,"name":"Startseite","item":"https:\/\/insektenliebe.com\/it\/"},{"@type":"ListItem","position":2,"name":"Negozio","item":"https:\/\/insektenliebe.com\/it\/negozio\/"},{"@type":"ListItem","position":3,"name":"Legno con termiti"}]},{"@type":"WebSite","@id":"https:\/\/insektenliebe.com\/it\/#website","url":"https:\/\/insektenliebe.com\/it\/","name":"Insektenliebe","description":"Dein Zuhause f\u00fcr die kleinen Lebewesen","publisher":{"@id":"https:\/\/insektenliebe.com\/it\/#organization"},"potentialAction":[{"@type":"SearchAction","target":{"@type":"EntryPoint","urlTemplate":"https:\/\/insektenliebe.com\/it\/?s={search_term_string}"},"query-input":{"@type":"PropertyValueSpecification","valueRequired":true,"valueName":"search_term_string"}}],"inLanguage":"it-IT"},{"@type":"Organization","@id":"https:\/\/insektenliebe.com\/it\/#organization","name":"Insektenliebe","url":"https:\/\/insektenliebe.com\/it\/","logo":{"@type":"ImageObject","inLanguage":"it-IT","@id":"https:\/\/insektenliebe.com\/it\/#\/schema\/logo\/image\/","url":"https:\/\/insektenliebe.com\/wp-content\/uploads\/2025\/03\/logo-white.png","contentUrl":"https:\/\/insektenliebe.com\/wp-content\/uploads\/2025\/03\/logo-white.png","width":288,"height":188,"caption":"Insektenliebe"},"image":{"@id":"https:\/\/insektenliebe.com\/it\/#\/schema\/logo\/image\/"}}]}},"_links":{"self":[{"href":"https:\/\/insektenliebe.com\/it\/wp-json\/wp\/v2\/product\/189390","targetHints":{"allow":["GET"]}}],"collection":[{"href":"https:\/\/insektenliebe.com\/it\/wp-json\/wp\/v2\/product"}],"about":[{"href":"https:\/\/insektenliebe.com\/it\/wp-json\/wp\/v2\/types\/product"}],"wp:featuredmedia":[{"embeddable":true,"href":"https:\/\/insektenliebe.com\/it\/wp-json\/wp\/v2\/media\/189392"}],"wp:attachment":[{"href":"https:\/\/insektenliebe.com\/it\/wp-json\/wp\/v2\/media?parent=189390"}],"wp:term":[{"taxonomy":"product-supplier","embeddable":true,"href":"https:\/\/insektenliebe.com\/it\/wp-json\/wp\/v2\/product-supplier?post=189390"},{"taxonomy":"product_brand","embeddable":true,"href":"https:\/\/insektenliebe.com\/it\/wp-json\/wp\/v2\/product_brand?post=189390"},{"taxonomy":"product_cat","embeddable":true,"href":"https:\/\/insektenliebe.com\/it\/wp-json\/wp\/v2\/product_cat?post=189390"},{"taxonomy":"product_tag","embeddable":true,"href":"https:\/\/insektenliebe.com\/it\/wp-json\/wp\/v2\/product_tag?post=189390"},{"taxonomy":"lce-checkout-addons","embeddable":true,"href":"https:\/\/insektenliebe.com\/it\/wp-json\/wp\/v2\/lce-checkout-addons?post=189390"}],"curies":[{"name":"wp","href":"https:\/\/api.w.org\/{rel}","templated":true}]}}