{"id":189381,"date":"2024-04-04T18:35:00","date_gmt":"2024-04-04T16:35:00","guid":{"rendered":"https:\/\/insektenliebe.com\/shop\/produkt\/distanziatorepro\/"},"modified":"2026-03-07T17:01:47","modified_gmt":"2026-03-07T16:01:47","slug":"distanziatorepro","status":"publish","type":"product","link":"https:\/\/insektenliebe.com\/it\/shop\/prodotto\/distanziatorepro\/","title":{"rendered":"DistanziatorePro"},"content":{"rendered":"<h3><span class=\"s1\" style=\"color: #99cc33;\">AbstandsTr\u00e4gerPro - Sistema di organizzazione per box di allevamento<\/span><\/h3>\n<p class=\"p1\"><span class=\"s1\">Il <\/span><strong><span class=\"s2\">SpacerPro<\/span><\/strong><span class=\"s1\"> \u00e8 una soluzione pratica per l&#8217;allevamento strutturato e poco ingombrante di <\/span><span class=\"s2\">allevamento di ragni saltatori e tarantole<\/span><span class=\"s1\">. Si creano rapidamente numerose cassette di allevamento, soprattutto se ci sono molti ragnetti. Senza un sistema ben studiato, tutto ci\u00f2 pu\u00f2 diventare rapidamente confuso. <\/span><\/p>\n<p class=\"p1\"><span class=\"s1\">Con lo <\/span><strong><span class=\"s2\">SpacerPro<\/span><\/strong><span class=\"s1\"> puoi impilare le tue scatole di allevamento in modo ordinato e stabile <\/span><span class=\"s2\">impilate l&#8217;una sull&#8217;altra<\/span><span class=\"s1\">. Allo stesso tempo, il distanziatore garantisce uno spazio sufficiente tra i singoli barattoli. In questo modo si mantiene la circolazione dell&#8217;aria e i barattoli sono ben saldi. <\/span><\/p>\n<p class=\"p1\"><span class=\"s1\">La <\/span><span class=\"s2\">costruzione realizzata da un unico stampo<\/span><span class=\"s1\">  garantisce un elevato livello di stabilit\u00e0. Di conseguenza, il distanziatore rimane dimensionalmente stabile e duraturo, anche quando si impilano molti barattoli. <\/span><\/p>\n<p class=\"p1\"><span class=\"s1\">Soprattutto per quanto riguarda <\/span><span class=\"s2\">l&#8217;allevamento di ragni saltatori o tarantole<\/span><span class=\"s1\">  questo sistema rende la vita quotidiana molto pi\u00f9 semplice. Potrai organizzare in modo chiaro i tuoi box di allevamento e allo stesso tempo tenere traccia della tua prole. <\/span><\/p>\n<p class=\"p1\"><span class=\"s1\">Un altro vantaggio \u00e8 l&#8217;utilizzo <\/span><span class=\"s2\">l&#8217;ottimizzazione dello spazio<\/span><span class=\"s1\">. Impilando le scatole, lo spazio a disposizione viene sfruttato in modo molto pi\u00f9 efficiente. Ci\u00f2 significa che anche i gruppi di riproduzione pi\u00f9 grandi possono essere organizzati in modo ordinato. <\/span><\/p>\n<p class=\"p1\"><span class=\"s1\">Allo stesso tempo, <strong>AbstandsTr\u00e4gerPro<\/strong> facilita il lavoro quotidiano. Puoi rimuovere, controllare o pulire rapidamente i singoli barattoli senza dover smontare l&#8217;intero sistema. <\/span><\/p>\n<p class=\"p1\"><span class=\"s1\">Il <\/span><strong><span class=\"s2\">DistanziatorePro<\/span><\/strong><span class=\"s1\">  \u00e8 quindi un accessorio pratico per tutti i terrariofili e gli allevatori che allevano molti ragnetti. Questo sistema porta ordine, stabilit\u00e0 ed efficienza al tuo programma di allevamento di ragni. <\/span><\/p>\n","protected":false},"excerpt":{"rendered":"<p>AbstandsTr\u00e4gerPro - Sistema di organizzazione per box di allevamento Il SpacerPro \u00e8 una soluzione pratica per l&#8217;allevamento strutturato e poco ingombrante di allevamento di ragni saltatori e tarantole. Si creano rapidamente numerose cassette di allevamento, soprattutto se ci sono molti ragnetti. Senza un sistema ben studiato, tutto ci\u00f2 pu\u00f2 diventare rapidamente confuso. Con lo SpacerPro [&hellip;]<\/p>\n","protected":false},"featured_media":189382,"template":"","meta":{"_acf_changed":false},"product-supplier":[],"product_brand":[],"product_cat":[2740],"product_tag":[],"lce-checkout-addons":[],"class_list":{"0":"post-189381","1":"product","2":"type-product","3":"status-publish","4":"has-post-thumbnail","6":"product_cat-arredamento-e-decorazione","7":"product_shipping_class-equipment-shipping","9":"first","10":"instock","11":"taxable","12":"shipping-taxable","13":"purchasable","14":"product-type-simple"},"acf":[],"yoast_head":"<!-- This site is optimized with the Yoast SEO plugin v27.3 - https:\/\/yoast.com\/product\/yoast-seo-wordpress\/ -->\n<title>DistanziatorePro - Insektenliebe<\/title>\n<meta name=\"description\" content=\"AbstandsTr\u00e4gerPro - Supporto per impilare le cassette di allevamento per ragni saltatori e tarantole. Stabile, poco ingombrante e ideale per l&#039;allevamento di ragnetti.\" \/>\n<meta name=\"robots\" content=\"index, follow, max-snippet:-1, max-image-preview:large, max-video-preview:-1\" \/>\n<link rel=\"canonical\" href=\"https:\/\/insektenliebe.com\/it\/shop\/prodotto\/distanziatorepro\/\" \/>\n<meta property=\"og:locale\" content=\"it_IT\" \/>\n<meta property=\"og:type\" content=\"article\" \/>\n<meta property=\"og:title\" content=\"DistanziatorePro - Insektenliebe\" \/>\n<meta property=\"og:description\" content=\"AbstandsTr\u00e4gerPro - Supporto per impilare le cassette di allevamento per ragni saltatori e tarantole. Stabile, poco ingombrante e ideale per l&#039;allevamento di ragnetti.\" \/>\n<meta property=\"og:url\" content=\"https:\/\/insektenliebe.com\/it\/shop\/prodotto\/distanziatorepro\/\" \/>\n<meta property=\"og:site_name\" content=\"Insektenliebe\" \/>\n<meta property=\"article:modified_time\" content=\"2026-03-07T16:01:47+00:00\" \/>\n<meta property=\"og:image\" content=\"https:\/\/insektenliebe.com\/wp-content\/uploads\/2025\/05\/AbstandsTraegerPro-1-2.jpg\" \/>\n\t<meta property=\"og:image:width\" content=\"820\" \/>\n\t<meta property=\"og:image:height\" content=\"820\" \/>\n\t<meta property=\"og:image:type\" content=\"image\/jpeg\" \/>\n<meta name=\"twitter:card\" content=\"summary_large_image\" \/>\n<meta name=\"twitter:label1\" content=\"Tempo di lettura stimato\" \/>\n\t<meta name=\"twitter:data1\" content=\"1 minuto\" \/>\n<script type=\"application\/ld+json\" class=\"yoast-schema-graph\">{\"@context\":\"https:\\\/\\\/schema.org\",\"@graph\":[{\"@type\":\"WebPage\",\"@id\":\"https:\\\/\\\/insektenliebe.com\\\/it\\\/shop\\\/prodotto\\\/distanziatorepro\\\/\",\"url\":\"https:\\\/\\\/insektenliebe.com\\\/it\\\/shop\\\/prodotto\\\/distanziatorepro\\\/\",\"name\":\"DistanziatorePro - Insektenliebe\",\"isPartOf\":{\"@id\":\"https:\\\/\\\/insektenliebe.com\\\/it\\\/#website\"},\"primaryImageOfPage\":{\"@id\":\"https:\\\/\\\/insektenliebe.com\\\/it\\\/shop\\\/prodotto\\\/distanziatorepro\\\/#primaryimage\"},\"image\":{\"@id\":\"https:\\\/\\\/insektenliebe.com\\\/it\\\/shop\\\/prodotto\\\/distanziatorepro\\\/#primaryimage\"},\"thumbnailUrl\":\"https:\\\/\\\/insektenliebe.com\\\/wp-content\\\/uploads\\\/2025\\\/05\\\/AbstandsTraegerPro-1-2.jpg\",\"datePublished\":\"2024-04-04T16:35:00+00:00\",\"dateModified\":\"2026-03-07T16:01:47+00:00\",\"description\":\"AbstandsTr\u00e4gerPro - Supporto per impilare le cassette di allevamento per ragni saltatori e tarantole. Stabile, poco ingombrante e ideale per l'allevamento di ragnetti.\",\"breadcrumb\":{\"@id\":\"https:\\\/\\\/insektenliebe.com\\\/it\\\/shop\\\/prodotto\\\/distanziatorepro\\\/#breadcrumb\"},\"inLanguage\":\"it-IT\",\"potentialAction\":[{\"@type\":\"ReadAction\",\"target\":[\"https:\\\/\\\/insektenliebe.com\\\/it\\\/shop\\\/prodotto\\\/distanziatorepro\\\/\"]}]},{\"@type\":\"ImageObject\",\"inLanguage\":\"it-IT\",\"@id\":\"https:\\\/\\\/insektenliebe.com\\\/it\\\/shop\\\/prodotto\\\/distanziatorepro\\\/#primaryimage\",\"url\":\"https:\\\/\\\/insektenliebe.com\\\/wp-content\\\/uploads\\\/2025\\\/05\\\/AbstandsTraegerPro-1-2.jpg\",\"contentUrl\":\"https:\\\/\\\/insektenliebe.com\\\/wp-content\\\/uploads\\\/2025\\\/05\\\/AbstandsTraegerPro-1-2.jpg\",\"width\":820,\"height\":820,\"caption\":\"DistanzaTraegerPro-1-2.jpg\"},{\"@type\":\"BreadcrumbList\",\"@id\":\"https:\\\/\\\/insektenliebe.com\\\/it\\\/shop\\\/prodotto\\\/distanziatorepro\\\/#breadcrumb\",\"itemListElement\":[{\"@type\":\"ListItem\",\"position\":1,\"name\":\"Startseite\",\"item\":\"https:\\\/\\\/insektenliebe.com\\\/it\\\/\"},{\"@type\":\"ListItem\",\"position\":2,\"name\":\"Negozio\",\"item\":\"https:\\\/\\\/insektenliebe.com\\\/it\\\/negozio\\\/\"},{\"@type\":\"ListItem\",\"position\":3,\"name\":\"DistanziatorePro\"}]},{\"@type\":\"WebSite\",\"@id\":\"https:\\\/\\\/insektenliebe.com\\\/it\\\/#website\",\"url\":\"https:\\\/\\\/insektenliebe.com\\\/it\\\/\",\"name\":\"Insektenliebe\",\"description\":\"Dein Zuhause f\u00fcr die kleinen Lebewesen\",\"publisher\":{\"@id\":\"https:\\\/\\\/insektenliebe.com\\\/it\\\/#organization\"},\"potentialAction\":[{\"@type\":\"SearchAction\",\"target\":{\"@type\":\"EntryPoint\",\"urlTemplate\":\"https:\\\/\\\/insektenliebe.com\\\/it\\\/?s={search_term_string}\"},\"query-input\":{\"@type\":\"PropertyValueSpecification\",\"valueRequired\":true,\"valueName\":\"search_term_string\"}}],\"inLanguage\":\"it-IT\"},{\"@type\":\"Organization\",\"@id\":\"https:\\\/\\\/insektenliebe.com\\\/it\\\/#organization\",\"name\":\"Insektenliebe\",\"url\":\"https:\\\/\\\/insektenliebe.com\\\/it\\\/\",\"logo\":{\"@type\":\"ImageObject\",\"inLanguage\":\"it-IT\",\"@id\":\"https:\\\/\\\/insektenliebe.com\\\/it\\\/#\\\/schema\\\/logo\\\/image\\\/\",\"url\":\"https:\\\/\\\/insektenliebe.com\\\/wp-content\\\/uploads\\\/2025\\\/03\\\/logo-white.png\",\"contentUrl\":\"https:\\\/\\\/insektenliebe.com\\\/wp-content\\\/uploads\\\/2025\\\/03\\\/logo-white.png\",\"width\":288,\"height\":188,\"caption\":\"Insektenliebe\"},\"image\":{\"@id\":\"https:\\\/\\\/insektenliebe.com\\\/it\\\/#\\\/schema\\\/logo\\\/image\\\/\"}}]}<\/script>\n<!-- \/ Yoast SEO plugin. -->","yoast_head_json":{"title":"DistanziatorePro - Insektenliebe","description":"AbstandsTr\u00e4gerPro - Supporto per impilare le cassette di allevamento per ragni saltatori e tarantole. Stabile, poco ingombrante e ideale per l'allevamento di ragnetti.","robots":{"index":"index","follow":"follow","max-snippet":"max-snippet:-1","max-image-preview":"max-image-preview:large","max-video-preview":"max-video-preview:-1"},"canonical":"https:\/\/insektenliebe.com\/it\/shop\/prodotto\/distanziatorepro\/","og_locale":"it_IT","og_type":"article","og_title":"DistanziatorePro - Insektenliebe","og_description":"AbstandsTr\u00e4gerPro - Supporto per impilare le cassette di allevamento per ragni saltatori e tarantole. Stabile, poco ingombrante e ideale per l'allevamento di ragnetti.","og_url":"https:\/\/insektenliebe.com\/it\/shop\/prodotto\/distanziatorepro\/","og_site_name":"Insektenliebe","article_modified_time":"2026-03-07T16:01:47+00:00","og_image":[{"width":820,"height":820,"url":"https:\/\/insektenliebe.com\/wp-content\/uploads\/2025\/05\/AbstandsTraegerPro-1-2.jpg","type":"image\/jpeg"}],"twitter_card":"summary_large_image","twitter_misc":{"Tempo di lettura stimato":"1 minuto"},"schema":{"@context":"https:\/\/schema.org","@graph":[{"@type":"WebPage","@id":"https:\/\/insektenliebe.com\/it\/shop\/prodotto\/distanziatorepro\/","url":"https:\/\/insektenliebe.com\/it\/shop\/prodotto\/distanziatorepro\/","name":"DistanziatorePro - Insektenliebe","isPartOf":{"@id":"https:\/\/insektenliebe.com\/it\/#website"},"primaryImageOfPage":{"@id":"https:\/\/insektenliebe.com\/it\/shop\/prodotto\/distanziatorepro\/#primaryimage"},"image":{"@id":"https:\/\/insektenliebe.com\/it\/shop\/prodotto\/distanziatorepro\/#primaryimage"},"thumbnailUrl":"https:\/\/insektenliebe.com\/wp-content\/uploads\/2025\/05\/AbstandsTraegerPro-1-2.jpg","datePublished":"2024-04-04T16:35:00+00:00","dateModified":"2026-03-07T16:01:47+00:00","description":"AbstandsTr\u00e4gerPro - Supporto per impilare le cassette di allevamento per ragni saltatori e tarantole. Stabile, poco ingombrante e ideale per l'allevamento di ragnetti.","breadcrumb":{"@id":"https:\/\/insektenliebe.com\/it\/shop\/prodotto\/distanziatorepro\/#breadcrumb"},"inLanguage":"it-IT","potentialAction":[{"@type":"ReadAction","target":["https:\/\/insektenliebe.com\/it\/shop\/prodotto\/distanziatorepro\/"]}]},{"@type":"ImageObject","inLanguage":"it-IT","@id":"https:\/\/insektenliebe.com\/it\/shop\/prodotto\/distanziatorepro\/#primaryimage","url":"https:\/\/insektenliebe.com\/wp-content\/uploads\/2025\/05\/AbstandsTraegerPro-1-2.jpg","contentUrl":"https:\/\/insektenliebe.com\/wp-content\/uploads\/2025\/05\/AbstandsTraegerPro-1-2.jpg","width":820,"height":820,"caption":"DistanzaTraegerPro-1-2.jpg"},{"@type":"BreadcrumbList","@id":"https:\/\/insektenliebe.com\/it\/shop\/prodotto\/distanziatorepro\/#breadcrumb","itemListElement":[{"@type":"ListItem","position":1,"name":"Startseite","item":"https:\/\/insektenliebe.com\/it\/"},{"@type":"ListItem","position":2,"name":"Negozio","item":"https:\/\/insektenliebe.com\/it\/negozio\/"},{"@type":"ListItem","position":3,"name":"DistanziatorePro"}]},{"@type":"WebSite","@id":"https:\/\/insektenliebe.com\/it\/#website","url":"https:\/\/insektenliebe.com\/it\/","name":"Insektenliebe","description":"Dein Zuhause f\u00fcr die kleinen Lebewesen","publisher":{"@id":"https:\/\/insektenliebe.com\/it\/#organization"},"potentialAction":[{"@type":"SearchAction","target":{"@type":"EntryPoint","urlTemplate":"https:\/\/insektenliebe.com\/it\/?s={search_term_string}"},"query-input":{"@type":"PropertyValueSpecification","valueRequired":true,"valueName":"search_term_string"}}],"inLanguage":"it-IT"},{"@type":"Organization","@id":"https:\/\/insektenliebe.com\/it\/#organization","name":"Insektenliebe","url":"https:\/\/insektenliebe.com\/it\/","logo":{"@type":"ImageObject","inLanguage":"it-IT","@id":"https:\/\/insektenliebe.com\/it\/#\/schema\/logo\/image\/","url":"https:\/\/insektenliebe.com\/wp-content\/uploads\/2025\/03\/logo-white.png","contentUrl":"https:\/\/insektenliebe.com\/wp-content\/uploads\/2025\/03\/logo-white.png","width":288,"height":188,"caption":"Insektenliebe"},"image":{"@id":"https:\/\/insektenliebe.com\/it\/#\/schema\/logo\/image\/"}}]}},"_links":{"self":[{"href":"https:\/\/insektenliebe.com\/it\/wp-json\/wp\/v2\/product\/189381","targetHints":{"allow":["GET"]}}],"collection":[{"href":"https:\/\/insektenliebe.com\/it\/wp-json\/wp\/v2\/product"}],"about":[{"href":"https:\/\/insektenliebe.com\/it\/wp-json\/wp\/v2\/types\/product"}],"wp:featuredmedia":[{"embeddable":true,"href":"https:\/\/insektenliebe.com\/it\/wp-json\/wp\/v2\/media\/189382"}],"wp:attachment":[{"href":"https:\/\/insektenliebe.com\/it\/wp-json\/wp\/v2\/media?parent=189381"}],"wp:term":[{"taxonomy":"product-supplier","embeddable":true,"href":"https:\/\/insektenliebe.com\/it\/wp-json\/wp\/v2\/product-supplier?post=189381"},{"taxonomy":"product_brand","embeddable":true,"href":"https:\/\/insektenliebe.com\/it\/wp-json\/wp\/v2\/product_brand?post=189381"},{"taxonomy":"product_cat","embeddable":true,"href":"https:\/\/insektenliebe.com\/it\/wp-json\/wp\/v2\/product_cat?post=189381"},{"taxonomy":"product_tag","embeddable":true,"href":"https:\/\/insektenliebe.com\/it\/wp-json\/wp\/v2\/product_tag?post=189381"},{"taxonomy":"lce-checkout-addons","embeddable":true,"href":"https:\/\/insektenliebe.com\/it\/wp-json\/wp\/v2\/lce-checkout-addons?post=189381"}],"curies":[{"name":"wp","href":"https:\/\/api.w.org\/{rel}","templated":true}]}}