{"id":189367,"date":"2023-09-21T11:04:42","date_gmt":"2023-09-21T09:04:42","guid":{"rendered":"https:\/\/insektenliebe.com\/shop\/produkt\/platymeris-biguttatus\/"},"modified":"2023-09-21T11:04:42","modified_gmt":"2023-09-21T09:04:42","slug":"platymeris-biguttatus","status":"publish","type":"product","link":"https:\/\/insektenliebe.com\/it\/shop\/prodotto\/platymeris-biguttatus\/","title":{"rendered":"Platymeris biguttatus"},"content":{"rendered":"<h3><span style=\"color: #99cc33\">Scopri il fascino dell&#8217;insetto predatore a due macchie - Platymeris biguttatus - da vicino!<\/span><\/h3>\n<p>Il misterioso ed emozionante insetto predatore a due macchie, <strong>Platymeris biguttatus<\/strong>, ci porta in un viaggio nella natura incontaminata dell&#8217;Africa meridionale e sudoccidentale. Questo insetto predatore, con il suo veleno paralizzante, \u00e8 un&#8217;esperienza straordinaria e affascinante per tutti gli amanti degli insetti esotici. <\/p>\n<p>Se decidi di tenere il <strong>Platymeris biguttatus<\/strong>, stai per intraprendere un emozionante viaggio di scoperta. Un terrario di 30\u00d730\u00d730 cm, dotato di una miscela di sabbia del deserto e humus di bosco in rapporto 1:1, crea il substrato ideale. Un&#8217;umidit\u00e0 del 60-70% \u00e8 essenziale per creare un clima favorevole in cui l&#8217;insetto predatore a due macchie possa prosperare e riprodursi.  <\/p>\n<p>La frequenza di alimentazione pu\u00f2 variare a seconda dell&#8217;et\u00e0, delle dimensioni e delle esigenze individuali dell&#8217;animale. Per il <strong>Platymeris biguttatus<\/strong>, ovvero l&#8217;insetto predatore a due macchie, \u00e8 consigliabile somministrare il cibo ogni 3-4 giorni, soprattutto quando gli animali sono giovani e in crescita. \u00c8 importante osservare gli animali e notare i segnali di fame, come l&#8217;aumento dell&#8217;attivit\u00e0 e la ricerca di cibo. Quando gli animali sono sazi, spesso si ritirano nei loro nascondigli. Tieni presente che un eccesso di cibo pu\u00f2 causare problemi, ad esempio se le prede non mangiate rimangono nel terrario. \u00c8 quindi importante adattare l&#8217;alimentazione alle esigenze degli animali e controllare e pulire regolarmente il terrario.     <\/p>\n<p>Le code di primavera si rivelano un&#8217;eccellente \"polizia del suolo\" in quanto contribuiscono attivamente a mantenere un microclima sano. Si nutrono di materiale vegetale morto, scarti di cibo e altro materiale organico, aiutando a mantenere il substrato pulito e privo di muffe e marciumi. <\/p>\n<p>I tubi di sughero e le piante artificiali non solo migliorano l&#8217;aspetto del terrario, ma forniscono anche i nascondigli necessari. Una ciotola per l&#8217;acqua sempre disponibile \u00e8 essenziale. <\/p>\n<p>\u00c8 un&#8217;impresa molto toccante e gratificante partecipare all&#8217;allevamento del <strong>Platymeris biguttatus<\/strong>. Vedere le larve schiudersi dalle uova deposte nel substrato dopo un periodo di incubazione di circa 4 settimane \u00e8 sufficiente a scaldare il cuore di qualsiasi amante degli animali. <\/p>\n<p>Quando si allevano i <strong>Platymeris biguttatus<\/strong> in gruppo, assicurati di fornire cibo sufficiente e molti nascondigli per garantire una coesistenza armoniosa. Sebbene il veleno di questo insetto predatore non sia generalmente pericoloso per l&#8217;uomo, \u00e8 necessario prestare attenzione. La puntura \u00e8 paragonabile al dolore di una puntura di vespa.  <\/p>\n<p>Il tuo impegno e la tua cura nella cura e nell&#8217;allevamento del tuo <strong>Platymeris biguttatus<\/strong> saranno riccamente ricompensati dall&#8217;affascinante stile di vita e dall&#8217;estetica mozzafiato di questi insetti predatori. Grazie al tuo impegno responsabile nell&#8217;allevamento sostenibile, vivrai innumerevoli momenti indimenticabili ed educativi con questa specie straordinaria. <\/p>\n<p><img decoding=\"async\" src=\"https:\/\/insektenliebe.com\/wp-content\/uploads\/2023\/09\/Platymeris-biguttatus-Ast.jpg\" alt=\"Ramo di Platymeris biguttatus\"><\/p>\n<p><img decoding=\"async\" src=\"https:\/\/insektenliebe.com\/wp-content\/uploads\/2023\/09\/Platymeris-biguttatus-Terrarium.jpg\" alt=\"Terrario di Platymeris biguttatus\"><\/p>\n","protected":false},"excerpt":{"rendered":"<p>Scopri il fascino dell&#8217;insetto predatore a due macchie - Platymeris biguttatus - da vicino! Il misterioso ed emozionante insetto predatore a due macchie, Platymeris biguttatus, ci porta in un viaggio nella natura incontaminata dell&#8217;Africa meridionale e sudoccidentale. Questo insetto predatore, con il suo veleno paralizzante, \u00e8 un&#8217;esperienza straordinaria e affascinante per tutti gli amanti degli [&hellip;]<\/p>\n","protected":false},"featured_media":189373,"template":"","meta":{"_acf_changed":false},"product-supplier":[],"product_brand":[],"product_cat":[2829],"product_tag":[],"lce-checkout-addons":[2746],"class_list":{"0":"post-189367","1":"product","2":"type-product","3":"status-publish","4":"has-post-thumbnail","6":"product_cat-altri-invertebrati","7":"product_shipping_class-spedizione-di-animali","8":"pa_kontinent-africa","9":"lce-checkout-addons-imballaggio-invernale","11":"first","12":"outofstock","13":"taxable","14":"shipping-taxable","15":"purchasable","16":"product-type-simple"},"acf":[],"yoast_head":"<!-- This site is optimized with the Yoast SEO plugin v27.3 - https:\/\/yoast.com\/product\/yoast-seo-wordpress\/ -->\n<title>Platymeris biguttatus - Insektenliebe<\/title>\n<meta name=\"description\" content=\"Acquista a buon mercato Platymeris biguttatus direttamente online! Prole dell&#039;affascinante insetto predatore con istruzioni per la conservazione e accessori.\" \/>\n<meta name=\"robots\" content=\"index, follow, max-snippet:-1, max-image-preview:large, max-video-preview:-1\" \/>\n<link rel=\"canonical\" href=\"https:\/\/insektenliebe.com\/it\/shop\/prodotto\/platymeris-biguttatus\/\" \/>\n<meta property=\"og:locale\" content=\"it_IT\" \/>\n<meta property=\"og:type\" content=\"article\" \/>\n<meta property=\"og:title\" content=\"Platymeris biguttatus - Insektenliebe\" \/>\n<meta property=\"og:description\" content=\"Acquista a buon mercato Platymeris biguttatus direttamente online! Prole dell&#039;affascinante insetto predatore con istruzioni per la conservazione e accessori.\" \/>\n<meta property=\"og:url\" content=\"https:\/\/insektenliebe.com\/it\/shop\/prodotto\/platymeris-biguttatus\/\" \/>\n<meta property=\"og:site_name\" content=\"Insektenliebe\" \/>\n<meta property=\"og:image\" content=\"https:\/\/insektenliebe.com\/wp-content\/uploads\/2025\/05\/Platymeris-biguttatus-2.jpg\" \/>\n\t<meta property=\"og:image:width\" content=\"820\" \/>\n\t<meta property=\"og:image:height\" content=\"820\" \/>\n\t<meta property=\"og:image:type\" content=\"image\/jpeg\" \/>\n<meta name=\"twitter:card\" content=\"summary_large_image\" \/>\n<meta name=\"twitter:label1\" content=\"Tempo di lettura stimato\" \/>\n\t<meta name=\"twitter:data1\" content=\"2 minuto\" \/>\n<script type=\"application\/ld+json\" class=\"yoast-schema-graph\">{\"@context\":\"https:\\\/\\\/schema.org\",\"@graph\":[{\"@type\":\"WebPage\",\"@id\":\"https:\\\/\\\/insektenliebe.com\\\/it\\\/shop\\\/prodotto\\\/platymeris-biguttatus\\\/\",\"url\":\"https:\\\/\\\/insektenliebe.com\\\/it\\\/shop\\\/prodotto\\\/platymeris-biguttatus\\\/\",\"name\":\"Platymeris biguttatus - Insektenliebe\",\"isPartOf\":{\"@id\":\"https:\\\/\\\/insektenliebe.com\\\/it\\\/#website\"},\"primaryImageOfPage\":{\"@id\":\"https:\\\/\\\/insektenliebe.com\\\/it\\\/shop\\\/prodotto\\\/platymeris-biguttatus\\\/#primaryimage\"},\"image\":{\"@id\":\"https:\\\/\\\/insektenliebe.com\\\/it\\\/shop\\\/prodotto\\\/platymeris-biguttatus\\\/#primaryimage\"},\"thumbnailUrl\":\"https:\\\/\\\/insektenliebe.com\\\/wp-content\\\/uploads\\\/2025\\\/05\\\/Platymeris-biguttatus-2.jpg\",\"datePublished\":\"2023-09-21T09:04:42+00:00\",\"description\":\"Acquista a buon mercato Platymeris biguttatus direttamente online! Prole dell'affascinante insetto predatore con istruzioni per la conservazione e accessori.\",\"breadcrumb\":{\"@id\":\"https:\\\/\\\/insektenliebe.com\\\/it\\\/shop\\\/prodotto\\\/platymeris-biguttatus\\\/#breadcrumb\"},\"inLanguage\":\"it-IT\",\"potentialAction\":[{\"@type\":\"ReadAction\",\"target\":[\"https:\\\/\\\/insektenliebe.com\\\/it\\\/shop\\\/prodotto\\\/platymeris-biguttatus\\\/\"]}]},{\"@type\":\"ImageObject\",\"inLanguage\":\"it-IT\",\"@id\":\"https:\\\/\\\/insektenliebe.com\\\/it\\\/shop\\\/prodotto\\\/platymeris-biguttatus\\\/#primaryimage\",\"url\":\"https:\\\/\\\/insektenliebe.com\\\/wp-content\\\/uploads\\\/2025\\\/05\\\/Platymeris-biguttatus-2.jpg\",\"contentUrl\":\"https:\\\/\\\/insektenliebe.com\\\/wp-content\\\/uploads\\\/2025\\\/05\\\/Platymeris-biguttatus-2.jpg\",\"width\":820,\"height\":820,\"caption\":\"Platymeris-biguttatus-2.jpg\"},{\"@type\":\"BreadcrumbList\",\"@id\":\"https:\\\/\\\/insektenliebe.com\\\/it\\\/shop\\\/prodotto\\\/platymeris-biguttatus\\\/#breadcrumb\",\"itemListElement\":[{\"@type\":\"ListItem\",\"position\":1,\"name\":\"Startseite\",\"item\":\"https:\\\/\\\/insektenliebe.com\\\/it\\\/\"},{\"@type\":\"ListItem\",\"position\":2,\"name\":\"Negozio\",\"item\":\"https:\\\/\\\/insektenliebe.com\\\/it\\\/negozio\\\/\"},{\"@type\":\"ListItem\",\"position\":3,\"name\":\"Platymeris biguttatus\"}]},{\"@type\":\"WebSite\",\"@id\":\"https:\\\/\\\/insektenliebe.com\\\/it\\\/#website\",\"url\":\"https:\\\/\\\/insektenliebe.com\\\/it\\\/\",\"name\":\"Insektenliebe\",\"description\":\"Dein Zuhause f\u00fcr die kleinen Lebewesen\",\"publisher\":{\"@id\":\"https:\\\/\\\/insektenliebe.com\\\/it\\\/#organization\"},\"potentialAction\":[{\"@type\":\"SearchAction\",\"target\":{\"@type\":\"EntryPoint\",\"urlTemplate\":\"https:\\\/\\\/insektenliebe.com\\\/it\\\/?s={search_term_string}\"},\"query-input\":{\"@type\":\"PropertyValueSpecification\",\"valueRequired\":true,\"valueName\":\"search_term_string\"}}],\"inLanguage\":\"it-IT\"},{\"@type\":\"Organization\",\"@id\":\"https:\\\/\\\/insektenliebe.com\\\/it\\\/#organization\",\"name\":\"Insektenliebe\",\"url\":\"https:\\\/\\\/insektenliebe.com\\\/it\\\/\",\"logo\":{\"@type\":\"ImageObject\",\"inLanguage\":\"it-IT\",\"@id\":\"https:\\\/\\\/insektenliebe.com\\\/it\\\/#\\\/schema\\\/logo\\\/image\\\/\",\"url\":\"https:\\\/\\\/insektenliebe.com\\\/wp-content\\\/uploads\\\/2025\\\/03\\\/logo-white.png\",\"contentUrl\":\"https:\\\/\\\/insektenliebe.com\\\/wp-content\\\/uploads\\\/2025\\\/03\\\/logo-white.png\",\"width\":288,\"height\":188,\"caption\":\"Insektenliebe\"},\"image\":{\"@id\":\"https:\\\/\\\/insektenliebe.com\\\/it\\\/#\\\/schema\\\/logo\\\/image\\\/\"}}]}<\/script>\n<!-- \/ Yoast SEO plugin. -->","yoast_head_json":{"title":"Platymeris biguttatus - Insektenliebe","description":"Acquista a buon mercato Platymeris biguttatus direttamente online! Prole dell'affascinante insetto predatore con istruzioni per la conservazione e accessori.","robots":{"index":"index","follow":"follow","max-snippet":"max-snippet:-1","max-image-preview":"max-image-preview:large","max-video-preview":"max-video-preview:-1"},"canonical":"https:\/\/insektenliebe.com\/it\/shop\/prodotto\/platymeris-biguttatus\/","og_locale":"it_IT","og_type":"article","og_title":"Platymeris biguttatus - Insektenliebe","og_description":"Acquista a buon mercato Platymeris biguttatus direttamente online! Prole dell'affascinante insetto predatore con istruzioni per la conservazione e accessori.","og_url":"https:\/\/insektenliebe.com\/it\/shop\/prodotto\/platymeris-biguttatus\/","og_site_name":"Insektenliebe","og_image":[{"width":820,"height":820,"url":"https:\/\/insektenliebe.com\/wp-content\/uploads\/2025\/05\/Platymeris-biguttatus-2.jpg","type":"image\/jpeg"}],"twitter_card":"summary_large_image","twitter_misc":{"Tempo di lettura stimato":"2 minuto"},"schema":{"@context":"https:\/\/schema.org","@graph":[{"@type":"WebPage","@id":"https:\/\/insektenliebe.com\/it\/shop\/prodotto\/platymeris-biguttatus\/","url":"https:\/\/insektenliebe.com\/it\/shop\/prodotto\/platymeris-biguttatus\/","name":"Platymeris biguttatus - Insektenliebe","isPartOf":{"@id":"https:\/\/insektenliebe.com\/it\/#website"},"primaryImageOfPage":{"@id":"https:\/\/insektenliebe.com\/it\/shop\/prodotto\/platymeris-biguttatus\/#primaryimage"},"image":{"@id":"https:\/\/insektenliebe.com\/it\/shop\/prodotto\/platymeris-biguttatus\/#primaryimage"},"thumbnailUrl":"https:\/\/insektenliebe.com\/wp-content\/uploads\/2025\/05\/Platymeris-biguttatus-2.jpg","datePublished":"2023-09-21T09:04:42+00:00","description":"Acquista a buon mercato Platymeris biguttatus direttamente online! Prole dell'affascinante insetto predatore con istruzioni per la conservazione e accessori.","breadcrumb":{"@id":"https:\/\/insektenliebe.com\/it\/shop\/prodotto\/platymeris-biguttatus\/#breadcrumb"},"inLanguage":"it-IT","potentialAction":[{"@type":"ReadAction","target":["https:\/\/insektenliebe.com\/it\/shop\/prodotto\/platymeris-biguttatus\/"]}]},{"@type":"ImageObject","inLanguage":"it-IT","@id":"https:\/\/insektenliebe.com\/it\/shop\/prodotto\/platymeris-biguttatus\/#primaryimage","url":"https:\/\/insektenliebe.com\/wp-content\/uploads\/2025\/05\/Platymeris-biguttatus-2.jpg","contentUrl":"https:\/\/insektenliebe.com\/wp-content\/uploads\/2025\/05\/Platymeris-biguttatus-2.jpg","width":820,"height":820,"caption":"Platymeris-biguttatus-2.jpg"},{"@type":"BreadcrumbList","@id":"https:\/\/insektenliebe.com\/it\/shop\/prodotto\/platymeris-biguttatus\/#breadcrumb","itemListElement":[{"@type":"ListItem","position":1,"name":"Startseite","item":"https:\/\/insektenliebe.com\/it\/"},{"@type":"ListItem","position":2,"name":"Negozio","item":"https:\/\/insektenliebe.com\/it\/negozio\/"},{"@type":"ListItem","position":3,"name":"Platymeris biguttatus"}]},{"@type":"WebSite","@id":"https:\/\/insektenliebe.com\/it\/#website","url":"https:\/\/insektenliebe.com\/it\/","name":"Insektenliebe","description":"Dein Zuhause f\u00fcr die kleinen Lebewesen","publisher":{"@id":"https:\/\/insektenliebe.com\/it\/#organization"},"potentialAction":[{"@type":"SearchAction","target":{"@type":"EntryPoint","urlTemplate":"https:\/\/insektenliebe.com\/it\/?s={search_term_string}"},"query-input":{"@type":"PropertyValueSpecification","valueRequired":true,"valueName":"search_term_string"}}],"inLanguage":"it-IT"},{"@type":"Organization","@id":"https:\/\/insektenliebe.com\/it\/#organization","name":"Insektenliebe","url":"https:\/\/insektenliebe.com\/it\/","logo":{"@type":"ImageObject","inLanguage":"it-IT","@id":"https:\/\/insektenliebe.com\/it\/#\/schema\/logo\/image\/","url":"https:\/\/insektenliebe.com\/wp-content\/uploads\/2025\/03\/logo-white.png","contentUrl":"https:\/\/insektenliebe.com\/wp-content\/uploads\/2025\/03\/logo-white.png","width":288,"height":188,"caption":"Insektenliebe"},"image":{"@id":"https:\/\/insektenliebe.com\/it\/#\/schema\/logo\/image\/"}}]}},"_links":{"self":[{"href":"https:\/\/insektenliebe.com\/it\/wp-json\/wp\/v2\/product\/189367","targetHints":{"allow":["GET"]}}],"collection":[{"href":"https:\/\/insektenliebe.com\/it\/wp-json\/wp\/v2\/product"}],"about":[{"href":"https:\/\/insektenliebe.com\/it\/wp-json\/wp\/v2\/types\/product"}],"wp:featuredmedia":[{"embeddable":true,"href":"https:\/\/insektenliebe.com\/it\/wp-json\/wp\/v2\/media\/189373"}],"wp:attachment":[{"href":"https:\/\/insektenliebe.com\/it\/wp-json\/wp\/v2\/media?parent=189367"}],"wp:term":[{"taxonomy":"product-supplier","embeddable":true,"href":"https:\/\/insektenliebe.com\/it\/wp-json\/wp\/v2\/product-supplier?post=189367"},{"taxonomy":"product_brand","embeddable":true,"href":"https:\/\/insektenliebe.com\/it\/wp-json\/wp\/v2\/product_brand?post=189367"},{"taxonomy":"product_cat","embeddable":true,"href":"https:\/\/insektenliebe.com\/it\/wp-json\/wp\/v2\/product_cat?post=189367"},{"taxonomy":"product_tag","embeddable":true,"href":"https:\/\/insektenliebe.com\/it\/wp-json\/wp\/v2\/product_tag?post=189367"},{"taxonomy":"lce-checkout-addons","embeddable":true,"href":"https:\/\/insektenliebe.com\/it\/wp-json\/wp\/v2\/lce-checkout-addons?post=189367"}],"curies":[{"name":"wp","href":"https:\/\/api.w.org\/{rel}","templated":true}]}}