{"id":189366,"date":"2023-07-07T09:02:34","date_gmt":"2023-07-07T07:02:34","guid":{"rendered":"https:\/\/insektenliebe.com\/shop\/produkt\/lampada-bioloark-wabi-kusa-dx-5b\/"},"modified":"2026-02-27T13:08:37","modified_gmt":"2026-02-27T12:08:37","slug":"lampada-bioloark-wabi-kusa-dx-5b","status":"publish","type":"product","link":"https:\/\/insektenliebe.com\/it\/shop\/prodotto\/lampada-bioloark-wabi-kusa-dx-5b\/","title":{"rendered":"Lampada Bioloark Wabi-Kusa DX-5B"},"content":{"rendered":"<h3><span class=\"s1\" style=\"color: #99cc33;\">Lampada Bioloark Wabi-Kusa DX-5B - Il design moderno incontra la crescita delle piante<\/span><\/h3>\n<p class=\"p1\"><span class=\"s1\">La lampada <\/span><strong><span class=\"s2\">Lampada Wabi-Kusa DX-5B di Bioloark<\/span><\/strong><span class=\"s1\">  \u00e8 una lampada per piante a LED appositamente sviluppata per Wabi-Kusa, nano acquascaping ed eleganti giardini in vetro. Combina un design moderno e minimalista con un&#8217;emissione luminosa mirata che supporta in modo ottimale le tue piante. Allo stesso tempo, l&#8217;attenzione rimane chiaramente sulla tua composizione, poich\u00e9 la forma lineare non distrae dall&#8217;essenziale.  <\/span><\/p>\n<p class=\"p1\"><span class=\"s1\">Con un consumo di 5 watt, il DX-5B genera un flusso luminoso di 300 lumen. La temperatura di colore \u00e8 di 7.000-8.000 Kelvin. In questo modo si ottiene una luce brillante e fredda, particolarmente adatta alle piante di muschio, alle piante da copertura e alle mini piante tropicali. Anche senza una finestra, puoi creare condizioni di crescita stabili.   <\/span><\/p>\n<p class=\"p1\"><span class=\"s1\">Uno dei principali vantaggi di questa lampada Wabi-Kusa \u00e8 il suo design regolabile in altezza. Grazie all&#8217;asta di prolunga in dotazione, la distanza dalla pianta pu\u00f2 essere regolata individualmente. Questo ti permette di controllare con precisione l&#8217;intensit\u00e0 della luce, evitando di stressare le piante pi\u00f9 sensibili.  <\/span><\/p>\n<p class=\"p1\"><span class=\"s1\">La base stabile garantisce una tenuta sicura in contenitori di vetro come la Luji Glass Cup o le popolari Bubble Cup. Allo stesso tempo, la <strong>lampada Bioloark Wabi-Kusa DX-5B<\/strong> \u00e8 adatta anche per ciotole aperte e piccole ciotole per piante. La luce viene diretta in modo mirato sulla composizione, facendo risaltare in modo particolare le strutture, i colori e i dettagli.  <\/span><\/p>\n<p class=\"p1\"><span class=\"s1\">La connessione USB aumenta ulteriormente la flessibilit\u00e0. Puoi utilizzare la lampada comodamente tramite computer, power bank o adattatore di rete USB. Questo rende la DX-5B ideale per soggiorni, uffici o spazi commerciali. Il sistema rinuncia volutamente a una presa di corrente fissa, offrendoti la massima libert\u00e0 in termini di posizionamento.   <\/span><\/p>\n<p class=\"p1\"><span class=\"s1\">Con le sue dimensioni compatte di 170 \u00d7 220 mm e un&#8217;altezza variabile da 300 a 400 mm, la lampada per piante a LED \u00e8 perfetta per le piccole composizioni Wabi-Kusa, i contenitori di vetro e le ciotole per piante aperte. Grazie al suo design sottile, non occupa spazio e la tua composizione sar\u00e0 sempre al centro dell&#8217;attenzione. Allo stesso tempo, l&#8217;altezza regolabile ti permette di reagire in modo flessibile alla crescita delle tue piante. In questo modo l&#8217;illuminazione rimane sempre regolata in modo ottimale. Nonostante l&#8217;aspetto discreto, la lampada ha un look moderno, di alta qualit\u00e0 ed elegante, che si integra armoniosamente in salotti, uffici o spazi commerciali.    <\/span><\/p>\n<p class=\"p1\"><span class=\"s1\">La lampada <\/span><strong><span class=\"s2\">Lampada Wabi-Kusa DX-5B di Bioloark<\/span><\/strong><span class=\"s1\">  \u00e8 pi\u00f9 di una semplice illuminazione. \u00c8 una soluzione elegante per chi vuole presentare Wabi-Kusa in modo professionale e allo stesso tempo promuovere la crescita sana delle piante. <\/span><\/p>\n","protected":false},"excerpt":{"rendered":"<p>Lampada Bioloark Wabi-Kusa DX-5B - Il design moderno incontra la crescita delle piante La lampada Lampada Wabi-Kusa DX-5B di Bioloark \u00e8 una lampada per piante a LED appositamente sviluppata per Wabi-Kusa, nano acquascaping ed eleganti giardini in vetro. Combina un design moderno e minimalista con un&#8217;emissione luminosa mirata che supporta in modo ottimale le tue [&hellip;]<\/p>\n","protected":false},"featured_media":189368,"template":"","meta":{"_acf_changed":false},"product-supplier":[],"product_brand":[3228],"product_cat":[2741],"product_tag":[],"lce-checkout-addons":[],"class_list":{"0":"post-189366","1":"product","2":"type-product","3":"status-publish","4":"has-post-thumbnail","6":"product_brand-bioloark","7":"product_cat-illuminazione-e-clima","8":"product_shipping_class-equipment-shipping","10":"first","11":"instock","12":"taxable","13":"shipping-taxable","14":"purchasable","15":"product-type-simple"},"acf":[],"yoast_head":"<!-- This site is optimized with the Yoast SEO plugin v27.3 - https:\/\/yoast.com\/product\/yoast-seo-wordpress\/ -->\n<title>Lampada Bioloark Wabi-Kusa DX-5B - Insektenliebe<\/title>\n<meta name=\"description\" content=\"Lampada Bioloark Wabi-Kusa DX-5B - elegante lampada a LED da 5W per piante Wabi-Kusa, nano acquascaping e giardini in vetro. 300 lumen, funzionamento USB.\" \/>\n<meta name=\"robots\" content=\"index, follow, max-snippet:-1, max-image-preview:large, max-video-preview:-1\" \/>\n<link rel=\"canonical\" href=\"https:\/\/insektenliebe.com\/it\/shop\/prodotto\/lampada-bioloark-wabi-kusa-dx-5b\/\" \/>\n<meta property=\"og:locale\" content=\"it_IT\" \/>\n<meta property=\"og:type\" content=\"article\" \/>\n<meta property=\"og:title\" content=\"Lampada Bioloark Wabi-Kusa DX-5B - Insektenliebe\" \/>\n<meta property=\"og:description\" content=\"Lampada Bioloark Wabi-Kusa DX-5B - elegante lampada a LED da 5W per piante Wabi-Kusa, nano acquascaping e giardini in vetro. 300 lumen, funzionamento USB.\" \/>\n<meta property=\"og:url\" content=\"https:\/\/insektenliebe.com\/it\/shop\/prodotto\/lampada-bioloark-wabi-kusa-dx-5b\/\" \/>\n<meta property=\"og:site_name\" content=\"Insektenliebe\" \/>\n<meta property=\"article:modified_time\" content=\"2026-02-27T12:08:37+00:00\" \/>\n<meta property=\"og:image\" content=\"https:\/\/insektenliebe.com\/wp-content\/uploads\/2025\/05\/Bioloark-Wabi-Kusa-Lampe-DX-5B-2.jpg\" \/>\n\t<meta property=\"og:image:width\" content=\"820\" \/>\n\t<meta property=\"og:image:height\" content=\"820\" \/>\n\t<meta property=\"og:image:type\" content=\"image\/jpeg\" \/>\n<meta name=\"twitter:card\" content=\"summary_large_image\" \/>\n<meta name=\"twitter:label1\" content=\"Tempo di lettura stimato\" \/>\n\t<meta name=\"twitter:data1\" content=\"2 minuto\" \/>\n<script type=\"application\/ld+json\" class=\"yoast-schema-graph\">{\"@context\":\"https:\\\/\\\/schema.org\",\"@graph\":[{\"@type\":\"WebPage\",\"@id\":\"https:\\\/\\\/insektenliebe.com\\\/it\\\/shop\\\/prodotto\\\/lampada-bioloark-wabi-kusa-dx-5b\\\/\",\"url\":\"https:\\\/\\\/insektenliebe.com\\\/it\\\/shop\\\/prodotto\\\/lampada-bioloark-wabi-kusa-dx-5b\\\/\",\"name\":\"Lampada Bioloark Wabi-Kusa DX-5B - Insektenliebe\",\"isPartOf\":{\"@id\":\"https:\\\/\\\/insektenliebe.com\\\/it\\\/#website\"},\"primaryImageOfPage\":{\"@id\":\"https:\\\/\\\/insektenliebe.com\\\/it\\\/shop\\\/prodotto\\\/lampada-bioloark-wabi-kusa-dx-5b\\\/#primaryimage\"},\"image\":{\"@id\":\"https:\\\/\\\/insektenliebe.com\\\/it\\\/shop\\\/prodotto\\\/lampada-bioloark-wabi-kusa-dx-5b\\\/#primaryimage\"},\"thumbnailUrl\":\"https:\\\/\\\/insektenliebe.com\\\/wp-content\\\/uploads\\\/2025\\\/05\\\/Bioloark-Wabi-Kusa-Lampe-DX-5B-2.jpg\",\"datePublished\":\"2023-07-07T07:02:34+00:00\",\"dateModified\":\"2026-02-27T12:08:37+00:00\",\"description\":\"Lampada Bioloark Wabi-Kusa DX-5B - elegante lampada a LED da 5W per piante Wabi-Kusa, nano acquascaping e giardini in vetro. 300 lumen, funzionamento USB.\",\"breadcrumb\":{\"@id\":\"https:\\\/\\\/insektenliebe.com\\\/it\\\/shop\\\/prodotto\\\/lampada-bioloark-wabi-kusa-dx-5b\\\/#breadcrumb\"},\"inLanguage\":\"it-IT\",\"potentialAction\":[{\"@type\":\"ReadAction\",\"target\":[\"https:\\\/\\\/insektenliebe.com\\\/it\\\/shop\\\/prodotto\\\/lampada-bioloark-wabi-kusa-dx-5b\\\/\"]}]},{\"@type\":\"ImageObject\",\"inLanguage\":\"it-IT\",\"@id\":\"https:\\\/\\\/insektenliebe.com\\\/it\\\/shop\\\/prodotto\\\/lampada-bioloark-wabi-kusa-dx-5b\\\/#primaryimage\",\"url\":\"https:\\\/\\\/insektenliebe.com\\\/wp-content\\\/uploads\\\/2025\\\/05\\\/Bioloark-Wabi-Kusa-Lampe-DX-5B-2.jpg\",\"contentUrl\":\"https:\\\/\\\/insektenliebe.com\\\/wp-content\\\/uploads\\\/2025\\\/05\\\/Bioloark-Wabi-Kusa-Lampe-DX-5B-2.jpg\",\"width\":820,\"height\":820,\"caption\":\"Bioloark-Wabi-Kusa-Lampada-DX-5B-2.jpg\"},{\"@type\":\"BreadcrumbList\",\"@id\":\"https:\\\/\\\/insektenliebe.com\\\/it\\\/shop\\\/prodotto\\\/lampada-bioloark-wabi-kusa-dx-5b\\\/#breadcrumb\",\"itemListElement\":[{\"@type\":\"ListItem\",\"position\":1,\"name\":\"Startseite\",\"item\":\"https:\\\/\\\/insektenliebe.com\\\/it\\\/\"},{\"@type\":\"ListItem\",\"position\":2,\"name\":\"Negozio\",\"item\":\"https:\\\/\\\/insektenliebe.com\\\/it\\\/negozio\\\/\"},{\"@type\":\"ListItem\",\"position\":3,\"name\":\"Lampada Bioloark Wabi-Kusa DX-5B\"}]},{\"@type\":\"WebSite\",\"@id\":\"https:\\\/\\\/insektenliebe.com\\\/it\\\/#website\",\"url\":\"https:\\\/\\\/insektenliebe.com\\\/it\\\/\",\"name\":\"Insektenliebe\",\"description\":\"Dein Zuhause f\u00fcr die kleinen Lebewesen\",\"publisher\":{\"@id\":\"https:\\\/\\\/insektenliebe.com\\\/it\\\/#organization\"},\"potentialAction\":[{\"@type\":\"SearchAction\",\"target\":{\"@type\":\"EntryPoint\",\"urlTemplate\":\"https:\\\/\\\/insektenliebe.com\\\/it\\\/?s={search_term_string}\"},\"query-input\":{\"@type\":\"PropertyValueSpecification\",\"valueRequired\":true,\"valueName\":\"search_term_string\"}}],\"inLanguage\":\"it-IT\"},{\"@type\":\"Organization\",\"@id\":\"https:\\\/\\\/insektenliebe.com\\\/it\\\/#organization\",\"name\":\"Insektenliebe\",\"url\":\"https:\\\/\\\/insektenliebe.com\\\/it\\\/\",\"logo\":{\"@type\":\"ImageObject\",\"inLanguage\":\"it-IT\",\"@id\":\"https:\\\/\\\/insektenliebe.com\\\/it\\\/#\\\/schema\\\/logo\\\/image\\\/\",\"url\":\"https:\\\/\\\/insektenliebe.com\\\/wp-content\\\/uploads\\\/2025\\\/03\\\/logo-white.png\",\"contentUrl\":\"https:\\\/\\\/insektenliebe.com\\\/wp-content\\\/uploads\\\/2025\\\/03\\\/logo-white.png\",\"width\":288,\"height\":188,\"caption\":\"Insektenliebe\"},\"image\":{\"@id\":\"https:\\\/\\\/insektenliebe.com\\\/it\\\/#\\\/schema\\\/logo\\\/image\\\/\"}}]}<\/script>\n<!-- \/ Yoast SEO plugin. -->","yoast_head_json":{"title":"Lampada Bioloark Wabi-Kusa DX-5B - Insektenliebe","description":"Lampada Bioloark Wabi-Kusa DX-5B - elegante lampada a LED da 5W per piante Wabi-Kusa, nano acquascaping e giardini in vetro. 300 lumen, funzionamento USB.","robots":{"index":"index","follow":"follow","max-snippet":"max-snippet:-1","max-image-preview":"max-image-preview:large","max-video-preview":"max-video-preview:-1"},"canonical":"https:\/\/insektenliebe.com\/it\/shop\/prodotto\/lampada-bioloark-wabi-kusa-dx-5b\/","og_locale":"it_IT","og_type":"article","og_title":"Lampada Bioloark Wabi-Kusa DX-5B - Insektenliebe","og_description":"Lampada Bioloark Wabi-Kusa DX-5B - elegante lampada a LED da 5W per piante Wabi-Kusa, nano acquascaping e giardini in vetro. 300 lumen, funzionamento USB.","og_url":"https:\/\/insektenliebe.com\/it\/shop\/prodotto\/lampada-bioloark-wabi-kusa-dx-5b\/","og_site_name":"Insektenliebe","article_modified_time":"2026-02-27T12:08:37+00:00","og_image":[{"width":820,"height":820,"url":"https:\/\/insektenliebe.com\/wp-content\/uploads\/2025\/05\/Bioloark-Wabi-Kusa-Lampe-DX-5B-2.jpg","type":"image\/jpeg"}],"twitter_card":"summary_large_image","twitter_misc":{"Tempo di lettura stimato":"2 minuto"},"schema":{"@context":"https:\/\/schema.org","@graph":[{"@type":"WebPage","@id":"https:\/\/insektenliebe.com\/it\/shop\/prodotto\/lampada-bioloark-wabi-kusa-dx-5b\/","url":"https:\/\/insektenliebe.com\/it\/shop\/prodotto\/lampada-bioloark-wabi-kusa-dx-5b\/","name":"Lampada Bioloark Wabi-Kusa DX-5B - Insektenliebe","isPartOf":{"@id":"https:\/\/insektenliebe.com\/it\/#website"},"primaryImageOfPage":{"@id":"https:\/\/insektenliebe.com\/it\/shop\/prodotto\/lampada-bioloark-wabi-kusa-dx-5b\/#primaryimage"},"image":{"@id":"https:\/\/insektenliebe.com\/it\/shop\/prodotto\/lampada-bioloark-wabi-kusa-dx-5b\/#primaryimage"},"thumbnailUrl":"https:\/\/insektenliebe.com\/wp-content\/uploads\/2025\/05\/Bioloark-Wabi-Kusa-Lampe-DX-5B-2.jpg","datePublished":"2023-07-07T07:02:34+00:00","dateModified":"2026-02-27T12:08:37+00:00","description":"Lampada Bioloark Wabi-Kusa DX-5B - elegante lampada a LED da 5W per piante Wabi-Kusa, nano acquascaping e giardini in vetro. 300 lumen, funzionamento USB.","breadcrumb":{"@id":"https:\/\/insektenliebe.com\/it\/shop\/prodotto\/lampada-bioloark-wabi-kusa-dx-5b\/#breadcrumb"},"inLanguage":"it-IT","potentialAction":[{"@type":"ReadAction","target":["https:\/\/insektenliebe.com\/it\/shop\/prodotto\/lampada-bioloark-wabi-kusa-dx-5b\/"]}]},{"@type":"ImageObject","inLanguage":"it-IT","@id":"https:\/\/insektenliebe.com\/it\/shop\/prodotto\/lampada-bioloark-wabi-kusa-dx-5b\/#primaryimage","url":"https:\/\/insektenliebe.com\/wp-content\/uploads\/2025\/05\/Bioloark-Wabi-Kusa-Lampe-DX-5B-2.jpg","contentUrl":"https:\/\/insektenliebe.com\/wp-content\/uploads\/2025\/05\/Bioloark-Wabi-Kusa-Lampe-DX-5B-2.jpg","width":820,"height":820,"caption":"Bioloark-Wabi-Kusa-Lampada-DX-5B-2.jpg"},{"@type":"BreadcrumbList","@id":"https:\/\/insektenliebe.com\/it\/shop\/prodotto\/lampada-bioloark-wabi-kusa-dx-5b\/#breadcrumb","itemListElement":[{"@type":"ListItem","position":1,"name":"Startseite","item":"https:\/\/insektenliebe.com\/it\/"},{"@type":"ListItem","position":2,"name":"Negozio","item":"https:\/\/insektenliebe.com\/it\/negozio\/"},{"@type":"ListItem","position":3,"name":"Lampada Bioloark Wabi-Kusa DX-5B"}]},{"@type":"WebSite","@id":"https:\/\/insektenliebe.com\/it\/#website","url":"https:\/\/insektenliebe.com\/it\/","name":"Insektenliebe","description":"Dein Zuhause f\u00fcr die kleinen Lebewesen","publisher":{"@id":"https:\/\/insektenliebe.com\/it\/#organization"},"potentialAction":[{"@type":"SearchAction","target":{"@type":"EntryPoint","urlTemplate":"https:\/\/insektenliebe.com\/it\/?s={search_term_string}"},"query-input":{"@type":"PropertyValueSpecification","valueRequired":true,"valueName":"search_term_string"}}],"inLanguage":"it-IT"},{"@type":"Organization","@id":"https:\/\/insektenliebe.com\/it\/#organization","name":"Insektenliebe","url":"https:\/\/insektenliebe.com\/it\/","logo":{"@type":"ImageObject","inLanguage":"it-IT","@id":"https:\/\/insektenliebe.com\/it\/#\/schema\/logo\/image\/","url":"https:\/\/insektenliebe.com\/wp-content\/uploads\/2025\/03\/logo-white.png","contentUrl":"https:\/\/insektenliebe.com\/wp-content\/uploads\/2025\/03\/logo-white.png","width":288,"height":188,"caption":"Insektenliebe"},"image":{"@id":"https:\/\/insektenliebe.com\/it\/#\/schema\/logo\/image\/"}}]}},"_links":{"self":[{"href":"https:\/\/insektenliebe.com\/it\/wp-json\/wp\/v2\/product\/189366","targetHints":{"allow":["GET"]}}],"collection":[{"href":"https:\/\/insektenliebe.com\/it\/wp-json\/wp\/v2\/product"}],"about":[{"href":"https:\/\/insektenliebe.com\/it\/wp-json\/wp\/v2\/types\/product"}],"wp:featuredmedia":[{"embeddable":true,"href":"https:\/\/insektenliebe.com\/it\/wp-json\/wp\/v2\/media\/189368"}],"wp:attachment":[{"href":"https:\/\/insektenliebe.com\/it\/wp-json\/wp\/v2\/media?parent=189366"}],"wp:term":[{"taxonomy":"product-supplier","embeddable":true,"href":"https:\/\/insektenliebe.com\/it\/wp-json\/wp\/v2\/product-supplier?post=189366"},{"taxonomy":"product_brand","embeddable":true,"href":"https:\/\/insektenliebe.com\/it\/wp-json\/wp\/v2\/product_brand?post=189366"},{"taxonomy":"product_cat","embeddable":true,"href":"https:\/\/insektenliebe.com\/it\/wp-json\/wp\/v2\/product_cat?post=189366"},{"taxonomy":"product_tag","embeddable":true,"href":"https:\/\/insektenliebe.com\/it\/wp-json\/wp\/v2\/product_tag?post=189366"},{"taxonomy":"lce-checkout-addons","embeddable":true,"href":"https:\/\/insektenliebe.com\/it\/wp-json\/wp\/v2\/lce-checkout-addons?post=189366"}],"curies":[{"name":"wp","href":"https:\/\/api.w.org\/{rel}","templated":true}]}}