{"id":189362,"date":"2023-07-28T09:37:10","date_gmt":"2023-07-28T07:37:10","guid":{"rendered":"https:\/\/insektenliebe.com\/shop\/produkt\/bucephalandra-spec-fantasma-marrone\/"},"modified":"2023-07-28T09:37:10","modified_gmt":"2023-07-28T07:37:10","slug":"bucephalandra-spec-fantasma-marrone","status":"publish","type":"product","link":"https:\/\/insektenliebe.com\/it\/shop\/prodotto\/bucephalandra-spec-fantasma-marrone\/","title":{"rendered":"Bucephalandra spec. \"Fantasma marrone\""},"content":{"rendered":"<h3><span style=\"color: #99cc33\">Breve descrizione Bucephalandra spec. \"Brown Ghost\": <\/span><\/h3>\n<p><strong>Bucephalandra spec. \"Fantasma marrone\" <\/strong>  \u00e8 una variet\u00e0 affascinante che si differenzia dalla pi\u00f9 piccola \"Brownie Ghost\" e assomiglia alla specie Bucephalandra akantha. Come tutte le Bucephalandre, \u00e8 originaria dell&#8217;isola del Borneo, dove cresce come reofita sulle rocce nella zona alluvionale dei torrenti della foresta pluviale.   <strong>Bucephalandra spec. \"Fantasma marrone\" <\/strong>  \u00e8 una variet\u00e0 abbastanza grande con un forte rizoma. Le foglie, di forma largamente ellittica, presentano una leggera variazione di colore e forma: sono di colore verde scuro con la parte inferiore di colore verde chiaro o leggermente rossastro. Insieme al fusto raggiungono una lunghezza di circa 7-9 cm e il bordo della foglia \u00e8 ondulato.  <\/p>\n<p>Come altre Bucephalandre  <strong>Bucephalandra spec. \"Fantasma marrone\" <\/strong>  Si tratta principalmente di epifite che si attaccano a rocce o legno e trovano sostegno con le loro radici. Possono anche essere ancorate al terreno, ma il rizoma non deve essere interrato per evitare di marcire. La pianta si radica da sola e beneficia dell&#8217;umidit\u00e0 dell&#8217;aria. La crescita \u00e8 generalmente lenta o molto lenta.   <\/p>\n<p><strong>Bucephalandra spec. \"Fantasma marrone\" <\/strong>  Le piante di questo tipo prosperano anche in condizioni di scarsa illuminazione, ma danno il meglio di s\u00e9 in condizioni di luce media. La temperatura ottimale \u00e8 compresa tra 22 e 26\u00b0C. <\/p>\n<p>Per una crescita ottimale, ti consigliamo di lasciare le piante da sole in modo che possano crescere indisturbate. I cambiamenti improvvisi nei parametri dell&#8217;acqua possono far perdere le foglie alle piante. Tuttavia, di solito ricrescono lentamente e formano nuovi germogli sul rizoma.    <strong>Bucephalandra spec. \"Fantasma marrone\" <\/strong>  pu\u00f2 essere facilmente propagata tagliando i germogli terminali e laterali, il che incoraggia anche la ramificazione della pianta.<\/p>\n<p>Scopri la bellezza unica della  <strong>Bucephalandra spec. \"Fantasma marrone\" <\/strong>  e arricchisci il tuo terrario con questa pianta impressionante.<\/p>\n","protected":false},"excerpt":{"rendered":"<p>Breve descrizione Bucephalandra spec. \"Brown Ghost\": Bucephalandra spec. \"Fantasma marrone\" \u00e8 una variet\u00e0 affascinante che si differenzia dalla pi\u00f9 piccola \"Brownie Ghost\" e assomiglia alla specie Bucephalandra akantha. Come tutte le Bucephalandre, \u00e8 originaria dell&#8217;isola del Borneo, dove cresce come reofita sulle rocce nella zona alluvionale dei torrenti della foresta pluviale. Bucephalandra spec. \"Fantasma marrone\" [&hellip;]<\/p>\n","protected":false},"featured_media":189364,"template":"","meta":{"_acf_changed":false},"product-supplier":[],"product_brand":[],"product_cat":[3181],"product_tag":[],"lce-checkout-addons":[2746],"class_list":{"0":"post-189362","1":"product","2":"type-product","3":"status-publish","4":"has-post-thumbnail","6":"product_cat-piante-da-terrario","7":"product_shipping_class-equipment-shipping","8":"pa_herkunft-borneo","9":"lce-checkout-addons-imballaggio-invernale","11":"first","12":"outofstock","13":"taxable","14":"shipping-taxable","15":"purchasable","16":"product-type-simple"},"acf":[],"yoast_head":"<!-- This site is optimized with the Yoast SEO plugin v27.3 - https:\/\/yoast.com\/product\/yoast-seo-wordpress\/ -->\n<title>Bucephalandra spec. &quot;Fantasma marrone&quot; - Insektenliebe<\/title>\n<meta name=\"description\" content=\"Acquista direttamente online la Bucephalandra spec. &quot;Brown Ghost&quot;. Una pianta perenne che crea un ambiente naturale ed esotico.\" \/>\n<meta name=\"robots\" content=\"index, follow, max-snippet:-1, max-image-preview:large, max-video-preview:-1\" \/>\n<link rel=\"canonical\" href=\"https:\/\/insektenliebe.com\/it\/shop\/prodotto\/bucephalandra-spec-fantasma-marrone\/\" \/>\n<meta property=\"og:locale\" content=\"it_IT\" \/>\n<meta property=\"og:type\" content=\"article\" \/>\n<meta property=\"og:title\" content=\"Bucephalandra spec. &quot;Fantasma marrone&quot; - Insektenliebe\" \/>\n<meta property=\"og:description\" content=\"Acquista direttamente online la Bucephalandra spec. &quot;Brown Ghost&quot;. Una pianta perenne che crea un ambiente naturale ed esotico.\" \/>\n<meta property=\"og:url\" content=\"https:\/\/insektenliebe.com\/it\/shop\/prodotto\/bucephalandra-spec-fantasma-marrone\/\" \/>\n<meta property=\"og:site_name\" content=\"Insektenliebe\" \/>\n<meta property=\"og:image\" content=\"https:\/\/insektenliebe.com\/wp-content\/uploads\/2025\/05\/Bucephalandra-spec.-22Brown-Ghost22-2.jpg\" \/>\n\t<meta property=\"og:image:width\" content=\"820\" \/>\n\t<meta property=\"og:image:height\" content=\"820\" \/>\n\t<meta property=\"og:image:type\" content=\"image\/jpeg\" \/>\n<meta name=\"twitter:card\" content=\"summary_large_image\" \/>\n<meta name=\"twitter:label1\" content=\"Tempo di lettura stimato\" \/>\n\t<meta name=\"twitter:data1\" content=\"1 minuto\" \/>\n<script type=\"application\/ld+json\" class=\"yoast-schema-graph\">{\"@context\":\"https:\\\/\\\/schema.org\",\"@graph\":[{\"@type\":\"WebPage\",\"@id\":\"https:\\\/\\\/insektenliebe.com\\\/it\\\/shop\\\/prodotto\\\/bucephalandra-spec-fantasma-marrone\\\/\",\"url\":\"https:\\\/\\\/insektenliebe.com\\\/it\\\/shop\\\/prodotto\\\/bucephalandra-spec-fantasma-marrone\\\/\",\"name\":\"Bucephalandra spec. \\\"Fantasma marrone\\\" - Insektenliebe\",\"isPartOf\":{\"@id\":\"https:\\\/\\\/insektenliebe.com\\\/it\\\/#website\"},\"primaryImageOfPage\":{\"@id\":\"https:\\\/\\\/insektenliebe.com\\\/it\\\/shop\\\/prodotto\\\/bucephalandra-spec-fantasma-marrone\\\/#primaryimage\"},\"image\":{\"@id\":\"https:\\\/\\\/insektenliebe.com\\\/it\\\/shop\\\/prodotto\\\/bucephalandra-spec-fantasma-marrone\\\/#primaryimage\"},\"thumbnailUrl\":\"https:\\\/\\\/insektenliebe.com\\\/wp-content\\\/uploads\\\/2025\\\/05\\\/Bucephalandra-spec.-22Brown-Ghost22-2.jpg\",\"datePublished\":\"2023-07-28T07:37:10+00:00\",\"description\":\"Acquista direttamente online la Bucephalandra spec. \\\"Brown Ghost\\\". Una pianta perenne che crea un ambiente naturale ed esotico.\",\"breadcrumb\":{\"@id\":\"https:\\\/\\\/insektenliebe.com\\\/it\\\/shop\\\/prodotto\\\/bucephalandra-spec-fantasma-marrone\\\/#breadcrumb\"},\"inLanguage\":\"it-IT\",\"potentialAction\":[{\"@type\":\"ReadAction\",\"target\":[\"https:\\\/\\\/insektenliebe.com\\\/it\\\/shop\\\/prodotto\\\/bucephalandra-spec-fantasma-marrone\\\/\"]}]},{\"@type\":\"ImageObject\",\"inLanguage\":\"it-IT\",\"@id\":\"https:\\\/\\\/insektenliebe.com\\\/it\\\/shop\\\/prodotto\\\/bucephalandra-spec-fantasma-marrone\\\/#primaryimage\",\"url\":\"https:\\\/\\\/insektenliebe.com\\\/wp-content\\\/uploads\\\/2025\\\/05\\\/Bucephalandra-spec.-22Brown-Ghost22-2.jpg\",\"contentUrl\":\"https:\\\/\\\/insektenliebe.com\\\/wp-content\\\/uploads\\\/2025\\\/05\\\/Bucephalandra-spec.-22Brown-Ghost22-2.jpg\",\"width\":820,\"height\":820,\"caption\":\"Bucephalandra-spec.-22Brown-Ghost22-2.jpg\"},{\"@type\":\"BreadcrumbList\",\"@id\":\"https:\\\/\\\/insektenliebe.com\\\/it\\\/shop\\\/prodotto\\\/bucephalandra-spec-fantasma-marrone\\\/#breadcrumb\",\"itemListElement\":[{\"@type\":\"ListItem\",\"position\":1,\"name\":\"Startseite\",\"item\":\"https:\\\/\\\/insektenliebe.com\\\/it\\\/\"},{\"@type\":\"ListItem\",\"position\":2,\"name\":\"Negozio\",\"item\":\"https:\\\/\\\/insektenliebe.com\\\/it\\\/negozio\\\/\"},{\"@type\":\"ListItem\",\"position\":3,\"name\":\"Bucephalandra spec. &#8220;Fantasma marrone&#8221;\"}]},{\"@type\":\"WebSite\",\"@id\":\"https:\\\/\\\/insektenliebe.com\\\/it\\\/#website\",\"url\":\"https:\\\/\\\/insektenliebe.com\\\/it\\\/\",\"name\":\"Insektenliebe\",\"description\":\"Dein Zuhause f\u00fcr die kleinen Lebewesen\",\"publisher\":{\"@id\":\"https:\\\/\\\/insektenliebe.com\\\/it\\\/#organization\"},\"potentialAction\":[{\"@type\":\"SearchAction\",\"target\":{\"@type\":\"EntryPoint\",\"urlTemplate\":\"https:\\\/\\\/insektenliebe.com\\\/it\\\/?s={search_term_string}\"},\"query-input\":{\"@type\":\"PropertyValueSpecification\",\"valueRequired\":true,\"valueName\":\"search_term_string\"}}],\"inLanguage\":\"it-IT\"},{\"@type\":\"Organization\",\"@id\":\"https:\\\/\\\/insektenliebe.com\\\/it\\\/#organization\",\"name\":\"Insektenliebe\",\"url\":\"https:\\\/\\\/insektenliebe.com\\\/it\\\/\",\"logo\":{\"@type\":\"ImageObject\",\"inLanguage\":\"it-IT\",\"@id\":\"https:\\\/\\\/insektenliebe.com\\\/it\\\/#\\\/schema\\\/logo\\\/image\\\/\",\"url\":\"https:\\\/\\\/insektenliebe.com\\\/wp-content\\\/uploads\\\/2025\\\/03\\\/logo-white.png\",\"contentUrl\":\"https:\\\/\\\/insektenliebe.com\\\/wp-content\\\/uploads\\\/2025\\\/03\\\/logo-white.png\",\"width\":288,\"height\":188,\"caption\":\"Insektenliebe\"},\"image\":{\"@id\":\"https:\\\/\\\/insektenliebe.com\\\/it\\\/#\\\/schema\\\/logo\\\/image\\\/\"}}]}<\/script>\n<!-- \/ Yoast SEO plugin. -->","yoast_head_json":{"title":"Bucephalandra spec. \"Fantasma marrone\" - Insektenliebe","description":"Acquista direttamente online la Bucephalandra spec. \"Brown Ghost\". Una pianta perenne che crea un ambiente naturale ed esotico.","robots":{"index":"index","follow":"follow","max-snippet":"max-snippet:-1","max-image-preview":"max-image-preview:large","max-video-preview":"max-video-preview:-1"},"canonical":"https:\/\/insektenliebe.com\/it\/shop\/prodotto\/bucephalandra-spec-fantasma-marrone\/","og_locale":"it_IT","og_type":"article","og_title":"Bucephalandra spec. \"Fantasma marrone\" - Insektenliebe","og_description":"Acquista direttamente online la Bucephalandra spec. \"Brown Ghost\". Una pianta perenne che crea un ambiente naturale ed esotico.","og_url":"https:\/\/insektenliebe.com\/it\/shop\/prodotto\/bucephalandra-spec-fantasma-marrone\/","og_site_name":"Insektenliebe","og_image":[{"width":820,"height":820,"url":"https:\/\/insektenliebe.com\/wp-content\/uploads\/2025\/05\/Bucephalandra-spec.-22Brown-Ghost22-2.jpg","type":"image\/jpeg"}],"twitter_card":"summary_large_image","twitter_misc":{"Tempo di lettura stimato":"1 minuto"},"schema":{"@context":"https:\/\/schema.org","@graph":[{"@type":"WebPage","@id":"https:\/\/insektenliebe.com\/it\/shop\/prodotto\/bucephalandra-spec-fantasma-marrone\/","url":"https:\/\/insektenliebe.com\/it\/shop\/prodotto\/bucephalandra-spec-fantasma-marrone\/","name":"Bucephalandra spec. \"Fantasma marrone\" - Insektenliebe","isPartOf":{"@id":"https:\/\/insektenliebe.com\/it\/#website"},"primaryImageOfPage":{"@id":"https:\/\/insektenliebe.com\/it\/shop\/prodotto\/bucephalandra-spec-fantasma-marrone\/#primaryimage"},"image":{"@id":"https:\/\/insektenliebe.com\/it\/shop\/prodotto\/bucephalandra-spec-fantasma-marrone\/#primaryimage"},"thumbnailUrl":"https:\/\/insektenliebe.com\/wp-content\/uploads\/2025\/05\/Bucephalandra-spec.-22Brown-Ghost22-2.jpg","datePublished":"2023-07-28T07:37:10+00:00","description":"Acquista direttamente online la Bucephalandra spec. \"Brown Ghost\". Una pianta perenne che crea un ambiente naturale ed esotico.","breadcrumb":{"@id":"https:\/\/insektenliebe.com\/it\/shop\/prodotto\/bucephalandra-spec-fantasma-marrone\/#breadcrumb"},"inLanguage":"it-IT","potentialAction":[{"@type":"ReadAction","target":["https:\/\/insektenliebe.com\/it\/shop\/prodotto\/bucephalandra-spec-fantasma-marrone\/"]}]},{"@type":"ImageObject","inLanguage":"it-IT","@id":"https:\/\/insektenliebe.com\/it\/shop\/prodotto\/bucephalandra-spec-fantasma-marrone\/#primaryimage","url":"https:\/\/insektenliebe.com\/wp-content\/uploads\/2025\/05\/Bucephalandra-spec.-22Brown-Ghost22-2.jpg","contentUrl":"https:\/\/insektenliebe.com\/wp-content\/uploads\/2025\/05\/Bucephalandra-spec.-22Brown-Ghost22-2.jpg","width":820,"height":820,"caption":"Bucephalandra-spec.-22Brown-Ghost22-2.jpg"},{"@type":"BreadcrumbList","@id":"https:\/\/insektenliebe.com\/it\/shop\/prodotto\/bucephalandra-spec-fantasma-marrone\/#breadcrumb","itemListElement":[{"@type":"ListItem","position":1,"name":"Startseite","item":"https:\/\/insektenliebe.com\/it\/"},{"@type":"ListItem","position":2,"name":"Negozio","item":"https:\/\/insektenliebe.com\/it\/negozio\/"},{"@type":"ListItem","position":3,"name":"Bucephalandra spec. &#8220;Fantasma marrone&#8221;"}]},{"@type":"WebSite","@id":"https:\/\/insektenliebe.com\/it\/#website","url":"https:\/\/insektenliebe.com\/it\/","name":"Insektenliebe","description":"Dein Zuhause f\u00fcr die kleinen Lebewesen","publisher":{"@id":"https:\/\/insektenliebe.com\/it\/#organization"},"potentialAction":[{"@type":"SearchAction","target":{"@type":"EntryPoint","urlTemplate":"https:\/\/insektenliebe.com\/it\/?s={search_term_string}"},"query-input":{"@type":"PropertyValueSpecification","valueRequired":true,"valueName":"search_term_string"}}],"inLanguage":"it-IT"},{"@type":"Organization","@id":"https:\/\/insektenliebe.com\/it\/#organization","name":"Insektenliebe","url":"https:\/\/insektenliebe.com\/it\/","logo":{"@type":"ImageObject","inLanguage":"it-IT","@id":"https:\/\/insektenliebe.com\/it\/#\/schema\/logo\/image\/","url":"https:\/\/insektenliebe.com\/wp-content\/uploads\/2025\/03\/logo-white.png","contentUrl":"https:\/\/insektenliebe.com\/wp-content\/uploads\/2025\/03\/logo-white.png","width":288,"height":188,"caption":"Insektenliebe"},"image":{"@id":"https:\/\/insektenliebe.com\/it\/#\/schema\/logo\/image\/"}}]}},"_links":{"self":[{"href":"https:\/\/insektenliebe.com\/it\/wp-json\/wp\/v2\/product\/189362","targetHints":{"allow":["GET"]}}],"collection":[{"href":"https:\/\/insektenliebe.com\/it\/wp-json\/wp\/v2\/product"}],"about":[{"href":"https:\/\/insektenliebe.com\/it\/wp-json\/wp\/v2\/types\/product"}],"wp:featuredmedia":[{"embeddable":true,"href":"https:\/\/insektenliebe.com\/it\/wp-json\/wp\/v2\/media\/189364"}],"wp:attachment":[{"href":"https:\/\/insektenliebe.com\/it\/wp-json\/wp\/v2\/media?parent=189362"}],"wp:term":[{"taxonomy":"product-supplier","embeddable":true,"href":"https:\/\/insektenliebe.com\/it\/wp-json\/wp\/v2\/product-supplier?post=189362"},{"taxonomy":"product_brand","embeddable":true,"href":"https:\/\/insektenliebe.com\/it\/wp-json\/wp\/v2\/product_brand?post=189362"},{"taxonomy":"product_cat","embeddable":true,"href":"https:\/\/insektenliebe.com\/it\/wp-json\/wp\/v2\/product_cat?post=189362"},{"taxonomy":"product_tag","embeddable":true,"href":"https:\/\/insektenliebe.com\/it\/wp-json\/wp\/v2\/product_tag?post=189362"},{"taxonomy":"lce-checkout-addons","embeddable":true,"href":"https:\/\/insektenliebe.com\/it\/wp-json\/wp\/v2\/lce-checkout-addons?post=189362"}],"curies":[{"name":"wp","href":"https:\/\/api.w.org\/{rel}","templated":true}]}}