{"id":189358,"date":"2023-07-28T12:18:17","date_gmt":"2023-07-28T10:18:17","guid":{"rendered":"https:\/\/insektenliebe.com\/shop\/produkt\/bucpephalandra-spec-melawi-fine-edge\/"},"modified":"2023-07-28T12:18:17","modified_gmt":"2023-07-28T10:18:17","slug":"bucpephalandra-spec-melawi-fine-edge","status":"publish","type":"product","link":"https:\/\/insektenliebe.com\/it\/shop\/prodotto\/bucpephalandra-spec-melawi-fine-edge\/","title":{"rendered":"Bucpephalandra spec. \"Melawi Fine Edge\""},"content":{"rendered":"<h3><span style=\"color: #99cc33\">Breve descrizione Bucpephalandra spec. \"Melawi Fine Edge\": <\/span><\/h3>\n<p><strong>Bucephalandra spec. \"Melawi Fine Edge\" <\/strong>  \u00e8 originaria dell&#8217;isola del Borneo e, in quanto reofita, \u00e8 perfettamente adattata alla vita sulle rocce nella zona alluvionale dei corsi d&#8217;acqua. Anche se non conosciamo la sua esatta appartenenza di specie, come tutte le Bucephalandre \u00e8 una pianta epifita che si aggrappa alle rocce o al legno con le sue radici. <\/p>\n<p>Le foglie del  <strong>Bucephalandra spec. \"Melawi Fine Edge\" <\/strong>  hanno una forma ampiamente ellittica e un bordo decorativo ondulato. La parte superiore verde scuro conferisce loro un aspetto elegante. La pianta raggiunge una dimensione di circa 8-12 cm, compreso il fusto. Le variazioni individuali di forma e dimensione delle foglie rendono ogni pianta unica.     <strong>Bucephalandra spec. \"Melawi Fine Edge\" <\/strong>  in un gioiello unico nel tuo terrario.<\/p>\n<p>Il fascino del  <strong>Bucephalandra spec. \"Melawi Fine Edge\" <\/strong>  Non si tratta solo della sua bellezza, ma anche del suo ritmo di crescita lento. Questa pianta si prende il suo tempo e si sviluppa da lentamente a molto lentamente. Questa caratteristica la rende una scelta ideale per gli amanti dei mini terrari che amano organizzare con cura il paesaggio del terrario e aggiungere accenti di design.  <\/p>\n<p>Per quanto riguarda le condizioni di illuminazione, il  <strong>Bucephalandra spec. \"Melawi Fine Edge\" <\/strong>  \u00e8 estremamente frugale. Inoltre, sopporta bene la luce meno intensa, il che la rende una pianta facile da curare. Pu\u00f2 essere attaccata direttamente alla roccia o al legno oppure piantata sul substrato. Se si opta per quest&#8217;ultima soluzione, \u00e8 importante assicurarsi che il rizoma non venga interrato per evitare che marcisca. La pianta si radicher\u00e0 da sola e trarr\u00e0 le sostanze nutritive di cui ha bisogno dal substrato.    <\/p>\n<p>Nel complesso, il  <strong>Bucephalandra spec. \"Melawi Fine Edge\" <\/strong>  un&#8217;aggiunta notevole e bellissima a qualsiasi terrario. Il loro aspetto unico e la cura poco impegnativa ne fanno una scelta popolare sia per i principianti che per gli appassionati di terrari. <\/p>\n","protected":false},"excerpt":{"rendered":"<p>Breve descrizione Bucpephalandra spec. \"Melawi Fine Edge\": Bucephalandra spec. \"Melawi Fine Edge\" \u00e8 originaria dell&#8217;isola del Borneo e, in quanto reofita, \u00e8 perfettamente adattata alla vita sulle rocce nella zona alluvionale dei corsi d&#8217;acqua. Anche se non conosciamo la sua esatta appartenenza di specie, come tutte le Bucephalandre \u00e8 una pianta epifita che si aggrappa [&hellip;]<\/p>\n","protected":false},"featured_media":189360,"template":"","meta":{"_acf_changed":false},"product-supplier":[],"product_brand":[],"product_cat":[3181],"product_tag":[],"lce-checkout-addons":[2746],"class_list":{"0":"post-189358","1":"product","2":"type-product","3":"status-publish","4":"has-post-thumbnail","6":"product_cat-piante-da-terrario","7":"product_shipping_class-equipment-shipping","8":"pa_herkunft-borneo","9":"lce-checkout-addons-imballaggio-invernale","11":"first","12":"outofstock","13":"taxable","14":"shipping-taxable","15":"purchasable","16":"product-type-simple"},"acf":[],"yoast_head":"<!-- This site is optimized with the Yoast SEO plugin v27.3 - https:\/\/yoast.com\/product\/yoast-seo-wordpress\/ -->\n<title>Bucpephalandra spec. &quot;Melawi Fine Edge&quot; - Insektenliebe<\/title>\n<meta name=\"description\" content=\"Acquista direttamente online la Bucpephalandra spec. &quot;Melawi Fine Edge&quot;. Una pianta perenne che crea un ambiente naturale ed esotico.\" \/>\n<meta name=\"robots\" content=\"index, follow, max-snippet:-1, max-image-preview:large, max-video-preview:-1\" \/>\n<link rel=\"canonical\" href=\"https:\/\/insektenliebe.com\/it\/shop\/prodotto\/bucpephalandra-spec-melawi-fine-edge\/\" \/>\n<meta property=\"og:locale\" content=\"it_IT\" \/>\n<meta property=\"og:type\" content=\"article\" \/>\n<meta property=\"og:title\" content=\"Bucpephalandra spec. &quot;Melawi Fine Edge&quot; - Insektenliebe\" \/>\n<meta property=\"og:description\" content=\"Acquista direttamente online la Bucpephalandra spec. &quot;Melawi Fine Edge&quot;. Una pianta perenne che crea un ambiente naturale ed esotico.\" \/>\n<meta property=\"og:url\" content=\"https:\/\/insektenliebe.com\/it\/shop\/prodotto\/bucpephalandra-spec-melawi-fine-edge\/\" \/>\n<meta property=\"og:site_name\" content=\"Insektenliebe\" \/>\n<meta property=\"og:image\" content=\"https:\/\/insektenliebe.com\/wp-content\/uploads\/2025\/05\/Bucpephalandra-spec.-22Melawi-Fine-Edge22-2.jpg\" \/>\n\t<meta property=\"og:image:width\" content=\"820\" \/>\n\t<meta property=\"og:image:height\" content=\"820\" \/>\n\t<meta property=\"og:image:type\" content=\"image\/jpeg\" \/>\n<meta name=\"twitter:card\" content=\"summary_large_image\" \/>\n<meta name=\"twitter:label1\" content=\"Tempo di lettura stimato\" \/>\n\t<meta name=\"twitter:data1\" content=\"2 minuto\" \/>\n<script type=\"application\/ld+json\" class=\"yoast-schema-graph\">{\"@context\":\"https:\\\/\\\/schema.org\",\"@graph\":[{\"@type\":\"WebPage\",\"@id\":\"https:\\\/\\\/insektenliebe.com\\\/it\\\/shop\\\/prodotto\\\/bucpephalandra-spec-melawi-fine-edge\\\/\",\"url\":\"https:\\\/\\\/insektenliebe.com\\\/it\\\/shop\\\/prodotto\\\/bucpephalandra-spec-melawi-fine-edge\\\/\",\"name\":\"Bucpephalandra spec. \\\"Melawi Fine Edge\\\" - Insektenliebe\",\"isPartOf\":{\"@id\":\"https:\\\/\\\/insektenliebe.com\\\/it\\\/#website\"},\"primaryImageOfPage\":{\"@id\":\"https:\\\/\\\/insektenliebe.com\\\/it\\\/shop\\\/prodotto\\\/bucpephalandra-spec-melawi-fine-edge\\\/#primaryimage\"},\"image\":{\"@id\":\"https:\\\/\\\/insektenliebe.com\\\/it\\\/shop\\\/prodotto\\\/bucpephalandra-spec-melawi-fine-edge\\\/#primaryimage\"},\"thumbnailUrl\":\"https:\\\/\\\/insektenliebe.com\\\/wp-content\\\/uploads\\\/2025\\\/05\\\/Bucpephalandra-spec.-22Melawi-Fine-Edge22-2.jpg\",\"datePublished\":\"2023-07-28T10:18:17+00:00\",\"description\":\"Acquista direttamente online la Bucpephalandra spec. \\\"Melawi Fine Edge\\\". Una pianta perenne che crea un ambiente naturale ed esotico.\",\"breadcrumb\":{\"@id\":\"https:\\\/\\\/insektenliebe.com\\\/it\\\/shop\\\/prodotto\\\/bucpephalandra-spec-melawi-fine-edge\\\/#breadcrumb\"},\"inLanguage\":\"it-IT\",\"potentialAction\":[{\"@type\":\"ReadAction\",\"target\":[\"https:\\\/\\\/insektenliebe.com\\\/it\\\/shop\\\/prodotto\\\/bucpephalandra-spec-melawi-fine-edge\\\/\"]}]},{\"@type\":\"ImageObject\",\"inLanguage\":\"it-IT\",\"@id\":\"https:\\\/\\\/insektenliebe.com\\\/it\\\/shop\\\/prodotto\\\/bucpephalandra-spec-melawi-fine-edge\\\/#primaryimage\",\"url\":\"https:\\\/\\\/insektenliebe.com\\\/wp-content\\\/uploads\\\/2025\\\/05\\\/Bucpephalandra-spec.-22Melawi-Fine-Edge22-2.jpg\",\"contentUrl\":\"https:\\\/\\\/insektenliebe.com\\\/wp-content\\\/uploads\\\/2025\\\/05\\\/Bucpephalandra-spec.-22Melawi-Fine-Edge22-2.jpg\",\"width\":820,\"height\":820,\"caption\":\"Bucpephalandra-spec.-22Melawi-Fine-Edge22-2.jpg\"},{\"@type\":\"BreadcrumbList\",\"@id\":\"https:\\\/\\\/insektenliebe.com\\\/it\\\/shop\\\/prodotto\\\/bucpephalandra-spec-melawi-fine-edge\\\/#breadcrumb\",\"itemListElement\":[{\"@type\":\"ListItem\",\"position\":1,\"name\":\"Startseite\",\"item\":\"https:\\\/\\\/insektenliebe.com\\\/it\\\/\"},{\"@type\":\"ListItem\",\"position\":2,\"name\":\"Negozio\",\"item\":\"https:\\\/\\\/insektenliebe.com\\\/it\\\/negozio\\\/\"},{\"@type\":\"ListItem\",\"position\":3,\"name\":\"Bucpephalandra spec. &#8220;Melawi Fine Edge&#8221;\"}]},{\"@type\":\"WebSite\",\"@id\":\"https:\\\/\\\/insektenliebe.com\\\/it\\\/#website\",\"url\":\"https:\\\/\\\/insektenliebe.com\\\/it\\\/\",\"name\":\"Insektenliebe\",\"description\":\"Dein Zuhause f\u00fcr die kleinen Lebewesen\",\"publisher\":{\"@id\":\"https:\\\/\\\/insektenliebe.com\\\/it\\\/#organization\"},\"potentialAction\":[{\"@type\":\"SearchAction\",\"target\":{\"@type\":\"EntryPoint\",\"urlTemplate\":\"https:\\\/\\\/insektenliebe.com\\\/it\\\/?s={search_term_string}\"},\"query-input\":{\"@type\":\"PropertyValueSpecification\",\"valueRequired\":true,\"valueName\":\"search_term_string\"}}],\"inLanguage\":\"it-IT\"},{\"@type\":\"Organization\",\"@id\":\"https:\\\/\\\/insektenliebe.com\\\/it\\\/#organization\",\"name\":\"Insektenliebe\",\"url\":\"https:\\\/\\\/insektenliebe.com\\\/it\\\/\",\"logo\":{\"@type\":\"ImageObject\",\"inLanguage\":\"it-IT\",\"@id\":\"https:\\\/\\\/insektenliebe.com\\\/it\\\/#\\\/schema\\\/logo\\\/image\\\/\",\"url\":\"https:\\\/\\\/insektenliebe.com\\\/wp-content\\\/uploads\\\/2025\\\/03\\\/logo-white.png\",\"contentUrl\":\"https:\\\/\\\/insektenliebe.com\\\/wp-content\\\/uploads\\\/2025\\\/03\\\/logo-white.png\",\"width\":288,\"height\":188,\"caption\":\"Insektenliebe\"},\"image\":{\"@id\":\"https:\\\/\\\/insektenliebe.com\\\/it\\\/#\\\/schema\\\/logo\\\/image\\\/\"}}]}<\/script>\n<!-- \/ Yoast SEO plugin. -->","yoast_head_json":{"title":"Bucpephalandra spec. \"Melawi Fine Edge\" - Insektenliebe","description":"Acquista direttamente online la Bucpephalandra spec. \"Melawi Fine Edge\". Una pianta perenne che crea un ambiente naturale ed esotico.","robots":{"index":"index","follow":"follow","max-snippet":"max-snippet:-1","max-image-preview":"max-image-preview:large","max-video-preview":"max-video-preview:-1"},"canonical":"https:\/\/insektenliebe.com\/it\/shop\/prodotto\/bucpephalandra-spec-melawi-fine-edge\/","og_locale":"it_IT","og_type":"article","og_title":"Bucpephalandra spec. \"Melawi Fine Edge\" - Insektenliebe","og_description":"Acquista direttamente online la Bucpephalandra spec. \"Melawi Fine Edge\". Una pianta perenne che crea un ambiente naturale ed esotico.","og_url":"https:\/\/insektenliebe.com\/it\/shop\/prodotto\/bucpephalandra-spec-melawi-fine-edge\/","og_site_name":"Insektenliebe","og_image":[{"width":820,"height":820,"url":"https:\/\/insektenliebe.com\/wp-content\/uploads\/2025\/05\/Bucpephalandra-spec.-22Melawi-Fine-Edge22-2.jpg","type":"image\/jpeg"}],"twitter_card":"summary_large_image","twitter_misc":{"Tempo di lettura stimato":"2 minuto"},"schema":{"@context":"https:\/\/schema.org","@graph":[{"@type":"WebPage","@id":"https:\/\/insektenliebe.com\/it\/shop\/prodotto\/bucpephalandra-spec-melawi-fine-edge\/","url":"https:\/\/insektenliebe.com\/it\/shop\/prodotto\/bucpephalandra-spec-melawi-fine-edge\/","name":"Bucpephalandra spec. \"Melawi Fine Edge\" - Insektenliebe","isPartOf":{"@id":"https:\/\/insektenliebe.com\/it\/#website"},"primaryImageOfPage":{"@id":"https:\/\/insektenliebe.com\/it\/shop\/prodotto\/bucpephalandra-spec-melawi-fine-edge\/#primaryimage"},"image":{"@id":"https:\/\/insektenliebe.com\/it\/shop\/prodotto\/bucpephalandra-spec-melawi-fine-edge\/#primaryimage"},"thumbnailUrl":"https:\/\/insektenliebe.com\/wp-content\/uploads\/2025\/05\/Bucpephalandra-spec.-22Melawi-Fine-Edge22-2.jpg","datePublished":"2023-07-28T10:18:17+00:00","description":"Acquista direttamente online la Bucpephalandra spec. \"Melawi Fine Edge\". Una pianta perenne che crea un ambiente naturale ed esotico.","breadcrumb":{"@id":"https:\/\/insektenliebe.com\/it\/shop\/prodotto\/bucpephalandra-spec-melawi-fine-edge\/#breadcrumb"},"inLanguage":"it-IT","potentialAction":[{"@type":"ReadAction","target":["https:\/\/insektenliebe.com\/it\/shop\/prodotto\/bucpephalandra-spec-melawi-fine-edge\/"]}]},{"@type":"ImageObject","inLanguage":"it-IT","@id":"https:\/\/insektenliebe.com\/it\/shop\/prodotto\/bucpephalandra-spec-melawi-fine-edge\/#primaryimage","url":"https:\/\/insektenliebe.com\/wp-content\/uploads\/2025\/05\/Bucpephalandra-spec.-22Melawi-Fine-Edge22-2.jpg","contentUrl":"https:\/\/insektenliebe.com\/wp-content\/uploads\/2025\/05\/Bucpephalandra-spec.-22Melawi-Fine-Edge22-2.jpg","width":820,"height":820,"caption":"Bucpephalandra-spec.-22Melawi-Fine-Edge22-2.jpg"},{"@type":"BreadcrumbList","@id":"https:\/\/insektenliebe.com\/it\/shop\/prodotto\/bucpephalandra-spec-melawi-fine-edge\/#breadcrumb","itemListElement":[{"@type":"ListItem","position":1,"name":"Startseite","item":"https:\/\/insektenliebe.com\/it\/"},{"@type":"ListItem","position":2,"name":"Negozio","item":"https:\/\/insektenliebe.com\/it\/negozio\/"},{"@type":"ListItem","position":3,"name":"Bucpephalandra spec. &#8220;Melawi Fine Edge&#8221;"}]},{"@type":"WebSite","@id":"https:\/\/insektenliebe.com\/it\/#website","url":"https:\/\/insektenliebe.com\/it\/","name":"Insektenliebe","description":"Dein Zuhause f\u00fcr die kleinen Lebewesen","publisher":{"@id":"https:\/\/insektenliebe.com\/it\/#organization"},"potentialAction":[{"@type":"SearchAction","target":{"@type":"EntryPoint","urlTemplate":"https:\/\/insektenliebe.com\/it\/?s={search_term_string}"},"query-input":{"@type":"PropertyValueSpecification","valueRequired":true,"valueName":"search_term_string"}}],"inLanguage":"it-IT"},{"@type":"Organization","@id":"https:\/\/insektenliebe.com\/it\/#organization","name":"Insektenliebe","url":"https:\/\/insektenliebe.com\/it\/","logo":{"@type":"ImageObject","inLanguage":"it-IT","@id":"https:\/\/insektenliebe.com\/it\/#\/schema\/logo\/image\/","url":"https:\/\/insektenliebe.com\/wp-content\/uploads\/2025\/03\/logo-white.png","contentUrl":"https:\/\/insektenliebe.com\/wp-content\/uploads\/2025\/03\/logo-white.png","width":288,"height":188,"caption":"Insektenliebe"},"image":{"@id":"https:\/\/insektenliebe.com\/it\/#\/schema\/logo\/image\/"}}]}},"_links":{"self":[{"href":"https:\/\/insektenliebe.com\/it\/wp-json\/wp\/v2\/product\/189358","targetHints":{"allow":["GET"]}}],"collection":[{"href":"https:\/\/insektenliebe.com\/it\/wp-json\/wp\/v2\/product"}],"about":[{"href":"https:\/\/insektenliebe.com\/it\/wp-json\/wp\/v2\/types\/product"}],"wp:featuredmedia":[{"embeddable":true,"href":"https:\/\/insektenliebe.com\/it\/wp-json\/wp\/v2\/media\/189360"}],"wp:attachment":[{"href":"https:\/\/insektenliebe.com\/it\/wp-json\/wp\/v2\/media?parent=189358"}],"wp:term":[{"taxonomy":"product-supplier","embeddable":true,"href":"https:\/\/insektenliebe.com\/it\/wp-json\/wp\/v2\/product-supplier?post=189358"},{"taxonomy":"product_brand","embeddable":true,"href":"https:\/\/insektenliebe.com\/it\/wp-json\/wp\/v2\/product_brand?post=189358"},{"taxonomy":"product_cat","embeddable":true,"href":"https:\/\/insektenliebe.com\/it\/wp-json\/wp\/v2\/product_cat?post=189358"},{"taxonomy":"product_tag","embeddable":true,"href":"https:\/\/insektenliebe.com\/it\/wp-json\/wp\/v2\/product_tag?post=189358"},{"taxonomy":"lce-checkout-addons","embeddable":true,"href":"https:\/\/insektenliebe.com\/it\/wp-json\/wp\/v2\/lce-checkout-addons?post=189358"}],"curies":[{"name":"wp","href":"https:\/\/api.w.org\/{rel}","templated":true}]}}