{"id":189308,"date":"2022-11-03T11:49:29","date_gmt":"2022-11-03T09:49:29","guid":{"rendered":"https:\/\/insektenliebe.com\/shop\/produkt\/biorb-air-30\/"},"modified":"2022-11-03T11:49:29","modified_gmt":"2022-11-03T10:49:29","slug":"biorb-air-30","status":"publish","type":"product","link":"https:\/\/insektenliebe.com\/it\/shop\/prodotto\/biorb-air-30\/","title":{"rendered":"biOrb AIR 30"},"content":{"rendered":"<p>Le piante sono dei veri e propri killer dello stress. Il biOrb AIR 30 \u00e8 un piccolo terrario automatizzato in cui l&#8217;umidit\u00e0, la luce e l&#8217;aria sono costantemente regolate. In questo modo \u00e8 possibile coltivare piante tropicali che in condizioni normali non crescerebbero affatto. Il biOrb AIR 30 ha un&#8217;altezza di 46 cm, un diametro di 40 cm e un volume di 30 litri. Il biOrb AIR 30 pu\u00f2 essere azionato a distanza, rendendo facile la simulazione di diversi cicli diurni e notturni.    <\/p>\n<p><a href=\"https:\/\/insektenliebe.com\/wp-content\/uploads\/2023\/02\/OASE168580-GA-biOrb-AIR.pdf\">Manuale d&#8217;istruzioni biOrb AIR 30<\/a><\/p>\n<div class=\"col col-first\"><\/div>\n<ul>\n<li>Terrario automatico per una comoda cura delle piante: l&#8217;illuminazione, l&#8217;umidit\u00e0, l&#8217;irrigazione e la circolazione dell&#8217;aria sono controllate automaticamente<\/li>\n<li>Adatto a piante sensibili ed esotiche e garantito facile da installare<\/li>\n<li>biOrb AIR viene fornito con tutta la tecnologia e gli accessori necessari.<\/li>\n<li>Realizzato in acrilico trasparente e resistente<\/li>\n<li>Unico e versatile grazie alle opzioni di decorazione<\/li>\n<li>Trasformatore a 24 V e illuminazione a LED ad alta efficienza energetica<\/li>\n<li>Libera scelta della posizione, biOrb AIR non richiede la luce naturale. Grazie all&#8217;unit\u00e0 biOrb Moonlight, l&#8217;alba, la luce del giorno, il tramonto e la notte vengono simulati in un ciclo automatico di 24 ore. <\/li>\n<\/ul>\n<p><strong>Dati tecnici<\/strong><\/p>\n<p>Volume: 30 l<br \/>\nDimensioni (\u00d8 x H): 40 x 50 cm<br \/>\nTipo di sorgente luminosa: LED<br \/>\nTensione nominale: 24 V<br \/>\nConsumo di energia: 3 W<br \/>\nColore della luce: bianco luce diurna<br \/>\nTemperatura di colore: 6000 K<br \/>\nIlluminamento: 1928 lx<br \/>\nClasse di efficienza energetica dell&#8217;apparecchio: F<br \/>\nPeso netto: 2,35 kg<br \/>\nGaranzia: 2 anni<\/p>\n","protected":false},"excerpt":{"rendered":"<p>Le piante sono dei veri e propri killer dello stress. Il biOrb AIR 30 \u00e8 un piccolo terrario automatizzato in cui l&#8217;umidit\u00e0, la luce e l&#8217;aria sono costantemente regolate. In questo modo \u00e8 possibile coltivare piante tropicali che in condizioni normali non crescerebbero affatto. Il biOrb AIR 30 ha un&#8217;altezza di 46 cm, un diametro [&hellip;]<\/p>\n","protected":false},"featured_media":188020,"template":"","meta":{"_acf_changed":false},"product-supplier":[],"product_brand":[3207],"product_cat":[2760],"product_tag":[],"lce-checkout-addons":[],"class_list":{"0":"post-189308","1":"product","2":"type-product","3":"status-publish","4":"has-post-thumbnail","6":"product_brand-biorb","7":"product_cat-terrari-e-contenitori","8":"product_shipping_class-equipment-shipping","10":"first","11":"instock","12":"sale","13":"taxable","14":"shipping-taxable","15":"purchasable","16":"product-type-variable"},"acf":[],"yoast_head":"<!-- This site is optimized with the Yoast SEO plugin v27.3 - https:\/\/yoast.com\/product\/yoast-seo-wordpress\/ -->\n<title>biOrb AIR 30 - Insektenliebe<\/title>\n<meta name=\"description\" content=\"Acquista a buon mercato biOrb AIR 30 direttamente online. Terrario unico nel suo genere, sviluppato con le pi\u00f9 recenti tecnologie. Spedizione gratuita!\" \/>\n<meta name=\"robots\" content=\"index, follow, max-snippet:-1, max-image-preview:large, max-video-preview:-1\" \/>\n<link rel=\"canonical\" href=\"https:\/\/insektenliebe.com\/it\/shop\/prodotto\/biorb-air-30\/\" \/>\n<meta property=\"og:locale\" content=\"it_IT\" \/>\n<meta property=\"og:type\" content=\"article\" \/>\n<meta property=\"og:title\" content=\"biOrb AIR 30 - Insektenliebe\" \/>\n<meta property=\"og:description\" content=\"Acquista a buon mercato biOrb AIR 30 direttamente online. Terrario unico nel suo genere, sviluppato con le pi\u00f9 recenti tecnologie. Spedizione gratuita!\" \/>\n<meta property=\"og:url\" content=\"https:\/\/insektenliebe.com\/it\/shop\/prodotto\/biorb-air-30\/\" \/>\n<meta property=\"og:site_name\" content=\"Insektenliebe\" \/>\n<meta property=\"article:modified_time\" content=\"2022-11-03T10:49:29+00:00\" \/>\n<meta property=\"og:image\" content=\"https:\/\/insektenliebe.com\/wp-content\/uploads\/2025\/05\/biOrb-AIR-30-weiss-2.jpg\" \/>\n\t<meta property=\"og:image:width\" content=\"820\" \/>\n\t<meta property=\"og:image:height\" content=\"820\" \/>\n\t<meta property=\"og:image:type\" content=\"image\/jpeg\" \/>\n<meta name=\"twitter:card\" content=\"summary_large_image\" \/>\n<meta name=\"twitter:label1\" content=\"Tempo di lettura stimato\" \/>\n\t<meta name=\"twitter:data1\" content=\"1 minuto\" \/>\n<script type=\"application\/ld+json\" class=\"yoast-schema-graph\">{\"@context\":\"https:\\\/\\\/schema.org\",\"@graph\":[{\"@type\":\"WebPage\",\"@id\":\"https:\\\/\\\/insektenliebe.com\\\/it\\\/shop\\\/prodotto\\\/biorb-air-30\\\/\",\"url\":\"https:\\\/\\\/insektenliebe.com\\\/it\\\/shop\\\/prodotto\\\/biorb-air-30\\\/\",\"name\":\"biOrb AIR 30 - Insektenliebe\",\"isPartOf\":{\"@id\":\"https:\\\/\\\/insektenliebe.com\\\/it\\\/#website\"},\"primaryImageOfPage\":{\"@id\":\"https:\\\/\\\/insektenliebe.com\\\/it\\\/shop\\\/prodotto\\\/biorb-air-30\\\/#primaryimage\"},\"image\":{\"@id\":\"https:\\\/\\\/insektenliebe.com\\\/it\\\/shop\\\/prodotto\\\/biorb-air-30\\\/#primaryimage\"},\"thumbnailUrl\":\"https:\\\/\\\/insektenliebe.com\\\/wp-content\\\/uploads\\\/2025\\\/05\\\/biOrb-AIR-30-weiss-2.jpg\",\"datePublished\":\"2022-11-03T09:49:29+00:00\",\"dateModified\":\"2022-11-03T10:49:29+00:00\",\"description\":\"Acquista a buon mercato biOrb AIR 30 direttamente online. Terrario unico nel suo genere, sviluppato con le pi\u00f9 recenti tecnologie. Spedizione gratuita!\",\"breadcrumb\":{\"@id\":\"https:\\\/\\\/insektenliebe.com\\\/it\\\/shop\\\/prodotto\\\/biorb-air-30\\\/#breadcrumb\"},\"inLanguage\":\"it-IT\",\"potentialAction\":[{\"@type\":\"ReadAction\",\"target\":[\"https:\\\/\\\/insektenliebe.com\\\/it\\\/shop\\\/prodotto\\\/biorb-air-30\\\/\"]}]},{\"@type\":\"ImageObject\",\"inLanguage\":\"it-IT\",\"@id\":\"https:\\\/\\\/insektenliebe.com\\\/it\\\/shop\\\/prodotto\\\/biorb-air-30\\\/#primaryimage\",\"url\":\"https:\\\/\\\/insektenliebe.com\\\/wp-content\\\/uploads\\\/2025\\\/05\\\/biOrb-AIR-30-weiss-2.jpg\",\"contentUrl\":\"https:\\\/\\\/insektenliebe.com\\\/wp-content\\\/uploads\\\/2025\\\/05\\\/biOrb-AIR-30-weiss-2.jpg\",\"width\":820,\"height\":820,\"caption\":\"biOrb-AIR-30-weiss-2.jpg\"},{\"@type\":\"BreadcrumbList\",\"@id\":\"https:\\\/\\\/insektenliebe.com\\\/it\\\/shop\\\/prodotto\\\/biorb-air-30\\\/#breadcrumb\",\"itemListElement\":[{\"@type\":\"ListItem\",\"position\":1,\"name\":\"Startseite\",\"item\":\"https:\\\/\\\/insektenliebe.com\\\/it\\\/\"},{\"@type\":\"ListItem\",\"position\":2,\"name\":\"Negozio\",\"item\":\"https:\\\/\\\/insektenliebe.com\\\/it\\\/negozio\\\/\"},{\"@type\":\"ListItem\",\"position\":3,\"name\":\"biOrb AIR 30\"}]},{\"@type\":\"WebSite\",\"@id\":\"https:\\\/\\\/insektenliebe.com\\\/it\\\/#website\",\"url\":\"https:\\\/\\\/insektenliebe.com\\\/it\\\/\",\"name\":\"Insektenliebe\",\"description\":\"Dein Zuhause f\u00fcr die kleinen Lebewesen\",\"publisher\":{\"@id\":\"https:\\\/\\\/insektenliebe.com\\\/it\\\/#organization\"},\"potentialAction\":[{\"@type\":\"SearchAction\",\"target\":{\"@type\":\"EntryPoint\",\"urlTemplate\":\"https:\\\/\\\/insektenliebe.com\\\/it\\\/?s={search_term_string}\"},\"query-input\":{\"@type\":\"PropertyValueSpecification\",\"valueRequired\":true,\"valueName\":\"search_term_string\"}}],\"inLanguage\":\"it-IT\"},{\"@type\":\"Organization\",\"@id\":\"https:\\\/\\\/insektenliebe.com\\\/it\\\/#organization\",\"name\":\"Insektenliebe\",\"url\":\"https:\\\/\\\/insektenliebe.com\\\/it\\\/\",\"logo\":{\"@type\":\"ImageObject\",\"inLanguage\":\"it-IT\",\"@id\":\"https:\\\/\\\/insektenliebe.com\\\/it\\\/#\\\/schema\\\/logo\\\/image\\\/\",\"url\":\"https:\\\/\\\/insektenliebe.com\\\/wp-content\\\/uploads\\\/2025\\\/03\\\/logo-white.png\",\"contentUrl\":\"https:\\\/\\\/insektenliebe.com\\\/wp-content\\\/uploads\\\/2025\\\/03\\\/logo-white.png\",\"width\":288,\"height\":188,\"caption\":\"Insektenliebe\"},\"image\":{\"@id\":\"https:\\\/\\\/insektenliebe.com\\\/it\\\/#\\\/schema\\\/logo\\\/image\\\/\"}}]}<\/script>\n<!-- \/ Yoast SEO plugin. -->","yoast_head_json":{"title":"biOrb AIR 30 - Insektenliebe","description":"Acquista a buon mercato biOrb AIR 30 direttamente online. Terrario unico nel suo genere, sviluppato con le pi\u00f9 recenti tecnologie. Spedizione gratuita!","robots":{"index":"index","follow":"follow","max-snippet":"max-snippet:-1","max-image-preview":"max-image-preview:large","max-video-preview":"max-video-preview:-1"},"canonical":"https:\/\/insektenliebe.com\/it\/shop\/prodotto\/biorb-air-30\/","og_locale":"it_IT","og_type":"article","og_title":"biOrb AIR 30 - Insektenliebe","og_description":"Acquista a buon mercato biOrb AIR 30 direttamente online. Terrario unico nel suo genere, sviluppato con le pi\u00f9 recenti tecnologie. Spedizione gratuita!","og_url":"https:\/\/insektenliebe.com\/it\/shop\/prodotto\/biorb-air-30\/","og_site_name":"Insektenliebe","article_modified_time":"2022-11-03T10:49:29+00:00","og_image":[{"width":820,"height":820,"url":"https:\/\/insektenliebe.com\/wp-content\/uploads\/2025\/05\/biOrb-AIR-30-weiss-2.jpg","type":"image\/jpeg"}],"twitter_card":"summary_large_image","twitter_misc":{"Tempo di lettura stimato":"1 minuto"},"schema":{"@context":"https:\/\/schema.org","@graph":[{"@type":"WebPage","@id":"https:\/\/insektenliebe.com\/it\/shop\/prodotto\/biorb-air-30\/","url":"https:\/\/insektenliebe.com\/it\/shop\/prodotto\/biorb-air-30\/","name":"biOrb AIR 30 - Insektenliebe","isPartOf":{"@id":"https:\/\/insektenliebe.com\/it\/#website"},"primaryImageOfPage":{"@id":"https:\/\/insektenliebe.com\/it\/shop\/prodotto\/biorb-air-30\/#primaryimage"},"image":{"@id":"https:\/\/insektenliebe.com\/it\/shop\/prodotto\/biorb-air-30\/#primaryimage"},"thumbnailUrl":"https:\/\/insektenliebe.com\/wp-content\/uploads\/2025\/05\/biOrb-AIR-30-weiss-2.jpg","datePublished":"2022-11-03T09:49:29+00:00","dateModified":"2022-11-03T10:49:29+00:00","description":"Acquista a buon mercato biOrb AIR 30 direttamente online. Terrario unico nel suo genere, sviluppato con le pi\u00f9 recenti tecnologie. Spedizione gratuita!","breadcrumb":{"@id":"https:\/\/insektenliebe.com\/it\/shop\/prodotto\/biorb-air-30\/#breadcrumb"},"inLanguage":"it-IT","potentialAction":[{"@type":"ReadAction","target":["https:\/\/insektenliebe.com\/it\/shop\/prodotto\/biorb-air-30\/"]}]},{"@type":"ImageObject","inLanguage":"it-IT","@id":"https:\/\/insektenliebe.com\/it\/shop\/prodotto\/biorb-air-30\/#primaryimage","url":"https:\/\/insektenliebe.com\/wp-content\/uploads\/2025\/05\/biOrb-AIR-30-weiss-2.jpg","contentUrl":"https:\/\/insektenliebe.com\/wp-content\/uploads\/2025\/05\/biOrb-AIR-30-weiss-2.jpg","width":820,"height":820,"caption":"biOrb-AIR-30-weiss-2.jpg"},{"@type":"BreadcrumbList","@id":"https:\/\/insektenliebe.com\/it\/shop\/prodotto\/biorb-air-30\/#breadcrumb","itemListElement":[{"@type":"ListItem","position":1,"name":"Startseite","item":"https:\/\/insektenliebe.com\/it\/"},{"@type":"ListItem","position":2,"name":"Negozio","item":"https:\/\/insektenliebe.com\/it\/negozio\/"},{"@type":"ListItem","position":3,"name":"biOrb AIR 30"}]},{"@type":"WebSite","@id":"https:\/\/insektenliebe.com\/it\/#website","url":"https:\/\/insektenliebe.com\/it\/","name":"Insektenliebe","description":"Dein Zuhause f\u00fcr die kleinen Lebewesen","publisher":{"@id":"https:\/\/insektenliebe.com\/it\/#organization"},"potentialAction":[{"@type":"SearchAction","target":{"@type":"EntryPoint","urlTemplate":"https:\/\/insektenliebe.com\/it\/?s={search_term_string}"},"query-input":{"@type":"PropertyValueSpecification","valueRequired":true,"valueName":"search_term_string"}}],"inLanguage":"it-IT"},{"@type":"Organization","@id":"https:\/\/insektenliebe.com\/it\/#organization","name":"Insektenliebe","url":"https:\/\/insektenliebe.com\/it\/","logo":{"@type":"ImageObject","inLanguage":"it-IT","@id":"https:\/\/insektenliebe.com\/it\/#\/schema\/logo\/image\/","url":"https:\/\/insektenliebe.com\/wp-content\/uploads\/2025\/03\/logo-white.png","contentUrl":"https:\/\/insektenliebe.com\/wp-content\/uploads\/2025\/03\/logo-white.png","width":288,"height":188,"caption":"Insektenliebe"},"image":{"@id":"https:\/\/insektenliebe.com\/it\/#\/schema\/logo\/image\/"}}]}},"_links":{"self":[{"href":"https:\/\/insektenliebe.com\/it\/wp-json\/wp\/v2\/product\/189308","targetHints":{"allow":["GET"]}}],"collection":[{"href":"https:\/\/insektenliebe.com\/it\/wp-json\/wp\/v2\/product"}],"about":[{"href":"https:\/\/insektenliebe.com\/it\/wp-json\/wp\/v2\/types\/product"}],"wp:featuredmedia":[{"embeddable":true,"href":"https:\/\/insektenliebe.com\/it\/wp-json\/wp\/v2\/media\/188020"}],"wp:attachment":[{"href":"https:\/\/insektenliebe.com\/it\/wp-json\/wp\/v2\/media?parent=189308"}],"wp:term":[{"taxonomy":"product-supplier","embeddable":true,"href":"https:\/\/insektenliebe.com\/it\/wp-json\/wp\/v2\/product-supplier?post=189308"},{"taxonomy":"product_brand","embeddable":true,"href":"https:\/\/insektenliebe.com\/it\/wp-json\/wp\/v2\/product_brand?post=189308"},{"taxonomy":"product_cat","embeddable":true,"href":"https:\/\/insektenliebe.com\/it\/wp-json\/wp\/v2\/product_cat?post=189308"},{"taxonomy":"product_tag","embeddable":true,"href":"https:\/\/insektenliebe.com\/it\/wp-json\/wp\/v2\/product_tag?post=189308"},{"taxonomy":"lce-checkout-addons","embeddable":true,"href":"https:\/\/insektenliebe.com\/it\/wp-json\/wp\/v2\/lce-checkout-addons?post=189308"}],"curies":[{"name":"wp","href":"https:\/\/api.w.org\/{rel}","templated":true}]}}