{"id":189298,"date":"2024-04-05T18:48:53","date_gmt":"2024-04-05T16:48:53","guid":{"rendered":"https:\/\/insektenliebe.com\/shop\/produkt\/neoholothele-fasciaaurinigra\/"},"modified":"2026-03-06T18:32:41","modified_gmt":"2026-03-06T17:32:41","slug":"neoholothele-fasciaaurinigra","status":"publish","type":"product","link":"https:\/\/insektenliebe.com\/it\/shop\/prodotto\/neoholothele-fasciaaurinigra\/","title":{"rendered":"Neoholothele fasciaaurinigra"},"content":{"rendered":"<h3>Media<\/h3>\n<h3>Colombia<\/h3>\n<h3>3-4 CM<\/h3>\n<h3>23-25 \u00b0C<\/h3>\n<h3><span style=\"color: #99cc33;\">Neoholothele fasciaaurinigra: un gioiello colombiano<\/span><\/h3>\n<div class=\"react-scroll-to-bottom--css-sbfrk-1n7m0yu\">\n<div class=\"flex flex-col text-sm pb-9\">\n<div class=\"w-full text-token-text-primary sm:AIPRM__conversation__response\" data-testid=\"conversation-turn-29\">\n<div class=\"px-4 py-2 justify-center text-base md:gap-6 m-auto\">\n<div class=\"flex flex-1 text-base mx-auto gap-3 md:px-5 lg:px-1 xl:px-5 md:max-w-3xl lg:max-w- xl:max-w- group final-completion\">\n<div class=\"relative flex w-full flex-col agent-turn\">\n<div class=\"flex-col gap-1 md:gap-3\">\n<div class=\"flex flex-grow flex-col max-w-full\">\n<div class=\"min-h- text-message flex flex-col items-start gap-3 whitespace-pre-wrap break-words :mt-5 overflow-x-auto\" data-message-author-role=\"assistant\" data-message-id=\"89823a24-f53f-48eb-82b0-84e3103fabe2\">\n<div class=\"markdown prose w-full break-words dark:prose-invert light AIPRM__conversation__response\">\n<p><strong>Neoholothele fasciaaurinigra<\/strong>, nota anche come \"calabrone colombiano\", \u00e8 un impressionante membro della famiglia Theraphosidae. Questa rara e affascinante specie di tarantola \u00e8 stata descritta da Guadanucci &amp; Weinmann nel 2015 e proviene dalle pittoresche regioni intorno a Villavicencio, Meta, in Colombia. <\/p>\n<p>La <strong>Neoholothele fasciaaurinigra<\/strong> incanta con il suo aspetto inconfondibile. Il nome deriva dall&#8217;impressionante motivo a strisce nere e oro, in parte rossastre, del suo addome - una caratteristica che la rende ineguagliabile nel mondo delle tarantole. La combinazione delle parole latine \"fascia\" (banda o striscia), \"auri\" (dorato) e \"nigra\" (nero) descrive con precisione la bellezza mozzafiato di questa specie.  <\/p>\n<p>Questa tarantola terrestre preferisce un terrario di 20 x 20 x 20 cm, che ricalca il suo habitat naturale, con temperature comprese tra 23 e 25\u00b0C e un&#8217;umidit\u00e0 del 70-80%. Il \"calabrone colombiano\" raggiunge un&#8217;apertura delle zampe di circa 7 cm ed \u00e8 noto per la sua natura timida. <\/p>\n<\/div>\n<\/div>\n<\/div>\n<\/div>\n<\/div>\n<\/div>\n<\/div>\n<\/div>\n<\/div>\n<\/div>\n<p>In passato a volte non si sapeva se si stava offrendo la prole di Neoholothele <strong>fasciaaurinigra <\/strong>o della sua specie sorella Neoholothele incei, che si incontra spesso nell&#8217;hobby. Grazie alle analisi genetiche, per\u00f2, \u00e8 certo che la prole qui offerta non \u00e8 Neoholothele incei. <\/p>\n<p>La <strong>Neoholothele fasciaaurinigra<\/strong> \u00e8 considerata particolarmente preziosa per i detentori esperti di tarantole grazie alla sua eccezionale bellezza e alle sue specifiche esigenze di cura.<\/p>\n<h3><span style=\"color: #99cc33;\"><strong>Prodotti per Neoholothele fasciaaurinigra!<\/strong><\/span><\/h3>\n","protected":false},"excerpt":{"rendered":"<p>Media Colombia 3-4 CM 23-25 \u00b0C Neoholothele fasciaaurinigra: un gioiello colombiano Neoholothele fasciaaurinigra, nota anche come \"calabrone colombiano\", \u00e8 un impressionante membro della famiglia Theraphosidae. Questa rara e affascinante specie di tarantola \u00e8 stata descritta da Guadanucci &amp; Weinmann nel 2015 e proviene dalle pittoresche regioni intorno a Villavicencio, Meta, in Colombia. La Neoholothele fasciaaurinigra [&hellip;]<\/p>\n","protected":false},"featured_media":189299,"template":"","meta":{"_acf_changed":false},"product-supplier":[],"product_brand":[],"product_cat":[2809,3004],"product_tag":[],"lce-checkout-addons":[2746],"class_list":{"0":"post-189298","1":"product","2":"type-product","3":"status-publish","4":"has-post-thumbnail","6":"product_cat-ragni","7":"product_cat-tarantole","8":"product_shipping_class-spedizione-di-animali","9":"lce-checkout-addons-imballaggio-invernale","11":"first","12":"outofstock","13":"taxable","14":"shipping-taxable","15":"product-type-variable","16":"has-default-attributes"},"acf":[],"yoast_head":"<!-- This site is optimized with the Yoast SEO Premium plugin v26.8 (Yoast SEO v27.3) - https:\/\/yoast.com\/product\/yoast-seo-premium-wordpress\/ -->\n<title>Neoholothele fasciaaurinigra - Insektenliebe<\/title>\n<meta name=\"description\" content=\"Compra Neoholothele fasciaaurinigra a buon mercato direttamente online! \u00c8 una delle tarantole pi\u00f9 rare disponibili in commercio.\" \/>\n<meta name=\"robots\" content=\"index, follow, max-snippet:-1, max-image-preview:large, max-video-preview:-1\" \/>\n<link rel=\"canonical\" href=\"https:\/\/insektenliebe.com\/it\/shop\/prodotto\/neoholothele-fasciaaurinigra\/\" \/>\n<meta property=\"og:locale\" content=\"it_IT\" \/>\n<meta property=\"og:type\" content=\"article\" \/>\n<meta property=\"og:title\" content=\"Neoholothele fasciaaurinigra\" \/>\n<meta property=\"og:description\" content=\"Compra Neoholothele fasciaaurinigra a buon mercato direttamente online! \u00c8 una delle tarantole pi\u00f9 rare disponibili in commercio.\" \/>\n<meta property=\"og:url\" content=\"https:\/\/insektenliebe.com\/it\/shop\/prodotto\/neoholothele-fasciaaurinigra\/\" \/>\n<meta property=\"og:site_name\" content=\"Insektenliebe\" \/>\n<meta property=\"article:modified_time\" content=\"2026-03-06T17:32:41+00:00\" \/>\n<meta property=\"og:image\" content=\"https:\/\/insektenliebe.com\/wp-content\/uploads\/2025\/05\/Neoholothele-fasciaaurinigra-2.jpg\" \/>\n\t<meta property=\"og:image:width\" content=\"820\" \/>\n\t<meta property=\"og:image:height\" content=\"820\" \/>\n\t<meta property=\"og:image:type\" content=\"image\/jpeg\" \/>\n<meta name=\"twitter:card\" content=\"summary_large_image\" \/>\n<meta name=\"twitter:label1\" content=\"Disponibilit\u00e0\" \/>\n\t<meta name=\"twitter:data1\" content=\"Esaurito\" \/>\n<script type=\"application\/ld+json\" class=\"yoast-schema-graph\">{\"@context\":\"https:\\\/\\\/schema.org\",\"@graph\":[{\"@type\":\"WebPage\",\"@id\":\"https:\\\/\\\/insektenliebe.com\\\/it\\\/shop\\\/prodotto\\\/neoholothele-fasciaaurinigra\\\/\",\"url\":\"https:\\\/\\\/insektenliebe.com\\\/it\\\/shop\\\/prodotto\\\/neoholothele-fasciaaurinigra\\\/\",\"name\":\"Neoholothele fasciaaurinigra - Insektenliebe\",\"isPartOf\":{\"@id\":\"https:\\\/\\\/insektenliebe.com\\\/it\\\/#website\"},\"primaryImageOfPage\":{\"@id\":\"https:\\\/\\\/insektenliebe.com\\\/it\\\/shop\\\/prodotto\\\/neoholothele-fasciaaurinigra\\\/#primaryimage\"},\"image\":{\"@id\":\"https:\\\/\\\/insektenliebe.com\\\/it\\\/shop\\\/prodotto\\\/neoholothele-fasciaaurinigra\\\/#primaryimage\"},\"thumbnailUrl\":\"https:\\\/\\\/insektenliebe.com\\\/wp-content\\\/uploads\\\/2025\\\/05\\\/Neoholothele-fasciaaurinigra-2.jpg\",\"datePublished\":\"2024-04-05T16:48:53+00:00\",\"dateModified\":\"2026-03-06T17:32:41+00:00\",\"description\":\"Compra Neoholothele fasciaaurinigra a buon mercato direttamente online! \u00c8 una delle tarantole pi\u00f9 rare disponibili in commercio.\",\"breadcrumb\":{\"@id\":\"https:\\\/\\\/insektenliebe.com\\\/it\\\/shop\\\/prodotto\\\/neoholothele-fasciaaurinigra\\\/#breadcrumb\"},\"inLanguage\":\"it-IT\",\"potentialAction\":[{\"@type\":\"ReadAction\",\"target\":[\"https:\\\/\\\/insektenliebe.com\\\/it\\\/shop\\\/prodotto\\\/neoholothele-fasciaaurinigra\\\/\"]}]},{\"@type\":\"ImageObject\",\"inLanguage\":\"it-IT\",\"@id\":\"https:\\\/\\\/insektenliebe.com\\\/it\\\/shop\\\/prodotto\\\/neoholothele-fasciaaurinigra\\\/#primaryimage\",\"url\":\"https:\\\/\\\/insektenliebe.com\\\/wp-content\\\/uploads\\\/2025\\\/05\\\/Neoholothele-fasciaaurinigra-2.jpg\",\"contentUrl\":\"https:\\\/\\\/insektenliebe.com\\\/wp-content\\\/uploads\\\/2025\\\/05\\\/Neoholothele-fasciaaurinigra-2.jpg\",\"width\":820,\"height\":820,\"caption\":\"Neoholothele-fasciaaurinigra-2.jpg\"},{\"@type\":\"BreadcrumbList\",\"@id\":\"https:\\\/\\\/insektenliebe.com\\\/it\\\/shop\\\/prodotto\\\/neoholothele-fasciaaurinigra\\\/#breadcrumb\",\"itemListElement\":[{\"@type\":\"ListItem\",\"position\":1,\"name\":\"Startseite\",\"item\":\"https:\\\/\\\/insektenliebe.com\\\/it\\\/\"},{\"@type\":\"ListItem\",\"position\":2,\"name\":\"Negozio\",\"item\":\"https:\\\/\\\/insektenliebe.com\\\/it\\\/negozio\\\/\"},{\"@type\":\"ListItem\",\"position\":3,\"name\":\"Neoholothele fasciaaurinigra\"}]},{\"@type\":\"WebSite\",\"@id\":\"https:\\\/\\\/insektenliebe.com\\\/it\\\/#website\",\"url\":\"https:\\\/\\\/insektenliebe.com\\\/it\\\/\",\"name\":\"Insektenliebe\",\"description\":\"Dein Zuhause f\u00fcr die kleinen Lebewesen\",\"publisher\":{\"@id\":\"https:\\\/\\\/insektenliebe.com\\\/it\\\/#organization\"},\"potentialAction\":[{\"@type\":\"SearchAction\",\"target\":{\"@type\":\"EntryPoint\",\"urlTemplate\":\"https:\\\/\\\/insektenliebe.com\\\/it\\\/?s={search_term_string}\"},\"query-input\":{\"@type\":\"PropertyValueSpecification\",\"valueRequired\":true,\"valueName\":\"search_term_string\"}}],\"inLanguage\":\"it-IT\"},{\"@type\":\"Organization\",\"@id\":\"https:\\\/\\\/insektenliebe.com\\\/it\\\/#organization\",\"name\":\"Insektenliebe\",\"url\":\"https:\\\/\\\/insektenliebe.com\\\/it\\\/\",\"logo\":{\"@type\":\"ImageObject\",\"inLanguage\":\"it-IT\",\"@id\":\"https:\\\/\\\/insektenliebe.com\\\/it\\\/#\\\/schema\\\/logo\\\/image\\\/\",\"url\":\"https:\\\/\\\/insektenliebe.com\\\/wp-content\\\/uploads\\\/2025\\\/03\\\/logo-white.png\",\"contentUrl\":\"https:\\\/\\\/insektenliebe.com\\\/wp-content\\\/uploads\\\/2025\\\/03\\\/logo-white.png\",\"width\":288,\"height\":188,\"caption\":\"Insektenliebe\"},\"image\":{\"@id\":\"https:\\\/\\\/insektenliebe.com\\\/it\\\/#\\\/schema\\\/logo\\\/image\\\/\"}}]}<\/script>\n<meta property=\"og:availability\" content=\"out of stock\" \/>\n<meta property=\"product:availability\" content=\"out of stock\" \/>\n<meta property=\"product:retailer_item_id\" content=\"612\" \/>\n<meta property=\"product:condition\" content=\"new\" \/>\n<!-- \/ Yoast SEO Premium plugin. -->","yoast_head_json":{"title":"Neoholothele fasciaaurinigra - Insektenliebe","description":"Compra Neoholothele fasciaaurinigra a buon mercato direttamente online! \u00c8 una delle tarantole pi\u00f9 rare disponibili in commercio.","robots":{"index":"index","follow":"follow","max-snippet":"max-snippet:-1","max-image-preview":"max-image-preview:large","max-video-preview":"max-video-preview:-1"},"canonical":"https:\/\/insektenliebe.com\/it\/shop\/prodotto\/neoholothele-fasciaaurinigra\/","og_locale":"it_IT","og_type":"article","og_title":"Neoholothele fasciaaurinigra","og_description":"Compra Neoholothele fasciaaurinigra a buon mercato direttamente online! \u00c8 una delle tarantole pi\u00f9 rare disponibili in commercio.","og_url":"https:\/\/insektenliebe.com\/it\/shop\/prodotto\/neoholothele-fasciaaurinigra\/","og_site_name":"Insektenliebe","article_modified_time":"2026-03-06T17:32:41+00:00","og_image":[{"width":820,"height":820,"url":"https:\/\/insektenliebe.com\/wp-content\/uploads\/2025\/05\/Neoholothele-fasciaaurinigra-2.jpg","type":"image\/jpeg"}],"twitter_card":"summary_large_image","twitter_misc":{"Disponibilit\u00e0":"Esaurito"},"schema":{"@context":"https:\/\/schema.org","@graph":[{"@type":"WebPage","@id":"https:\/\/insektenliebe.com\/it\/shop\/prodotto\/neoholothele-fasciaaurinigra\/","url":"https:\/\/insektenliebe.com\/it\/shop\/prodotto\/neoholothele-fasciaaurinigra\/","name":"Neoholothele fasciaaurinigra - Insektenliebe","isPartOf":{"@id":"https:\/\/insektenliebe.com\/it\/#website"},"primaryImageOfPage":{"@id":"https:\/\/insektenliebe.com\/it\/shop\/prodotto\/neoholothele-fasciaaurinigra\/#primaryimage"},"image":{"@id":"https:\/\/insektenliebe.com\/it\/shop\/prodotto\/neoholothele-fasciaaurinigra\/#primaryimage"},"thumbnailUrl":"https:\/\/insektenliebe.com\/wp-content\/uploads\/2025\/05\/Neoholothele-fasciaaurinigra-2.jpg","datePublished":"2024-04-05T16:48:53+00:00","dateModified":"2026-03-06T17:32:41+00:00","description":"Compra Neoholothele fasciaaurinigra a buon mercato direttamente online! \u00c8 una delle tarantole pi\u00f9 rare disponibili in commercio.","breadcrumb":{"@id":"https:\/\/insektenliebe.com\/it\/shop\/prodotto\/neoholothele-fasciaaurinigra\/#breadcrumb"},"inLanguage":"it-IT","potentialAction":[{"@type":"ReadAction","target":["https:\/\/insektenliebe.com\/it\/shop\/prodotto\/neoholothele-fasciaaurinigra\/"]}]},{"@type":"ImageObject","inLanguage":"it-IT","@id":"https:\/\/insektenliebe.com\/it\/shop\/prodotto\/neoholothele-fasciaaurinigra\/#primaryimage","url":"https:\/\/insektenliebe.com\/wp-content\/uploads\/2025\/05\/Neoholothele-fasciaaurinigra-2.jpg","contentUrl":"https:\/\/insektenliebe.com\/wp-content\/uploads\/2025\/05\/Neoholothele-fasciaaurinigra-2.jpg","width":820,"height":820,"caption":"Neoholothele-fasciaaurinigra-2.jpg"},{"@type":"BreadcrumbList","@id":"https:\/\/insektenliebe.com\/it\/shop\/prodotto\/neoholothele-fasciaaurinigra\/#breadcrumb","itemListElement":[{"@type":"ListItem","position":1,"name":"Startseite","item":"https:\/\/insektenliebe.com\/it\/"},{"@type":"ListItem","position":2,"name":"Negozio","item":"https:\/\/insektenliebe.com\/it\/negozio\/"},{"@type":"ListItem","position":3,"name":"Neoholothele fasciaaurinigra"}]},{"@type":"WebSite","@id":"https:\/\/insektenliebe.com\/it\/#website","url":"https:\/\/insektenliebe.com\/it\/","name":"Insektenliebe","description":"Dein Zuhause f\u00fcr die kleinen Lebewesen","publisher":{"@id":"https:\/\/insektenliebe.com\/it\/#organization"},"potentialAction":[{"@type":"SearchAction","target":{"@type":"EntryPoint","urlTemplate":"https:\/\/insektenliebe.com\/it\/?s={search_term_string}"},"query-input":{"@type":"PropertyValueSpecification","valueRequired":true,"valueName":"search_term_string"}}],"inLanguage":"it-IT"},{"@type":"Organization","@id":"https:\/\/insektenliebe.com\/it\/#organization","name":"Insektenliebe","url":"https:\/\/insektenliebe.com\/it\/","logo":{"@type":"ImageObject","inLanguage":"it-IT","@id":"https:\/\/insektenliebe.com\/it\/#\/schema\/logo\/image\/","url":"https:\/\/insektenliebe.com\/wp-content\/uploads\/2025\/03\/logo-white.png","contentUrl":"https:\/\/insektenliebe.com\/wp-content\/uploads\/2025\/03\/logo-white.png","width":288,"height":188,"caption":"Insektenliebe"},"image":{"@id":"https:\/\/insektenliebe.com\/it\/#\/schema\/logo\/image\/"}}]},"og_availability":"out of stock","product_availability":"out of stock","product_retailer_item_id":"612","product_condition":"new"},"_links":{"self":[{"href":"https:\/\/insektenliebe.com\/it\/wp-json\/wp\/v2\/product\/189298","targetHints":{"allow":["GET"]}}],"collection":[{"href":"https:\/\/insektenliebe.com\/it\/wp-json\/wp\/v2\/product"}],"about":[{"href":"https:\/\/insektenliebe.com\/it\/wp-json\/wp\/v2\/types\/product"}],"wp:featuredmedia":[{"embeddable":true,"href":"https:\/\/insektenliebe.com\/it\/wp-json\/wp\/v2\/media\/189299"}],"wp:attachment":[{"href":"https:\/\/insektenliebe.com\/it\/wp-json\/wp\/v2\/media?parent=189298"}],"wp:term":[{"taxonomy":"product-supplier","embeddable":true,"href":"https:\/\/insektenliebe.com\/it\/wp-json\/wp\/v2\/product-supplier?post=189298"},{"taxonomy":"product_brand","embeddable":true,"href":"https:\/\/insektenliebe.com\/it\/wp-json\/wp\/v2\/product_brand?post=189298"},{"taxonomy":"product_cat","embeddable":true,"href":"https:\/\/insektenliebe.com\/it\/wp-json\/wp\/v2\/product_cat?post=189298"},{"taxonomy":"product_tag","embeddable":true,"href":"https:\/\/insektenliebe.com\/it\/wp-json\/wp\/v2\/product_tag?post=189298"},{"taxonomy":"lce-checkout-addons","embeddable":true,"href":"https:\/\/insektenliebe.com\/it\/wp-json\/wp\/v2\/lce-checkout-addons?post=189298"}],"curies":[{"name":"wp","href":"https:\/\/api.w.org\/{rel}","templated":true}]}}