{"id":189297,"date":"2022-12-08T16:36:00","date_gmt":"2022-12-08T14:36:00","guid":{"rendered":"https:\/\/insektenliebe.com\/shop\/produkt\/hyllus-diardi\/"},"modified":"2026-03-31T11:47:51","modified_gmt":"2026-03-31T09:47:51","slug":"hyllus-diardi","status":"publish","type":"product","link":"https:\/\/insektenliebe.com\/it\/shop\/prodotto\/hyllus-diardi\/","title":{"rendered":"Hyllus diardi"},"content":{"rendered":"<h3><span class=\"s1\" style=\"color: #99cc33;\">Hyllus diardi - Un&#8217;interessante alternativa al Phidippus regius<\/span><\/h3>\n<p class=\"p1\"><strong><span class=\"s1\">Hyllus diardi<\/span><\/strong><span class=\"s2\">  \u00e8 un impressionante ragno saltatore proveniente dall&#8217;Asia e colpisce soprattutto per le sue dimensioni e il suo comportamento attivo. Rispetto a molti altri ragni saltatori, appare molto pi\u00f9 potente e quindi porta una presenza speciale nel terrario. <\/span><\/p>\n<p class=\"p1\"><span class=\"s2\">Gli animali raggiungono una dimensione corporea di circa <\/span><span class=\"s1\">2,0 cm<\/span><span class=\"s2\">. Di solito hanno una colorazione naturale grigio-marrone con accenti di colore caldo. Questo gli conferisce un aspetto molto autentico e gli permette di inserirsi armoniosamente in un terrario arredato in modo naturale. <\/span><\/p>\n<p class=\"p1\"><span class=\"s2\">Rispetto a <\/span><span class=\"s1\">Phidippus regius<\/span><span class=\"s2\"> favorito <\/span><strong><span class=\"s1\">Hyllus diardi<\/span><\/strong><span class=\"s2\">  condizioni un po&#8217; pi\u00f9 tropicali. \u00c8 quindi particolarmente adatto agli allevatori che amano lavorare con un&#8217;umidit\u00e0 elevata. Allo stesso tempo, \u00e8 possibile creare un habitat molto naturale che consente di effettuare osservazioni interessanti.  <\/span><\/p>\n<p class=\"p1\"><span class=\"s2\">Si consiglia di tenerli in un <\/span><span class=\"s1\">terrario alto di circa 20 \u00d7 20 \u00d7 30 cm.<\/span><span class=\"s2\">. I ragni saltatori amano arrampicarsi e sfruttano attivamente l&#8217;altezza. Rami, cortecce e strutture verticali offrono terreni di caccia ideali e rifugi sicuri. <\/span><\/p>\n<p class=\"p1\"><span class=\"s2\">L&#8217;umidit\u00e0 dovrebbe essere intorno al <\/span><span class=\"s1\">70-80 %<\/span><span class=\"s2\">  mentire. Allo stesso tempo, le temperature tra  <\/span><span class=\"s1\">26 e 28 \u00b0C<\/span><span class=\"s2\">  si terr\u00e0. Una spruzzatura regolare e leggera crea gocce d&#8217;acqua che vengono prontamente assorbite dagli animali.<\/span><\/p>\n<p class=\"p1\"><span class=\"s2\">\u00c8 meglio spruzzare l&#8217;intero terrario <\/span><span class=\"s1\">leggermente ogni uno o due giorni<\/span><span class=\"s2\">in modo da distribuire uniformemente l&#8217;umidit\u00e0. Ti consigliamo anche di utilizzare un   <\/span><span class=\"s1\">pianta vivente<\/span><span class=\"s2\">poich\u00e9 rilascia permanentemente umidit\u00e0. Questo stabilizza il clima e crea un habitat equilibrato. <\/span><\/p>\n<p class=\"p1\"><strong><span class=\"s1\">Hyllus diardi<\/span><\/strong><span class=\"s2\">  mostra un comportamento di caccia molto attivo. Gli animali saltano sulla preda e sfruttano la loro eccellente vista. Il cibo adatto \u00e8    <\/span><span class=\"s1\">mosche, grilli o piccoli scarafaggi<\/span><span class=\"s2\">che vengono accettati in modo affidabile.<\/span><\/p>\n<p class=\"p1\"><span class=\"s2\">Le loro dimensioni, il comportamento vivace e la preferenza per il clima tropicale fanno di <\/span><strong><span class=\"s1\">Hyllus diardi<\/span><\/strong><span class=\"s2\">  un ragno saltatore particolarmente eccitante. Allo stesso tempo, \u00e8 ideale per gli allevatori che hanno gi\u00e0 acquisito una certa esperienza e vogliono rendere il loro terrario pi\u00f9 naturale.   <\/span><\/p>\n","protected":false},"excerpt":{"rendered":"<p>Hyllus diardi - Un&#8217;interessante alternativa al Phidippus regius Hyllus diardi \u00e8 un impressionante ragno saltatore proveniente dall&#8217;Asia e colpisce soprattutto per le sue dimensioni e il suo comportamento attivo. Rispetto a molti altri ragni saltatori, appare molto pi\u00f9 potente e quindi porta una presenza speciale nel terrario. Gli animali raggiungono una dimensione corporea di circa [&hellip;]<\/p>\n","protected":false},"featured_media":188194,"template":"","meta":{"_acf_changed":false},"product-supplier":[],"product_brand":[],"product_cat":[2809,2808],"product_tag":[],"lce-checkout-addons":[2746],"class_list":{"0":"post-189297","1":"product","2":"type-product","3":"status-publish","4":"has-post-thumbnail","6":"product_cat-ragni","7":"product_cat-ragni-che-saltano","8":"product_shipping_class-spedizione-di-animali","9":"pa_geschlecht-donna","10":"pa_geschlecht-indeterminato","11":"pa_geschlecht-uomo","12":"pa_herkunft-thailandia","13":"pa_kontinent-asia","14":"lce-checkout-addons-imballaggio-invernale","16":"first","17":"instock","18":"sale","19":"taxable","20":"shipping-taxable","21":"purchasable","22":"product-type-variable"},"acf":[],"yoast_head":"<!-- This site is optimized with the Yoast SEO plugin v27.3 - https:\/\/yoast.com\/product\/yoast-seo-wordpress\/ -->\n<title>Hyllus diardi - Insektenliebe<\/title>\n<meta name=\"description\" content=\"Hyllus diardi - grande ragno saltatore dell&#039;Asia con esigenze tropicali. Informazioni su allevamento, terrario, umidit\u00e0 e alimentazione.\" \/>\n<meta name=\"robots\" content=\"index, follow, max-snippet:-1, max-image-preview:large, max-video-preview:-1\" \/>\n<link rel=\"canonical\" href=\"https:\/\/insektenliebe.com\/it\/shop\/prodotto\/hyllus-diardi\/\" \/>\n<meta property=\"og:locale\" content=\"it_IT\" \/>\n<meta property=\"og:type\" content=\"article\" \/>\n<meta property=\"og:title\" content=\"Hyllus diardi - Insektenliebe\" \/>\n<meta property=\"og:description\" content=\"Hyllus diardi - grande ragno saltatore dell&#039;Asia con esigenze tropicali. Informazioni su allevamento, terrario, umidit\u00e0 e alimentazione.\" \/>\n<meta property=\"og:url\" content=\"https:\/\/insektenliebe.com\/it\/shop\/prodotto\/hyllus-diardi\/\" \/>\n<meta property=\"og:site_name\" content=\"Insektenliebe\" \/>\n<meta property=\"article:modified_time\" content=\"2026-03-31T09:47:51+00:00\" \/>\n<meta property=\"og:image\" content=\"https:\/\/insektenliebe.com\/wp-content\/uploads\/2025\/05\/Hyllus-diardi-1-2.jpg\" \/>\n\t<meta property=\"og:image:width\" content=\"820\" \/>\n\t<meta property=\"og:image:height\" content=\"820\" \/>\n\t<meta property=\"og:image:type\" content=\"image\/jpeg\" \/>\n<meta name=\"twitter:card\" content=\"summary_large_image\" \/>\n<meta name=\"twitter:label1\" content=\"Tempo di lettura stimato\" \/>\n\t<meta name=\"twitter:data1\" content=\"2 minuto\" \/>\n<script type=\"application\/ld+json\" class=\"yoast-schema-graph\">{\"@context\":\"https:\\\/\\\/schema.org\",\"@graph\":[{\"@type\":\"WebPage\",\"@id\":\"https:\\\/\\\/insektenliebe.com\\\/it\\\/shop\\\/prodotto\\\/hyllus-diardi\\\/\",\"url\":\"https:\\\/\\\/insektenliebe.com\\\/it\\\/shop\\\/prodotto\\\/hyllus-diardi\\\/\",\"name\":\"Hyllus diardi - Insektenliebe\",\"isPartOf\":{\"@id\":\"https:\\\/\\\/insektenliebe.com\\\/it\\\/#website\"},\"primaryImageOfPage\":{\"@id\":\"https:\\\/\\\/insektenliebe.com\\\/it\\\/shop\\\/prodotto\\\/hyllus-diardi\\\/#primaryimage\"},\"image\":{\"@id\":\"https:\\\/\\\/insektenliebe.com\\\/it\\\/shop\\\/prodotto\\\/hyllus-diardi\\\/#primaryimage\"},\"thumbnailUrl\":\"https:\\\/\\\/insektenliebe.com\\\/wp-content\\\/uploads\\\/2025\\\/05\\\/Hyllus-diardi-1-2.jpg\",\"datePublished\":\"2022-12-08T14:36:00+00:00\",\"dateModified\":\"2026-03-31T09:47:51+00:00\",\"description\":\"Hyllus diardi - grande ragno saltatore dell'Asia con esigenze tropicali. Informazioni su allevamento, terrario, umidit\u00e0 e alimentazione.\",\"breadcrumb\":{\"@id\":\"https:\\\/\\\/insektenliebe.com\\\/it\\\/shop\\\/prodotto\\\/hyllus-diardi\\\/#breadcrumb\"},\"inLanguage\":\"it-IT\",\"potentialAction\":[{\"@type\":\"ReadAction\",\"target\":[\"https:\\\/\\\/insektenliebe.com\\\/it\\\/shop\\\/prodotto\\\/hyllus-diardi\\\/\"]}]},{\"@type\":\"ImageObject\",\"inLanguage\":\"it-IT\",\"@id\":\"https:\\\/\\\/insektenliebe.com\\\/it\\\/shop\\\/prodotto\\\/hyllus-diardi\\\/#primaryimage\",\"url\":\"https:\\\/\\\/insektenliebe.com\\\/wp-content\\\/uploads\\\/2025\\\/05\\\/Hyllus-diardi-1-2.jpg\",\"contentUrl\":\"https:\\\/\\\/insektenliebe.com\\\/wp-content\\\/uploads\\\/2025\\\/05\\\/Hyllus-diardi-1-2.jpg\",\"width\":820,\"height\":820,\"caption\":\"Hyllus-diardi-1-2.jpg\"},{\"@type\":\"BreadcrumbList\",\"@id\":\"https:\\\/\\\/insektenliebe.com\\\/it\\\/shop\\\/prodotto\\\/hyllus-diardi\\\/#breadcrumb\",\"itemListElement\":[{\"@type\":\"ListItem\",\"position\":1,\"name\":\"Startseite\",\"item\":\"https:\\\/\\\/insektenliebe.com\\\/it\\\/\"},{\"@type\":\"ListItem\",\"position\":2,\"name\":\"Negozio\",\"item\":\"https:\\\/\\\/insektenliebe.com\\\/it\\\/negozio\\\/\"},{\"@type\":\"ListItem\",\"position\":3,\"name\":\"Hyllus diardi\"}]},{\"@type\":\"WebSite\",\"@id\":\"https:\\\/\\\/insektenliebe.com\\\/it\\\/#website\",\"url\":\"https:\\\/\\\/insektenliebe.com\\\/it\\\/\",\"name\":\"Insektenliebe\",\"description\":\"Dein Zuhause f\u00fcr die kleinen Lebewesen\",\"publisher\":{\"@id\":\"https:\\\/\\\/insektenliebe.com\\\/it\\\/#organization\"},\"potentialAction\":[{\"@type\":\"SearchAction\",\"target\":{\"@type\":\"EntryPoint\",\"urlTemplate\":\"https:\\\/\\\/insektenliebe.com\\\/it\\\/?s={search_term_string}\"},\"query-input\":{\"@type\":\"PropertyValueSpecification\",\"valueRequired\":true,\"valueName\":\"search_term_string\"}}],\"inLanguage\":\"it-IT\"},{\"@type\":\"Organization\",\"@id\":\"https:\\\/\\\/insektenliebe.com\\\/it\\\/#organization\",\"name\":\"Insektenliebe\",\"url\":\"https:\\\/\\\/insektenliebe.com\\\/it\\\/\",\"logo\":{\"@type\":\"ImageObject\",\"inLanguage\":\"it-IT\",\"@id\":\"https:\\\/\\\/insektenliebe.com\\\/it\\\/#\\\/schema\\\/logo\\\/image\\\/\",\"url\":\"https:\\\/\\\/insektenliebe.com\\\/wp-content\\\/uploads\\\/2025\\\/03\\\/logo-white.png\",\"contentUrl\":\"https:\\\/\\\/insektenliebe.com\\\/wp-content\\\/uploads\\\/2025\\\/03\\\/logo-white.png\",\"width\":288,\"height\":188,\"caption\":\"Insektenliebe\"},\"image\":{\"@id\":\"https:\\\/\\\/insektenliebe.com\\\/it\\\/#\\\/schema\\\/logo\\\/image\\\/\"}}]}<\/script>\n<!-- \/ Yoast SEO plugin. -->","yoast_head_json":{"title":"Hyllus diardi - Insektenliebe","description":"Hyllus diardi - grande ragno saltatore dell'Asia con esigenze tropicali. Informazioni su allevamento, terrario, umidit\u00e0 e alimentazione.","robots":{"index":"index","follow":"follow","max-snippet":"max-snippet:-1","max-image-preview":"max-image-preview:large","max-video-preview":"max-video-preview:-1"},"canonical":"https:\/\/insektenliebe.com\/it\/shop\/prodotto\/hyllus-diardi\/","og_locale":"it_IT","og_type":"article","og_title":"Hyllus diardi - Insektenliebe","og_description":"Hyllus diardi - grande ragno saltatore dell'Asia con esigenze tropicali. Informazioni su allevamento, terrario, umidit\u00e0 e alimentazione.","og_url":"https:\/\/insektenliebe.com\/it\/shop\/prodotto\/hyllus-diardi\/","og_site_name":"Insektenliebe","article_modified_time":"2026-03-31T09:47:51+00:00","og_image":[{"width":820,"height":820,"url":"https:\/\/insektenliebe.com\/wp-content\/uploads\/2025\/05\/Hyllus-diardi-1-2.jpg","type":"image\/jpeg"}],"twitter_card":"summary_large_image","twitter_misc":{"Tempo di lettura stimato":"2 minuto"},"schema":{"@context":"https:\/\/schema.org","@graph":[{"@type":"WebPage","@id":"https:\/\/insektenliebe.com\/it\/shop\/prodotto\/hyllus-diardi\/","url":"https:\/\/insektenliebe.com\/it\/shop\/prodotto\/hyllus-diardi\/","name":"Hyllus diardi - Insektenliebe","isPartOf":{"@id":"https:\/\/insektenliebe.com\/it\/#website"},"primaryImageOfPage":{"@id":"https:\/\/insektenliebe.com\/it\/shop\/prodotto\/hyllus-diardi\/#primaryimage"},"image":{"@id":"https:\/\/insektenliebe.com\/it\/shop\/prodotto\/hyllus-diardi\/#primaryimage"},"thumbnailUrl":"https:\/\/insektenliebe.com\/wp-content\/uploads\/2025\/05\/Hyllus-diardi-1-2.jpg","datePublished":"2022-12-08T14:36:00+00:00","dateModified":"2026-03-31T09:47:51+00:00","description":"Hyllus diardi - grande ragno saltatore dell'Asia con esigenze tropicali. Informazioni su allevamento, terrario, umidit\u00e0 e alimentazione.","breadcrumb":{"@id":"https:\/\/insektenliebe.com\/it\/shop\/prodotto\/hyllus-diardi\/#breadcrumb"},"inLanguage":"it-IT","potentialAction":[{"@type":"ReadAction","target":["https:\/\/insektenliebe.com\/it\/shop\/prodotto\/hyllus-diardi\/"]}]},{"@type":"ImageObject","inLanguage":"it-IT","@id":"https:\/\/insektenliebe.com\/it\/shop\/prodotto\/hyllus-diardi\/#primaryimage","url":"https:\/\/insektenliebe.com\/wp-content\/uploads\/2025\/05\/Hyllus-diardi-1-2.jpg","contentUrl":"https:\/\/insektenliebe.com\/wp-content\/uploads\/2025\/05\/Hyllus-diardi-1-2.jpg","width":820,"height":820,"caption":"Hyllus-diardi-1-2.jpg"},{"@type":"BreadcrumbList","@id":"https:\/\/insektenliebe.com\/it\/shop\/prodotto\/hyllus-diardi\/#breadcrumb","itemListElement":[{"@type":"ListItem","position":1,"name":"Startseite","item":"https:\/\/insektenliebe.com\/it\/"},{"@type":"ListItem","position":2,"name":"Negozio","item":"https:\/\/insektenliebe.com\/it\/negozio\/"},{"@type":"ListItem","position":3,"name":"Hyllus diardi"}]},{"@type":"WebSite","@id":"https:\/\/insektenliebe.com\/it\/#website","url":"https:\/\/insektenliebe.com\/it\/","name":"Insektenliebe","description":"Dein Zuhause f\u00fcr die kleinen Lebewesen","publisher":{"@id":"https:\/\/insektenliebe.com\/it\/#organization"},"potentialAction":[{"@type":"SearchAction","target":{"@type":"EntryPoint","urlTemplate":"https:\/\/insektenliebe.com\/it\/?s={search_term_string}"},"query-input":{"@type":"PropertyValueSpecification","valueRequired":true,"valueName":"search_term_string"}}],"inLanguage":"it-IT"},{"@type":"Organization","@id":"https:\/\/insektenliebe.com\/it\/#organization","name":"Insektenliebe","url":"https:\/\/insektenliebe.com\/it\/","logo":{"@type":"ImageObject","inLanguage":"it-IT","@id":"https:\/\/insektenliebe.com\/it\/#\/schema\/logo\/image\/","url":"https:\/\/insektenliebe.com\/wp-content\/uploads\/2025\/03\/logo-white.png","contentUrl":"https:\/\/insektenliebe.com\/wp-content\/uploads\/2025\/03\/logo-white.png","width":288,"height":188,"caption":"Insektenliebe"},"image":{"@id":"https:\/\/insektenliebe.com\/it\/#\/schema\/logo\/image\/"}}]}},"_links":{"self":[{"href":"https:\/\/insektenliebe.com\/it\/wp-json\/wp\/v2\/product\/189297","targetHints":{"allow":["GET"]}}],"collection":[{"href":"https:\/\/insektenliebe.com\/it\/wp-json\/wp\/v2\/product"}],"about":[{"href":"https:\/\/insektenliebe.com\/it\/wp-json\/wp\/v2\/types\/product"}],"wp:featuredmedia":[{"embeddable":true,"href":"https:\/\/insektenliebe.com\/it\/wp-json\/wp\/v2\/media\/188194"}],"wp:attachment":[{"href":"https:\/\/insektenliebe.com\/it\/wp-json\/wp\/v2\/media?parent=189297"}],"wp:term":[{"taxonomy":"product-supplier","embeddable":true,"href":"https:\/\/insektenliebe.com\/it\/wp-json\/wp\/v2\/product-supplier?post=189297"},{"taxonomy":"product_brand","embeddable":true,"href":"https:\/\/insektenliebe.com\/it\/wp-json\/wp\/v2\/product_brand?post=189297"},{"taxonomy":"product_cat","embeddable":true,"href":"https:\/\/insektenliebe.com\/it\/wp-json\/wp\/v2\/product_cat?post=189297"},{"taxonomy":"product_tag","embeddable":true,"href":"https:\/\/insektenliebe.com\/it\/wp-json\/wp\/v2\/product_tag?post=189297"},{"taxonomy":"lce-checkout-addons","embeddable":true,"href":"https:\/\/insektenliebe.com\/it\/wp-json\/wp\/v2\/lce-checkout-addons?post=189297"}],"curies":[{"name":"wp","href":"https:\/\/api.w.org\/{rel}","templated":true}]}}