{"id":189277,"date":"2024-09-24T16:00:53","date_gmt":"2024-09-24T14:00:53","guid":{"rendered":"https:\/\/insektenliebe.com\/shop\/produkt\/brachypelma-auratum\/"},"modified":"2024-09-24T16:00:53","modified_gmt":"2024-09-24T14:00:53","slug":"brachypelma-auratum","status":"publish","type":"product","link":"https:\/\/insektenliebe.com\/it\/shop\/prodotto\/brachypelma-auratum\/","title":{"rendered":"Brachypelma auratum"},"content":{"rendered":"<h3><span style=\"color: #99cc33;\"><strong>Brachypelma auratum: la fiamma messicana nel tuo terrario<\/strong><\/span><\/h3>\n<p class=\"p1\">La <b>Brachypelma auratum<\/b> \u00e8 uno spettacolo impressionante tra le tarantole. \u00c8 originaria delle regioni aride del Messico, dove vive in nascondigli naturali sotto le pietre e nelle tane. Questa tarantola attira l&#8217;attenzione con le sue ginocchia rosse, che le hanno fatto guadagnare il soprannome di \"ginocchia di fuoco\". Gli anelli bianchi delle zampe sono particolarmente evidenti e creano un contrasto attraente con il suo aspetto altrimenti scuro.   <\/p>\n<p class=\"p1\">Un terrario adatto a un <b>Brachypelma auratum<\/b> adulto dovrebbe misurare almeno 30 x 30 x 30 cm. In questo modo il ragno avr\u00e0 spazio sufficiente per muoversi e mostrare i suoi comportamenti tipici. Il substrato del terrario deve essere relativamente asciutto per imitare le condizioni del suo habitat naturale. Una miscela di humus forestale e sabbia in rapporto 1:1 aiuta a regolare l&#8217;umidit\u00e0 e offre al ragno la possibilit\u00e0 di scavare. Il terrario dovrebbe inoltre essere arredato con nascondigli naturali, come tubi di sughero, corteccia di sughero e altri legni e pietre decorative che fungono da nascondigli sicuri.    <\/p>\n<p>Si possono anche aggiungere delle piante artificiali per rendere il terrario pi\u00f9 gradevole dal punto di vista estetico e per fornire al ragno ulteriori possibilit\u00e0 di arrampicarsi.<\/p>\n<div class=\"react-scroll-to-bottom--css-sbfrk-1n7m0yu\">\n<div class=\"flex flex-col text-sm pb-9\">\n<div class=\"w-full text-token-text-primary sm:AIPRM__conversation__response\" data-testid=\"conversation-turn-29\">\n<div class=\"px-4 py-2 justify-center text-base md:gap-6 m-auto\">\n<div class=\"flex flex-1 text-base mx-auto gap-3 md:px-5 lg:px-1 xl:px-5 md:max-w-3xl lg:max-w- xl:max-w- group final-completion\">\n<div class=\"relative flex w-full flex-col agent-turn\">\n<div class=\"flex-col gap-1 md:gap-3\">\n<div class=\"flex flex-grow flex-col max-w-full\">\n<div class=\"min-h- text-message flex flex-col items-start gap-3 whitespace-pre-wrap break-words :mt-5 overflow-x-auto\" data-message-author-role=\"assistant\" data-message-id=\"89823a24-f53f-48eb-82b0-84e3103fabe2\">\n<div class=\"markdown prose w-full break-words dark:prose-invert light AIPRM__conversation__response\">\n<p class=\"p1\">Il <b>Brachypelma auratum<\/b> richiede una temperatura di circa 24-28\u00b0C, che pu\u00f2 essere raggiunta utilizzando una lampada termica. Un basso tasso di umidit\u00e0, pari al 40-50%, \u00e8 l&#8217;ideale, ma pu\u00f2 variare leggermente a seconda del periodo dell&#8217;anno e del clima della stanza. Una ciotola d&#8217;acqua poco profonda dovrebbe essere sempre disponibile per garantire l&#8217;idratazione.  <\/p>\n<p class=\"p1\">La dieta del <b>Brachypelma auratum<\/b> deve essere composta principalmente da insetti vivi come scarafaggi, grilli e occasionalmente piccole cavallette. \u00c8 importante che gli animali da mangiare siano puliti e sani per evitare la trasmissione di malattie. Un&#8217;alimentazione regolare ogni due settimane \u00e8 sufficiente, anche se la quantit\u00e0 e la frequenza devono essere modificate se il ragno si sta preparando per una muta o ha bisogno di recuperare le forze dopo una muta.  <\/p>\n<p class=\"p1\">Tenere il <b>Brachypelma auratum<\/b> non solo offre l&#8217;opportunit\u00e0 di osservare un animale affascinante, ma anche di conoscere meglio le esigenze e il comportamento di questa speciale specie di tarantola. Con le giuste cure, questo ragno pu\u00f2 diventare un compagno duraturo e impressionante della tua casa, offrendoti spunti di riflessione sul complesso mondo degli aracnidi. <\/p>\n<p class=\"p1\"><strong>Nota sull&#8217;obbligo di rendicontazione:<\/strong><b><\/b><\/p>\n<p class=\"p1\">Questa specie di tarantola \u00e8 soggetta a registrazione obbligatoria. La legge richiede una prova di origine per questo animale. Se ordini da noi una specie soggetta a registrazione, riceverai automaticamente un link per scaricare il relativo certificato con la conferma dell&#8217;ordine. In questo modo avrai subito a portata di mano tutti i documenti necessari e potrai conservarli in formato digitale o stampato.   <\/p>\n<\/div>\n<\/div>\n<\/div>\n<\/div>\n<\/div>\n<\/div>\n<\/div>\n<\/div>\n<\/div>\n<\/div>\n","protected":false},"excerpt":{"rendered":"<p>Brachypelma auratum: la fiamma messicana nel tuo terrario La Brachypelma auratum \u00e8 uno spettacolo impressionante tra le tarantole. \u00c8 originaria delle regioni aride del Messico, dove vive in nascondigli naturali sotto le pietre e nelle tane. Questa tarantola attira l&#8217;attenzione con le sue ginocchia rosse, che le hanno fatto guadagnare il soprannome di \"ginocchia di [&hellip;]<\/p>\n","protected":false},"featured_media":189291,"template":"","meta":{"_acf_changed":false},"product-supplier":[],"product_brand":[],"product_cat":[2809,3004],"product_tag":[],"lce-checkout-addons":[2746],"class_list":{"0":"post-189277","1":"product","2":"type-product","3":"status-publish","4":"has-post-thumbnail","6":"product_cat-ragni","7":"product_cat-tarantole","8":"product_shipping_class-spedizione-di-animali","9":"pa_geschlecht-donna","10":"pa_geschlecht-indeterminato","11":"pa_geschlecht-uomo","12":"pa_herkunft-messico","13":"pa_kontinent-nord-america","14":"lce-checkout-addons-imballaggio-invernale","16":"first","17":"instock","18":"taxable","19":"shipping-taxable","20":"purchasable","21":"product-type-variable"},"acf":[],"yoast_head":"<!-- This site is optimized with the Yoast SEO plugin v27.3 - https:\/\/yoast.com\/product\/yoast-seo-wordpress\/ -->\n<title>Brachypelma auratum - Insektenliebe<\/title>\n<meta name=\"description\" content=\"La Brachypelma auratum ha un aspetto impressionante tra le tarantole. Acquista qui direttamente dall&#039;allevatore!\" \/>\n<meta name=\"robots\" content=\"index, follow, max-snippet:-1, max-image-preview:large, max-video-preview:-1\" \/>\n<link rel=\"canonical\" href=\"https:\/\/insektenliebe.com\/it\/shop\/prodotto\/brachypelma-auratum\/\" \/>\n<meta property=\"og:locale\" content=\"it_IT\" \/>\n<meta property=\"og:type\" content=\"article\" \/>\n<meta property=\"og:title\" content=\"Brachypelma auratum - Insektenliebe\" \/>\n<meta property=\"og:description\" content=\"La Brachypelma auratum ha un aspetto impressionante tra le tarantole. Acquista qui direttamente dall&#039;allevatore!\" \/>\n<meta property=\"og:url\" content=\"https:\/\/insektenliebe.com\/it\/shop\/prodotto\/brachypelma-auratum\/\" \/>\n<meta property=\"og:site_name\" content=\"Insektenliebe\" \/>\n<meta property=\"og:image\" content=\"https:\/\/insektenliebe.com\/wp-content\/uploads\/2025\/05\/Brachypelma-auratum-2.jpg\" \/>\n\t<meta property=\"og:image:width\" content=\"820\" \/>\n\t<meta property=\"og:image:height\" content=\"820\" \/>\n\t<meta property=\"og:image:type\" content=\"image\/jpeg\" \/>\n<meta name=\"twitter:card\" content=\"summary_large_image\" \/>\n<meta name=\"twitter:label1\" content=\"Tempo di lettura stimato\" \/>\n\t<meta name=\"twitter:data1\" content=\"2 minuto\" \/>\n<script type=\"application\/ld+json\" class=\"yoast-schema-graph\">{\"@context\":\"https:\\\/\\\/schema.org\",\"@graph\":[{\"@type\":\"WebPage\",\"@id\":\"https:\\\/\\\/insektenliebe.com\\\/it\\\/shop\\\/prodotto\\\/brachypelma-auratum\\\/\",\"url\":\"https:\\\/\\\/insektenliebe.com\\\/it\\\/shop\\\/prodotto\\\/brachypelma-auratum\\\/\",\"name\":\"Brachypelma auratum - Insektenliebe\",\"isPartOf\":{\"@id\":\"https:\\\/\\\/insektenliebe.com\\\/it\\\/#website\"},\"primaryImageOfPage\":{\"@id\":\"https:\\\/\\\/insektenliebe.com\\\/it\\\/shop\\\/prodotto\\\/brachypelma-auratum\\\/#primaryimage\"},\"image\":{\"@id\":\"https:\\\/\\\/insektenliebe.com\\\/it\\\/shop\\\/prodotto\\\/brachypelma-auratum\\\/#primaryimage\"},\"thumbnailUrl\":\"https:\\\/\\\/insektenliebe.com\\\/wp-content\\\/uploads\\\/2025\\\/05\\\/Brachypelma-auratum-2.jpg\",\"datePublished\":\"2024-09-24T14:00:53+00:00\",\"description\":\"La Brachypelma auratum ha un aspetto impressionante tra le tarantole. Acquista qui direttamente dall'allevatore!\",\"breadcrumb\":{\"@id\":\"https:\\\/\\\/insektenliebe.com\\\/it\\\/shop\\\/prodotto\\\/brachypelma-auratum\\\/#breadcrumb\"},\"inLanguage\":\"it-IT\",\"potentialAction\":[{\"@type\":\"ReadAction\",\"target\":[\"https:\\\/\\\/insektenliebe.com\\\/it\\\/shop\\\/prodotto\\\/brachypelma-auratum\\\/\"]}]},{\"@type\":\"ImageObject\",\"inLanguage\":\"it-IT\",\"@id\":\"https:\\\/\\\/insektenliebe.com\\\/it\\\/shop\\\/prodotto\\\/brachypelma-auratum\\\/#primaryimage\",\"url\":\"https:\\\/\\\/insektenliebe.com\\\/wp-content\\\/uploads\\\/2025\\\/05\\\/Brachypelma-auratum-2.jpg\",\"contentUrl\":\"https:\\\/\\\/insektenliebe.com\\\/wp-content\\\/uploads\\\/2025\\\/05\\\/Brachypelma-auratum-2.jpg\",\"width\":820,\"height\":820,\"caption\":\"Brachypelma-auratum-2.jpg\"},{\"@type\":\"BreadcrumbList\",\"@id\":\"https:\\\/\\\/insektenliebe.com\\\/it\\\/shop\\\/prodotto\\\/brachypelma-auratum\\\/#breadcrumb\",\"itemListElement\":[{\"@type\":\"ListItem\",\"position\":1,\"name\":\"Startseite\",\"item\":\"https:\\\/\\\/insektenliebe.com\\\/it\\\/\"},{\"@type\":\"ListItem\",\"position\":2,\"name\":\"Negozio\",\"item\":\"https:\\\/\\\/insektenliebe.com\\\/it\\\/negozio\\\/\"},{\"@type\":\"ListItem\",\"position\":3,\"name\":\"Brachypelma auratum\"}]},{\"@type\":\"WebSite\",\"@id\":\"https:\\\/\\\/insektenliebe.com\\\/it\\\/#website\",\"url\":\"https:\\\/\\\/insektenliebe.com\\\/it\\\/\",\"name\":\"Insektenliebe\",\"description\":\"Dein Zuhause f\u00fcr die kleinen Lebewesen\",\"publisher\":{\"@id\":\"https:\\\/\\\/insektenliebe.com\\\/it\\\/#organization\"},\"potentialAction\":[{\"@type\":\"SearchAction\",\"target\":{\"@type\":\"EntryPoint\",\"urlTemplate\":\"https:\\\/\\\/insektenliebe.com\\\/it\\\/?s={search_term_string}\"},\"query-input\":{\"@type\":\"PropertyValueSpecification\",\"valueRequired\":true,\"valueName\":\"search_term_string\"}}],\"inLanguage\":\"it-IT\"},{\"@type\":\"Organization\",\"@id\":\"https:\\\/\\\/insektenliebe.com\\\/it\\\/#organization\",\"name\":\"Insektenliebe\",\"url\":\"https:\\\/\\\/insektenliebe.com\\\/it\\\/\",\"logo\":{\"@type\":\"ImageObject\",\"inLanguage\":\"it-IT\",\"@id\":\"https:\\\/\\\/insektenliebe.com\\\/it\\\/#\\\/schema\\\/logo\\\/image\\\/\",\"url\":\"https:\\\/\\\/insektenliebe.com\\\/wp-content\\\/uploads\\\/2025\\\/03\\\/logo-white.png\",\"contentUrl\":\"https:\\\/\\\/insektenliebe.com\\\/wp-content\\\/uploads\\\/2025\\\/03\\\/logo-white.png\",\"width\":288,\"height\":188,\"caption\":\"Insektenliebe\"},\"image\":{\"@id\":\"https:\\\/\\\/insektenliebe.com\\\/it\\\/#\\\/schema\\\/logo\\\/image\\\/\"}}]}<\/script>\n<!-- \/ Yoast SEO plugin. -->","yoast_head_json":{"title":"Brachypelma auratum - Insektenliebe","description":"La Brachypelma auratum ha un aspetto impressionante tra le tarantole. Acquista qui direttamente dall'allevatore!","robots":{"index":"index","follow":"follow","max-snippet":"max-snippet:-1","max-image-preview":"max-image-preview:large","max-video-preview":"max-video-preview:-1"},"canonical":"https:\/\/insektenliebe.com\/it\/shop\/prodotto\/brachypelma-auratum\/","og_locale":"it_IT","og_type":"article","og_title":"Brachypelma auratum - Insektenliebe","og_description":"La Brachypelma auratum ha un aspetto impressionante tra le tarantole. Acquista qui direttamente dall'allevatore!","og_url":"https:\/\/insektenliebe.com\/it\/shop\/prodotto\/brachypelma-auratum\/","og_site_name":"Insektenliebe","og_image":[{"width":820,"height":820,"url":"https:\/\/insektenliebe.com\/wp-content\/uploads\/2025\/05\/Brachypelma-auratum-2.jpg","type":"image\/jpeg"}],"twitter_card":"summary_large_image","twitter_misc":{"Tempo di lettura stimato":"2 minuto"},"schema":{"@context":"https:\/\/schema.org","@graph":[{"@type":"WebPage","@id":"https:\/\/insektenliebe.com\/it\/shop\/prodotto\/brachypelma-auratum\/","url":"https:\/\/insektenliebe.com\/it\/shop\/prodotto\/brachypelma-auratum\/","name":"Brachypelma auratum - Insektenliebe","isPartOf":{"@id":"https:\/\/insektenliebe.com\/it\/#website"},"primaryImageOfPage":{"@id":"https:\/\/insektenliebe.com\/it\/shop\/prodotto\/brachypelma-auratum\/#primaryimage"},"image":{"@id":"https:\/\/insektenliebe.com\/it\/shop\/prodotto\/brachypelma-auratum\/#primaryimage"},"thumbnailUrl":"https:\/\/insektenliebe.com\/wp-content\/uploads\/2025\/05\/Brachypelma-auratum-2.jpg","datePublished":"2024-09-24T14:00:53+00:00","description":"La Brachypelma auratum ha un aspetto impressionante tra le tarantole. Acquista qui direttamente dall'allevatore!","breadcrumb":{"@id":"https:\/\/insektenliebe.com\/it\/shop\/prodotto\/brachypelma-auratum\/#breadcrumb"},"inLanguage":"it-IT","potentialAction":[{"@type":"ReadAction","target":["https:\/\/insektenliebe.com\/it\/shop\/prodotto\/brachypelma-auratum\/"]}]},{"@type":"ImageObject","inLanguage":"it-IT","@id":"https:\/\/insektenliebe.com\/it\/shop\/prodotto\/brachypelma-auratum\/#primaryimage","url":"https:\/\/insektenliebe.com\/wp-content\/uploads\/2025\/05\/Brachypelma-auratum-2.jpg","contentUrl":"https:\/\/insektenliebe.com\/wp-content\/uploads\/2025\/05\/Brachypelma-auratum-2.jpg","width":820,"height":820,"caption":"Brachypelma-auratum-2.jpg"},{"@type":"BreadcrumbList","@id":"https:\/\/insektenliebe.com\/it\/shop\/prodotto\/brachypelma-auratum\/#breadcrumb","itemListElement":[{"@type":"ListItem","position":1,"name":"Startseite","item":"https:\/\/insektenliebe.com\/it\/"},{"@type":"ListItem","position":2,"name":"Negozio","item":"https:\/\/insektenliebe.com\/it\/negozio\/"},{"@type":"ListItem","position":3,"name":"Brachypelma auratum"}]},{"@type":"WebSite","@id":"https:\/\/insektenliebe.com\/it\/#website","url":"https:\/\/insektenliebe.com\/it\/","name":"Insektenliebe","description":"Dein Zuhause f\u00fcr die kleinen Lebewesen","publisher":{"@id":"https:\/\/insektenliebe.com\/it\/#organization"},"potentialAction":[{"@type":"SearchAction","target":{"@type":"EntryPoint","urlTemplate":"https:\/\/insektenliebe.com\/it\/?s={search_term_string}"},"query-input":{"@type":"PropertyValueSpecification","valueRequired":true,"valueName":"search_term_string"}}],"inLanguage":"it-IT"},{"@type":"Organization","@id":"https:\/\/insektenliebe.com\/it\/#organization","name":"Insektenliebe","url":"https:\/\/insektenliebe.com\/it\/","logo":{"@type":"ImageObject","inLanguage":"it-IT","@id":"https:\/\/insektenliebe.com\/it\/#\/schema\/logo\/image\/","url":"https:\/\/insektenliebe.com\/wp-content\/uploads\/2025\/03\/logo-white.png","contentUrl":"https:\/\/insektenliebe.com\/wp-content\/uploads\/2025\/03\/logo-white.png","width":288,"height":188,"caption":"Insektenliebe"},"image":{"@id":"https:\/\/insektenliebe.com\/it\/#\/schema\/logo\/image\/"}}]}},"_links":{"self":[{"href":"https:\/\/insektenliebe.com\/it\/wp-json\/wp\/v2\/product\/189277","targetHints":{"allow":["GET"]}}],"collection":[{"href":"https:\/\/insektenliebe.com\/it\/wp-json\/wp\/v2\/product"}],"about":[{"href":"https:\/\/insektenliebe.com\/it\/wp-json\/wp\/v2\/types\/product"}],"wp:featuredmedia":[{"embeddable":true,"href":"https:\/\/insektenliebe.com\/it\/wp-json\/wp\/v2\/media\/189291"}],"wp:attachment":[{"href":"https:\/\/insektenliebe.com\/it\/wp-json\/wp\/v2\/media?parent=189277"}],"wp:term":[{"taxonomy":"product-supplier","embeddable":true,"href":"https:\/\/insektenliebe.com\/it\/wp-json\/wp\/v2\/product-supplier?post=189277"},{"taxonomy":"product_brand","embeddable":true,"href":"https:\/\/insektenliebe.com\/it\/wp-json\/wp\/v2\/product_brand?post=189277"},{"taxonomy":"product_cat","embeddable":true,"href":"https:\/\/insektenliebe.com\/it\/wp-json\/wp\/v2\/product_cat?post=189277"},{"taxonomy":"product_tag","embeddable":true,"href":"https:\/\/insektenliebe.com\/it\/wp-json\/wp\/v2\/product_tag?post=189277"},{"taxonomy":"lce-checkout-addons","embeddable":true,"href":"https:\/\/insektenliebe.com\/it\/wp-json\/wp\/v2\/lce-checkout-addons?post=189277"}],"curies":[{"name":"wp","href":"https:\/\/api.w.org\/{rel}","templated":true}]}}