{"id":189257,"date":"2024-10-15T11:10:34","date_gmt":"2024-10-15T09:10:34","guid":{"rendered":"https:\/\/insektenliebe.com\/shop\/produkt\/lycosa-praegrandis\/"},"modified":"2024-10-15T11:10:34","modified_gmt":"2024-10-15T09:10:34","slug":"lycosa-praegrandis","status":"publish","type":"product","link":"https:\/\/insektenliebe.com\/it\/shop\/prodotto\/lycosa-praegrandis\/","title":{"rendered":"Lycosa praegrandis"},"content":{"rendered":"<h3>Luce<\/h3>\n<h3>Medio Oriente<\/h3>\n<h3>3 CM<\/h3>\n<h3>20-28 \u00b0C<\/h3>\n<h3><span style=\"color: #99cc33\"><strong>Lycosa praegrandis: un affascinante abitante delle steppe secche<\/strong><\/span><\/h3>\n<div>\n<p><strong>La Lycosa praegrandis<\/strong> \u00e8 un impressionante ragno lupo distribuito dalla Grecia attraverso l&#8217;Asia Minore, il Caucaso e l&#8217;Iran fino al Kirghizistan e al Kazakistan sudorientale. Questa robusta specie si trova nelle pianure aride con vegetazione stepposa e nelle zone pedemontane secche e pietrose ed \u00e8 caratterizzata dalla capacit\u00e0 di scavare tane complesse. Queste tane, che possono raggiungere una profondit\u00e0 di 20 cm e un diametro di circa 25 mm, sono accuratamente rivestite di seta di ragno per proteggersi dagli intrusi e dalle influenze ambientali.  <\/p>\n<p>Quando si tiene la <strong>Lycosa praegrandis<\/strong> in un terrario, \u00e8 importante creare un habitat che ricalchi il suo ambiente naturale. Un terrario per un ragno adulto dovrebbe misurare almeno 30x30x30 cm per fornire spazio sufficiente al comportamento naturale del ragno. Il terrario dovrebbe contenere una miscela di sabbia e humus forestale, integrata da pietre o radici per consentire al ragno di scavare le sue caratteristiche tane.  <\/p>\n<\/div>\n<p><img decoding=\"async\" src=\"https:\/\/insektenliebe.com\/wp-content\/uploads\/2024\/10\/Lycosa-praegrandis-Vogelperspektive.jpg\" alt=\"Lycosa praegrandis vista dall'alto\"><\/p>\n<p><img decoding=\"async\" src=\"https:\/\/insektenliebe.com\/wp-content\/uploads\/2024\/10\/Lycosa-praegrandis-Face.jpg\" alt=\"Lycosa praegrandis-Face\"><\/p>\n<p>Le condizioni del terrario devono essere mantenute asciutte, con un leggero gradiente di umidit\u00e0 per simulare le condizioni di vita naturali. La <strong>Lycosa praegrandis<\/strong> raggiunge una durata massima di vita di circa tre anni. Per garantire il suo benessere, \u00e8 importante mantenere l&#8217;ambiente del terrario asciutto. Tuttavia, devi sempre assicurarti di fornire una ciotola di acqua fresca. In questo modo si assicura che il ragno abbia sempre accesso all&#8217;acqua potabile, essenziale per la sua salute e idratazione.    <\/p>\n<p>Le temperature dovrebbero essere comprese tra i 24 e i 28 gradi Celsius durante il giorno, con lievi cali durante la notte, ma non inferiori ai 18 gradi Celsius. Un&#8217;illuminazione adeguata che simuli il ritmo circadiano naturale favorisce il benessere del ragno. La dieta deve corrispondere alla loro alimentazione naturale e consistere principalmente in insetti adatti che favoriscano il naturale comportamento di caccia del ragno.  <\/p>\n<p><strong>La Lycosa praegrandis<\/strong> non \u00e8 solo un appassionante oggetto di studio per il suo interessante stile di vita, ma anche per la sua adattabilit\u00e0 e capacit\u00e0 di sopravvivere in habitat estremi, che la rendono un arricchimento per qualsiasi terrario. L&#8217;allevamento di questo animale offre una profonda conoscenza del comportamento e dell&#8217;ecologia di una delle specie di ragni pi\u00f9 adattabili. <\/p>\n<p><strong style=\"color: #99cc33;font-size: 20.16px\">Prodotti per Lycosa praegrandis<\/strong><strong style=\"color: #99cc33;font-size: 20.16px\">!<\/strong><\/p>\n","protected":false},"excerpt":{"rendered":"<p>Luce Medio Oriente 3 CM 20-28 \u00b0C Lycosa praegrandis: un affascinante abitante delle steppe secche La Lycosa praegrandis \u00e8 un impressionante ragno lupo distribuito dalla Grecia attraverso l&#8217;Asia Minore, il Caucaso e l&#8217;Iran fino al Kirghizistan e al Kazakistan sudorientale. Questa robusta specie si trova nelle pianure aride con vegetazione stepposa e nelle zone pedemontane [&hellip;]<\/p>\n","protected":false},"featured_media":189259,"template":"","meta":{"_acf_changed":false},"product-supplier":[],"product_brand":[],"product_cat":[2999,2809],"product_tag":[],"lce-checkout-addons":[2746],"class_list":{"0":"post-189257","1":"product","2":"type-product","3":"status-publish","4":"has-post-thumbnail","6":"product_cat-altri-ragni","7":"product_cat-ragni","8":"product_shipping_class-spedizione-di-animali","9":"lce-checkout-addons-imballaggio-invernale","11":"first","12":"outofstock","13":"taxable","14":"shipping-taxable","15":"product-type-variable","16":"has-default-attributes"},"acf":[],"yoast_head":"<!-- This site is optimized with the Yoast SEO Premium plugin v26.8 (Yoast SEO v27.3) - https:\/\/yoast.com\/product\/yoast-seo-premium-wordpress\/ -->\n<title>Lycosa praegrandis - Insektenliebe<\/title>\n<meta name=\"description\" content=\"Acquista la Lycosa praegrandis a basso costo e direttamente online. Scopri un robusto ragno lupo, perfettamente adattato ai paesaggi aridi della steppa.\" \/>\n<meta name=\"robots\" content=\"index, follow, max-snippet:-1, max-image-preview:large, max-video-preview:-1\" \/>\n<link rel=\"canonical\" href=\"https:\/\/insektenliebe.com\/it\/shop\/prodotto\/lycosa-praegrandis\/\" \/>\n<meta property=\"og:locale\" content=\"it_IT\" \/>\n<meta property=\"og:type\" content=\"article\" \/>\n<meta property=\"og:title\" content=\"Lycosa praegrandis\" \/>\n<meta property=\"og:description\" content=\"Acquista la Lycosa praegrandis a basso costo e direttamente online. Scopri un robusto ragno lupo, perfettamente adattato ai paesaggi aridi della steppa.\" \/>\n<meta property=\"og:url\" content=\"https:\/\/insektenliebe.com\/it\/shop\/prodotto\/lycosa-praegrandis\/\" \/>\n<meta property=\"og:site_name\" content=\"Insektenliebe\" \/>\n<meta property=\"og:image\" content=\"https:\/\/insektenliebe.com\/wp-content\/uploads\/2025\/05\/Lycosa-praegrandis-2.jpg\" \/>\n\t<meta property=\"og:image:width\" content=\"820\" \/>\n\t<meta property=\"og:image:height\" content=\"820\" \/>\n\t<meta property=\"og:image:type\" content=\"image\/jpeg\" \/>\n<meta name=\"twitter:card\" content=\"summary_large_image\" \/>\n<meta name=\"twitter:label1\" content=\"Disponibilit\u00e0\" \/>\n\t<meta name=\"twitter:data1\" content=\"Esaurito\" \/>\n<script type=\"application\/ld+json\" class=\"yoast-schema-graph\">{\"@context\":\"https:\\\/\\\/schema.org\",\"@graph\":[{\"@type\":\"WebPage\",\"@id\":\"https:\\\/\\\/insektenliebe.com\\\/it\\\/shop\\\/prodotto\\\/lycosa-praegrandis\\\/\",\"url\":\"https:\\\/\\\/insektenliebe.com\\\/it\\\/shop\\\/prodotto\\\/lycosa-praegrandis\\\/\",\"name\":\"Lycosa praegrandis - Insektenliebe\",\"isPartOf\":{\"@id\":\"https:\\\/\\\/insektenliebe.com\\\/it\\\/#website\"},\"primaryImageOfPage\":{\"@id\":\"https:\\\/\\\/insektenliebe.com\\\/it\\\/shop\\\/prodotto\\\/lycosa-praegrandis\\\/#primaryimage\"},\"image\":{\"@id\":\"https:\\\/\\\/insektenliebe.com\\\/it\\\/shop\\\/prodotto\\\/lycosa-praegrandis\\\/#primaryimage\"},\"thumbnailUrl\":\"https:\\\/\\\/insektenliebe.com\\\/wp-content\\\/uploads\\\/2025\\\/05\\\/Lycosa-praegrandis-2.jpg\",\"datePublished\":\"2024-10-15T09:10:34+00:00\",\"description\":\"Acquista la Lycosa praegrandis a basso costo e direttamente online. Scopri un robusto ragno lupo, perfettamente adattato ai paesaggi aridi della steppa.\",\"breadcrumb\":{\"@id\":\"https:\\\/\\\/insektenliebe.com\\\/it\\\/shop\\\/prodotto\\\/lycosa-praegrandis\\\/#breadcrumb\"},\"inLanguage\":\"it-IT\",\"potentialAction\":[{\"@type\":\"ReadAction\",\"target\":[\"https:\\\/\\\/insektenliebe.com\\\/it\\\/shop\\\/prodotto\\\/lycosa-praegrandis\\\/\"]}]},{\"@type\":\"ImageObject\",\"inLanguage\":\"it-IT\",\"@id\":\"https:\\\/\\\/insektenliebe.com\\\/it\\\/shop\\\/prodotto\\\/lycosa-praegrandis\\\/#primaryimage\",\"url\":\"https:\\\/\\\/insektenliebe.com\\\/wp-content\\\/uploads\\\/2025\\\/05\\\/Lycosa-praegrandis-2.jpg\",\"contentUrl\":\"https:\\\/\\\/insektenliebe.com\\\/wp-content\\\/uploads\\\/2025\\\/05\\\/Lycosa-praegrandis-2.jpg\",\"width\":820,\"height\":820,\"caption\":\"Lycosa-praegrandis-2.jpg\"},{\"@type\":\"BreadcrumbList\",\"@id\":\"https:\\\/\\\/insektenliebe.com\\\/it\\\/shop\\\/prodotto\\\/lycosa-praegrandis\\\/#breadcrumb\",\"itemListElement\":[{\"@type\":\"ListItem\",\"position\":1,\"name\":\"Startseite\",\"item\":\"https:\\\/\\\/insektenliebe.com\\\/it\\\/\"},{\"@type\":\"ListItem\",\"position\":2,\"name\":\"Negozio\",\"item\":\"https:\\\/\\\/insektenliebe.com\\\/it\\\/negozio\\\/\"},{\"@type\":\"ListItem\",\"position\":3,\"name\":\"Lycosa praegrandis\"}]},{\"@type\":\"WebSite\",\"@id\":\"https:\\\/\\\/insektenliebe.com\\\/it\\\/#website\",\"url\":\"https:\\\/\\\/insektenliebe.com\\\/it\\\/\",\"name\":\"Insektenliebe\",\"description\":\"Dein Zuhause f\u00fcr die kleinen Lebewesen\",\"publisher\":{\"@id\":\"https:\\\/\\\/insektenliebe.com\\\/it\\\/#organization\"},\"potentialAction\":[{\"@type\":\"SearchAction\",\"target\":{\"@type\":\"EntryPoint\",\"urlTemplate\":\"https:\\\/\\\/insektenliebe.com\\\/it\\\/?s={search_term_string}\"},\"query-input\":{\"@type\":\"PropertyValueSpecification\",\"valueRequired\":true,\"valueName\":\"search_term_string\"}}],\"inLanguage\":\"it-IT\"},{\"@type\":\"Organization\",\"@id\":\"https:\\\/\\\/insektenliebe.com\\\/it\\\/#organization\",\"name\":\"Insektenliebe\",\"url\":\"https:\\\/\\\/insektenliebe.com\\\/it\\\/\",\"logo\":{\"@type\":\"ImageObject\",\"inLanguage\":\"it-IT\",\"@id\":\"https:\\\/\\\/insektenliebe.com\\\/it\\\/#\\\/schema\\\/logo\\\/image\\\/\",\"url\":\"https:\\\/\\\/insektenliebe.com\\\/wp-content\\\/uploads\\\/2025\\\/03\\\/logo-white.png\",\"contentUrl\":\"https:\\\/\\\/insektenliebe.com\\\/wp-content\\\/uploads\\\/2025\\\/03\\\/logo-white.png\",\"width\":288,\"height\":188,\"caption\":\"Insektenliebe\"},\"image\":{\"@id\":\"https:\\\/\\\/insektenliebe.com\\\/it\\\/#\\\/schema\\\/logo\\\/image\\\/\"}}]}<\/script>\n<meta property=\"og:availability\" content=\"out of stock\" \/>\n<meta property=\"product:availability\" content=\"out of stock\" \/>\n<meta property=\"product:retailer_item_id\" content=\"648\" \/>\n<meta property=\"product:condition\" content=\"new\" \/>\n<!-- \/ Yoast SEO Premium plugin. -->","yoast_head_json":{"title":"Lycosa praegrandis - Insektenliebe","description":"Acquista la Lycosa praegrandis a basso costo e direttamente online. Scopri un robusto ragno lupo, perfettamente adattato ai paesaggi aridi della steppa.","robots":{"index":"index","follow":"follow","max-snippet":"max-snippet:-1","max-image-preview":"max-image-preview:large","max-video-preview":"max-video-preview:-1"},"canonical":"https:\/\/insektenliebe.com\/it\/shop\/prodotto\/lycosa-praegrandis\/","og_locale":"it_IT","og_type":"article","og_title":"Lycosa praegrandis","og_description":"Acquista la Lycosa praegrandis a basso costo e direttamente online. Scopri un robusto ragno lupo, perfettamente adattato ai paesaggi aridi della steppa.","og_url":"https:\/\/insektenliebe.com\/it\/shop\/prodotto\/lycosa-praegrandis\/","og_site_name":"Insektenliebe","og_image":[{"width":820,"height":820,"url":"https:\/\/insektenliebe.com\/wp-content\/uploads\/2025\/05\/Lycosa-praegrandis-2.jpg","type":"image\/jpeg"}],"twitter_card":"summary_large_image","twitter_misc":{"Disponibilit\u00e0":"Esaurito"},"schema":{"@context":"https:\/\/schema.org","@graph":[{"@type":"WebPage","@id":"https:\/\/insektenliebe.com\/it\/shop\/prodotto\/lycosa-praegrandis\/","url":"https:\/\/insektenliebe.com\/it\/shop\/prodotto\/lycosa-praegrandis\/","name":"Lycosa praegrandis - Insektenliebe","isPartOf":{"@id":"https:\/\/insektenliebe.com\/it\/#website"},"primaryImageOfPage":{"@id":"https:\/\/insektenliebe.com\/it\/shop\/prodotto\/lycosa-praegrandis\/#primaryimage"},"image":{"@id":"https:\/\/insektenliebe.com\/it\/shop\/prodotto\/lycosa-praegrandis\/#primaryimage"},"thumbnailUrl":"https:\/\/insektenliebe.com\/wp-content\/uploads\/2025\/05\/Lycosa-praegrandis-2.jpg","datePublished":"2024-10-15T09:10:34+00:00","description":"Acquista la Lycosa praegrandis a basso costo e direttamente online. Scopri un robusto ragno lupo, perfettamente adattato ai paesaggi aridi della steppa.","breadcrumb":{"@id":"https:\/\/insektenliebe.com\/it\/shop\/prodotto\/lycosa-praegrandis\/#breadcrumb"},"inLanguage":"it-IT","potentialAction":[{"@type":"ReadAction","target":["https:\/\/insektenliebe.com\/it\/shop\/prodotto\/lycosa-praegrandis\/"]}]},{"@type":"ImageObject","inLanguage":"it-IT","@id":"https:\/\/insektenliebe.com\/it\/shop\/prodotto\/lycosa-praegrandis\/#primaryimage","url":"https:\/\/insektenliebe.com\/wp-content\/uploads\/2025\/05\/Lycosa-praegrandis-2.jpg","contentUrl":"https:\/\/insektenliebe.com\/wp-content\/uploads\/2025\/05\/Lycosa-praegrandis-2.jpg","width":820,"height":820,"caption":"Lycosa-praegrandis-2.jpg"},{"@type":"BreadcrumbList","@id":"https:\/\/insektenliebe.com\/it\/shop\/prodotto\/lycosa-praegrandis\/#breadcrumb","itemListElement":[{"@type":"ListItem","position":1,"name":"Startseite","item":"https:\/\/insektenliebe.com\/it\/"},{"@type":"ListItem","position":2,"name":"Negozio","item":"https:\/\/insektenliebe.com\/it\/negozio\/"},{"@type":"ListItem","position":3,"name":"Lycosa praegrandis"}]},{"@type":"WebSite","@id":"https:\/\/insektenliebe.com\/it\/#website","url":"https:\/\/insektenliebe.com\/it\/","name":"Insektenliebe","description":"Dein Zuhause f\u00fcr die kleinen Lebewesen","publisher":{"@id":"https:\/\/insektenliebe.com\/it\/#organization"},"potentialAction":[{"@type":"SearchAction","target":{"@type":"EntryPoint","urlTemplate":"https:\/\/insektenliebe.com\/it\/?s={search_term_string}"},"query-input":{"@type":"PropertyValueSpecification","valueRequired":true,"valueName":"search_term_string"}}],"inLanguage":"it-IT"},{"@type":"Organization","@id":"https:\/\/insektenliebe.com\/it\/#organization","name":"Insektenliebe","url":"https:\/\/insektenliebe.com\/it\/","logo":{"@type":"ImageObject","inLanguage":"it-IT","@id":"https:\/\/insektenliebe.com\/it\/#\/schema\/logo\/image\/","url":"https:\/\/insektenliebe.com\/wp-content\/uploads\/2025\/03\/logo-white.png","contentUrl":"https:\/\/insektenliebe.com\/wp-content\/uploads\/2025\/03\/logo-white.png","width":288,"height":188,"caption":"Insektenliebe"},"image":{"@id":"https:\/\/insektenliebe.com\/it\/#\/schema\/logo\/image\/"}}]},"og_availability":"out of stock","product_availability":"out of stock","product_retailer_item_id":"648","product_condition":"new"},"_links":{"self":[{"href":"https:\/\/insektenliebe.com\/it\/wp-json\/wp\/v2\/product\/189257","targetHints":{"allow":["GET"]}}],"collection":[{"href":"https:\/\/insektenliebe.com\/it\/wp-json\/wp\/v2\/product"}],"about":[{"href":"https:\/\/insektenliebe.com\/it\/wp-json\/wp\/v2\/types\/product"}],"wp:featuredmedia":[{"embeddable":true,"href":"https:\/\/insektenliebe.com\/it\/wp-json\/wp\/v2\/media\/189259"}],"wp:attachment":[{"href":"https:\/\/insektenliebe.com\/it\/wp-json\/wp\/v2\/media?parent=189257"}],"wp:term":[{"taxonomy":"product-supplier","embeddable":true,"href":"https:\/\/insektenliebe.com\/it\/wp-json\/wp\/v2\/product-supplier?post=189257"},{"taxonomy":"product_brand","embeddable":true,"href":"https:\/\/insektenliebe.com\/it\/wp-json\/wp\/v2\/product_brand?post=189257"},{"taxonomy":"product_cat","embeddable":true,"href":"https:\/\/insektenliebe.com\/it\/wp-json\/wp\/v2\/product_cat?post=189257"},{"taxonomy":"product_tag","embeddable":true,"href":"https:\/\/insektenliebe.com\/it\/wp-json\/wp\/v2\/product_tag?post=189257"},{"taxonomy":"lce-checkout-addons","embeddable":true,"href":"https:\/\/insektenliebe.com\/it\/wp-json\/wp\/v2\/lce-checkout-addons?post=189257"}],"curies":[{"name":"wp","href":"https:\/\/api.w.org\/{rel}","templated":true}]}}