{"id":189241,"date":"2025-03-13T14:00:00","date_gmt":"2025-03-13T13:00:00","guid":{"rendered":"https:\/\/insektenliebe.com\/shop\/produkt\/cubaris-murina-glacier\/"},"modified":"2025-03-13T14:00:00","modified_gmt":"2025-03-13T13:00:00","slug":"cubaris-murina-glacier","status":"publish","type":"product","link":"https:\/\/insektenliebe.com\/it\/shop\/prodotto\/cubaris-murina-glacier\/","title":{"rendered":"Cubaris murina \"Glacier"},"content":{"rendered":"<h3 data-start=\"0\" data-end=\"61\"><span style=\"color: #99cc33\"><strong>Cubaris murina \"Glacier\" - Eleganti isopodi per il tuo terrario<\/strong><\/span><\/h3>\n<p data-start=\"63\" data-end=\"254\">La nuova variante di colore <strong>Cubaris murina \"Glacier\"<\/strong> si distingue per il suo aspetto incredibilmente luminoso, quasi bianco traslucido, che dona una fresca eleganza a qualsiasi terrario.<\/p>\n<p data-start=\"256\" data-end=\"607\"><strong>Cubaris murina \"Glacier\"<\/strong> \u00e8 un&#8217;insolita specie di isopode che non solo funge da efficace pulitore del terreno e decompositore di materiale organico, ma \u00e8 anche un elemento di spicco in qualsiasi terrario grazie al suo aspetto sorprendente. Il suo colore scintillante e il suo comportamento interessante la rendono un vero gioiello per gli appassionati di terrari. <\/p>\n<p data-start=\"609\" data-end=\"938\">La cura \u00e8 semplice e richiede solo una manutenzione di base. Un terrario strutturato con molti nascondigli e un substrato umido crea un ambiente ideale per questi isopodi. Assicurati che il terrario sia ben ventilato per garantire un&#8217;adeguata circolazione dell&#8217;aria.  <\/p>\n<p data-start=\"609\" data-end=\"938\">Per una conservazione ottimale, ti consigliamo un substrato a base di humus forestale, che forma un ambiente naturale perfetto per gli isopodi. Completa il substrato con uno strato di foglie, che non \u00e8 solo decorativo, ma aiuta anche a regolare l&#8217;umidit\u00e0 e fornisce agli isopodi un ulteriore spazio vitale. <\/p>\n<p data-start=\"940\" data-end=\"1519\">Un pezzo di corteccia di sughero nel terrario funge da riparo per gli isopodi e favorisce il loro comportamento naturale. Grazie a questo allestimento quasi naturale, puoi fare in modo che gli isopodi si sentano a proprio agio e si comportino in modo naturale. <\/p>\n<p data-start=\"1521\" data-end=\"1919\"><strong>Cubaris murina \"Glacier\"<\/strong> non \u00e8 solo un pratico aiutante per la cura del terrario, ma anche un affascinante animale domestico che ti piacer\u00e0 osservare. Scopri come questi eleganti isopodi si aggirano nel tuo terrario e ne puliscono la superficie. La riproduzione di questa specie non \u00e8 complicata e presto potresti scoprire una prole nel tuo terrario.  <\/p>\n<p data-start=\"1921\" data-end=\"2194\">Grazie alla sua natura calma e al suo comportamento attivo, <strong>Cubaris murina \"Glacier\"<\/strong> \u00e8 perfetta sia per i neofiti che per gli appassionati di terrari pi\u00f9 esperti. \u00c8 un&#8217;aggiunta entusiasmante a qualsiasi terrario e offre un&#8217;affascinante visione della vita di questa straordinaria specie di isopode. <\/p>\n<p data-start=\"2196\" data-end=\"2322\" data-is-last-node=\"\" data-is-only-node=\"\">Invita questa bellezza fresca nel tuo terrario e goditi la grazia di questi isopodi unici.<\/p>\n","protected":false},"excerpt":{"rendered":"<p>Cubaris murina \"Glacier\" - Eleganti isopodi per il tuo terrario La nuova variante di colore Cubaris murina \"Glacier\" si distingue per il suo aspetto incredibilmente luminoso, quasi bianco traslucido, che dona una fresca eleganza a qualsiasi terrario. Cubaris murina \"Glacier\" \u00e8 un&#8217;insolita specie di isopode che non solo funge da efficace pulitore del terreno e [&hellip;]<\/p>\n","protected":false},"featured_media":189243,"template":"","meta":{"_acf_changed":false},"product-supplier":[],"product_brand":[],"product_cat":[2841,2788],"product_tag":[],"lce-checkout-addons":[2746],"class_list":{"0":"post-189241","1":"product","2":"type-product","3":"status-publish","4":"has-post-thumbnail","6":"product_cat-isopodi-colorati-tropicali-cubaris","7":"product_cat-woodlice","8":"product_shipping_class-spedizione-di-animali","9":"pa_herkunft-cosmopolitan","10":"pa_kontinent-africa","11":"pa_kontinent-asia","12":"pa_kontinent-australia","13":"pa_kontinent-europa","14":"pa_kontinent-nord-america","15":"pa_kontinent-sud-america","16":"lce-checkout-addons-imballaggio-invernale","18":"first","19":"instock","20":"taxable","21":"shipping-taxable","22":"purchasable","23":"product-type-simple"},"acf":[],"yoast_head":"<!-- This site is optimized with the Yoast SEO plugin v27.3 - https:\/\/yoast.com\/product\/yoast-seo-wordpress\/ -->\n<title>Cubaris murina &quot;Glacier - Insektenliebe<\/title>\n<meta name=\"description\" content=\"Acquista Cubaris murina &quot;Glacier&quot; a basso costo e direttamente online: Un&#039;impressionante specie di isopode che arricchir\u00e0 il tuo terrario con il suo aspetto elegante.\" \/>\n<meta name=\"robots\" content=\"index, follow, max-snippet:-1, max-image-preview:large, max-video-preview:-1\" \/>\n<link rel=\"canonical\" href=\"https:\/\/insektenliebe.com\/it\/shop\/prodotto\/cubaris-murina-glacier\/\" \/>\n<meta property=\"og:locale\" content=\"it_IT\" \/>\n<meta property=\"og:type\" content=\"article\" \/>\n<meta property=\"og:title\" content=\"Cubaris murina &quot;Glacier - Insektenliebe\" \/>\n<meta property=\"og:description\" content=\"Acquista Cubaris murina &quot;Glacier&quot; a basso costo e direttamente online: Un&#039;impressionante specie di isopode che arricchir\u00e0 il tuo terrario con il suo aspetto elegante.\" \/>\n<meta property=\"og:url\" content=\"https:\/\/insektenliebe.com\/it\/shop\/prodotto\/cubaris-murina-glacier\/\" \/>\n<meta property=\"og:site_name\" content=\"Insektenliebe\" \/>\n<meta property=\"og:image\" content=\"https:\/\/insektenliebe.com\/wp-content\/uploads\/2025\/05\/Cubaris-murina-22Glacier22-Bodenpolizei-1-2.jpg\" \/>\n\t<meta property=\"og:image:width\" content=\"820\" \/>\n\t<meta property=\"og:image:height\" content=\"820\" \/>\n\t<meta property=\"og:image:type\" content=\"image\/jpeg\" \/>\n<meta name=\"twitter:card\" content=\"summary_large_image\" \/>\n<meta name=\"twitter:label1\" content=\"Tempo di lettura stimato\" \/>\n\t<meta name=\"twitter:data1\" content=\"2 minuto\" \/>\n<script type=\"application\/ld+json\" class=\"yoast-schema-graph\">{\"@context\":\"https:\\\/\\\/schema.org\",\"@graph\":[{\"@type\":\"WebPage\",\"@id\":\"https:\\\/\\\/insektenliebe.com\\\/it\\\/shop\\\/prodotto\\\/cubaris-murina-glacier\\\/\",\"url\":\"https:\\\/\\\/insektenliebe.com\\\/it\\\/shop\\\/prodotto\\\/cubaris-murina-glacier\\\/\",\"name\":\"Cubaris murina \\\"Glacier - Insektenliebe\",\"isPartOf\":{\"@id\":\"https:\\\/\\\/insektenliebe.com\\\/it\\\/#website\"},\"primaryImageOfPage\":{\"@id\":\"https:\\\/\\\/insektenliebe.com\\\/it\\\/shop\\\/prodotto\\\/cubaris-murina-glacier\\\/#primaryimage\"},\"image\":{\"@id\":\"https:\\\/\\\/insektenliebe.com\\\/it\\\/shop\\\/prodotto\\\/cubaris-murina-glacier\\\/#primaryimage\"},\"thumbnailUrl\":\"https:\\\/\\\/insektenliebe.com\\\/wp-content\\\/uploads\\\/2025\\\/05\\\/Cubaris-murina-22Glacier22-Bodenpolizei-1-2.jpg\",\"datePublished\":\"2025-03-13T13:00:00+00:00\",\"description\":\"Acquista Cubaris murina \\\"Glacier\\\" a basso costo e direttamente online: Un'impressionante specie di isopode che arricchir\u00e0 il tuo terrario con il suo aspetto elegante.\",\"breadcrumb\":{\"@id\":\"https:\\\/\\\/insektenliebe.com\\\/it\\\/shop\\\/prodotto\\\/cubaris-murina-glacier\\\/#breadcrumb\"},\"inLanguage\":\"it-IT\",\"potentialAction\":[{\"@type\":\"ReadAction\",\"target\":[\"https:\\\/\\\/insektenliebe.com\\\/it\\\/shop\\\/prodotto\\\/cubaris-murina-glacier\\\/\"]}]},{\"@type\":\"ImageObject\",\"inLanguage\":\"it-IT\",\"@id\":\"https:\\\/\\\/insektenliebe.com\\\/it\\\/shop\\\/prodotto\\\/cubaris-murina-glacier\\\/#primaryimage\",\"url\":\"https:\\\/\\\/insektenliebe.com\\\/wp-content\\\/uploads\\\/2025\\\/05\\\/Cubaris-murina-22Glacier22-Bodenpolizei-1-2.jpg\",\"contentUrl\":\"https:\\\/\\\/insektenliebe.com\\\/wp-content\\\/uploads\\\/2025\\\/05\\\/Cubaris-murina-22Glacier22-Bodenpolizei-1-2.jpg\",\"width\":820,\"height\":820,\"caption\":\"Cubaris-murina-22Glacier22-polizia di terra-1-2.jpg\"},{\"@type\":\"BreadcrumbList\",\"@id\":\"https:\\\/\\\/insektenliebe.com\\\/it\\\/shop\\\/prodotto\\\/cubaris-murina-glacier\\\/#breadcrumb\",\"itemListElement\":[{\"@type\":\"ListItem\",\"position\":1,\"name\":\"Startseite\",\"item\":\"https:\\\/\\\/insektenliebe.com\\\/it\\\/\"},{\"@type\":\"ListItem\",\"position\":2,\"name\":\"Negozio\",\"item\":\"https:\\\/\\\/insektenliebe.com\\\/it\\\/negozio\\\/\"},{\"@type\":\"ListItem\",\"position\":3,\"name\":\"Cubaris murina &#8220;Glacier\"}]},{\"@type\":\"WebSite\",\"@id\":\"https:\\\/\\\/insektenliebe.com\\\/it\\\/#website\",\"url\":\"https:\\\/\\\/insektenliebe.com\\\/it\\\/\",\"name\":\"Insektenliebe\",\"description\":\"Dein Zuhause f\u00fcr die kleinen Lebewesen\",\"publisher\":{\"@id\":\"https:\\\/\\\/insektenliebe.com\\\/it\\\/#organization\"},\"potentialAction\":[{\"@type\":\"SearchAction\",\"target\":{\"@type\":\"EntryPoint\",\"urlTemplate\":\"https:\\\/\\\/insektenliebe.com\\\/it\\\/?s={search_term_string}\"},\"query-input\":{\"@type\":\"PropertyValueSpecification\",\"valueRequired\":true,\"valueName\":\"search_term_string\"}}],\"inLanguage\":\"it-IT\"},{\"@type\":\"Organization\",\"@id\":\"https:\\\/\\\/insektenliebe.com\\\/it\\\/#organization\",\"name\":\"Insektenliebe\",\"url\":\"https:\\\/\\\/insektenliebe.com\\\/it\\\/\",\"logo\":{\"@type\":\"ImageObject\",\"inLanguage\":\"it-IT\",\"@id\":\"https:\\\/\\\/insektenliebe.com\\\/it\\\/#\\\/schema\\\/logo\\\/image\\\/\",\"url\":\"https:\\\/\\\/insektenliebe.com\\\/wp-content\\\/uploads\\\/2025\\\/03\\\/logo-white.png\",\"contentUrl\":\"https:\\\/\\\/insektenliebe.com\\\/wp-content\\\/uploads\\\/2025\\\/03\\\/logo-white.png\",\"width\":288,\"height\":188,\"caption\":\"Insektenliebe\"},\"image\":{\"@id\":\"https:\\\/\\\/insektenliebe.com\\\/it\\\/#\\\/schema\\\/logo\\\/image\\\/\"}}]}<\/script>\n<!-- \/ Yoast SEO plugin. -->","yoast_head_json":{"title":"Cubaris murina \"Glacier - Insektenliebe","description":"Acquista Cubaris murina \"Glacier\" a basso costo e direttamente online: Un'impressionante specie di isopode che arricchir\u00e0 il tuo terrario con il suo aspetto elegante.","robots":{"index":"index","follow":"follow","max-snippet":"max-snippet:-1","max-image-preview":"max-image-preview:large","max-video-preview":"max-video-preview:-1"},"canonical":"https:\/\/insektenliebe.com\/it\/shop\/prodotto\/cubaris-murina-glacier\/","og_locale":"it_IT","og_type":"article","og_title":"Cubaris murina \"Glacier - Insektenliebe","og_description":"Acquista Cubaris murina \"Glacier\" a basso costo e direttamente online: Un'impressionante specie di isopode che arricchir\u00e0 il tuo terrario con il suo aspetto elegante.","og_url":"https:\/\/insektenliebe.com\/it\/shop\/prodotto\/cubaris-murina-glacier\/","og_site_name":"Insektenliebe","og_image":[{"width":820,"height":820,"url":"https:\/\/insektenliebe.com\/wp-content\/uploads\/2025\/05\/Cubaris-murina-22Glacier22-Bodenpolizei-1-2.jpg","type":"image\/jpeg"}],"twitter_card":"summary_large_image","twitter_misc":{"Tempo di lettura stimato":"2 minuto"},"schema":{"@context":"https:\/\/schema.org","@graph":[{"@type":"WebPage","@id":"https:\/\/insektenliebe.com\/it\/shop\/prodotto\/cubaris-murina-glacier\/","url":"https:\/\/insektenliebe.com\/it\/shop\/prodotto\/cubaris-murina-glacier\/","name":"Cubaris murina \"Glacier - Insektenliebe","isPartOf":{"@id":"https:\/\/insektenliebe.com\/it\/#website"},"primaryImageOfPage":{"@id":"https:\/\/insektenliebe.com\/it\/shop\/prodotto\/cubaris-murina-glacier\/#primaryimage"},"image":{"@id":"https:\/\/insektenliebe.com\/it\/shop\/prodotto\/cubaris-murina-glacier\/#primaryimage"},"thumbnailUrl":"https:\/\/insektenliebe.com\/wp-content\/uploads\/2025\/05\/Cubaris-murina-22Glacier22-Bodenpolizei-1-2.jpg","datePublished":"2025-03-13T13:00:00+00:00","description":"Acquista Cubaris murina \"Glacier\" a basso costo e direttamente online: Un'impressionante specie di isopode che arricchir\u00e0 il tuo terrario con il suo aspetto elegante.","breadcrumb":{"@id":"https:\/\/insektenliebe.com\/it\/shop\/prodotto\/cubaris-murina-glacier\/#breadcrumb"},"inLanguage":"it-IT","potentialAction":[{"@type":"ReadAction","target":["https:\/\/insektenliebe.com\/it\/shop\/prodotto\/cubaris-murina-glacier\/"]}]},{"@type":"ImageObject","inLanguage":"it-IT","@id":"https:\/\/insektenliebe.com\/it\/shop\/prodotto\/cubaris-murina-glacier\/#primaryimage","url":"https:\/\/insektenliebe.com\/wp-content\/uploads\/2025\/05\/Cubaris-murina-22Glacier22-Bodenpolizei-1-2.jpg","contentUrl":"https:\/\/insektenliebe.com\/wp-content\/uploads\/2025\/05\/Cubaris-murina-22Glacier22-Bodenpolizei-1-2.jpg","width":820,"height":820,"caption":"Cubaris-murina-22Glacier22-polizia di terra-1-2.jpg"},{"@type":"BreadcrumbList","@id":"https:\/\/insektenliebe.com\/it\/shop\/prodotto\/cubaris-murina-glacier\/#breadcrumb","itemListElement":[{"@type":"ListItem","position":1,"name":"Startseite","item":"https:\/\/insektenliebe.com\/it\/"},{"@type":"ListItem","position":2,"name":"Negozio","item":"https:\/\/insektenliebe.com\/it\/negozio\/"},{"@type":"ListItem","position":3,"name":"Cubaris murina &#8220;Glacier"}]},{"@type":"WebSite","@id":"https:\/\/insektenliebe.com\/it\/#website","url":"https:\/\/insektenliebe.com\/it\/","name":"Insektenliebe","description":"Dein Zuhause f\u00fcr die kleinen Lebewesen","publisher":{"@id":"https:\/\/insektenliebe.com\/it\/#organization"},"potentialAction":[{"@type":"SearchAction","target":{"@type":"EntryPoint","urlTemplate":"https:\/\/insektenliebe.com\/it\/?s={search_term_string}"},"query-input":{"@type":"PropertyValueSpecification","valueRequired":true,"valueName":"search_term_string"}}],"inLanguage":"it-IT"},{"@type":"Organization","@id":"https:\/\/insektenliebe.com\/it\/#organization","name":"Insektenliebe","url":"https:\/\/insektenliebe.com\/it\/","logo":{"@type":"ImageObject","inLanguage":"it-IT","@id":"https:\/\/insektenliebe.com\/it\/#\/schema\/logo\/image\/","url":"https:\/\/insektenliebe.com\/wp-content\/uploads\/2025\/03\/logo-white.png","contentUrl":"https:\/\/insektenliebe.com\/wp-content\/uploads\/2025\/03\/logo-white.png","width":288,"height":188,"caption":"Insektenliebe"},"image":{"@id":"https:\/\/insektenliebe.com\/it\/#\/schema\/logo\/image\/"}}]}},"_links":{"self":[{"href":"https:\/\/insektenliebe.com\/it\/wp-json\/wp\/v2\/product\/189241","targetHints":{"allow":["GET"]}}],"collection":[{"href":"https:\/\/insektenliebe.com\/it\/wp-json\/wp\/v2\/product"}],"about":[{"href":"https:\/\/insektenliebe.com\/it\/wp-json\/wp\/v2\/types\/product"}],"wp:featuredmedia":[{"embeddable":true,"href":"https:\/\/insektenliebe.com\/it\/wp-json\/wp\/v2\/media\/189243"}],"wp:attachment":[{"href":"https:\/\/insektenliebe.com\/it\/wp-json\/wp\/v2\/media?parent=189241"}],"wp:term":[{"taxonomy":"product-supplier","embeddable":true,"href":"https:\/\/insektenliebe.com\/it\/wp-json\/wp\/v2\/product-supplier?post=189241"},{"taxonomy":"product_brand","embeddable":true,"href":"https:\/\/insektenliebe.com\/it\/wp-json\/wp\/v2\/product_brand?post=189241"},{"taxonomy":"product_cat","embeddable":true,"href":"https:\/\/insektenliebe.com\/it\/wp-json\/wp\/v2\/product_cat?post=189241"},{"taxonomy":"product_tag","embeddable":true,"href":"https:\/\/insektenliebe.com\/it\/wp-json\/wp\/v2\/product_tag?post=189241"},{"taxonomy":"lce-checkout-addons","embeddable":true,"href":"https:\/\/insektenliebe.com\/it\/wp-json\/wp\/v2\/lce-checkout-addons?post=189241"}],"curies":[{"name":"wp","href":"https:\/\/api.w.org\/{rel}","templated":true}]}}