{"id":189226,"date":"2024-11-21T11:37:00","date_gmt":"2024-11-21T10:37:00","guid":{"rendered":"https:\/\/insektenliebe.com\/shop\/produkt\/ballo-bioart\/"},"modified":"2026-04-08T10:06:23","modified_gmt":"2026-04-08T08:06:23","slug":"ballo-bioart","status":"publish","type":"product","link":"https:\/\/insektenliebe.com\/it\/shop\/prodotto\/ballo-bioart\/","title":{"rendered":"Ballo BioArt"},"content":{"rendered":"<h3><span style=\"color: #99cc33;\"><strong><span style=\"font-size: 20.16px;\">Personalizza il tuo terrario con la Palla BioArt<\/span><\/strong><\/span><\/h3>\n<p>Scopri la <strong>BioArt Ball<\/strong>, una soluzione innovativa per creare un terrario elegante e naturale. Questo set completo, disponibile nelle varianti Anubias Nana e Hydrocotyle verticillata, offre un modo semplice per portare un mondo vegetale vivace e facile da curare direttamente a casa tua. <\/p>\n<p>La <strong>BioArt Ball Anubias Nana<\/strong> consiste in una palla di muschio accuratamente piantata con Anubias Nana, una pianta nota per la sua robustezza e per la scarsa manutenzione. Questa variante \u00e8 ideale per i terrari umidi e crea un&#8217;oasi verde permanente nel tuo terrario. La pratica confezione in blister facilita la manipolazione e consente di posizionare il terrario in modo facile e veloce.  <\/p>\n<p>Allo stesso tempo, la <strong>BioArt Ball Hydrocotyle verticillata<\/strong> fornisce un attraente arricchimento verde per il tuo terrario. L&#8217;Hydrocotyle verticillata, inserita in una palla di muschio, \u00e8 caratterizzata da un aspetto decorativo e dall&#8217;adattabilit\u00e0 agli ambienti umidi. Questa versione \u00e8 disponibile in una confezione blister facile da usare, che rende l&#8217;installazione un gioco da ragazzi.  <\/p>\n<p>Entrambe le sfere non sono solo esteticamente gradevoli ma anche funzionali, in quanto imitano l&#8217;habitat naturale degli abitanti del terrario e aiutano a mantenere un microclima sano. Sono ideali per chi vuole arredare il proprio terrario con piante vivaci e a bassa manutenzione senza dover dedicare molto tempo alla loro cura. <\/p>\n<p>La <strong>BioArt Ball<\/strong> \u00e8 una soluzione facile da curare e duratura per un terrario verde. Prova la gioia della bellezza naturale e della facilit\u00e0 di cura di queste speciali piante da terrario. \u00c8 la scelta perfetta per gli amanti dei terrari che apprezzano la natura, il design e la funzionalit\u00e0.  <\/p>\n<p>Inoltre, entrambe le varianti di <strong>BioArt Ball<\/strong> sono ideali per creare un paesaggio Wabi Kusa nel tuo terrario. Questa tecnica giapponese di progettazione dei terrari combina piante acquatiche e terrestri per creare un paesaggio artistico in miniatura. La <strong>BioArt Ball<\/strong> si adatta perfettamente a questa estetica e fornisce una base solida per questo tipo di paesaggio. Integrando queste sfere nel tuo terrario, puoi creare un ambiente armonioso e naturale che non solo \u00e8 piacevole alla vista, ma ha anche un effetto positivo sulla salute e sul benessere degli abitanti del terrario. Cogli l&#8217;opportunit\u00e0 di arricchire il tuo spazio vitale con questi set di piante uniche ed eleganti, garantendo al contempo un habitat sano per i tuoi animali da terrario.    <\/p>\n","protected":false},"excerpt":{"rendered":"<p>Personalizza il tuo terrario con la Palla BioArt Scopri la BioArt Ball, una soluzione innovativa per creare un terrario elegante e naturale. Questo set completo, disponibile nelle varianti Anubias Nana e Hydrocotyle verticillata, offre un modo semplice per portare un mondo vegetale vivace e facile da curare direttamente a casa tua. La BioArt Ball Anubias [&hellip;]<\/p>\n","protected":false},"featured_media":189236,"template":"","meta":{"_acf_changed":false},"product-supplier":[],"product_brand":[3875],"product_cat":[3181],"product_tag":[],"lce-checkout-addons":[2746],"class_list":{"0":"post-189226","1":"product","2":"type-product","3":"status-publish","4":"has-post-thumbnail","6":"product_brand-bioart","7":"product_cat-piante-da-terrario","8":"product_shipping_class-equipment-shipping","9":"pa_kontinent-africa","10":"lce-checkout-addons-imballaggio-invernale","12":"first","13":"instock","14":"taxable","15":"shipping-taxable","16":"purchasable","17":"product-type-variable"},"acf":[],"yoast_head":"<!-- This site is optimized with the Yoast SEO plugin v27.3 - https:\/\/yoast.com\/product\/yoast-seo-wordpress\/ -->\n<title>Ballo BioArt - Insektenliebe<\/title>\n<meta name=\"description\" content=\"Acquista subito la BioArt Ball a prezzi convenienti e direttamente online. Scegli tra Anubias Nana e Hydrocotyle Verticillata per il tuo terrario.\" \/>\n<meta name=\"robots\" content=\"index, follow, max-snippet:-1, max-image-preview:large, max-video-preview:-1\" \/>\n<link rel=\"canonical\" href=\"https:\/\/insektenliebe.com\/it\/shop\/prodotto\/ballo-bioart\/\" \/>\n<meta property=\"og:locale\" content=\"it_IT\" \/>\n<meta property=\"og:type\" content=\"article\" \/>\n<meta property=\"og:title\" content=\"Ballo BioArt - Insektenliebe\" \/>\n<meta property=\"og:description\" content=\"Acquista subito la BioArt Ball a prezzi convenienti e direttamente online. Scegli tra Anubias Nana e Hydrocotyle Verticillata per il tuo terrario.\" \/>\n<meta property=\"og:url\" content=\"https:\/\/insektenliebe.com\/it\/shop\/prodotto\/ballo-bioart\/\" \/>\n<meta property=\"og:site_name\" content=\"Insektenliebe\" \/>\n<meta property=\"article:modified_time\" content=\"2026-04-08T08:06:23+00:00\" \/>\n<meta property=\"og:image\" content=\"https:\/\/insektenliebe.com\/wp-content\/uploads\/2025\/05\/BioArt-Ball-Anubias-nana-1-2.jpg\" \/>\n\t<meta property=\"og:image:width\" content=\"1024\" \/>\n\t<meta property=\"og:image:height\" content=\"1024\" \/>\n\t<meta property=\"og:image:type\" content=\"image\/jpeg\" \/>\n<meta name=\"twitter:card\" content=\"summary_large_image\" \/>\n<meta name=\"twitter:label1\" content=\"Tempo di lettura stimato\" \/>\n\t<meta name=\"twitter:data1\" content=\"2 minuto\" \/>\n<script type=\"application\/ld+json\" class=\"yoast-schema-graph\">{\"@context\":\"https:\\\/\\\/schema.org\",\"@graph\":[{\"@type\":\"WebPage\",\"@id\":\"https:\\\/\\\/insektenliebe.com\\\/it\\\/shop\\\/prodotto\\\/ballo-bioart\\\/\",\"url\":\"https:\\\/\\\/insektenliebe.com\\\/it\\\/shop\\\/prodotto\\\/ballo-bioart\\\/\",\"name\":\"Ballo BioArt - Insektenliebe\",\"isPartOf\":{\"@id\":\"https:\\\/\\\/insektenliebe.com\\\/it\\\/#website\"},\"primaryImageOfPage\":{\"@id\":\"https:\\\/\\\/insektenliebe.com\\\/it\\\/shop\\\/prodotto\\\/ballo-bioart\\\/#primaryimage\"},\"image\":{\"@id\":\"https:\\\/\\\/insektenliebe.com\\\/it\\\/shop\\\/prodotto\\\/ballo-bioart\\\/#primaryimage\"},\"thumbnailUrl\":\"https:\\\/\\\/insektenliebe.com\\\/wp-content\\\/uploads\\\/2025\\\/05\\\/BioArt-Ball-Anubias-nana-1-2.jpg\",\"datePublished\":\"2024-11-21T10:37:00+00:00\",\"dateModified\":\"2026-04-08T08:06:23+00:00\",\"description\":\"Acquista subito la BioArt Ball a prezzi convenienti e direttamente online. Scegli tra Anubias Nana e Hydrocotyle Verticillata per il tuo terrario.\",\"breadcrumb\":{\"@id\":\"https:\\\/\\\/insektenliebe.com\\\/it\\\/shop\\\/prodotto\\\/ballo-bioart\\\/#breadcrumb\"},\"inLanguage\":\"it-IT\",\"potentialAction\":[{\"@type\":\"ReadAction\",\"target\":[\"https:\\\/\\\/insektenliebe.com\\\/it\\\/shop\\\/prodotto\\\/ballo-bioart\\\/\"]}]},{\"@type\":\"ImageObject\",\"inLanguage\":\"it-IT\",\"@id\":\"https:\\\/\\\/insektenliebe.com\\\/it\\\/shop\\\/prodotto\\\/ballo-bioart\\\/#primaryimage\",\"url\":\"https:\\\/\\\/insektenliebe.com\\\/wp-content\\\/uploads\\\/2025\\\/05\\\/BioArt-Ball-Anubias-nana-1-2.jpg\",\"contentUrl\":\"https:\\\/\\\/insektenliebe.com\\\/wp-content\\\/uploads\\\/2025\\\/05\\\/BioArt-Ball-Anubias-nana-1-2.jpg\",\"width\":1024,\"height\":1024,\"caption\":\"BioArt-Palla-Anubias-nana-1-2.jpg\"},{\"@type\":\"BreadcrumbList\",\"@id\":\"https:\\\/\\\/insektenliebe.com\\\/it\\\/shop\\\/prodotto\\\/ballo-bioart\\\/#breadcrumb\",\"itemListElement\":[{\"@type\":\"ListItem\",\"position\":1,\"name\":\"Startseite\",\"item\":\"https:\\\/\\\/insektenliebe.com\\\/it\\\/\"},{\"@type\":\"ListItem\",\"position\":2,\"name\":\"Negozio\",\"item\":\"https:\\\/\\\/insektenliebe.com\\\/it\\\/negozio\\\/\"},{\"@type\":\"ListItem\",\"position\":3,\"name\":\"Ballo BioArt\"}]},{\"@type\":\"WebSite\",\"@id\":\"https:\\\/\\\/insektenliebe.com\\\/it\\\/#website\",\"url\":\"https:\\\/\\\/insektenliebe.com\\\/it\\\/\",\"name\":\"Insektenliebe\",\"description\":\"Dein Zuhause f\u00fcr die kleinen Lebewesen\",\"publisher\":{\"@id\":\"https:\\\/\\\/insektenliebe.com\\\/it\\\/#organization\"},\"potentialAction\":[{\"@type\":\"SearchAction\",\"target\":{\"@type\":\"EntryPoint\",\"urlTemplate\":\"https:\\\/\\\/insektenliebe.com\\\/it\\\/?s={search_term_string}\"},\"query-input\":{\"@type\":\"PropertyValueSpecification\",\"valueRequired\":true,\"valueName\":\"search_term_string\"}}],\"inLanguage\":\"it-IT\"},{\"@type\":\"Organization\",\"@id\":\"https:\\\/\\\/insektenliebe.com\\\/it\\\/#organization\",\"name\":\"Insektenliebe\",\"url\":\"https:\\\/\\\/insektenliebe.com\\\/it\\\/\",\"logo\":{\"@type\":\"ImageObject\",\"inLanguage\":\"it-IT\",\"@id\":\"https:\\\/\\\/insektenliebe.com\\\/it\\\/#\\\/schema\\\/logo\\\/image\\\/\",\"url\":\"https:\\\/\\\/insektenliebe.com\\\/wp-content\\\/uploads\\\/2025\\\/03\\\/logo-white.png\",\"contentUrl\":\"https:\\\/\\\/insektenliebe.com\\\/wp-content\\\/uploads\\\/2025\\\/03\\\/logo-white.png\",\"width\":288,\"height\":188,\"caption\":\"Insektenliebe\"},\"image\":{\"@id\":\"https:\\\/\\\/insektenliebe.com\\\/it\\\/#\\\/schema\\\/logo\\\/image\\\/\"}}]}<\/script>\n<!-- \/ Yoast SEO plugin. -->","yoast_head_json":{"title":"Ballo BioArt - Insektenliebe","description":"Acquista subito la BioArt Ball a prezzi convenienti e direttamente online. Scegli tra Anubias Nana e Hydrocotyle Verticillata per il tuo terrario.","robots":{"index":"index","follow":"follow","max-snippet":"max-snippet:-1","max-image-preview":"max-image-preview:large","max-video-preview":"max-video-preview:-1"},"canonical":"https:\/\/insektenliebe.com\/it\/shop\/prodotto\/ballo-bioart\/","og_locale":"it_IT","og_type":"article","og_title":"Ballo BioArt - Insektenliebe","og_description":"Acquista subito la BioArt Ball a prezzi convenienti e direttamente online. Scegli tra Anubias Nana e Hydrocotyle Verticillata per il tuo terrario.","og_url":"https:\/\/insektenliebe.com\/it\/shop\/prodotto\/ballo-bioart\/","og_site_name":"Insektenliebe","article_modified_time":"2026-04-08T08:06:23+00:00","og_image":[{"width":1024,"height":1024,"url":"https:\/\/insektenliebe.com\/wp-content\/uploads\/2025\/05\/BioArt-Ball-Anubias-nana-1-2.jpg","type":"image\/jpeg"}],"twitter_card":"summary_large_image","twitter_misc":{"Tempo di lettura stimato":"2 minuto"},"schema":{"@context":"https:\/\/schema.org","@graph":[{"@type":"WebPage","@id":"https:\/\/insektenliebe.com\/it\/shop\/prodotto\/ballo-bioart\/","url":"https:\/\/insektenliebe.com\/it\/shop\/prodotto\/ballo-bioart\/","name":"Ballo BioArt - Insektenliebe","isPartOf":{"@id":"https:\/\/insektenliebe.com\/it\/#website"},"primaryImageOfPage":{"@id":"https:\/\/insektenliebe.com\/it\/shop\/prodotto\/ballo-bioart\/#primaryimage"},"image":{"@id":"https:\/\/insektenliebe.com\/it\/shop\/prodotto\/ballo-bioart\/#primaryimage"},"thumbnailUrl":"https:\/\/insektenliebe.com\/wp-content\/uploads\/2025\/05\/BioArt-Ball-Anubias-nana-1-2.jpg","datePublished":"2024-11-21T10:37:00+00:00","dateModified":"2026-04-08T08:06:23+00:00","description":"Acquista subito la BioArt Ball a prezzi convenienti e direttamente online. Scegli tra Anubias Nana e Hydrocotyle Verticillata per il tuo terrario.","breadcrumb":{"@id":"https:\/\/insektenliebe.com\/it\/shop\/prodotto\/ballo-bioart\/#breadcrumb"},"inLanguage":"it-IT","potentialAction":[{"@type":"ReadAction","target":["https:\/\/insektenliebe.com\/it\/shop\/prodotto\/ballo-bioart\/"]}]},{"@type":"ImageObject","inLanguage":"it-IT","@id":"https:\/\/insektenliebe.com\/it\/shop\/prodotto\/ballo-bioart\/#primaryimage","url":"https:\/\/insektenliebe.com\/wp-content\/uploads\/2025\/05\/BioArt-Ball-Anubias-nana-1-2.jpg","contentUrl":"https:\/\/insektenliebe.com\/wp-content\/uploads\/2025\/05\/BioArt-Ball-Anubias-nana-1-2.jpg","width":1024,"height":1024,"caption":"BioArt-Palla-Anubias-nana-1-2.jpg"},{"@type":"BreadcrumbList","@id":"https:\/\/insektenliebe.com\/it\/shop\/prodotto\/ballo-bioart\/#breadcrumb","itemListElement":[{"@type":"ListItem","position":1,"name":"Startseite","item":"https:\/\/insektenliebe.com\/it\/"},{"@type":"ListItem","position":2,"name":"Negozio","item":"https:\/\/insektenliebe.com\/it\/negozio\/"},{"@type":"ListItem","position":3,"name":"Ballo BioArt"}]},{"@type":"WebSite","@id":"https:\/\/insektenliebe.com\/it\/#website","url":"https:\/\/insektenliebe.com\/it\/","name":"Insektenliebe","description":"Dein Zuhause f\u00fcr die kleinen Lebewesen","publisher":{"@id":"https:\/\/insektenliebe.com\/it\/#organization"},"potentialAction":[{"@type":"SearchAction","target":{"@type":"EntryPoint","urlTemplate":"https:\/\/insektenliebe.com\/it\/?s={search_term_string}"},"query-input":{"@type":"PropertyValueSpecification","valueRequired":true,"valueName":"search_term_string"}}],"inLanguage":"it-IT"},{"@type":"Organization","@id":"https:\/\/insektenliebe.com\/it\/#organization","name":"Insektenliebe","url":"https:\/\/insektenliebe.com\/it\/","logo":{"@type":"ImageObject","inLanguage":"it-IT","@id":"https:\/\/insektenliebe.com\/it\/#\/schema\/logo\/image\/","url":"https:\/\/insektenliebe.com\/wp-content\/uploads\/2025\/03\/logo-white.png","contentUrl":"https:\/\/insektenliebe.com\/wp-content\/uploads\/2025\/03\/logo-white.png","width":288,"height":188,"caption":"Insektenliebe"},"image":{"@id":"https:\/\/insektenliebe.com\/it\/#\/schema\/logo\/image\/"}}]}},"_links":{"self":[{"href":"https:\/\/insektenliebe.com\/it\/wp-json\/wp\/v2\/product\/189226","targetHints":{"allow":["GET"]}}],"collection":[{"href":"https:\/\/insektenliebe.com\/it\/wp-json\/wp\/v2\/product"}],"about":[{"href":"https:\/\/insektenliebe.com\/it\/wp-json\/wp\/v2\/types\/product"}],"wp:featuredmedia":[{"embeddable":true,"href":"https:\/\/insektenliebe.com\/it\/wp-json\/wp\/v2\/media\/189236"}],"wp:attachment":[{"href":"https:\/\/insektenliebe.com\/it\/wp-json\/wp\/v2\/media?parent=189226"}],"wp:term":[{"taxonomy":"product-supplier","embeddable":true,"href":"https:\/\/insektenliebe.com\/it\/wp-json\/wp\/v2\/product-supplier?post=189226"},{"taxonomy":"product_brand","embeddable":true,"href":"https:\/\/insektenliebe.com\/it\/wp-json\/wp\/v2\/product_brand?post=189226"},{"taxonomy":"product_cat","embeddable":true,"href":"https:\/\/insektenliebe.com\/it\/wp-json\/wp\/v2\/product_cat?post=189226"},{"taxonomy":"product_tag","embeddable":true,"href":"https:\/\/insektenliebe.com\/it\/wp-json\/wp\/v2\/product_tag?post=189226"},{"taxonomy":"lce-checkout-addons","embeddable":true,"href":"https:\/\/insektenliebe.com\/it\/wp-json\/wp\/v2\/lce-checkout-addons?post=189226"}],"curies":[{"name":"wp","href":"https:\/\/api.w.org\/{rel}","templated":true}]}}