{"id":189164,"date":"2025-05-14T14:07:47","date_gmt":"2025-05-14T12:07:47","guid":{"rendered":"https:\/\/insektenliebe.com\/shop\/produkt\/onychiuridae-spec-fiocco-di-neve\/"},"modified":"2025-05-14T14:07:47","modified_gmt":"2025-05-14T12:07:47","slug":"onychiuridae-spec-fiocco-di-neve","status":"publish","type":"product","link":"https:\/\/insektenliebe.com\/it\/shop\/prodotto\/onychiuridae-spec-fiocco-di-neve\/","title":{"rendered":"Onychiuridae spec. \"Fiocco di neve\""},"content":{"rendered":"<h3><span style=\"color: #99cc33\"><strong>Onychiurinae spec. \"Fiocchi di neve\"<span style=\"font-size: 20.16px\">: Scopri le affascinanti code a molla \"fiocchi di neve\".<\/span> <\/strong><\/span><\/h3>\n<p><strong>Onychiurinae spec. \"Fiocchi di neve\" <\/strong>  \u00e8 una specie di coda a molla cosmopolita. Con una dimensione di circa 1-2 mm, questi abitanti relativamente piccoli ma notevoli portano molta vita nel substrato del tuo terrario. <\/p>\n<p>Il  <strong>Onychiurinae spec. \"Fiocchi di neve\" <\/strong>  si caratterizzano per la loro robustezza e facilit\u00e0 di allevamento, il che li rende un punto di partenza ideale per i neofiti del terrario. Il loro periodo di incubazione \u00e8 di circa 7-10 giorni in condizioni ottimali. <\/p>\n<p>Gli ammassi di uova grandi e ben visibili diventano sessualmente maturi dopo circa 2-3 settimane, quindi non dovrai aspettare molto per vedere i risultati dei tuoi sforzi di allevamento.<\/p>\n<p>La temperatura del terrario deve essere compresa tra i 10\u00b0C e i 26\u00b0C per garantire le condizioni ideali per la crescita della pianta.  <strong>Onychiurinae spec. \"Fiocchi di neve\" <\/strong>  da creare. Anche l&#8217;umidit\u00e0 \u00e8 importante; \u00e8 meglio mantenere il terrario da leggermente umido a pi\u00f9 umido. <\/p>\n<p>\u00c8 sufficiente una ventilazione minima o nulla: apri il terrario circa una volta alla settimana per far entrare aria fresca senza influenzare troppo l&#8217;umidit\u00e0. Tieni presente che la   <strong>Onychiurinae spec. \"Fiocchi di neve\" <\/strong>  non sono elastici, il che facilita la manipolazione e la cura.<\/p>\n<p>Grazie al loro aspetto unico e alla facilit\u00e0 di manutenzione, i  <strong>Onychiurinae spec. \"Fiocchi di neve\" <\/strong>  sono un&#8217;ottima aggiunta a qualsiasi terrario. Non solo aiutano la decomposizione del materiale organico, ma sono anche ottimi animali domestici per il tuo terrario. Procurati queste straordinarie code di primavera e goditi ogni giorno la loro meticolosa cura del terreno.  <\/p>\n","protected":false},"excerpt":{"rendered":"<p>Onychiurinae spec. \"Fiocchi di neve\": Scopri le affascinanti code a molla \"fiocchi di neve\". Onychiurinae spec. \"Fiocchi di neve\" \u00e8 una specie di coda a molla cosmopolita. Con una dimensione di circa 1-2 mm, questi abitanti relativamente piccoli ma notevoli portano molta vita nel substrato del tuo terrario. Il Onychiurinae spec. \"Fiocchi di neve\" si [&hellip;]<\/p>\n","protected":false},"featured_media":189178,"template":"","meta":{"_acf_changed":false},"product-supplier":[],"product_brand":[],"product_cat":[2829],"product_tag":[],"lce-checkout-addons":[2746],"class_list":{"0":"post-189164","1":"product","2":"type-product","3":"status-publish","4":"has-post-thumbnail","6":"product_cat-altri-invertebrati","7":"product_shipping_class-spedizione-di-animali","8":"pa_herkunft-cosmopolitan","9":"lce-checkout-addons-imballaggio-invernale","11":"first","12":"instock","13":"taxable","14":"shipping-taxable","15":"purchasable","16":"product-type-simple"},"acf":[],"yoast_head":"<!-- This site is optimized with the Yoast SEO Premium plugin v26.8 (Yoast SEO v27.3) - https:\/\/yoast.com\/product\/yoast-seo-premium-wordpress\/ -->\n<title>Onychiuridae spec. &quot;Fiocco di neve&quot; - Insektenliebe<\/title>\n<meta name=\"description\" content=\"Acquista Onychiuridae spec. &quot;Snowflake&quot; a buon prezzo online: Scopri questa robusta specie di coda a molla che contribuisce alla decomposizione naturale.\" \/>\n<meta name=\"robots\" content=\"index, follow, max-snippet:-1, max-image-preview:large, max-video-preview:-1\" \/>\n<link rel=\"canonical\" href=\"https:\/\/insektenliebe.com\/it\/shop\/prodotto\/onychiuridae-spec-fiocco-di-neve\/\" \/>\n<meta property=\"og:locale\" content=\"it_IT\" \/>\n<meta property=\"og:type\" content=\"article\" \/>\n<meta property=\"og:title\" content=\"Onychiuridae spec. &quot;Fiocco di neve&quot;\" \/>\n<meta property=\"og:description\" content=\"Acquista Onychiuridae spec. &quot;Snowflake&quot; a buon prezzo online: Scopri questa robusta specie di coda a molla che contribuisce alla decomposizione naturale.\" \/>\n<meta property=\"og:url\" content=\"https:\/\/insektenliebe.com\/it\/shop\/prodotto\/onychiuridae-spec-fiocco-di-neve\/\" \/>\n<meta property=\"og:site_name\" content=\"Insektenliebe\" \/>\n<meta property=\"og:image\" content=\"https:\/\/insektenliebe.com\/wp-content\/uploads\/2025\/05\/Onychiuridae-spec.-22Snowflake22-1.jpg\" \/>\n\t<meta property=\"og:image:width\" content=\"820\" \/>\n\t<meta property=\"og:image:height\" content=\"820\" \/>\n\t<meta property=\"og:image:type\" content=\"image\/jpeg\" \/>\n<meta name=\"twitter:card\" content=\"summary_large_image\" \/>\n<meta name=\"twitter:label1\" content=\"Prezzo\" \/>\n\t<meta name=\"twitter:data1\" content=\"12,00&nbsp;&euro; IVA incl., + spese di sped.\" \/>\n\t<meta name=\"twitter:label2\" content=\"Disponibilit\u00e0\" \/>\n\t<meta name=\"twitter:data2\" content=\"In stock\" \/>\n<script type=\"application\/ld+json\" class=\"yoast-schema-graph\">{\"@context\":\"https:\\\/\\\/schema.org\",\"@graph\":[{\"@type\":\"WebPage\",\"@id\":\"https:\\\/\\\/insektenliebe.com\\\/it\\\/shop\\\/prodotto\\\/onychiuridae-spec-fiocco-di-neve\\\/\",\"url\":\"https:\\\/\\\/insektenliebe.com\\\/it\\\/shop\\\/prodotto\\\/onychiuridae-spec-fiocco-di-neve\\\/\",\"name\":\"Onychiuridae spec. \\\"Fiocco di neve\\\" - Insektenliebe\",\"isPartOf\":{\"@id\":\"https:\\\/\\\/insektenliebe.com\\\/it\\\/#website\"},\"primaryImageOfPage\":{\"@id\":\"https:\\\/\\\/insektenliebe.com\\\/it\\\/shop\\\/prodotto\\\/onychiuridae-spec-fiocco-di-neve\\\/#primaryimage\"},\"image\":{\"@id\":\"https:\\\/\\\/insektenliebe.com\\\/it\\\/shop\\\/prodotto\\\/onychiuridae-spec-fiocco-di-neve\\\/#primaryimage\"},\"thumbnailUrl\":\"https:\\\/\\\/insektenliebe.com\\\/wp-content\\\/uploads\\\/2025\\\/05\\\/Onychiuridae-spec.-22Snowflake22-1.jpg\",\"datePublished\":\"2025-05-14T12:07:47+00:00\",\"description\":\"Acquista Onychiuridae spec. \\\"Snowflake\\\" a buon prezzo online: Scopri questa robusta specie di coda a molla che contribuisce alla decomposizione naturale.\",\"breadcrumb\":{\"@id\":\"https:\\\/\\\/insektenliebe.com\\\/it\\\/shop\\\/prodotto\\\/onychiuridae-spec-fiocco-di-neve\\\/#breadcrumb\"},\"inLanguage\":\"it-IT\",\"potentialAction\":[{\"@type\":\"ReadAction\",\"target\":[\"https:\\\/\\\/insektenliebe.com\\\/it\\\/shop\\\/prodotto\\\/onychiuridae-spec-fiocco-di-neve\\\/\"]}]},{\"@type\":\"ImageObject\",\"inLanguage\":\"it-IT\",\"@id\":\"https:\\\/\\\/insektenliebe.com\\\/it\\\/shop\\\/prodotto\\\/onychiuridae-spec-fiocco-di-neve\\\/#primaryimage\",\"url\":\"https:\\\/\\\/insektenliebe.com\\\/wp-content\\\/uploads\\\/2025\\\/05\\\/Onychiuridae-spec.-22Snowflake22-1.jpg\",\"contentUrl\":\"https:\\\/\\\/insektenliebe.com\\\/wp-content\\\/uploads\\\/2025\\\/05\\\/Onychiuridae-spec.-22Snowflake22-1.jpg\",\"width\":820,\"height\":820,\"caption\":\"Onychiuridae-spec.-22Fiocco di neve22-1.jpg\"},{\"@type\":\"BreadcrumbList\",\"@id\":\"https:\\\/\\\/insektenliebe.com\\\/it\\\/shop\\\/prodotto\\\/onychiuridae-spec-fiocco-di-neve\\\/#breadcrumb\",\"itemListElement\":[{\"@type\":\"ListItem\",\"position\":1,\"name\":\"Startseite\",\"item\":\"https:\\\/\\\/insektenliebe.com\\\/it\\\/\"},{\"@type\":\"ListItem\",\"position\":2,\"name\":\"Negozio\",\"item\":\"https:\\\/\\\/insektenliebe.com\\\/it\\\/negozio\\\/\"},{\"@type\":\"ListItem\",\"position\":3,\"name\":\"Onychiuridae spec. &#8220;Fiocco di neve&#8221;\"}]},{\"@type\":\"WebSite\",\"@id\":\"https:\\\/\\\/insektenliebe.com\\\/it\\\/#website\",\"url\":\"https:\\\/\\\/insektenliebe.com\\\/it\\\/\",\"name\":\"Insektenliebe\",\"description\":\"Dein Zuhause f\u00fcr die kleinen Lebewesen\",\"publisher\":{\"@id\":\"https:\\\/\\\/insektenliebe.com\\\/it\\\/#organization\"},\"potentialAction\":[{\"@type\":\"SearchAction\",\"target\":{\"@type\":\"EntryPoint\",\"urlTemplate\":\"https:\\\/\\\/insektenliebe.com\\\/it\\\/?s={search_term_string}\"},\"query-input\":{\"@type\":\"PropertyValueSpecification\",\"valueRequired\":true,\"valueName\":\"search_term_string\"}}],\"inLanguage\":\"it-IT\"},{\"@type\":\"Organization\",\"@id\":\"https:\\\/\\\/insektenliebe.com\\\/it\\\/#organization\",\"name\":\"Insektenliebe\",\"url\":\"https:\\\/\\\/insektenliebe.com\\\/it\\\/\",\"logo\":{\"@type\":\"ImageObject\",\"inLanguage\":\"it-IT\",\"@id\":\"https:\\\/\\\/insektenliebe.com\\\/it\\\/#\\\/schema\\\/logo\\\/image\\\/\",\"url\":\"https:\\\/\\\/insektenliebe.com\\\/wp-content\\\/uploads\\\/2025\\\/03\\\/logo-white.png\",\"contentUrl\":\"https:\\\/\\\/insektenliebe.com\\\/wp-content\\\/uploads\\\/2025\\\/03\\\/logo-white.png\",\"width\":288,\"height\":188,\"caption\":\"Insektenliebe\"},\"image\":{\"@id\":\"https:\\\/\\\/insektenliebe.com\\\/it\\\/#\\\/schema\\\/logo\\\/image\\\/\"}}]}<\/script>\n<meta property=\"product:price:amount\" content=\"12.00\" \/>\n<meta property=\"product:price:currency\" content=\"EUR\" \/>\n<meta property=\"og:availability\" content=\"instock\" \/>\n<meta property=\"product:availability\" content=\"instock\" \/>\n<meta property=\"product:retailer_item_id\" content=\"641-1\" \/>\n<meta property=\"product:condition\" content=\"new\" \/>\n<!-- \/ Yoast SEO Premium plugin. -->","yoast_head_json":{"title":"Onychiuridae spec. \"Fiocco di neve\" - Insektenliebe","description":"Acquista Onychiuridae spec. \"Snowflake\" a buon prezzo online: Scopri questa robusta specie di coda a molla che contribuisce alla decomposizione naturale.","robots":{"index":"index","follow":"follow","max-snippet":"max-snippet:-1","max-image-preview":"max-image-preview:large","max-video-preview":"max-video-preview:-1"},"canonical":"https:\/\/insektenliebe.com\/it\/shop\/prodotto\/onychiuridae-spec-fiocco-di-neve\/","og_locale":"it_IT","og_type":"article","og_title":"Onychiuridae spec. \"Fiocco di neve\"","og_description":"Acquista Onychiuridae spec. \"Snowflake\" a buon prezzo online: Scopri questa robusta specie di coda a molla che contribuisce alla decomposizione naturale.","og_url":"https:\/\/insektenliebe.com\/it\/shop\/prodotto\/onychiuridae-spec-fiocco-di-neve\/","og_site_name":"Insektenliebe","og_image":[{"width":820,"height":820,"url":"https:\/\/insektenliebe.com\/wp-content\/uploads\/2025\/05\/Onychiuridae-spec.-22Snowflake22-1.jpg","type":"image\/jpeg"}],"twitter_card":"summary_large_image","twitter_misc":{"Prezzo":"12,00&nbsp;&euro; IVA incl., + spese di sped.","Disponibilit\u00e0":"In stock"},"schema":{"@context":"https:\/\/schema.org","@graph":[{"@type":"WebPage","@id":"https:\/\/insektenliebe.com\/it\/shop\/prodotto\/onychiuridae-spec-fiocco-di-neve\/","url":"https:\/\/insektenliebe.com\/it\/shop\/prodotto\/onychiuridae-spec-fiocco-di-neve\/","name":"Onychiuridae spec. \"Fiocco di neve\" - Insektenliebe","isPartOf":{"@id":"https:\/\/insektenliebe.com\/it\/#website"},"primaryImageOfPage":{"@id":"https:\/\/insektenliebe.com\/it\/shop\/prodotto\/onychiuridae-spec-fiocco-di-neve\/#primaryimage"},"image":{"@id":"https:\/\/insektenliebe.com\/it\/shop\/prodotto\/onychiuridae-spec-fiocco-di-neve\/#primaryimage"},"thumbnailUrl":"https:\/\/insektenliebe.com\/wp-content\/uploads\/2025\/05\/Onychiuridae-spec.-22Snowflake22-1.jpg","datePublished":"2025-05-14T12:07:47+00:00","description":"Acquista Onychiuridae spec. \"Snowflake\" a buon prezzo online: Scopri questa robusta specie di coda a molla che contribuisce alla decomposizione naturale.","breadcrumb":{"@id":"https:\/\/insektenliebe.com\/it\/shop\/prodotto\/onychiuridae-spec-fiocco-di-neve\/#breadcrumb"},"inLanguage":"it-IT","potentialAction":[{"@type":"ReadAction","target":["https:\/\/insektenliebe.com\/it\/shop\/prodotto\/onychiuridae-spec-fiocco-di-neve\/"]}]},{"@type":"ImageObject","inLanguage":"it-IT","@id":"https:\/\/insektenliebe.com\/it\/shop\/prodotto\/onychiuridae-spec-fiocco-di-neve\/#primaryimage","url":"https:\/\/insektenliebe.com\/wp-content\/uploads\/2025\/05\/Onychiuridae-spec.-22Snowflake22-1.jpg","contentUrl":"https:\/\/insektenliebe.com\/wp-content\/uploads\/2025\/05\/Onychiuridae-spec.-22Snowflake22-1.jpg","width":820,"height":820,"caption":"Onychiuridae-spec.-22Fiocco di neve22-1.jpg"},{"@type":"BreadcrumbList","@id":"https:\/\/insektenliebe.com\/it\/shop\/prodotto\/onychiuridae-spec-fiocco-di-neve\/#breadcrumb","itemListElement":[{"@type":"ListItem","position":1,"name":"Startseite","item":"https:\/\/insektenliebe.com\/it\/"},{"@type":"ListItem","position":2,"name":"Negozio","item":"https:\/\/insektenliebe.com\/it\/negozio\/"},{"@type":"ListItem","position":3,"name":"Onychiuridae spec. &#8220;Fiocco di neve&#8221;"}]},{"@type":"WebSite","@id":"https:\/\/insektenliebe.com\/it\/#website","url":"https:\/\/insektenliebe.com\/it\/","name":"Insektenliebe","description":"Dein Zuhause f\u00fcr die kleinen Lebewesen","publisher":{"@id":"https:\/\/insektenliebe.com\/it\/#organization"},"potentialAction":[{"@type":"SearchAction","target":{"@type":"EntryPoint","urlTemplate":"https:\/\/insektenliebe.com\/it\/?s={search_term_string}"},"query-input":{"@type":"PropertyValueSpecification","valueRequired":true,"valueName":"search_term_string"}}],"inLanguage":"it-IT"},{"@type":"Organization","@id":"https:\/\/insektenliebe.com\/it\/#organization","name":"Insektenliebe","url":"https:\/\/insektenliebe.com\/it\/","logo":{"@type":"ImageObject","inLanguage":"it-IT","@id":"https:\/\/insektenliebe.com\/it\/#\/schema\/logo\/image\/","url":"https:\/\/insektenliebe.com\/wp-content\/uploads\/2025\/03\/logo-white.png","contentUrl":"https:\/\/insektenliebe.com\/wp-content\/uploads\/2025\/03\/logo-white.png","width":288,"height":188,"caption":"Insektenliebe"},"image":{"@id":"https:\/\/insektenliebe.com\/it\/#\/schema\/logo\/image\/"}}]},"product_price_amount":"12.00","product_price_currency":"EUR","og_availability":"instock","product_availability":"instock","product_retailer_item_id":"641-1","product_condition":"new"},"_links":{"self":[{"href":"https:\/\/insektenliebe.com\/it\/wp-json\/wp\/v2\/product\/189164","targetHints":{"allow":["GET"]}}],"collection":[{"href":"https:\/\/insektenliebe.com\/it\/wp-json\/wp\/v2\/product"}],"about":[{"href":"https:\/\/insektenliebe.com\/it\/wp-json\/wp\/v2\/types\/product"}],"wp:featuredmedia":[{"embeddable":true,"href":"https:\/\/insektenliebe.com\/it\/wp-json\/wp\/v2\/media\/189178"}],"wp:attachment":[{"href":"https:\/\/insektenliebe.com\/it\/wp-json\/wp\/v2\/media?parent=189164"}],"wp:term":[{"taxonomy":"product-supplier","embeddable":true,"href":"https:\/\/insektenliebe.com\/it\/wp-json\/wp\/v2\/product-supplier?post=189164"},{"taxonomy":"product_brand","embeddable":true,"href":"https:\/\/insektenliebe.com\/it\/wp-json\/wp\/v2\/product_brand?post=189164"},{"taxonomy":"product_cat","embeddable":true,"href":"https:\/\/insektenliebe.com\/it\/wp-json\/wp\/v2\/product_cat?post=189164"},{"taxonomy":"product_tag","embeddable":true,"href":"https:\/\/insektenliebe.com\/it\/wp-json\/wp\/v2\/product_tag?post=189164"},{"taxonomy":"lce-checkout-addons","embeddable":true,"href":"https:\/\/insektenliebe.com\/it\/wp-json\/wp\/v2\/lce-checkout-addons?post=189164"}],"curies":[{"name":"wp","href":"https:\/\/api.w.org\/{rel}","templated":true}]}}