{"id":189163,"date":"2025-07-03T13:36:00","date_gmt":"2025-07-03T11:36:00","guid":{"rendered":"https:\/\/insektenliebe.com\/shop\/produkt\/anthia-biguttata\/"},"modified":"2025-07-03T13:36:00","modified_gmt":"2025-07-03T11:36:00","slug":"anthia-biguttata","status":"publish","type":"product","link":"https:\/\/insektenliebe.com\/it\/shop\/prodotto\/anthia-biguttata\/","title":{"rendered":"Anthia biguttata"},"content":{"rendered":"<h3><span style=\"color: #99cc33\"><strong data-start=\"0\" data-end=\"61\">Anthia biguttata - La guerriera del deserto per il tuo terrario<\/strong><\/span><\/h3>\n<p>&nbsp;<\/p>\n<p data-start=\"56\" data-end=\"407\">Gi\u00e0 a prima vista si nota che questo coleottero terrestre non ha solo due macchie chiare. Le macchie bianco crema sul dorso sono collegate da una linea sottile e ricordano una piccola faccina sorridente e maliziosa. Questo aspetto giocoso rende <strong>Anthia biguttata<\/strong> un vero e proprio richiamo visivo e aggiunge un tocco speciale a qualsiasi terrario.  <\/p>\n<p data-start=\"409\" data-end=\"885\">Questo imponente coleottero \u00e8 originario delle savane aride dell&#8217;Africa occidentale e centrale. Qui vive su terreni sabbiosi con vegetazione rada. Nel terrario, quindi, si trova particolarmente a suo agio in un ambiente secco con una miscela sciolta di sabbia e argilla. Pietre piatte, tubi di sughero e radici sono arredi adatti che servono sia come nascondigli che come elementi per arrampicarsi. Un&#8217;area di almeno 30 x 30 centimetri offre al coleottero uno spazio sufficiente per muoversi.    <\/p>\n<p data-start=\"887\" data-end=\"1156\">L <strong>&#8216;Anthia biguttata<\/strong> ama le temperature calde. Durante il giorno si sente a suo agio tra i 26 e i 30 gradi, mentre di notte pu\u00f2 essere un po&#8217; pi\u00f9 fresca. Una piccola area umida nel substrato fornisce il microclima necessario, mentre la maggior parte della vasca dovrebbe rimanere asciutta.  <\/p>\n<p data-start=\"1158\" data-end=\"1517\">Il coleottero \u00e8 attivo soprattutto al crepuscolo ed \u00e8 un abile cacciatore. Ama mangiare insetti vivi come grilli, scarafaggi e vermi. Se \u00e8 minacciato, pu\u00f2 spruzzare una vistosa secrezione dall&#8217;odore intenso: un comportamento affascinante che, tuttavia, serve pi\u00f9 che altro per autodifendersi ed \u00e8 innocuo per l&#8217;uomo.  <\/p>\n<p data-start=\"1519\" data-end=\"1943\" data-is-last-node=\"\" data-is-only-node=\"\">L<strong>&#8216;Anthia biguttata<\/strong> non \u00e8 solo bella, ma anche facile da curare. Con cibo regolare, un substrato pulito e condizioni abitative stabili, il coleottero pu\u00f2 essere tenuto per molti anni senza problemi. Il suo disegno sorprendente, il suo comportamento sicuro di s\u00e9 e il suo stile di vita entusiasmante lo rendono un&#8217;esperienza speciale per chi cerca qualcosa di pi\u00f9 di un semplice animale domestico.  <\/p>\n","protected":false},"excerpt":{"rendered":"<p>Anthia biguttata - La guerriera del deserto per il tuo terrario &nbsp; Gi\u00e0 a prima vista si nota che questo coleottero terrestre non ha solo due macchie chiare. Le macchie bianco crema sul dorso sono collegate da una linea sottile e ricordano una piccola faccina sorridente e maliziosa. Questo aspetto giocoso rende Anthia biguttata un [&hellip;]<\/p>\n","protected":false},"featured_media":189165,"template":"","meta":{"_acf_changed":false},"product-supplier":[],"product_brand":[],"product_cat":[2829],"product_tag":[],"lce-checkout-addons":[2746],"class_list":{"0":"post-189163","1":"product","2":"type-product","3":"status-publish","4":"has-post-thumbnail","6":"product_cat-altri-invertebrati","7":"product_shipping_class-spedizione-di-animali","8":"pa_herkunft-nigeria","9":"pa_kontinent-africa","10":"lce-checkout-addons-imballaggio-invernale","12":"first","13":"outofstock","14":"taxable","15":"shipping-taxable","16":"purchasable","17":"product-type-simple"},"acf":[],"yoast_head":"<!-- This site is optimized with the Yoast SEO plugin v27.3 - https:\/\/yoast.com\/product\/yoast-seo-wordpress\/ -->\n<title>Anthia biguttata - Insektenliebe<\/title>\n<meta name=\"description\" content=\"L&#039;Anthia biguttata colpisce per il suo accattivante disegno a forma di sorriso e per il suo comportamento entusiasmante: \u00e8 ideale per terrari asciutti e strutturati.\" \/>\n<meta name=\"robots\" content=\"index, follow, max-snippet:-1, max-image-preview:large, max-video-preview:-1\" \/>\n<link rel=\"canonical\" href=\"https:\/\/insektenliebe.com\/it\/shop\/prodotto\/anthia-biguttata\/\" \/>\n<meta property=\"og:locale\" content=\"it_IT\" \/>\n<meta property=\"og:type\" content=\"article\" \/>\n<meta property=\"og:title\" content=\"Anthia biguttata - Insektenliebe\" \/>\n<meta property=\"og:description\" content=\"L&#039;Anthia biguttata colpisce per il suo accattivante disegno a forma di sorriso e per il suo comportamento entusiasmante: \u00e8 ideale per terrari asciutti e strutturati.\" \/>\n<meta property=\"og:url\" content=\"https:\/\/insektenliebe.com\/it\/shop\/prodotto\/anthia-biguttata\/\" \/>\n<meta property=\"og:site_name\" content=\"Insektenliebe\" \/>\n<meta property=\"og:image\" content=\"https:\/\/insektenliebe.com\/wp-content\/uploads\/2025\/07\/Anthia-biguttata-Wurzel.jpg\" \/>\n\t<meta property=\"og:image:width\" content=\"820\" \/>\n\t<meta property=\"og:image:height\" content=\"820\" \/>\n\t<meta property=\"og:image:type\" content=\"image\/jpeg\" \/>\n<meta name=\"twitter:card\" content=\"summary_large_image\" \/>\n<meta name=\"twitter:label1\" content=\"Tempo di lettura stimato\" \/>\n\t<meta name=\"twitter:data1\" content=\"1 minuto\" \/>\n<script type=\"application\/ld+json\" class=\"yoast-schema-graph\">{\"@context\":\"https:\\\/\\\/schema.org\",\"@graph\":[{\"@type\":\"WebPage\",\"@id\":\"https:\\\/\\\/insektenliebe.com\\\/it\\\/shop\\\/prodotto\\\/anthia-biguttata\\\/\",\"url\":\"https:\\\/\\\/insektenliebe.com\\\/it\\\/shop\\\/prodotto\\\/anthia-biguttata\\\/\",\"name\":\"Anthia biguttata - Insektenliebe\",\"isPartOf\":{\"@id\":\"https:\\\/\\\/insektenliebe.com\\\/it\\\/#website\"},\"primaryImageOfPage\":{\"@id\":\"https:\\\/\\\/insektenliebe.com\\\/it\\\/shop\\\/prodotto\\\/anthia-biguttata\\\/#primaryimage\"},\"image\":{\"@id\":\"https:\\\/\\\/insektenliebe.com\\\/it\\\/shop\\\/prodotto\\\/anthia-biguttata\\\/#primaryimage\"},\"thumbnailUrl\":\"https:\\\/\\\/insektenliebe.com\\\/wp-content\\\/uploads\\\/2025\\\/07\\\/Anthia-biguttata-Wurzel.jpg\",\"datePublished\":\"2025-07-03T11:36:00+00:00\",\"description\":\"L'Anthia biguttata colpisce per il suo accattivante disegno a forma di sorriso e per il suo comportamento entusiasmante: \u00e8 ideale per terrari asciutti e strutturati.\",\"breadcrumb\":{\"@id\":\"https:\\\/\\\/insektenliebe.com\\\/it\\\/shop\\\/prodotto\\\/anthia-biguttata\\\/#breadcrumb\"},\"inLanguage\":\"it-IT\",\"potentialAction\":[{\"@type\":\"ReadAction\",\"target\":[\"https:\\\/\\\/insektenliebe.com\\\/it\\\/shop\\\/prodotto\\\/anthia-biguttata\\\/\"]}]},{\"@type\":\"ImageObject\",\"inLanguage\":\"it-IT\",\"@id\":\"https:\\\/\\\/insektenliebe.com\\\/it\\\/shop\\\/prodotto\\\/anthia-biguttata\\\/#primaryimage\",\"url\":\"https:\\\/\\\/insektenliebe.com\\\/wp-content\\\/uploads\\\/2025\\\/07\\\/Anthia-biguttata-Wurzel.jpg\",\"contentUrl\":\"https:\\\/\\\/insektenliebe.com\\\/wp-content\\\/uploads\\\/2025\\\/07\\\/Anthia-biguttata-Wurzel.jpg\",\"width\":820,\"height\":820,\"caption\":\"Anthia biguttata- Radice\"},{\"@type\":\"BreadcrumbList\",\"@id\":\"https:\\\/\\\/insektenliebe.com\\\/it\\\/shop\\\/prodotto\\\/anthia-biguttata\\\/#breadcrumb\",\"itemListElement\":[{\"@type\":\"ListItem\",\"position\":1,\"name\":\"Startseite\",\"item\":\"https:\\\/\\\/insektenliebe.com\\\/it\\\/\"},{\"@type\":\"ListItem\",\"position\":2,\"name\":\"Negozio\",\"item\":\"https:\\\/\\\/insektenliebe.com\\\/it\\\/negozio\\\/\"},{\"@type\":\"ListItem\",\"position\":3,\"name\":\"Anthia biguttata\"}]},{\"@type\":\"WebSite\",\"@id\":\"https:\\\/\\\/insektenliebe.com\\\/it\\\/#website\",\"url\":\"https:\\\/\\\/insektenliebe.com\\\/it\\\/\",\"name\":\"Insektenliebe\",\"description\":\"Dein Zuhause f\u00fcr die kleinen Lebewesen\",\"publisher\":{\"@id\":\"https:\\\/\\\/insektenliebe.com\\\/it\\\/#organization\"},\"potentialAction\":[{\"@type\":\"SearchAction\",\"target\":{\"@type\":\"EntryPoint\",\"urlTemplate\":\"https:\\\/\\\/insektenliebe.com\\\/it\\\/?s={search_term_string}\"},\"query-input\":{\"@type\":\"PropertyValueSpecification\",\"valueRequired\":true,\"valueName\":\"search_term_string\"}}],\"inLanguage\":\"it-IT\"},{\"@type\":\"Organization\",\"@id\":\"https:\\\/\\\/insektenliebe.com\\\/it\\\/#organization\",\"name\":\"Insektenliebe\",\"url\":\"https:\\\/\\\/insektenliebe.com\\\/it\\\/\",\"logo\":{\"@type\":\"ImageObject\",\"inLanguage\":\"it-IT\",\"@id\":\"https:\\\/\\\/insektenliebe.com\\\/it\\\/#\\\/schema\\\/logo\\\/image\\\/\",\"url\":\"https:\\\/\\\/insektenliebe.com\\\/wp-content\\\/uploads\\\/2025\\\/03\\\/logo-white.png\",\"contentUrl\":\"https:\\\/\\\/insektenliebe.com\\\/wp-content\\\/uploads\\\/2025\\\/03\\\/logo-white.png\",\"width\":288,\"height\":188,\"caption\":\"Insektenliebe\"},\"image\":{\"@id\":\"https:\\\/\\\/insektenliebe.com\\\/it\\\/#\\\/schema\\\/logo\\\/image\\\/\"}}]}<\/script>\n<!-- \/ Yoast SEO plugin. -->","yoast_head_json":{"title":"Anthia biguttata - Insektenliebe","description":"L'Anthia biguttata colpisce per il suo accattivante disegno a forma di sorriso e per il suo comportamento entusiasmante: \u00e8 ideale per terrari asciutti e strutturati.","robots":{"index":"index","follow":"follow","max-snippet":"max-snippet:-1","max-image-preview":"max-image-preview:large","max-video-preview":"max-video-preview:-1"},"canonical":"https:\/\/insektenliebe.com\/it\/shop\/prodotto\/anthia-biguttata\/","og_locale":"it_IT","og_type":"article","og_title":"Anthia biguttata - Insektenliebe","og_description":"L'Anthia biguttata colpisce per il suo accattivante disegno a forma di sorriso e per il suo comportamento entusiasmante: \u00e8 ideale per terrari asciutti e strutturati.","og_url":"https:\/\/insektenliebe.com\/it\/shop\/prodotto\/anthia-biguttata\/","og_site_name":"Insektenliebe","og_image":[{"width":820,"height":820,"url":"https:\/\/insektenliebe.com\/wp-content\/uploads\/2025\/07\/Anthia-biguttata-Wurzel.jpg","type":"image\/jpeg"}],"twitter_card":"summary_large_image","twitter_misc":{"Tempo di lettura stimato":"1 minuto"},"schema":{"@context":"https:\/\/schema.org","@graph":[{"@type":"WebPage","@id":"https:\/\/insektenliebe.com\/it\/shop\/prodotto\/anthia-biguttata\/","url":"https:\/\/insektenliebe.com\/it\/shop\/prodotto\/anthia-biguttata\/","name":"Anthia biguttata - Insektenliebe","isPartOf":{"@id":"https:\/\/insektenliebe.com\/it\/#website"},"primaryImageOfPage":{"@id":"https:\/\/insektenliebe.com\/it\/shop\/prodotto\/anthia-biguttata\/#primaryimage"},"image":{"@id":"https:\/\/insektenliebe.com\/it\/shop\/prodotto\/anthia-biguttata\/#primaryimage"},"thumbnailUrl":"https:\/\/insektenliebe.com\/wp-content\/uploads\/2025\/07\/Anthia-biguttata-Wurzel.jpg","datePublished":"2025-07-03T11:36:00+00:00","description":"L'Anthia biguttata colpisce per il suo accattivante disegno a forma di sorriso e per il suo comportamento entusiasmante: \u00e8 ideale per terrari asciutti e strutturati.","breadcrumb":{"@id":"https:\/\/insektenliebe.com\/it\/shop\/prodotto\/anthia-biguttata\/#breadcrumb"},"inLanguage":"it-IT","potentialAction":[{"@type":"ReadAction","target":["https:\/\/insektenliebe.com\/it\/shop\/prodotto\/anthia-biguttata\/"]}]},{"@type":"ImageObject","inLanguage":"it-IT","@id":"https:\/\/insektenliebe.com\/it\/shop\/prodotto\/anthia-biguttata\/#primaryimage","url":"https:\/\/insektenliebe.com\/wp-content\/uploads\/2025\/07\/Anthia-biguttata-Wurzel.jpg","contentUrl":"https:\/\/insektenliebe.com\/wp-content\/uploads\/2025\/07\/Anthia-biguttata-Wurzel.jpg","width":820,"height":820,"caption":"Anthia biguttata- Radice"},{"@type":"BreadcrumbList","@id":"https:\/\/insektenliebe.com\/it\/shop\/prodotto\/anthia-biguttata\/#breadcrumb","itemListElement":[{"@type":"ListItem","position":1,"name":"Startseite","item":"https:\/\/insektenliebe.com\/it\/"},{"@type":"ListItem","position":2,"name":"Negozio","item":"https:\/\/insektenliebe.com\/it\/negozio\/"},{"@type":"ListItem","position":3,"name":"Anthia biguttata"}]},{"@type":"WebSite","@id":"https:\/\/insektenliebe.com\/it\/#website","url":"https:\/\/insektenliebe.com\/it\/","name":"Insektenliebe","description":"Dein Zuhause f\u00fcr die kleinen Lebewesen","publisher":{"@id":"https:\/\/insektenliebe.com\/it\/#organization"},"potentialAction":[{"@type":"SearchAction","target":{"@type":"EntryPoint","urlTemplate":"https:\/\/insektenliebe.com\/it\/?s={search_term_string}"},"query-input":{"@type":"PropertyValueSpecification","valueRequired":true,"valueName":"search_term_string"}}],"inLanguage":"it-IT"},{"@type":"Organization","@id":"https:\/\/insektenliebe.com\/it\/#organization","name":"Insektenliebe","url":"https:\/\/insektenliebe.com\/it\/","logo":{"@type":"ImageObject","inLanguage":"it-IT","@id":"https:\/\/insektenliebe.com\/it\/#\/schema\/logo\/image\/","url":"https:\/\/insektenliebe.com\/wp-content\/uploads\/2025\/03\/logo-white.png","contentUrl":"https:\/\/insektenliebe.com\/wp-content\/uploads\/2025\/03\/logo-white.png","width":288,"height":188,"caption":"Insektenliebe"},"image":{"@id":"https:\/\/insektenliebe.com\/it\/#\/schema\/logo\/image\/"}}]}},"_links":{"self":[{"href":"https:\/\/insektenliebe.com\/it\/wp-json\/wp\/v2\/product\/189163","targetHints":{"allow":["GET"]}}],"collection":[{"href":"https:\/\/insektenliebe.com\/it\/wp-json\/wp\/v2\/product"}],"about":[{"href":"https:\/\/insektenliebe.com\/it\/wp-json\/wp\/v2\/types\/product"}],"wp:featuredmedia":[{"embeddable":true,"href":"https:\/\/insektenliebe.com\/it\/wp-json\/wp\/v2\/media\/189165"}],"wp:attachment":[{"href":"https:\/\/insektenliebe.com\/it\/wp-json\/wp\/v2\/media?parent=189163"}],"wp:term":[{"taxonomy":"product-supplier","embeddable":true,"href":"https:\/\/insektenliebe.com\/it\/wp-json\/wp\/v2\/product-supplier?post=189163"},{"taxonomy":"product_brand","embeddable":true,"href":"https:\/\/insektenliebe.com\/it\/wp-json\/wp\/v2\/product_brand?post=189163"},{"taxonomy":"product_cat","embeddable":true,"href":"https:\/\/insektenliebe.com\/it\/wp-json\/wp\/v2\/product_cat?post=189163"},{"taxonomy":"product_tag","embeddable":true,"href":"https:\/\/insektenliebe.com\/it\/wp-json\/wp\/v2\/product_tag?post=189163"},{"taxonomy":"lce-checkout-addons","embeddable":true,"href":"https:\/\/insektenliebe.com\/it\/wp-json\/wp\/v2\/lce-checkout-addons?post=189163"}],"curies":[{"name":"wp","href":"https:\/\/api.w.org\/{rel}","templated":true}]}}