{"id":189157,"date":"2025-06-07T11:03:57","date_gmt":"2025-06-07T09:03:57","guid":{"rendered":"https:\/\/insektenliebe.com\/shop\/produkt\/phidippus-otiosus-cuba\/"},"modified":"2025-06-07T11:03:57","modified_gmt":"2025-06-07T09:03:57","slug":"phidippus-otiosus-cuba","status":"publish","type":"product","link":"https:\/\/insektenliebe.com\/it\/shop\/prodotto\/phidippus-otiosus-cuba\/","title":{"rendered":"Phidippus otiosus \"Cuba"},"content":{"rendered":"<h3 data-start=\"0\" data-end=\"72\"><span style=\"color: #99cc33\"><strong data-start=\"0\" data-end=\"82\">Phidippus otiosus \"Kuba\" - ragno saltatore spiritoso dal fascino caraibico<\/strong><\/span><\/h3>\n<p data-start=\"84\" data-end=\"692\">Il <strong data-start=\"88\" data-end=\"116\">Phidippus otiosus \"Cuba\"<\/strong> \u00e8 una variante particolarmente appariscente del ragno saltatore nordamericano e cattura immediatamente l&#8217;attenzione con il suo aspetto affascinante, gli occhi grandi e l&#8217;aspetto vaporoso. Questa forma cromatica \u00e8 originaria dell&#8217;isola caraibica di Cuba, il che le conferisce non solo il nome, ma anche un aspetto unico. La tonalit\u00e0 di base da beige a grigio-marrone \u00e8 tipica, combinata con delicati accenti scuri che brillano a seconda delle condizioni di luce. Gli animali sono compatti, di corporatura robusta e si muovono con la curiosit\u00e0 e la vivacit\u00e0 tipiche delle specie di Phidippus.   <\/p>\n<p data-start=\"694\" data-end=\"1368\">Come tutti i rappresentanti del suo genere, il <strong>Phidippus otiosus \"Kuba\"<\/strong> \u00e8 molto vigile e attivo. Osserva l&#8217;ambiente circostante con i suoi grandi occhi anteriori e spesso reagisce ai movimenti con un&#8217;interazione sorprendente. Questa caratteristica lo rende una delle specie pi\u00f9 popolari tra gli appassionati di ragni saltatori. Gli animali sono attivi durante il giorno ed esplorano con curiosit\u00e0 il loro terrario. Una casa ben strutturata con rifugi, possibilit\u00e0 di arrampicarsi e angoli tranquilli garantir\u00e0 il benessere del tuo ragno. I terrari che misurano 20 \u00d7 20 \u00d7 30 cm o pi\u00f9 sono particolarmente adatti. \u00c8 importante un buon ricambio d&#8217;aria: il clima non deve essere n\u00e9 troppo secco n\u00e9 troppo umido.      <\/p>\n<p data-start=\"1370\" data-end=\"1912\">Il <strong>Phidippus otiosus \"Kuba\"<\/strong> \u00e8 piuttosto semplice da curare. L&#8217;alimentazione una volta alla settimana (ad esempio con Drosophila, piccoli grilli o mosche), la nebulizzazione occasionale per mantenere l&#8217;umidit\u00e0 e una posizione tranquilla sono sufficienti per garantirle una buona vita. Dai un&#8217;occhiata alla nostra rivista per maggiori informazioni. Quando costruiscono i nidi, gli animali preferiscono strutture pi\u00f9 alte o aree di copertura, quindi consigliamo - soprattutto per la riproduzione - un allestimento adeguato con aree di ritiro nella zona superiore. Le nostre campane di eucalipto sono perfette per questo scopo. La colorazione adulta appare dopo diverse mute, di solito dalla FH6 alla FH8.     <\/p>\n<p data-start=\"1914\" data-end=\"2118\" data-is-last-node=\"\" data-is-only-node=\"\">Con la sua natura curiosa, il suo comportamento interessante e la sua origine particolare, il <strong>Phidippus otiosus \"Kuba<\/strong> \" \u00e8 un&#8217;ottima aggiunta a qualsiasi collezione e regala molti momenti di osservazione emozionanti.<\/p>\n","protected":false},"excerpt":{"rendered":"<p>Phidippus otiosus \"Kuba\" - ragno saltatore spiritoso dal fascino caraibico Il Phidippus otiosus \"Cuba\" \u00e8 una variante particolarmente appariscente del ragno saltatore nordamericano e cattura immediatamente l&#8217;attenzione con il suo aspetto affascinante, gli occhi grandi e l&#8217;aspetto vaporoso. Questa forma cromatica \u00e8 originaria dell&#8217;isola caraibica di Cuba, il che le conferisce non solo il nome, [&hellip;]<\/p>\n","protected":false},"featured_media":188050,"template":"","meta":{"_acf_changed":false},"product-supplier":[],"product_brand":[],"product_cat":[2809,2808],"product_tag":[],"lce-checkout-addons":[2746],"class_list":{"0":"post-189157","1":"product","2":"type-product","3":"status-publish","4":"has-post-thumbnail","6":"product_cat-ragni","7":"product_cat-ragni-che-saltano","8":"product_shipping_class-spedizione-di-animali","9":"pa_geschlecht-donna","10":"pa_geschlecht-indeterminato","11":"pa_geschlecht-uomo","12":"pa_herkunft-cuba","13":"pa_kontinent-nord-america","14":"lce-checkout-addons-imballaggio-invernale","16":"first","17":"outofstock","18":"taxable","19":"shipping-taxable","20":"purchasable","21":"product-type-variable","22":"has-default-attributes"},"acf":[],"yoast_head":"<!-- This site is optimized with the Yoast SEO plugin v27.3 - https:\/\/yoast.com\/product\/yoast-seo-wordpress\/ -->\n<title>Phidippus otiosus &quot;Cuba - Insektenliebe<\/title>\n<meta name=\"description\" content=\"Il Phidippus otiosus &quot;Kuba&quot; \u00e8 un curioso e attivo ragno saltatore dalle origini caraibiche e dall&#039;aspetto affascinante, ideale per principianti e appassionati.\" \/>\n<meta name=\"robots\" content=\"index, follow, max-snippet:-1, max-image-preview:large, max-video-preview:-1\" \/>\n<link rel=\"canonical\" href=\"https:\/\/insektenliebe.com\/it\/shop\/prodotto\/phidippus-otiosus-cuba\/\" \/>\n<meta property=\"og:locale\" content=\"it_IT\" \/>\n<meta property=\"og:type\" content=\"article\" \/>\n<meta property=\"og:title\" content=\"Phidippus otiosus &quot;Cuba - Insektenliebe\" \/>\n<meta property=\"og:description\" content=\"Il Phidippus otiosus &quot;Kuba&quot; \u00e8 un curioso e attivo ragno saltatore dalle origini caraibiche e dall&#039;aspetto affascinante, ideale per principianti e appassionati.\" \/>\n<meta property=\"og:url\" content=\"https:\/\/insektenliebe.com\/it\/shop\/prodotto\/phidippus-otiosus-cuba\/\" \/>\n<meta property=\"og:site_name\" content=\"Insektenliebe\" \/>\n<meta property=\"og:image\" content=\"https:\/\/insektenliebe.com\/wp-content\/uploads\/2025\/06\/Phidippus-otiosus-\u201eKuba.jpg\" \/>\n\t<meta property=\"og:image:width\" content=\"820\" \/>\n\t<meta property=\"og:image:height\" content=\"820\" \/>\n\t<meta property=\"og:image:type\" content=\"image\/jpeg\" \/>\n<meta name=\"twitter:card\" content=\"summary_large_image\" \/>\n<meta name=\"twitter:label1\" content=\"Tempo di lettura stimato\" \/>\n\t<meta name=\"twitter:data1\" content=\"2 minuto\" \/>\n<script type=\"application\/ld+json\" class=\"yoast-schema-graph\">{\"@context\":\"https:\\\/\\\/schema.org\",\"@graph\":[{\"@type\":\"WebPage\",\"@id\":\"https:\\\/\\\/insektenliebe.com\\\/it\\\/shop\\\/prodotto\\\/phidippus-otiosus-cuba\\\/\",\"url\":\"https:\\\/\\\/insektenliebe.com\\\/it\\\/shop\\\/prodotto\\\/phidippus-otiosus-cuba\\\/\",\"name\":\"Phidippus otiosus \\\"Cuba - Insektenliebe\",\"isPartOf\":{\"@id\":\"https:\\\/\\\/insektenliebe.com\\\/it\\\/#website\"},\"primaryImageOfPage\":{\"@id\":\"https:\\\/\\\/insektenliebe.com\\\/it\\\/shop\\\/prodotto\\\/phidippus-otiosus-cuba\\\/#primaryimage\"},\"image\":{\"@id\":\"https:\\\/\\\/insektenliebe.com\\\/it\\\/shop\\\/prodotto\\\/phidippus-otiosus-cuba\\\/#primaryimage\"},\"thumbnailUrl\":\"https:\\\/\\\/insektenliebe.com\\\/wp-content\\\/uploads\\\/2025\\\/06\\\/Phidippus-otiosus-\u201eKuba.jpg\",\"datePublished\":\"2025-06-07T09:03:57+00:00\",\"description\":\"Il Phidippus otiosus \\\"Kuba\\\" \u00e8 un curioso e attivo ragno saltatore dalle origini caraibiche e dall'aspetto affascinante, ideale per principianti e appassionati.\",\"breadcrumb\":{\"@id\":\"https:\\\/\\\/insektenliebe.com\\\/it\\\/shop\\\/prodotto\\\/phidippus-otiosus-cuba\\\/#breadcrumb\"},\"inLanguage\":\"it-IT\",\"potentialAction\":[{\"@type\":\"ReadAction\",\"target\":[\"https:\\\/\\\/insektenliebe.com\\\/it\\\/shop\\\/prodotto\\\/phidippus-otiosus-cuba\\\/\"]}]},{\"@type\":\"ImageObject\",\"inLanguage\":\"it-IT\",\"@id\":\"https:\\\/\\\/insektenliebe.com\\\/it\\\/shop\\\/prodotto\\\/phidippus-otiosus-cuba\\\/#primaryimage\",\"url\":\"https:\\\/\\\/insektenliebe.com\\\/wp-content\\\/uploads\\\/2025\\\/06\\\/Phidippus-otiosus-\u201eKuba.jpg\",\"contentUrl\":\"https:\\\/\\\/insektenliebe.com\\\/wp-content\\\/uploads\\\/2025\\\/06\\\/Phidippus-otiosus-\u201eKuba.jpg\",\"width\":820,\"height\":820,\"caption\":\"Phidippus otiosus \\\"Cuba\"},{\"@type\":\"BreadcrumbList\",\"@id\":\"https:\\\/\\\/insektenliebe.com\\\/it\\\/shop\\\/prodotto\\\/phidippus-otiosus-cuba\\\/#breadcrumb\",\"itemListElement\":[{\"@type\":\"ListItem\",\"position\":1,\"name\":\"Startseite\",\"item\":\"https:\\\/\\\/insektenliebe.com\\\/it\\\/\"},{\"@type\":\"ListItem\",\"position\":2,\"name\":\"Negozio\",\"item\":\"https:\\\/\\\/insektenliebe.com\\\/it\\\/negozio\\\/\"},{\"@type\":\"ListItem\",\"position\":3,\"name\":\"Phidippus otiosus &#8220;Cuba\"}]},{\"@type\":\"WebSite\",\"@id\":\"https:\\\/\\\/insektenliebe.com\\\/it\\\/#website\",\"url\":\"https:\\\/\\\/insektenliebe.com\\\/it\\\/\",\"name\":\"Insektenliebe\",\"description\":\"Dein Zuhause f\u00fcr die kleinen Lebewesen\",\"publisher\":{\"@id\":\"https:\\\/\\\/insektenliebe.com\\\/it\\\/#organization\"},\"potentialAction\":[{\"@type\":\"SearchAction\",\"target\":{\"@type\":\"EntryPoint\",\"urlTemplate\":\"https:\\\/\\\/insektenliebe.com\\\/it\\\/?s={search_term_string}\"},\"query-input\":{\"@type\":\"PropertyValueSpecification\",\"valueRequired\":true,\"valueName\":\"search_term_string\"}}],\"inLanguage\":\"it-IT\"},{\"@type\":\"Organization\",\"@id\":\"https:\\\/\\\/insektenliebe.com\\\/it\\\/#organization\",\"name\":\"Insektenliebe\",\"url\":\"https:\\\/\\\/insektenliebe.com\\\/it\\\/\",\"logo\":{\"@type\":\"ImageObject\",\"inLanguage\":\"it-IT\",\"@id\":\"https:\\\/\\\/insektenliebe.com\\\/it\\\/#\\\/schema\\\/logo\\\/image\\\/\",\"url\":\"https:\\\/\\\/insektenliebe.com\\\/wp-content\\\/uploads\\\/2025\\\/03\\\/logo-white.png\",\"contentUrl\":\"https:\\\/\\\/insektenliebe.com\\\/wp-content\\\/uploads\\\/2025\\\/03\\\/logo-white.png\",\"width\":288,\"height\":188,\"caption\":\"Insektenliebe\"},\"image\":{\"@id\":\"https:\\\/\\\/insektenliebe.com\\\/it\\\/#\\\/schema\\\/logo\\\/image\\\/\"}}]}<\/script>\n<!-- \/ Yoast SEO plugin. -->","yoast_head_json":{"title":"Phidippus otiosus \"Cuba - Insektenliebe","description":"Il Phidippus otiosus \"Kuba\" \u00e8 un curioso e attivo ragno saltatore dalle origini caraibiche e dall'aspetto affascinante, ideale per principianti e appassionati.","robots":{"index":"index","follow":"follow","max-snippet":"max-snippet:-1","max-image-preview":"max-image-preview:large","max-video-preview":"max-video-preview:-1"},"canonical":"https:\/\/insektenliebe.com\/it\/shop\/prodotto\/phidippus-otiosus-cuba\/","og_locale":"it_IT","og_type":"article","og_title":"Phidippus otiosus \"Cuba - Insektenliebe","og_description":"Il Phidippus otiosus \"Kuba\" \u00e8 un curioso e attivo ragno saltatore dalle origini caraibiche e dall'aspetto affascinante, ideale per principianti e appassionati.","og_url":"https:\/\/insektenliebe.com\/it\/shop\/prodotto\/phidippus-otiosus-cuba\/","og_site_name":"Insektenliebe","og_image":[{"width":820,"height":820,"url":"https:\/\/insektenliebe.com\/wp-content\/uploads\/2025\/06\/Phidippus-otiosus-\u201eKuba.jpg","type":"image\/jpeg"}],"twitter_card":"summary_large_image","twitter_misc":{"Tempo di lettura stimato":"2 minuto"},"schema":{"@context":"https:\/\/schema.org","@graph":[{"@type":"WebPage","@id":"https:\/\/insektenliebe.com\/it\/shop\/prodotto\/phidippus-otiosus-cuba\/","url":"https:\/\/insektenliebe.com\/it\/shop\/prodotto\/phidippus-otiosus-cuba\/","name":"Phidippus otiosus \"Cuba - Insektenliebe","isPartOf":{"@id":"https:\/\/insektenliebe.com\/it\/#website"},"primaryImageOfPage":{"@id":"https:\/\/insektenliebe.com\/it\/shop\/prodotto\/phidippus-otiosus-cuba\/#primaryimage"},"image":{"@id":"https:\/\/insektenliebe.com\/it\/shop\/prodotto\/phidippus-otiosus-cuba\/#primaryimage"},"thumbnailUrl":"https:\/\/insektenliebe.com\/wp-content\/uploads\/2025\/06\/Phidippus-otiosus-\u201eKuba.jpg","datePublished":"2025-06-07T09:03:57+00:00","description":"Il Phidippus otiosus \"Kuba\" \u00e8 un curioso e attivo ragno saltatore dalle origini caraibiche e dall'aspetto affascinante, ideale per principianti e appassionati.","breadcrumb":{"@id":"https:\/\/insektenliebe.com\/it\/shop\/prodotto\/phidippus-otiosus-cuba\/#breadcrumb"},"inLanguage":"it-IT","potentialAction":[{"@type":"ReadAction","target":["https:\/\/insektenliebe.com\/it\/shop\/prodotto\/phidippus-otiosus-cuba\/"]}]},{"@type":"ImageObject","inLanguage":"it-IT","@id":"https:\/\/insektenliebe.com\/it\/shop\/prodotto\/phidippus-otiosus-cuba\/#primaryimage","url":"https:\/\/insektenliebe.com\/wp-content\/uploads\/2025\/06\/Phidippus-otiosus-\u201eKuba.jpg","contentUrl":"https:\/\/insektenliebe.com\/wp-content\/uploads\/2025\/06\/Phidippus-otiosus-\u201eKuba.jpg","width":820,"height":820,"caption":"Phidippus otiosus \"Cuba"},{"@type":"BreadcrumbList","@id":"https:\/\/insektenliebe.com\/it\/shop\/prodotto\/phidippus-otiosus-cuba\/#breadcrumb","itemListElement":[{"@type":"ListItem","position":1,"name":"Startseite","item":"https:\/\/insektenliebe.com\/it\/"},{"@type":"ListItem","position":2,"name":"Negozio","item":"https:\/\/insektenliebe.com\/it\/negozio\/"},{"@type":"ListItem","position":3,"name":"Phidippus otiosus &#8220;Cuba"}]},{"@type":"WebSite","@id":"https:\/\/insektenliebe.com\/it\/#website","url":"https:\/\/insektenliebe.com\/it\/","name":"Insektenliebe","description":"Dein Zuhause f\u00fcr die kleinen Lebewesen","publisher":{"@id":"https:\/\/insektenliebe.com\/it\/#organization"},"potentialAction":[{"@type":"SearchAction","target":{"@type":"EntryPoint","urlTemplate":"https:\/\/insektenliebe.com\/it\/?s={search_term_string}"},"query-input":{"@type":"PropertyValueSpecification","valueRequired":true,"valueName":"search_term_string"}}],"inLanguage":"it-IT"},{"@type":"Organization","@id":"https:\/\/insektenliebe.com\/it\/#organization","name":"Insektenliebe","url":"https:\/\/insektenliebe.com\/it\/","logo":{"@type":"ImageObject","inLanguage":"it-IT","@id":"https:\/\/insektenliebe.com\/it\/#\/schema\/logo\/image\/","url":"https:\/\/insektenliebe.com\/wp-content\/uploads\/2025\/03\/logo-white.png","contentUrl":"https:\/\/insektenliebe.com\/wp-content\/uploads\/2025\/03\/logo-white.png","width":288,"height":188,"caption":"Insektenliebe"},"image":{"@id":"https:\/\/insektenliebe.com\/it\/#\/schema\/logo\/image\/"}}]}},"_links":{"self":[{"href":"https:\/\/insektenliebe.com\/it\/wp-json\/wp\/v2\/product\/189157","targetHints":{"allow":["GET"]}}],"collection":[{"href":"https:\/\/insektenliebe.com\/it\/wp-json\/wp\/v2\/product"}],"about":[{"href":"https:\/\/insektenliebe.com\/it\/wp-json\/wp\/v2\/types\/product"}],"wp:featuredmedia":[{"embeddable":true,"href":"https:\/\/insektenliebe.com\/it\/wp-json\/wp\/v2\/media\/188050"}],"wp:attachment":[{"href":"https:\/\/insektenliebe.com\/it\/wp-json\/wp\/v2\/media?parent=189157"}],"wp:term":[{"taxonomy":"product-supplier","embeddable":true,"href":"https:\/\/insektenliebe.com\/it\/wp-json\/wp\/v2\/product-supplier?post=189157"},{"taxonomy":"product_brand","embeddable":true,"href":"https:\/\/insektenliebe.com\/it\/wp-json\/wp\/v2\/product_brand?post=189157"},{"taxonomy":"product_cat","embeddable":true,"href":"https:\/\/insektenliebe.com\/it\/wp-json\/wp\/v2\/product_cat?post=189157"},{"taxonomy":"product_tag","embeddable":true,"href":"https:\/\/insektenliebe.com\/it\/wp-json\/wp\/v2\/product_tag?post=189157"},{"taxonomy":"lce-checkout-addons","embeddable":true,"href":"https:\/\/insektenliebe.com\/it\/wp-json\/wp\/v2\/lce-checkout-addons?post=189157"}],"curies":[{"name":"wp","href":"https:\/\/api.w.org\/{rel}","templated":true}]}}