{"id":189155,"date":"2025-03-26T10:36:00","date_gmt":"2025-03-26T09:36:00","guid":{"rendered":"https:\/\/insektenliebe.com\/shop\/produkt\/exo-terra-spot-per-la-luce-diurna\/"},"modified":"2026-03-03T10:32:46","modified_gmt":"2026-03-03T09:32:46","slug":"exo-terra-spot-per-la-luce-diurna","status":"publish","type":"product","link":"https:\/\/insektenliebe.com\/it\/shop\/prodotto\/exo-terra-spot-per-la-luce-diurna\/","title":{"rendered":"Exo Terra Spot per la luce diurna"},"content":{"rendered":"<h3><span class=\"s1\" style=\"color: #99cc33;\">Exo Terra Daylight Basking Spot - calore e luce in una combinazione perfetta<\/span><\/h3>\n<p class=\"p1\"><span class=\"s1\">Il <\/span><strong><span class=\"s2\">Spot diurno Exo Terra<\/span><\/strong><span class=\"s1\">  \u00e8 una potente lampada a luce diurna ad ampio spettro sviluppata appositamente per essere utilizzata nei terrari. Con una potenza di 75 watt, combina un&#8217;intensa luce visibile con un&#8217;emissione di calore mirata, creando un luogo di crogiolamento naturale per i tuoi animali. <\/span><\/p>\n<p class=\"p1\"><span class=\"s1\">Grazie all&#8217;involucro di neodimio integrato, la lampada produce una luce particolarmente chiara e brillante. Allo stesso tempo, migliora la resa dei colori nel terrario, in modo che gli animali e le piante appaiano pi\u00f9 vivaci. La luce UVA emessa favorisce anche il comportamento naturale dei tuoi rettili. Pu\u00f2 stimolare l&#8217;attivit\u00e0, l&#8217;appetito e persino il comportamento riproduttivo. In questo modo si favorisce non solo l&#8217;aspetto esteriore, ma anche il benessere fisiologico dei tuoi animali.    <\/span><\/p>\n<p class=\"p1\"><span class=\"s1\">Un vantaggio decisivo di questa lampada per il basking \u00e8 l&#8217;emissione di calore mirata. Il faretto concentra la luce e il calore in un&#8217;area specifica. In questo modo si crea un&#8217;isola di calore che i tuoi animali possono utilizzare attivamente per la termoregolazione. I rettili sono termoregolatori e regolano la loro temperatura corporea attraverso fonti di calore esterne. Con un punto di crogiolamento ben definito, puoi permettere loro di esibire un comportamento naturale che corrisponde alla loro biologia.    <\/span><\/p>\n<p class=\"p1\"><span class=\"s1\">Allo stesso tempo, la luce diurna intensa favorisce la fotosintesi delle piante del terrario. Soprattutto negli ambienti piantumati o bioattivi, la combinazione di luce e calore garantisce condizioni stabili. Le piante crescono pi\u00f9 vigorosamente, mentre il microclima generale rimane pi\u00f9 equilibrato.  <\/span><\/p>\n<p class=\"p1\"><span class=\"s1\">Il faretto pu\u00f2 essere combinato in modo flessibile con altre lampade. Insieme a una lampada termica notturna o a una lampada termica a infrarossi, si crea un ciclo armonioso di 24 ore. In questo modo puoi simulare le condizioni naturali del giorno e della notte senza creare bruschi cambiamenti di temperatura.  <\/span><\/p>\n<p class=\"p1\"><span class=\"s1\">Possono essere facilmente installate in appositi riflettori o portalampada. Grazie all&#8217;allineamento mirato, \u00e8 possibile determinare esattamente la posizione del punto di raccolta nel terrario. <\/span><\/p>\n<p class=\"p1\"><span class=\"s1\">Il <\/span><strong><span class=\"s2\">Spot diurno Exo Terra<\/span><\/strong><span class=\"s1\">  combina luce diurna intensa, radiazioni UVA e un&#8217;efficace emissione di calore in un&#8217;unica lampada. Se vuoi creare un&#8217;area di crogiolamento naturale e funzionale, questa \u00e8 una soluzione di illuminazione affidabile e potente per un terrario adatto alle diverse specie. <\/span><\/p>\n","protected":false},"excerpt":{"rendered":"<p>Exo Terra Daylight Basking Spot - calore e luce in una combinazione perfetta Il Spot diurno Exo Terra \u00e8 una potente lampada a luce diurna ad ampio spettro sviluppata appositamente per essere utilizzata nei terrari. Con una potenza di 75 watt, combina un&#8217;intensa luce visibile con un&#8217;emissione di calore mirata, creando un luogo di crogiolamento [&hellip;]<\/p>\n","protected":false},"featured_media":186787,"template":"","meta":{"_acf_changed":false},"product-supplier":[2554],"product_brand":[3027],"product_cat":[2741],"product_tag":[],"lce-checkout-addons":[],"class_list":{"0":"post-189155","1":"product","2":"type-product","3":"status-publish","4":"has-post-thumbnail","6":"product_brand-exo-terra","7":"product_cat-illuminazione-e-clima","8":"product_shipping_class-equipment-shipping","10":"first","11":"instock","12":"taxable","13":"shipping-taxable","14":"purchasable","15":"product-type-variable"},"acf":[],"yoast_head":"<!-- This site is optimized with the Yoast SEO plugin v27.3 - https:\/\/yoast.com\/product\/yoast-seo-wordpress\/ -->\n<title>Exo Terra Spot per la luce diurna - Insektenliebe<\/title>\n<meta name=\"description\" content=\"Exo Terra Daylight Basking Spot \u00e8 una lampada ad ampio spettro con UVA e calore. Ideale per creare punti di crogiolamento luminosi nel tuo terrario.\" \/>\n<meta name=\"robots\" content=\"index, follow, max-snippet:-1, max-image-preview:large, max-video-preview:-1\" \/>\n<link rel=\"canonical\" href=\"https:\/\/insektenliebe.com\/it\/shop\/prodotto\/exo-terra-spot-per-la-luce-diurna\/\" \/>\n<meta property=\"og:locale\" content=\"it_IT\" \/>\n<meta property=\"og:type\" content=\"article\" \/>\n<meta property=\"og:title\" content=\"Exo Terra Spot per la luce diurna - Insektenliebe\" \/>\n<meta property=\"og:description\" content=\"Exo Terra Daylight Basking Spot \u00e8 una lampada ad ampio spettro con UVA e calore. Ideale per creare punti di crogiolamento luminosi nel tuo terrario.\" \/>\n<meta property=\"og:url\" content=\"https:\/\/insektenliebe.com\/it\/shop\/prodotto\/exo-terra-spot-per-la-luce-diurna\/\" \/>\n<meta property=\"og:site_name\" content=\"Insektenliebe\" \/>\n<meta property=\"article:modified_time\" content=\"2026-03-03T09:32:46+00:00\" \/>\n<meta property=\"og:image\" content=\"https:\/\/insektenliebe.com\/wp-content\/uploads\/2025\/05\/Exo-Terra-Daylight-Basking-Spot-2.jpg\" \/>\n\t<meta property=\"og:image:width\" content=\"820\" \/>\n\t<meta property=\"og:image:height\" content=\"820\" \/>\n\t<meta property=\"og:image:type\" content=\"image\/jpeg\" \/>\n<meta name=\"twitter:card\" content=\"summary_large_image\" \/>\n<meta name=\"twitter:label1\" content=\"Tempo di lettura stimato\" \/>\n\t<meta name=\"twitter:data1\" content=\"2 minuto\" \/>\n<script type=\"application\/ld+json\" class=\"yoast-schema-graph\">{\"@context\":\"https:\\\/\\\/schema.org\",\"@graph\":[{\"@type\":\"WebPage\",\"@id\":\"https:\\\/\\\/insektenliebe.com\\\/it\\\/shop\\\/prodotto\\\/exo-terra-spot-per-la-luce-diurna\\\/\",\"url\":\"https:\\\/\\\/insektenliebe.com\\\/it\\\/shop\\\/prodotto\\\/exo-terra-spot-per-la-luce-diurna\\\/\",\"name\":\"Exo Terra Spot per la luce diurna - Insektenliebe\",\"isPartOf\":{\"@id\":\"https:\\\/\\\/insektenliebe.com\\\/it\\\/#website\"},\"primaryImageOfPage\":{\"@id\":\"https:\\\/\\\/insektenliebe.com\\\/it\\\/shop\\\/prodotto\\\/exo-terra-spot-per-la-luce-diurna\\\/#primaryimage\"},\"image\":{\"@id\":\"https:\\\/\\\/insektenliebe.com\\\/it\\\/shop\\\/prodotto\\\/exo-terra-spot-per-la-luce-diurna\\\/#primaryimage\"},\"thumbnailUrl\":\"https:\\\/\\\/insektenliebe.com\\\/wp-content\\\/uploads\\\/2025\\\/05\\\/Exo-Terra-Daylight-Basking-Spot-2.jpg\",\"datePublished\":\"2025-03-26T09:36:00+00:00\",\"dateModified\":\"2026-03-03T09:32:46+00:00\",\"description\":\"Exo Terra Daylight Basking Spot \u00e8 una lampada ad ampio spettro con UVA e calore. Ideale per creare punti di crogiolamento luminosi nel tuo terrario.\",\"breadcrumb\":{\"@id\":\"https:\\\/\\\/insektenliebe.com\\\/it\\\/shop\\\/prodotto\\\/exo-terra-spot-per-la-luce-diurna\\\/#breadcrumb\"},\"inLanguage\":\"it-IT\",\"potentialAction\":[{\"@type\":\"ReadAction\",\"target\":[\"https:\\\/\\\/insektenliebe.com\\\/it\\\/shop\\\/prodotto\\\/exo-terra-spot-per-la-luce-diurna\\\/\"]}]},{\"@type\":\"ImageObject\",\"inLanguage\":\"it-IT\",\"@id\":\"https:\\\/\\\/insektenliebe.com\\\/it\\\/shop\\\/prodotto\\\/exo-terra-spot-per-la-luce-diurna\\\/#primaryimage\",\"url\":\"https:\\\/\\\/insektenliebe.com\\\/wp-content\\\/uploads\\\/2025\\\/05\\\/Exo-Terra-Daylight-Basking-Spot-2.jpg\",\"contentUrl\":\"https:\\\/\\\/insektenliebe.com\\\/wp-content\\\/uploads\\\/2025\\\/05\\\/Exo-Terra-Daylight-Basking-Spot-2.jpg\",\"width\":820,\"height\":820,\"caption\":\"Exo-Terra-Daylight-Basking-Spot-2.jpg\"},{\"@type\":\"BreadcrumbList\",\"@id\":\"https:\\\/\\\/insektenliebe.com\\\/it\\\/shop\\\/prodotto\\\/exo-terra-spot-per-la-luce-diurna\\\/#breadcrumb\",\"itemListElement\":[{\"@type\":\"ListItem\",\"position\":1,\"name\":\"Startseite\",\"item\":\"https:\\\/\\\/insektenliebe.com\\\/it\\\/\"},{\"@type\":\"ListItem\",\"position\":2,\"name\":\"Negozio\",\"item\":\"https:\\\/\\\/insektenliebe.com\\\/it\\\/negozio\\\/\"},{\"@type\":\"ListItem\",\"position\":3,\"name\":\"Exo Terra Spot per la luce diurna\"}]},{\"@type\":\"WebSite\",\"@id\":\"https:\\\/\\\/insektenliebe.com\\\/it\\\/#website\",\"url\":\"https:\\\/\\\/insektenliebe.com\\\/it\\\/\",\"name\":\"Insektenliebe\",\"description\":\"Dein Zuhause f\u00fcr die kleinen Lebewesen\",\"publisher\":{\"@id\":\"https:\\\/\\\/insektenliebe.com\\\/it\\\/#organization\"},\"potentialAction\":[{\"@type\":\"SearchAction\",\"target\":{\"@type\":\"EntryPoint\",\"urlTemplate\":\"https:\\\/\\\/insektenliebe.com\\\/it\\\/?s={search_term_string}\"},\"query-input\":{\"@type\":\"PropertyValueSpecification\",\"valueRequired\":true,\"valueName\":\"search_term_string\"}}],\"inLanguage\":\"it-IT\"},{\"@type\":\"Organization\",\"@id\":\"https:\\\/\\\/insektenliebe.com\\\/it\\\/#organization\",\"name\":\"Insektenliebe\",\"url\":\"https:\\\/\\\/insektenliebe.com\\\/it\\\/\",\"logo\":{\"@type\":\"ImageObject\",\"inLanguage\":\"it-IT\",\"@id\":\"https:\\\/\\\/insektenliebe.com\\\/it\\\/#\\\/schema\\\/logo\\\/image\\\/\",\"url\":\"https:\\\/\\\/insektenliebe.com\\\/wp-content\\\/uploads\\\/2025\\\/03\\\/logo-white.png\",\"contentUrl\":\"https:\\\/\\\/insektenliebe.com\\\/wp-content\\\/uploads\\\/2025\\\/03\\\/logo-white.png\",\"width\":288,\"height\":188,\"caption\":\"Insektenliebe\"},\"image\":{\"@id\":\"https:\\\/\\\/insektenliebe.com\\\/it\\\/#\\\/schema\\\/logo\\\/image\\\/\"}}]}<\/script>\n<!-- \/ Yoast SEO plugin. -->","yoast_head_json":{"title":"Exo Terra Spot per la luce diurna - Insektenliebe","description":"Exo Terra Daylight Basking Spot \u00e8 una lampada ad ampio spettro con UVA e calore. Ideale per creare punti di crogiolamento luminosi nel tuo terrario.","robots":{"index":"index","follow":"follow","max-snippet":"max-snippet:-1","max-image-preview":"max-image-preview:large","max-video-preview":"max-video-preview:-1"},"canonical":"https:\/\/insektenliebe.com\/it\/shop\/prodotto\/exo-terra-spot-per-la-luce-diurna\/","og_locale":"it_IT","og_type":"article","og_title":"Exo Terra Spot per la luce diurna - Insektenliebe","og_description":"Exo Terra Daylight Basking Spot \u00e8 una lampada ad ampio spettro con UVA e calore. Ideale per creare punti di crogiolamento luminosi nel tuo terrario.","og_url":"https:\/\/insektenliebe.com\/it\/shop\/prodotto\/exo-terra-spot-per-la-luce-diurna\/","og_site_name":"Insektenliebe","article_modified_time":"2026-03-03T09:32:46+00:00","og_image":[{"width":820,"height":820,"url":"https:\/\/insektenliebe.com\/wp-content\/uploads\/2025\/05\/Exo-Terra-Daylight-Basking-Spot-2.jpg","type":"image\/jpeg"}],"twitter_card":"summary_large_image","twitter_misc":{"Tempo di lettura stimato":"2 minuto"},"schema":{"@context":"https:\/\/schema.org","@graph":[{"@type":"WebPage","@id":"https:\/\/insektenliebe.com\/it\/shop\/prodotto\/exo-terra-spot-per-la-luce-diurna\/","url":"https:\/\/insektenliebe.com\/it\/shop\/prodotto\/exo-terra-spot-per-la-luce-diurna\/","name":"Exo Terra Spot per la luce diurna - Insektenliebe","isPartOf":{"@id":"https:\/\/insektenliebe.com\/it\/#website"},"primaryImageOfPage":{"@id":"https:\/\/insektenliebe.com\/it\/shop\/prodotto\/exo-terra-spot-per-la-luce-diurna\/#primaryimage"},"image":{"@id":"https:\/\/insektenliebe.com\/it\/shop\/prodotto\/exo-terra-spot-per-la-luce-diurna\/#primaryimage"},"thumbnailUrl":"https:\/\/insektenliebe.com\/wp-content\/uploads\/2025\/05\/Exo-Terra-Daylight-Basking-Spot-2.jpg","datePublished":"2025-03-26T09:36:00+00:00","dateModified":"2026-03-03T09:32:46+00:00","description":"Exo Terra Daylight Basking Spot \u00e8 una lampada ad ampio spettro con UVA e calore. Ideale per creare punti di crogiolamento luminosi nel tuo terrario.","breadcrumb":{"@id":"https:\/\/insektenliebe.com\/it\/shop\/prodotto\/exo-terra-spot-per-la-luce-diurna\/#breadcrumb"},"inLanguage":"it-IT","potentialAction":[{"@type":"ReadAction","target":["https:\/\/insektenliebe.com\/it\/shop\/prodotto\/exo-terra-spot-per-la-luce-diurna\/"]}]},{"@type":"ImageObject","inLanguage":"it-IT","@id":"https:\/\/insektenliebe.com\/it\/shop\/prodotto\/exo-terra-spot-per-la-luce-diurna\/#primaryimage","url":"https:\/\/insektenliebe.com\/wp-content\/uploads\/2025\/05\/Exo-Terra-Daylight-Basking-Spot-2.jpg","contentUrl":"https:\/\/insektenliebe.com\/wp-content\/uploads\/2025\/05\/Exo-Terra-Daylight-Basking-Spot-2.jpg","width":820,"height":820,"caption":"Exo-Terra-Daylight-Basking-Spot-2.jpg"},{"@type":"BreadcrumbList","@id":"https:\/\/insektenliebe.com\/it\/shop\/prodotto\/exo-terra-spot-per-la-luce-diurna\/#breadcrumb","itemListElement":[{"@type":"ListItem","position":1,"name":"Startseite","item":"https:\/\/insektenliebe.com\/it\/"},{"@type":"ListItem","position":2,"name":"Negozio","item":"https:\/\/insektenliebe.com\/it\/negozio\/"},{"@type":"ListItem","position":3,"name":"Exo Terra Spot per la luce diurna"}]},{"@type":"WebSite","@id":"https:\/\/insektenliebe.com\/it\/#website","url":"https:\/\/insektenliebe.com\/it\/","name":"Insektenliebe","description":"Dein Zuhause f\u00fcr die kleinen Lebewesen","publisher":{"@id":"https:\/\/insektenliebe.com\/it\/#organization"},"potentialAction":[{"@type":"SearchAction","target":{"@type":"EntryPoint","urlTemplate":"https:\/\/insektenliebe.com\/it\/?s={search_term_string}"},"query-input":{"@type":"PropertyValueSpecification","valueRequired":true,"valueName":"search_term_string"}}],"inLanguage":"it-IT"},{"@type":"Organization","@id":"https:\/\/insektenliebe.com\/it\/#organization","name":"Insektenliebe","url":"https:\/\/insektenliebe.com\/it\/","logo":{"@type":"ImageObject","inLanguage":"it-IT","@id":"https:\/\/insektenliebe.com\/it\/#\/schema\/logo\/image\/","url":"https:\/\/insektenliebe.com\/wp-content\/uploads\/2025\/03\/logo-white.png","contentUrl":"https:\/\/insektenliebe.com\/wp-content\/uploads\/2025\/03\/logo-white.png","width":288,"height":188,"caption":"Insektenliebe"},"image":{"@id":"https:\/\/insektenliebe.com\/it\/#\/schema\/logo\/image\/"}}]}},"_links":{"self":[{"href":"https:\/\/insektenliebe.com\/it\/wp-json\/wp\/v2\/product\/189155","targetHints":{"allow":["GET"]}}],"collection":[{"href":"https:\/\/insektenliebe.com\/it\/wp-json\/wp\/v2\/product"}],"about":[{"href":"https:\/\/insektenliebe.com\/it\/wp-json\/wp\/v2\/types\/product"}],"wp:featuredmedia":[{"embeddable":true,"href":"https:\/\/insektenliebe.com\/it\/wp-json\/wp\/v2\/media\/186787"}],"wp:attachment":[{"href":"https:\/\/insektenliebe.com\/it\/wp-json\/wp\/v2\/media?parent=189155"}],"wp:term":[{"taxonomy":"product-supplier","embeddable":true,"href":"https:\/\/insektenliebe.com\/it\/wp-json\/wp\/v2\/product-supplier?post=189155"},{"taxonomy":"product_brand","embeddable":true,"href":"https:\/\/insektenliebe.com\/it\/wp-json\/wp\/v2\/product_brand?post=189155"},{"taxonomy":"product_cat","embeddable":true,"href":"https:\/\/insektenliebe.com\/it\/wp-json\/wp\/v2\/product_cat?post=189155"},{"taxonomy":"product_tag","embeddable":true,"href":"https:\/\/insektenliebe.com\/it\/wp-json\/wp\/v2\/product_tag?post=189155"},{"taxonomy":"lce-checkout-addons","embeddable":true,"href":"https:\/\/insektenliebe.com\/it\/wp-json\/wp\/v2\/lce-checkout-addons?post=189155"}],"curies":[{"name":"wp","href":"https:\/\/api.w.org\/{rel}","templated":true}]}}