{"id":189152,"date":"2025-03-28T13:11:00","date_gmt":"2025-03-28T12:11:00","guid":{"rendered":"https:\/\/insektenliebe.com\/shop\/produkt\/casa-sullalbero-dei-ragni-saltatori\/"},"modified":"2025-03-28T13:11:00","modified_gmt":"2025-03-28T12:11:00","slug":"casa-sullalbero-dei-ragni-saltatori","status":"publish","type":"product","link":"https:\/\/insektenliebe.com\/it\/shop\/prodotto\/casa-sullalbero-dei-ragni-saltatori\/","title":{"rendered":"Casa sull&#8217;albero dei ragni saltatori"},"content":{"rendered":"<h3><span style=\"color: #99cc33\"><strong>Sicura e pratica: la nuova casa sull&#8217;albero per i piccoli ragni saltatori<\/strong><\/span><\/h3>\n<p data-start=\"0\" data-end=\"693\">La <strong data-start=\"4\" data-end=\"30\">casa sull&#8217;albero per<\/strong> ragni saltatori \u00e8 una soluzione innovativa per l&#8217;allevamento di giovani ragni saltatori, che crea le condizioni ottimali per una vita sicura e confortevole nei box di allevamento. Questa struttura appositamente progettata permette al ragno saltatore di arrampicarsi sui rami integrati, incoraggiando il suo comportamento naturale. Una caratteristica eccezionale di questa casa sull&#8217;albero \u00e8 la casa protetta, che funge da rifugio e allo stesso tempo impedisce al ragno di attaccare la sua tela al coperchio della scatola. In questo modo \u00e8 pi\u00f9 facile aprire la scatola senza danneggiare la ragnatela, il che \u00e8 particolarmente vantaggioso quando si nutre o si annaffia regolarmente.   <\/p>\n<p data-start=\"695\" data-end=\"1046\">Sotto la <strong>casa del ragno saltatore<\/strong> \u00e8 presente un pratico vassoio di raccolta che pu\u00f2 essere rivestito con Zewa, substrato o muschio per assorbire e conservare l&#8217;umidit\u00e0. Questo vassoio \u00e8 rimovibile, il che rende molto pi\u00f9 facile pulire e sostituire il materiale quando si sporca, rendendo pi\u00f9 efficiente la manutenzione del terrario. <\/p>\n<p data-start=\"1048\" data-end=\"1394\">L&#8217;intera <strong>casetta per ragni saltatori<\/strong> \u00e8 realizzata in un materiale robusto e impermeabile, che rende semplice la pulizia sotto l&#8217;acqua corrente. Questa caratteristica non solo garantisce una maggiore durata e maneggevolezza, ma anche un&#8217;igiene continua, essenziale per la salute dei ragni saltatori. <\/p>\n<p data-start=\"1396\" data-end=\"1794\">Il prodotto \u00e8 disponibile in due versioni: come casa sull&#8217;albero indipendente o come set, che include la scatola SpiderSafe abbinata. La scatola SpiderSafe \u00e8 appositamente adattata alle esigenze dei giovani ragni saltatori e offre una ventilazione ottimale. Entrambe le versioni supportano il comportamento naturale dei ragni e allo stesso tempo forniscono un habitat sicuro e confortevole.  <\/p>\n<p data-start=\"1796\" data-end=\"2193\" data-is-last-node=\"\" data-is-only-node=\"\">Grazie alla semplicit\u00e0 di installazione e alla facile manutenzione, la <strong>casetta per ragni saltatori<\/strong> \u00e8 la scelta ideale sia per gli allevatori di ragni per hobby che per quelli professionisti. Unisce la funzionalit\u00e0 all&#8217;estetica e fornisce un elemento attraente in qualsiasi terrario che non solo favorisce il comportamento naturale dei ragni, ma rappresenta anche un arricchimento visivo. <\/p>\n<p><strong>Materiale del barattolo:<\/strong><br \/>\nPS\/LP-PE<\/p>\n<p><strong>Materiale casa sull&#8217;albero e coperchio:<\/strong><br \/>\nPLA acido polilattico (acido polilattico)<\/p>\n","protected":false},"excerpt":{"rendered":"<p>Sicura e pratica: la nuova casa sull&#8217;albero per i piccoli ragni saltatori La casa sull&#8217;albero per ragni saltatori \u00e8 una soluzione innovativa per l&#8217;allevamento di giovani ragni saltatori, che crea le condizioni ottimali per una vita sicura e confortevole nei box di allevamento. Questa struttura appositamente progettata permette al ragno saltatore di arrampicarsi sui rami [&hellip;]<\/p>\n","protected":false},"featured_media":189154,"template":"","meta":{"_acf_changed":false},"product-supplier":[],"product_brand":[],"product_cat":[2760],"product_tag":[],"lce-checkout-addons":[],"class_list":{"0":"post-189152","1":"product","2":"type-product","3":"status-publish","4":"has-post-thumbnail","6":"product_cat-terrari-e-contenitori","7":"product_shipping_class-equipment-shipping","9":"first","10":"instock","11":"taxable","12":"shipping-taxable","13":"purchasable","14":"product-type-simple"},"acf":[],"yoast_head":"<!-- This site is optimized with the Yoast SEO plugin v27.3 - https:\/\/yoast.com\/product\/yoast-seo-wordpress\/ -->\n<title>Casa sull&#039;albero dei ragni saltatori - Insektenliebe<\/title>\n<meta name=\"description\" content=\"Acquista una casetta per ragni saltatori a basso costo direttamente online! Perfetta per allevare i ragni saltatori, protegge la tela quando viene aperta e facilita la manutenzione.\" \/>\n<meta name=\"robots\" content=\"index, follow, max-snippet:-1, max-image-preview:large, max-video-preview:-1\" \/>\n<link rel=\"canonical\" href=\"https:\/\/insektenliebe.com\/it\/shop\/prodotto\/casa-sullalbero-dei-ragni-saltatori\/\" \/>\n<meta property=\"og:locale\" content=\"it_IT\" \/>\n<meta property=\"og:type\" content=\"article\" \/>\n<meta property=\"og:title\" content=\"Casa sull&#039;albero dei ragni saltatori - Insektenliebe\" \/>\n<meta property=\"og:description\" content=\"Acquista una casetta per ragni saltatori a basso costo direttamente online! Perfetta per allevare i ragni saltatori, protegge la tela quando viene aperta e facilita la manutenzione.\" \/>\n<meta property=\"og:url\" content=\"https:\/\/insektenliebe.com\/it\/shop\/prodotto\/casa-sullalbero-dei-ragni-saltatori\/\" \/>\n<meta property=\"og:site_name\" content=\"Insektenliebe\" \/>\n<meta property=\"og:image\" content=\"https:\/\/insektenliebe.com\/wp-content\/uploads\/2025\/03\/Springspinnen-Baumhaus-ohne-Dose-2.jpg\" \/>\n\t<meta property=\"og:image:width\" content=\"820\" \/>\n\t<meta property=\"og:image:height\" content=\"820\" \/>\n\t<meta property=\"og:image:type\" content=\"image\/jpeg\" \/>\n<meta name=\"twitter:card\" content=\"summary_large_image\" \/>\n<meta name=\"twitter:label1\" content=\"Tempo di lettura stimato\" \/>\n\t<meta name=\"twitter:data1\" content=\"2 minuto\" \/>\n<script type=\"application\/ld+json\" class=\"yoast-schema-graph\">{\"@context\":\"https:\\\/\\\/schema.org\",\"@graph\":[{\"@type\":\"WebPage\",\"@id\":\"https:\\\/\\\/insektenliebe.com\\\/it\\\/shop\\\/prodotto\\\/casa-sullalbero-dei-ragni-saltatori\\\/\",\"url\":\"https:\\\/\\\/insektenliebe.com\\\/it\\\/shop\\\/prodotto\\\/casa-sullalbero-dei-ragni-saltatori\\\/\",\"name\":\"Casa sull'albero dei ragni saltatori - Insektenliebe\",\"isPartOf\":{\"@id\":\"https:\\\/\\\/insektenliebe.com\\\/it\\\/#website\"},\"primaryImageOfPage\":{\"@id\":\"https:\\\/\\\/insektenliebe.com\\\/it\\\/shop\\\/prodotto\\\/casa-sullalbero-dei-ragni-saltatori\\\/#primaryimage\"},\"image\":{\"@id\":\"https:\\\/\\\/insektenliebe.com\\\/it\\\/shop\\\/prodotto\\\/casa-sullalbero-dei-ragni-saltatori\\\/#primaryimage\"},\"thumbnailUrl\":\"https:\\\/\\\/insektenliebe.com\\\/wp-content\\\/uploads\\\/2025\\\/03\\\/Springspinnen-Baumhaus-ohne-Dose-2.jpg\",\"datePublished\":\"2025-03-28T12:11:00+00:00\",\"description\":\"Acquista una casetta per ragni saltatori a basso costo direttamente online! Perfetta per allevare i ragni saltatori, protegge la tela quando viene aperta e facilita la manutenzione.\",\"breadcrumb\":{\"@id\":\"https:\\\/\\\/insektenliebe.com\\\/it\\\/shop\\\/prodotto\\\/casa-sullalbero-dei-ragni-saltatori\\\/#breadcrumb\"},\"inLanguage\":\"it-IT\",\"potentialAction\":[{\"@type\":\"ReadAction\",\"target\":[\"https:\\\/\\\/insektenliebe.com\\\/it\\\/shop\\\/prodotto\\\/casa-sullalbero-dei-ragni-saltatori\\\/\"]}]},{\"@type\":\"ImageObject\",\"inLanguage\":\"it-IT\",\"@id\":\"https:\\\/\\\/insektenliebe.com\\\/it\\\/shop\\\/prodotto\\\/casa-sullalbero-dei-ragni-saltatori\\\/#primaryimage\",\"url\":\"https:\\\/\\\/insektenliebe.com\\\/wp-content\\\/uploads\\\/2025\\\/03\\\/Springspinnen-Baumhaus-ohne-Dose-2.jpg\",\"contentUrl\":\"https:\\\/\\\/insektenliebe.com\\\/wp-content\\\/uploads\\\/2025\\\/03\\\/Springspinnen-Baumhaus-ohne-Dose-2.jpg\",\"width\":820,\"height\":820,\"caption\":\"Casa sull'albero del ragno saltatore senza barattolo\"},{\"@type\":\"BreadcrumbList\",\"@id\":\"https:\\\/\\\/insektenliebe.com\\\/it\\\/shop\\\/prodotto\\\/casa-sullalbero-dei-ragni-saltatori\\\/#breadcrumb\",\"itemListElement\":[{\"@type\":\"ListItem\",\"position\":1,\"name\":\"Startseite\",\"item\":\"https:\\\/\\\/insektenliebe.com\\\/it\\\/\"},{\"@type\":\"ListItem\",\"position\":2,\"name\":\"Negozio\",\"item\":\"https:\\\/\\\/insektenliebe.com\\\/it\\\/negozio\\\/\"},{\"@type\":\"ListItem\",\"position\":3,\"name\":\"Casa sull&#8217;albero dei ragni saltatori\"}]},{\"@type\":\"WebSite\",\"@id\":\"https:\\\/\\\/insektenliebe.com\\\/it\\\/#website\",\"url\":\"https:\\\/\\\/insektenliebe.com\\\/it\\\/\",\"name\":\"Insektenliebe\",\"description\":\"Dein Zuhause f\u00fcr die kleinen Lebewesen\",\"publisher\":{\"@id\":\"https:\\\/\\\/insektenliebe.com\\\/it\\\/#organization\"},\"potentialAction\":[{\"@type\":\"SearchAction\",\"target\":{\"@type\":\"EntryPoint\",\"urlTemplate\":\"https:\\\/\\\/insektenliebe.com\\\/it\\\/?s={search_term_string}\"},\"query-input\":{\"@type\":\"PropertyValueSpecification\",\"valueRequired\":true,\"valueName\":\"search_term_string\"}}],\"inLanguage\":\"it-IT\"},{\"@type\":\"Organization\",\"@id\":\"https:\\\/\\\/insektenliebe.com\\\/it\\\/#organization\",\"name\":\"Insektenliebe\",\"url\":\"https:\\\/\\\/insektenliebe.com\\\/it\\\/\",\"logo\":{\"@type\":\"ImageObject\",\"inLanguage\":\"it-IT\",\"@id\":\"https:\\\/\\\/insektenliebe.com\\\/it\\\/#\\\/schema\\\/logo\\\/image\\\/\",\"url\":\"https:\\\/\\\/insektenliebe.com\\\/wp-content\\\/uploads\\\/2025\\\/03\\\/logo-white.png\",\"contentUrl\":\"https:\\\/\\\/insektenliebe.com\\\/wp-content\\\/uploads\\\/2025\\\/03\\\/logo-white.png\",\"width\":288,\"height\":188,\"caption\":\"Insektenliebe\"},\"image\":{\"@id\":\"https:\\\/\\\/insektenliebe.com\\\/it\\\/#\\\/schema\\\/logo\\\/image\\\/\"}}]}<\/script>\n<!-- \/ Yoast SEO plugin. -->","yoast_head_json":{"title":"Casa sull'albero dei ragni saltatori - Insektenliebe","description":"Acquista una casetta per ragni saltatori a basso costo direttamente online! Perfetta per allevare i ragni saltatori, protegge la tela quando viene aperta e facilita la manutenzione.","robots":{"index":"index","follow":"follow","max-snippet":"max-snippet:-1","max-image-preview":"max-image-preview:large","max-video-preview":"max-video-preview:-1"},"canonical":"https:\/\/insektenliebe.com\/it\/shop\/prodotto\/casa-sullalbero-dei-ragni-saltatori\/","og_locale":"it_IT","og_type":"article","og_title":"Casa sull'albero dei ragni saltatori - Insektenliebe","og_description":"Acquista una casetta per ragni saltatori a basso costo direttamente online! Perfetta per allevare i ragni saltatori, protegge la tela quando viene aperta e facilita la manutenzione.","og_url":"https:\/\/insektenliebe.com\/it\/shop\/prodotto\/casa-sullalbero-dei-ragni-saltatori\/","og_site_name":"Insektenliebe","og_image":[{"width":820,"height":820,"url":"https:\/\/insektenliebe.com\/wp-content\/uploads\/2025\/03\/Springspinnen-Baumhaus-ohne-Dose-2.jpg","type":"image\/jpeg"}],"twitter_card":"summary_large_image","twitter_misc":{"Tempo di lettura stimato":"2 minuto"},"schema":{"@context":"https:\/\/schema.org","@graph":[{"@type":"WebPage","@id":"https:\/\/insektenliebe.com\/it\/shop\/prodotto\/casa-sullalbero-dei-ragni-saltatori\/","url":"https:\/\/insektenliebe.com\/it\/shop\/prodotto\/casa-sullalbero-dei-ragni-saltatori\/","name":"Casa sull'albero dei ragni saltatori - Insektenliebe","isPartOf":{"@id":"https:\/\/insektenliebe.com\/it\/#website"},"primaryImageOfPage":{"@id":"https:\/\/insektenliebe.com\/it\/shop\/prodotto\/casa-sullalbero-dei-ragni-saltatori\/#primaryimage"},"image":{"@id":"https:\/\/insektenliebe.com\/it\/shop\/prodotto\/casa-sullalbero-dei-ragni-saltatori\/#primaryimage"},"thumbnailUrl":"https:\/\/insektenliebe.com\/wp-content\/uploads\/2025\/03\/Springspinnen-Baumhaus-ohne-Dose-2.jpg","datePublished":"2025-03-28T12:11:00+00:00","description":"Acquista una casetta per ragni saltatori a basso costo direttamente online! Perfetta per allevare i ragni saltatori, protegge la tela quando viene aperta e facilita la manutenzione.","breadcrumb":{"@id":"https:\/\/insektenliebe.com\/it\/shop\/prodotto\/casa-sullalbero-dei-ragni-saltatori\/#breadcrumb"},"inLanguage":"it-IT","potentialAction":[{"@type":"ReadAction","target":["https:\/\/insektenliebe.com\/it\/shop\/prodotto\/casa-sullalbero-dei-ragni-saltatori\/"]}]},{"@type":"ImageObject","inLanguage":"it-IT","@id":"https:\/\/insektenliebe.com\/it\/shop\/prodotto\/casa-sullalbero-dei-ragni-saltatori\/#primaryimage","url":"https:\/\/insektenliebe.com\/wp-content\/uploads\/2025\/03\/Springspinnen-Baumhaus-ohne-Dose-2.jpg","contentUrl":"https:\/\/insektenliebe.com\/wp-content\/uploads\/2025\/03\/Springspinnen-Baumhaus-ohne-Dose-2.jpg","width":820,"height":820,"caption":"Casa sull'albero del ragno saltatore senza barattolo"},{"@type":"BreadcrumbList","@id":"https:\/\/insektenliebe.com\/it\/shop\/prodotto\/casa-sullalbero-dei-ragni-saltatori\/#breadcrumb","itemListElement":[{"@type":"ListItem","position":1,"name":"Startseite","item":"https:\/\/insektenliebe.com\/it\/"},{"@type":"ListItem","position":2,"name":"Negozio","item":"https:\/\/insektenliebe.com\/it\/negozio\/"},{"@type":"ListItem","position":3,"name":"Casa sull&#8217;albero dei ragni saltatori"}]},{"@type":"WebSite","@id":"https:\/\/insektenliebe.com\/it\/#website","url":"https:\/\/insektenliebe.com\/it\/","name":"Insektenliebe","description":"Dein Zuhause f\u00fcr die kleinen Lebewesen","publisher":{"@id":"https:\/\/insektenliebe.com\/it\/#organization"},"potentialAction":[{"@type":"SearchAction","target":{"@type":"EntryPoint","urlTemplate":"https:\/\/insektenliebe.com\/it\/?s={search_term_string}"},"query-input":{"@type":"PropertyValueSpecification","valueRequired":true,"valueName":"search_term_string"}}],"inLanguage":"it-IT"},{"@type":"Organization","@id":"https:\/\/insektenliebe.com\/it\/#organization","name":"Insektenliebe","url":"https:\/\/insektenliebe.com\/it\/","logo":{"@type":"ImageObject","inLanguage":"it-IT","@id":"https:\/\/insektenliebe.com\/it\/#\/schema\/logo\/image\/","url":"https:\/\/insektenliebe.com\/wp-content\/uploads\/2025\/03\/logo-white.png","contentUrl":"https:\/\/insektenliebe.com\/wp-content\/uploads\/2025\/03\/logo-white.png","width":288,"height":188,"caption":"Insektenliebe"},"image":{"@id":"https:\/\/insektenliebe.com\/it\/#\/schema\/logo\/image\/"}}]}},"_links":{"self":[{"href":"https:\/\/insektenliebe.com\/it\/wp-json\/wp\/v2\/product\/189152","targetHints":{"allow":["GET"]}}],"collection":[{"href":"https:\/\/insektenliebe.com\/it\/wp-json\/wp\/v2\/product"}],"about":[{"href":"https:\/\/insektenliebe.com\/it\/wp-json\/wp\/v2\/types\/product"}],"wp:featuredmedia":[{"embeddable":true,"href":"https:\/\/insektenliebe.com\/it\/wp-json\/wp\/v2\/media\/189154"}],"wp:attachment":[{"href":"https:\/\/insektenliebe.com\/it\/wp-json\/wp\/v2\/media?parent=189152"}],"wp:term":[{"taxonomy":"product-supplier","embeddable":true,"href":"https:\/\/insektenliebe.com\/it\/wp-json\/wp\/v2\/product-supplier?post=189152"},{"taxonomy":"product_brand","embeddable":true,"href":"https:\/\/insektenliebe.com\/it\/wp-json\/wp\/v2\/product_brand?post=189152"},{"taxonomy":"product_cat","embeddable":true,"href":"https:\/\/insektenliebe.com\/it\/wp-json\/wp\/v2\/product_cat?post=189152"},{"taxonomy":"product_tag","embeddable":true,"href":"https:\/\/insektenliebe.com\/it\/wp-json\/wp\/v2\/product_tag?post=189152"},{"taxonomy":"lce-checkout-addons","embeddable":true,"href":"https:\/\/insektenliebe.com\/it\/wp-json\/wp\/v2\/lce-checkout-addons?post=189152"}],"curies":[{"name":"wp","href":"https:\/\/api.w.org\/{rel}","templated":true}]}}