{"id":189135,"date":"2025-07-03T15:22:18","date_gmt":"2025-07-03T13:22:18","guid":{"rendered":"https:\/\/insektenliebe.com\/shop\/produkt\/gli-insetti-amano-il-muschio-di-sfagno\/"},"modified":"2026-04-07T18:52:47","modified_gmt":"2026-04-07T16:52:47","slug":"gli-insetti-amano-il-muschio-di-sfagno","status":"publish","type":"product","link":"https:\/\/insektenliebe.com\/it\/shop\/prodotto\/gli-insetti-amano-il-muschio-di-sfagno\/","title":{"rendered":"Gli insetti amano il muschio di sfagno"},"content":{"rendered":"<h3><span style=\"color: #99cc33;\"><strong>Il muschio di sfagno piace agli insetti - riserva di umidit\u00e0 con effetto antibatterico - senza sostanze chimiche<\/strong><\/span><\/h3>\n<div id=\"gap-1462544062\" class=\"gap-element clearfix\"><\/div>\n<p data-start=\"0\" data-end=\"746\">Stai cercando un prodotto naturale versatile che trattenga in modo affidabile l&#8217;umidit\u00e0, abbia un effetto antibatterico e dia al tuo terrario un aspetto autentico e boschivo? Allora il <strong data-start=\"181\" data-end=\"212\">muschio di sfagno di Insektenliebe<\/strong> \u00e8 quello che fa per te. Lo sfagno finemente selezionato ed essiccato al sole viene pressato in comodi panetti da 100 g, 200 g o 500 g, in modo che tu possa conservarlo in modo da risparmiare spazio e porzionarlo a seconda delle necessit\u00e0. Lo sfagno, noto anche come muschio di torba, \u00e8 molto apprezzato dai terraristi perch\u00e9 lega all&#8217;acqua una quantit\u00e0 di acqua pari a molte volte il suo peso. Questo crea un microclima costantemente umido che previene i problemi di muta e, allo stesso tempo, supporta in modo ottimale piante, isopodi, millepiedi, anfibi e rettili amanti dell&#8217;umidit\u00e0.    <\/p>\n<p data-start=\"748\" data-end=\"1547\">L&#8217;applicazione \u00e8 molto semplice: metti il mattone in un secchio, versaci sopra dell&#8217;acqua tiepida e aspetta qualche minuto. Il <strong data-start=\"2292\" data-end=\"2323\">muschio Insektenliebe Sphagnum<\/strong> si gonfia, assume una struttura leggera come una piuma e mostra la tipica tonalit\u00e0 verde chiaro e olivastra. Con una mattonella da 100 g si ottengono circa sei litri di muschio pronto all&#8217;uso; con 200 g si ottengono circa dodici litri e con 500 g si ottengono ben trenta litri. Lo sfagno finito pu\u00f2 essere applicato come strato di copertura, lavorato nelle pareti posteriori umide o utilizzato come \"zona umida\" selettiva, ad esempio nei box umidi per la muta o per la deposizione delle uova. Il suo ambiente naturale, leggermente acido, inibisce funghi e batteri, riduce gli odori e aiuta a mantenere igieniche le aree del substrato senza dover ricorrere ad additivi chimici.    <\/p>\n<p data-start=\"1549\" data-end=\"2134\">Particolarmente pratico: puoi inumidire lo sfagno tutte le volte che vuoi e lasciarlo asciugare di nuovo. Una volta sporco, puoi semplicemente smaltirlo nel compost o mescolarlo alle aiuole del giardino come ammendante. In questo modo, utilizzerai un materiale rinnovabile e completamente biodegradabile: sostenibile e amico degli animali allo stesso tempo. Assicurati di strizzare bene il muschio dopo averlo gonfiato prima di metterlo nel terrario. In questo modo eviterai i ristagni d&#8217;acqua e permetterai ai tuoi animali di scegliere tra zone pi\u00f9 umide e zone leggermente pi\u00f9 asciutte.    <\/p>\n<p data-start=\"2136\" data-end=\"2617\" data-is-last-node=\"\" data-is-only-node=\"\">Sia che tu abbia bisogno di un alto livello di umidit\u00e0 per i tuoi abitanti della foresta tropicale e pluviale, sia che tu voglia creare aree umide in un ambiente semi-umido: <strong data-start=\"2292\" data-end=\"2323\">Insektenliebe Sphagnum Moss<\/strong> ti offre la massima flessibilit\u00e0 con il minimo sforzo. Acquista subito il panetto di prova da 100 g, fai una scorta di 200 g per il tuo paludarium o prendi la confezione da 500 g per i progetti pi\u00f9 grandi: il tuo terrario, le tue piante e i tuoi animali apprezzeranno l&#8217;aumento di freschezza naturale! <\/p>\n","protected":false},"excerpt":{"rendered":"<p>Il muschio di sfagno piace agli insetti - riserva di umidit\u00e0 con effetto antibatterico - senza sostanze chimiche Stai cercando un prodotto naturale versatile che trattenga in modo affidabile l&#8217;umidit\u00e0, abbia un effetto antibatterico e dia al tuo terrario un aspetto autentico e boschivo? Allora il muschio di sfagno di Insektenliebe \u00e8 quello che fa [&hellip;]<\/p>\n","protected":false},"featured_media":189137,"template":"","meta":{"_acf_changed":false},"product-supplier":[],"product_brand":[2853],"product_cat":[2894],"product_tag":[],"lce-checkout-addons":[],"class_list":{"0":"post-189135","1":"product","2":"type-product","3":"status-publish","4":"has-post-thumbnail","6":"product_brand-insektenliebe","7":"product_cat-substrati-e-muschi","8":"product_shipping_class-equipment-shipping","10":"first","11":"instock","12":"sale","13":"taxable","14":"shipping-taxable","15":"purchasable","16":"product-type-variable","17":"has-default-attributes"},"acf":[],"yoast_head":"<!-- This site is optimized with the Yoast SEO plugin v27.3 - https:\/\/yoast.com\/product\/yoast-seo-wordpress\/ -->\n<title>Gli insetti amano il muschio di sfagno - Insektenliebe<\/title>\n<meta name=\"description\" content=\"Il muschio di sfagno Insektenliebe \u00e8 ideale per regolare l&#039;umidit\u00e0. Antibatterico, naturale e versatile. Disponibile nei formati da 100 g, 200 g e 500 g.\" \/>\n<meta name=\"robots\" content=\"index, follow, max-snippet:-1, max-image-preview:large, max-video-preview:-1\" \/>\n<link rel=\"canonical\" href=\"https:\/\/insektenliebe.com\/it\/shop\/prodotto\/gli-insetti-amano-il-muschio-di-sfagno\/\" \/>\n<meta property=\"og:locale\" content=\"it_IT\" \/>\n<meta property=\"og:type\" content=\"article\" \/>\n<meta property=\"og:title\" content=\"Gli insetti amano il muschio di sfagno - Insektenliebe\" \/>\n<meta property=\"og:description\" content=\"Il muschio di sfagno Insektenliebe \u00e8 ideale per regolare l&#039;umidit\u00e0. Antibatterico, naturale e versatile. Disponibile nei formati da 100 g, 200 g e 500 g.\" \/>\n<meta property=\"og:url\" content=\"https:\/\/insektenliebe.com\/it\/shop\/prodotto\/gli-insetti-amano-il-muschio-di-sfagno\/\" \/>\n<meta property=\"og:site_name\" content=\"Insektenliebe\" \/>\n<meta property=\"article:modified_time\" content=\"2026-04-07T16:52:47+00:00\" \/>\n<meta property=\"og:image\" content=\"https:\/\/insektenliebe.com\/wp-content\/uploads\/2025\/07\/Insektenliebe-Spaghnum-Moos.jpg\" \/>\n\t<meta property=\"og:image:width\" content=\"820\" \/>\n\t<meta property=\"og:image:height\" content=\"820\" \/>\n\t<meta property=\"og:image:type\" content=\"image\/jpeg\" \/>\n<meta name=\"twitter:card\" content=\"summary_large_image\" \/>\n<meta name=\"twitter:label1\" content=\"Tempo di lettura stimato\" \/>\n\t<meta name=\"twitter:data1\" content=\"2 minuto\" \/>\n<script type=\"application\/ld+json\" class=\"yoast-schema-graph\">{\"@context\":\"https:\\\/\\\/schema.org\",\"@graph\":[{\"@type\":\"WebPage\",\"@id\":\"https:\\\/\\\/insektenliebe.com\\\/it\\\/shop\\\/prodotto\\\/gli-insetti-amano-il-muschio-di-sfagno\\\/\",\"url\":\"https:\\\/\\\/insektenliebe.com\\\/it\\\/shop\\\/prodotto\\\/gli-insetti-amano-il-muschio-di-sfagno\\\/\",\"name\":\"Gli insetti amano il muschio di sfagno - Insektenliebe\",\"isPartOf\":{\"@id\":\"https:\\\/\\\/insektenliebe.com\\\/it\\\/#website\"},\"primaryImageOfPage\":{\"@id\":\"https:\\\/\\\/insektenliebe.com\\\/it\\\/shop\\\/prodotto\\\/gli-insetti-amano-il-muschio-di-sfagno\\\/#primaryimage\"},\"image\":{\"@id\":\"https:\\\/\\\/insektenliebe.com\\\/it\\\/shop\\\/prodotto\\\/gli-insetti-amano-il-muschio-di-sfagno\\\/#primaryimage\"},\"thumbnailUrl\":\"https:\\\/\\\/insektenliebe.com\\\/wp-content\\\/uploads\\\/2025\\\/07\\\/Insektenliebe-Spaghnum-Moos.jpg\",\"datePublished\":\"2025-07-03T13:22:18+00:00\",\"dateModified\":\"2026-04-07T16:52:47+00:00\",\"description\":\"Il muschio di sfagno Insektenliebe \u00e8 ideale per regolare l'umidit\u00e0. Antibatterico, naturale e versatile. Disponibile nei formati da 100 g, 200 g e 500 g.\",\"breadcrumb\":{\"@id\":\"https:\\\/\\\/insektenliebe.com\\\/it\\\/shop\\\/prodotto\\\/gli-insetti-amano-il-muschio-di-sfagno\\\/#breadcrumb\"},\"inLanguage\":\"it-IT\",\"potentialAction\":[{\"@type\":\"ReadAction\",\"target\":[\"https:\\\/\\\/insektenliebe.com\\\/it\\\/shop\\\/prodotto\\\/gli-insetti-amano-il-muschio-di-sfagno\\\/\"]}]},{\"@type\":\"ImageObject\",\"inLanguage\":\"it-IT\",\"@id\":\"https:\\\/\\\/insektenliebe.com\\\/it\\\/shop\\\/prodotto\\\/gli-insetti-amano-il-muschio-di-sfagno\\\/#primaryimage\",\"url\":\"https:\\\/\\\/insektenliebe.com\\\/wp-content\\\/uploads\\\/2025\\\/07\\\/Insektenliebe-Spaghnum-Moos.jpg\",\"contentUrl\":\"https:\\\/\\\/insektenliebe.com\\\/wp-content\\\/uploads\\\/2025\\\/07\\\/Insektenliebe-Spaghnum-Moos.jpg\",\"width\":820,\"height\":820,\"caption\":\"Gli insetti amano il muschio Spaghnum\"},{\"@type\":\"BreadcrumbList\",\"@id\":\"https:\\\/\\\/insektenliebe.com\\\/it\\\/shop\\\/prodotto\\\/gli-insetti-amano-il-muschio-di-sfagno\\\/#breadcrumb\",\"itemListElement\":[{\"@type\":\"ListItem\",\"position\":1,\"name\":\"Startseite\",\"item\":\"https:\\\/\\\/insektenliebe.com\\\/it\\\/\"},{\"@type\":\"ListItem\",\"position\":2,\"name\":\"Negozio\",\"item\":\"https:\\\/\\\/insektenliebe.com\\\/it\\\/negozio\\\/\"},{\"@type\":\"ListItem\",\"position\":3,\"name\":\"Gli insetti amano il muschio di sfagno\"}]},{\"@type\":\"WebSite\",\"@id\":\"https:\\\/\\\/insektenliebe.com\\\/it\\\/#website\",\"url\":\"https:\\\/\\\/insektenliebe.com\\\/it\\\/\",\"name\":\"Insektenliebe\",\"description\":\"Dein Zuhause f\u00fcr die kleinen Lebewesen\",\"publisher\":{\"@id\":\"https:\\\/\\\/insektenliebe.com\\\/it\\\/#organization\"},\"potentialAction\":[{\"@type\":\"SearchAction\",\"target\":{\"@type\":\"EntryPoint\",\"urlTemplate\":\"https:\\\/\\\/insektenliebe.com\\\/it\\\/?s={search_term_string}\"},\"query-input\":{\"@type\":\"PropertyValueSpecification\",\"valueRequired\":true,\"valueName\":\"search_term_string\"}}],\"inLanguage\":\"it-IT\"},{\"@type\":\"Organization\",\"@id\":\"https:\\\/\\\/insektenliebe.com\\\/it\\\/#organization\",\"name\":\"Insektenliebe\",\"url\":\"https:\\\/\\\/insektenliebe.com\\\/it\\\/\",\"logo\":{\"@type\":\"ImageObject\",\"inLanguage\":\"it-IT\",\"@id\":\"https:\\\/\\\/insektenliebe.com\\\/it\\\/#\\\/schema\\\/logo\\\/image\\\/\",\"url\":\"https:\\\/\\\/insektenliebe.com\\\/wp-content\\\/uploads\\\/2025\\\/03\\\/logo-white.png\",\"contentUrl\":\"https:\\\/\\\/insektenliebe.com\\\/wp-content\\\/uploads\\\/2025\\\/03\\\/logo-white.png\",\"width\":288,\"height\":188,\"caption\":\"Insektenliebe\"},\"image\":{\"@id\":\"https:\\\/\\\/insektenliebe.com\\\/it\\\/#\\\/schema\\\/logo\\\/image\\\/\"}}]}<\/script>\n<!-- \/ Yoast SEO plugin. -->","yoast_head_json":{"title":"Gli insetti amano il muschio di sfagno - Insektenliebe","description":"Il muschio di sfagno Insektenliebe \u00e8 ideale per regolare l'umidit\u00e0. Antibatterico, naturale e versatile. Disponibile nei formati da 100 g, 200 g e 500 g.","robots":{"index":"index","follow":"follow","max-snippet":"max-snippet:-1","max-image-preview":"max-image-preview:large","max-video-preview":"max-video-preview:-1"},"canonical":"https:\/\/insektenliebe.com\/it\/shop\/prodotto\/gli-insetti-amano-il-muschio-di-sfagno\/","og_locale":"it_IT","og_type":"article","og_title":"Gli insetti amano il muschio di sfagno - Insektenliebe","og_description":"Il muschio di sfagno Insektenliebe \u00e8 ideale per regolare l'umidit\u00e0. Antibatterico, naturale e versatile. Disponibile nei formati da 100 g, 200 g e 500 g.","og_url":"https:\/\/insektenliebe.com\/it\/shop\/prodotto\/gli-insetti-amano-il-muschio-di-sfagno\/","og_site_name":"Insektenliebe","article_modified_time":"2026-04-07T16:52:47+00:00","og_image":[{"width":820,"height":820,"url":"https:\/\/insektenliebe.com\/wp-content\/uploads\/2025\/07\/Insektenliebe-Spaghnum-Moos.jpg","type":"image\/jpeg"}],"twitter_card":"summary_large_image","twitter_misc":{"Tempo di lettura stimato":"2 minuto"},"schema":{"@context":"https:\/\/schema.org","@graph":[{"@type":"WebPage","@id":"https:\/\/insektenliebe.com\/it\/shop\/prodotto\/gli-insetti-amano-il-muschio-di-sfagno\/","url":"https:\/\/insektenliebe.com\/it\/shop\/prodotto\/gli-insetti-amano-il-muschio-di-sfagno\/","name":"Gli insetti amano il muschio di sfagno - Insektenliebe","isPartOf":{"@id":"https:\/\/insektenliebe.com\/it\/#website"},"primaryImageOfPage":{"@id":"https:\/\/insektenliebe.com\/it\/shop\/prodotto\/gli-insetti-amano-il-muschio-di-sfagno\/#primaryimage"},"image":{"@id":"https:\/\/insektenliebe.com\/it\/shop\/prodotto\/gli-insetti-amano-il-muschio-di-sfagno\/#primaryimage"},"thumbnailUrl":"https:\/\/insektenliebe.com\/wp-content\/uploads\/2025\/07\/Insektenliebe-Spaghnum-Moos.jpg","datePublished":"2025-07-03T13:22:18+00:00","dateModified":"2026-04-07T16:52:47+00:00","description":"Il muschio di sfagno Insektenliebe \u00e8 ideale per regolare l'umidit\u00e0. Antibatterico, naturale e versatile. Disponibile nei formati da 100 g, 200 g e 500 g.","breadcrumb":{"@id":"https:\/\/insektenliebe.com\/it\/shop\/prodotto\/gli-insetti-amano-il-muschio-di-sfagno\/#breadcrumb"},"inLanguage":"it-IT","potentialAction":[{"@type":"ReadAction","target":["https:\/\/insektenliebe.com\/it\/shop\/prodotto\/gli-insetti-amano-il-muschio-di-sfagno\/"]}]},{"@type":"ImageObject","inLanguage":"it-IT","@id":"https:\/\/insektenliebe.com\/it\/shop\/prodotto\/gli-insetti-amano-il-muschio-di-sfagno\/#primaryimage","url":"https:\/\/insektenliebe.com\/wp-content\/uploads\/2025\/07\/Insektenliebe-Spaghnum-Moos.jpg","contentUrl":"https:\/\/insektenliebe.com\/wp-content\/uploads\/2025\/07\/Insektenliebe-Spaghnum-Moos.jpg","width":820,"height":820,"caption":"Gli insetti amano il muschio Spaghnum"},{"@type":"BreadcrumbList","@id":"https:\/\/insektenliebe.com\/it\/shop\/prodotto\/gli-insetti-amano-il-muschio-di-sfagno\/#breadcrumb","itemListElement":[{"@type":"ListItem","position":1,"name":"Startseite","item":"https:\/\/insektenliebe.com\/it\/"},{"@type":"ListItem","position":2,"name":"Negozio","item":"https:\/\/insektenliebe.com\/it\/negozio\/"},{"@type":"ListItem","position":3,"name":"Gli insetti amano il muschio di sfagno"}]},{"@type":"WebSite","@id":"https:\/\/insektenliebe.com\/it\/#website","url":"https:\/\/insektenliebe.com\/it\/","name":"Insektenliebe","description":"Dein Zuhause f\u00fcr die kleinen Lebewesen","publisher":{"@id":"https:\/\/insektenliebe.com\/it\/#organization"},"potentialAction":[{"@type":"SearchAction","target":{"@type":"EntryPoint","urlTemplate":"https:\/\/insektenliebe.com\/it\/?s={search_term_string}"},"query-input":{"@type":"PropertyValueSpecification","valueRequired":true,"valueName":"search_term_string"}}],"inLanguage":"it-IT"},{"@type":"Organization","@id":"https:\/\/insektenliebe.com\/it\/#organization","name":"Insektenliebe","url":"https:\/\/insektenliebe.com\/it\/","logo":{"@type":"ImageObject","inLanguage":"it-IT","@id":"https:\/\/insektenliebe.com\/it\/#\/schema\/logo\/image\/","url":"https:\/\/insektenliebe.com\/wp-content\/uploads\/2025\/03\/logo-white.png","contentUrl":"https:\/\/insektenliebe.com\/wp-content\/uploads\/2025\/03\/logo-white.png","width":288,"height":188,"caption":"Insektenliebe"},"image":{"@id":"https:\/\/insektenliebe.com\/it\/#\/schema\/logo\/image\/"}}]}},"_links":{"self":[{"href":"https:\/\/insektenliebe.com\/it\/wp-json\/wp\/v2\/product\/189135","targetHints":{"allow":["GET"]}}],"collection":[{"href":"https:\/\/insektenliebe.com\/it\/wp-json\/wp\/v2\/product"}],"about":[{"href":"https:\/\/insektenliebe.com\/it\/wp-json\/wp\/v2\/types\/product"}],"wp:featuredmedia":[{"embeddable":true,"href":"https:\/\/insektenliebe.com\/it\/wp-json\/wp\/v2\/media\/189137"}],"wp:attachment":[{"href":"https:\/\/insektenliebe.com\/it\/wp-json\/wp\/v2\/media?parent=189135"}],"wp:term":[{"taxonomy":"product-supplier","embeddable":true,"href":"https:\/\/insektenliebe.com\/it\/wp-json\/wp\/v2\/product-supplier?post=189135"},{"taxonomy":"product_brand","embeddable":true,"href":"https:\/\/insektenliebe.com\/it\/wp-json\/wp\/v2\/product_brand?post=189135"},{"taxonomy":"product_cat","embeddable":true,"href":"https:\/\/insektenliebe.com\/it\/wp-json\/wp\/v2\/product_cat?post=189135"},{"taxonomy":"product_tag","embeddable":true,"href":"https:\/\/insektenliebe.com\/it\/wp-json\/wp\/v2\/product_tag?post=189135"},{"taxonomy":"lce-checkout-addons","embeddable":true,"href":"https:\/\/insektenliebe.com\/it\/wp-json\/wp\/v2\/lce-checkout-addons?post=189135"}],"curies":[{"name":"wp","href":"https:\/\/api.w.org\/{rel}","templated":true}]}}