{"id":189121,"date":"2025-08-15T15:59:33","date_gmt":"2025-08-15T13:59:33","guid":{"rendered":"https:\/\/insektenliebe.com\/shop\/produkt\/adesivo-al-silicone-per-hobby\/"},"modified":"2026-03-03T18:28:46","modified_gmt":"2026-03-03T17:28:46","slug":"adesivo-al-silicone-per-hobby","status":"publish","type":"product","link":"https:\/\/insektenliebe.com\/it\/shop\/prodotto\/adesivo-al-silicone-per-hobby\/","title":{"rendered":"Adesivo al silicone per hobby"},"content":{"rendered":"<h3><span style=\"color: #99cc33;\"><strong><span class=\"s1\">Adesivo al silicone per hobby: il tuo aiuto affidabile per progetti creativi di terrario e acquario<\/span><\/strong><\/span><\/h3>\n<p class=\"p1\"><span class=\"s1\">L&#8217;adesivo in silicone <\/span><span class=\"s2\"><strong>Adesivo al silicone Hobby<\/strong><\/span><span class=\"s1\">  \u00e8 un adesivo per acquari e terrari versatile e di alta qualit\u00e0, sviluppato appositamente per l&#8217;uso in zootecnia. \u00c8 perfetto per   <\/span><span class=\"s2\">Incollaggio sicuro e duraturo di vetro, ceramica, pietra, plastica e altri materiali.<\/span><span class=\"s1\">  - sia in acqua che a terra. Grazie alla sua formulazione atossica e rispettosa degli animali, pu\u00f2 essere utilizzato anche dopo l&#8217;indurimento.   <\/span><span class=\"s2\">Adatto al 100 % per terrari e acquari<\/span><span class=\"s1\">.<\/span><\/p>\n<p class=\"p1\"><span class=\"s1\">Con il pratico <\/span><span class=\"s2\">Tubo da 75 g<\/span><span class=\"s1\">  L <strong>&#8216;adesivo al silicone Hobby<\/strong> pu\u00f2 essere applicato con precisione e parsimonia: \u00e8 l&#8217;ideale per le riparazioni, la costruzione di pareti posteriori, il fissaggio di decorazioni o la sigillatura di giunti. L&#8217;adesivo \u00e8 disponibile in   <\/span><span class=\"s2\">trasparente<\/span><span class=\"s1\"> e <\/span><span class=\"s2\">nero<\/span><span class=\"s1\"> in modo da poter essere integrati in modo discreto nell&#8217;immagine complessiva o utilizzati specificamente per accenti visivi.<\/span><\/p>\n<p class=\"p1\"><span class=\"s2\">I vantaggi in sintesi:<\/span><\/p>\n<ul>\n<li>\n<p class=\"p1\"><span class=\"s1\">Adatto per terrari e acquari<\/span><span class=\"s2\"> - sicuro per gli animali dopo l&#8217;indurimento<\/span><\/p>\n<\/li>\n<li>\n<p class=\"p1\"><span class=\"s1\">Elevata forza adesiva ed elasticit\u00e0 permanente<\/span><span class=\"s2\"> - Ideale per vetro, pietra, ceramica e molte materie plastiche<\/span><\/p>\n<\/li>\n<li>\n<p class=\"p1\"><span class=\"s1\">Impermeabile e resistente ai raggi UV<\/span><span class=\"s2\"> - Adatto all&#8217;acqua dolce e salata<\/span><\/p>\n<\/li>\n<li>\n<p class=\"p1\"><span class=\"s1\">In versione trasparente o nera<\/span><span class=\"s2\"> - Per un incollaggio discreto o ad alto contrasto<\/span><\/p>\n<\/li>\n<li>\n<p class=\"p1\"><span class=\"s1\">Applicazione precisa<\/span><span class=\"s2\"> - Facile da dosare grazie al tubo da 75 g<\/span><\/p>\n<\/li>\n<\/ul>\n<p class=\"p1\"><strong><span class=\"s2\">Applicazione:<\/span><\/strong><\/p>\n<p class=\"p1\"><span class=\"s1\">Le superfici da incollare devono essere asciutte, pulite e prive di grasso. Applica il silicone in modo uniforme, premi le parti da incollare e fissale in posizione. A seconda della temperatura e dell&#8217;umidit\u00e0, il tempo di indurimento \u00e8 di 24-48 ore. Durante questo periodo, non si deve entrare in contatto con animali o acqua.   <\/span><\/p>\n<p class=\"p1\"><strong><span class=\"s2\">Dati:<\/span><\/strong><\/p>\n<ul>\n<li>\n<p class=\"p1\"><span class=\"s1\">Contenuto: 75 g<\/span><\/p>\n<\/li>\n<li>\n<p class=\"p1\"><span class=\"s1\">Colore: trasparente o nero<\/span><\/p>\n<\/li>\n<li>\n<p class=\"p1\"><span class=\"s1\">Tipo di silicone: non tossico dopo la polimerizzazione, a base di acetato.<\/span><\/p>\n<\/li>\n<li>\n<p class=\"p1\"><span class=\"s1\">Aree di applicazione: Acquario, terrario, lavori di artigianato e riparazione<\/span><\/p>\n<\/li>\n<\/ul>\n<p class=\"p1\"><span class=\"s1\">Con il <span class=\"s2\"><strong>Adesivo al silicone Hobby<\/strong><\/span><\/span><span class=\"s1\"> ottieni un <\/span><span class=\"s2\">un adesivo speciale affidabile, rispettoso degli animali e di lunga durata<\/span><span class=\"s1\">che tiene insieme in modo sicuro i tuoi progetti di terrario e acquario.<\/span><\/p>\n","protected":false},"excerpt":{"rendered":"<p>Adesivo al silicone per hobby: il tuo aiuto affidabile per progetti creativi di terrario e acquario L&#8217;adesivo in silicone Adesivo al silicone Hobby \u00e8 un adesivo per acquari e terrari versatile e di alta qualit\u00e0, sviluppato appositamente per l&#8217;uso in zootecnia. \u00c8 perfetto per Incollaggio sicuro e duraturo di vetro, ceramica, pietra, plastica e altri [&hellip;]<\/p>\n","protected":false},"featured_media":189126,"template":"","meta":{"_acf_changed":false},"product-supplier":[2555],"product_brand":[2739],"product_cat":[2740],"product_tag":[],"lce-checkout-addons":[],"class_list":{"0":"post-189121","1":"product","2":"type-product","3":"status-publish","4":"has-post-thumbnail","6":"product_brand-hobby-terraristica","7":"product_cat-arredamento-e-decorazione","8":"product_shipping_class-equipment-shipping","10":"first","11":"instock","12":"taxable","13":"shipping-taxable","14":"purchasable","15":"product-type-variable"},"acf":[],"yoast_head":"<!-- This site is optimized with the Yoast SEO plugin v27.3 - https:\/\/yoast.com\/product\/yoast-seo-wordpress\/ -->\n<title>Adesivo al silicone per hobby - Insektenliebe<\/title>\n<meta name=\"description\" content=\"Adesivo in silicone di alta qualit\u00e0 per acquari, terrari e modellismo. Trasparente o nero, adatto agli animali e alle piante, ideale per l&#039;incollaggio.\" \/>\n<meta name=\"robots\" content=\"index, follow, max-snippet:-1, max-image-preview:large, max-video-preview:-1\" \/>\n<link rel=\"canonical\" href=\"https:\/\/insektenliebe.com\/it\/shop\/prodotto\/adesivo-al-silicone-per-hobby\/\" \/>\n<meta property=\"og:locale\" content=\"it_IT\" \/>\n<meta property=\"og:type\" content=\"article\" \/>\n<meta property=\"og:title\" content=\"Adesivo al silicone per hobby - Insektenliebe\" \/>\n<meta property=\"og:description\" content=\"Adesivo in silicone di alta qualit\u00e0 per acquari, terrari e modellismo. Trasparente o nero, adatto agli animali e alle piante, ideale per l&#039;incollaggio.\" \/>\n<meta property=\"og:url\" content=\"https:\/\/insektenliebe.com\/it\/shop\/prodotto\/adesivo-al-silicone-per-hobby\/\" \/>\n<meta property=\"og:site_name\" content=\"Insektenliebe\" \/>\n<meta property=\"article:modified_time\" content=\"2026-03-03T17:28:46+00:00\" \/>\n<meta property=\"og:image\" content=\"https:\/\/insektenliebe.com\/wp-content\/uploads\/2025\/08\/Hobby-Silikonkleber.jpg\" \/>\n\t<meta property=\"og:image:width\" content=\"820\" \/>\n\t<meta property=\"og:image:height\" content=\"820\" \/>\n\t<meta property=\"og:image:type\" content=\"image\/jpeg\" \/>\n<meta name=\"twitter:card\" content=\"summary_large_image\" \/>\n<meta name=\"twitter:label1\" content=\"Tempo di lettura stimato\" \/>\n\t<meta name=\"twitter:data1\" content=\"2 minuto\" \/>\n<script type=\"application\/ld+json\" class=\"yoast-schema-graph\">{\"@context\":\"https:\\\/\\\/schema.org\",\"@graph\":[{\"@type\":\"WebPage\",\"@id\":\"https:\\\/\\\/insektenliebe.com\\\/it\\\/shop\\\/prodotto\\\/adesivo-al-silicone-per-hobby\\\/\",\"url\":\"https:\\\/\\\/insektenliebe.com\\\/it\\\/shop\\\/prodotto\\\/adesivo-al-silicone-per-hobby\\\/\",\"name\":\"Adesivo al silicone per hobby - Insektenliebe\",\"isPartOf\":{\"@id\":\"https:\\\/\\\/insektenliebe.com\\\/it\\\/#website\"},\"primaryImageOfPage\":{\"@id\":\"https:\\\/\\\/insektenliebe.com\\\/it\\\/shop\\\/prodotto\\\/adesivo-al-silicone-per-hobby\\\/#primaryimage\"},\"image\":{\"@id\":\"https:\\\/\\\/insektenliebe.com\\\/it\\\/shop\\\/prodotto\\\/adesivo-al-silicone-per-hobby\\\/#primaryimage\"},\"thumbnailUrl\":\"https:\\\/\\\/insektenliebe.com\\\/wp-content\\\/uploads\\\/2025\\\/08\\\/Hobby-Silikonkleber.jpg\",\"datePublished\":\"2025-08-15T13:59:33+00:00\",\"dateModified\":\"2026-03-03T17:28:46+00:00\",\"description\":\"Adesivo in silicone di alta qualit\u00e0 per acquari, terrari e modellismo. Trasparente o nero, adatto agli animali e alle piante, ideale per l'incollaggio.\",\"breadcrumb\":{\"@id\":\"https:\\\/\\\/insektenliebe.com\\\/it\\\/shop\\\/prodotto\\\/adesivo-al-silicone-per-hobby\\\/#breadcrumb\"},\"inLanguage\":\"it-IT\",\"potentialAction\":[{\"@type\":\"ReadAction\",\"target\":[\"https:\\\/\\\/insektenliebe.com\\\/it\\\/shop\\\/prodotto\\\/adesivo-al-silicone-per-hobby\\\/\"]}]},{\"@type\":\"ImageObject\",\"inLanguage\":\"it-IT\",\"@id\":\"https:\\\/\\\/insektenliebe.com\\\/it\\\/shop\\\/prodotto\\\/adesivo-al-silicone-per-hobby\\\/#primaryimage\",\"url\":\"https:\\\/\\\/insektenliebe.com\\\/wp-content\\\/uploads\\\/2025\\\/08\\\/Hobby-Silikonkleber.jpg\",\"contentUrl\":\"https:\\\/\\\/insektenliebe.com\\\/wp-content\\\/uploads\\\/2025\\\/08\\\/Hobby-Silikonkleber.jpg\",\"width\":820,\"height\":820,\"caption\":\"Adesivo al silicone per hobby\"},{\"@type\":\"BreadcrumbList\",\"@id\":\"https:\\\/\\\/insektenliebe.com\\\/it\\\/shop\\\/prodotto\\\/adesivo-al-silicone-per-hobby\\\/#breadcrumb\",\"itemListElement\":[{\"@type\":\"ListItem\",\"position\":1,\"name\":\"Startseite\",\"item\":\"https:\\\/\\\/insektenliebe.com\\\/it\\\/\"},{\"@type\":\"ListItem\",\"position\":2,\"name\":\"Negozio\",\"item\":\"https:\\\/\\\/insektenliebe.com\\\/it\\\/negozio\\\/\"},{\"@type\":\"ListItem\",\"position\":3,\"name\":\"Adesivo al silicone per hobby\"}]},{\"@type\":\"WebSite\",\"@id\":\"https:\\\/\\\/insektenliebe.com\\\/it\\\/#website\",\"url\":\"https:\\\/\\\/insektenliebe.com\\\/it\\\/\",\"name\":\"Insektenliebe\",\"description\":\"Dein Zuhause f\u00fcr die kleinen Lebewesen\",\"publisher\":{\"@id\":\"https:\\\/\\\/insektenliebe.com\\\/it\\\/#organization\"},\"potentialAction\":[{\"@type\":\"SearchAction\",\"target\":{\"@type\":\"EntryPoint\",\"urlTemplate\":\"https:\\\/\\\/insektenliebe.com\\\/it\\\/?s={search_term_string}\"},\"query-input\":{\"@type\":\"PropertyValueSpecification\",\"valueRequired\":true,\"valueName\":\"search_term_string\"}}],\"inLanguage\":\"it-IT\"},{\"@type\":\"Organization\",\"@id\":\"https:\\\/\\\/insektenliebe.com\\\/it\\\/#organization\",\"name\":\"Insektenliebe\",\"url\":\"https:\\\/\\\/insektenliebe.com\\\/it\\\/\",\"logo\":{\"@type\":\"ImageObject\",\"inLanguage\":\"it-IT\",\"@id\":\"https:\\\/\\\/insektenliebe.com\\\/it\\\/#\\\/schema\\\/logo\\\/image\\\/\",\"url\":\"https:\\\/\\\/insektenliebe.com\\\/wp-content\\\/uploads\\\/2025\\\/03\\\/logo-white.png\",\"contentUrl\":\"https:\\\/\\\/insektenliebe.com\\\/wp-content\\\/uploads\\\/2025\\\/03\\\/logo-white.png\",\"width\":288,\"height\":188,\"caption\":\"Insektenliebe\"},\"image\":{\"@id\":\"https:\\\/\\\/insektenliebe.com\\\/it\\\/#\\\/schema\\\/logo\\\/image\\\/\"}}]}<\/script>\n<!-- \/ Yoast SEO plugin. -->","yoast_head_json":{"title":"Adesivo al silicone per hobby - Insektenliebe","description":"Adesivo in silicone di alta qualit\u00e0 per acquari, terrari e modellismo. Trasparente o nero, adatto agli animali e alle piante, ideale per l'incollaggio.","robots":{"index":"index","follow":"follow","max-snippet":"max-snippet:-1","max-image-preview":"max-image-preview:large","max-video-preview":"max-video-preview:-1"},"canonical":"https:\/\/insektenliebe.com\/it\/shop\/prodotto\/adesivo-al-silicone-per-hobby\/","og_locale":"it_IT","og_type":"article","og_title":"Adesivo al silicone per hobby - Insektenliebe","og_description":"Adesivo in silicone di alta qualit\u00e0 per acquari, terrari e modellismo. Trasparente o nero, adatto agli animali e alle piante, ideale per l'incollaggio.","og_url":"https:\/\/insektenliebe.com\/it\/shop\/prodotto\/adesivo-al-silicone-per-hobby\/","og_site_name":"Insektenliebe","article_modified_time":"2026-03-03T17:28:46+00:00","og_image":[{"width":820,"height":820,"url":"https:\/\/insektenliebe.com\/wp-content\/uploads\/2025\/08\/Hobby-Silikonkleber.jpg","type":"image\/jpeg"}],"twitter_card":"summary_large_image","twitter_misc":{"Tempo di lettura stimato":"2 minuto"},"schema":{"@context":"https:\/\/schema.org","@graph":[{"@type":"WebPage","@id":"https:\/\/insektenliebe.com\/it\/shop\/prodotto\/adesivo-al-silicone-per-hobby\/","url":"https:\/\/insektenliebe.com\/it\/shop\/prodotto\/adesivo-al-silicone-per-hobby\/","name":"Adesivo al silicone per hobby - Insektenliebe","isPartOf":{"@id":"https:\/\/insektenliebe.com\/it\/#website"},"primaryImageOfPage":{"@id":"https:\/\/insektenliebe.com\/it\/shop\/prodotto\/adesivo-al-silicone-per-hobby\/#primaryimage"},"image":{"@id":"https:\/\/insektenliebe.com\/it\/shop\/prodotto\/adesivo-al-silicone-per-hobby\/#primaryimage"},"thumbnailUrl":"https:\/\/insektenliebe.com\/wp-content\/uploads\/2025\/08\/Hobby-Silikonkleber.jpg","datePublished":"2025-08-15T13:59:33+00:00","dateModified":"2026-03-03T17:28:46+00:00","description":"Adesivo in silicone di alta qualit\u00e0 per acquari, terrari e modellismo. Trasparente o nero, adatto agli animali e alle piante, ideale per l'incollaggio.","breadcrumb":{"@id":"https:\/\/insektenliebe.com\/it\/shop\/prodotto\/adesivo-al-silicone-per-hobby\/#breadcrumb"},"inLanguage":"it-IT","potentialAction":[{"@type":"ReadAction","target":["https:\/\/insektenliebe.com\/it\/shop\/prodotto\/adesivo-al-silicone-per-hobby\/"]}]},{"@type":"ImageObject","inLanguage":"it-IT","@id":"https:\/\/insektenliebe.com\/it\/shop\/prodotto\/adesivo-al-silicone-per-hobby\/#primaryimage","url":"https:\/\/insektenliebe.com\/wp-content\/uploads\/2025\/08\/Hobby-Silikonkleber.jpg","contentUrl":"https:\/\/insektenliebe.com\/wp-content\/uploads\/2025\/08\/Hobby-Silikonkleber.jpg","width":820,"height":820,"caption":"Adesivo al silicone per hobby"},{"@type":"BreadcrumbList","@id":"https:\/\/insektenliebe.com\/it\/shop\/prodotto\/adesivo-al-silicone-per-hobby\/#breadcrumb","itemListElement":[{"@type":"ListItem","position":1,"name":"Startseite","item":"https:\/\/insektenliebe.com\/it\/"},{"@type":"ListItem","position":2,"name":"Negozio","item":"https:\/\/insektenliebe.com\/it\/negozio\/"},{"@type":"ListItem","position":3,"name":"Adesivo al silicone per hobby"}]},{"@type":"WebSite","@id":"https:\/\/insektenliebe.com\/it\/#website","url":"https:\/\/insektenliebe.com\/it\/","name":"Insektenliebe","description":"Dein Zuhause f\u00fcr die kleinen Lebewesen","publisher":{"@id":"https:\/\/insektenliebe.com\/it\/#organization"},"potentialAction":[{"@type":"SearchAction","target":{"@type":"EntryPoint","urlTemplate":"https:\/\/insektenliebe.com\/it\/?s={search_term_string}"},"query-input":{"@type":"PropertyValueSpecification","valueRequired":true,"valueName":"search_term_string"}}],"inLanguage":"it-IT"},{"@type":"Organization","@id":"https:\/\/insektenliebe.com\/it\/#organization","name":"Insektenliebe","url":"https:\/\/insektenliebe.com\/it\/","logo":{"@type":"ImageObject","inLanguage":"it-IT","@id":"https:\/\/insektenliebe.com\/it\/#\/schema\/logo\/image\/","url":"https:\/\/insektenliebe.com\/wp-content\/uploads\/2025\/03\/logo-white.png","contentUrl":"https:\/\/insektenliebe.com\/wp-content\/uploads\/2025\/03\/logo-white.png","width":288,"height":188,"caption":"Insektenliebe"},"image":{"@id":"https:\/\/insektenliebe.com\/it\/#\/schema\/logo\/image\/"}}]}},"_links":{"self":[{"href":"https:\/\/insektenliebe.com\/it\/wp-json\/wp\/v2\/product\/189121","targetHints":{"allow":["GET"]}}],"collection":[{"href":"https:\/\/insektenliebe.com\/it\/wp-json\/wp\/v2\/product"}],"about":[{"href":"https:\/\/insektenliebe.com\/it\/wp-json\/wp\/v2\/types\/product"}],"wp:featuredmedia":[{"embeddable":true,"href":"https:\/\/insektenliebe.com\/it\/wp-json\/wp\/v2\/media\/189126"}],"wp:attachment":[{"href":"https:\/\/insektenliebe.com\/it\/wp-json\/wp\/v2\/media?parent=189121"}],"wp:term":[{"taxonomy":"product-supplier","embeddable":true,"href":"https:\/\/insektenliebe.com\/it\/wp-json\/wp\/v2\/product-supplier?post=189121"},{"taxonomy":"product_brand","embeddable":true,"href":"https:\/\/insektenliebe.com\/it\/wp-json\/wp\/v2\/product_brand?post=189121"},{"taxonomy":"product_cat","embeddable":true,"href":"https:\/\/insektenliebe.com\/it\/wp-json\/wp\/v2\/product_cat?post=189121"},{"taxonomy":"product_tag","embeddable":true,"href":"https:\/\/insektenliebe.com\/it\/wp-json\/wp\/v2\/product_tag?post=189121"},{"taxonomy":"lce-checkout-addons","embeddable":true,"href":"https:\/\/insektenliebe.com\/it\/wp-json\/wp\/v2\/lce-checkout-addons?post=189121"}],"curies":[{"name":"wp","href":"https:\/\/api.w.org\/{rel}","templated":true}]}}