{"id":189105,"date":"2025-07-17T14:41:29","date_gmt":"2025-07-17T12:41:29","guid":{"rendered":"https:\/\/insektenliebe.com\/shop\/produkt\/terrario-insektenliebe-in-acrilico-15-x-17-x-22-cm-set-di-4-pezzi\/"},"modified":"2025-07-17T14:41:29","modified_gmt":"2025-07-17T12:41:29","slug":"terrario-insektenliebe-in-acrilico-15-x-17-x-22-cm-set-di-4-pezzi","status":"publish","type":"product","link":"https:\/\/insektenliebe.com\/it\/shop\/prodotto\/terrario-insektenliebe-in-acrilico-15-x-17-x-22-cm-set-di-4-pezzi\/","title":{"rendered":"Terrario Insektenliebe in acrilico 15 x 17 x 22 cm, set di 4 pezzi"},"content":{"rendered":"<p><span style=\"color: #99cc33\"><strong style=\"font-size: 20.16px\">3 pagati, 4 impilati: il tuo upgrade per la parete del terrario!<\/strong><\/span><\/p>\n<p data-start=\"169\" data-end=\"638\">Con il <strong>set di 4 terrari in acrilico Insektenliebe 15 x 17 x 22 cm <\/strong>, otterrai un sistema completo e ben studiato composto da quattro terrari in acrilico Insektenliebe interconnessi e impilati. Questo set \u00e8 ideale per chi vuole tenere diversi piccoli animali, piante o insetti in modo organizzato, poco ingombrante ed elegante. Che si tratti di ragni saltatori, piccoli isopodi o altri invertebrati, il design flessibile ti permette di creare il tuo sistema abitativo modulare.  <\/p>\n<p data-start=\"640\" data-end=\"1105\">Grazie alla scatola luminosa integrata, i terrari possono essere impilati in modo sicuro e stabile l&#8217;uno sull&#8217;altro. Inoltre, gli elementi di collegamento laterali permettono di affiancarli. Questo non solo crea un&#8217;unit\u00e0 visivamente pulita, ma garantisce anche stabilit\u00e0 e sicurezza. Il pacchetto include anche guarnizioni coordinate per garantire che nessun animale domestico possa fuggire: anche i coinquilini pi\u00f9 piccoli rimarranno al sicuro all&#8217;interno.   <\/p>\n<p data-start=\"1107\" data-end=\"1498\">Un punto di forza \u00e8 il vassoio di raccolta fornito in dotazione: poich\u00e9 i terrari in acrilico non sono completamente impermeabili, \u00e8 possibile piantarvi una pianta o aggiungere altre decorazioni senza problemi e senza che l&#8217;umidit\u00e0 si danneggi o fuoriesca. Il gocciolatoio protegge in modo affidabile i tuoi arredi e garantisce una migliore umidit\u00e0 nell&#8217;area inferiore. <\/p>\n<p data-start=\"1500\" data-end=\"1724\"><strong>Terrario in acrilico Insektenliebe 15 x 17 x 22 cm, set di 4 pezzi<\/strong><strong> <\/strong>combina funzionalit\u00e0, design e flessibilit\u00e0. Sia che tu voglia utilizzare solo quattro terrari, sia che tu voglia ampliarli a sei o otto in un secondo momento, il sistema pu\u00f2 essere ampliato a seconda delle esigenze e rimane stabile e sicuro. <\/p>\n<p data-start=\"1726\" data-end=\"1969\">Un sistema di terrari moderno e trasparente che si adatta perfettamente alla tua mensola, al davanzale o al porta terrario: ideale per gli amanti degli animali, gli allevatori e gli appassionati di piante che apprezzano la struttura, la qualit\u00e0 e la flessibilit\u00e0.<\/p>\n","protected":false},"excerpt":{"rendered":"<p>3 pagati, 4 impilati: il tuo upgrade per la parete del terrario! Con il set di 4 terrari in acrilico Insektenliebe 15 x 17 x 22 cm , otterrai un sistema completo e ben studiato composto da quattro terrari in acrilico Insektenliebe interconnessi e impilati. Questo set \u00e8 ideale per chi vuole tenere diversi piccoli [&hellip;]<\/p>\n","protected":false},"featured_media":187306,"template":"","meta":{"_acf_changed":false},"product-supplier":[2686,2691],"product_brand":[2853],"product_cat":[2760],"product_tag":[],"lce-checkout-addons":[],"class_list":{"0":"post-189105","1":"product","2":"type-product","3":"status-publish","4":"has-post-thumbnail","6":"product_brand-insektenliebe","7":"product_cat-terrari-e-contenitori","8":"product_shipping_class-equipment-shipping","10":"first","11":"instock","12":"taxable","13":"shipping-taxable","14":"purchasable","15":"product-type-bundle"},"acf":[],"yoast_head":"<!-- This site is optimized with the Yoast SEO plugin v27.3 - https:\/\/yoast.com\/product\/yoast-seo-wordpress\/ -->\n<title>Terrario Insektenliebe in acrilico 15 x 17 x 22 cm, set di 4 pezzi - Insektenliebe<\/title>\n<meta name=\"description\" content=\"Il pacchetto di terrari in acrilico Insektenliebe combina 4 terrari collegati tra loro - perfettamente impilabili e collegati in modo sicuro. Ideale per piccoli animali da terrario.\" \/>\n<meta name=\"robots\" content=\"index, follow, max-snippet:-1, max-image-preview:large, max-video-preview:-1\" \/>\n<link rel=\"canonical\" href=\"https:\/\/insektenliebe.com\/it\/shop\/prodotto\/terrario-insektenliebe-in-acrilico-15-x-17-x-22-cm-set-di-4-pezzi\/\" \/>\n<meta property=\"og:locale\" content=\"it_IT\" \/>\n<meta property=\"og:type\" content=\"article\" \/>\n<meta property=\"og:title\" content=\"Terrario Insektenliebe in acrilico 15 x 17 x 22 cm, set di 4 pezzi - Insektenliebe\" \/>\n<meta property=\"og:description\" content=\"Il pacchetto di terrari in acrilico Insektenliebe combina 4 terrari collegati tra loro - perfettamente impilabili e collegati in modo sicuro. Ideale per piccoli animali da terrario.\" \/>\n<meta property=\"og:url\" content=\"https:\/\/insektenliebe.com\/it\/shop\/prodotto\/terrario-insektenliebe-in-acrilico-15-x-17-x-22-cm-set-di-4-pezzi\/\" \/>\n<meta property=\"og:site_name\" content=\"Insektenliebe\" \/>\n<meta property=\"og:image\" content=\"https:\/\/insektenliebe.com\/wp-content\/uploads\/2025\/07\/Acrylterrarien-Bundle.jpg\" \/>\n\t<meta property=\"og:image:width\" content=\"820\" \/>\n\t<meta property=\"og:image:height\" content=\"820\" \/>\n\t<meta property=\"og:image:type\" content=\"image\/jpeg\" \/>\n<meta name=\"twitter:card\" content=\"summary_large_image\" \/>\n<meta name=\"twitter:label1\" content=\"Tempo di lettura stimato\" \/>\n\t<meta name=\"twitter:data1\" content=\"1 minuto\" \/>\n<script type=\"application\/ld+json\" class=\"yoast-schema-graph\">{\"@context\":\"https:\\\/\\\/schema.org\",\"@graph\":[{\"@type\":\"WebPage\",\"@id\":\"https:\\\/\\\/insektenliebe.com\\\/it\\\/shop\\\/prodotto\\\/terrario-insektenliebe-in-acrilico-15-x-17-x-22-cm-set-di-4-pezzi\\\/\",\"url\":\"https:\\\/\\\/insektenliebe.com\\\/it\\\/shop\\\/prodotto\\\/terrario-insektenliebe-in-acrilico-15-x-17-x-22-cm-set-di-4-pezzi\\\/\",\"name\":\"Terrario Insektenliebe in acrilico 15 x 17 x 22 cm, set di 4 pezzi - Insektenliebe\",\"isPartOf\":{\"@id\":\"https:\\\/\\\/insektenliebe.com\\\/it\\\/#website\"},\"primaryImageOfPage\":{\"@id\":\"https:\\\/\\\/insektenliebe.com\\\/it\\\/shop\\\/prodotto\\\/terrario-insektenliebe-in-acrilico-15-x-17-x-22-cm-set-di-4-pezzi\\\/#primaryimage\"},\"image\":{\"@id\":\"https:\\\/\\\/insektenliebe.com\\\/it\\\/shop\\\/prodotto\\\/terrario-insektenliebe-in-acrilico-15-x-17-x-22-cm-set-di-4-pezzi\\\/#primaryimage\"},\"thumbnailUrl\":\"https:\\\/\\\/insektenliebe.com\\\/wp-content\\\/uploads\\\/2025\\\/07\\\/Acrylterrarien-Bundle.jpg\",\"datePublished\":\"2025-07-17T12:41:29+00:00\",\"description\":\"Il pacchetto di terrari in acrilico Insektenliebe combina 4 terrari collegati tra loro - perfettamente impilabili e collegati in modo sicuro. Ideale per piccoli animali da terrario.\",\"breadcrumb\":{\"@id\":\"https:\\\/\\\/insektenliebe.com\\\/it\\\/shop\\\/prodotto\\\/terrario-insektenliebe-in-acrilico-15-x-17-x-22-cm-set-di-4-pezzi\\\/#breadcrumb\"},\"inLanguage\":\"it-IT\",\"potentialAction\":[{\"@type\":\"ReadAction\",\"target\":[\"https:\\\/\\\/insektenliebe.com\\\/it\\\/shop\\\/prodotto\\\/terrario-insektenliebe-in-acrilico-15-x-17-x-22-cm-set-di-4-pezzi\\\/\"]}]},{\"@type\":\"ImageObject\",\"inLanguage\":\"it-IT\",\"@id\":\"https:\\\/\\\/insektenliebe.com\\\/it\\\/shop\\\/prodotto\\\/terrario-insektenliebe-in-acrilico-15-x-17-x-22-cm-set-di-4-pezzi\\\/#primaryimage\",\"url\":\"https:\\\/\\\/insektenliebe.com\\\/wp-content\\\/uploads\\\/2025\\\/07\\\/Acrylterrarien-Bundle.jpg\",\"contentUrl\":\"https:\\\/\\\/insektenliebe.com\\\/wp-content\\\/uploads\\\/2025\\\/07\\\/Acrylterrarien-Bundle.jpg\",\"width\":820,\"height\":820,\"caption\":\"Pacchetto terrario in acrilico Insektenliebe\"},{\"@type\":\"BreadcrumbList\",\"@id\":\"https:\\\/\\\/insektenliebe.com\\\/it\\\/shop\\\/prodotto\\\/terrario-insektenliebe-in-acrilico-15-x-17-x-22-cm-set-di-4-pezzi\\\/#breadcrumb\",\"itemListElement\":[{\"@type\":\"ListItem\",\"position\":1,\"name\":\"Startseite\",\"item\":\"https:\\\/\\\/insektenliebe.com\\\/it\\\/\"},{\"@type\":\"ListItem\",\"position\":2,\"name\":\"Negozio\",\"item\":\"https:\\\/\\\/insektenliebe.com\\\/it\\\/negozio\\\/\"},{\"@type\":\"ListItem\",\"position\":3,\"name\":\"Terrario Insektenliebe in acrilico 15 x 17 x 22 cm, set di 4 pezzi\"}]},{\"@type\":\"WebSite\",\"@id\":\"https:\\\/\\\/insektenliebe.com\\\/it\\\/#website\",\"url\":\"https:\\\/\\\/insektenliebe.com\\\/it\\\/\",\"name\":\"Insektenliebe\",\"description\":\"Dein Zuhause f\u00fcr die kleinen Lebewesen\",\"publisher\":{\"@id\":\"https:\\\/\\\/insektenliebe.com\\\/it\\\/#organization\"},\"potentialAction\":[{\"@type\":\"SearchAction\",\"target\":{\"@type\":\"EntryPoint\",\"urlTemplate\":\"https:\\\/\\\/insektenliebe.com\\\/it\\\/?s={search_term_string}\"},\"query-input\":{\"@type\":\"PropertyValueSpecification\",\"valueRequired\":true,\"valueName\":\"search_term_string\"}}],\"inLanguage\":\"it-IT\"},{\"@type\":\"Organization\",\"@id\":\"https:\\\/\\\/insektenliebe.com\\\/it\\\/#organization\",\"name\":\"Insektenliebe\",\"url\":\"https:\\\/\\\/insektenliebe.com\\\/it\\\/\",\"logo\":{\"@type\":\"ImageObject\",\"inLanguage\":\"it-IT\",\"@id\":\"https:\\\/\\\/insektenliebe.com\\\/it\\\/#\\\/schema\\\/logo\\\/image\\\/\",\"url\":\"https:\\\/\\\/insektenliebe.com\\\/wp-content\\\/uploads\\\/2025\\\/03\\\/logo-white.png\",\"contentUrl\":\"https:\\\/\\\/insektenliebe.com\\\/wp-content\\\/uploads\\\/2025\\\/03\\\/logo-white.png\",\"width\":288,\"height\":188,\"caption\":\"Insektenliebe\"},\"image\":{\"@id\":\"https:\\\/\\\/insektenliebe.com\\\/it\\\/#\\\/schema\\\/logo\\\/image\\\/\"}}]}<\/script>\n<!-- \/ Yoast SEO plugin. -->","yoast_head_json":{"title":"Terrario Insektenliebe in acrilico 15 x 17 x 22 cm, set di 4 pezzi - Insektenliebe","description":"Il pacchetto di terrari in acrilico Insektenliebe combina 4 terrari collegati tra loro - perfettamente impilabili e collegati in modo sicuro. Ideale per piccoli animali da terrario.","robots":{"index":"index","follow":"follow","max-snippet":"max-snippet:-1","max-image-preview":"max-image-preview:large","max-video-preview":"max-video-preview:-1"},"canonical":"https:\/\/insektenliebe.com\/it\/shop\/prodotto\/terrario-insektenliebe-in-acrilico-15-x-17-x-22-cm-set-di-4-pezzi\/","og_locale":"it_IT","og_type":"article","og_title":"Terrario Insektenliebe in acrilico 15 x 17 x 22 cm, set di 4 pezzi - Insektenliebe","og_description":"Il pacchetto di terrari in acrilico Insektenliebe combina 4 terrari collegati tra loro - perfettamente impilabili e collegati in modo sicuro. Ideale per piccoli animali da terrario.","og_url":"https:\/\/insektenliebe.com\/it\/shop\/prodotto\/terrario-insektenliebe-in-acrilico-15-x-17-x-22-cm-set-di-4-pezzi\/","og_site_name":"Insektenliebe","og_image":[{"width":820,"height":820,"url":"https:\/\/insektenliebe.com\/wp-content\/uploads\/2025\/07\/Acrylterrarien-Bundle.jpg","type":"image\/jpeg"}],"twitter_card":"summary_large_image","twitter_misc":{"Tempo di lettura stimato":"1 minuto"},"schema":{"@context":"https:\/\/schema.org","@graph":[{"@type":"WebPage","@id":"https:\/\/insektenliebe.com\/it\/shop\/prodotto\/terrario-insektenliebe-in-acrilico-15-x-17-x-22-cm-set-di-4-pezzi\/","url":"https:\/\/insektenliebe.com\/it\/shop\/prodotto\/terrario-insektenliebe-in-acrilico-15-x-17-x-22-cm-set-di-4-pezzi\/","name":"Terrario Insektenliebe in acrilico 15 x 17 x 22 cm, set di 4 pezzi - Insektenliebe","isPartOf":{"@id":"https:\/\/insektenliebe.com\/it\/#website"},"primaryImageOfPage":{"@id":"https:\/\/insektenliebe.com\/it\/shop\/prodotto\/terrario-insektenliebe-in-acrilico-15-x-17-x-22-cm-set-di-4-pezzi\/#primaryimage"},"image":{"@id":"https:\/\/insektenliebe.com\/it\/shop\/prodotto\/terrario-insektenliebe-in-acrilico-15-x-17-x-22-cm-set-di-4-pezzi\/#primaryimage"},"thumbnailUrl":"https:\/\/insektenliebe.com\/wp-content\/uploads\/2025\/07\/Acrylterrarien-Bundle.jpg","datePublished":"2025-07-17T12:41:29+00:00","description":"Il pacchetto di terrari in acrilico Insektenliebe combina 4 terrari collegati tra loro - perfettamente impilabili e collegati in modo sicuro. Ideale per piccoli animali da terrario.","breadcrumb":{"@id":"https:\/\/insektenliebe.com\/it\/shop\/prodotto\/terrario-insektenliebe-in-acrilico-15-x-17-x-22-cm-set-di-4-pezzi\/#breadcrumb"},"inLanguage":"it-IT","potentialAction":[{"@type":"ReadAction","target":["https:\/\/insektenliebe.com\/it\/shop\/prodotto\/terrario-insektenliebe-in-acrilico-15-x-17-x-22-cm-set-di-4-pezzi\/"]}]},{"@type":"ImageObject","inLanguage":"it-IT","@id":"https:\/\/insektenliebe.com\/it\/shop\/prodotto\/terrario-insektenliebe-in-acrilico-15-x-17-x-22-cm-set-di-4-pezzi\/#primaryimage","url":"https:\/\/insektenliebe.com\/wp-content\/uploads\/2025\/07\/Acrylterrarien-Bundle.jpg","contentUrl":"https:\/\/insektenliebe.com\/wp-content\/uploads\/2025\/07\/Acrylterrarien-Bundle.jpg","width":820,"height":820,"caption":"Pacchetto terrario in acrilico Insektenliebe"},{"@type":"BreadcrumbList","@id":"https:\/\/insektenliebe.com\/it\/shop\/prodotto\/terrario-insektenliebe-in-acrilico-15-x-17-x-22-cm-set-di-4-pezzi\/#breadcrumb","itemListElement":[{"@type":"ListItem","position":1,"name":"Startseite","item":"https:\/\/insektenliebe.com\/it\/"},{"@type":"ListItem","position":2,"name":"Negozio","item":"https:\/\/insektenliebe.com\/it\/negozio\/"},{"@type":"ListItem","position":3,"name":"Terrario Insektenliebe in acrilico 15 x 17 x 22 cm, set di 4 pezzi"}]},{"@type":"WebSite","@id":"https:\/\/insektenliebe.com\/it\/#website","url":"https:\/\/insektenliebe.com\/it\/","name":"Insektenliebe","description":"Dein Zuhause f\u00fcr die kleinen Lebewesen","publisher":{"@id":"https:\/\/insektenliebe.com\/it\/#organization"},"potentialAction":[{"@type":"SearchAction","target":{"@type":"EntryPoint","urlTemplate":"https:\/\/insektenliebe.com\/it\/?s={search_term_string}"},"query-input":{"@type":"PropertyValueSpecification","valueRequired":true,"valueName":"search_term_string"}}],"inLanguage":"it-IT"},{"@type":"Organization","@id":"https:\/\/insektenliebe.com\/it\/#organization","name":"Insektenliebe","url":"https:\/\/insektenliebe.com\/it\/","logo":{"@type":"ImageObject","inLanguage":"it-IT","@id":"https:\/\/insektenliebe.com\/it\/#\/schema\/logo\/image\/","url":"https:\/\/insektenliebe.com\/wp-content\/uploads\/2025\/03\/logo-white.png","contentUrl":"https:\/\/insektenliebe.com\/wp-content\/uploads\/2025\/03\/logo-white.png","width":288,"height":188,"caption":"Insektenliebe"},"image":{"@id":"https:\/\/insektenliebe.com\/it\/#\/schema\/logo\/image\/"}}]}},"_links":{"self":[{"href":"https:\/\/insektenliebe.com\/it\/wp-json\/wp\/v2\/product\/189105","targetHints":{"allow":["GET"]}}],"collection":[{"href":"https:\/\/insektenliebe.com\/it\/wp-json\/wp\/v2\/product"}],"about":[{"href":"https:\/\/insektenliebe.com\/it\/wp-json\/wp\/v2\/types\/product"}],"wp:featuredmedia":[{"embeddable":true,"href":"https:\/\/insektenliebe.com\/it\/wp-json\/wp\/v2\/media\/187306"}],"wp:attachment":[{"href":"https:\/\/insektenliebe.com\/it\/wp-json\/wp\/v2\/media?parent=189105"}],"wp:term":[{"taxonomy":"product-supplier","embeddable":true,"href":"https:\/\/insektenliebe.com\/it\/wp-json\/wp\/v2\/product-supplier?post=189105"},{"taxonomy":"product_brand","embeddable":true,"href":"https:\/\/insektenliebe.com\/it\/wp-json\/wp\/v2\/product_brand?post=189105"},{"taxonomy":"product_cat","embeddable":true,"href":"https:\/\/insektenliebe.com\/it\/wp-json\/wp\/v2\/product_cat?post=189105"},{"taxonomy":"product_tag","embeddable":true,"href":"https:\/\/insektenliebe.com\/it\/wp-json\/wp\/v2\/product_tag?post=189105"},{"taxonomy":"lce-checkout-addons","embeddable":true,"href":"https:\/\/insektenliebe.com\/it\/wp-json\/wp\/v2\/lce-checkout-addons?post=189105"}],"curies":[{"name":"wp","href":"https:\/\/api.w.org\/{rel}","templated":true}]}}