{"id":189103,"date":"2025-08-16T11:59:00","date_gmt":"2025-08-16T09:59:00","guid":{"rendered":"https:\/\/insektenliebe.com\/shop\/produkt\/cubaris-spec-salamon\/"},"modified":"2025-08-16T11:59:00","modified_gmt":"2025-08-16T09:59:00","slug":"cubaris-spec-salamon","status":"publish","type":"product","link":"https:\/\/insektenliebe.com\/it\/shop\/prodotto\/cubaris-spec-salamon\/","title":{"rendered":"Cubaris spec. \"Salamon\""},"content":{"rendered":"<h3><span style=\"color: #99cc33\"><strong><span class=\"s1\">Cubaris spec. \"Salamon\" - rarit\u00e0 isopodica con affascinanti variazioni di colore<\/span><\/strong><\/span><\/h3>\n<p class=\"p1\"><span class=\"s1\">Il  <\/span><strong><span class=\"s2\">Cubaris spec. \"Salamon\"<\/span><\/strong><span class=\"s1\">  \u00e8 una specie ancora relativamente nuova e rara nell&#8217;hobby del terrario e sta diventando sempre pi\u00f9 popolare tra i collezionisti e gli appassionati di isopodi. La caratteristica di questa specie \u00e8 la grande   <\/span><span class=\"s2\">Variet\u00e0 di colori<\/span><span class=\"s1\">All&#8217;interno di una colonia troverai animali di colori diversi, che possono variare dal marrone chiaro all&#8217;arancione fino a forti tonalit\u00e0 di viola. Questo rende ogni terrario vivace e unico, poich\u00e9 non esistono due isopodi uguali. <\/span><\/p>\n<p class=\"p1\"><span class=\"s1\">Come per molte <\/span><span class=\"s2\">specie di Cubaris<\/span><span class=\"s1\">  In genere, gli animali possono raggomitolarsi completamente in caso di pericolo. Questo comportamento non solo li protegge in natura, ma li rende anche interessanti da osservare nel terrario. Con una dimensione di circa 1,6 centimetri, sono ben visibili senza apparire troppo dominanti nell&#8217;immagine complessiva.  <\/span><\/p>\n<p class=\"p1\"><span class=\"s1\">La postura mostra  <strong><span class=\"s2\">Cubaris spec. \"Salamon\"<\/span><\/strong>  relativamente robusta, ma richiede un  <\/span><span class=\"s2\">terrario tropicale-umido<\/span><span class=\"s1\">  con molti nascondigli. Un substrato composto da terra di bosco, muschio, legno bianco marcio e molte foglie \u00e8 l&#8217;ideale perch\u00e9 fornisce sia cibo che protezione. \u00c8 importante che il substrato sia costantemente umido, ma che non si impregni d&#8217;acqua. Gli animali si sentono particolarmente a loro agio quando nel terrario ci sono diverse zone di umidit\u00e0: aree umide per nascondersi e angoli pi\u00f9 asciutti per la muta.   <\/span><\/p>\n<p class=\"p1\"><span class=\"s1\">La dieta di questi animali non \u00e8 complicata. Oltre alle foglie morte e al legno, amano mangiare verdure e isopodi. Come per tutte le cocciniglie, un    <\/span><span class=\"s2\">una fonte di calcio<\/span><span class=\"s1\"> come il guscio di seppia o la polvere di calce, in modo che gli animali possano costruire in modo ottimale il loro carapace.<\/span><\/p>\n<p class=\"p1\"><span class=\"s1\"><strong><span class=\"s2\">Cubaris spec. \"Salamon\"<\/span><\/strong>  \u00e8 interessante non solo per la sua funzione di riciclatore di residui e di polizia del suolo, ma soprattutto per il suo  <\/span><span class=\"s2\">straordinarie variazioni di colore<\/span><span class=\"s1\">. Ogni colonia sviluppa un proprio gioco di colori che rende particolarmente attraente la conservazione di questi isopodi. Quindi, se vuoi arricchire il tuo terrario con una specie di isopode rara, visivamente emozionante e allo stesso tempo utile, questa \u00e8 una scelta eccellente. <\/span><\/p>\n","protected":false},"excerpt":{"rendered":"<p>Cubaris spec. \"Salamon\" - rarit\u00e0 isopodica con affascinanti variazioni di colore Il Cubaris spec. \"Salamon\" \u00e8 una specie ancora relativamente nuova e rara nell&#8217;hobby del terrario e sta diventando sempre pi\u00f9 popolare tra i collezionisti e gli appassionati di isopodi. La caratteristica di questa specie \u00e8 la grande Variet\u00e0 di coloriAll&#8217;interno di una colonia troverai [&hellip;]<\/p>\n","protected":false},"featured_media":189104,"template":"","meta":{"_acf_changed":false},"product-supplier":[],"product_brand":[],"product_cat":[2841,2788],"product_tag":[],"lce-checkout-addons":[2746],"class_list":{"0":"post-189103","1":"product","2":"type-product","3":"status-publish","4":"has-post-thumbnail","6":"product_cat-isopodi-colorati-tropicali-cubaris","7":"product_cat-woodlice","8":"product_shipping_class-spedizione-di-animali","9":"pa_herkunft-thailandia","10":"pa_kontinent-asia","11":"lce-checkout-addons-imballaggio-invernale","13":"first","14":"instock","15":"taxable","16":"shipping-taxable","17":"purchasable","18":"product-type-simple"},"acf":[],"yoast_head":"<!-- This site is optimized with the Yoast SEO Premium plugin v26.8 (Yoast SEO v27.3) - https:\/\/yoast.com\/product\/yoast-seo-premium-wordpress\/ -->\n<title>Cubaris spec. &quot;Salamon&quot; - Insektenliebe<\/title>\n<meta name=\"description\" content=\"Cubaris spec. Acquista &quot;Salamon&quot; - rari isopodi con variazioni di colore uniche. Robusti, utili e un punto di forza per ogni terrario bioattivo.\" \/>\n<meta name=\"robots\" content=\"index, follow, max-snippet:-1, max-image-preview:large, max-video-preview:-1\" \/>\n<link rel=\"canonical\" href=\"https:\/\/insektenliebe.com\/it\/shop\/prodotto\/cubaris-spec-salamon\/\" \/>\n<meta property=\"og:locale\" content=\"it_IT\" \/>\n<meta property=\"og:type\" content=\"article\" \/>\n<meta property=\"og:title\" content=\"Cubaris spec. &quot;Salamon&quot;\" \/>\n<meta property=\"og:description\" content=\"Cubaris spec. Acquista &quot;Salamon&quot; - rari isopodi con variazioni di colore uniche. Robusti, utili e un punto di forza per ogni terrario bioattivo.\" \/>\n<meta property=\"og:url\" content=\"https:\/\/insektenliebe.com\/it\/shop\/prodotto\/cubaris-spec-salamon\/\" \/>\n<meta property=\"og:site_name\" content=\"Insektenliebe\" \/>\n<meta property=\"og:image\" content=\"https:\/\/insektenliebe.com\/wp-content\/uploads\/2025\/08\/Cubaris-spec.-22Salamon22.jpg\" \/>\n\t<meta property=\"og:image:width\" content=\"820\" \/>\n\t<meta property=\"og:image:height\" content=\"820\" \/>\n\t<meta property=\"og:image:type\" content=\"image\/jpeg\" \/>\n<meta name=\"twitter:card\" content=\"summary_large_image\" \/>\n<meta name=\"twitter:label1\" content=\"Prezzo\" \/>\n\t<meta name=\"twitter:data1\" content=\"4,00&nbsp;&euro; IVA incl., + spese di sped.\" \/>\n\t<meta name=\"twitter:label2\" content=\"Disponibilit\u00e0\" \/>\n\t<meta name=\"twitter:data2\" content=\"In stock\" \/>\n<script type=\"application\/ld+json\" class=\"yoast-schema-graph\">{\"@context\":\"https:\\\/\\\/schema.org\",\"@graph\":[{\"@type\":\"WebPage\",\"@id\":\"https:\\\/\\\/insektenliebe.com\\\/it\\\/shop\\\/prodotto\\\/cubaris-spec-salamon\\\/\",\"url\":\"https:\\\/\\\/insektenliebe.com\\\/it\\\/shop\\\/prodotto\\\/cubaris-spec-salamon\\\/\",\"name\":\"Cubaris spec. \\\"Salamon\\\" - Insektenliebe\",\"isPartOf\":{\"@id\":\"https:\\\/\\\/insektenliebe.com\\\/it\\\/#website\"},\"primaryImageOfPage\":{\"@id\":\"https:\\\/\\\/insektenliebe.com\\\/it\\\/shop\\\/prodotto\\\/cubaris-spec-salamon\\\/#primaryimage\"},\"image\":{\"@id\":\"https:\\\/\\\/insektenliebe.com\\\/it\\\/shop\\\/prodotto\\\/cubaris-spec-salamon\\\/#primaryimage\"},\"thumbnailUrl\":\"https:\\\/\\\/insektenliebe.com\\\/wp-content\\\/uploads\\\/2025\\\/08\\\/Cubaris-spec.-22Salamon22.jpg\",\"datePublished\":\"2025-08-16T09:59:00+00:00\",\"description\":\"Cubaris spec. Acquista \\\"Salamon\\\" - rari isopodi con variazioni di colore uniche. Robusti, utili e un punto di forza per ogni terrario bioattivo.\",\"breadcrumb\":{\"@id\":\"https:\\\/\\\/insektenliebe.com\\\/it\\\/shop\\\/prodotto\\\/cubaris-spec-salamon\\\/#breadcrumb\"},\"inLanguage\":\"it-IT\",\"potentialAction\":[{\"@type\":\"ReadAction\",\"target\":[\"https:\\\/\\\/insektenliebe.com\\\/it\\\/shop\\\/prodotto\\\/cubaris-spec-salamon\\\/\"]}]},{\"@type\":\"ImageObject\",\"inLanguage\":\"it-IT\",\"@id\":\"https:\\\/\\\/insektenliebe.com\\\/it\\\/shop\\\/prodotto\\\/cubaris-spec-salamon\\\/#primaryimage\",\"url\":\"https:\\\/\\\/insektenliebe.com\\\/wp-content\\\/uploads\\\/2025\\\/08\\\/Cubaris-spec.-22Salamon22.jpg\",\"contentUrl\":\"https:\\\/\\\/insektenliebe.com\\\/wp-content\\\/uploads\\\/2025\\\/08\\\/Cubaris-spec.-22Salamon22.jpg\",\"width\":820,\"height\":820,\"caption\":\"Cubaris spec. \\\"Salamon\\\"\"},{\"@type\":\"BreadcrumbList\",\"@id\":\"https:\\\/\\\/insektenliebe.com\\\/it\\\/shop\\\/prodotto\\\/cubaris-spec-salamon\\\/#breadcrumb\",\"itemListElement\":[{\"@type\":\"ListItem\",\"position\":1,\"name\":\"Startseite\",\"item\":\"https:\\\/\\\/insektenliebe.com\\\/it\\\/\"},{\"@type\":\"ListItem\",\"position\":2,\"name\":\"Negozio\",\"item\":\"https:\\\/\\\/insektenliebe.com\\\/it\\\/negozio\\\/\"},{\"@type\":\"ListItem\",\"position\":3,\"name\":\"Cubaris spec. &#8220;Salamon&#8221;\"}]},{\"@type\":\"WebSite\",\"@id\":\"https:\\\/\\\/insektenliebe.com\\\/it\\\/#website\",\"url\":\"https:\\\/\\\/insektenliebe.com\\\/it\\\/\",\"name\":\"Insektenliebe\",\"description\":\"Dein Zuhause f\u00fcr die kleinen Lebewesen\",\"publisher\":{\"@id\":\"https:\\\/\\\/insektenliebe.com\\\/it\\\/#organization\"},\"potentialAction\":[{\"@type\":\"SearchAction\",\"target\":{\"@type\":\"EntryPoint\",\"urlTemplate\":\"https:\\\/\\\/insektenliebe.com\\\/it\\\/?s={search_term_string}\"},\"query-input\":{\"@type\":\"PropertyValueSpecification\",\"valueRequired\":true,\"valueName\":\"search_term_string\"}}],\"inLanguage\":\"it-IT\"},{\"@type\":\"Organization\",\"@id\":\"https:\\\/\\\/insektenliebe.com\\\/it\\\/#organization\",\"name\":\"Insektenliebe\",\"url\":\"https:\\\/\\\/insektenliebe.com\\\/it\\\/\",\"logo\":{\"@type\":\"ImageObject\",\"inLanguage\":\"it-IT\",\"@id\":\"https:\\\/\\\/insektenliebe.com\\\/it\\\/#\\\/schema\\\/logo\\\/image\\\/\",\"url\":\"https:\\\/\\\/insektenliebe.com\\\/wp-content\\\/uploads\\\/2025\\\/03\\\/logo-white.png\",\"contentUrl\":\"https:\\\/\\\/insektenliebe.com\\\/wp-content\\\/uploads\\\/2025\\\/03\\\/logo-white.png\",\"width\":288,\"height\":188,\"caption\":\"Insektenliebe\"},\"image\":{\"@id\":\"https:\\\/\\\/insektenliebe.com\\\/it\\\/#\\\/schema\\\/logo\\\/image\\\/\"}}]}<\/script>\n<meta property=\"product:price:amount\" content=\"4.00\" \/>\n<meta property=\"product:price:currency\" content=\"EUR\" \/>\n<meta property=\"og:availability\" content=\"instock\" \/>\n<meta property=\"product:availability\" content=\"instock\" \/>\n<meta property=\"product:retailer_item_id\" content=\"718\" \/>\n<meta property=\"product:condition\" content=\"new\" \/>\n<!-- \/ Yoast SEO Premium plugin. -->","yoast_head_json":{"title":"Cubaris spec. \"Salamon\" - Insektenliebe","description":"Cubaris spec. Acquista \"Salamon\" - rari isopodi con variazioni di colore uniche. Robusti, utili e un punto di forza per ogni terrario bioattivo.","robots":{"index":"index","follow":"follow","max-snippet":"max-snippet:-1","max-image-preview":"max-image-preview:large","max-video-preview":"max-video-preview:-1"},"canonical":"https:\/\/insektenliebe.com\/it\/shop\/prodotto\/cubaris-spec-salamon\/","og_locale":"it_IT","og_type":"article","og_title":"Cubaris spec. \"Salamon\"","og_description":"Cubaris spec. Acquista \"Salamon\" - rari isopodi con variazioni di colore uniche. Robusti, utili e un punto di forza per ogni terrario bioattivo.","og_url":"https:\/\/insektenliebe.com\/it\/shop\/prodotto\/cubaris-spec-salamon\/","og_site_name":"Insektenliebe","og_image":[{"width":820,"height":820,"url":"https:\/\/insektenliebe.com\/wp-content\/uploads\/2025\/08\/Cubaris-spec.-22Salamon22.jpg","type":"image\/jpeg"}],"twitter_card":"summary_large_image","twitter_misc":{"Prezzo":"4,00&nbsp;&euro; IVA incl., + spese di sped.","Disponibilit\u00e0":"In stock"},"schema":{"@context":"https:\/\/schema.org","@graph":[{"@type":"WebPage","@id":"https:\/\/insektenliebe.com\/it\/shop\/prodotto\/cubaris-spec-salamon\/","url":"https:\/\/insektenliebe.com\/it\/shop\/prodotto\/cubaris-spec-salamon\/","name":"Cubaris spec. \"Salamon\" - Insektenliebe","isPartOf":{"@id":"https:\/\/insektenliebe.com\/it\/#website"},"primaryImageOfPage":{"@id":"https:\/\/insektenliebe.com\/it\/shop\/prodotto\/cubaris-spec-salamon\/#primaryimage"},"image":{"@id":"https:\/\/insektenliebe.com\/it\/shop\/prodotto\/cubaris-spec-salamon\/#primaryimage"},"thumbnailUrl":"https:\/\/insektenliebe.com\/wp-content\/uploads\/2025\/08\/Cubaris-spec.-22Salamon22.jpg","datePublished":"2025-08-16T09:59:00+00:00","description":"Cubaris spec. Acquista \"Salamon\" - rari isopodi con variazioni di colore uniche. Robusti, utili e un punto di forza per ogni terrario bioattivo.","breadcrumb":{"@id":"https:\/\/insektenliebe.com\/it\/shop\/prodotto\/cubaris-spec-salamon\/#breadcrumb"},"inLanguage":"it-IT","potentialAction":[{"@type":"ReadAction","target":["https:\/\/insektenliebe.com\/it\/shop\/prodotto\/cubaris-spec-salamon\/"]}]},{"@type":"ImageObject","inLanguage":"it-IT","@id":"https:\/\/insektenliebe.com\/it\/shop\/prodotto\/cubaris-spec-salamon\/#primaryimage","url":"https:\/\/insektenliebe.com\/wp-content\/uploads\/2025\/08\/Cubaris-spec.-22Salamon22.jpg","contentUrl":"https:\/\/insektenliebe.com\/wp-content\/uploads\/2025\/08\/Cubaris-spec.-22Salamon22.jpg","width":820,"height":820,"caption":"Cubaris spec. \"Salamon\""},{"@type":"BreadcrumbList","@id":"https:\/\/insektenliebe.com\/it\/shop\/prodotto\/cubaris-spec-salamon\/#breadcrumb","itemListElement":[{"@type":"ListItem","position":1,"name":"Startseite","item":"https:\/\/insektenliebe.com\/it\/"},{"@type":"ListItem","position":2,"name":"Negozio","item":"https:\/\/insektenliebe.com\/it\/negozio\/"},{"@type":"ListItem","position":3,"name":"Cubaris spec. &#8220;Salamon&#8221;"}]},{"@type":"WebSite","@id":"https:\/\/insektenliebe.com\/it\/#website","url":"https:\/\/insektenliebe.com\/it\/","name":"Insektenliebe","description":"Dein Zuhause f\u00fcr die kleinen Lebewesen","publisher":{"@id":"https:\/\/insektenliebe.com\/it\/#organization"},"potentialAction":[{"@type":"SearchAction","target":{"@type":"EntryPoint","urlTemplate":"https:\/\/insektenliebe.com\/it\/?s={search_term_string}"},"query-input":{"@type":"PropertyValueSpecification","valueRequired":true,"valueName":"search_term_string"}}],"inLanguage":"it-IT"},{"@type":"Organization","@id":"https:\/\/insektenliebe.com\/it\/#organization","name":"Insektenliebe","url":"https:\/\/insektenliebe.com\/it\/","logo":{"@type":"ImageObject","inLanguage":"it-IT","@id":"https:\/\/insektenliebe.com\/it\/#\/schema\/logo\/image\/","url":"https:\/\/insektenliebe.com\/wp-content\/uploads\/2025\/03\/logo-white.png","contentUrl":"https:\/\/insektenliebe.com\/wp-content\/uploads\/2025\/03\/logo-white.png","width":288,"height":188,"caption":"Insektenliebe"},"image":{"@id":"https:\/\/insektenliebe.com\/it\/#\/schema\/logo\/image\/"}}]},"product_price_amount":"4.00","product_price_currency":"EUR","og_availability":"instock","product_availability":"instock","product_retailer_item_id":"718","product_condition":"new"},"_links":{"self":[{"href":"https:\/\/insektenliebe.com\/it\/wp-json\/wp\/v2\/product\/189103","targetHints":{"allow":["GET"]}}],"collection":[{"href":"https:\/\/insektenliebe.com\/it\/wp-json\/wp\/v2\/product"}],"about":[{"href":"https:\/\/insektenliebe.com\/it\/wp-json\/wp\/v2\/types\/product"}],"wp:featuredmedia":[{"embeddable":true,"href":"https:\/\/insektenliebe.com\/it\/wp-json\/wp\/v2\/media\/189104"}],"wp:attachment":[{"href":"https:\/\/insektenliebe.com\/it\/wp-json\/wp\/v2\/media?parent=189103"}],"wp:term":[{"taxonomy":"product-supplier","embeddable":true,"href":"https:\/\/insektenliebe.com\/it\/wp-json\/wp\/v2\/product-supplier?post=189103"},{"taxonomy":"product_brand","embeddable":true,"href":"https:\/\/insektenliebe.com\/it\/wp-json\/wp\/v2\/product_brand?post=189103"},{"taxonomy":"product_cat","embeddable":true,"href":"https:\/\/insektenliebe.com\/it\/wp-json\/wp\/v2\/product_cat?post=189103"},{"taxonomy":"product_tag","embeddable":true,"href":"https:\/\/insektenliebe.com\/it\/wp-json\/wp\/v2\/product_tag?post=189103"},{"taxonomy":"lce-checkout-addons","embeddable":true,"href":"https:\/\/insektenliebe.com\/it\/wp-json\/wp\/v2\/lce-checkout-addons?post=189103"}],"curies":[{"name":"wp","href":"https:\/\/api.w.org\/{rel}","templated":true}]}}