{"id":189092,"date":"2025-08-06T21:28:11","date_gmt":"2025-08-06T19:28:11","guid":{"rendered":"https:\/\/insektenliebe.com\/shop\/produkt\/hyllus-cf-vietnamensis\/"},"modified":"2025-08-06T21:28:11","modified_gmt":"2025-08-06T19:28:11","slug":"hyllus-cf-vietnamensis","status":"publish","type":"product","link":"https:\/\/insektenliebe.com\/it\/shop\/prodotto\/hyllus-cf-vietnamensis\/","title":{"rendered":"Hyllus cf. vietnamensis"},"content":{"rendered":"<h3 data-start=\"0\" data-end=\"72\"><span style=\"color: #99cc33\"><strong><span class=\"s1\">Hyllus cf. vietnamensis - Agile artista del salto con un affascinante sviluppo dei colori <\/span><\/strong><\/span><\/h3>\n<p class=\"p1\"><span class=\"s1\">Il  <strong>Hyllus cf. vietnamensis <\/strong>  \u00e8 uno straordinario ragno saltatore che colpisce sia per il suo aspetto che per la sua impressionante potenza di salto. Le sue esigenze di temperatura e umidit\u00e0 sono simili a quelle dell&#8217;Hyllus diardi: un clima caldo e leggermente umido \u00e8 l&#8217;ideale. Per questa specie \u00e8 fondamentale un allestimento quasi naturale con piante vere come l&#8217;edera o altre piante robuste e rampicanti. Queste non solo forniscono un microclima stabile, ma anche un ambiente naturale in cui il ragno pu\u00f2 mostrare tutta la sua gamma di comportamenti.   <\/span><\/p>\n<p class=\"p1\"><span class=\"s1\">Rispetto a specie come Hyllus diardi, Hyllus giganteus o Hyllus walckenaeri, il rimbalzo del  <strong>Hyllus cf. vietnamensis <\/strong>  ancora pi\u00f9 pronunciata. I loro salti lunghi e precisi ne fanno un cacciatore attivo che si sposta da un punto all&#8217;altro alla velocit\u00e0 della luce: un comportamento emozionante che pu\u00f2 essere osservato in modo particolarmente impressionante in un terrario ben strutturato. <\/span><\/p>\n<p class=\"p1\"><span class=\"s1\">Questa specie \u00e8 un fiore all&#8217;occhiello anche dal punto di vista estetico. Mentre le femmine adulte assomigliano allo stadio subadulto e colpiscono per la finezza del disegno e l&#8217;armonia dei toni di colore, i maschi si trasformano con il tempo in vere e proprie gemme: Sviluppano un riflesso verde metallico che, in combinazione con le marcature, d\u00e0 vita a uno spettacolare gioco di colori. <\/span><\/p>\n<p class=\"p1\"><span class=\"s1\">Il  <strong>Hyllus cf. vietnamensis <\/strong>  \u00e8 quindi interessante non solo per gli amanti delle rare specie di ragni saltatori, ma anche per i custodi che amano una specie attiva, molto visibile e colorata. Con un arredamento adeguato, piante vere e un terrario che offra un&#8217;altezza e una struttura sufficienti, il comportamento naturale di questo ragno saltatore pu\u00f2 essere osservato e apprezzato in modo ottimale. <\/span><\/p>\n<p class=\"p1\"><span class=\"s1\">L&#8217;aggiunta <\/span><span class=\"s2\">\"cf.\"<\/span><span class=\"s1\"> nel nome scientifico sta per <\/span><span class=\"s3\">conferire<\/span><span class=\"s1\">  e si usa quando un animale assomiglia molto a una specie conosciuta ma la sua identificazione definitiva non \u00e8 ancora certa. Con   <\/span><strong><span class=\"s2\">Hyllus cf. vietnamensis <\/span><\/strong> <span class=\"s1\"> questo significa che il ragno \u00e8 simile per aspetto, comportamento e condizioni di allevamento alla specie descritta <\/span><span class=\"s3\">Hyllus vietnamensis<\/span><span class=\"s1\">  ma potrebbero esserci ancora piccole differenze. Questa informazione \u00e8 particolarmente importante nel commercio e nell&#8217;allevamento per chiarire che si tratta di una specie strettamente imparentata ma non definitivamente identificata. <\/span><\/p>\n<p><strong>Prima prole europea!<\/strong><\/p>\n","protected":false},"excerpt":{"rendered":"<p>Hyllus cf. vietnamensis - Agile artista del salto con un affascinante sviluppo dei colori Il Hyllus cf. vietnamensis \u00e8 uno straordinario ragno saltatore che colpisce sia per il suo aspetto che per la sua impressionante potenza di salto. Le sue esigenze di temperatura e umidit\u00e0 sono simili a quelle dell&#8217;Hyllus diardi: un clima caldo e [&hellip;]<\/p>\n","protected":false},"featured_media":187543,"template":"","meta":{"_acf_changed":false},"product-supplier":[],"product_brand":[],"product_cat":[2809,2808],"product_tag":[],"lce-checkout-addons":[2746],"class_list":{"0":"post-189092","1":"product","2":"type-product","3":"status-publish","4":"has-post-thumbnail","6":"product_cat-ragni","7":"product_cat-ragni-che-saltano","8":"product_shipping_class-spedizione-di-animali","9":"pa_geschlecht-donna","10":"pa_geschlecht-indeterminato","11":"pa_geschlecht-uomo","12":"pa_herkunft-vietnam","13":"pa_kontinent-asia","14":"lce-checkout-addons-imballaggio-invernale","16":"first","17":"outofstock","18":"sale","19":"taxable","20":"shipping-taxable","21":"purchasable","22":"product-type-variable","23":"has-default-attributes"},"acf":[],"yoast_head":"<!-- This site is optimized with the Yoast SEO plugin v27.3 - https:\/\/yoast.com\/product\/yoast-seo-wordpress\/ -->\n<title>Hyllus cf. vietnamensis - Insektenliebe<\/title>\n<meta name=\"description\" content=\"Hyllus cf. vietnamensis - impressionante ragno saltatore con un&#039;intensa forza di salto, maschi di colore verde metallico e una naturale predilezione per le piante.\" \/>\n<meta name=\"robots\" content=\"index, follow, max-snippet:-1, max-image-preview:large, max-video-preview:-1\" \/>\n<link rel=\"canonical\" href=\"https:\/\/insektenliebe.com\/it\/shop\/prodotto\/hyllus-cf-vietnamensis\/\" \/>\n<meta property=\"og:locale\" content=\"it_IT\" \/>\n<meta property=\"og:type\" content=\"article\" \/>\n<meta property=\"og:title\" content=\"Hyllus cf. vietnamensis - Insektenliebe\" \/>\n<meta property=\"og:description\" content=\"Hyllus cf. vietnamensis - impressionante ragno saltatore con un&#039;intensa forza di salto, maschi di colore verde metallico e una naturale predilezione per le piante.\" \/>\n<meta property=\"og:url\" content=\"https:\/\/insektenliebe.com\/it\/shop\/prodotto\/hyllus-cf-vietnamensis\/\" \/>\n<meta property=\"og:site_name\" content=\"Insektenliebe\" \/>\n<meta property=\"og:image\" content=\"https:\/\/insektenliebe.com\/wp-content\/uploads\/2025\/08\/Hyllus-cf.-vietnamensis-Seite.jpg\" \/>\n\t<meta property=\"og:image:width\" content=\"820\" \/>\n\t<meta property=\"og:image:height\" content=\"820\" \/>\n\t<meta property=\"og:image:type\" content=\"image\/jpeg\" \/>\n<meta name=\"twitter:card\" content=\"summary_large_image\" \/>\n<meta name=\"twitter:label1\" content=\"Tempo di lettura stimato\" \/>\n\t<meta name=\"twitter:data1\" content=\"2 minuto\" \/>\n<script type=\"application\/ld+json\" class=\"yoast-schema-graph\">{\"@context\":\"https:\\\/\\\/schema.org\",\"@graph\":[{\"@type\":\"WebPage\",\"@id\":\"https:\\\/\\\/insektenliebe.com\\\/it\\\/shop\\\/prodotto\\\/hyllus-cf-vietnamensis\\\/\",\"url\":\"https:\\\/\\\/insektenliebe.com\\\/it\\\/shop\\\/prodotto\\\/hyllus-cf-vietnamensis\\\/\",\"name\":\"Hyllus cf. vietnamensis - Insektenliebe\",\"isPartOf\":{\"@id\":\"https:\\\/\\\/insektenliebe.com\\\/it\\\/#website\"},\"primaryImageOfPage\":{\"@id\":\"https:\\\/\\\/insektenliebe.com\\\/it\\\/shop\\\/prodotto\\\/hyllus-cf-vietnamensis\\\/#primaryimage\"},\"image\":{\"@id\":\"https:\\\/\\\/insektenliebe.com\\\/it\\\/shop\\\/prodotto\\\/hyllus-cf-vietnamensis\\\/#primaryimage\"},\"thumbnailUrl\":\"https:\\\/\\\/insektenliebe.com\\\/wp-content\\\/uploads\\\/2025\\\/08\\\/Hyllus-cf.-vietnamensis-Seite.jpg\",\"datePublished\":\"2025-08-06T19:28:11+00:00\",\"description\":\"Hyllus cf. vietnamensis - impressionante ragno saltatore con un'intensa forza di salto, maschi di colore verde metallico e una naturale predilezione per le piante.\",\"breadcrumb\":{\"@id\":\"https:\\\/\\\/insektenliebe.com\\\/it\\\/shop\\\/prodotto\\\/hyllus-cf-vietnamensis\\\/#breadcrumb\"},\"inLanguage\":\"it-IT\",\"potentialAction\":[{\"@type\":\"ReadAction\",\"target\":[\"https:\\\/\\\/insektenliebe.com\\\/it\\\/shop\\\/prodotto\\\/hyllus-cf-vietnamensis\\\/\"]}]},{\"@type\":\"ImageObject\",\"inLanguage\":\"it-IT\",\"@id\":\"https:\\\/\\\/insektenliebe.com\\\/it\\\/shop\\\/prodotto\\\/hyllus-cf-vietnamensis\\\/#primaryimage\",\"url\":\"https:\\\/\\\/insektenliebe.com\\\/wp-content\\\/uploads\\\/2025\\\/08\\\/Hyllus-cf.-vietnamensis-Seite.jpg\",\"contentUrl\":\"https:\\\/\\\/insektenliebe.com\\\/wp-content\\\/uploads\\\/2025\\\/08\\\/Hyllus-cf.-vietnamensis-Seite.jpg\",\"width\":820,\"height\":820,\"caption\":\"Hyllus cf. vietnamensis- Pagina\"},{\"@type\":\"BreadcrumbList\",\"@id\":\"https:\\\/\\\/insektenliebe.com\\\/it\\\/shop\\\/prodotto\\\/hyllus-cf-vietnamensis\\\/#breadcrumb\",\"itemListElement\":[{\"@type\":\"ListItem\",\"position\":1,\"name\":\"Startseite\",\"item\":\"https:\\\/\\\/insektenliebe.com\\\/it\\\/\"},{\"@type\":\"ListItem\",\"position\":2,\"name\":\"Negozio\",\"item\":\"https:\\\/\\\/insektenliebe.com\\\/it\\\/negozio\\\/\"},{\"@type\":\"ListItem\",\"position\":3,\"name\":\"Hyllus cf. vietnamensis\"}]},{\"@type\":\"WebSite\",\"@id\":\"https:\\\/\\\/insektenliebe.com\\\/it\\\/#website\",\"url\":\"https:\\\/\\\/insektenliebe.com\\\/it\\\/\",\"name\":\"Insektenliebe\",\"description\":\"Dein Zuhause f\u00fcr die kleinen Lebewesen\",\"publisher\":{\"@id\":\"https:\\\/\\\/insektenliebe.com\\\/it\\\/#organization\"},\"potentialAction\":[{\"@type\":\"SearchAction\",\"target\":{\"@type\":\"EntryPoint\",\"urlTemplate\":\"https:\\\/\\\/insektenliebe.com\\\/it\\\/?s={search_term_string}\"},\"query-input\":{\"@type\":\"PropertyValueSpecification\",\"valueRequired\":true,\"valueName\":\"search_term_string\"}}],\"inLanguage\":\"it-IT\"},{\"@type\":\"Organization\",\"@id\":\"https:\\\/\\\/insektenliebe.com\\\/it\\\/#organization\",\"name\":\"Insektenliebe\",\"url\":\"https:\\\/\\\/insektenliebe.com\\\/it\\\/\",\"logo\":{\"@type\":\"ImageObject\",\"inLanguage\":\"it-IT\",\"@id\":\"https:\\\/\\\/insektenliebe.com\\\/it\\\/#\\\/schema\\\/logo\\\/image\\\/\",\"url\":\"https:\\\/\\\/insektenliebe.com\\\/wp-content\\\/uploads\\\/2025\\\/03\\\/logo-white.png\",\"contentUrl\":\"https:\\\/\\\/insektenliebe.com\\\/wp-content\\\/uploads\\\/2025\\\/03\\\/logo-white.png\",\"width\":288,\"height\":188,\"caption\":\"Insektenliebe\"},\"image\":{\"@id\":\"https:\\\/\\\/insektenliebe.com\\\/it\\\/#\\\/schema\\\/logo\\\/image\\\/\"}}]}<\/script>\n<!-- \/ Yoast SEO plugin. -->","yoast_head_json":{"title":"Hyllus cf. vietnamensis - Insektenliebe","description":"Hyllus cf. vietnamensis - impressionante ragno saltatore con un'intensa forza di salto, maschi di colore verde metallico e una naturale predilezione per le piante.","robots":{"index":"index","follow":"follow","max-snippet":"max-snippet:-1","max-image-preview":"max-image-preview:large","max-video-preview":"max-video-preview:-1"},"canonical":"https:\/\/insektenliebe.com\/it\/shop\/prodotto\/hyllus-cf-vietnamensis\/","og_locale":"it_IT","og_type":"article","og_title":"Hyllus cf. vietnamensis - Insektenliebe","og_description":"Hyllus cf. vietnamensis - impressionante ragno saltatore con un'intensa forza di salto, maschi di colore verde metallico e una naturale predilezione per le piante.","og_url":"https:\/\/insektenliebe.com\/it\/shop\/prodotto\/hyllus-cf-vietnamensis\/","og_site_name":"Insektenliebe","og_image":[{"width":820,"height":820,"url":"https:\/\/insektenliebe.com\/wp-content\/uploads\/2025\/08\/Hyllus-cf.-vietnamensis-Seite.jpg","type":"image\/jpeg"}],"twitter_card":"summary_large_image","twitter_misc":{"Tempo di lettura stimato":"2 minuto"},"schema":{"@context":"https:\/\/schema.org","@graph":[{"@type":"WebPage","@id":"https:\/\/insektenliebe.com\/it\/shop\/prodotto\/hyllus-cf-vietnamensis\/","url":"https:\/\/insektenliebe.com\/it\/shop\/prodotto\/hyllus-cf-vietnamensis\/","name":"Hyllus cf. vietnamensis - Insektenliebe","isPartOf":{"@id":"https:\/\/insektenliebe.com\/it\/#website"},"primaryImageOfPage":{"@id":"https:\/\/insektenliebe.com\/it\/shop\/prodotto\/hyllus-cf-vietnamensis\/#primaryimage"},"image":{"@id":"https:\/\/insektenliebe.com\/it\/shop\/prodotto\/hyllus-cf-vietnamensis\/#primaryimage"},"thumbnailUrl":"https:\/\/insektenliebe.com\/wp-content\/uploads\/2025\/08\/Hyllus-cf.-vietnamensis-Seite.jpg","datePublished":"2025-08-06T19:28:11+00:00","description":"Hyllus cf. vietnamensis - impressionante ragno saltatore con un'intensa forza di salto, maschi di colore verde metallico e una naturale predilezione per le piante.","breadcrumb":{"@id":"https:\/\/insektenliebe.com\/it\/shop\/prodotto\/hyllus-cf-vietnamensis\/#breadcrumb"},"inLanguage":"it-IT","potentialAction":[{"@type":"ReadAction","target":["https:\/\/insektenliebe.com\/it\/shop\/prodotto\/hyllus-cf-vietnamensis\/"]}]},{"@type":"ImageObject","inLanguage":"it-IT","@id":"https:\/\/insektenliebe.com\/it\/shop\/prodotto\/hyllus-cf-vietnamensis\/#primaryimage","url":"https:\/\/insektenliebe.com\/wp-content\/uploads\/2025\/08\/Hyllus-cf.-vietnamensis-Seite.jpg","contentUrl":"https:\/\/insektenliebe.com\/wp-content\/uploads\/2025\/08\/Hyllus-cf.-vietnamensis-Seite.jpg","width":820,"height":820,"caption":"Hyllus cf. vietnamensis- Pagina"},{"@type":"BreadcrumbList","@id":"https:\/\/insektenliebe.com\/it\/shop\/prodotto\/hyllus-cf-vietnamensis\/#breadcrumb","itemListElement":[{"@type":"ListItem","position":1,"name":"Startseite","item":"https:\/\/insektenliebe.com\/it\/"},{"@type":"ListItem","position":2,"name":"Negozio","item":"https:\/\/insektenliebe.com\/it\/negozio\/"},{"@type":"ListItem","position":3,"name":"Hyllus cf. vietnamensis"}]},{"@type":"WebSite","@id":"https:\/\/insektenliebe.com\/it\/#website","url":"https:\/\/insektenliebe.com\/it\/","name":"Insektenliebe","description":"Dein Zuhause f\u00fcr die kleinen Lebewesen","publisher":{"@id":"https:\/\/insektenliebe.com\/it\/#organization"},"potentialAction":[{"@type":"SearchAction","target":{"@type":"EntryPoint","urlTemplate":"https:\/\/insektenliebe.com\/it\/?s={search_term_string}"},"query-input":{"@type":"PropertyValueSpecification","valueRequired":true,"valueName":"search_term_string"}}],"inLanguage":"it-IT"},{"@type":"Organization","@id":"https:\/\/insektenliebe.com\/it\/#organization","name":"Insektenliebe","url":"https:\/\/insektenliebe.com\/it\/","logo":{"@type":"ImageObject","inLanguage":"it-IT","@id":"https:\/\/insektenliebe.com\/it\/#\/schema\/logo\/image\/","url":"https:\/\/insektenliebe.com\/wp-content\/uploads\/2025\/03\/logo-white.png","contentUrl":"https:\/\/insektenliebe.com\/wp-content\/uploads\/2025\/03\/logo-white.png","width":288,"height":188,"caption":"Insektenliebe"},"image":{"@id":"https:\/\/insektenliebe.com\/it\/#\/schema\/logo\/image\/"}}]}},"_links":{"self":[{"href":"https:\/\/insektenliebe.com\/it\/wp-json\/wp\/v2\/product\/189092","targetHints":{"allow":["GET"]}}],"collection":[{"href":"https:\/\/insektenliebe.com\/it\/wp-json\/wp\/v2\/product"}],"about":[{"href":"https:\/\/insektenliebe.com\/it\/wp-json\/wp\/v2\/types\/product"}],"wp:featuredmedia":[{"embeddable":true,"href":"https:\/\/insektenliebe.com\/it\/wp-json\/wp\/v2\/media\/187543"}],"wp:attachment":[{"href":"https:\/\/insektenliebe.com\/it\/wp-json\/wp\/v2\/media?parent=189092"}],"wp:term":[{"taxonomy":"product-supplier","embeddable":true,"href":"https:\/\/insektenliebe.com\/it\/wp-json\/wp\/v2\/product-supplier?post=189092"},{"taxonomy":"product_brand","embeddable":true,"href":"https:\/\/insektenliebe.com\/it\/wp-json\/wp\/v2\/product_brand?post=189092"},{"taxonomy":"product_cat","embeddable":true,"href":"https:\/\/insektenliebe.com\/it\/wp-json\/wp\/v2\/product_cat?post=189092"},{"taxonomy":"product_tag","embeddable":true,"href":"https:\/\/insektenliebe.com\/it\/wp-json\/wp\/v2\/product_tag?post=189092"},{"taxonomy":"lce-checkout-addons","embeddable":true,"href":"https:\/\/insektenliebe.com\/it\/wp-json\/wp\/v2\/lce-checkout-addons?post=189092"}],"curies":[{"name":"wp","href":"https:\/\/api.w.org\/{rel}","templated":true}]}}