{"id":189076,"date":"2025-09-05T13:44:00","date_gmt":"2025-09-05T11:44:00","guid":{"rendered":"https:\/\/insektenliebe.com\/shop\/produkt\/neoregelia-rubrifolia\/"},"modified":"2025-09-05T13:44:00","modified_gmt":"2025-09-05T11:44:00","slug":"neoregelia-rubrifolia","status":"publish","type":"product","link":"https:\/\/insektenliebe.com\/it\/shop\/prodotto\/neoregelia-rubrifolia\/","title":{"rendered":"Neoregelia rubrifolia"},"content":{"rendered":"<h3><span style=\"color: #99cc33\"><strong><span class=\"s1\">Neoregelia rubrifolia- <\/span><\/strong><\/span><span class=\"s1\" style=\"color: #99cc33\">Bromeliacea tropicale per un terrario dal design quasi naturale<\/span><\/h3>\n<p class=\"p1\"><span class=\"s1\">Il <\/span><strong><span class=\"s2\">Neoregelia rubrifolia<\/span><\/strong><span class=\"s1\">  \u00e8 un&#8217;attraente bromeliacea ideale per la naturalizzazione dei terrari. Le sue foglie allungate di colore verde scuro con intense sfumature rossastre le conferiscono un aspetto particolarmente decorativo che convince sia negli habitat tropicali che subtropicali. Questa specie aggiunge colore al terrario e allo stesso tempo crea un&#8217;autentica atmosfera da foresta pluviale.  <\/span><\/p>\n<p class=\"p1\"><span class=\"s1\">Nel suo habitat naturale, le foreste pluviali umide del Sud America, la <strong><span class=\"s2\">Neoregelia rubrifolia<\/span><\/strong> cresce come pianta appollaiata (epifita) su rami o tronchi, ma pu\u00f2 anche radicare nel substrato. Pu\u00f2 quindi essere utilizzata in modo flessibile nel terrario: pu\u00f2 essere piantata direttamente o attaccata in combinazione con sughero o rami. I suoi fitti imbuti fogliari raccolgono l&#8217;acqua e non sono solo un&#8217;attrazione naturale, ma anche un micro-abbeveratoio per piccoli animali da terrario come gechi, rane o insetti.  <\/span><\/p>\n<p class=\"p1\"><span class=\"s1\">La pianta preferisce un <\/span><span class=\"s2\">un&#8217;intensit\u00e0 luminosa compresa tra 1.000 e 2.000 lumen<\/span><span class=\"s1\">  e sviluppa la sua caratteristica colorazione rossa brillante in presenza di un&#8217;illuminazione sufficiente. Se la luce \u00e8 troppo scarsa, predomina il verde: ecco perch\u00e9 una buona illuminazione \u00e8 fondamentale. <\/span><\/p>\n<p class=\"p1\"><span class=\"s1\">Cos\u00ec che la <strong><span class=\"s2\">Neoregelia rubrifolia<\/span><\/strong> possa svilupparsi in modo ottimale, ha bisogno di un&#8217;umidit\u00e0 <\/span><span class=\"s2\">di umidit\u00e0 del 60-80%<\/span><span class=\"s1\">. Temperature tra  <\/span><span class=\"s2\">22 e 28 \u00b0C<\/span><span class=\"s1\">  durante il giorno e un leggero calo durante la notte creano le condizioni ideali. Pu\u00f2 tollerare una certa fluttuazione, ma non dovrebbe essere esposta in modo permanente a temperature basse. <\/span><\/p>\n<p class=\"p1\"><span class=\"s1\">Con un&#8217;altezza di crescita di circa <\/span><span class=\"s2\">20-30 cm<\/span><span class=\"s1\"> e una larghezza di circa <\/span><span class=\"s2\">20 cm<\/span><span class=\"s1\">  la pianta rimane compatta ed \u00e8 quindi perfetta anche per i terrari della foresta pluviale pi\u00f9 piccoli. Grazie alla sua colorazione vivace e all&#8217;aspetto tropicale, diventa rapidamente l&#8217;elemento centrale del terrario. <\/span><\/p>\n<p class=\"p1\"><span class=\"s1\">Il <strong><span class=\"s2\">Neoregelia rubrifolia <\/span><\/strong><\/span><span class=\"s1\">\u00e8 facile da curare, decorativa e funzionale: una scelta ideale per chi vuole offrire ai propri animali un ambiente vario ed estetico.<\/span><\/p>\n","protected":false},"excerpt":{"rendered":"<p>Neoregelia rubrifolia- Bromeliacea tropicale per un terrario dal design quasi naturale Il Neoregelia rubrifolia \u00e8 un&#8217;attraente bromeliacea ideale per la naturalizzazione dei terrari. Le sue foglie allungate di colore verde scuro con intense sfumature rossastre le conferiscono un aspetto particolarmente decorativo che convince sia negli habitat tropicali che subtropicali. Questa specie aggiunge colore al terrario [&hellip;]<\/p>\n","protected":false},"featured_media":189077,"template":"","meta":{"_acf_changed":false},"product-supplier":[2685],"product_brand":[],"product_cat":[3181],"product_tag":[],"lce-checkout-addons":[2746],"class_list":{"0":"post-189076","1":"product","2":"type-product","3":"status-publish","4":"has-post-thumbnail","6":"product_cat-piante-da-terrario","7":"product_shipping_class-equipment-shipping","8":"pa_herkunft-brasile","9":"lce-checkout-addons-imballaggio-invernale","11":"first","12":"instock","13":"taxable","14":"shipping-taxable","15":"purchasable","16":"product-type-simple"},"acf":[],"yoast_head":"<!-- This site is optimized with the Yoast SEO plugin v27.3 - https:\/\/yoast.com\/product\/yoast-seo-wordpress\/ -->\n<title>Neoregelia rubrifolia - Insektenliebe<\/title>\n<meta name=\"description\" content=\"La Neoregelia rubrifolia colpisce per le sue foglie rosse e verdi, ideali per i terrari tropicali. Facile da curare, decorativa e perfetta per gli allestimenti della foresta pluviale.\" \/>\n<meta name=\"robots\" content=\"index, follow, max-snippet:-1, max-image-preview:large, max-video-preview:-1\" \/>\n<link rel=\"canonical\" href=\"https:\/\/insektenliebe.com\/it\/shop\/prodotto\/neoregelia-rubrifolia\/\" \/>\n<meta property=\"og:locale\" content=\"it_IT\" \/>\n<meta property=\"og:type\" content=\"article\" \/>\n<meta property=\"og:title\" content=\"Neoregelia rubrifolia - Insektenliebe\" \/>\n<meta property=\"og:description\" content=\"La Neoregelia rubrifolia colpisce per le sue foglie rosse e verdi, ideali per i terrari tropicali. Facile da curare, decorativa e perfetta per gli allestimenti della foresta pluviale.\" \/>\n<meta property=\"og:url\" content=\"https:\/\/insektenliebe.com\/it\/shop\/prodotto\/neoregelia-rubrifolia\/\" \/>\n<meta property=\"og:site_name\" content=\"Insektenliebe\" \/>\n<meta property=\"og:image\" content=\"https:\/\/insektenliebe.com\/wp-content\/uploads\/2025\/09\/Neoregelia-rubrifolia.jpg\" \/>\n\t<meta property=\"og:image:width\" content=\"820\" \/>\n\t<meta property=\"og:image:height\" content=\"820\" \/>\n\t<meta property=\"og:image:type\" content=\"image\/jpeg\" \/>\n<meta name=\"twitter:card\" content=\"summary_large_image\" \/>\n<meta name=\"twitter:label1\" content=\"Tempo di lettura stimato\" \/>\n\t<meta name=\"twitter:data1\" content=\"1 minuto\" \/>\n<script type=\"application\/ld+json\" class=\"yoast-schema-graph\">{\"@context\":\"https:\\\/\\\/schema.org\",\"@graph\":[{\"@type\":\"WebPage\",\"@id\":\"https:\\\/\\\/insektenliebe.com\\\/it\\\/shop\\\/prodotto\\\/neoregelia-rubrifolia\\\/\",\"url\":\"https:\\\/\\\/insektenliebe.com\\\/it\\\/shop\\\/prodotto\\\/neoregelia-rubrifolia\\\/\",\"name\":\"Neoregelia rubrifolia - Insektenliebe\",\"isPartOf\":{\"@id\":\"https:\\\/\\\/insektenliebe.com\\\/it\\\/#website\"},\"primaryImageOfPage\":{\"@id\":\"https:\\\/\\\/insektenliebe.com\\\/it\\\/shop\\\/prodotto\\\/neoregelia-rubrifolia\\\/#primaryimage\"},\"image\":{\"@id\":\"https:\\\/\\\/insektenliebe.com\\\/it\\\/shop\\\/prodotto\\\/neoregelia-rubrifolia\\\/#primaryimage\"},\"thumbnailUrl\":\"https:\\\/\\\/insektenliebe.com\\\/wp-content\\\/uploads\\\/2025\\\/09\\\/Neoregelia-rubrifolia.jpg\",\"datePublished\":\"2025-09-05T11:44:00+00:00\",\"description\":\"La Neoregelia rubrifolia colpisce per le sue foglie rosse e verdi, ideali per i terrari tropicali. Facile da curare, decorativa e perfetta per gli allestimenti della foresta pluviale.\",\"breadcrumb\":{\"@id\":\"https:\\\/\\\/insektenliebe.com\\\/it\\\/shop\\\/prodotto\\\/neoregelia-rubrifolia\\\/#breadcrumb\"},\"inLanguage\":\"it-IT\",\"potentialAction\":[{\"@type\":\"ReadAction\",\"target\":[\"https:\\\/\\\/insektenliebe.com\\\/it\\\/shop\\\/prodotto\\\/neoregelia-rubrifolia\\\/\"]}]},{\"@type\":\"ImageObject\",\"inLanguage\":\"it-IT\",\"@id\":\"https:\\\/\\\/insektenliebe.com\\\/it\\\/shop\\\/prodotto\\\/neoregelia-rubrifolia\\\/#primaryimage\",\"url\":\"https:\\\/\\\/insektenliebe.com\\\/wp-content\\\/uploads\\\/2025\\\/09\\\/Neoregelia-rubrifolia.jpg\",\"contentUrl\":\"https:\\\/\\\/insektenliebe.com\\\/wp-content\\\/uploads\\\/2025\\\/09\\\/Neoregelia-rubrifolia.jpg\",\"width\":820,\"height\":820,\"caption\":\"Neoregelia rubrifolia\"},{\"@type\":\"BreadcrumbList\",\"@id\":\"https:\\\/\\\/insektenliebe.com\\\/it\\\/shop\\\/prodotto\\\/neoregelia-rubrifolia\\\/#breadcrumb\",\"itemListElement\":[{\"@type\":\"ListItem\",\"position\":1,\"name\":\"Startseite\",\"item\":\"https:\\\/\\\/insektenliebe.com\\\/it\\\/\"},{\"@type\":\"ListItem\",\"position\":2,\"name\":\"Negozio\",\"item\":\"https:\\\/\\\/insektenliebe.com\\\/it\\\/negozio\\\/\"},{\"@type\":\"ListItem\",\"position\":3,\"name\":\"Neoregelia rubrifolia\"}]},{\"@type\":\"WebSite\",\"@id\":\"https:\\\/\\\/insektenliebe.com\\\/it\\\/#website\",\"url\":\"https:\\\/\\\/insektenliebe.com\\\/it\\\/\",\"name\":\"Insektenliebe\",\"description\":\"Dein Zuhause f\u00fcr die kleinen Lebewesen\",\"publisher\":{\"@id\":\"https:\\\/\\\/insektenliebe.com\\\/it\\\/#organization\"},\"potentialAction\":[{\"@type\":\"SearchAction\",\"target\":{\"@type\":\"EntryPoint\",\"urlTemplate\":\"https:\\\/\\\/insektenliebe.com\\\/it\\\/?s={search_term_string}\"},\"query-input\":{\"@type\":\"PropertyValueSpecification\",\"valueRequired\":true,\"valueName\":\"search_term_string\"}}],\"inLanguage\":\"it-IT\"},{\"@type\":\"Organization\",\"@id\":\"https:\\\/\\\/insektenliebe.com\\\/it\\\/#organization\",\"name\":\"Insektenliebe\",\"url\":\"https:\\\/\\\/insektenliebe.com\\\/it\\\/\",\"logo\":{\"@type\":\"ImageObject\",\"inLanguage\":\"it-IT\",\"@id\":\"https:\\\/\\\/insektenliebe.com\\\/it\\\/#\\\/schema\\\/logo\\\/image\\\/\",\"url\":\"https:\\\/\\\/insektenliebe.com\\\/wp-content\\\/uploads\\\/2025\\\/03\\\/logo-white.png\",\"contentUrl\":\"https:\\\/\\\/insektenliebe.com\\\/wp-content\\\/uploads\\\/2025\\\/03\\\/logo-white.png\",\"width\":288,\"height\":188,\"caption\":\"Insektenliebe\"},\"image\":{\"@id\":\"https:\\\/\\\/insektenliebe.com\\\/it\\\/#\\\/schema\\\/logo\\\/image\\\/\"}}]}<\/script>\n<!-- \/ Yoast SEO plugin. -->","yoast_head_json":{"title":"Neoregelia rubrifolia - Insektenliebe","description":"La Neoregelia rubrifolia colpisce per le sue foglie rosse e verdi, ideali per i terrari tropicali. Facile da curare, decorativa e perfetta per gli allestimenti della foresta pluviale.","robots":{"index":"index","follow":"follow","max-snippet":"max-snippet:-1","max-image-preview":"max-image-preview:large","max-video-preview":"max-video-preview:-1"},"canonical":"https:\/\/insektenliebe.com\/it\/shop\/prodotto\/neoregelia-rubrifolia\/","og_locale":"it_IT","og_type":"article","og_title":"Neoregelia rubrifolia - Insektenliebe","og_description":"La Neoregelia rubrifolia colpisce per le sue foglie rosse e verdi, ideali per i terrari tropicali. Facile da curare, decorativa e perfetta per gli allestimenti della foresta pluviale.","og_url":"https:\/\/insektenliebe.com\/it\/shop\/prodotto\/neoregelia-rubrifolia\/","og_site_name":"Insektenliebe","og_image":[{"width":820,"height":820,"url":"https:\/\/insektenliebe.com\/wp-content\/uploads\/2025\/09\/Neoregelia-rubrifolia.jpg","type":"image\/jpeg"}],"twitter_card":"summary_large_image","twitter_misc":{"Tempo di lettura stimato":"1 minuto"},"schema":{"@context":"https:\/\/schema.org","@graph":[{"@type":"WebPage","@id":"https:\/\/insektenliebe.com\/it\/shop\/prodotto\/neoregelia-rubrifolia\/","url":"https:\/\/insektenliebe.com\/it\/shop\/prodotto\/neoregelia-rubrifolia\/","name":"Neoregelia rubrifolia - Insektenliebe","isPartOf":{"@id":"https:\/\/insektenliebe.com\/it\/#website"},"primaryImageOfPage":{"@id":"https:\/\/insektenliebe.com\/it\/shop\/prodotto\/neoregelia-rubrifolia\/#primaryimage"},"image":{"@id":"https:\/\/insektenliebe.com\/it\/shop\/prodotto\/neoregelia-rubrifolia\/#primaryimage"},"thumbnailUrl":"https:\/\/insektenliebe.com\/wp-content\/uploads\/2025\/09\/Neoregelia-rubrifolia.jpg","datePublished":"2025-09-05T11:44:00+00:00","description":"La Neoregelia rubrifolia colpisce per le sue foglie rosse e verdi, ideali per i terrari tropicali. Facile da curare, decorativa e perfetta per gli allestimenti della foresta pluviale.","breadcrumb":{"@id":"https:\/\/insektenliebe.com\/it\/shop\/prodotto\/neoregelia-rubrifolia\/#breadcrumb"},"inLanguage":"it-IT","potentialAction":[{"@type":"ReadAction","target":["https:\/\/insektenliebe.com\/it\/shop\/prodotto\/neoregelia-rubrifolia\/"]}]},{"@type":"ImageObject","inLanguage":"it-IT","@id":"https:\/\/insektenliebe.com\/it\/shop\/prodotto\/neoregelia-rubrifolia\/#primaryimage","url":"https:\/\/insektenliebe.com\/wp-content\/uploads\/2025\/09\/Neoregelia-rubrifolia.jpg","contentUrl":"https:\/\/insektenliebe.com\/wp-content\/uploads\/2025\/09\/Neoregelia-rubrifolia.jpg","width":820,"height":820,"caption":"Neoregelia rubrifolia"},{"@type":"BreadcrumbList","@id":"https:\/\/insektenliebe.com\/it\/shop\/prodotto\/neoregelia-rubrifolia\/#breadcrumb","itemListElement":[{"@type":"ListItem","position":1,"name":"Startseite","item":"https:\/\/insektenliebe.com\/it\/"},{"@type":"ListItem","position":2,"name":"Negozio","item":"https:\/\/insektenliebe.com\/it\/negozio\/"},{"@type":"ListItem","position":3,"name":"Neoregelia rubrifolia"}]},{"@type":"WebSite","@id":"https:\/\/insektenliebe.com\/it\/#website","url":"https:\/\/insektenliebe.com\/it\/","name":"Insektenliebe","description":"Dein Zuhause f\u00fcr die kleinen Lebewesen","publisher":{"@id":"https:\/\/insektenliebe.com\/it\/#organization"},"potentialAction":[{"@type":"SearchAction","target":{"@type":"EntryPoint","urlTemplate":"https:\/\/insektenliebe.com\/it\/?s={search_term_string}"},"query-input":{"@type":"PropertyValueSpecification","valueRequired":true,"valueName":"search_term_string"}}],"inLanguage":"it-IT"},{"@type":"Organization","@id":"https:\/\/insektenliebe.com\/it\/#organization","name":"Insektenliebe","url":"https:\/\/insektenliebe.com\/it\/","logo":{"@type":"ImageObject","inLanguage":"it-IT","@id":"https:\/\/insektenliebe.com\/it\/#\/schema\/logo\/image\/","url":"https:\/\/insektenliebe.com\/wp-content\/uploads\/2025\/03\/logo-white.png","contentUrl":"https:\/\/insektenliebe.com\/wp-content\/uploads\/2025\/03\/logo-white.png","width":288,"height":188,"caption":"Insektenliebe"},"image":{"@id":"https:\/\/insektenliebe.com\/it\/#\/schema\/logo\/image\/"}}]}},"_links":{"self":[{"href":"https:\/\/insektenliebe.com\/it\/wp-json\/wp\/v2\/product\/189076","targetHints":{"allow":["GET"]}}],"collection":[{"href":"https:\/\/insektenliebe.com\/it\/wp-json\/wp\/v2\/product"}],"about":[{"href":"https:\/\/insektenliebe.com\/it\/wp-json\/wp\/v2\/types\/product"}],"wp:featuredmedia":[{"embeddable":true,"href":"https:\/\/insektenliebe.com\/it\/wp-json\/wp\/v2\/media\/189077"}],"wp:attachment":[{"href":"https:\/\/insektenliebe.com\/it\/wp-json\/wp\/v2\/media?parent=189076"}],"wp:term":[{"taxonomy":"product-supplier","embeddable":true,"href":"https:\/\/insektenliebe.com\/it\/wp-json\/wp\/v2\/product-supplier?post=189076"},{"taxonomy":"product_brand","embeddable":true,"href":"https:\/\/insektenliebe.com\/it\/wp-json\/wp\/v2\/product_brand?post=189076"},{"taxonomy":"product_cat","embeddable":true,"href":"https:\/\/insektenliebe.com\/it\/wp-json\/wp\/v2\/product_cat?post=189076"},{"taxonomy":"product_tag","embeddable":true,"href":"https:\/\/insektenliebe.com\/it\/wp-json\/wp\/v2\/product_tag?post=189076"},{"taxonomy":"lce-checkout-addons","embeddable":true,"href":"https:\/\/insektenliebe.com\/it\/wp-json\/wp\/v2\/lce-checkout-addons?post=189076"}],"curies":[{"name":"wp","href":"https:\/\/api.w.org\/{rel}","templated":true}]}}