{"id":189061,"date":"2025-09-05T14:42:00","date_gmt":"2025-09-05T12:42:00","guid":{"rendered":"https:\/\/insektenliebe.com\/shop\/produkt\/fittonia-joly-josan\/"},"modified":"2025-09-05T14:42:00","modified_gmt":"2025-09-05T12:42:00","slug":"fittonia-joly-josan","status":"publish","type":"product","link":"https:\/\/insektenliebe.com\/it\/shop\/prodotto\/fittonia-joly-josan\/","title":{"rendered":"Fittonia Joly Josan"},"content":{"rendered":"<h3 class=\"p1\"><span style=\"color: #99cc33\"><b>Fittonia Joly Josan - un tocco di colore per il terrario<\/b><\/span><\/h3>\n<p class=\"p1\"><span class=\"s1\">Il <\/span><strong><span class=\"s2\">Fittonia Joly Josan<\/span><\/strong><span class=\"s1\">  \u00e8 una forma coltivata particolarmente attraente della nota pianta a mosaico e aggiunge un tocco esotico a qualsiasi terrario. Con le sue foglie verde scuro intervallate da vivaci venature rosse, attira immediatamente l&#8217;attenzione di tutti. La sua crescita compatta e i suoi colori vivaci la rendono una scelta popolare per le piante dei terrari tropicali.  <\/span><\/p>\n<p class=\"p1\"><span class=\"s1\">La Fittonia \u00e8 originaria delle foreste pluviali tropicali del Sud America, dove cresce nel sottobosco umido. Per questo motivo, preferisce anche una   <\/span><span class=\"s2\">Umidit\u00e0 elevata, intorno al 70-90%<\/span><span class=\"s1\">. Ama un clima caldo e uniforme con temperature comprese tra  <\/span><span class=\"s2\">22 e 28 \u00b0C<\/span><span class=\"s1\"> ed \u00e8 ideale per gli abitanti di terrari tropicali come gechi, rane o insetti.<\/span><\/p>\n<p class=\"p1\"><span class=\"s1\">La corretta illuminazione \u00e8 un fattore importante per la loro conservazione. Il <strong><span class=\"s2\">Fittonia Joly Josan<\/span><\/strong> vive al meglio con   <\/span><span class=\"s2\">3000-5000 lumen<\/span><span class=\"s1\">ma senza la luce diretta e forte del sole. Troppa luce pu\u00f2 far seccare le foglie, mentre troppa poca luce pu\u00f2 far sbiadire i loro colori. L&#8217;ideale \u00e8 una posizione nella parte medio-bassa del terrario, abbinata a un&#8217;illuminazione LED soffusa.  <\/span><\/p>\n<p class=\"p1\"><span class=\"s1\">Con le sue <\/span><span class=\"s2\">dimensioni compatte di circa 10-15 cm di altezza<\/span><span class=\"s1\">  La Fittonia \u00e8 perfetta come copertura del terreno o come accento colorato tra piante da terrario pi\u00f9 grandi come le bromelie o le felci. Il suo portamento cespuglioso crea un aspetto denso e naturale nel terrario e offre ai piccoli animali protezione e un luogo dove rifugiarsi. <\/span><\/p>\n<p class=\"p1\"><span class=\"s1\">La cura del <strong><span class=\"s2\">Fittonia Joly Josan<\/span><\/strong> \u00e8 semplice: Il terreno deve essere sempre mantenuto leggermente umido, ma senza ristagni d&#8217;acqua. In un ambiente con umidit\u00e0 stabile, la pianta si mantiene in salute e conserva a lungo i suoi colori intensi. <\/span><\/p>\n<p class=\"p1\"><span class=\"s1\">Il <strong><span class=\"s2\">Fittonia Joly Josan<\/span><\/strong> non \u00e8 quindi solo una pianta decorativa ma anche funzionale, che arricchisce il microclima del terrario e garantisce un quadro generale armonioso.<\/span><\/p>\n","protected":false},"excerpt":{"rendered":"<p>Fittonia Joly Josan - un tocco di colore per il terrario Il Fittonia Joly Josan \u00e8 una forma coltivata particolarmente attraente della nota pianta a mosaico e aggiunge un tocco esotico a qualsiasi terrario. Con le sue foglie verde scuro intervallate da vivaci venature rosse, attira immediatamente l&#8217;attenzione di tutti. La sua crescita compatta e [&hellip;]<\/p>\n","protected":false},"featured_media":189075,"template":"","meta":{"_acf_changed":false},"product-supplier":[2685],"product_brand":[],"product_cat":[3181],"product_tag":[],"lce-checkout-addons":[2746],"class_list":{"0":"post-189061","1":"product","2":"type-product","3":"status-publish","4":"has-post-thumbnail","6":"product_cat-piante-da-terrario","7":"product_shipping_class-equipment-shipping","8":"pa_herkunft-colombia","9":"lce-checkout-addons-imballaggio-invernale","11":"first","12":"instock","13":"taxable","14":"shipping-taxable","15":"purchasable","16":"product-type-simple"},"acf":[],"yoast_head":"<!-- This site is optimized with the Yoast SEO plugin v27.3 - https:\/\/yoast.com\/product\/yoast-seo-wordpress\/ -->\n<title>Fittonia Joly Josan - Insektenliebe<\/title>\n<meta name=\"description\" content=\"La Fittonia Joly Josan colpisce per le sue venature rosse e la sua crescita compatta, ideale per i terrari tropicali ad alta umidit\u00e0.\" \/>\n<meta name=\"robots\" content=\"index, follow, max-snippet:-1, max-image-preview:large, max-video-preview:-1\" \/>\n<link rel=\"canonical\" href=\"https:\/\/insektenliebe.com\/it\/shop\/prodotto\/fittonia-joly-josan\/\" \/>\n<meta property=\"og:locale\" content=\"it_IT\" \/>\n<meta property=\"og:type\" content=\"article\" \/>\n<meta property=\"og:title\" content=\"Fittonia Joly Josan - Insektenliebe\" \/>\n<meta property=\"og:description\" content=\"La Fittonia Joly Josan colpisce per le sue venature rosse e la sua crescita compatta, ideale per i terrari tropicali ad alta umidit\u00e0.\" \/>\n<meta property=\"og:url\" content=\"https:\/\/insektenliebe.com\/it\/shop\/prodotto\/fittonia-joly-josan\/\" \/>\n<meta property=\"og:site_name\" content=\"Insektenliebe\" \/>\n<meta property=\"og:image\" content=\"https:\/\/insektenliebe.com\/wp-content\/uploads\/2025\/09\/Fittonia-Joly-Josan.jpg\" \/>\n\t<meta property=\"og:image:width\" content=\"820\" \/>\n\t<meta property=\"og:image:height\" content=\"820\" \/>\n\t<meta property=\"og:image:type\" content=\"image\/jpeg\" \/>\n<meta name=\"twitter:card\" content=\"summary_large_image\" \/>\n<meta name=\"twitter:label1\" content=\"Tempo di lettura stimato\" \/>\n\t<meta name=\"twitter:data1\" content=\"1 minuto\" \/>\n<script type=\"application\/ld+json\" class=\"yoast-schema-graph\">{\"@context\":\"https:\\\/\\\/schema.org\",\"@graph\":[{\"@type\":\"WebPage\",\"@id\":\"https:\\\/\\\/insektenliebe.com\\\/it\\\/shop\\\/prodotto\\\/fittonia-joly-josan\\\/\",\"url\":\"https:\\\/\\\/insektenliebe.com\\\/it\\\/shop\\\/prodotto\\\/fittonia-joly-josan\\\/\",\"name\":\"Fittonia Joly Josan - Insektenliebe\",\"isPartOf\":{\"@id\":\"https:\\\/\\\/insektenliebe.com\\\/it\\\/#website\"},\"primaryImageOfPage\":{\"@id\":\"https:\\\/\\\/insektenliebe.com\\\/it\\\/shop\\\/prodotto\\\/fittonia-joly-josan\\\/#primaryimage\"},\"image\":{\"@id\":\"https:\\\/\\\/insektenliebe.com\\\/it\\\/shop\\\/prodotto\\\/fittonia-joly-josan\\\/#primaryimage\"},\"thumbnailUrl\":\"https:\\\/\\\/insektenliebe.com\\\/wp-content\\\/uploads\\\/2025\\\/09\\\/Fittonia-Joly-Josan.jpg\",\"datePublished\":\"2025-09-05T12:42:00+00:00\",\"description\":\"La Fittonia Joly Josan colpisce per le sue venature rosse e la sua crescita compatta, ideale per i terrari tropicali ad alta umidit\u00e0.\",\"breadcrumb\":{\"@id\":\"https:\\\/\\\/insektenliebe.com\\\/it\\\/shop\\\/prodotto\\\/fittonia-joly-josan\\\/#breadcrumb\"},\"inLanguage\":\"it-IT\",\"potentialAction\":[{\"@type\":\"ReadAction\",\"target\":[\"https:\\\/\\\/insektenliebe.com\\\/it\\\/shop\\\/prodotto\\\/fittonia-joly-josan\\\/\"]}]},{\"@type\":\"ImageObject\",\"inLanguage\":\"it-IT\",\"@id\":\"https:\\\/\\\/insektenliebe.com\\\/it\\\/shop\\\/prodotto\\\/fittonia-joly-josan\\\/#primaryimage\",\"url\":\"https:\\\/\\\/insektenliebe.com\\\/wp-content\\\/uploads\\\/2025\\\/09\\\/Fittonia-Joly-Josan.jpg\",\"contentUrl\":\"https:\\\/\\\/insektenliebe.com\\\/wp-content\\\/uploads\\\/2025\\\/09\\\/Fittonia-Joly-Josan.jpg\",\"width\":820,\"height\":820,\"caption\":\"Fittonia Joly Josan\"},{\"@type\":\"BreadcrumbList\",\"@id\":\"https:\\\/\\\/insektenliebe.com\\\/it\\\/shop\\\/prodotto\\\/fittonia-joly-josan\\\/#breadcrumb\",\"itemListElement\":[{\"@type\":\"ListItem\",\"position\":1,\"name\":\"Startseite\",\"item\":\"https:\\\/\\\/insektenliebe.com\\\/it\\\/\"},{\"@type\":\"ListItem\",\"position\":2,\"name\":\"Negozio\",\"item\":\"https:\\\/\\\/insektenliebe.com\\\/it\\\/negozio\\\/\"},{\"@type\":\"ListItem\",\"position\":3,\"name\":\"Fittonia Joly Josan\"}]},{\"@type\":\"WebSite\",\"@id\":\"https:\\\/\\\/insektenliebe.com\\\/it\\\/#website\",\"url\":\"https:\\\/\\\/insektenliebe.com\\\/it\\\/\",\"name\":\"Insektenliebe\",\"description\":\"Dein Zuhause f\u00fcr die kleinen Lebewesen\",\"publisher\":{\"@id\":\"https:\\\/\\\/insektenliebe.com\\\/it\\\/#organization\"},\"potentialAction\":[{\"@type\":\"SearchAction\",\"target\":{\"@type\":\"EntryPoint\",\"urlTemplate\":\"https:\\\/\\\/insektenliebe.com\\\/it\\\/?s={search_term_string}\"},\"query-input\":{\"@type\":\"PropertyValueSpecification\",\"valueRequired\":true,\"valueName\":\"search_term_string\"}}],\"inLanguage\":\"it-IT\"},{\"@type\":\"Organization\",\"@id\":\"https:\\\/\\\/insektenliebe.com\\\/it\\\/#organization\",\"name\":\"Insektenliebe\",\"url\":\"https:\\\/\\\/insektenliebe.com\\\/it\\\/\",\"logo\":{\"@type\":\"ImageObject\",\"inLanguage\":\"it-IT\",\"@id\":\"https:\\\/\\\/insektenliebe.com\\\/it\\\/#\\\/schema\\\/logo\\\/image\\\/\",\"url\":\"https:\\\/\\\/insektenliebe.com\\\/wp-content\\\/uploads\\\/2025\\\/03\\\/logo-white.png\",\"contentUrl\":\"https:\\\/\\\/insektenliebe.com\\\/wp-content\\\/uploads\\\/2025\\\/03\\\/logo-white.png\",\"width\":288,\"height\":188,\"caption\":\"Insektenliebe\"},\"image\":{\"@id\":\"https:\\\/\\\/insektenliebe.com\\\/it\\\/#\\\/schema\\\/logo\\\/image\\\/\"}}]}<\/script>\n<!-- \/ Yoast SEO plugin. -->","yoast_head_json":{"title":"Fittonia Joly Josan - Insektenliebe","description":"La Fittonia Joly Josan colpisce per le sue venature rosse e la sua crescita compatta, ideale per i terrari tropicali ad alta umidit\u00e0.","robots":{"index":"index","follow":"follow","max-snippet":"max-snippet:-1","max-image-preview":"max-image-preview:large","max-video-preview":"max-video-preview:-1"},"canonical":"https:\/\/insektenliebe.com\/it\/shop\/prodotto\/fittonia-joly-josan\/","og_locale":"it_IT","og_type":"article","og_title":"Fittonia Joly Josan - Insektenliebe","og_description":"La Fittonia Joly Josan colpisce per le sue venature rosse e la sua crescita compatta, ideale per i terrari tropicali ad alta umidit\u00e0.","og_url":"https:\/\/insektenliebe.com\/it\/shop\/prodotto\/fittonia-joly-josan\/","og_site_name":"Insektenliebe","og_image":[{"width":820,"height":820,"url":"https:\/\/insektenliebe.com\/wp-content\/uploads\/2025\/09\/Fittonia-Joly-Josan.jpg","type":"image\/jpeg"}],"twitter_card":"summary_large_image","twitter_misc":{"Tempo di lettura stimato":"1 minuto"},"schema":{"@context":"https:\/\/schema.org","@graph":[{"@type":"WebPage","@id":"https:\/\/insektenliebe.com\/it\/shop\/prodotto\/fittonia-joly-josan\/","url":"https:\/\/insektenliebe.com\/it\/shop\/prodotto\/fittonia-joly-josan\/","name":"Fittonia Joly Josan - Insektenliebe","isPartOf":{"@id":"https:\/\/insektenliebe.com\/it\/#website"},"primaryImageOfPage":{"@id":"https:\/\/insektenliebe.com\/it\/shop\/prodotto\/fittonia-joly-josan\/#primaryimage"},"image":{"@id":"https:\/\/insektenliebe.com\/it\/shop\/prodotto\/fittonia-joly-josan\/#primaryimage"},"thumbnailUrl":"https:\/\/insektenliebe.com\/wp-content\/uploads\/2025\/09\/Fittonia-Joly-Josan.jpg","datePublished":"2025-09-05T12:42:00+00:00","description":"La Fittonia Joly Josan colpisce per le sue venature rosse e la sua crescita compatta, ideale per i terrari tropicali ad alta umidit\u00e0.","breadcrumb":{"@id":"https:\/\/insektenliebe.com\/it\/shop\/prodotto\/fittonia-joly-josan\/#breadcrumb"},"inLanguage":"it-IT","potentialAction":[{"@type":"ReadAction","target":["https:\/\/insektenliebe.com\/it\/shop\/prodotto\/fittonia-joly-josan\/"]}]},{"@type":"ImageObject","inLanguage":"it-IT","@id":"https:\/\/insektenliebe.com\/it\/shop\/prodotto\/fittonia-joly-josan\/#primaryimage","url":"https:\/\/insektenliebe.com\/wp-content\/uploads\/2025\/09\/Fittonia-Joly-Josan.jpg","contentUrl":"https:\/\/insektenliebe.com\/wp-content\/uploads\/2025\/09\/Fittonia-Joly-Josan.jpg","width":820,"height":820,"caption":"Fittonia Joly Josan"},{"@type":"BreadcrumbList","@id":"https:\/\/insektenliebe.com\/it\/shop\/prodotto\/fittonia-joly-josan\/#breadcrumb","itemListElement":[{"@type":"ListItem","position":1,"name":"Startseite","item":"https:\/\/insektenliebe.com\/it\/"},{"@type":"ListItem","position":2,"name":"Negozio","item":"https:\/\/insektenliebe.com\/it\/negozio\/"},{"@type":"ListItem","position":3,"name":"Fittonia Joly Josan"}]},{"@type":"WebSite","@id":"https:\/\/insektenliebe.com\/it\/#website","url":"https:\/\/insektenliebe.com\/it\/","name":"Insektenliebe","description":"Dein Zuhause f\u00fcr die kleinen Lebewesen","publisher":{"@id":"https:\/\/insektenliebe.com\/it\/#organization"},"potentialAction":[{"@type":"SearchAction","target":{"@type":"EntryPoint","urlTemplate":"https:\/\/insektenliebe.com\/it\/?s={search_term_string}"},"query-input":{"@type":"PropertyValueSpecification","valueRequired":true,"valueName":"search_term_string"}}],"inLanguage":"it-IT"},{"@type":"Organization","@id":"https:\/\/insektenliebe.com\/it\/#organization","name":"Insektenliebe","url":"https:\/\/insektenliebe.com\/it\/","logo":{"@type":"ImageObject","inLanguage":"it-IT","@id":"https:\/\/insektenliebe.com\/it\/#\/schema\/logo\/image\/","url":"https:\/\/insektenliebe.com\/wp-content\/uploads\/2025\/03\/logo-white.png","contentUrl":"https:\/\/insektenliebe.com\/wp-content\/uploads\/2025\/03\/logo-white.png","width":288,"height":188,"caption":"Insektenliebe"},"image":{"@id":"https:\/\/insektenliebe.com\/it\/#\/schema\/logo\/image\/"}}]}},"_links":{"self":[{"href":"https:\/\/insektenliebe.com\/it\/wp-json\/wp\/v2\/product\/189061","targetHints":{"allow":["GET"]}}],"collection":[{"href":"https:\/\/insektenliebe.com\/it\/wp-json\/wp\/v2\/product"}],"about":[{"href":"https:\/\/insektenliebe.com\/it\/wp-json\/wp\/v2\/types\/product"}],"wp:featuredmedia":[{"embeddable":true,"href":"https:\/\/insektenliebe.com\/it\/wp-json\/wp\/v2\/media\/189075"}],"wp:attachment":[{"href":"https:\/\/insektenliebe.com\/it\/wp-json\/wp\/v2\/media?parent=189061"}],"wp:term":[{"taxonomy":"product-supplier","embeddable":true,"href":"https:\/\/insektenliebe.com\/it\/wp-json\/wp\/v2\/product-supplier?post=189061"},{"taxonomy":"product_brand","embeddable":true,"href":"https:\/\/insektenliebe.com\/it\/wp-json\/wp\/v2\/product_brand?post=189061"},{"taxonomy":"product_cat","embeddable":true,"href":"https:\/\/insektenliebe.com\/it\/wp-json\/wp\/v2\/product_cat?post=189061"},{"taxonomy":"product_tag","embeddable":true,"href":"https:\/\/insektenliebe.com\/it\/wp-json\/wp\/v2\/product_tag?post=189061"},{"taxonomy":"lce-checkout-addons","embeddable":true,"href":"https:\/\/insektenliebe.com\/it\/wp-json\/wp\/v2\/lce-checkout-addons?post=189061"}],"curies":[{"name":"wp","href":"https:\/\/api.w.org\/{rel}","templated":true}]}}