{"id":189060,"date":"2025-08-29T16:36:49","date_gmt":"2025-08-29T14:36:49","guid":{"rendered":"https:\/\/insektenliebe.com\/shop\/produkt\/ciotola-per-lacqua-ad-angolo-exo-terra\/"},"modified":"2026-03-11T19:41:58","modified_gmt":"2026-03-11T18:41:58","slug":"ciotola-per-lacqua-ad-angolo-exo-terra","status":"publish","type":"product","link":"https:\/\/insektenliebe.com\/it\/shop\/prodotto\/ciotola-per-lacqua-ad-angolo-exo-terra\/","title":{"rendered":"Ciotola per l&#8217;acqua ad angolo Exo Terra"},"content":{"rendered":"<h3><span style=\"color: #99cc33\"><strong><span class=\"s1\">Ciotola d&#8217;acqua angolare Exo Terra - salvaspazio e naturale in tre dimensioni<\/span><\/strong><\/span><\/h3>\n<p class=\"p1\"><span class=\"s1\">La <\/span><strong><span class=\"s2\">Ciotola per l&#8217;acqua angolare Exo Terra<\/span><\/strong><span class=\"s1\">  \u00e8 la soluzione pratica e decorativa per fornire acqua al terrario. Grazie al suo intelligente   <\/span><span class=\"s2\">forma triangolare<\/span><span class=\"s1\">  pu\u00f2 essere posizionato in qualsiasi angolo per risparmiare spazio senza occupare inutilmente. Con il suo   <\/span><span class=\"s2\">design realistico della roccia<\/span><span class=\"s1\"> si integra perfettamente in qualsiasi terrario e conferisce all&#8217;ambiente un tocco particolarmente autentico.<\/span><\/p>\n<p class=\"p1\"><span class=\"s1\">Realizzata in robusta resina sintetica atossica, la ciotola d&#8217;acqua angolare \u00e8 robusta, durevole e assolutamente sicura per tutti gli abitanti del terrario. Grazie al suo stesso peso, \u00e8 stabile e non pu\u00f2 facilmente scivolare o essere rovesciata, anche da animali pi\u00f9 grandi o pi\u00f9 forti. L&#8217;interno consente una pulizia rapida e accurata, in modo che l&#8217;acqua rimanga sempre fresca e igienica.  <\/span><\/p>\n<p class=\"p1\"><span class=\"s1\">Il design dei bordi <\/span><span class=\"s2\">design dei bordi<\/span><span class=\"s1\">L&#8217;ingresso leggermente ribassato consente un facile accesso anche ai rettili, agli anfibi e agli invertebrati pi\u00f9 piccoli. Allo stesso tempo, l&#8217;esterno strutturato fornisce un ulteriore supporto e facilita l&#8217;uscita, riducendo al minimo il rischio di incidenti. <\/span><\/p>\n<p class=\"p1\"><span class=\"s1\">La <strong><span class=\"s2\">Ciotola per l&#8217;acqua angolare Exo Terra <\/span><\/strong>\u00e8 disponibile in <\/span><span class=\"s2\">tre pratiche dimensioni<\/span><span class=\"s1\"> e pu\u00f2 quindi essere perfettamente personalizzata in base alle esigenze dei tuoi animali:<\/span><\/p>\n<ul>\n<li>\n<p class=\"p1\"><span class=\"s1\">100 ml<\/span><span class=\"s2\"> - ideale per piccoli rettili, anfibi e invertebrati<\/span><\/p>\n<\/li>\n<li>\n<p class=\"p1\"><span class=\"s1\">300 ml<\/span><span class=\"s2\"> - per abitanti del terrario di medie dimensioni, come gechi o skinks<\/span><\/p>\n<\/li>\n<li>\n<p class=\"p1\"><span class=\"s1\">800 ml<\/span><span class=\"s2\"> - Generoso per i rettili pi\u00f9 grandi come i draghi barbuti o le tartarughe d&#8217;acqua<\/span><\/p>\n<\/li>\n<\/ul>\n<p class=\"p1\"><span class=\"s1\">Che si tratti di una ciotola per l&#8217;acqua o di una ciotola per il cibo per frutta, verdura o insetti, la ciotola d&#8217;acqua angolare \u00e8 versatile e un accessorio indispensabile per un terrario adatto alle diverse specie.<\/span><\/p>\n<p class=\"p1\"><span class=\"s1\">Con la <strong><span class=\"s2\">ciotola d&#8217;acqua angolare Exo Terra<\/span><\/strong><\/span><span class=\"s1\"> ottieni una combinazione di funzionalit\u00e0, sicurezza e aspetto naturale, esattamente nelle dimensioni adatte al tuo terrario.<\/span><\/p>\n<p><strong>Le dimensioni sono indicate in lunghezza x larghezza x altezza.<\/strong><\/p>\n","protected":false},"excerpt":{"rendered":"<p>Ciotola d&#8217;acqua angolare Exo Terra - salvaspazio e naturale in tre dimensioni La Ciotola per l&#8217;acqua angolare Exo Terra \u00e8 la soluzione pratica e decorativa per fornire acqua al terrario. Grazie al suo intelligente forma triangolare pu\u00f2 essere posizionato in qualsiasi angolo per risparmiare spazio senza occupare inutilmente. Con il suo design realistico della roccia [&hellip;]<\/p>\n","protected":false},"featured_media":189062,"template":"","meta":{"_acf_changed":false},"product-supplier":[2554],"product_brand":[3027],"product_cat":[2740],"product_tag":[],"lce-checkout-addons":[],"class_list":{"0":"post-189060","1":"product","2":"type-product","3":"status-publish","4":"has-post-thumbnail","6":"product_brand-exo-terra","7":"product_cat-arredamento-e-decorazione","8":"product_shipping_class-equipment-shipping","10":"first","11":"instock","12":"sale","13":"taxable","14":"shipping-taxable","15":"purchasable","16":"product-type-variable"},"acf":[],"yoast_head":"<!-- This site is optimized with the Yoast SEO plugin v27.3 - https:\/\/yoast.com\/product\/yoast-seo-wordpress\/ -->\n<title>Ciotola per l&#039;acqua ad angolo Exo Terra - Insektenliebe<\/title>\n<meta name=\"description\" content=\"Ciotola d&#039;acqua angolare Exo Terra - realistica, stabile e in 3 dimensioni (100, 300 e 800 ml). Perfetta per rettili, anfibi e invertebrati nel terrario.\" \/>\n<meta name=\"robots\" content=\"index, follow, max-snippet:-1, max-image-preview:large, max-video-preview:-1\" \/>\n<link rel=\"canonical\" href=\"https:\/\/insektenliebe.com\/it\/shop\/prodotto\/ciotola-per-lacqua-ad-angolo-exo-terra\/\" \/>\n<meta property=\"og:locale\" content=\"it_IT\" \/>\n<meta property=\"og:type\" content=\"article\" \/>\n<meta property=\"og:title\" content=\"Ciotola per l&#039;acqua ad angolo Exo Terra - Insektenliebe\" \/>\n<meta property=\"og:description\" content=\"Ciotola d&#039;acqua angolare Exo Terra - realistica, stabile e in 3 dimensioni (100, 300 e 800 ml). Perfetta per rettili, anfibi e invertebrati nel terrario.\" \/>\n<meta property=\"og:url\" content=\"https:\/\/insektenliebe.com\/it\/shop\/prodotto\/ciotola-per-lacqua-ad-angolo-exo-terra\/\" \/>\n<meta property=\"og:site_name\" content=\"Insektenliebe\" \/>\n<meta property=\"article:modified_time\" content=\"2026-03-11T18:41:58+00:00\" \/>\n<meta property=\"og:image\" content=\"https:\/\/insektenliebe.com\/wp-content\/uploads\/2025\/08\/Exo-Terra-Eckwassernapf-3-Varianten.jpg\" \/>\n\t<meta property=\"og:image:width\" content=\"820\" \/>\n\t<meta property=\"og:image:height\" content=\"820\" \/>\n\t<meta property=\"og:image:type\" content=\"image\/jpeg\" \/>\n<meta name=\"twitter:card\" content=\"summary_large_image\" \/>\n<meta name=\"twitter:label1\" content=\"Tempo di lettura stimato\" \/>\n\t<meta name=\"twitter:data1\" content=\"2 minuto\" \/>\n<script type=\"application\/ld+json\" class=\"yoast-schema-graph\">{\"@context\":\"https:\\\/\\\/schema.org\",\"@graph\":[{\"@type\":\"WebPage\",\"@id\":\"https:\\\/\\\/insektenliebe.com\\\/it\\\/shop\\\/prodotto\\\/ciotola-per-lacqua-ad-angolo-exo-terra\\\/\",\"url\":\"https:\\\/\\\/insektenliebe.com\\\/it\\\/shop\\\/prodotto\\\/ciotola-per-lacqua-ad-angolo-exo-terra\\\/\",\"name\":\"Ciotola per l'acqua ad angolo Exo Terra - Insektenliebe\",\"isPartOf\":{\"@id\":\"https:\\\/\\\/insektenliebe.com\\\/it\\\/#website\"},\"primaryImageOfPage\":{\"@id\":\"https:\\\/\\\/insektenliebe.com\\\/it\\\/shop\\\/prodotto\\\/ciotola-per-lacqua-ad-angolo-exo-terra\\\/#primaryimage\"},\"image\":{\"@id\":\"https:\\\/\\\/insektenliebe.com\\\/it\\\/shop\\\/prodotto\\\/ciotola-per-lacqua-ad-angolo-exo-terra\\\/#primaryimage\"},\"thumbnailUrl\":\"https:\\\/\\\/insektenliebe.com\\\/wp-content\\\/uploads\\\/2025\\\/08\\\/Exo-Terra-Eckwassernapf-3-Varianten.jpg\",\"datePublished\":\"2025-08-29T14:36:49+00:00\",\"dateModified\":\"2026-03-11T18:41:58+00:00\",\"description\":\"Ciotola d'acqua angolare Exo Terra - realistica, stabile e in 3 dimensioni (100, 300 e 800 ml). Perfetta per rettili, anfibi e invertebrati nel terrario.\",\"breadcrumb\":{\"@id\":\"https:\\\/\\\/insektenliebe.com\\\/it\\\/shop\\\/prodotto\\\/ciotola-per-lacqua-ad-angolo-exo-terra\\\/#breadcrumb\"},\"inLanguage\":\"it-IT\",\"potentialAction\":[{\"@type\":\"ReadAction\",\"target\":[\"https:\\\/\\\/insektenliebe.com\\\/it\\\/shop\\\/prodotto\\\/ciotola-per-lacqua-ad-angolo-exo-terra\\\/\"]}]},{\"@type\":\"ImageObject\",\"inLanguage\":\"it-IT\",\"@id\":\"https:\\\/\\\/insektenliebe.com\\\/it\\\/shop\\\/prodotto\\\/ciotola-per-lacqua-ad-angolo-exo-terra\\\/#primaryimage\",\"url\":\"https:\\\/\\\/insektenliebe.com\\\/wp-content\\\/uploads\\\/2025\\\/08\\\/Exo-Terra-Eckwassernapf-3-Varianten.jpg\",\"contentUrl\":\"https:\\\/\\\/insektenliebe.com\\\/wp-content\\\/uploads\\\/2025\\\/08\\\/Exo-Terra-Eckwassernapf-3-Varianten.jpg\",\"width\":820,\"height\":820,\"caption\":\"Ciotola per l'acqua ad angolo Exo Terra 3 varianti\"},{\"@type\":\"BreadcrumbList\",\"@id\":\"https:\\\/\\\/insektenliebe.com\\\/it\\\/shop\\\/prodotto\\\/ciotola-per-lacqua-ad-angolo-exo-terra\\\/#breadcrumb\",\"itemListElement\":[{\"@type\":\"ListItem\",\"position\":1,\"name\":\"Startseite\",\"item\":\"https:\\\/\\\/insektenliebe.com\\\/it\\\/\"},{\"@type\":\"ListItem\",\"position\":2,\"name\":\"Negozio\",\"item\":\"https:\\\/\\\/insektenliebe.com\\\/it\\\/negozio\\\/\"},{\"@type\":\"ListItem\",\"position\":3,\"name\":\"Ciotola per l&#8217;acqua ad angolo Exo Terra\"}]},{\"@type\":\"WebSite\",\"@id\":\"https:\\\/\\\/insektenliebe.com\\\/it\\\/#website\",\"url\":\"https:\\\/\\\/insektenliebe.com\\\/it\\\/\",\"name\":\"Insektenliebe\",\"description\":\"Dein Zuhause f\u00fcr die kleinen Lebewesen\",\"publisher\":{\"@id\":\"https:\\\/\\\/insektenliebe.com\\\/it\\\/#organization\"},\"potentialAction\":[{\"@type\":\"SearchAction\",\"target\":{\"@type\":\"EntryPoint\",\"urlTemplate\":\"https:\\\/\\\/insektenliebe.com\\\/it\\\/?s={search_term_string}\"},\"query-input\":{\"@type\":\"PropertyValueSpecification\",\"valueRequired\":true,\"valueName\":\"search_term_string\"}}],\"inLanguage\":\"it-IT\"},{\"@type\":\"Organization\",\"@id\":\"https:\\\/\\\/insektenliebe.com\\\/it\\\/#organization\",\"name\":\"Insektenliebe\",\"url\":\"https:\\\/\\\/insektenliebe.com\\\/it\\\/\",\"logo\":{\"@type\":\"ImageObject\",\"inLanguage\":\"it-IT\",\"@id\":\"https:\\\/\\\/insektenliebe.com\\\/it\\\/#\\\/schema\\\/logo\\\/image\\\/\",\"url\":\"https:\\\/\\\/insektenliebe.com\\\/wp-content\\\/uploads\\\/2025\\\/03\\\/logo-white.png\",\"contentUrl\":\"https:\\\/\\\/insektenliebe.com\\\/wp-content\\\/uploads\\\/2025\\\/03\\\/logo-white.png\",\"width\":288,\"height\":188,\"caption\":\"Insektenliebe\"},\"image\":{\"@id\":\"https:\\\/\\\/insektenliebe.com\\\/it\\\/#\\\/schema\\\/logo\\\/image\\\/\"}}]}<\/script>\n<!-- \/ Yoast SEO plugin. -->","yoast_head_json":{"title":"Ciotola per l'acqua ad angolo Exo Terra - Insektenliebe","description":"Ciotola d'acqua angolare Exo Terra - realistica, stabile e in 3 dimensioni (100, 300 e 800 ml). Perfetta per rettili, anfibi e invertebrati nel terrario.","robots":{"index":"index","follow":"follow","max-snippet":"max-snippet:-1","max-image-preview":"max-image-preview:large","max-video-preview":"max-video-preview:-1"},"canonical":"https:\/\/insektenliebe.com\/it\/shop\/prodotto\/ciotola-per-lacqua-ad-angolo-exo-terra\/","og_locale":"it_IT","og_type":"article","og_title":"Ciotola per l'acqua ad angolo Exo Terra - Insektenliebe","og_description":"Ciotola d'acqua angolare Exo Terra - realistica, stabile e in 3 dimensioni (100, 300 e 800 ml). Perfetta per rettili, anfibi e invertebrati nel terrario.","og_url":"https:\/\/insektenliebe.com\/it\/shop\/prodotto\/ciotola-per-lacqua-ad-angolo-exo-terra\/","og_site_name":"Insektenliebe","article_modified_time":"2026-03-11T18:41:58+00:00","og_image":[{"width":820,"height":820,"url":"https:\/\/insektenliebe.com\/wp-content\/uploads\/2025\/08\/Exo-Terra-Eckwassernapf-3-Varianten.jpg","type":"image\/jpeg"}],"twitter_card":"summary_large_image","twitter_misc":{"Tempo di lettura stimato":"2 minuto"},"schema":{"@context":"https:\/\/schema.org","@graph":[{"@type":"WebPage","@id":"https:\/\/insektenliebe.com\/it\/shop\/prodotto\/ciotola-per-lacqua-ad-angolo-exo-terra\/","url":"https:\/\/insektenliebe.com\/it\/shop\/prodotto\/ciotola-per-lacqua-ad-angolo-exo-terra\/","name":"Ciotola per l'acqua ad angolo Exo Terra - Insektenliebe","isPartOf":{"@id":"https:\/\/insektenliebe.com\/it\/#website"},"primaryImageOfPage":{"@id":"https:\/\/insektenliebe.com\/it\/shop\/prodotto\/ciotola-per-lacqua-ad-angolo-exo-terra\/#primaryimage"},"image":{"@id":"https:\/\/insektenliebe.com\/it\/shop\/prodotto\/ciotola-per-lacqua-ad-angolo-exo-terra\/#primaryimage"},"thumbnailUrl":"https:\/\/insektenliebe.com\/wp-content\/uploads\/2025\/08\/Exo-Terra-Eckwassernapf-3-Varianten.jpg","datePublished":"2025-08-29T14:36:49+00:00","dateModified":"2026-03-11T18:41:58+00:00","description":"Ciotola d'acqua angolare Exo Terra - realistica, stabile e in 3 dimensioni (100, 300 e 800 ml). Perfetta per rettili, anfibi e invertebrati nel terrario.","breadcrumb":{"@id":"https:\/\/insektenliebe.com\/it\/shop\/prodotto\/ciotola-per-lacqua-ad-angolo-exo-terra\/#breadcrumb"},"inLanguage":"it-IT","potentialAction":[{"@type":"ReadAction","target":["https:\/\/insektenliebe.com\/it\/shop\/prodotto\/ciotola-per-lacqua-ad-angolo-exo-terra\/"]}]},{"@type":"ImageObject","inLanguage":"it-IT","@id":"https:\/\/insektenliebe.com\/it\/shop\/prodotto\/ciotola-per-lacqua-ad-angolo-exo-terra\/#primaryimage","url":"https:\/\/insektenliebe.com\/wp-content\/uploads\/2025\/08\/Exo-Terra-Eckwassernapf-3-Varianten.jpg","contentUrl":"https:\/\/insektenliebe.com\/wp-content\/uploads\/2025\/08\/Exo-Terra-Eckwassernapf-3-Varianten.jpg","width":820,"height":820,"caption":"Ciotola per l'acqua ad angolo Exo Terra 3 varianti"},{"@type":"BreadcrumbList","@id":"https:\/\/insektenliebe.com\/it\/shop\/prodotto\/ciotola-per-lacqua-ad-angolo-exo-terra\/#breadcrumb","itemListElement":[{"@type":"ListItem","position":1,"name":"Startseite","item":"https:\/\/insektenliebe.com\/it\/"},{"@type":"ListItem","position":2,"name":"Negozio","item":"https:\/\/insektenliebe.com\/it\/negozio\/"},{"@type":"ListItem","position":3,"name":"Ciotola per l&#8217;acqua ad angolo Exo Terra"}]},{"@type":"WebSite","@id":"https:\/\/insektenliebe.com\/it\/#website","url":"https:\/\/insektenliebe.com\/it\/","name":"Insektenliebe","description":"Dein Zuhause f\u00fcr die kleinen Lebewesen","publisher":{"@id":"https:\/\/insektenliebe.com\/it\/#organization"},"potentialAction":[{"@type":"SearchAction","target":{"@type":"EntryPoint","urlTemplate":"https:\/\/insektenliebe.com\/it\/?s={search_term_string}"},"query-input":{"@type":"PropertyValueSpecification","valueRequired":true,"valueName":"search_term_string"}}],"inLanguage":"it-IT"},{"@type":"Organization","@id":"https:\/\/insektenliebe.com\/it\/#organization","name":"Insektenliebe","url":"https:\/\/insektenliebe.com\/it\/","logo":{"@type":"ImageObject","inLanguage":"it-IT","@id":"https:\/\/insektenliebe.com\/it\/#\/schema\/logo\/image\/","url":"https:\/\/insektenliebe.com\/wp-content\/uploads\/2025\/03\/logo-white.png","contentUrl":"https:\/\/insektenliebe.com\/wp-content\/uploads\/2025\/03\/logo-white.png","width":288,"height":188,"caption":"Insektenliebe"},"image":{"@id":"https:\/\/insektenliebe.com\/it\/#\/schema\/logo\/image\/"}}]}},"_links":{"self":[{"href":"https:\/\/insektenliebe.com\/it\/wp-json\/wp\/v2\/product\/189060","targetHints":{"allow":["GET"]}}],"collection":[{"href":"https:\/\/insektenliebe.com\/it\/wp-json\/wp\/v2\/product"}],"about":[{"href":"https:\/\/insektenliebe.com\/it\/wp-json\/wp\/v2\/types\/product"}],"wp:featuredmedia":[{"embeddable":true,"href":"https:\/\/insektenliebe.com\/it\/wp-json\/wp\/v2\/media\/189062"}],"wp:attachment":[{"href":"https:\/\/insektenliebe.com\/it\/wp-json\/wp\/v2\/media?parent=189060"}],"wp:term":[{"taxonomy":"product-supplier","embeddable":true,"href":"https:\/\/insektenliebe.com\/it\/wp-json\/wp\/v2\/product-supplier?post=189060"},{"taxonomy":"product_brand","embeddable":true,"href":"https:\/\/insektenliebe.com\/it\/wp-json\/wp\/v2\/product_brand?post=189060"},{"taxonomy":"product_cat","embeddable":true,"href":"https:\/\/insektenliebe.com\/it\/wp-json\/wp\/v2\/product_cat?post=189060"},{"taxonomy":"product_tag","embeddable":true,"href":"https:\/\/insektenliebe.com\/it\/wp-json\/wp\/v2\/product_tag?post=189060"},{"taxonomy":"lce-checkout-addons","embeddable":true,"href":"https:\/\/insektenliebe.com\/it\/wp-json\/wp\/v2\/lce-checkout-addons?post=189060"}],"curies":[{"name":"wp","href":"https:\/\/api.w.org\/{rel}","templated":true}]}}