{"id":189056,"date":"2025-08-30T11:24:18","date_gmt":"2025-08-30T09:24:18","guid":{"rendered":"https:\/\/insektenliebe.com\/shop\/produkt\/lampada-compatta-arcadia-d3-forest-7-uv-b\/"},"modified":"2025-08-30T11:24:18","modified_gmt":"2025-08-30T09:24:18","slug":"lampada-compatta-arcadia-d3-forest-7-uv-b","status":"publish","type":"product","link":"https:\/\/insektenliebe.com\/it\/shop\/prodotto\/lampada-compatta-arcadia-d3-forest-7-uv-b\/","title":{"rendered":"Lampada compatta Arcadia D3 Forest 7% UV-B"},"content":{"rendered":"<h3 class=\"p1\"><span style=\"color: #99cc33\"><strong><span class=\"s1\">Lampada compatta Arcadia D3 Forest 7% UV-B - Illuminazione UV-B naturale per terrari forestali<\/span><\/strong><\/span><\/h3>\n<p class=\"p1\"><span class=\"s1\">La <strong>lampada compatta Arcadia D3 Forest 7 % UV-B<\/strong> \u00e8 una fonte di luce affidabile per i terrari forestali. \u00c8 stata sviluppata appositamente per rettili, anfibi e invertebrati che provengono da habitat ombrosi. Con il 7% di raggi UV-B e il 30% di raggi UV-A, offre uno spettro bilanciato che ricalca le condizioni di luce delle foreste pluviali o di montagna. Gli animali di questi habitat dipendono dalla radiazione UV indiretta. Questa lampada offre proprio questo, con un&#8217;intensit\u00e0 naturale e sicura.    <\/span><\/p>\n<p class=\"p1\"><span class=\"s1\">La componente UV-B favorisce la produzione di vitamina D3 da parte dell&#8217;organismo. Questa \u00e8 fondamentale per un sano utilizzo del calcio. Questo mantiene ossa e muscoli forti. Anche l&#8217;attivit\u00e0, l&#8217;appetito e la riproduzione beneficiano di un apporto di raggi UV adeguato alla specie. La lampada \u00e8 disponibile in due versioni: 13 watt con 304 lumen e 23 watt con 798 lumen. La versione pi\u00f9 piccola \u00e8 adatta a terrari fino a circa 40 cm di altezza. La versione pi\u00f9 grande \u00e8 ideale per vasche fino a circa 60 cm di altezza. Entrambe le versioni non solo forniscono una luce sana, ma favoriscono anche la crescita delle piante.       <\/span><\/p>\n<p class=\"p1\"><span class=\"s1\">Un grande vantaggio \u00e8 la facilit\u00e0 d&#8217;uso. La lampada si inserisce in qualsiasi presa standard E27 e non richiede un alimentatore. Pu\u00f2 essere utilizzata in modo flessibile: come fonte di luce principale in vasche piccole o come complemento in allestimenti pi\u00f9 grandi. Animali come i gechi diurni, le anole o i piccoli camaleonti beneficiano in particolare dell&#8217;effetto di illuminazione naturale. La loro salute dipende molto da un apporto costante di luce UV.    <\/span><\/p>\n<p class=\"p1\"><span class=\"s1\">Anche se la <strong>lampada compatta Arcadia D3 Wald 7 % UV-B<\/strong> \u00e8 ancora accesa dopo un anno, deve essere sostituita regolarmente. Questo perch\u00e9 la potenza UV diminuisce con il passare del tempo. La lampada compatta Arcadia D3 Forest 7 % UV-B \u00e8 una scelta sicura per tutti coloro che tengono ad un allevamento adeguato alla specie. Risparmia energia, \u00e8 efficace e fornisce esattamente ci\u00f2 di cui animali e piante hanno bisogno in un terrario forestale.   <\/span><\/p>\n","protected":false},"excerpt":{"rendered":"<p>Lampada compatta Arcadia D3 Forest 7% UV-B - Illuminazione UV-B naturale per terrari forestali La lampada compatta Arcadia D3 Forest 7 % UV-B \u00e8 una fonte di luce affidabile per i terrari forestali. \u00c8 stata sviluppata appositamente per rettili, anfibi e invertebrati che provengono da habitat ombrosi. Con il 7% di raggi UV-B e il [&hellip;]<\/p>\n","protected":false},"featured_media":189058,"template":"","meta":{"_acf_changed":false},"product-supplier":[2685],"product_brand":[],"product_cat":[2741],"product_tag":[],"lce-checkout-addons":[],"class_list":{"0":"post-189056","1":"product","2":"type-product","3":"status-publish","4":"has-post-thumbnail","6":"product_cat-illuminazione-e-clima","7":"product_shipping_class-equipment-shipping","9":"first","10":"instock","11":"sale","12":"taxable","13":"shipping-taxable","14":"purchasable","15":"product-type-variable"},"acf":[],"yoast_head":"<!-- This site is optimized with the Yoast SEO plugin v27.3 - https:\/\/yoast.com\/product\/yoast-seo-wordpress\/ -->\n<title>Lampada compatta Arcadia D3 Forest 7% UV-B - Insektenliebe<\/title>\n<meta name=\"description\" content=\"Lampada UVB per terrari forestali con il 7% di UV-B, fino a 798 lumen. Per animali provenienti da habitat ombreggiati. Ideale per terrari fino a 60 cm di altezza. Semplice ed efficiente\" \/>\n<meta name=\"robots\" content=\"index, follow, max-snippet:-1, max-image-preview:large, max-video-preview:-1\" \/>\n<link rel=\"canonical\" href=\"https:\/\/insektenliebe.com\/it\/shop\/prodotto\/lampada-compatta-arcadia-d3-forest-7-uv-b\/\" \/>\n<meta property=\"og:locale\" content=\"it_IT\" \/>\n<meta property=\"og:type\" content=\"article\" \/>\n<meta property=\"og:title\" content=\"Lampada compatta Arcadia D3 Forest 7% UV-B - Insektenliebe\" \/>\n<meta property=\"og:description\" content=\"Lampada UVB per terrari forestali con il 7% di UV-B, fino a 798 lumen. Per animali provenienti da habitat ombreggiati. Ideale per terrari fino a 60 cm di altezza. Semplice ed efficiente\" \/>\n<meta property=\"og:url\" content=\"https:\/\/insektenliebe.com\/it\/shop\/prodotto\/lampada-compatta-arcadia-d3-forest-7-uv-b\/\" \/>\n<meta property=\"og:site_name\" content=\"Insektenliebe\" \/>\n<meta property=\"og:image\" content=\"https:\/\/insektenliebe.com\/wp-content\/uploads\/2025\/08\/Arcadia-Kompaktlampe-D3-Wald-7-UV-B.jpg\" \/>\n\t<meta property=\"og:image:width\" content=\"820\" \/>\n\t<meta property=\"og:image:height\" content=\"820\" \/>\n\t<meta property=\"og:image:type\" content=\"image\/jpeg\" \/>\n<meta name=\"twitter:card\" content=\"summary_large_image\" \/>\n<meta name=\"twitter:label1\" content=\"Tempo di lettura stimato\" \/>\n\t<meta name=\"twitter:data1\" content=\"2 minuto\" \/>\n<script type=\"application\/ld+json\" class=\"yoast-schema-graph\">{\"@context\":\"https:\\\/\\\/schema.org\",\"@graph\":[{\"@type\":\"WebPage\",\"@id\":\"https:\\\/\\\/insektenliebe.com\\\/it\\\/shop\\\/prodotto\\\/lampada-compatta-arcadia-d3-forest-7-uv-b\\\/\",\"url\":\"https:\\\/\\\/insektenliebe.com\\\/it\\\/shop\\\/prodotto\\\/lampada-compatta-arcadia-d3-forest-7-uv-b\\\/\",\"name\":\"Lampada compatta Arcadia D3 Forest 7% UV-B - Insektenliebe\",\"isPartOf\":{\"@id\":\"https:\\\/\\\/insektenliebe.com\\\/it\\\/#website\"},\"primaryImageOfPage\":{\"@id\":\"https:\\\/\\\/insektenliebe.com\\\/it\\\/shop\\\/prodotto\\\/lampada-compatta-arcadia-d3-forest-7-uv-b\\\/#primaryimage\"},\"image\":{\"@id\":\"https:\\\/\\\/insektenliebe.com\\\/it\\\/shop\\\/prodotto\\\/lampada-compatta-arcadia-d3-forest-7-uv-b\\\/#primaryimage\"},\"thumbnailUrl\":\"https:\\\/\\\/insektenliebe.com\\\/wp-content\\\/uploads\\\/2025\\\/08\\\/Arcadia-Kompaktlampe-D3-Wald-7-UV-B.jpg\",\"datePublished\":\"2025-08-30T09:24:18+00:00\",\"description\":\"Lampada UVB per terrari forestali con il 7% di UV-B, fino a 798 lumen. Per animali provenienti da habitat ombreggiati. Ideale per terrari fino a 60 cm di altezza. Semplice ed efficiente\",\"breadcrumb\":{\"@id\":\"https:\\\/\\\/insektenliebe.com\\\/it\\\/shop\\\/prodotto\\\/lampada-compatta-arcadia-d3-forest-7-uv-b\\\/#breadcrumb\"},\"inLanguage\":\"it-IT\",\"potentialAction\":[{\"@type\":\"ReadAction\",\"target\":[\"https:\\\/\\\/insektenliebe.com\\\/it\\\/shop\\\/prodotto\\\/lampada-compatta-arcadia-d3-forest-7-uv-b\\\/\"]}]},{\"@type\":\"ImageObject\",\"inLanguage\":\"it-IT\",\"@id\":\"https:\\\/\\\/insektenliebe.com\\\/it\\\/shop\\\/prodotto\\\/lampada-compatta-arcadia-d3-forest-7-uv-b\\\/#primaryimage\",\"url\":\"https:\\\/\\\/insektenliebe.com\\\/wp-content\\\/uploads\\\/2025\\\/08\\\/Arcadia-Kompaktlampe-D3-Wald-7-UV-B.jpg\",\"contentUrl\":\"https:\\\/\\\/insektenliebe.com\\\/wp-content\\\/uploads\\\/2025\\\/08\\\/Arcadia-Kompaktlampe-D3-Wald-7-UV-B.jpg\",\"width\":820,\"height\":820,\"caption\":\"Lampada compatta Arcadia D3 Forest 7% UV-B\"},{\"@type\":\"BreadcrumbList\",\"@id\":\"https:\\\/\\\/insektenliebe.com\\\/it\\\/shop\\\/prodotto\\\/lampada-compatta-arcadia-d3-forest-7-uv-b\\\/#breadcrumb\",\"itemListElement\":[{\"@type\":\"ListItem\",\"position\":1,\"name\":\"Startseite\",\"item\":\"https:\\\/\\\/insektenliebe.com\\\/it\\\/\"},{\"@type\":\"ListItem\",\"position\":2,\"name\":\"Negozio\",\"item\":\"https:\\\/\\\/insektenliebe.com\\\/it\\\/negozio\\\/\"},{\"@type\":\"ListItem\",\"position\":3,\"name\":\"Lampada compatta Arcadia D3 Forest 7% UV-B\"}]},{\"@type\":\"WebSite\",\"@id\":\"https:\\\/\\\/insektenliebe.com\\\/it\\\/#website\",\"url\":\"https:\\\/\\\/insektenliebe.com\\\/it\\\/\",\"name\":\"Insektenliebe\",\"description\":\"Dein Zuhause f\u00fcr die kleinen Lebewesen\",\"publisher\":{\"@id\":\"https:\\\/\\\/insektenliebe.com\\\/it\\\/#organization\"},\"potentialAction\":[{\"@type\":\"SearchAction\",\"target\":{\"@type\":\"EntryPoint\",\"urlTemplate\":\"https:\\\/\\\/insektenliebe.com\\\/it\\\/?s={search_term_string}\"},\"query-input\":{\"@type\":\"PropertyValueSpecification\",\"valueRequired\":true,\"valueName\":\"search_term_string\"}}],\"inLanguage\":\"it-IT\"},{\"@type\":\"Organization\",\"@id\":\"https:\\\/\\\/insektenliebe.com\\\/it\\\/#organization\",\"name\":\"Insektenliebe\",\"url\":\"https:\\\/\\\/insektenliebe.com\\\/it\\\/\",\"logo\":{\"@type\":\"ImageObject\",\"inLanguage\":\"it-IT\",\"@id\":\"https:\\\/\\\/insektenliebe.com\\\/it\\\/#\\\/schema\\\/logo\\\/image\\\/\",\"url\":\"https:\\\/\\\/insektenliebe.com\\\/wp-content\\\/uploads\\\/2025\\\/03\\\/logo-white.png\",\"contentUrl\":\"https:\\\/\\\/insektenliebe.com\\\/wp-content\\\/uploads\\\/2025\\\/03\\\/logo-white.png\",\"width\":288,\"height\":188,\"caption\":\"Insektenliebe\"},\"image\":{\"@id\":\"https:\\\/\\\/insektenliebe.com\\\/it\\\/#\\\/schema\\\/logo\\\/image\\\/\"}}]}<\/script>\n<!-- \/ Yoast SEO plugin. -->","yoast_head_json":{"title":"Lampada compatta Arcadia D3 Forest 7% UV-B - Insektenliebe","description":"Lampada UVB per terrari forestali con il 7% di UV-B, fino a 798 lumen. Per animali provenienti da habitat ombreggiati. Ideale per terrari fino a 60 cm di altezza. Semplice ed efficiente","robots":{"index":"index","follow":"follow","max-snippet":"max-snippet:-1","max-image-preview":"max-image-preview:large","max-video-preview":"max-video-preview:-1"},"canonical":"https:\/\/insektenliebe.com\/it\/shop\/prodotto\/lampada-compatta-arcadia-d3-forest-7-uv-b\/","og_locale":"it_IT","og_type":"article","og_title":"Lampada compatta Arcadia D3 Forest 7% UV-B - Insektenliebe","og_description":"Lampada UVB per terrari forestali con il 7% di UV-B, fino a 798 lumen. Per animali provenienti da habitat ombreggiati. Ideale per terrari fino a 60 cm di altezza. Semplice ed efficiente","og_url":"https:\/\/insektenliebe.com\/it\/shop\/prodotto\/lampada-compatta-arcadia-d3-forest-7-uv-b\/","og_site_name":"Insektenliebe","og_image":[{"width":820,"height":820,"url":"https:\/\/insektenliebe.com\/wp-content\/uploads\/2025\/08\/Arcadia-Kompaktlampe-D3-Wald-7-UV-B.jpg","type":"image\/jpeg"}],"twitter_card":"summary_large_image","twitter_misc":{"Tempo di lettura stimato":"2 minuto"},"schema":{"@context":"https:\/\/schema.org","@graph":[{"@type":"WebPage","@id":"https:\/\/insektenliebe.com\/it\/shop\/prodotto\/lampada-compatta-arcadia-d3-forest-7-uv-b\/","url":"https:\/\/insektenliebe.com\/it\/shop\/prodotto\/lampada-compatta-arcadia-d3-forest-7-uv-b\/","name":"Lampada compatta Arcadia D3 Forest 7% UV-B - Insektenliebe","isPartOf":{"@id":"https:\/\/insektenliebe.com\/it\/#website"},"primaryImageOfPage":{"@id":"https:\/\/insektenliebe.com\/it\/shop\/prodotto\/lampada-compatta-arcadia-d3-forest-7-uv-b\/#primaryimage"},"image":{"@id":"https:\/\/insektenliebe.com\/it\/shop\/prodotto\/lampada-compatta-arcadia-d3-forest-7-uv-b\/#primaryimage"},"thumbnailUrl":"https:\/\/insektenliebe.com\/wp-content\/uploads\/2025\/08\/Arcadia-Kompaktlampe-D3-Wald-7-UV-B.jpg","datePublished":"2025-08-30T09:24:18+00:00","description":"Lampada UVB per terrari forestali con il 7% di UV-B, fino a 798 lumen. Per animali provenienti da habitat ombreggiati. Ideale per terrari fino a 60 cm di altezza. Semplice ed efficiente","breadcrumb":{"@id":"https:\/\/insektenliebe.com\/it\/shop\/prodotto\/lampada-compatta-arcadia-d3-forest-7-uv-b\/#breadcrumb"},"inLanguage":"it-IT","potentialAction":[{"@type":"ReadAction","target":["https:\/\/insektenliebe.com\/it\/shop\/prodotto\/lampada-compatta-arcadia-d3-forest-7-uv-b\/"]}]},{"@type":"ImageObject","inLanguage":"it-IT","@id":"https:\/\/insektenliebe.com\/it\/shop\/prodotto\/lampada-compatta-arcadia-d3-forest-7-uv-b\/#primaryimage","url":"https:\/\/insektenliebe.com\/wp-content\/uploads\/2025\/08\/Arcadia-Kompaktlampe-D3-Wald-7-UV-B.jpg","contentUrl":"https:\/\/insektenliebe.com\/wp-content\/uploads\/2025\/08\/Arcadia-Kompaktlampe-D3-Wald-7-UV-B.jpg","width":820,"height":820,"caption":"Lampada compatta Arcadia D3 Forest 7% UV-B"},{"@type":"BreadcrumbList","@id":"https:\/\/insektenliebe.com\/it\/shop\/prodotto\/lampada-compatta-arcadia-d3-forest-7-uv-b\/#breadcrumb","itemListElement":[{"@type":"ListItem","position":1,"name":"Startseite","item":"https:\/\/insektenliebe.com\/it\/"},{"@type":"ListItem","position":2,"name":"Negozio","item":"https:\/\/insektenliebe.com\/it\/negozio\/"},{"@type":"ListItem","position":3,"name":"Lampada compatta Arcadia D3 Forest 7% UV-B"}]},{"@type":"WebSite","@id":"https:\/\/insektenliebe.com\/it\/#website","url":"https:\/\/insektenliebe.com\/it\/","name":"Insektenliebe","description":"Dein Zuhause f\u00fcr die kleinen Lebewesen","publisher":{"@id":"https:\/\/insektenliebe.com\/it\/#organization"},"potentialAction":[{"@type":"SearchAction","target":{"@type":"EntryPoint","urlTemplate":"https:\/\/insektenliebe.com\/it\/?s={search_term_string}"},"query-input":{"@type":"PropertyValueSpecification","valueRequired":true,"valueName":"search_term_string"}}],"inLanguage":"it-IT"},{"@type":"Organization","@id":"https:\/\/insektenliebe.com\/it\/#organization","name":"Insektenliebe","url":"https:\/\/insektenliebe.com\/it\/","logo":{"@type":"ImageObject","inLanguage":"it-IT","@id":"https:\/\/insektenliebe.com\/it\/#\/schema\/logo\/image\/","url":"https:\/\/insektenliebe.com\/wp-content\/uploads\/2025\/03\/logo-white.png","contentUrl":"https:\/\/insektenliebe.com\/wp-content\/uploads\/2025\/03\/logo-white.png","width":288,"height":188,"caption":"Insektenliebe"},"image":{"@id":"https:\/\/insektenliebe.com\/it\/#\/schema\/logo\/image\/"}}]}},"_links":{"self":[{"href":"https:\/\/insektenliebe.com\/it\/wp-json\/wp\/v2\/product\/189056","targetHints":{"allow":["GET"]}}],"collection":[{"href":"https:\/\/insektenliebe.com\/it\/wp-json\/wp\/v2\/product"}],"about":[{"href":"https:\/\/insektenliebe.com\/it\/wp-json\/wp\/v2\/types\/product"}],"wp:featuredmedia":[{"embeddable":true,"href":"https:\/\/insektenliebe.com\/it\/wp-json\/wp\/v2\/media\/189058"}],"wp:attachment":[{"href":"https:\/\/insektenliebe.com\/it\/wp-json\/wp\/v2\/media?parent=189056"}],"wp:term":[{"taxonomy":"product-supplier","embeddable":true,"href":"https:\/\/insektenliebe.com\/it\/wp-json\/wp\/v2\/product-supplier?post=189056"},{"taxonomy":"product_brand","embeddable":true,"href":"https:\/\/insektenliebe.com\/it\/wp-json\/wp\/v2\/product_brand?post=189056"},{"taxonomy":"product_cat","embeddable":true,"href":"https:\/\/insektenliebe.com\/it\/wp-json\/wp\/v2\/product_cat?post=189056"},{"taxonomy":"product_tag","embeddable":true,"href":"https:\/\/insektenliebe.com\/it\/wp-json\/wp\/v2\/product_tag?post=189056"},{"taxonomy":"lce-checkout-addons","embeddable":true,"href":"https:\/\/insektenliebe.com\/it\/wp-json\/wp\/v2\/lce-checkout-addons?post=189056"}],"curies":[{"name":"wp","href":"https:\/\/api.w.org\/{rel}","templated":true}]}}