{"id":189052,"date":"2025-09-05T16:08:00","date_gmt":"2025-09-05T14:08:00","guid":{"rendered":"https:\/\/insektenliebe.com\/shop\/produkt\/peperomia-prostrata\/"},"modified":"2025-09-05T16:08:00","modified_gmt":"2025-09-05T14:08:00","slug":"peperomia-prostrata","status":"publish","type":"product","link":"https:\/\/insektenliebe.com\/it\/shop\/prodotto\/peperomia-prostrata\/","title":{"rendered":"Peperomia prostrata"},"content":{"rendered":"<h3 class=\"p1\"><span style=\"color: #99cc33\"><strong><span class=\"s1\">Copertura del suolo compatta: Peperomia prostrata<\/span><\/strong><\/span><\/h3>\n<p class=\"p1\"><span class=\"s1\">Il <\/span><strong><span class=\"s2\">Peperomia prostrata<\/span><\/strong><span class=\"s1\">conosciuta anche come \"erba tartaruga\", \u00e8 una pianta delicata e strisciante che d\u00e0 un tocco di vivacit\u00e0 ai terrari. \u00c8 originaria delle regioni tropicali del Sud America, dove cresce al suolo in fitte foreste pluviali e predilige le zone d&#8217;ombra o semi-ombra nel suo habitat naturale. Le sue foglie decorative e tondeggianti sono di colore verde con sottili segni a rete che ricordano i gusci di piccole tartarughe, da cui deriva il suo nome.  <\/span><\/p>\n<p class=\"p1\"><span class=\"s1\">Con la sua natura vigorosa e rampicante <strong><span class=\"s2\">la Peperomia prostrata<\/span><\/strong> \u00e8 perfetta per rinverdire le aree del terrario o per arrampicarsi dolcemente su rami e pietre. Rimane complessivamente compatta, ma raggiunge una bella densit\u00e0 grazie ai suoi rampicanti, creando un aspetto complessivo armonioso e realistico. <\/span><\/p>\n<p class=\"p1\"><span class=\"s1\">Questa pianta \u00e8 molto semplice da tenere in un terrario. Preferisce una   <\/span><span class=\"s2\">umidit\u00e0 elevata tra il 70 e il 90<\/span><span class=\"s1\"> e prospera in modo ottimale a temperature comprese tra <\/span><span class=\"s2\">20-28 \u00b0C<\/span><span class=\"s1\">. Dato che non tollera la luce diretta del sole, una posizione con  <\/span><span class=\"s2\">luce indiretta<\/span><span class=\"s1\">  \u00e8 del tutto sufficiente. Per una crescita sana, ti consigliamo di illuminare con una quantit\u00e0 di luce pari a circa il 50%.   <\/span><span class=\"s2\">800-1.200 lumen<\/span><span class=\"s1\">che imita bene il loro ambiente naturale.<\/span><\/p>\n<p class=\"p1\"><span class=\"s1\">Grazie alla sua crescita compatta, la <strong><span class=\"s2\">Peperomia prostrata<\/span><\/strong> di solito raggiunge solo un&#8217;altezza di <\/span><span class=\"s2\">5-10 cm<\/span><span class=\"s1\">ma cresce in larghezza con i suoi viticci. Questo la rende ideale sia per i terrari pi\u00f9 piccoli che per quelli pi\u00f9 grandi, soprattutto in combinazione con muschi, felci o altre piante tropicali. <\/span><\/p>\n<p class=\"p1\"><span class=\"s1\">La pianta \u00e8 anche molto facile da curare: \u00e8 sufficiente un substrato sciolto e ben drenato e le irrorazioni regolari forniscono l&#8217;umidit\u00e0 necessaria. I ristagni d&#8217;acqua devono essere evitati perch\u00e9 le radici sottili reagiscono in modo sensibile. <\/span><\/p>\n<p class=\"p1\"><span class=\"s1\">Con il suo particolare disegno fogliare e la sua crescita dolce e strisciante, la <strong><span class=\"s2\">Peperomia prostrata<\/span><\/strong> \u00e8 una scelta meravigliosa per aggiungere struttura e naturalezza al terrario, sia come copertura del terreno che come accento rampicante.<\/span><\/p>\n","protected":false},"excerpt":{"rendered":"<p>Copertura del suolo compatta: Peperomia prostrata Il Peperomia prostrataconosciuta anche come \"erba tartaruga\", \u00e8 una pianta delicata e strisciante che d\u00e0 un tocco di vivacit\u00e0 ai terrari. \u00c8 originaria delle regioni tropicali del Sud America, dove cresce al suolo in fitte foreste pluviali e predilige le zone d&#8217;ombra o semi-ombra nel suo habitat naturale. Le [&hellip;]<\/p>\n","protected":false},"featured_media":189054,"template":"","meta":{"_acf_changed":false},"product-supplier":[2685],"product_brand":[],"product_cat":[3181],"product_tag":[],"lce-checkout-addons":[2746],"class_list":{"0":"post-189052","1":"product","2":"type-product","3":"status-publish","4":"has-post-thumbnail","6":"product_cat-piante-da-terrario","7":"product_shipping_class-equipment-shipping","8":"pa_herkunft-ecuador","9":"lce-checkout-addons-imballaggio-invernale","11":"first","12":"instock","13":"taxable","14":"shipping-taxable","15":"purchasable","16":"product-type-simple"},"acf":[],"yoast_head":"<!-- This site is optimized with the Yoast SEO plugin v27.3 - https:\/\/yoast.com\/product\/yoast-seo-wordpress\/ -->\n<title>Peperomia prostrata - Insektenliebe<\/title>\n<meta name=\"description\" content=\"Peperomia prostrata - erbaccia tropicale con un disegno fogliare unico. Perfetta come copertura del terreno o come pianta rampicante per il terrario.\" \/>\n<meta name=\"robots\" content=\"index, follow, max-snippet:-1, max-image-preview:large, max-video-preview:-1\" \/>\n<link rel=\"canonical\" href=\"https:\/\/insektenliebe.com\/it\/shop\/prodotto\/peperomia-prostrata\/\" \/>\n<meta property=\"og:locale\" content=\"it_IT\" \/>\n<meta property=\"og:type\" content=\"article\" \/>\n<meta property=\"og:title\" content=\"Peperomia prostrata - Insektenliebe\" \/>\n<meta property=\"og:description\" content=\"Peperomia prostrata - erbaccia tropicale con un disegno fogliare unico. Perfetta come copertura del terreno o come pianta rampicante per il terrario.\" \/>\n<meta property=\"og:url\" content=\"https:\/\/insektenliebe.com\/it\/shop\/prodotto\/peperomia-prostrata\/\" \/>\n<meta property=\"og:site_name\" content=\"Insektenliebe\" \/>\n<meta property=\"og:image\" content=\"https:\/\/insektenliebe.com\/wp-content\/uploads\/2025\/09\/Peperomia-prostrata.jpg\" \/>\n\t<meta property=\"og:image:width\" content=\"820\" \/>\n\t<meta property=\"og:image:height\" content=\"820\" \/>\n\t<meta property=\"og:image:type\" content=\"image\/jpeg\" \/>\n<meta name=\"twitter:card\" content=\"summary_large_image\" \/>\n<meta name=\"twitter:label1\" content=\"Tempo di lettura stimato\" \/>\n\t<meta name=\"twitter:data1\" content=\"2 minuto\" \/>\n<script type=\"application\/ld+json\" class=\"yoast-schema-graph\">{\"@context\":\"https:\\\/\\\/schema.org\",\"@graph\":[{\"@type\":\"WebPage\",\"@id\":\"https:\\\/\\\/insektenliebe.com\\\/it\\\/shop\\\/prodotto\\\/peperomia-prostrata\\\/\",\"url\":\"https:\\\/\\\/insektenliebe.com\\\/it\\\/shop\\\/prodotto\\\/peperomia-prostrata\\\/\",\"name\":\"Peperomia prostrata - Insektenliebe\",\"isPartOf\":{\"@id\":\"https:\\\/\\\/insektenliebe.com\\\/it\\\/#website\"},\"primaryImageOfPage\":{\"@id\":\"https:\\\/\\\/insektenliebe.com\\\/it\\\/shop\\\/prodotto\\\/peperomia-prostrata\\\/#primaryimage\"},\"image\":{\"@id\":\"https:\\\/\\\/insektenliebe.com\\\/it\\\/shop\\\/prodotto\\\/peperomia-prostrata\\\/#primaryimage\"},\"thumbnailUrl\":\"https:\\\/\\\/insektenliebe.com\\\/wp-content\\\/uploads\\\/2025\\\/09\\\/Peperomia-prostrata.jpg\",\"datePublished\":\"2025-09-05T14:08:00+00:00\",\"description\":\"Peperomia prostrata - erbaccia tropicale con un disegno fogliare unico. Perfetta come copertura del terreno o come pianta rampicante per il terrario.\",\"breadcrumb\":{\"@id\":\"https:\\\/\\\/insektenliebe.com\\\/it\\\/shop\\\/prodotto\\\/peperomia-prostrata\\\/#breadcrumb\"},\"inLanguage\":\"it-IT\",\"potentialAction\":[{\"@type\":\"ReadAction\",\"target\":[\"https:\\\/\\\/insektenliebe.com\\\/it\\\/shop\\\/prodotto\\\/peperomia-prostrata\\\/\"]}]},{\"@type\":\"ImageObject\",\"inLanguage\":\"it-IT\",\"@id\":\"https:\\\/\\\/insektenliebe.com\\\/it\\\/shop\\\/prodotto\\\/peperomia-prostrata\\\/#primaryimage\",\"url\":\"https:\\\/\\\/insektenliebe.com\\\/wp-content\\\/uploads\\\/2025\\\/09\\\/Peperomia-prostrata.jpg\",\"contentUrl\":\"https:\\\/\\\/insektenliebe.com\\\/wp-content\\\/uploads\\\/2025\\\/09\\\/Peperomia-prostrata.jpg\",\"width\":820,\"height\":820,\"caption\":\"Peperomia prostrata\"},{\"@type\":\"BreadcrumbList\",\"@id\":\"https:\\\/\\\/insektenliebe.com\\\/it\\\/shop\\\/prodotto\\\/peperomia-prostrata\\\/#breadcrumb\",\"itemListElement\":[{\"@type\":\"ListItem\",\"position\":1,\"name\":\"Startseite\",\"item\":\"https:\\\/\\\/insektenliebe.com\\\/it\\\/\"},{\"@type\":\"ListItem\",\"position\":2,\"name\":\"Negozio\",\"item\":\"https:\\\/\\\/insektenliebe.com\\\/it\\\/negozio\\\/\"},{\"@type\":\"ListItem\",\"position\":3,\"name\":\"Peperomia prostrata\"}]},{\"@type\":\"WebSite\",\"@id\":\"https:\\\/\\\/insektenliebe.com\\\/it\\\/#website\",\"url\":\"https:\\\/\\\/insektenliebe.com\\\/it\\\/\",\"name\":\"Insektenliebe\",\"description\":\"Dein Zuhause f\u00fcr die kleinen Lebewesen\",\"publisher\":{\"@id\":\"https:\\\/\\\/insektenliebe.com\\\/it\\\/#organization\"},\"potentialAction\":[{\"@type\":\"SearchAction\",\"target\":{\"@type\":\"EntryPoint\",\"urlTemplate\":\"https:\\\/\\\/insektenliebe.com\\\/it\\\/?s={search_term_string}\"},\"query-input\":{\"@type\":\"PropertyValueSpecification\",\"valueRequired\":true,\"valueName\":\"search_term_string\"}}],\"inLanguage\":\"it-IT\"},{\"@type\":\"Organization\",\"@id\":\"https:\\\/\\\/insektenliebe.com\\\/it\\\/#organization\",\"name\":\"Insektenliebe\",\"url\":\"https:\\\/\\\/insektenliebe.com\\\/it\\\/\",\"logo\":{\"@type\":\"ImageObject\",\"inLanguage\":\"it-IT\",\"@id\":\"https:\\\/\\\/insektenliebe.com\\\/it\\\/#\\\/schema\\\/logo\\\/image\\\/\",\"url\":\"https:\\\/\\\/insektenliebe.com\\\/wp-content\\\/uploads\\\/2025\\\/03\\\/logo-white.png\",\"contentUrl\":\"https:\\\/\\\/insektenliebe.com\\\/wp-content\\\/uploads\\\/2025\\\/03\\\/logo-white.png\",\"width\":288,\"height\":188,\"caption\":\"Insektenliebe\"},\"image\":{\"@id\":\"https:\\\/\\\/insektenliebe.com\\\/it\\\/#\\\/schema\\\/logo\\\/image\\\/\"}}]}<\/script>\n<!-- \/ Yoast SEO plugin. -->","yoast_head_json":{"title":"Peperomia prostrata - Insektenliebe","description":"Peperomia prostrata - erbaccia tropicale con un disegno fogliare unico. Perfetta come copertura del terreno o come pianta rampicante per il terrario.","robots":{"index":"index","follow":"follow","max-snippet":"max-snippet:-1","max-image-preview":"max-image-preview:large","max-video-preview":"max-video-preview:-1"},"canonical":"https:\/\/insektenliebe.com\/it\/shop\/prodotto\/peperomia-prostrata\/","og_locale":"it_IT","og_type":"article","og_title":"Peperomia prostrata - Insektenliebe","og_description":"Peperomia prostrata - erbaccia tropicale con un disegno fogliare unico. Perfetta come copertura del terreno o come pianta rampicante per il terrario.","og_url":"https:\/\/insektenliebe.com\/it\/shop\/prodotto\/peperomia-prostrata\/","og_site_name":"Insektenliebe","og_image":[{"width":820,"height":820,"url":"https:\/\/insektenliebe.com\/wp-content\/uploads\/2025\/09\/Peperomia-prostrata.jpg","type":"image\/jpeg"}],"twitter_card":"summary_large_image","twitter_misc":{"Tempo di lettura stimato":"2 minuto"},"schema":{"@context":"https:\/\/schema.org","@graph":[{"@type":"WebPage","@id":"https:\/\/insektenliebe.com\/it\/shop\/prodotto\/peperomia-prostrata\/","url":"https:\/\/insektenliebe.com\/it\/shop\/prodotto\/peperomia-prostrata\/","name":"Peperomia prostrata - Insektenliebe","isPartOf":{"@id":"https:\/\/insektenliebe.com\/it\/#website"},"primaryImageOfPage":{"@id":"https:\/\/insektenliebe.com\/it\/shop\/prodotto\/peperomia-prostrata\/#primaryimage"},"image":{"@id":"https:\/\/insektenliebe.com\/it\/shop\/prodotto\/peperomia-prostrata\/#primaryimage"},"thumbnailUrl":"https:\/\/insektenliebe.com\/wp-content\/uploads\/2025\/09\/Peperomia-prostrata.jpg","datePublished":"2025-09-05T14:08:00+00:00","description":"Peperomia prostrata - erbaccia tropicale con un disegno fogliare unico. Perfetta come copertura del terreno o come pianta rampicante per il terrario.","breadcrumb":{"@id":"https:\/\/insektenliebe.com\/it\/shop\/prodotto\/peperomia-prostrata\/#breadcrumb"},"inLanguage":"it-IT","potentialAction":[{"@type":"ReadAction","target":["https:\/\/insektenliebe.com\/it\/shop\/prodotto\/peperomia-prostrata\/"]}]},{"@type":"ImageObject","inLanguage":"it-IT","@id":"https:\/\/insektenliebe.com\/it\/shop\/prodotto\/peperomia-prostrata\/#primaryimage","url":"https:\/\/insektenliebe.com\/wp-content\/uploads\/2025\/09\/Peperomia-prostrata.jpg","contentUrl":"https:\/\/insektenliebe.com\/wp-content\/uploads\/2025\/09\/Peperomia-prostrata.jpg","width":820,"height":820,"caption":"Peperomia prostrata"},{"@type":"BreadcrumbList","@id":"https:\/\/insektenliebe.com\/it\/shop\/prodotto\/peperomia-prostrata\/#breadcrumb","itemListElement":[{"@type":"ListItem","position":1,"name":"Startseite","item":"https:\/\/insektenliebe.com\/it\/"},{"@type":"ListItem","position":2,"name":"Negozio","item":"https:\/\/insektenliebe.com\/it\/negozio\/"},{"@type":"ListItem","position":3,"name":"Peperomia prostrata"}]},{"@type":"WebSite","@id":"https:\/\/insektenliebe.com\/it\/#website","url":"https:\/\/insektenliebe.com\/it\/","name":"Insektenliebe","description":"Dein Zuhause f\u00fcr die kleinen Lebewesen","publisher":{"@id":"https:\/\/insektenliebe.com\/it\/#organization"},"potentialAction":[{"@type":"SearchAction","target":{"@type":"EntryPoint","urlTemplate":"https:\/\/insektenliebe.com\/it\/?s={search_term_string}"},"query-input":{"@type":"PropertyValueSpecification","valueRequired":true,"valueName":"search_term_string"}}],"inLanguage":"it-IT"},{"@type":"Organization","@id":"https:\/\/insektenliebe.com\/it\/#organization","name":"Insektenliebe","url":"https:\/\/insektenliebe.com\/it\/","logo":{"@type":"ImageObject","inLanguage":"it-IT","@id":"https:\/\/insektenliebe.com\/it\/#\/schema\/logo\/image\/","url":"https:\/\/insektenliebe.com\/wp-content\/uploads\/2025\/03\/logo-white.png","contentUrl":"https:\/\/insektenliebe.com\/wp-content\/uploads\/2025\/03\/logo-white.png","width":288,"height":188,"caption":"Insektenliebe"},"image":{"@id":"https:\/\/insektenliebe.com\/it\/#\/schema\/logo\/image\/"}}]}},"_links":{"self":[{"href":"https:\/\/insektenliebe.com\/it\/wp-json\/wp\/v2\/product\/189052","targetHints":{"allow":["GET"]}}],"collection":[{"href":"https:\/\/insektenliebe.com\/it\/wp-json\/wp\/v2\/product"}],"about":[{"href":"https:\/\/insektenliebe.com\/it\/wp-json\/wp\/v2\/types\/product"}],"wp:featuredmedia":[{"embeddable":true,"href":"https:\/\/insektenliebe.com\/it\/wp-json\/wp\/v2\/media\/189054"}],"wp:attachment":[{"href":"https:\/\/insektenliebe.com\/it\/wp-json\/wp\/v2\/media?parent=189052"}],"wp:term":[{"taxonomy":"product-supplier","embeddable":true,"href":"https:\/\/insektenliebe.com\/it\/wp-json\/wp\/v2\/product-supplier?post=189052"},{"taxonomy":"product_brand","embeddable":true,"href":"https:\/\/insektenliebe.com\/it\/wp-json\/wp\/v2\/product_brand?post=189052"},{"taxonomy":"product_cat","embeddable":true,"href":"https:\/\/insektenliebe.com\/it\/wp-json\/wp\/v2\/product_cat?post=189052"},{"taxonomy":"product_tag","embeddable":true,"href":"https:\/\/insektenliebe.com\/it\/wp-json\/wp\/v2\/product_tag?post=189052"},{"taxonomy":"lce-checkout-addons","embeddable":true,"href":"https:\/\/insektenliebe.com\/it\/wp-json\/wp\/v2\/lce-checkout-addons?post=189052"}],"curies":[{"name":"wp","href":"https:\/\/api.w.org\/{rel}","templated":true}]}}