{"id":189033,"date":"2025-10-03T11:38:00","date_gmt":"2025-10-03T09:38:00","guid":{"rendered":"https:\/\/insektenliebe.com\/shop\/produkt\/repto-compact-led\/"},"modified":"2025-10-03T11:38:00","modified_gmt":"2025-10-03T09:38:00","slug":"repto-compact-led","status":"publish","type":"product","link":"https:\/\/insektenliebe.com\/it\/shop\/prodotto\/repto-compact-led\/","title":{"rendered":"Repto Compact LED"},"content":{"rendered":"<h3><span class=\"s1\" style=\"color: #99cc33;\">Repto Compact LED 3.5W - Luce diurna compatta per piccoli terrari<\/span><\/h3>\n<p class=\"p1\"><span class=\"s1\">La <\/span><span class=\"s2\"><strong>Repto Compact LED<\/strong><\/span><span class=\"s1\">  \u00e8 la soluzione perfetta per chi vuole illuminare in modo efficace e poco ingombrante i terrari pi\u00f9 piccoli. Nonostante le sue dimensioni compatte, fornisce una luce brillante e simile a quella diurna che non solo fa risaltare i colori di piante e animali, ma favorisce anche il comportamento naturale degli animali. \u00c8 una fonte di luce affidabile con uno spettro ottimale, soprattutto per le specie che non necessitano di un apporto di raggi UV-B.  <\/span><\/p>\n<p class=\"p1\"><span class=\"s1\">Grazie al suo design elegante, alla forma sottile e alla pratica clip, la luce pu\u00f2 essere fissata in modo semplice e flessibile all&#8217;interno o all&#8217;esterno del terrario. Il collo d&#8217;oca \u00e8 completamente flessibile e permette di allineare con precisione il cono di luce in modo da illuminare esattamente le aree desiderate: la zona del pavimento, la parete posteriore o particolari elementi decorativi. Questo \u00e8 un vantaggio decisivo, soprattutto per gli allestimenti pi\u00f9 piccoli o per i terrari da riproduzione.  <\/span><\/p>\n<p class=\"p1\"><span class=\"s1\">Il morsetto a vite in dotazione consente un fissaggio semplice e stabile direttamente al terrario. Grazie al design in plastica trasparente, il morsetto rimane visivamente discreto pur garantendo una presa salda. Grazie alla semplicit\u00e0 di utilizzo, la luce pu\u00f2 essere fissata rapidamente e riposizionata in qualsiasi momento, senza bisogno di attrezzi o di un lungo montaggio. Ideale per lastre di vetro, bordi in plastica o coperchi a rete.   <\/span><\/p>\n<p class=\"p1\"><span class=\"s1\">Il colore della luce \u00e8 di circa 7100 Kelvin e fornisce un&#8217;illuminazione chiara e fredda che ricalca la luce naturale del giorno. Con un&#8217;emissione luminosa di 235 lumen e un angolo di emissione di 120\u00b0, la luce \u00e8 piacevolmente diffusa senza abbagliare. In questo modo si ottiene una luminosit\u00e0 uniforme che giova sia alle piante che agli animali.  <\/span><\/p>\n<p class=\"p1\"><span class=\"s1\">Il consumo energetico \u00e8 particolarmente basso, pari a 3,5 watt. Questo rende la lampada ideale per un ciclo di 12 ore senza aumentare significativamente i costi dell&#8217;elettricit\u00e0. \u00c8 collegata via USB, il che ti offre un&#8217;ulteriore flessibilit\u00e0 in termini di alimentazione: con un adattatore di rete (incluso nella confezione), con un power bank o con una presa USB. Questo significa che puoi utilizzare la lampada non solo da ferma, ma anche in viaggio o in allestimenti temporanei.   <\/span><\/p>\n<p class=\"p1\"><span class=\"s1\">Il <strong>Repto Compact LED<\/strong> convince per la sua efficienza, l&#8217;aspetto moderno e la facilit\u00e0 d&#8217;uso. \u00c8 ideale per gli hobbisti che cercano soluzioni di illuminazione compatte senza compromettere la qualit\u00e0 e la resa luminosa. Che si tratti di ragni, isopodi, gechi o piante, questo piccolo LED porta la luce nell&#8217;oscurit\u00e0 del tuo terrario in modo affidabile.  <\/span><\/p>\n","protected":false},"excerpt":{"rendered":"<p>Repto Compact LED 3.5W - Luce diurna compatta per piccoli terrari La Repto Compact LED \u00e8 la soluzione perfetta per chi vuole illuminare in modo efficace e poco ingombrante i terrari pi\u00f9 piccoli. Nonostante le sue dimensioni compatte, fornisce una luce brillante e simile a quella diurna che non solo fa risaltare i colori di [&hellip;]<\/p>\n","protected":false},"featured_media":189038,"template":"","meta":{"_acf_changed":false},"product-supplier":[2685],"product_brand":[],"product_cat":[2741],"product_tag":[],"lce-checkout-addons":[],"class_list":{"0":"post-189033","1":"product","2":"type-product","3":"status-publish","4":"has-post-thumbnail","6":"product_cat-illuminazione-e-clima","8":"first","9":"instock","10":"sale","11":"taxable","12":"shipping-taxable","13":"purchasable","14":"product-type-simple"},"acf":[],"yoast_head":"<!-- This site is optimized with the Yoast SEO plugin v27.3 - https:\/\/yoast.com\/product\/yoast-seo-wordpress\/ -->\n<title>Repto Compact LED - Insektenliebe<\/title>\n<meta name=\"description\" content=\"Lampada LED compatta per terrari da 3,5 W, con connessione USB e collo flessibile. Ideale per le vasche di piccole dimensioni: efficiente dal punto di vista energetico e con spettro di luce diurna.\" \/>\n<meta name=\"robots\" content=\"index, follow, max-snippet:-1, max-image-preview:large, max-video-preview:-1\" \/>\n<link rel=\"canonical\" href=\"https:\/\/insektenliebe.com\/it\/shop\/prodotto\/repto-compact-led\/\" \/>\n<meta property=\"og:locale\" content=\"it_IT\" \/>\n<meta property=\"og:type\" content=\"article\" \/>\n<meta property=\"og:title\" content=\"Repto Compact LED - Insektenliebe\" \/>\n<meta property=\"og:description\" content=\"Lampada LED compatta per terrari da 3,5 W, con connessione USB e collo flessibile. Ideale per le vasche di piccole dimensioni: efficiente dal punto di vista energetico e con spettro di luce diurna.\" \/>\n<meta property=\"og:url\" content=\"https:\/\/insektenliebe.com\/it\/shop\/prodotto\/repto-compact-led\/\" \/>\n<meta property=\"og:site_name\" content=\"Insektenliebe\" \/>\n<meta property=\"og:image\" content=\"https:\/\/insektenliebe.com\/wp-content\/uploads\/2025\/10\/Repto-Compact-LED.jpg\" \/>\n\t<meta property=\"og:image:width\" content=\"820\" \/>\n\t<meta property=\"og:image:height\" content=\"820\" \/>\n\t<meta property=\"og:image:type\" content=\"image\/jpeg\" \/>\n<meta name=\"twitter:card\" content=\"summary_large_image\" \/>\n<meta name=\"twitter:label1\" content=\"Tempo di lettura stimato\" \/>\n\t<meta name=\"twitter:data1\" content=\"2 minuto\" \/>\n<script type=\"application\/ld+json\" class=\"yoast-schema-graph\">{\"@context\":\"https:\\\/\\\/schema.org\",\"@graph\":[{\"@type\":\"WebPage\",\"@id\":\"https:\\\/\\\/insektenliebe.com\\\/it\\\/shop\\\/prodotto\\\/repto-compact-led\\\/\",\"url\":\"https:\\\/\\\/insektenliebe.com\\\/it\\\/shop\\\/prodotto\\\/repto-compact-led\\\/\",\"name\":\"Repto Compact LED - Insektenliebe\",\"isPartOf\":{\"@id\":\"https:\\\/\\\/insektenliebe.com\\\/it\\\/#website\"},\"primaryImageOfPage\":{\"@id\":\"https:\\\/\\\/insektenliebe.com\\\/it\\\/shop\\\/prodotto\\\/repto-compact-led\\\/#primaryimage\"},\"image\":{\"@id\":\"https:\\\/\\\/insektenliebe.com\\\/it\\\/shop\\\/prodotto\\\/repto-compact-led\\\/#primaryimage\"},\"thumbnailUrl\":\"https:\\\/\\\/insektenliebe.com\\\/wp-content\\\/uploads\\\/2025\\\/10\\\/Repto-Compact-LED.jpg\",\"datePublished\":\"2025-10-03T09:38:00+00:00\",\"description\":\"Lampada LED compatta per terrari da 3,5 W, con connessione USB e collo flessibile. Ideale per le vasche di piccole dimensioni: efficiente dal punto di vista energetico e con spettro di luce diurna.\",\"breadcrumb\":{\"@id\":\"https:\\\/\\\/insektenliebe.com\\\/it\\\/shop\\\/prodotto\\\/repto-compact-led\\\/#breadcrumb\"},\"inLanguage\":\"it-IT\",\"potentialAction\":[{\"@type\":\"ReadAction\",\"target\":[\"https:\\\/\\\/insektenliebe.com\\\/it\\\/shop\\\/prodotto\\\/repto-compact-led\\\/\"]}]},{\"@type\":\"ImageObject\",\"inLanguage\":\"it-IT\",\"@id\":\"https:\\\/\\\/insektenliebe.com\\\/it\\\/shop\\\/prodotto\\\/repto-compact-led\\\/#primaryimage\",\"url\":\"https:\\\/\\\/insektenliebe.com\\\/wp-content\\\/uploads\\\/2025\\\/10\\\/Repto-Compact-LED.jpg\",\"contentUrl\":\"https:\\\/\\\/insektenliebe.com\\\/wp-content\\\/uploads\\\/2025\\\/10\\\/Repto-Compact-LED.jpg\",\"width\":820,\"height\":820,\"caption\":\"Repto Compact LED\"},{\"@type\":\"BreadcrumbList\",\"@id\":\"https:\\\/\\\/insektenliebe.com\\\/it\\\/shop\\\/prodotto\\\/repto-compact-led\\\/#breadcrumb\",\"itemListElement\":[{\"@type\":\"ListItem\",\"position\":1,\"name\":\"Startseite\",\"item\":\"https:\\\/\\\/insektenliebe.com\\\/it\\\/\"},{\"@type\":\"ListItem\",\"position\":2,\"name\":\"Negozio\",\"item\":\"https:\\\/\\\/insektenliebe.com\\\/it\\\/negozio\\\/\"},{\"@type\":\"ListItem\",\"position\":3,\"name\":\"Repto Compact LED\"}]},{\"@type\":\"WebSite\",\"@id\":\"https:\\\/\\\/insektenliebe.com\\\/it\\\/#website\",\"url\":\"https:\\\/\\\/insektenliebe.com\\\/it\\\/\",\"name\":\"Insektenliebe\",\"description\":\"Dein Zuhause f\u00fcr die kleinen Lebewesen\",\"publisher\":{\"@id\":\"https:\\\/\\\/insektenliebe.com\\\/it\\\/#organization\"},\"potentialAction\":[{\"@type\":\"SearchAction\",\"target\":{\"@type\":\"EntryPoint\",\"urlTemplate\":\"https:\\\/\\\/insektenliebe.com\\\/it\\\/?s={search_term_string}\"},\"query-input\":{\"@type\":\"PropertyValueSpecification\",\"valueRequired\":true,\"valueName\":\"search_term_string\"}}],\"inLanguage\":\"it-IT\"},{\"@type\":\"Organization\",\"@id\":\"https:\\\/\\\/insektenliebe.com\\\/it\\\/#organization\",\"name\":\"Insektenliebe\",\"url\":\"https:\\\/\\\/insektenliebe.com\\\/it\\\/\",\"logo\":{\"@type\":\"ImageObject\",\"inLanguage\":\"it-IT\",\"@id\":\"https:\\\/\\\/insektenliebe.com\\\/it\\\/#\\\/schema\\\/logo\\\/image\\\/\",\"url\":\"https:\\\/\\\/insektenliebe.com\\\/wp-content\\\/uploads\\\/2025\\\/03\\\/logo-white.png\",\"contentUrl\":\"https:\\\/\\\/insektenliebe.com\\\/wp-content\\\/uploads\\\/2025\\\/03\\\/logo-white.png\",\"width\":288,\"height\":188,\"caption\":\"Insektenliebe\"},\"image\":{\"@id\":\"https:\\\/\\\/insektenliebe.com\\\/it\\\/#\\\/schema\\\/logo\\\/image\\\/\"}}]}<\/script>\n<!-- \/ Yoast SEO plugin. -->","yoast_head_json":{"title":"Repto Compact LED - Insektenliebe","description":"Lampada LED compatta per terrari da 3,5 W, con connessione USB e collo flessibile. Ideale per le vasche di piccole dimensioni: efficiente dal punto di vista energetico e con spettro di luce diurna.","robots":{"index":"index","follow":"follow","max-snippet":"max-snippet:-1","max-image-preview":"max-image-preview:large","max-video-preview":"max-video-preview:-1"},"canonical":"https:\/\/insektenliebe.com\/it\/shop\/prodotto\/repto-compact-led\/","og_locale":"it_IT","og_type":"article","og_title":"Repto Compact LED - Insektenliebe","og_description":"Lampada LED compatta per terrari da 3,5 W, con connessione USB e collo flessibile. Ideale per le vasche di piccole dimensioni: efficiente dal punto di vista energetico e con spettro di luce diurna.","og_url":"https:\/\/insektenliebe.com\/it\/shop\/prodotto\/repto-compact-led\/","og_site_name":"Insektenliebe","og_image":[{"width":820,"height":820,"url":"https:\/\/insektenliebe.com\/wp-content\/uploads\/2025\/10\/Repto-Compact-LED.jpg","type":"image\/jpeg"}],"twitter_card":"summary_large_image","twitter_misc":{"Tempo di lettura stimato":"2 minuto"},"schema":{"@context":"https:\/\/schema.org","@graph":[{"@type":"WebPage","@id":"https:\/\/insektenliebe.com\/it\/shop\/prodotto\/repto-compact-led\/","url":"https:\/\/insektenliebe.com\/it\/shop\/prodotto\/repto-compact-led\/","name":"Repto Compact LED - Insektenliebe","isPartOf":{"@id":"https:\/\/insektenliebe.com\/it\/#website"},"primaryImageOfPage":{"@id":"https:\/\/insektenliebe.com\/it\/shop\/prodotto\/repto-compact-led\/#primaryimage"},"image":{"@id":"https:\/\/insektenliebe.com\/it\/shop\/prodotto\/repto-compact-led\/#primaryimage"},"thumbnailUrl":"https:\/\/insektenliebe.com\/wp-content\/uploads\/2025\/10\/Repto-Compact-LED.jpg","datePublished":"2025-10-03T09:38:00+00:00","description":"Lampada LED compatta per terrari da 3,5 W, con connessione USB e collo flessibile. Ideale per le vasche di piccole dimensioni: efficiente dal punto di vista energetico e con spettro di luce diurna.","breadcrumb":{"@id":"https:\/\/insektenliebe.com\/it\/shop\/prodotto\/repto-compact-led\/#breadcrumb"},"inLanguage":"it-IT","potentialAction":[{"@type":"ReadAction","target":["https:\/\/insektenliebe.com\/it\/shop\/prodotto\/repto-compact-led\/"]}]},{"@type":"ImageObject","inLanguage":"it-IT","@id":"https:\/\/insektenliebe.com\/it\/shop\/prodotto\/repto-compact-led\/#primaryimage","url":"https:\/\/insektenliebe.com\/wp-content\/uploads\/2025\/10\/Repto-Compact-LED.jpg","contentUrl":"https:\/\/insektenliebe.com\/wp-content\/uploads\/2025\/10\/Repto-Compact-LED.jpg","width":820,"height":820,"caption":"Repto Compact LED"},{"@type":"BreadcrumbList","@id":"https:\/\/insektenliebe.com\/it\/shop\/prodotto\/repto-compact-led\/#breadcrumb","itemListElement":[{"@type":"ListItem","position":1,"name":"Startseite","item":"https:\/\/insektenliebe.com\/it\/"},{"@type":"ListItem","position":2,"name":"Negozio","item":"https:\/\/insektenliebe.com\/it\/negozio\/"},{"@type":"ListItem","position":3,"name":"Repto Compact LED"}]},{"@type":"WebSite","@id":"https:\/\/insektenliebe.com\/it\/#website","url":"https:\/\/insektenliebe.com\/it\/","name":"Insektenliebe","description":"Dein Zuhause f\u00fcr die kleinen Lebewesen","publisher":{"@id":"https:\/\/insektenliebe.com\/it\/#organization"},"potentialAction":[{"@type":"SearchAction","target":{"@type":"EntryPoint","urlTemplate":"https:\/\/insektenliebe.com\/it\/?s={search_term_string}"},"query-input":{"@type":"PropertyValueSpecification","valueRequired":true,"valueName":"search_term_string"}}],"inLanguage":"it-IT"},{"@type":"Organization","@id":"https:\/\/insektenliebe.com\/it\/#organization","name":"Insektenliebe","url":"https:\/\/insektenliebe.com\/it\/","logo":{"@type":"ImageObject","inLanguage":"it-IT","@id":"https:\/\/insektenliebe.com\/it\/#\/schema\/logo\/image\/","url":"https:\/\/insektenliebe.com\/wp-content\/uploads\/2025\/03\/logo-white.png","contentUrl":"https:\/\/insektenliebe.com\/wp-content\/uploads\/2025\/03\/logo-white.png","width":288,"height":188,"caption":"Insektenliebe"},"image":{"@id":"https:\/\/insektenliebe.com\/it\/#\/schema\/logo\/image\/"}}]}},"_links":{"self":[{"href":"https:\/\/insektenliebe.com\/it\/wp-json\/wp\/v2\/product\/189033","targetHints":{"allow":["GET"]}}],"collection":[{"href":"https:\/\/insektenliebe.com\/it\/wp-json\/wp\/v2\/product"}],"about":[{"href":"https:\/\/insektenliebe.com\/it\/wp-json\/wp\/v2\/types\/product"}],"wp:featuredmedia":[{"embeddable":true,"href":"https:\/\/insektenliebe.com\/it\/wp-json\/wp\/v2\/media\/189038"}],"wp:attachment":[{"href":"https:\/\/insektenliebe.com\/it\/wp-json\/wp\/v2\/media?parent=189033"}],"wp:term":[{"taxonomy":"product-supplier","embeddable":true,"href":"https:\/\/insektenliebe.com\/it\/wp-json\/wp\/v2\/product-supplier?post=189033"},{"taxonomy":"product_brand","embeddable":true,"href":"https:\/\/insektenliebe.com\/it\/wp-json\/wp\/v2\/product_brand?post=189033"},{"taxonomy":"product_cat","embeddable":true,"href":"https:\/\/insektenliebe.com\/it\/wp-json\/wp\/v2\/product_cat?post=189033"},{"taxonomy":"product_tag","embeddable":true,"href":"https:\/\/insektenliebe.com\/it\/wp-json\/wp\/v2\/product_tag?post=189033"},{"taxonomy":"lce-checkout-addons","embeddable":true,"href":"https:\/\/insektenliebe.com\/it\/wp-json\/wp\/v2\/lce-checkout-addons?post=189033"}],"curies":[{"name":"wp","href":"https:\/\/api.w.org\/{rel}","templated":true}]}}