{"id":189031,"date":"2025-09-05T18:52:00","date_gmt":"2025-09-05T16:52:00","guid":{"rendered":"https:\/\/insektenliebe.com\/shop\/produkt\/tillandsia-caput-medusae\/"},"modified":"2026-03-11T16:49:28","modified_gmt":"2026-03-11T15:49:28","slug":"tillandsia-caput-medusae","status":"publish","type":"product","link":"https:\/\/insektenliebe.com\/it\/shop\/prodotto\/tillandsia-caput-medusae\/","title":{"rendered":"Tillandsia caput-medusae"},"content":{"rendered":"<h3 class=\"p1\"><span style=\"color: #99cc33\"><strong><span class=\"s1\">Fiori viola e brattee rosse: il gioco di colori della natura<\/span><\/strong><\/span><\/h3>\n<p class=\"p1\"><span class=\"s1\">La <\/span><strong><span class=\"s2\">Tillandsia caput-medusae<\/span><\/strong><span class=\"s1\">nota anche come <\/span><span class=\"s3\">testa di medusa<\/span><span class=\"s1\">  \u00e8 una delle piante aeree pi\u00f9 spettacolari ed \u00e8 un vero e proprio richiamo visivo in qualsiasi terrario. Con le sue foglie contorte e tentacolari, la sua forma insolita ricorda i serpenti di Medusa della mitologia greca - da qui il suo nome. Questa particolare specie \u00e8 originaria delle regioni calde dell&#8217;America Centrale, dove cresce nelle foreste secche e sugli alberi.  <\/span><\/p>\n<p class=\"p1\"><span class=\"s1\">Uno dei principali vantaggi di questa tillandsia \u00e8 che non necessita di un substrato, poich\u00e9 assorbe le sostanze nutritive e l&#8217;umidit\u00e0 attraverso l&#8217;aria. Questo la rende ideale per i design naturalistici dei terrari tropicali e della foresta pluviale, ma anche in combinazione con rami o radici decorative. Grazie alle sue bizzarre abitudini di crescita, apporta dinamismo e struttura al tuo terrario e costituisce un meraviglioso sfondo per piante come bromeliacee, felci o orchidee.  <\/span><\/p>\n<p class=\"p1\"><span class=\"s1\">Cos\u00ec che la <strong><span class=\"s2\">Tillandsia caput-medusae<\/span><\/strong> si senta a proprio agio, ha bisogno di un&#8217;umidit\u00e0 sufficiente compresa tra <\/span><span class=\"s2\">60-80 %<\/span><span class=\"s1\">  e una buona ventilazione. Nel suo ambiente naturale, la pianta \u00e8 abituata a variare l&#8217;umidit\u00e0: una regolare spruzzatura con acqua a basso contenuto di calcare \u00e8 del tutto sufficiente. Anche la luce gioca un ruolo importante: la pianta predilige    <\/span><span class=\"s2\">luce luminosa e indiretta<\/span><span class=\"s1\"> e prospera in modo eccellente con un&#8217;illuminazione di circa <\/span><span class=\"s2\">700-1.000 lumen<\/span><span class=\"s1\">. La luce diretta del sole deve essere evitata perch\u00e9 le foglie possono reagire in modo sensibile.<\/span><\/p>\n<p class=\"p1\"><span class=\"s1\">Con una dimensione di circa <\/span><span class=\"s2\">10-25 cm<\/span><span class=\"s1\">  \u00e8 la <strong><span class=\"s2\">Tillandsia caput-medusae<\/span><\/strong> \u00e8 ideale sia per i terrari pi\u00f9 piccoli che per le piante pi\u00f9 grandi. Cresce piuttosto lentamente, il che significa che mantiene la sua forma compatta per molto tempo. Diventa particolarmente eccitante quando forma le sue brattee rosso vivo e i suoi fiori viola: un&#8217;attrazione colorata che poche piante aeree hanno da offrire.  <\/span><\/p>\n<p class=\"p1\"><span class=\"s1\">La <strong><span class=\"s2\">Tillandsia caput-medusae<\/span><\/strong> non \u00e8 solo una pianta decorativa ma anche di facile manutenzione, perfetta sia per i principianti che per i terrari pi\u00f9 esperti. Con il suo aspetto insolito, offre un tocco esotico e diventa subito un&#8217;attrazione in qualsiasi allestimento. <\/span><\/p>\n","protected":false},"excerpt":{"rendered":"<p>Fiori viola e brattee rosse: il gioco di colori della natura La Tillandsia caput-medusaenota anche come testa di medusa \u00e8 una delle piante aeree pi\u00f9 spettacolari ed \u00e8 un vero e proprio richiamo visivo in qualsiasi terrario. Con le sue foglie contorte e tentacolari, la sua forma insolita ricorda i serpenti di Medusa della mitologia [&hellip;]<\/p>\n","protected":false},"featured_media":189032,"template":"","meta":{"_acf_changed":false},"product-supplier":[2685],"product_brand":[],"product_cat":[3181],"product_tag":[],"lce-checkout-addons":[2746],"class_list":{"0":"post-189031","1":"product","2":"type-product","3":"status-publish","4":"has-post-thumbnail","6":"product_cat-piante-da-terrario","7":"product_shipping_class-equipment-shipping","8":"pa_herkunft-honduras","9":"lce-checkout-addons-imballaggio-invernale","11":"first","12":"instock","13":"taxable","14":"shipping-taxable","15":"purchasable","16":"product-type-simple"},"acf":[],"yoast_head":"<!-- This site is optimized with the Yoast SEO plugin v27.3 - https:\/\/yoast.com\/product\/yoast-seo-wordpress\/ -->\n<title>Tillandsia caput-medusae - Insektenliebe<\/title>\n<meta name=\"description\" content=\"La stravagante Tillandsia caput-medusae dona un tocco tropicale al terrario con la sua forma a medusa e i suoi fiori viola.\" \/>\n<meta name=\"robots\" content=\"index, follow, max-snippet:-1, max-image-preview:large, max-video-preview:-1\" \/>\n<link rel=\"canonical\" href=\"https:\/\/insektenliebe.com\/it\/shop\/prodotto\/tillandsia-caput-medusae\/\" \/>\n<meta property=\"og:locale\" content=\"it_IT\" \/>\n<meta property=\"og:type\" content=\"article\" \/>\n<meta property=\"og:title\" content=\"Tillandsia caput-medusae - Insektenliebe\" \/>\n<meta property=\"og:description\" content=\"La stravagante Tillandsia caput-medusae dona un tocco tropicale al terrario con la sua forma a medusa e i suoi fiori viola.\" \/>\n<meta property=\"og:url\" content=\"https:\/\/insektenliebe.com\/it\/shop\/prodotto\/tillandsia-caput-medusae\/\" \/>\n<meta property=\"og:site_name\" content=\"Insektenliebe\" \/>\n<meta property=\"article:modified_time\" content=\"2026-03-11T15:49:28+00:00\" \/>\n<meta property=\"og:image\" content=\"https:\/\/insektenliebe.com\/wp-content\/uploads\/2025\/09\/Tillandsia-caput-medusae-1.jpg\" \/>\n\t<meta property=\"og:image:width\" content=\"820\" \/>\n\t<meta property=\"og:image:height\" content=\"820\" \/>\n\t<meta property=\"og:image:type\" content=\"image\/jpeg\" \/>\n<meta name=\"twitter:card\" content=\"summary_large_image\" \/>\n<meta name=\"twitter:label1\" content=\"Tempo di lettura stimato\" \/>\n\t<meta name=\"twitter:data1\" content=\"2 minuto\" \/>\n<script type=\"application\/ld+json\" class=\"yoast-schema-graph\">{\"@context\":\"https:\\\/\\\/schema.org\",\"@graph\":[{\"@type\":\"WebPage\",\"@id\":\"https:\\\/\\\/insektenliebe.com\\\/it\\\/shop\\\/prodotto\\\/tillandsia-caput-medusae\\\/\",\"url\":\"https:\\\/\\\/insektenliebe.com\\\/it\\\/shop\\\/prodotto\\\/tillandsia-caput-medusae\\\/\",\"name\":\"Tillandsia caput-medusae - Insektenliebe\",\"isPartOf\":{\"@id\":\"https:\\\/\\\/insektenliebe.com\\\/it\\\/#website\"},\"primaryImageOfPage\":{\"@id\":\"https:\\\/\\\/insektenliebe.com\\\/it\\\/shop\\\/prodotto\\\/tillandsia-caput-medusae\\\/#primaryimage\"},\"image\":{\"@id\":\"https:\\\/\\\/insektenliebe.com\\\/it\\\/shop\\\/prodotto\\\/tillandsia-caput-medusae\\\/#primaryimage\"},\"thumbnailUrl\":\"https:\\\/\\\/insektenliebe.com\\\/wp-content\\\/uploads\\\/2025\\\/09\\\/Tillandsia-caput-medusae-1.jpg\",\"datePublished\":\"2025-09-05T16:52:00+00:00\",\"dateModified\":\"2026-03-11T15:49:28+00:00\",\"description\":\"La stravagante Tillandsia caput-medusae dona un tocco tropicale al terrario con la sua forma a medusa e i suoi fiori viola.\",\"breadcrumb\":{\"@id\":\"https:\\\/\\\/insektenliebe.com\\\/it\\\/shop\\\/prodotto\\\/tillandsia-caput-medusae\\\/#breadcrumb\"},\"inLanguage\":\"it-IT\",\"potentialAction\":[{\"@type\":\"ReadAction\",\"target\":[\"https:\\\/\\\/insektenliebe.com\\\/it\\\/shop\\\/prodotto\\\/tillandsia-caput-medusae\\\/\"]}]},{\"@type\":\"ImageObject\",\"inLanguage\":\"it-IT\",\"@id\":\"https:\\\/\\\/insektenliebe.com\\\/it\\\/shop\\\/prodotto\\\/tillandsia-caput-medusae\\\/#primaryimage\",\"url\":\"https:\\\/\\\/insektenliebe.com\\\/wp-content\\\/uploads\\\/2025\\\/09\\\/Tillandsia-caput-medusae-1.jpg\",\"contentUrl\":\"https:\\\/\\\/insektenliebe.com\\\/wp-content\\\/uploads\\\/2025\\\/09\\\/Tillandsia-caput-medusae-1.jpg\",\"width\":820,\"height\":820,\"caption\":\"Tillandsia caput-medusae\"},{\"@type\":\"BreadcrumbList\",\"@id\":\"https:\\\/\\\/insektenliebe.com\\\/it\\\/shop\\\/prodotto\\\/tillandsia-caput-medusae\\\/#breadcrumb\",\"itemListElement\":[{\"@type\":\"ListItem\",\"position\":1,\"name\":\"Startseite\",\"item\":\"https:\\\/\\\/insektenliebe.com\\\/it\\\/\"},{\"@type\":\"ListItem\",\"position\":2,\"name\":\"Negozio\",\"item\":\"https:\\\/\\\/insektenliebe.com\\\/it\\\/negozio\\\/\"},{\"@type\":\"ListItem\",\"position\":3,\"name\":\"Tillandsia caput-medusae\"}]},{\"@type\":\"WebSite\",\"@id\":\"https:\\\/\\\/insektenliebe.com\\\/it\\\/#website\",\"url\":\"https:\\\/\\\/insektenliebe.com\\\/it\\\/\",\"name\":\"Insektenliebe\",\"description\":\"Dein Zuhause f\u00fcr die kleinen Lebewesen\",\"publisher\":{\"@id\":\"https:\\\/\\\/insektenliebe.com\\\/it\\\/#organization\"},\"potentialAction\":[{\"@type\":\"SearchAction\",\"target\":{\"@type\":\"EntryPoint\",\"urlTemplate\":\"https:\\\/\\\/insektenliebe.com\\\/it\\\/?s={search_term_string}\"},\"query-input\":{\"@type\":\"PropertyValueSpecification\",\"valueRequired\":true,\"valueName\":\"search_term_string\"}}],\"inLanguage\":\"it-IT\"},{\"@type\":\"Organization\",\"@id\":\"https:\\\/\\\/insektenliebe.com\\\/it\\\/#organization\",\"name\":\"Insektenliebe\",\"url\":\"https:\\\/\\\/insektenliebe.com\\\/it\\\/\",\"logo\":{\"@type\":\"ImageObject\",\"inLanguage\":\"it-IT\",\"@id\":\"https:\\\/\\\/insektenliebe.com\\\/it\\\/#\\\/schema\\\/logo\\\/image\\\/\",\"url\":\"https:\\\/\\\/insektenliebe.com\\\/wp-content\\\/uploads\\\/2025\\\/03\\\/logo-white.png\",\"contentUrl\":\"https:\\\/\\\/insektenliebe.com\\\/wp-content\\\/uploads\\\/2025\\\/03\\\/logo-white.png\",\"width\":288,\"height\":188,\"caption\":\"Insektenliebe\"},\"image\":{\"@id\":\"https:\\\/\\\/insektenliebe.com\\\/it\\\/#\\\/schema\\\/logo\\\/image\\\/\"}}]}<\/script>\n<!-- \/ Yoast SEO plugin. -->","yoast_head_json":{"title":"Tillandsia caput-medusae - Insektenliebe","description":"La stravagante Tillandsia caput-medusae dona un tocco tropicale al terrario con la sua forma a medusa e i suoi fiori viola.","robots":{"index":"index","follow":"follow","max-snippet":"max-snippet:-1","max-image-preview":"max-image-preview:large","max-video-preview":"max-video-preview:-1"},"canonical":"https:\/\/insektenliebe.com\/it\/shop\/prodotto\/tillandsia-caput-medusae\/","og_locale":"it_IT","og_type":"article","og_title":"Tillandsia caput-medusae - Insektenliebe","og_description":"La stravagante Tillandsia caput-medusae dona un tocco tropicale al terrario con la sua forma a medusa e i suoi fiori viola.","og_url":"https:\/\/insektenliebe.com\/it\/shop\/prodotto\/tillandsia-caput-medusae\/","og_site_name":"Insektenliebe","article_modified_time":"2026-03-11T15:49:28+00:00","og_image":[{"width":820,"height":820,"url":"https:\/\/insektenliebe.com\/wp-content\/uploads\/2025\/09\/Tillandsia-caput-medusae-1.jpg","type":"image\/jpeg"}],"twitter_card":"summary_large_image","twitter_misc":{"Tempo di lettura stimato":"2 minuto"},"schema":{"@context":"https:\/\/schema.org","@graph":[{"@type":"WebPage","@id":"https:\/\/insektenliebe.com\/it\/shop\/prodotto\/tillandsia-caput-medusae\/","url":"https:\/\/insektenliebe.com\/it\/shop\/prodotto\/tillandsia-caput-medusae\/","name":"Tillandsia caput-medusae - Insektenliebe","isPartOf":{"@id":"https:\/\/insektenliebe.com\/it\/#website"},"primaryImageOfPage":{"@id":"https:\/\/insektenliebe.com\/it\/shop\/prodotto\/tillandsia-caput-medusae\/#primaryimage"},"image":{"@id":"https:\/\/insektenliebe.com\/it\/shop\/prodotto\/tillandsia-caput-medusae\/#primaryimage"},"thumbnailUrl":"https:\/\/insektenliebe.com\/wp-content\/uploads\/2025\/09\/Tillandsia-caput-medusae-1.jpg","datePublished":"2025-09-05T16:52:00+00:00","dateModified":"2026-03-11T15:49:28+00:00","description":"La stravagante Tillandsia caput-medusae dona un tocco tropicale al terrario con la sua forma a medusa e i suoi fiori viola.","breadcrumb":{"@id":"https:\/\/insektenliebe.com\/it\/shop\/prodotto\/tillandsia-caput-medusae\/#breadcrumb"},"inLanguage":"it-IT","potentialAction":[{"@type":"ReadAction","target":["https:\/\/insektenliebe.com\/it\/shop\/prodotto\/tillandsia-caput-medusae\/"]}]},{"@type":"ImageObject","inLanguage":"it-IT","@id":"https:\/\/insektenliebe.com\/it\/shop\/prodotto\/tillandsia-caput-medusae\/#primaryimage","url":"https:\/\/insektenliebe.com\/wp-content\/uploads\/2025\/09\/Tillandsia-caput-medusae-1.jpg","contentUrl":"https:\/\/insektenliebe.com\/wp-content\/uploads\/2025\/09\/Tillandsia-caput-medusae-1.jpg","width":820,"height":820,"caption":"Tillandsia caput-medusae"},{"@type":"BreadcrumbList","@id":"https:\/\/insektenliebe.com\/it\/shop\/prodotto\/tillandsia-caput-medusae\/#breadcrumb","itemListElement":[{"@type":"ListItem","position":1,"name":"Startseite","item":"https:\/\/insektenliebe.com\/it\/"},{"@type":"ListItem","position":2,"name":"Negozio","item":"https:\/\/insektenliebe.com\/it\/negozio\/"},{"@type":"ListItem","position":3,"name":"Tillandsia caput-medusae"}]},{"@type":"WebSite","@id":"https:\/\/insektenliebe.com\/it\/#website","url":"https:\/\/insektenliebe.com\/it\/","name":"Insektenliebe","description":"Dein Zuhause f\u00fcr die kleinen Lebewesen","publisher":{"@id":"https:\/\/insektenliebe.com\/it\/#organization"},"potentialAction":[{"@type":"SearchAction","target":{"@type":"EntryPoint","urlTemplate":"https:\/\/insektenliebe.com\/it\/?s={search_term_string}"},"query-input":{"@type":"PropertyValueSpecification","valueRequired":true,"valueName":"search_term_string"}}],"inLanguage":"it-IT"},{"@type":"Organization","@id":"https:\/\/insektenliebe.com\/it\/#organization","name":"Insektenliebe","url":"https:\/\/insektenliebe.com\/it\/","logo":{"@type":"ImageObject","inLanguage":"it-IT","@id":"https:\/\/insektenliebe.com\/it\/#\/schema\/logo\/image\/","url":"https:\/\/insektenliebe.com\/wp-content\/uploads\/2025\/03\/logo-white.png","contentUrl":"https:\/\/insektenliebe.com\/wp-content\/uploads\/2025\/03\/logo-white.png","width":288,"height":188,"caption":"Insektenliebe"},"image":{"@id":"https:\/\/insektenliebe.com\/it\/#\/schema\/logo\/image\/"}}]}},"_links":{"self":[{"href":"https:\/\/insektenliebe.com\/it\/wp-json\/wp\/v2\/product\/189031","targetHints":{"allow":["GET"]}}],"collection":[{"href":"https:\/\/insektenliebe.com\/it\/wp-json\/wp\/v2\/product"}],"about":[{"href":"https:\/\/insektenliebe.com\/it\/wp-json\/wp\/v2\/types\/product"}],"wp:featuredmedia":[{"embeddable":true,"href":"https:\/\/insektenliebe.com\/it\/wp-json\/wp\/v2\/media\/189032"}],"wp:attachment":[{"href":"https:\/\/insektenliebe.com\/it\/wp-json\/wp\/v2\/media?parent=189031"}],"wp:term":[{"taxonomy":"product-supplier","embeddable":true,"href":"https:\/\/insektenliebe.com\/it\/wp-json\/wp\/v2\/product-supplier?post=189031"},{"taxonomy":"product_brand","embeddable":true,"href":"https:\/\/insektenliebe.com\/it\/wp-json\/wp\/v2\/product_brand?post=189031"},{"taxonomy":"product_cat","embeddable":true,"href":"https:\/\/insektenliebe.com\/it\/wp-json\/wp\/v2\/product_cat?post=189031"},{"taxonomy":"product_tag","embeddable":true,"href":"https:\/\/insektenliebe.com\/it\/wp-json\/wp\/v2\/product_tag?post=189031"},{"taxonomy":"lce-checkout-addons","embeddable":true,"href":"https:\/\/insektenliebe.com\/it\/wp-json\/wp\/v2\/lce-checkout-addons?post=189031"}],"curies":[{"name":"wp","href":"https:\/\/api.w.org\/{rel}","templated":true}]}}