{"id":189025,"date":"2025-10-20T16:14:17","date_gmt":"2025-10-20T14:14:17","guid":{"rendered":"https:\/\/insektenliebe.com\/shop\/produkt\/armadillidium-flavoscutatum\/"},"modified":"2025-10-20T16:14:17","modified_gmt":"2025-10-20T14:14:17","slug":"armadillidium-flavoscutatum","status":"publish","type":"product","link":"https:\/\/insektenliebe.com\/it\/shop\/prodotto\/armadillidium-flavoscutatum\/","title":{"rendered":"Armadillidium flavoscutatum"},"content":{"rendered":"<h3><span style=\"color: #99cc33\"><strong><span class=\"s1\">Armadillidium flavoscutatum<\/span><span style=\"font-size: 16px\">- Punteruolo rosso dell&#8217;Europa<\/span><\/strong><\/span><\/h3>\n<p class=\"p1\"><span class=\"s1\">La specie <\/span><strong><span class=\"s2\">Armadillidium flavoscutatum<\/span><\/strong><span class=\"s1\">  \u00e8 originaria delle regioni pi\u00f9 calde dell&#8217;Europa meridionale, in particolare del Mediterraneo. Nei suoi habitat naturali - come le foreste rade di latifoglie, le zone di gariga o gli habitat rocciosi - preferisce vivere sotto le pietre, tra le radici e vicino al terreno, dove si ritira nelle fessure e sotto il fogliame. Non \u00e8 strettamente notturno come molte altre specie di isopodi, ma spesso pu\u00f2 essere osservato anche durante il giorno, soprattutto in condizioni climatiche stabili nel terrario.  <\/span><\/p>\n<p class=\"p1\"><span class=\"s1\">La loro colorazione ad alto contrasto \u00e8 sorprendente: il corpo \u00e8 solitamente marrone scuro o grigio-violaceo con uno scudo cranico giallo-ocra in netto contrasto e, occasionalmente, bordi dei segmenti pi\u00f9 chiari. Queste caratteristiche cromatiche, gi\u00e0 visibili negli animali giovani, ne fanno una specie molto apprezzata dai collezionisti e dagli amanti della natura. <\/span><\/p>\n<p class=\"p1\"><span class=\"s1\">Come tutti i rappresentanti del genere <\/span><span class=\"s2\">Armadillidium<\/span><span class=\"s1\"> possiede anche <\/span><strong><span class=\"s2\">A. flavoscutatum<\/span><\/strong><span class=\"s1\">  la capacit\u00e0 di raggomitolarsi completamente in una palla, un efficace meccanismo di difesa contro i predatori e la disidratazione. Gli animali raggiungono una taglia media e mostrano un comportamento piuttosto calmo ma chiaramente osservabile. Sono piuttosto fedeli al loro habitat, utilizzano nascondigli fissi e possono essere osservati regolarmente se le condizioni rimangono invariate.  <\/span><\/p>\n<p class=\"p1\"><span class=\"s1\">Se tenuta in un terrario, questa specie preferisce un ambiente ben ventilato con un&#8217;area principale asciutta e, facoltativamente, un rifugio umido, ad esempio sotto la corteccia, il muschio o il pavimento del substrato. \u00c8 importante avere a disposizione una quantit\u00e0 sufficiente di calce, essenziale per la costruzione del carapace. Legno bianco marcio, foglie di cibo, osso di seppia e un alimento per isopodi ricco di proteine costituiscono la base di una dieta adeguata alla specie.  <\/span><\/p>\n<p class=\"p1\"><span class=\"s1\">Il comportamento di questa specie \u00e8 calmo, ma non timido: se l&#8217;habitat \u00e8 ben strutturato, gli animali appaiono regolarmente in superficie, anche durante il giorno. Questo fa s\u00ec che <strong><span class=\"s2\">Armadillidium flavoscutatum <\/span><\/strong>  <\/span><span class=\"s1\">\u00e8 la scelta ideale per osservazioni naturalistiche, progetti scolastici o come introduzione all&#8217;allevamento di isopodi mediterranei.<\/span><\/p>\n<p class=\"p1\"><strong><span class=\"s2\">Armadillidium flavoscutatum<\/span><\/strong><span class=\"s1\">  \u00e8 un robusto pesce palla diurno proveniente dalla regione mediterranea con una colorazione sorprendente e caratteristiche biologiche interessanti. Combina adattabilit\u00e0 e alta osservabilit\u00e0: \u00e8 ideale per terrari quasi naturali e microhabitat ricchi di strutture. <\/span><\/p>\n","protected":false},"excerpt":{"rendered":"<p>Armadillidium flavoscutatum- Punteruolo rosso dell&#8217;Europa La specie Armadillidium flavoscutatum \u00e8 originaria delle regioni pi\u00f9 calde dell&#8217;Europa meridionale, in particolare del Mediterraneo. Nei suoi habitat naturali - come le foreste rade di latifoglie, le zone di gariga o gli habitat rocciosi - preferisce vivere sotto le pietre, tra le radici e vicino al terreno, dove si [&hellip;]<\/p>\n","protected":false},"featured_media":189026,"template":"","meta":{"_acf_changed":false},"product-supplier":[],"product_brand":[],"product_cat":[2871],"product_tag":[],"lce-checkout-addons":[2746],"class_list":{"0":"post-189025","1":"product","2":"type-product","3":"status-publish","4":"has-post-thumbnail","6":"product_cat-cocciniglia-armadillidium","7":"product_shipping_class-spedizione-di-animali","8":"pa_herkunft-albania","9":"pa_kontinent-europa","10":"lce-checkout-addons-imballaggio-invernale","12":"first","13":"outofstock","14":"taxable","15":"shipping-taxable","16":"purchasable","17":"product-type-simple"},"acf":[],"yoast_head":"<!-- This site is optimized with the Yoast SEO plugin v27.3 - https:\/\/yoast.com\/product\/yoast-seo-wordpress\/ -->\n<title>Armadillidium flavoscutatum - Insektenliebe<\/title>\n<meta name=\"description\" content=\"Acquista subito online Armadillidium flavoscutatum: specie di isopodi colorati e diurni della regione mediterranea per il tuo terrario - disponibili direttamente in negozio.\" \/>\n<meta name=\"robots\" content=\"index, follow, max-snippet:-1, max-image-preview:large, max-video-preview:-1\" \/>\n<link rel=\"canonical\" href=\"https:\/\/insektenliebe.com\/it\/shop\/prodotto\/armadillidium-flavoscutatum\/\" \/>\n<meta property=\"og:locale\" content=\"it_IT\" \/>\n<meta property=\"og:type\" content=\"article\" \/>\n<meta property=\"og:title\" content=\"Armadillidium flavoscutatum - Insektenliebe\" \/>\n<meta property=\"og:description\" content=\"Acquista subito online Armadillidium flavoscutatum: specie di isopodi colorati e diurni della regione mediterranea per il tuo terrario - disponibili direttamente in negozio.\" \/>\n<meta property=\"og:url\" content=\"https:\/\/insektenliebe.com\/it\/shop\/prodotto\/armadillidium-flavoscutatum\/\" \/>\n<meta property=\"og:site_name\" content=\"Insektenliebe\" \/>\n<meta property=\"og:image\" content=\"https:\/\/insektenliebe.com\/wp-content\/uploads\/2025\/10\/Armadillidium-flavoscutatum.jpg\" \/>\n\t<meta property=\"og:image:width\" content=\"820\" \/>\n\t<meta property=\"og:image:height\" content=\"820\" \/>\n\t<meta property=\"og:image:type\" content=\"image\/jpeg\" \/>\n<meta name=\"twitter:card\" content=\"summary_large_image\" \/>\n<meta name=\"twitter:label1\" content=\"Tempo di lettura stimato\" \/>\n\t<meta name=\"twitter:data1\" content=\"2 minuto\" \/>\n<script type=\"application\/ld+json\" class=\"yoast-schema-graph\">{\"@context\":\"https:\\\/\\\/schema.org\",\"@graph\":[{\"@type\":\"WebPage\",\"@id\":\"https:\\\/\\\/insektenliebe.com\\\/it\\\/shop\\\/prodotto\\\/armadillidium-flavoscutatum\\\/\",\"url\":\"https:\\\/\\\/insektenliebe.com\\\/it\\\/shop\\\/prodotto\\\/armadillidium-flavoscutatum\\\/\",\"name\":\"Armadillidium flavoscutatum - Insektenliebe\",\"isPartOf\":{\"@id\":\"https:\\\/\\\/insektenliebe.com\\\/it\\\/#website\"},\"primaryImageOfPage\":{\"@id\":\"https:\\\/\\\/insektenliebe.com\\\/it\\\/shop\\\/prodotto\\\/armadillidium-flavoscutatum\\\/#primaryimage\"},\"image\":{\"@id\":\"https:\\\/\\\/insektenliebe.com\\\/it\\\/shop\\\/prodotto\\\/armadillidium-flavoscutatum\\\/#primaryimage\"},\"thumbnailUrl\":\"https:\\\/\\\/insektenliebe.com\\\/wp-content\\\/uploads\\\/2025\\\/10\\\/Armadillidium-flavoscutatum.jpg\",\"datePublished\":\"2025-10-20T14:14:17+00:00\",\"description\":\"Acquista subito online Armadillidium flavoscutatum: specie di isopodi colorati e diurni della regione mediterranea per il tuo terrario - disponibili direttamente in negozio.\",\"breadcrumb\":{\"@id\":\"https:\\\/\\\/insektenliebe.com\\\/it\\\/shop\\\/prodotto\\\/armadillidium-flavoscutatum\\\/#breadcrumb\"},\"inLanguage\":\"it-IT\",\"potentialAction\":[{\"@type\":\"ReadAction\",\"target\":[\"https:\\\/\\\/insektenliebe.com\\\/it\\\/shop\\\/prodotto\\\/armadillidium-flavoscutatum\\\/\"]}]},{\"@type\":\"ImageObject\",\"inLanguage\":\"it-IT\",\"@id\":\"https:\\\/\\\/insektenliebe.com\\\/it\\\/shop\\\/prodotto\\\/armadillidium-flavoscutatum\\\/#primaryimage\",\"url\":\"https:\\\/\\\/insektenliebe.com\\\/wp-content\\\/uploads\\\/2025\\\/10\\\/Armadillidium-flavoscutatum.jpg\",\"contentUrl\":\"https:\\\/\\\/insektenliebe.com\\\/wp-content\\\/uploads\\\/2025\\\/10\\\/Armadillidium-flavoscutatum.jpg\",\"width\":820,\"height\":820,\"caption\":\"Armadillidium flavoscutatum\"},{\"@type\":\"BreadcrumbList\",\"@id\":\"https:\\\/\\\/insektenliebe.com\\\/it\\\/shop\\\/prodotto\\\/armadillidium-flavoscutatum\\\/#breadcrumb\",\"itemListElement\":[{\"@type\":\"ListItem\",\"position\":1,\"name\":\"Startseite\",\"item\":\"https:\\\/\\\/insektenliebe.com\\\/it\\\/\"},{\"@type\":\"ListItem\",\"position\":2,\"name\":\"Negozio\",\"item\":\"https:\\\/\\\/insektenliebe.com\\\/it\\\/negozio\\\/\"},{\"@type\":\"ListItem\",\"position\":3,\"name\":\"Armadillidium flavoscutatum\"}]},{\"@type\":\"WebSite\",\"@id\":\"https:\\\/\\\/insektenliebe.com\\\/it\\\/#website\",\"url\":\"https:\\\/\\\/insektenliebe.com\\\/it\\\/\",\"name\":\"Insektenliebe\",\"description\":\"Dein Zuhause f\u00fcr die kleinen Lebewesen\",\"publisher\":{\"@id\":\"https:\\\/\\\/insektenliebe.com\\\/it\\\/#organization\"},\"potentialAction\":[{\"@type\":\"SearchAction\",\"target\":{\"@type\":\"EntryPoint\",\"urlTemplate\":\"https:\\\/\\\/insektenliebe.com\\\/it\\\/?s={search_term_string}\"},\"query-input\":{\"@type\":\"PropertyValueSpecification\",\"valueRequired\":true,\"valueName\":\"search_term_string\"}}],\"inLanguage\":\"it-IT\"},{\"@type\":\"Organization\",\"@id\":\"https:\\\/\\\/insektenliebe.com\\\/it\\\/#organization\",\"name\":\"Insektenliebe\",\"url\":\"https:\\\/\\\/insektenliebe.com\\\/it\\\/\",\"logo\":{\"@type\":\"ImageObject\",\"inLanguage\":\"it-IT\",\"@id\":\"https:\\\/\\\/insektenliebe.com\\\/it\\\/#\\\/schema\\\/logo\\\/image\\\/\",\"url\":\"https:\\\/\\\/insektenliebe.com\\\/wp-content\\\/uploads\\\/2025\\\/03\\\/logo-white.png\",\"contentUrl\":\"https:\\\/\\\/insektenliebe.com\\\/wp-content\\\/uploads\\\/2025\\\/03\\\/logo-white.png\",\"width\":288,\"height\":188,\"caption\":\"Insektenliebe\"},\"image\":{\"@id\":\"https:\\\/\\\/insektenliebe.com\\\/it\\\/#\\\/schema\\\/logo\\\/image\\\/\"}}]}<\/script>\n<!-- \/ Yoast SEO plugin. -->","yoast_head_json":{"title":"Armadillidium flavoscutatum - Insektenliebe","description":"Acquista subito online Armadillidium flavoscutatum: specie di isopodi colorati e diurni della regione mediterranea per il tuo terrario - disponibili direttamente in negozio.","robots":{"index":"index","follow":"follow","max-snippet":"max-snippet:-1","max-image-preview":"max-image-preview:large","max-video-preview":"max-video-preview:-1"},"canonical":"https:\/\/insektenliebe.com\/it\/shop\/prodotto\/armadillidium-flavoscutatum\/","og_locale":"it_IT","og_type":"article","og_title":"Armadillidium flavoscutatum - Insektenliebe","og_description":"Acquista subito online Armadillidium flavoscutatum: specie di isopodi colorati e diurni della regione mediterranea per il tuo terrario - disponibili direttamente in negozio.","og_url":"https:\/\/insektenliebe.com\/it\/shop\/prodotto\/armadillidium-flavoscutatum\/","og_site_name":"Insektenliebe","og_image":[{"width":820,"height":820,"url":"https:\/\/insektenliebe.com\/wp-content\/uploads\/2025\/10\/Armadillidium-flavoscutatum.jpg","type":"image\/jpeg"}],"twitter_card":"summary_large_image","twitter_misc":{"Tempo di lettura stimato":"2 minuto"},"schema":{"@context":"https:\/\/schema.org","@graph":[{"@type":"WebPage","@id":"https:\/\/insektenliebe.com\/it\/shop\/prodotto\/armadillidium-flavoscutatum\/","url":"https:\/\/insektenliebe.com\/it\/shop\/prodotto\/armadillidium-flavoscutatum\/","name":"Armadillidium flavoscutatum - Insektenliebe","isPartOf":{"@id":"https:\/\/insektenliebe.com\/it\/#website"},"primaryImageOfPage":{"@id":"https:\/\/insektenliebe.com\/it\/shop\/prodotto\/armadillidium-flavoscutatum\/#primaryimage"},"image":{"@id":"https:\/\/insektenliebe.com\/it\/shop\/prodotto\/armadillidium-flavoscutatum\/#primaryimage"},"thumbnailUrl":"https:\/\/insektenliebe.com\/wp-content\/uploads\/2025\/10\/Armadillidium-flavoscutatum.jpg","datePublished":"2025-10-20T14:14:17+00:00","description":"Acquista subito online Armadillidium flavoscutatum: specie di isopodi colorati e diurni della regione mediterranea per il tuo terrario - disponibili direttamente in negozio.","breadcrumb":{"@id":"https:\/\/insektenliebe.com\/it\/shop\/prodotto\/armadillidium-flavoscutatum\/#breadcrumb"},"inLanguage":"it-IT","potentialAction":[{"@type":"ReadAction","target":["https:\/\/insektenliebe.com\/it\/shop\/prodotto\/armadillidium-flavoscutatum\/"]}]},{"@type":"ImageObject","inLanguage":"it-IT","@id":"https:\/\/insektenliebe.com\/it\/shop\/prodotto\/armadillidium-flavoscutatum\/#primaryimage","url":"https:\/\/insektenliebe.com\/wp-content\/uploads\/2025\/10\/Armadillidium-flavoscutatum.jpg","contentUrl":"https:\/\/insektenliebe.com\/wp-content\/uploads\/2025\/10\/Armadillidium-flavoscutatum.jpg","width":820,"height":820,"caption":"Armadillidium flavoscutatum"},{"@type":"BreadcrumbList","@id":"https:\/\/insektenliebe.com\/it\/shop\/prodotto\/armadillidium-flavoscutatum\/#breadcrumb","itemListElement":[{"@type":"ListItem","position":1,"name":"Startseite","item":"https:\/\/insektenliebe.com\/it\/"},{"@type":"ListItem","position":2,"name":"Negozio","item":"https:\/\/insektenliebe.com\/it\/negozio\/"},{"@type":"ListItem","position":3,"name":"Armadillidium flavoscutatum"}]},{"@type":"WebSite","@id":"https:\/\/insektenliebe.com\/it\/#website","url":"https:\/\/insektenliebe.com\/it\/","name":"Insektenliebe","description":"Dein Zuhause f\u00fcr die kleinen Lebewesen","publisher":{"@id":"https:\/\/insektenliebe.com\/it\/#organization"},"potentialAction":[{"@type":"SearchAction","target":{"@type":"EntryPoint","urlTemplate":"https:\/\/insektenliebe.com\/it\/?s={search_term_string}"},"query-input":{"@type":"PropertyValueSpecification","valueRequired":true,"valueName":"search_term_string"}}],"inLanguage":"it-IT"},{"@type":"Organization","@id":"https:\/\/insektenliebe.com\/it\/#organization","name":"Insektenliebe","url":"https:\/\/insektenliebe.com\/it\/","logo":{"@type":"ImageObject","inLanguage":"it-IT","@id":"https:\/\/insektenliebe.com\/it\/#\/schema\/logo\/image\/","url":"https:\/\/insektenliebe.com\/wp-content\/uploads\/2025\/03\/logo-white.png","contentUrl":"https:\/\/insektenliebe.com\/wp-content\/uploads\/2025\/03\/logo-white.png","width":288,"height":188,"caption":"Insektenliebe"},"image":{"@id":"https:\/\/insektenliebe.com\/it\/#\/schema\/logo\/image\/"}}]}},"_links":{"self":[{"href":"https:\/\/insektenliebe.com\/it\/wp-json\/wp\/v2\/product\/189025","targetHints":{"allow":["GET"]}}],"collection":[{"href":"https:\/\/insektenliebe.com\/it\/wp-json\/wp\/v2\/product"}],"about":[{"href":"https:\/\/insektenliebe.com\/it\/wp-json\/wp\/v2\/types\/product"}],"wp:featuredmedia":[{"embeddable":true,"href":"https:\/\/insektenliebe.com\/it\/wp-json\/wp\/v2\/media\/189026"}],"wp:attachment":[{"href":"https:\/\/insektenliebe.com\/it\/wp-json\/wp\/v2\/media?parent=189025"}],"wp:term":[{"taxonomy":"product-supplier","embeddable":true,"href":"https:\/\/insektenliebe.com\/it\/wp-json\/wp\/v2\/product-supplier?post=189025"},{"taxonomy":"product_brand","embeddable":true,"href":"https:\/\/insektenliebe.com\/it\/wp-json\/wp\/v2\/product_brand?post=189025"},{"taxonomy":"product_cat","embeddable":true,"href":"https:\/\/insektenliebe.com\/it\/wp-json\/wp\/v2\/product_cat?post=189025"},{"taxonomy":"product_tag","embeddable":true,"href":"https:\/\/insektenliebe.com\/it\/wp-json\/wp\/v2\/product_tag?post=189025"},{"taxonomy":"lce-checkout-addons","embeddable":true,"href":"https:\/\/insektenliebe.com\/it\/wp-json\/wp\/v2\/lce-checkout-addons?post=189025"}],"curies":[{"name":"wp","href":"https:\/\/api.w.org\/{rel}","templated":true}]}}