{"id":189006,"date":"2025-10-31T14:19:12","date_gmt":"2025-10-31T13:19:12","guid":{"rendered":"https:\/\/insektenliebe.com\/shop\/produkt\/animale-alimentare-adatto\/"},"modified":"2025-10-31T14:19:12","modified_gmt":"2025-10-31T13:19:12","slug":"animale-alimentare-adatto","status":"publish","type":"product","link":"https:\/\/insektenliebe.com\/it\/shop\/prodotto\/animale-alimentare-adatto\/","title":{"rendered":"Animale alimentare adatto"},"content":{"rendered":"<h3 class=\"p1\"><span style=\"color: #99cc33\"><strong><span class=\"s1\">Niente congetture: ordina gli alimenti giusti allo stesso momento<\/span><\/strong><\/span><\/h3>\n<p class=\"p1\"><span class=\"s1\">Quando acquisti un nuovo animale da Insektenliebe, puoi ordinare il cibo giusto per lui, senza alcuna incertezza. Con il nostro servizio \"Abbina animali\", selezioniamo per te la taglia e il tipo di alimento giusto per il tuo animale appena acquistato. Questo prodotto \u00e8 destinato esclusivamente ai clienti che acquistano un animale da noi contemporaneamente e vogliono essere sicuri che tutto si adatti perfettamente alla prima alimentazione. Durante la spedizione, esaminiamo il tuo ordine e vediamo quale specie hai acquistato. Aggiungiamo quindi automaticamente l&#8217;animale da mangiare giusto nelle dimensioni ottimali, accuratamente selezionato in modo che il tuo animale possa essere nutrito in modo sicuro e senza stress non appena si trasferisce.    <\/span><\/p>\n<p class=\"p1\"><span class=\"s1\">Si tratta di un aiuto enorme, soprattutto per i principianti, perch\u00e9 molti non sanno all&#8217;inizio se sono pi\u00f9 adatti grilli, grillini, moscerini della frutta o scarafaggi - e in quali dimensioni. Con il cibo per animali giusto, non prenderai una decisione sbagliata, ma otterrai esattamente ci\u00f2 di cui il tuo animale ha bisogno in questo momento. Questo ti aiuter\u00e0 a evitare di fare un acquisto sbagliato e ti dar\u00e0 anche una guida per gli ordini futuri. Infatti, una volta che saprai cosa mangia il tuo animale, sar\u00e0 pi\u00f9 facile per te fare la scelta giusta la prossima volta.   <\/span><\/p>\n<p class=\"p1\"><span class=\"s1\">Vogliamo che il tuo inizio nella propriet\u00e0 di un animale domestico sia rilassato e rispettoso degli animali. Ecco perch\u00e9 questo servizio non \u00e8 solo un prodotto aggiuntivo, ma un elemento di sicurezza e supporto. Tutto ci\u00f2 che devi fare \u00e8 aggiungere al carrello il cibo giusto per l&#8217;animale al momento dell&#8217;ordine del tuo nuovo animale: al resto penseremo noi. In Insektenliebe il benessere dei tuoi animali \u00e8 sempre al centro di tutto ci\u00f2 che facciamo e con questo piccolo ma premuroso servizio vogliamo dimostrarti che un buon allevamento inizia con la fiducia.   <\/span><\/p>\n","protected":false},"excerpt":{"rendered":"<p>Niente congetture: ordina gli alimenti giusti allo stesso momento Quando acquisti un nuovo animale da Insektenliebe, puoi ordinare il cibo giusto per lui, senza alcuna incertezza. Con il nostro servizio \"Abbina animali\", selezioniamo per te la taglia e il tipo di alimento giusto per il tuo animale appena acquistato. Questo prodotto \u00e8 destinato esclusivamente ai [&hellip;]<\/p>\n","protected":false},"featured_media":189007,"template":"","meta":{"_acf_changed":false},"product-supplier":[],"product_brand":[],"product_cat":[2817],"product_tag":[],"lce-checkout-addons":[2746],"class_list":{"0":"post-189006","1":"product","2":"type-product","3":"status-publish","4":"has-post-thumbnail","6":"product_cat-animali-da-mangiare","7":"lce-checkout-addons-imballaggio-invernale","9":"first","10":"instock","11":"taxable","12":"shipping-taxable","13":"purchasable","14":"product-type-simple"},"acf":[],"yoast_head":"<!-- This site is optimized with the Yoast SEO plugin v27.3 - https:\/\/yoast.com\/product\/yoast-seo-wordpress\/ -->\n<title>Animale alimentare adatto - Insektenliebe<\/title>\n<meta name=\"description\" content=\"Solo per i nuovi acquisti: selezioniamo il cibo giusto per il tuo nuovo animale: sicuro, senza stress e perfettamente adatto alla specie e alla taglia.\" \/>\n<meta name=\"robots\" content=\"index, follow, max-snippet:-1, max-image-preview:large, max-video-preview:-1\" \/>\n<link rel=\"canonical\" href=\"https:\/\/insektenliebe.com\/it\/shop\/prodotto\/animale-alimentare-adatto\/\" \/>\n<meta property=\"og:locale\" content=\"it_IT\" \/>\n<meta property=\"og:type\" content=\"article\" \/>\n<meta property=\"og:title\" content=\"Animale alimentare adatto - Insektenliebe\" \/>\n<meta property=\"og:description\" content=\"Solo per i nuovi acquisti: selezioniamo il cibo giusto per il tuo nuovo animale: sicuro, senza stress e perfettamente adatto alla specie e alla taglia.\" \/>\n<meta property=\"og:url\" content=\"https:\/\/insektenliebe.com\/it\/shop\/prodotto\/animale-alimentare-adatto\/\" \/>\n<meta property=\"og:site_name\" content=\"Insektenliebe\" \/>\n<meta property=\"og:image\" content=\"https:\/\/insektenliebe.com\/wp-content\/uploads\/2025\/10\/Passendes-Futtertier-1.jpg\" \/>\n\t<meta property=\"og:image:width\" content=\"820\" \/>\n\t<meta property=\"og:image:height\" content=\"820\" \/>\n\t<meta property=\"og:image:type\" content=\"image\/jpeg\" \/>\n<meta name=\"twitter:card\" content=\"summary_large_image\" \/>\n<meta name=\"twitter:label1\" content=\"Tempo di lettura stimato\" \/>\n\t<meta name=\"twitter:data1\" content=\"2 minuto\" \/>\n<script type=\"application\/ld+json\" class=\"yoast-schema-graph\">{\"@context\":\"https:\\\/\\\/schema.org\",\"@graph\":[{\"@type\":\"WebPage\",\"@id\":\"https:\\\/\\\/insektenliebe.com\\\/it\\\/shop\\\/prodotto\\\/animale-alimentare-adatto\\\/\",\"url\":\"https:\\\/\\\/insektenliebe.com\\\/it\\\/shop\\\/prodotto\\\/animale-alimentare-adatto\\\/\",\"name\":\"Animale alimentare adatto - Insektenliebe\",\"isPartOf\":{\"@id\":\"https:\\\/\\\/insektenliebe.com\\\/it\\\/#website\"},\"primaryImageOfPage\":{\"@id\":\"https:\\\/\\\/insektenliebe.com\\\/it\\\/shop\\\/prodotto\\\/animale-alimentare-adatto\\\/#primaryimage\"},\"image\":{\"@id\":\"https:\\\/\\\/insektenliebe.com\\\/it\\\/shop\\\/prodotto\\\/animale-alimentare-adatto\\\/#primaryimage\"},\"thumbnailUrl\":\"https:\\\/\\\/insektenliebe.com\\\/wp-content\\\/uploads\\\/2025\\\/10\\\/Passendes-Futtertier-1.jpg\",\"datePublished\":\"2025-10-31T13:19:12+00:00\",\"description\":\"Solo per i nuovi acquisti: selezioniamo il cibo giusto per il tuo nuovo animale: sicuro, senza stress e perfettamente adatto alla specie e alla taglia.\",\"breadcrumb\":{\"@id\":\"https:\\\/\\\/insektenliebe.com\\\/it\\\/shop\\\/prodotto\\\/animale-alimentare-adatto\\\/#breadcrumb\"},\"inLanguage\":\"it-IT\",\"potentialAction\":[{\"@type\":\"ReadAction\",\"target\":[\"https:\\\/\\\/insektenliebe.com\\\/it\\\/shop\\\/prodotto\\\/animale-alimentare-adatto\\\/\"]}]},{\"@type\":\"ImageObject\",\"inLanguage\":\"it-IT\",\"@id\":\"https:\\\/\\\/insektenliebe.com\\\/it\\\/shop\\\/prodotto\\\/animale-alimentare-adatto\\\/#primaryimage\",\"url\":\"https:\\\/\\\/insektenliebe.com\\\/wp-content\\\/uploads\\\/2025\\\/10\\\/Passendes-Futtertier-1.jpg\",\"contentUrl\":\"https:\\\/\\\/insektenliebe.com\\\/wp-content\\\/uploads\\\/2025\\\/10\\\/Passendes-Futtertier-1.jpg\",\"width\":820,\"height\":820,\"caption\":\"Animale alimentare adatto\"},{\"@type\":\"BreadcrumbList\",\"@id\":\"https:\\\/\\\/insektenliebe.com\\\/it\\\/shop\\\/prodotto\\\/animale-alimentare-adatto\\\/#breadcrumb\",\"itemListElement\":[{\"@type\":\"ListItem\",\"position\":1,\"name\":\"Startseite\",\"item\":\"https:\\\/\\\/insektenliebe.com\\\/it\\\/\"},{\"@type\":\"ListItem\",\"position\":2,\"name\":\"Negozio\",\"item\":\"https:\\\/\\\/insektenliebe.com\\\/it\\\/negozio\\\/\"},{\"@type\":\"ListItem\",\"position\":3,\"name\":\"Animale alimentare adatto\"}]},{\"@type\":\"WebSite\",\"@id\":\"https:\\\/\\\/insektenliebe.com\\\/it\\\/#website\",\"url\":\"https:\\\/\\\/insektenliebe.com\\\/it\\\/\",\"name\":\"Insektenliebe\",\"description\":\"Dein Zuhause f\u00fcr die kleinen Lebewesen\",\"publisher\":{\"@id\":\"https:\\\/\\\/insektenliebe.com\\\/it\\\/#organization\"},\"potentialAction\":[{\"@type\":\"SearchAction\",\"target\":{\"@type\":\"EntryPoint\",\"urlTemplate\":\"https:\\\/\\\/insektenliebe.com\\\/it\\\/?s={search_term_string}\"},\"query-input\":{\"@type\":\"PropertyValueSpecification\",\"valueRequired\":true,\"valueName\":\"search_term_string\"}}],\"inLanguage\":\"it-IT\"},{\"@type\":\"Organization\",\"@id\":\"https:\\\/\\\/insektenliebe.com\\\/it\\\/#organization\",\"name\":\"Insektenliebe\",\"url\":\"https:\\\/\\\/insektenliebe.com\\\/it\\\/\",\"logo\":{\"@type\":\"ImageObject\",\"inLanguage\":\"it-IT\",\"@id\":\"https:\\\/\\\/insektenliebe.com\\\/it\\\/#\\\/schema\\\/logo\\\/image\\\/\",\"url\":\"https:\\\/\\\/insektenliebe.com\\\/wp-content\\\/uploads\\\/2025\\\/03\\\/logo-white.png\",\"contentUrl\":\"https:\\\/\\\/insektenliebe.com\\\/wp-content\\\/uploads\\\/2025\\\/03\\\/logo-white.png\",\"width\":288,\"height\":188,\"caption\":\"Insektenliebe\"},\"image\":{\"@id\":\"https:\\\/\\\/insektenliebe.com\\\/it\\\/#\\\/schema\\\/logo\\\/image\\\/\"}}]}<\/script>\n<!-- \/ Yoast SEO plugin. -->","yoast_head_json":{"title":"Animale alimentare adatto - Insektenliebe","description":"Solo per i nuovi acquisti: selezioniamo il cibo giusto per il tuo nuovo animale: sicuro, senza stress e perfettamente adatto alla specie e alla taglia.","robots":{"index":"index","follow":"follow","max-snippet":"max-snippet:-1","max-image-preview":"max-image-preview:large","max-video-preview":"max-video-preview:-1"},"canonical":"https:\/\/insektenliebe.com\/it\/shop\/prodotto\/animale-alimentare-adatto\/","og_locale":"it_IT","og_type":"article","og_title":"Animale alimentare adatto - Insektenliebe","og_description":"Solo per i nuovi acquisti: selezioniamo il cibo giusto per il tuo nuovo animale: sicuro, senza stress e perfettamente adatto alla specie e alla taglia.","og_url":"https:\/\/insektenliebe.com\/it\/shop\/prodotto\/animale-alimentare-adatto\/","og_site_name":"Insektenliebe","og_image":[{"width":820,"height":820,"url":"https:\/\/insektenliebe.com\/wp-content\/uploads\/2025\/10\/Passendes-Futtertier-1.jpg","type":"image\/jpeg"}],"twitter_card":"summary_large_image","twitter_misc":{"Tempo di lettura stimato":"2 minuto"},"schema":{"@context":"https:\/\/schema.org","@graph":[{"@type":"WebPage","@id":"https:\/\/insektenliebe.com\/it\/shop\/prodotto\/animale-alimentare-adatto\/","url":"https:\/\/insektenliebe.com\/it\/shop\/prodotto\/animale-alimentare-adatto\/","name":"Animale alimentare adatto - Insektenliebe","isPartOf":{"@id":"https:\/\/insektenliebe.com\/it\/#website"},"primaryImageOfPage":{"@id":"https:\/\/insektenliebe.com\/it\/shop\/prodotto\/animale-alimentare-adatto\/#primaryimage"},"image":{"@id":"https:\/\/insektenliebe.com\/it\/shop\/prodotto\/animale-alimentare-adatto\/#primaryimage"},"thumbnailUrl":"https:\/\/insektenliebe.com\/wp-content\/uploads\/2025\/10\/Passendes-Futtertier-1.jpg","datePublished":"2025-10-31T13:19:12+00:00","description":"Solo per i nuovi acquisti: selezioniamo il cibo giusto per il tuo nuovo animale: sicuro, senza stress e perfettamente adatto alla specie e alla taglia.","breadcrumb":{"@id":"https:\/\/insektenliebe.com\/it\/shop\/prodotto\/animale-alimentare-adatto\/#breadcrumb"},"inLanguage":"it-IT","potentialAction":[{"@type":"ReadAction","target":["https:\/\/insektenliebe.com\/it\/shop\/prodotto\/animale-alimentare-adatto\/"]}]},{"@type":"ImageObject","inLanguage":"it-IT","@id":"https:\/\/insektenliebe.com\/it\/shop\/prodotto\/animale-alimentare-adatto\/#primaryimage","url":"https:\/\/insektenliebe.com\/wp-content\/uploads\/2025\/10\/Passendes-Futtertier-1.jpg","contentUrl":"https:\/\/insektenliebe.com\/wp-content\/uploads\/2025\/10\/Passendes-Futtertier-1.jpg","width":820,"height":820,"caption":"Animale alimentare adatto"},{"@type":"BreadcrumbList","@id":"https:\/\/insektenliebe.com\/it\/shop\/prodotto\/animale-alimentare-adatto\/#breadcrumb","itemListElement":[{"@type":"ListItem","position":1,"name":"Startseite","item":"https:\/\/insektenliebe.com\/it\/"},{"@type":"ListItem","position":2,"name":"Negozio","item":"https:\/\/insektenliebe.com\/it\/negozio\/"},{"@type":"ListItem","position":3,"name":"Animale alimentare adatto"}]},{"@type":"WebSite","@id":"https:\/\/insektenliebe.com\/it\/#website","url":"https:\/\/insektenliebe.com\/it\/","name":"Insektenliebe","description":"Dein Zuhause f\u00fcr die kleinen Lebewesen","publisher":{"@id":"https:\/\/insektenliebe.com\/it\/#organization"},"potentialAction":[{"@type":"SearchAction","target":{"@type":"EntryPoint","urlTemplate":"https:\/\/insektenliebe.com\/it\/?s={search_term_string}"},"query-input":{"@type":"PropertyValueSpecification","valueRequired":true,"valueName":"search_term_string"}}],"inLanguage":"it-IT"},{"@type":"Organization","@id":"https:\/\/insektenliebe.com\/it\/#organization","name":"Insektenliebe","url":"https:\/\/insektenliebe.com\/it\/","logo":{"@type":"ImageObject","inLanguage":"it-IT","@id":"https:\/\/insektenliebe.com\/it\/#\/schema\/logo\/image\/","url":"https:\/\/insektenliebe.com\/wp-content\/uploads\/2025\/03\/logo-white.png","contentUrl":"https:\/\/insektenliebe.com\/wp-content\/uploads\/2025\/03\/logo-white.png","width":288,"height":188,"caption":"Insektenliebe"},"image":{"@id":"https:\/\/insektenliebe.com\/it\/#\/schema\/logo\/image\/"}}]}},"_links":{"self":[{"href":"https:\/\/insektenliebe.com\/it\/wp-json\/wp\/v2\/product\/189006","targetHints":{"allow":["GET"]}}],"collection":[{"href":"https:\/\/insektenliebe.com\/it\/wp-json\/wp\/v2\/product"}],"about":[{"href":"https:\/\/insektenliebe.com\/it\/wp-json\/wp\/v2\/types\/product"}],"wp:featuredmedia":[{"embeddable":true,"href":"https:\/\/insektenliebe.com\/it\/wp-json\/wp\/v2\/media\/189007"}],"wp:attachment":[{"href":"https:\/\/insektenliebe.com\/it\/wp-json\/wp\/v2\/media?parent=189006"}],"wp:term":[{"taxonomy":"product-supplier","embeddable":true,"href":"https:\/\/insektenliebe.com\/it\/wp-json\/wp\/v2\/product-supplier?post=189006"},{"taxonomy":"product_brand","embeddable":true,"href":"https:\/\/insektenliebe.com\/it\/wp-json\/wp\/v2\/product_brand?post=189006"},{"taxonomy":"product_cat","embeddable":true,"href":"https:\/\/insektenliebe.com\/it\/wp-json\/wp\/v2\/product_cat?post=189006"},{"taxonomy":"product_tag","embeddable":true,"href":"https:\/\/insektenliebe.com\/it\/wp-json\/wp\/v2\/product_tag?post=189006"},{"taxonomy":"lce-checkout-addons","embeddable":true,"href":"https:\/\/insektenliebe.com\/it\/wp-json\/wp\/v2\/lce-checkout-addons?post=189006"}],"curies":[{"name":"wp","href":"https:\/\/api.w.org\/{rel}","templated":true}]}}