{"id":188991,"date":"2025-11-01T09:45:00","date_gmt":"2025-11-01T08:45:00","guid":{"rendered":"https:\/\/insektenliebe.com\/shop\/produkt\/psalmopoeus-reduncus\/"},"modified":"2026-04-06T07:00:46","modified_gmt":"2026-04-06T05:00:46","slug":"psalmopoeus-reduncus","status":"publish","type":"product","link":"https:\/\/insektenliebe.com\/it\/shop\/prodotto\/psalmopoeus-reduncus\/","title":{"rendered":"Psalmopoeus reduncus"},"content":{"rendered":"<h3 class=\"p1\"><span style=\"color: #99cc33;\"><strong><span class=\"s1\">Tra mimetismo e temperamento: <\/span><span class=\"s2\">Psalmopoeus reduncus<\/span><\/strong><\/span><\/h3>\n<p class=\"p1\"><strong><span class=\"s1\">Psalmopoeus reduncus<\/span><\/strong><span class=\"s2\"> \u00e8 un ragno di medie dimensioni che vive sugli alberi e proviene dalle regioni montane calde e umide della Costa Rica.<\/span><\/p>\n<p class=\"p1\"><span class=\"s1\">Il suo portamento slanciato e rampicante e il suo spettro cromatico terroso con toni marrone-beige la rendono quasi invisibile nei terrari naturali: una vera specialista del mimetismo. Su un tronco di sughero come quello della tua foto, si confonde quasi con la corteccia. \u00c8 proprio di queste strutture naturali che ha assolutamente bisogno quando viene tenuta: Superfici verticali, luoghi in cui ritirarsi e un tubo di sughero ben posizionato rendono la vita nel terrario priva di stress e adatta alla specie.  <\/span><\/p>\n<p class=\"p1\"><span class=\"s1\">Il <strong>Psalmopoeus reduncus<\/strong> appare con una certa frequenza, soprattutto la sera o dopo la nebulizzazione. Questo \u00e8 ci\u00f2 che li rende cos\u00ec eccitanti per molti allevatori. La loro agilit\u00e0 e il loro comportamento fulmineo nel ritirarsi suscitano regolarmente stupore e si notano subito:    <\/span><span class=\"s2\">Psalmopoeus reduncus<\/span><span class=\"s1\">  non \u00e8 un animale adatto a un semplice terrario a terra. Vuole salire in alto e vive istintivamente in fessure, cavit\u00e0 degli alberi o tra spesse lastre di corteccia. <\/span><\/p>\n<p class=\"p1\"><span class=\"s1\">Per quanto riguarda il clima, preferisce un clima caldo con un&#8217;umidit\u00e0 medio-alta del 70-80%. L&#8217;ideale \u00e8 un&#8217;umidificazione regolare e mirata, soprattutto intorno alla corteccia o al nascondiglio preferito. Tuttavia, \u00e8 necessario evitare un&#8217;eccessiva umidit\u00e0 in tutto il terrario. \u00c8 obbligatorio un allestimento ben ventilato. L&#8217;umidit\u00e0 pu\u00f2 essere aumentata in modo selettivo, ad esempio spruzzando quotidianamente vicino al tubo.    <\/span><\/p>\n<p class=\"p1\"><span class=\"s1\">Per quanto riguarda l&#8217;alimentazione, si nutre di grilli, scarafaggi e, a partire da una certa dimensione, cavallette di medie dimensioni. Tipico delle specie di Psalmopoeus: il suo comportamento di cattura delle prede \u00e8 esplosivo ma preciso. Chiunque li abbia visti cacciare non dimenticher\u00e0 in fretta questo momento.  <\/span><\/p>\n<p class=\"p1\">Questa specie \u00e8 molto adatta ai principianti, poich\u00e9 non attacca, ma si ritira. \u00c8 quindi la specie perfetta per iniziare con le specie arboricole. \u00c8 meglio fornirgli un habitat arredato con amore e ben progettato e sarai ricompensato con un abitante del terrario vivace e stimolante.  <\/p>\n","protected":false},"excerpt":{"rendered":"<p>Tra mimetismo e temperamento: Psalmopoeus reduncus Psalmopoeus reduncus \u00e8 un ragno di medie dimensioni che vive sugli alberi e proviene dalle regioni montane calde e umide della Costa Rica. Il suo portamento slanciato e rampicante e il suo spettro cromatico terroso con toni marrone-beige la rendono quasi invisibile nei terrari naturali: una vera specialista del [&hellip;]<\/p>\n","protected":false},"featured_media":188994,"template":"","meta":{"_acf_changed":false},"product-supplier":[],"product_brand":[],"product_cat":[3004],"product_tag":[],"lce-checkout-addons":[2746],"class_list":{"0":"post-188991","1":"product","2":"type-product","3":"status-publish","4":"has-post-thumbnail","6":"product_cat-tarantole","7":"product_shipping_class-spedizione-di-animali","8":"pa_herkunft-costa-rica","9":"pa_kontinent-nord-america","10":"lce-checkout-addons-imballaggio-invernale","12":"first","13":"instock","14":"taxable","15":"shipping-taxable","16":"purchasable","17":"product-type-variable"},"acf":[],"yoast_head":"<!-- This site is optimized with the Yoast SEO plugin v27.3 - https:\/\/yoast.com\/product\/yoast-seo-wordpress\/ -->\n<title>Psalmopoeus reduncus - Insektenliebe<\/title>\n<meta name=\"description\" content=\"Acquista online Psalmopoeus reduncus - Ragno imbuto centroamericano, attivo, agile e ideale per terrari naturalistici alti. Ora da Insektenliebe!\" \/>\n<meta name=\"robots\" content=\"index, follow, max-snippet:-1, max-image-preview:large, max-video-preview:-1\" \/>\n<link rel=\"canonical\" href=\"https:\/\/insektenliebe.com\/it\/shop\/prodotto\/psalmopoeus-reduncus\/\" \/>\n<meta property=\"og:locale\" content=\"it_IT\" \/>\n<meta property=\"og:type\" content=\"article\" \/>\n<meta property=\"og:title\" content=\"Psalmopoeus reduncus - Insektenliebe\" \/>\n<meta property=\"og:description\" content=\"Acquista online Psalmopoeus reduncus - Ragno imbuto centroamericano, attivo, agile e ideale per terrari naturalistici alti. Ora da Insektenliebe!\" \/>\n<meta property=\"og:url\" content=\"https:\/\/insektenliebe.com\/it\/shop\/prodotto\/psalmopoeus-reduncus\/\" \/>\n<meta property=\"og:site_name\" content=\"Insektenliebe\" \/>\n<meta property=\"article:modified_time\" content=\"2026-04-06T05:00:46+00:00\" \/>\n<meta property=\"og:image\" content=\"https:\/\/insektenliebe.com\/wp-content\/uploads\/2025\/11\/Psalmopoeus-reduncus-Ast.jpg\" \/>\n\t<meta property=\"og:image:width\" content=\"820\" \/>\n\t<meta property=\"og:image:height\" content=\"820\" \/>\n\t<meta property=\"og:image:type\" content=\"image\/jpeg\" \/>\n<meta name=\"twitter:card\" content=\"summary_large_image\" \/>\n<meta name=\"twitter:label1\" content=\"Tempo di lettura stimato\" \/>\n\t<meta name=\"twitter:data1\" content=\"2 minuto\" \/>\n<script type=\"application\/ld+json\" class=\"yoast-schema-graph\">{\"@context\":\"https:\\\/\\\/schema.org\",\"@graph\":[{\"@type\":\"WebPage\",\"@id\":\"https:\\\/\\\/insektenliebe.com\\\/it\\\/shop\\\/prodotto\\\/psalmopoeus-reduncus\\\/\",\"url\":\"https:\\\/\\\/insektenliebe.com\\\/it\\\/shop\\\/prodotto\\\/psalmopoeus-reduncus\\\/\",\"name\":\"Psalmopoeus reduncus - Insektenliebe\",\"isPartOf\":{\"@id\":\"https:\\\/\\\/insektenliebe.com\\\/it\\\/#website\"},\"primaryImageOfPage\":{\"@id\":\"https:\\\/\\\/insektenliebe.com\\\/it\\\/shop\\\/prodotto\\\/psalmopoeus-reduncus\\\/#primaryimage\"},\"image\":{\"@id\":\"https:\\\/\\\/insektenliebe.com\\\/it\\\/shop\\\/prodotto\\\/psalmopoeus-reduncus\\\/#primaryimage\"},\"thumbnailUrl\":\"https:\\\/\\\/insektenliebe.com\\\/wp-content\\\/uploads\\\/2025\\\/11\\\/Psalmopoeus-reduncus-Ast.jpg\",\"datePublished\":\"2025-11-01T08:45:00+00:00\",\"dateModified\":\"2026-04-06T05:00:46+00:00\",\"description\":\"Acquista online Psalmopoeus reduncus - Ragno imbuto centroamericano, attivo, agile e ideale per terrari naturalistici alti. Ora da Insektenliebe!\",\"breadcrumb\":{\"@id\":\"https:\\\/\\\/insektenliebe.com\\\/it\\\/shop\\\/prodotto\\\/psalmopoeus-reduncus\\\/#breadcrumb\"},\"inLanguage\":\"it-IT\",\"potentialAction\":[{\"@type\":\"ReadAction\",\"target\":[\"https:\\\/\\\/insektenliebe.com\\\/it\\\/shop\\\/prodotto\\\/psalmopoeus-reduncus\\\/\"]}]},{\"@type\":\"ImageObject\",\"inLanguage\":\"it-IT\",\"@id\":\"https:\\\/\\\/insektenliebe.com\\\/it\\\/shop\\\/prodotto\\\/psalmopoeus-reduncus\\\/#primaryimage\",\"url\":\"https:\\\/\\\/insektenliebe.com\\\/wp-content\\\/uploads\\\/2025\\\/11\\\/Psalmopoeus-reduncus-Ast.jpg\",\"contentUrl\":\"https:\\\/\\\/insektenliebe.com\\\/wp-content\\\/uploads\\\/2025\\\/11\\\/Psalmopoeus-reduncus-Ast.jpg\",\"width\":820,\"height\":820,\"caption\":\"Psalmopoeus reduncus - ramo\"},{\"@type\":\"BreadcrumbList\",\"@id\":\"https:\\\/\\\/insektenliebe.com\\\/it\\\/shop\\\/prodotto\\\/psalmopoeus-reduncus\\\/#breadcrumb\",\"itemListElement\":[{\"@type\":\"ListItem\",\"position\":1,\"name\":\"Startseite\",\"item\":\"https:\\\/\\\/insektenliebe.com\\\/it\\\/\"},{\"@type\":\"ListItem\",\"position\":2,\"name\":\"Negozio\",\"item\":\"https:\\\/\\\/insektenliebe.com\\\/it\\\/negozio\\\/\"},{\"@type\":\"ListItem\",\"position\":3,\"name\":\"Psalmopoeus reduncus\"}]},{\"@type\":\"WebSite\",\"@id\":\"https:\\\/\\\/insektenliebe.com\\\/it\\\/#website\",\"url\":\"https:\\\/\\\/insektenliebe.com\\\/it\\\/\",\"name\":\"Insektenliebe\",\"description\":\"Dein Zuhause f\u00fcr die kleinen Lebewesen\",\"publisher\":{\"@id\":\"https:\\\/\\\/insektenliebe.com\\\/it\\\/#organization\"},\"potentialAction\":[{\"@type\":\"SearchAction\",\"target\":{\"@type\":\"EntryPoint\",\"urlTemplate\":\"https:\\\/\\\/insektenliebe.com\\\/it\\\/?s={search_term_string}\"},\"query-input\":{\"@type\":\"PropertyValueSpecification\",\"valueRequired\":true,\"valueName\":\"search_term_string\"}}],\"inLanguage\":\"it-IT\"},{\"@type\":\"Organization\",\"@id\":\"https:\\\/\\\/insektenliebe.com\\\/it\\\/#organization\",\"name\":\"Insektenliebe\",\"url\":\"https:\\\/\\\/insektenliebe.com\\\/it\\\/\",\"logo\":{\"@type\":\"ImageObject\",\"inLanguage\":\"it-IT\",\"@id\":\"https:\\\/\\\/insektenliebe.com\\\/it\\\/#\\\/schema\\\/logo\\\/image\\\/\",\"url\":\"https:\\\/\\\/insektenliebe.com\\\/wp-content\\\/uploads\\\/2025\\\/03\\\/logo-white.png\",\"contentUrl\":\"https:\\\/\\\/insektenliebe.com\\\/wp-content\\\/uploads\\\/2025\\\/03\\\/logo-white.png\",\"width\":288,\"height\":188,\"caption\":\"Insektenliebe\"},\"image\":{\"@id\":\"https:\\\/\\\/insektenliebe.com\\\/it\\\/#\\\/schema\\\/logo\\\/image\\\/\"}}]}<\/script>\n<!-- \/ Yoast SEO plugin. -->","yoast_head_json":{"title":"Psalmopoeus reduncus - Insektenliebe","description":"Acquista online Psalmopoeus reduncus - Ragno imbuto centroamericano, attivo, agile e ideale per terrari naturalistici alti. Ora da Insektenliebe!","robots":{"index":"index","follow":"follow","max-snippet":"max-snippet:-1","max-image-preview":"max-image-preview:large","max-video-preview":"max-video-preview:-1"},"canonical":"https:\/\/insektenliebe.com\/it\/shop\/prodotto\/psalmopoeus-reduncus\/","og_locale":"it_IT","og_type":"article","og_title":"Psalmopoeus reduncus - Insektenliebe","og_description":"Acquista online Psalmopoeus reduncus - Ragno imbuto centroamericano, attivo, agile e ideale per terrari naturalistici alti. Ora da Insektenliebe!","og_url":"https:\/\/insektenliebe.com\/it\/shop\/prodotto\/psalmopoeus-reduncus\/","og_site_name":"Insektenliebe","article_modified_time":"2026-04-06T05:00:46+00:00","og_image":[{"width":820,"height":820,"url":"https:\/\/insektenliebe.com\/wp-content\/uploads\/2025\/11\/Psalmopoeus-reduncus-Ast.jpg","type":"image\/jpeg"}],"twitter_card":"summary_large_image","twitter_misc":{"Tempo di lettura stimato":"2 minuto"},"schema":{"@context":"https:\/\/schema.org","@graph":[{"@type":"WebPage","@id":"https:\/\/insektenliebe.com\/it\/shop\/prodotto\/psalmopoeus-reduncus\/","url":"https:\/\/insektenliebe.com\/it\/shop\/prodotto\/psalmopoeus-reduncus\/","name":"Psalmopoeus reduncus - Insektenliebe","isPartOf":{"@id":"https:\/\/insektenliebe.com\/it\/#website"},"primaryImageOfPage":{"@id":"https:\/\/insektenliebe.com\/it\/shop\/prodotto\/psalmopoeus-reduncus\/#primaryimage"},"image":{"@id":"https:\/\/insektenliebe.com\/it\/shop\/prodotto\/psalmopoeus-reduncus\/#primaryimage"},"thumbnailUrl":"https:\/\/insektenliebe.com\/wp-content\/uploads\/2025\/11\/Psalmopoeus-reduncus-Ast.jpg","datePublished":"2025-11-01T08:45:00+00:00","dateModified":"2026-04-06T05:00:46+00:00","description":"Acquista online Psalmopoeus reduncus - Ragno imbuto centroamericano, attivo, agile e ideale per terrari naturalistici alti. Ora da Insektenliebe!","breadcrumb":{"@id":"https:\/\/insektenliebe.com\/it\/shop\/prodotto\/psalmopoeus-reduncus\/#breadcrumb"},"inLanguage":"it-IT","potentialAction":[{"@type":"ReadAction","target":["https:\/\/insektenliebe.com\/it\/shop\/prodotto\/psalmopoeus-reduncus\/"]}]},{"@type":"ImageObject","inLanguage":"it-IT","@id":"https:\/\/insektenliebe.com\/it\/shop\/prodotto\/psalmopoeus-reduncus\/#primaryimage","url":"https:\/\/insektenliebe.com\/wp-content\/uploads\/2025\/11\/Psalmopoeus-reduncus-Ast.jpg","contentUrl":"https:\/\/insektenliebe.com\/wp-content\/uploads\/2025\/11\/Psalmopoeus-reduncus-Ast.jpg","width":820,"height":820,"caption":"Psalmopoeus reduncus - ramo"},{"@type":"BreadcrumbList","@id":"https:\/\/insektenliebe.com\/it\/shop\/prodotto\/psalmopoeus-reduncus\/#breadcrumb","itemListElement":[{"@type":"ListItem","position":1,"name":"Startseite","item":"https:\/\/insektenliebe.com\/it\/"},{"@type":"ListItem","position":2,"name":"Negozio","item":"https:\/\/insektenliebe.com\/it\/negozio\/"},{"@type":"ListItem","position":3,"name":"Psalmopoeus reduncus"}]},{"@type":"WebSite","@id":"https:\/\/insektenliebe.com\/it\/#website","url":"https:\/\/insektenliebe.com\/it\/","name":"Insektenliebe","description":"Dein Zuhause f\u00fcr die kleinen Lebewesen","publisher":{"@id":"https:\/\/insektenliebe.com\/it\/#organization"},"potentialAction":[{"@type":"SearchAction","target":{"@type":"EntryPoint","urlTemplate":"https:\/\/insektenliebe.com\/it\/?s={search_term_string}"},"query-input":{"@type":"PropertyValueSpecification","valueRequired":true,"valueName":"search_term_string"}}],"inLanguage":"it-IT"},{"@type":"Organization","@id":"https:\/\/insektenliebe.com\/it\/#organization","name":"Insektenliebe","url":"https:\/\/insektenliebe.com\/it\/","logo":{"@type":"ImageObject","inLanguage":"it-IT","@id":"https:\/\/insektenliebe.com\/it\/#\/schema\/logo\/image\/","url":"https:\/\/insektenliebe.com\/wp-content\/uploads\/2025\/03\/logo-white.png","contentUrl":"https:\/\/insektenliebe.com\/wp-content\/uploads\/2025\/03\/logo-white.png","width":288,"height":188,"caption":"Insektenliebe"},"image":{"@id":"https:\/\/insektenliebe.com\/it\/#\/schema\/logo\/image\/"}}]}},"_links":{"self":[{"href":"https:\/\/insektenliebe.com\/it\/wp-json\/wp\/v2\/product\/188991","targetHints":{"allow":["GET"]}}],"collection":[{"href":"https:\/\/insektenliebe.com\/it\/wp-json\/wp\/v2\/product"}],"about":[{"href":"https:\/\/insektenliebe.com\/it\/wp-json\/wp\/v2\/types\/product"}],"wp:featuredmedia":[{"embeddable":true,"href":"https:\/\/insektenliebe.com\/it\/wp-json\/wp\/v2\/media\/188994"}],"wp:attachment":[{"href":"https:\/\/insektenliebe.com\/it\/wp-json\/wp\/v2\/media?parent=188991"}],"wp:term":[{"taxonomy":"product-supplier","embeddable":true,"href":"https:\/\/insektenliebe.com\/it\/wp-json\/wp\/v2\/product-supplier?post=188991"},{"taxonomy":"product_brand","embeddable":true,"href":"https:\/\/insektenliebe.com\/it\/wp-json\/wp\/v2\/product_brand?post=188991"},{"taxonomy":"product_cat","embeddable":true,"href":"https:\/\/insektenliebe.com\/it\/wp-json\/wp\/v2\/product_cat?post=188991"},{"taxonomy":"product_tag","embeddable":true,"href":"https:\/\/insektenliebe.com\/it\/wp-json\/wp\/v2\/product_tag?post=188991"},{"taxonomy":"lce-checkout-addons","embeddable":true,"href":"https:\/\/insektenliebe.com\/it\/wp-json\/wp\/v2\/lce-checkout-addons?post=188991"}],"curies":[{"name":"wp","href":"https:\/\/api.w.org\/{rel}","templated":true}]}}