{"id":188989,"date":"2025-11-13T19:11:28","date_gmt":"2025-11-13T18:11:28","guid":{"rendered":"https:\/\/insektenliebe.com\/shop\/produkt\/radice-di-mopani\/"},"modified":"2025-11-13T19:11:28","modified_gmt":"2025-11-13T18:11:28","slug":"radice-di-mopani","status":"publish","type":"product","link":"https:\/\/insektenliebe.com\/it\/shop\/prodotto\/radice-di-mopani\/","title":{"rendered":"Radice di Mopani"},"content":{"rendered":"<h3 class=\"p1\"><span style=\"color: #99cc33\"><strong><span class=\"s1\">Legno Mopani - naturale e resistente<\/span><\/strong><\/span><\/h3>\n<p class=\"p1\"><span class=\"s1\">La <strong>radice di Mopani<\/strong> \u00e8 uno dei classici tra i legni per terrari - e a ragione. Quasi nessun altro materiale naturale combina un aspetto cos\u00ec espressivo con una versatilit\u00e0 funzionale. Le sue bizzarre torsioni, la forte colorazione bicolore e la superficie in parte liscia e in parte ruvida la rendono non solo un&#8217;attrazione per gli occhi, ma anche un luogo di arrampicata e di rifugio per numerosi abitanti del terrario.  <\/span><\/p>\n<p class=\"p1\"><span class=\"s1\">Le nostre <strong>radici Mopani<\/strong> sono autentici prodotti naturali, ognuno unico. Le tipiche sfumature di colore chiaro e scuro sono create dalla transizione naturale tra alburno e durame. Di conseguenza, ogni radice si integra in modo particolarmente armonioso nelle vasche arredate in modo naturale, sia per tarantole, gechi, millepiedi, isopodi o altri invertebrati.  <\/span><\/p>\n<p class=\"p1\"><span class=\"s1\">La struttura in legno duro e pesante garantisce un appoggio stabile nel terrario. Anche gli animali pi\u00f9 grandi difficilmente riescono a sbilanciare la <strong>radice di Mopani<\/strong>. Il legno \u00e8 anche resistente alla formazione di muffe e alla decomposizione, il che lo rende ideale per gli allestimenti pi\u00f9 umidi come i paludari o le vasche per insetti tropicali.  <\/span><\/p>\n<p class=\"p1\"><span class=\"s1\">La parte posteriore di questa <strong>radice di Mopani<\/strong> \u00e8 un punto di forza particolare: la struttura profondamente solcata e parzialmente cava non solo offre un aspetto impressionante, ma anche pratiche opportunit\u00e0 di nascondersi e arrampicarsi per molti animali del terrario. In particolare, tarantole, isopodi e millepiedi amano sfruttare queste fessure irregolari e ombrose per nascondersi o muoversi lungo le venature. Le cavit\u00e0 naturali conferiscono alla radice un effetto tridimensionale e creano una maggiore profondit\u00e0 nella struttura del tuo terrario: l&#8217;ideale per offrire ai tuoi abitanti non solo una casa, ma anche un piccolo terreno di avventura.  <\/span><\/p>\n<p class=\"p1\"><span class=\"s1\">La sua versatilit\u00e0 \u00e8 un vero punto a favore: puoi usarlo come elemento decorativo centrale, come ausilio per l&#8217;arrampicata, come base per le piante da posatoio o come nascondiglio. In combinazione con muschi, felci o piante aeree, ha un aspetto particolarmente vivace e favorisce il comportamento naturale dei tuoi animali. <\/span><\/p>\n<p class=\"p1\"><span class=\"s1\">Prima di inserire la <strong>radice<\/strong> di <strong>Mopani<\/strong> nel terrario, ti consigliamo di spazzolarla brevemente con acqua calda. Questo rimuover\u00e0 ogni residuo di terra o polvere. A questo punto potrai utilizzarla senza esitazione, senza alcun trattamento chimico.  <\/span><\/p>\n<p class=\"p1\"><span class=\"s1\">Stai cercando un materiale naturale durevole e decorativo che non solo abbia un bell&#8217;aspetto, ma che possa anche essere utilizzato nel terrario? Allora la nostra <strong>radice di Mopani<\/strong> \u00e8 quello che fa per te. <\/span><\/p>\n","protected":false},"excerpt":{"rendered":"<p>Legno Mopani - naturale e resistente La radice di Mopani \u00e8 uno dei classici tra i legni per terrari - e a ragione. Quasi nessun altro materiale naturale combina un aspetto cos\u00ec espressivo con una versatilit\u00e0 funzionale. Le sue bizzarre torsioni, la forte colorazione bicolore e la superficie in parte liscia e in parte ruvida [&hellip;]<\/p>\n","protected":false},"featured_media":186713,"template":"","meta":{"_acf_changed":false},"product-supplier":[2555],"product_brand":[],"product_cat":[2740],"product_tag":[],"lce-checkout-addons":[],"class_list":{"0":"post-188989","1":"product","2":"type-product","3":"status-publish","4":"has-post-thumbnail","6":"product_cat-arredamento-e-decorazione","7":"product_shipping_class-equipment-shipping","9":"first","10":"instock","11":"taxable","12":"shipping-taxable","13":"purchasable","14":"product-type-variable"},"acf":[],"yoast_head":"<!-- This site is optimized with the Yoast SEO plugin v27.3 - https:\/\/yoast.com\/product\/yoast-seo-wordpress\/ -->\n<title>Radice di Mopani - Insektenliebe<\/title>\n<meta name=\"description\" content=\"Radice di Mopani decorativa per il tuo terrario: ideale come ausilio per arrampicarsi, nascondersi e attirare l&#039;attenzione. Naturale, resistente e dalla forma unica.\" \/>\n<meta name=\"robots\" content=\"index, follow, max-snippet:-1, max-image-preview:large, max-video-preview:-1\" \/>\n<link rel=\"canonical\" href=\"https:\/\/insektenliebe.com\/it\/shop\/prodotto\/radice-di-mopani\/\" \/>\n<meta property=\"og:locale\" content=\"it_IT\" \/>\n<meta property=\"og:type\" content=\"article\" \/>\n<meta property=\"og:title\" content=\"Radice di Mopani - Insektenliebe\" \/>\n<meta property=\"og:description\" content=\"Radice di Mopani decorativa per il tuo terrario: ideale come ausilio per arrampicarsi, nascondersi e attirare l&#039;attenzione. Naturale, resistente e dalla forma unica.\" \/>\n<meta property=\"og:url\" content=\"https:\/\/insektenliebe.com\/it\/shop\/prodotto\/radice-di-mopani\/\" \/>\n<meta property=\"og:site_name\" content=\"Insektenliebe\" \/>\n<meta property=\"og:image\" content=\"https:\/\/insektenliebe.com\/wp-content\/uploads\/2025\/11\/Mopani-Wurzel-L.jpg\" \/>\n\t<meta property=\"og:image:width\" content=\"820\" \/>\n\t<meta property=\"og:image:height\" content=\"820\" \/>\n\t<meta property=\"og:image:type\" content=\"image\/jpeg\" \/>\n<meta name=\"twitter:card\" content=\"summary_large_image\" \/>\n<meta name=\"twitter:label1\" content=\"Tempo di lettura stimato\" \/>\n\t<meta name=\"twitter:data1\" content=\"2 minuto\" \/>\n<script type=\"application\/ld+json\" class=\"yoast-schema-graph\">{\"@context\":\"https:\\\/\\\/schema.org\",\"@graph\":[{\"@type\":\"WebPage\",\"@id\":\"https:\\\/\\\/insektenliebe.com\\\/it\\\/shop\\\/prodotto\\\/radice-di-mopani\\\/\",\"url\":\"https:\\\/\\\/insektenliebe.com\\\/it\\\/shop\\\/prodotto\\\/radice-di-mopani\\\/\",\"name\":\"Radice di Mopani - Insektenliebe\",\"isPartOf\":{\"@id\":\"https:\\\/\\\/insektenliebe.com\\\/it\\\/#website\"},\"primaryImageOfPage\":{\"@id\":\"https:\\\/\\\/insektenliebe.com\\\/it\\\/shop\\\/prodotto\\\/radice-di-mopani\\\/#primaryimage\"},\"image\":{\"@id\":\"https:\\\/\\\/insektenliebe.com\\\/it\\\/shop\\\/prodotto\\\/radice-di-mopani\\\/#primaryimage\"},\"thumbnailUrl\":\"https:\\\/\\\/insektenliebe.com\\\/wp-content\\\/uploads\\\/2025\\\/11\\\/Mopani-Wurzel-L.jpg\",\"datePublished\":\"2025-11-13T18:11:28+00:00\",\"description\":\"Radice di Mopani decorativa per il tuo terrario: ideale come ausilio per arrampicarsi, nascondersi e attirare l'attenzione. Naturale, resistente e dalla forma unica.\",\"breadcrumb\":{\"@id\":\"https:\\\/\\\/insektenliebe.com\\\/it\\\/shop\\\/prodotto\\\/radice-di-mopani\\\/#breadcrumb\"},\"inLanguage\":\"it-IT\",\"potentialAction\":[{\"@type\":\"ReadAction\",\"target\":[\"https:\\\/\\\/insektenliebe.com\\\/it\\\/shop\\\/prodotto\\\/radice-di-mopani\\\/\"]}]},{\"@type\":\"ImageObject\",\"inLanguage\":\"it-IT\",\"@id\":\"https:\\\/\\\/insektenliebe.com\\\/it\\\/shop\\\/prodotto\\\/radice-di-mopani\\\/#primaryimage\",\"url\":\"https:\\\/\\\/insektenliebe.com\\\/wp-content\\\/uploads\\\/2025\\\/11\\\/Mopani-Wurzel-L.jpg\",\"contentUrl\":\"https:\\\/\\\/insektenliebe.com\\\/wp-content\\\/uploads\\\/2025\\\/11\\\/Mopani-Wurzel-L.jpg\",\"width\":820,\"height\":820,\"caption\":\"Radice di Mopani L\"},{\"@type\":\"BreadcrumbList\",\"@id\":\"https:\\\/\\\/insektenliebe.com\\\/it\\\/shop\\\/prodotto\\\/radice-di-mopani\\\/#breadcrumb\",\"itemListElement\":[{\"@type\":\"ListItem\",\"position\":1,\"name\":\"Startseite\",\"item\":\"https:\\\/\\\/insektenliebe.com\\\/it\\\/\"},{\"@type\":\"ListItem\",\"position\":2,\"name\":\"Negozio\",\"item\":\"https:\\\/\\\/insektenliebe.com\\\/it\\\/negozio\\\/\"},{\"@type\":\"ListItem\",\"position\":3,\"name\":\"Radice di Mopani\"}]},{\"@type\":\"WebSite\",\"@id\":\"https:\\\/\\\/insektenliebe.com\\\/it\\\/#website\",\"url\":\"https:\\\/\\\/insektenliebe.com\\\/it\\\/\",\"name\":\"Insektenliebe\",\"description\":\"Dein Zuhause f\u00fcr die kleinen Lebewesen\",\"publisher\":{\"@id\":\"https:\\\/\\\/insektenliebe.com\\\/it\\\/#organization\"},\"potentialAction\":[{\"@type\":\"SearchAction\",\"target\":{\"@type\":\"EntryPoint\",\"urlTemplate\":\"https:\\\/\\\/insektenliebe.com\\\/it\\\/?s={search_term_string}\"},\"query-input\":{\"@type\":\"PropertyValueSpecification\",\"valueRequired\":true,\"valueName\":\"search_term_string\"}}],\"inLanguage\":\"it-IT\"},{\"@type\":\"Organization\",\"@id\":\"https:\\\/\\\/insektenliebe.com\\\/it\\\/#organization\",\"name\":\"Insektenliebe\",\"url\":\"https:\\\/\\\/insektenliebe.com\\\/it\\\/\",\"logo\":{\"@type\":\"ImageObject\",\"inLanguage\":\"it-IT\",\"@id\":\"https:\\\/\\\/insektenliebe.com\\\/it\\\/#\\\/schema\\\/logo\\\/image\\\/\",\"url\":\"https:\\\/\\\/insektenliebe.com\\\/wp-content\\\/uploads\\\/2025\\\/03\\\/logo-white.png\",\"contentUrl\":\"https:\\\/\\\/insektenliebe.com\\\/wp-content\\\/uploads\\\/2025\\\/03\\\/logo-white.png\",\"width\":288,\"height\":188,\"caption\":\"Insektenliebe\"},\"image\":{\"@id\":\"https:\\\/\\\/insektenliebe.com\\\/it\\\/#\\\/schema\\\/logo\\\/image\\\/\"}}]}<\/script>\n<!-- \/ Yoast SEO plugin. -->","yoast_head_json":{"title":"Radice di Mopani - Insektenliebe","description":"Radice di Mopani decorativa per il tuo terrario: ideale come ausilio per arrampicarsi, nascondersi e attirare l'attenzione. Naturale, resistente e dalla forma unica.","robots":{"index":"index","follow":"follow","max-snippet":"max-snippet:-1","max-image-preview":"max-image-preview:large","max-video-preview":"max-video-preview:-1"},"canonical":"https:\/\/insektenliebe.com\/it\/shop\/prodotto\/radice-di-mopani\/","og_locale":"it_IT","og_type":"article","og_title":"Radice di Mopani - Insektenliebe","og_description":"Radice di Mopani decorativa per il tuo terrario: ideale come ausilio per arrampicarsi, nascondersi e attirare l'attenzione. Naturale, resistente e dalla forma unica.","og_url":"https:\/\/insektenliebe.com\/it\/shop\/prodotto\/radice-di-mopani\/","og_site_name":"Insektenliebe","og_image":[{"width":820,"height":820,"url":"https:\/\/insektenliebe.com\/wp-content\/uploads\/2025\/11\/Mopani-Wurzel-L.jpg","type":"image\/jpeg"}],"twitter_card":"summary_large_image","twitter_misc":{"Tempo di lettura stimato":"2 minuto"},"schema":{"@context":"https:\/\/schema.org","@graph":[{"@type":"WebPage","@id":"https:\/\/insektenliebe.com\/it\/shop\/prodotto\/radice-di-mopani\/","url":"https:\/\/insektenliebe.com\/it\/shop\/prodotto\/radice-di-mopani\/","name":"Radice di Mopani - Insektenliebe","isPartOf":{"@id":"https:\/\/insektenliebe.com\/it\/#website"},"primaryImageOfPage":{"@id":"https:\/\/insektenliebe.com\/it\/shop\/prodotto\/radice-di-mopani\/#primaryimage"},"image":{"@id":"https:\/\/insektenliebe.com\/it\/shop\/prodotto\/radice-di-mopani\/#primaryimage"},"thumbnailUrl":"https:\/\/insektenliebe.com\/wp-content\/uploads\/2025\/11\/Mopani-Wurzel-L.jpg","datePublished":"2025-11-13T18:11:28+00:00","description":"Radice di Mopani decorativa per il tuo terrario: ideale come ausilio per arrampicarsi, nascondersi e attirare l'attenzione. Naturale, resistente e dalla forma unica.","breadcrumb":{"@id":"https:\/\/insektenliebe.com\/it\/shop\/prodotto\/radice-di-mopani\/#breadcrumb"},"inLanguage":"it-IT","potentialAction":[{"@type":"ReadAction","target":["https:\/\/insektenliebe.com\/it\/shop\/prodotto\/radice-di-mopani\/"]}]},{"@type":"ImageObject","inLanguage":"it-IT","@id":"https:\/\/insektenliebe.com\/it\/shop\/prodotto\/radice-di-mopani\/#primaryimage","url":"https:\/\/insektenliebe.com\/wp-content\/uploads\/2025\/11\/Mopani-Wurzel-L.jpg","contentUrl":"https:\/\/insektenliebe.com\/wp-content\/uploads\/2025\/11\/Mopani-Wurzel-L.jpg","width":820,"height":820,"caption":"Radice di Mopani L"},{"@type":"BreadcrumbList","@id":"https:\/\/insektenliebe.com\/it\/shop\/prodotto\/radice-di-mopani\/#breadcrumb","itemListElement":[{"@type":"ListItem","position":1,"name":"Startseite","item":"https:\/\/insektenliebe.com\/it\/"},{"@type":"ListItem","position":2,"name":"Negozio","item":"https:\/\/insektenliebe.com\/it\/negozio\/"},{"@type":"ListItem","position":3,"name":"Radice di Mopani"}]},{"@type":"WebSite","@id":"https:\/\/insektenliebe.com\/it\/#website","url":"https:\/\/insektenliebe.com\/it\/","name":"Insektenliebe","description":"Dein Zuhause f\u00fcr die kleinen Lebewesen","publisher":{"@id":"https:\/\/insektenliebe.com\/it\/#organization"},"potentialAction":[{"@type":"SearchAction","target":{"@type":"EntryPoint","urlTemplate":"https:\/\/insektenliebe.com\/it\/?s={search_term_string}"},"query-input":{"@type":"PropertyValueSpecification","valueRequired":true,"valueName":"search_term_string"}}],"inLanguage":"it-IT"},{"@type":"Organization","@id":"https:\/\/insektenliebe.com\/it\/#organization","name":"Insektenliebe","url":"https:\/\/insektenliebe.com\/it\/","logo":{"@type":"ImageObject","inLanguage":"it-IT","@id":"https:\/\/insektenliebe.com\/it\/#\/schema\/logo\/image\/","url":"https:\/\/insektenliebe.com\/wp-content\/uploads\/2025\/03\/logo-white.png","contentUrl":"https:\/\/insektenliebe.com\/wp-content\/uploads\/2025\/03\/logo-white.png","width":288,"height":188,"caption":"Insektenliebe"},"image":{"@id":"https:\/\/insektenliebe.com\/it\/#\/schema\/logo\/image\/"}}]}},"_links":{"self":[{"href":"https:\/\/insektenliebe.com\/it\/wp-json\/wp\/v2\/product\/188989","targetHints":{"allow":["GET"]}}],"collection":[{"href":"https:\/\/insektenliebe.com\/it\/wp-json\/wp\/v2\/product"}],"about":[{"href":"https:\/\/insektenliebe.com\/it\/wp-json\/wp\/v2\/types\/product"}],"wp:featuredmedia":[{"embeddable":true,"href":"https:\/\/insektenliebe.com\/it\/wp-json\/wp\/v2\/media\/186713"}],"wp:attachment":[{"href":"https:\/\/insektenliebe.com\/it\/wp-json\/wp\/v2\/media?parent=188989"}],"wp:term":[{"taxonomy":"product-supplier","embeddable":true,"href":"https:\/\/insektenliebe.com\/it\/wp-json\/wp\/v2\/product-supplier?post=188989"},{"taxonomy":"product_brand","embeddable":true,"href":"https:\/\/insektenliebe.com\/it\/wp-json\/wp\/v2\/product_brand?post=188989"},{"taxonomy":"product_cat","embeddable":true,"href":"https:\/\/insektenliebe.com\/it\/wp-json\/wp\/v2\/product_cat?post=188989"},{"taxonomy":"product_tag","embeddable":true,"href":"https:\/\/insektenliebe.com\/it\/wp-json\/wp\/v2\/product_tag?post=188989"},{"taxonomy":"lce-checkout-addons","embeddable":true,"href":"https:\/\/insektenliebe.com\/it\/wp-json\/wp\/v2\/lce-checkout-addons?post=188989"}],"curies":[{"name":"wp","href":"https:\/\/api.w.org\/{rel}","templated":true}]}}