{"id":188972,"date":"2025-11-23T12:22:01","date_gmt":"2025-11-23T11:22:01","guid":{"rendered":"https:\/\/insektenliebe.com\/shop\/produkt\/centrobolus-fulgidus\/"},"modified":"2026-03-08T16:35:08","modified_gmt":"2026-03-08T15:35:08","slug":"centrobolus-fulgidus","status":"publish","type":"product","link":"https:\/\/insektenliebe.com\/it\/shop\/prodotto\/centrobolus-fulgidus\/","title":{"rendered":"Centrobolus fulgidus"},"content":{"rendered":"<h3><span style=\"color: #99cc33;\"><strong><span class=\"s1\">Centrobolus fulgidus - Il millepiedi rosso fuoco dell&#8217;Africa<\/span><\/strong><\/span><\/h3>\n<p class=\"p1\"><span class=\"s1\">Chiunque sia alla ricerca di un animale che combini tranquillit\u00e0, colore ed eleganza sar\u00e0 entusiasta del <\/span><strong><span class=\"s2\">Centrobolus fulgidus<\/span><\/strong><span class=\"s1\">  trova. Questa specie di millepiedi africano colpisce per la sua intensa colorazione rossa, che contrasta con il carapace chitinoso scuro come una banda luminosa che attraversa il terrario. Questa specie \u00e8 originaria delle regioni calde del Sudafrica ed \u00e8 uno dei rappresentanti pi\u00f9 colorati del genere Centrobolus: un vero e proprio richiamo per qualsiasi allestimento bioattivo.  <\/span><\/p>\n<p class=\"p1\"><span class=\"s1\">In keeping with <strong><span class=\"s2\">Centrobolus fulgidus<\/span><\/strong><\/span><span class=\"s1\">  frugale e pacifico. Trascorrono la maggior parte della giornata nel substrato o sotto la corteccia e sono particolarmente attivi al crepuscolo. Il loro carattere calmo e tranquillo li rende non solo animali affascinanti da osservare, ma anche ideali per i principianti del mondo dei miriapodi. Un clima umido e caldo con un substrato di terreno leggermente rialzato \u00e8 importante per il loro benessere. L&#8217;humus della foresta, mescolato con foglie, muschio e un po&#8217; di legno decomposto, crea la base perfetta per una vita a stretto contatto con la natura. \u00c8 importante un substrato ben umido che non sia troppo bagnato ma che non si asciughi mai completamente, proprio come nel loro habitat naturale.     <\/span><\/p>\n<p class=\"p1\"><span class=\"s1\">Questi animali sono veri e propri giocatori di squadra: tenerli in gruppo non \u00e8 un problema e garantisce un comportamento sociale entusiasmante. Se tieni diversi animali, puoi osservare come si muovono curiosi nel terrario, si seguono o si riposano insieme. Non si disturbano quasi mai a vicenda, a patto che ci siano spazio e nascondigli a sufficienza.  <\/span><\/p>\n<p class=\"p1\"><span class=\"s1\">Anche la dieta non \u00e8 complicata.  <strong><span class=\"s2\">Centrobolus fulgidus<\/span><\/strong><\/span><span class=\"s1\">  si nutre principalmente di materiale vegetale morto, foglie, licheni e alcuni vegetali. Non pu\u00f2 mancare l&#8217;osso di seppia per fornire calcio. Se li nutri con una dieta varia, sarai ricompensato con animali sani e attivi.  <\/span><\/p>\n<p class=\"p1\"><span class=\"s1\">Con la sua natura gentile, il suo aspetto sorprendente e il suo comportamento semplice, il <strong><span class=\"s2\">Centrobolus fulgidus<\/span><\/strong><\/span><span class=\"s1\">  un vero e proprio pezzo forte in qualsiasi terrario di invertebrati. Sia come esemplare singolo che in gruppo, questi millepiedi portano pace, colore e naturalezza nella tua casa. <\/span><\/p>\n","protected":false},"excerpt":{"rendered":"<p>Centrobolus fulgidus - Il millepiedi rosso fuoco dell&#8217;Africa Chiunque sia alla ricerca di un animale che combini tranquillit\u00e0, colore ed eleganza sar\u00e0 entusiasta del Centrobolus fulgidus trova. Questa specie di millepiedi africano colpisce per la sua intensa colorazione rossa, che contrasta con il carapace chitinoso scuro come una banda luminosa che attraversa il terrario. Questa [&hellip;]<\/p>\n","protected":false},"featured_media":188978,"template":"","meta":{"_acf_changed":false},"product-supplier":[],"product_brand":[],"product_cat":[2870],"product_tag":[],"lce-checkout-addons":[2746],"class_list":{"0":"post-188972","1":"product","2":"type-product","3":"status-publish","4":"has-post-thumbnail","6":"product_cat-millipede","7":"product_shipping_class-spedizione-di-animali","8":"pa_herkunft-sudafrica","9":"pa_kontinent-africa","10":"lce-checkout-addons-imballaggio-invernale","12":"first","13":"instock","14":"taxable","15":"shipping-taxable","16":"purchasable","17":"product-type-simple"},"acf":[],"yoast_head":"<!-- This site is optimized with the Yoast SEO plugin v27.3 - https:\/\/yoast.com\/product\/yoast-seo-wordpress\/ -->\n<title>Centrobolus fulgidus - Insektenliebe<\/title>\n<meta name=\"description\" content=\"Centrobolus fulgidus - colorato e pacifico millepiedi del Sudafrica per principianti. Acquista e guarda subito online!\" \/>\n<meta name=\"robots\" content=\"index, follow, max-snippet:-1, max-image-preview:large, max-video-preview:-1\" \/>\n<link rel=\"canonical\" href=\"https:\/\/insektenliebe.com\/it\/shop\/prodotto\/centrobolus-fulgidus\/\" \/>\n<meta property=\"og:locale\" content=\"it_IT\" \/>\n<meta property=\"og:type\" content=\"article\" \/>\n<meta property=\"og:title\" content=\"Centrobolus fulgidus - Insektenliebe\" \/>\n<meta property=\"og:description\" content=\"Centrobolus fulgidus - colorato e pacifico millepiedi del Sudafrica per principianti. Acquista e guarda subito online!\" \/>\n<meta property=\"og:url\" content=\"https:\/\/insektenliebe.com\/it\/shop\/prodotto\/centrobolus-fulgidus\/\" \/>\n<meta property=\"og:site_name\" content=\"Insektenliebe\" \/>\n<meta property=\"article:modified_time\" content=\"2026-03-08T15:35:08+00:00\" \/>\n<meta property=\"og:image\" content=\"https:\/\/insektenliebe.com\/wp-content\/uploads\/2025\/11\/Centrobolus-fulgidus.jpg\" \/>\n\t<meta property=\"og:image:width\" content=\"820\" \/>\n\t<meta property=\"og:image:height\" content=\"820\" \/>\n\t<meta property=\"og:image:type\" content=\"image\/jpeg\" \/>\n<meta name=\"twitter:card\" content=\"summary_large_image\" \/>\n<meta name=\"twitter:label1\" content=\"Tempo di lettura stimato\" \/>\n\t<meta name=\"twitter:data1\" content=\"2 minuto\" \/>\n<script type=\"application\/ld+json\" class=\"yoast-schema-graph\">{\"@context\":\"https:\\\/\\\/schema.org\",\"@graph\":[{\"@type\":\"WebPage\",\"@id\":\"https:\\\/\\\/insektenliebe.com\\\/it\\\/shop\\\/prodotto\\\/centrobolus-fulgidus\\\/\",\"url\":\"https:\\\/\\\/insektenliebe.com\\\/it\\\/shop\\\/prodotto\\\/centrobolus-fulgidus\\\/\",\"name\":\"Centrobolus fulgidus - Insektenliebe\",\"isPartOf\":{\"@id\":\"https:\\\/\\\/insektenliebe.com\\\/it\\\/#website\"},\"primaryImageOfPage\":{\"@id\":\"https:\\\/\\\/insektenliebe.com\\\/it\\\/shop\\\/prodotto\\\/centrobolus-fulgidus\\\/#primaryimage\"},\"image\":{\"@id\":\"https:\\\/\\\/insektenliebe.com\\\/it\\\/shop\\\/prodotto\\\/centrobolus-fulgidus\\\/#primaryimage\"},\"thumbnailUrl\":\"https:\\\/\\\/insektenliebe.com\\\/wp-content\\\/uploads\\\/2025\\\/11\\\/Centrobolus-fulgidus.jpg\",\"datePublished\":\"2025-11-23T11:22:01+00:00\",\"dateModified\":\"2026-03-08T15:35:08+00:00\",\"description\":\"Centrobolus fulgidus - colorato e pacifico millepiedi del Sudafrica per principianti. Acquista e guarda subito online!\",\"breadcrumb\":{\"@id\":\"https:\\\/\\\/insektenliebe.com\\\/it\\\/shop\\\/prodotto\\\/centrobolus-fulgidus\\\/#breadcrumb\"},\"inLanguage\":\"it-IT\",\"potentialAction\":[{\"@type\":\"ReadAction\",\"target\":[\"https:\\\/\\\/insektenliebe.com\\\/it\\\/shop\\\/prodotto\\\/centrobolus-fulgidus\\\/\"]}]},{\"@type\":\"ImageObject\",\"inLanguage\":\"it-IT\",\"@id\":\"https:\\\/\\\/insektenliebe.com\\\/it\\\/shop\\\/prodotto\\\/centrobolus-fulgidus\\\/#primaryimage\",\"url\":\"https:\\\/\\\/insektenliebe.com\\\/wp-content\\\/uploads\\\/2025\\\/11\\\/Centrobolus-fulgidus.jpg\",\"contentUrl\":\"https:\\\/\\\/insektenliebe.com\\\/wp-content\\\/uploads\\\/2025\\\/11\\\/Centrobolus-fulgidus.jpg\",\"width\":820,\"height\":820,\"caption\":\"Centrobolus fulgidus\"},{\"@type\":\"BreadcrumbList\",\"@id\":\"https:\\\/\\\/insektenliebe.com\\\/it\\\/shop\\\/prodotto\\\/centrobolus-fulgidus\\\/#breadcrumb\",\"itemListElement\":[{\"@type\":\"ListItem\",\"position\":1,\"name\":\"Startseite\",\"item\":\"https:\\\/\\\/insektenliebe.com\\\/it\\\/\"},{\"@type\":\"ListItem\",\"position\":2,\"name\":\"Negozio\",\"item\":\"https:\\\/\\\/insektenliebe.com\\\/it\\\/negozio\\\/\"},{\"@type\":\"ListItem\",\"position\":3,\"name\":\"Centrobolus fulgidus\"}]},{\"@type\":\"WebSite\",\"@id\":\"https:\\\/\\\/insektenliebe.com\\\/it\\\/#website\",\"url\":\"https:\\\/\\\/insektenliebe.com\\\/it\\\/\",\"name\":\"Insektenliebe\",\"description\":\"Dein Zuhause f\u00fcr die kleinen Lebewesen\",\"publisher\":{\"@id\":\"https:\\\/\\\/insektenliebe.com\\\/it\\\/#organization\"},\"potentialAction\":[{\"@type\":\"SearchAction\",\"target\":{\"@type\":\"EntryPoint\",\"urlTemplate\":\"https:\\\/\\\/insektenliebe.com\\\/it\\\/?s={search_term_string}\"},\"query-input\":{\"@type\":\"PropertyValueSpecification\",\"valueRequired\":true,\"valueName\":\"search_term_string\"}}],\"inLanguage\":\"it-IT\"},{\"@type\":\"Organization\",\"@id\":\"https:\\\/\\\/insektenliebe.com\\\/it\\\/#organization\",\"name\":\"Insektenliebe\",\"url\":\"https:\\\/\\\/insektenliebe.com\\\/it\\\/\",\"logo\":{\"@type\":\"ImageObject\",\"inLanguage\":\"it-IT\",\"@id\":\"https:\\\/\\\/insektenliebe.com\\\/it\\\/#\\\/schema\\\/logo\\\/image\\\/\",\"url\":\"https:\\\/\\\/insektenliebe.com\\\/wp-content\\\/uploads\\\/2025\\\/03\\\/logo-white.png\",\"contentUrl\":\"https:\\\/\\\/insektenliebe.com\\\/wp-content\\\/uploads\\\/2025\\\/03\\\/logo-white.png\",\"width\":288,\"height\":188,\"caption\":\"Insektenliebe\"},\"image\":{\"@id\":\"https:\\\/\\\/insektenliebe.com\\\/it\\\/#\\\/schema\\\/logo\\\/image\\\/\"}}]}<\/script>\n<!-- \/ Yoast SEO plugin. -->","yoast_head_json":{"title":"Centrobolus fulgidus - Insektenliebe","description":"Centrobolus fulgidus - colorato e pacifico millepiedi del Sudafrica per principianti. Acquista e guarda subito online!","robots":{"index":"index","follow":"follow","max-snippet":"max-snippet:-1","max-image-preview":"max-image-preview:large","max-video-preview":"max-video-preview:-1"},"canonical":"https:\/\/insektenliebe.com\/it\/shop\/prodotto\/centrobolus-fulgidus\/","og_locale":"it_IT","og_type":"article","og_title":"Centrobolus fulgidus - Insektenliebe","og_description":"Centrobolus fulgidus - colorato e pacifico millepiedi del Sudafrica per principianti. Acquista e guarda subito online!","og_url":"https:\/\/insektenliebe.com\/it\/shop\/prodotto\/centrobolus-fulgidus\/","og_site_name":"Insektenliebe","article_modified_time":"2026-03-08T15:35:08+00:00","og_image":[{"width":820,"height":820,"url":"https:\/\/insektenliebe.com\/wp-content\/uploads\/2025\/11\/Centrobolus-fulgidus.jpg","type":"image\/jpeg"}],"twitter_card":"summary_large_image","twitter_misc":{"Tempo di lettura stimato":"2 minuto"},"schema":{"@context":"https:\/\/schema.org","@graph":[{"@type":"WebPage","@id":"https:\/\/insektenliebe.com\/it\/shop\/prodotto\/centrobolus-fulgidus\/","url":"https:\/\/insektenliebe.com\/it\/shop\/prodotto\/centrobolus-fulgidus\/","name":"Centrobolus fulgidus - Insektenliebe","isPartOf":{"@id":"https:\/\/insektenliebe.com\/it\/#website"},"primaryImageOfPage":{"@id":"https:\/\/insektenliebe.com\/it\/shop\/prodotto\/centrobolus-fulgidus\/#primaryimage"},"image":{"@id":"https:\/\/insektenliebe.com\/it\/shop\/prodotto\/centrobolus-fulgidus\/#primaryimage"},"thumbnailUrl":"https:\/\/insektenliebe.com\/wp-content\/uploads\/2025\/11\/Centrobolus-fulgidus.jpg","datePublished":"2025-11-23T11:22:01+00:00","dateModified":"2026-03-08T15:35:08+00:00","description":"Centrobolus fulgidus - colorato e pacifico millepiedi del Sudafrica per principianti. Acquista e guarda subito online!","breadcrumb":{"@id":"https:\/\/insektenliebe.com\/it\/shop\/prodotto\/centrobolus-fulgidus\/#breadcrumb"},"inLanguage":"it-IT","potentialAction":[{"@type":"ReadAction","target":["https:\/\/insektenliebe.com\/it\/shop\/prodotto\/centrobolus-fulgidus\/"]}]},{"@type":"ImageObject","inLanguage":"it-IT","@id":"https:\/\/insektenliebe.com\/it\/shop\/prodotto\/centrobolus-fulgidus\/#primaryimage","url":"https:\/\/insektenliebe.com\/wp-content\/uploads\/2025\/11\/Centrobolus-fulgidus.jpg","contentUrl":"https:\/\/insektenliebe.com\/wp-content\/uploads\/2025\/11\/Centrobolus-fulgidus.jpg","width":820,"height":820,"caption":"Centrobolus fulgidus"},{"@type":"BreadcrumbList","@id":"https:\/\/insektenliebe.com\/it\/shop\/prodotto\/centrobolus-fulgidus\/#breadcrumb","itemListElement":[{"@type":"ListItem","position":1,"name":"Startseite","item":"https:\/\/insektenliebe.com\/it\/"},{"@type":"ListItem","position":2,"name":"Negozio","item":"https:\/\/insektenliebe.com\/it\/negozio\/"},{"@type":"ListItem","position":3,"name":"Centrobolus fulgidus"}]},{"@type":"WebSite","@id":"https:\/\/insektenliebe.com\/it\/#website","url":"https:\/\/insektenliebe.com\/it\/","name":"Insektenliebe","description":"Dein Zuhause f\u00fcr die kleinen Lebewesen","publisher":{"@id":"https:\/\/insektenliebe.com\/it\/#organization"},"potentialAction":[{"@type":"SearchAction","target":{"@type":"EntryPoint","urlTemplate":"https:\/\/insektenliebe.com\/it\/?s={search_term_string}"},"query-input":{"@type":"PropertyValueSpecification","valueRequired":true,"valueName":"search_term_string"}}],"inLanguage":"it-IT"},{"@type":"Organization","@id":"https:\/\/insektenliebe.com\/it\/#organization","name":"Insektenliebe","url":"https:\/\/insektenliebe.com\/it\/","logo":{"@type":"ImageObject","inLanguage":"it-IT","@id":"https:\/\/insektenliebe.com\/it\/#\/schema\/logo\/image\/","url":"https:\/\/insektenliebe.com\/wp-content\/uploads\/2025\/03\/logo-white.png","contentUrl":"https:\/\/insektenliebe.com\/wp-content\/uploads\/2025\/03\/logo-white.png","width":288,"height":188,"caption":"Insektenliebe"},"image":{"@id":"https:\/\/insektenliebe.com\/it\/#\/schema\/logo\/image\/"}}]}},"_links":{"self":[{"href":"https:\/\/insektenliebe.com\/it\/wp-json\/wp\/v2\/product\/188972","targetHints":{"allow":["GET"]}}],"collection":[{"href":"https:\/\/insektenliebe.com\/it\/wp-json\/wp\/v2\/product"}],"about":[{"href":"https:\/\/insektenliebe.com\/it\/wp-json\/wp\/v2\/types\/product"}],"wp:featuredmedia":[{"embeddable":true,"href":"https:\/\/insektenliebe.com\/it\/wp-json\/wp\/v2\/media\/188978"}],"wp:attachment":[{"href":"https:\/\/insektenliebe.com\/it\/wp-json\/wp\/v2\/media?parent=188972"}],"wp:term":[{"taxonomy":"product-supplier","embeddable":true,"href":"https:\/\/insektenliebe.com\/it\/wp-json\/wp\/v2\/product-supplier?post=188972"},{"taxonomy":"product_brand","embeddable":true,"href":"https:\/\/insektenliebe.com\/it\/wp-json\/wp\/v2\/product_brand?post=188972"},{"taxonomy":"product_cat","embeddable":true,"href":"https:\/\/insektenliebe.com\/it\/wp-json\/wp\/v2\/product_cat?post=188972"},{"taxonomy":"product_tag","embeddable":true,"href":"https:\/\/insektenliebe.com\/it\/wp-json\/wp\/v2\/product_tag?post=188972"},{"taxonomy":"lce-checkout-addons","embeddable":true,"href":"https:\/\/insektenliebe.com\/it\/wp-json\/wp\/v2\/lce-checkout-addons?post=188972"}],"curies":[{"name":"wp","href":"https:\/\/api.w.org\/{rel}","templated":true}]}}