{"id":188971,"date":"2025-11-07T16:53:28","date_gmt":"2025-11-07T15:53:28","guid":{"rendered":"https:\/\/insektenliebe.com\/shop\/produkt\/neoholothele-incei\/"},"modified":"2025-11-07T16:53:28","modified_gmt":"2025-11-07T15:53:28","slug":"neoholothele-incei","status":"publish","type":"product","link":"https:\/\/insektenliebe.com\/it\/shop\/prodotto\/neoholothele-incei\/","title":{"rendered":"Neoholothele incei"},"content":{"rendered":"<h3 class=\"p1\"><span style=\"color: #99cc33;\"><strong><span class=\"s1\">Neoholothele incei - La tarantola nana sociale del Venezuela<\/span><\/strong><\/span><\/h3>\n<p class=\"p1\"><span class=\"s1\">La <strong>Neoholothele incei<\/strong> \u00e8 una tarantola piccola ma estremamente affascinante proveniente dalle regioni tropicali del Venezuela. Con una dimensione corporea di soli 3-4 cm circa, \u00e8 una delle tarantole nane, ma il suo comportamento impressionantemente complesso, la sua attivit\u00e0 e - a seconda della forma di allevamento - la sua bella colorazione dorata o marrone oliva con marcature ad alto contrasto sono affascinanti. <\/span><\/p>\n<p class=\"p1\"><span class=\"s1\">La particolarit\u00e0 di questa specie \u00e8 la sua spiccata compatibilit\u00e0 sociale: a differenza di molte altre specie di tarantole, le <strong>Neoholothele incei<\/strong> possono essere tenute in gruppo - un vero e proprio punto di forza per chi ama osservare le colonie naturali. Se si dispone di spazio sufficiente, di una buona struttura e di un&#8217;alimentazione adeguata, gli animali convivono per lo pi\u00f9 pacificamente, costruendo una fitta rete di tunnel, tane e camere di filatura. La complessa ragnatela, che dopo poco tempo si diffonde in tutto il terrario, sembra un&#8217;opera d&#8217;arte organica ed \u00e8 un esempio entusiasmante delle capacit\u00e0 di costruzione di questi ragni.  <\/span><\/p>\n<p class=\"p1\"><span class=\"s1\">Un ambiente piuttosto umido con una buona ventilazione, con circa il 70-80% di umidit\u00e0 e temperature comprese tra i 24 e i 28 \u00b0C, \u00e8 adatto per tenerle. Un substrato sciolto, come il nostro collaudato humus forestale, permette di scavare tubi e fornisce una buona base per la struttura della rete. Gli animali si sentono particolarmente a loro agio con muschio, foglie, corteccia e molti nascondigli. Quando si allevano in gruppo, \u00e8 consigliabile tenere insieme animali della stessa taglia e creare un ambiente il pi\u00f9 possibile ricco di strutture per evitare il cannibalismo; tuttavia, di solito questo non \u00e8 un problema, soprattutto quando si allevano insieme i piccoli da un bozzolo.   <\/span><\/p>\n<p class=\"p1\"><span class=\"s1\"><strong>Neoholothele incei<\/strong> si nutre di piccoli animali come micro grilli, Drosophila o, pi\u00f9 avanti, anche piccoli scarafaggi. Grazie al suo buon appetito e alla crescita rapida, questa specie \u00e8 adatta anche ai principianti che vogliono familiarizzare con l&#8217;allevamento di colonie. Si mostra spesso ed \u00e8 attiva sia di giorno che al tramonto: un bel vantaggio per chi ama osservare i propri animali.  <\/span><\/p>\n<p class=\"p1\"><span class=\"s1\">La <strong>Neoholothele incei<\/strong> \u00e8 quindi una specie di tarantola insolitamente sociale ed eccitante che affascina per le sue dinamiche di gruppo, l&#8217;attivit\u00e0 e l&#8217;impronta della ragnatela: l&#8217;ideale per chi \u00e8 alla ricerca di un&#8217;esperienza di ragno diversa dal solito.<\/span><\/p>\n","protected":false},"excerpt":{"rendered":"<p>Neoholothele incei - La tarantola nana sociale del Venezuela La Neoholothele incei \u00e8 una tarantola piccola ma estremamente affascinante proveniente dalle regioni tropicali del Venezuela. Con una dimensione corporea di soli 3-4 cm circa, \u00e8 una delle tarantole nane, ma il suo comportamento impressionantemente complesso, la sua attivit\u00e0 e - a seconda della forma di [&hellip;]<\/p>\n","protected":false},"featured_media":186732,"template":"","meta":{"_acf_changed":false},"product-supplier":[],"product_brand":[],"product_cat":[3004],"product_tag":[],"lce-checkout-addons":[2746],"class_list":{"0":"post-188971","1":"product","2":"type-product","3":"status-publish","4":"has-post-thumbnail","6":"product_cat-tarantole","7":"product_shipping_class-spedizione-di-animali","8":"pa_geschlecht-donna","9":"pa_geschlecht-indeterminato","10":"pa_geschlecht-uomo","11":"pa_herkunft-venezuela","12":"pa_kontinent-sud-america","13":"lce-checkout-addons-imballaggio-invernale","15":"first","16":"instock","17":"taxable","18":"shipping-taxable","19":"purchasable","20":"product-type-variable"},"acf":[],"yoast_head":"<!-- This site is optimized with the Yoast SEO plugin v27.3 - https:\/\/yoast.com\/product\/yoast-seo-wordpress\/ -->\n<title>Neoholothele incei - Insektenliebe<\/title>\n<meta name=\"description\" content=\"Neoholothele incei - la tarantola nana sociale del Venezuela. Ideale da tenere in gruppo, attiva, pacifica e perfetta per le osservazioni in terrario.\" \/>\n<meta name=\"robots\" content=\"index, follow, max-snippet:-1, max-image-preview:large, max-video-preview:-1\" \/>\n<link rel=\"canonical\" href=\"https:\/\/insektenliebe.com\/it\/shop\/prodotto\/neoholothele-incei\/\" \/>\n<meta property=\"og:locale\" content=\"it_IT\" \/>\n<meta property=\"og:type\" content=\"article\" \/>\n<meta property=\"og:title\" content=\"Neoholothele incei - Insektenliebe\" \/>\n<meta property=\"og:description\" content=\"Neoholothele incei - la tarantola nana sociale del Venezuela. Ideale da tenere in gruppo, attiva, pacifica e perfetta per le osservazioni in terrario.\" \/>\n<meta property=\"og:url\" content=\"https:\/\/insektenliebe.com\/it\/shop\/prodotto\/neoholothele-incei\/\" \/>\n<meta property=\"og:site_name\" content=\"Insektenliebe\" \/>\n<meta property=\"og:image\" content=\"https:\/\/insektenliebe.com\/wp-content\/uploads\/2025\/11\/Neoholothele-incei.jpg\" \/>\n\t<meta property=\"og:image:width\" content=\"820\" \/>\n\t<meta property=\"og:image:height\" content=\"820\" \/>\n\t<meta property=\"og:image:type\" content=\"image\/jpeg\" \/>\n<meta name=\"twitter:card\" content=\"summary_large_image\" \/>\n<meta name=\"twitter:label1\" content=\"Tempo di lettura stimato\" \/>\n\t<meta name=\"twitter:data1\" content=\"2 minuto\" \/>\n<script type=\"application\/ld+json\" class=\"yoast-schema-graph\">{\"@context\":\"https:\\\/\\\/schema.org\",\"@graph\":[{\"@type\":\"WebPage\",\"@id\":\"https:\\\/\\\/insektenliebe.com\\\/it\\\/shop\\\/prodotto\\\/neoholothele-incei\\\/\",\"url\":\"https:\\\/\\\/insektenliebe.com\\\/it\\\/shop\\\/prodotto\\\/neoholothele-incei\\\/\",\"name\":\"Neoholothele incei - Insektenliebe\",\"isPartOf\":{\"@id\":\"https:\\\/\\\/insektenliebe.com\\\/it\\\/#website\"},\"primaryImageOfPage\":{\"@id\":\"https:\\\/\\\/insektenliebe.com\\\/it\\\/shop\\\/prodotto\\\/neoholothele-incei\\\/#primaryimage\"},\"image\":{\"@id\":\"https:\\\/\\\/insektenliebe.com\\\/it\\\/shop\\\/prodotto\\\/neoholothele-incei\\\/#primaryimage\"},\"thumbnailUrl\":\"https:\\\/\\\/insektenliebe.com\\\/wp-content\\\/uploads\\\/2025\\\/11\\\/Neoholothele-incei.jpg\",\"datePublished\":\"2025-11-07T15:53:28+00:00\",\"description\":\"Neoholothele incei - la tarantola nana sociale del Venezuela. Ideale da tenere in gruppo, attiva, pacifica e perfetta per le osservazioni in terrario.\",\"breadcrumb\":{\"@id\":\"https:\\\/\\\/insektenliebe.com\\\/it\\\/shop\\\/prodotto\\\/neoholothele-incei\\\/#breadcrumb\"},\"inLanguage\":\"it-IT\",\"potentialAction\":[{\"@type\":\"ReadAction\",\"target\":[\"https:\\\/\\\/insektenliebe.com\\\/it\\\/shop\\\/prodotto\\\/neoholothele-incei\\\/\"]}]},{\"@type\":\"ImageObject\",\"inLanguage\":\"it-IT\",\"@id\":\"https:\\\/\\\/insektenliebe.com\\\/it\\\/shop\\\/prodotto\\\/neoholothele-incei\\\/#primaryimage\",\"url\":\"https:\\\/\\\/insektenliebe.com\\\/wp-content\\\/uploads\\\/2025\\\/11\\\/Neoholothele-incei.jpg\",\"contentUrl\":\"https:\\\/\\\/insektenliebe.com\\\/wp-content\\\/uploads\\\/2025\\\/11\\\/Neoholothele-incei.jpg\",\"width\":820,\"height\":820,\"caption\":\"Neoholothele incei\"},{\"@type\":\"BreadcrumbList\",\"@id\":\"https:\\\/\\\/insektenliebe.com\\\/it\\\/shop\\\/prodotto\\\/neoholothele-incei\\\/#breadcrumb\",\"itemListElement\":[{\"@type\":\"ListItem\",\"position\":1,\"name\":\"Startseite\",\"item\":\"https:\\\/\\\/insektenliebe.com\\\/it\\\/\"},{\"@type\":\"ListItem\",\"position\":2,\"name\":\"Negozio\",\"item\":\"https:\\\/\\\/insektenliebe.com\\\/it\\\/negozio\\\/\"},{\"@type\":\"ListItem\",\"position\":3,\"name\":\"Neoholothele incei\"}]},{\"@type\":\"WebSite\",\"@id\":\"https:\\\/\\\/insektenliebe.com\\\/it\\\/#website\",\"url\":\"https:\\\/\\\/insektenliebe.com\\\/it\\\/\",\"name\":\"Insektenliebe\",\"description\":\"Dein Zuhause f\u00fcr die kleinen Lebewesen\",\"publisher\":{\"@id\":\"https:\\\/\\\/insektenliebe.com\\\/it\\\/#organization\"},\"potentialAction\":[{\"@type\":\"SearchAction\",\"target\":{\"@type\":\"EntryPoint\",\"urlTemplate\":\"https:\\\/\\\/insektenliebe.com\\\/it\\\/?s={search_term_string}\"},\"query-input\":{\"@type\":\"PropertyValueSpecification\",\"valueRequired\":true,\"valueName\":\"search_term_string\"}}],\"inLanguage\":\"it-IT\"},{\"@type\":\"Organization\",\"@id\":\"https:\\\/\\\/insektenliebe.com\\\/it\\\/#organization\",\"name\":\"Insektenliebe\",\"url\":\"https:\\\/\\\/insektenliebe.com\\\/it\\\/\",\"logo\":{\"@type\":\"ImageObject\",\"inLanguage\":\"it-IT\",\"@id\":\"https:\\\/\\\/insektenliebe.com\\\/it\\\/#\\\/schema\\\/logo\\\/image\\\/\",\"url\":\"https:\\\/\\\/insektenliebe.com\\\/wp-content\\\/uploads\\\/2025\\\/03\\\/logo-white.png\",\"contentUrl\":\"https:\\\/\\\/insektenliebe.com\\\/wp-content\\\/uploads\\\/2025\\\/03\\\/logo-white.png\",\"width\":288,\"height\":188,\"caption\":\"Insektenliebe\"},\"image\":{\"@id\":\"https:\\\/\\\/insektenliebe.com\\\/it\\\/#\\\/schema\\\/logo\\\/image\\\/\"}}]}<\/script>\n<!-- \/ Yoast SEO plugin. -->","yoast_head_json":{"title":"Neoholothele incei - Insektenliebe","description":"Neoholothele incei - la tarantola nana sociale del Venezuela. Ideale da tenere in gruppo, attiva, pacifica e perfetta per le osservazioni in terrario.","robots":{"index":"index","follow":"follow","max-snippet":"max-snippet:-1","max-image-preview":"max-image-preview:large","max-video-preview":"max-video-preview:-1"},"canonical":"https:\/\/insektenliebe.com\/it\/shop\/prodotto\/neoholothele-incei\/","og_locale":"it_IT","og_type":"article","og_title":"Neoholothele incei - Insektenliebe","og_description":"Neoholothele incei - la tarantola nana sociale del Venezuela. Ideale da tenere in gruppo, attiva, pacifica e perfetta per le osservazioni in terrario.","og_url":"https:\/\/insektenliebe.com\/it\/shop\/prodotto\/neoholothele-incei\/","og_site_name":"Insektenliebe","og_image":[{"width":820,"height":820,"url":"https:\/\/insektenliebe.com\/wp-content\/uploads\/2025\/11\/Neoholothele-incei.jpg","type":"image\/jpeg"}],"twitter_card":"summary_large_image","twitter_misc":{"Tempo di lettura stimato":"2 minuto"},"schema":{"@context":"https:\/\/schema.org","@graph":[{"@type":"WebPage","@id":"https:\/\/insektenliebe.com\/it\/shop\/prodotto\/neoholothele-incei\/","url":"https:\/\/insektenliebe.com\/it\/shop\/prodotto\/neoholothele-incei\/","name":"Neoholothele incei - Insektenliebe","isPartOf":{"@id":"https:\/\/insektenliebe.com\/it\/#website"},"primaryImageOfPage":{"@id":"https:\/\/insektenliebe.com\/it\/shop\/prodotto\/neoholothele-incei\/#primaryimage"},"image":{"@id":"https:\/\/insektenliebe.com\/it\/shop\/prodotto\/neoholothele-incei\/#primaryimage"},"thumbnailUrl":"https:\/\/insektenliebe.com\/wp-content\/uploads\/2025\/11\/Neoholothele-incei.jpg","datePublished":"2025-11-07T15:53:28+00:00","description":"Neoholothele incei - la tarantola nana sociale del Venezuela. Ideale da tenere in gruppo, attiva, pacifica e perfetta per le osservazioni in terrario.","breadcrumb":{"@id":"https:\/\/insektenliebe.com\/it\/shop\/prodotto\/neoholothele-incei\/#breadcrumb"},"inLanguage":"it-IT","potentialAction":[{"@type":"ReadAction","target":["https:\/\/insektenliebe.com\/it\/shop\/prodotto\/neoholothele-incei\/"]}]},{"@type":"ImageObject","inLanguage":"it-IT","@id":"https:\/\/insektenliebe.com\/it\/shop\/prodotto\/neoholothele-incei\/#primaryimage","url":"https:\/\/insektenliebe.com\/wp-content\/uploads\/2025\/11\/Neoholothele-incei.jpg","contentUrl":"https:\/\/insektenliebe.com\/wp-content\/uploads\/2025\/11\/Neoholothele-incei.jpg","width":820,"height":820,"caption":"Neoholothele incei"},{"@type":"BreadcrumbList","@id":"https:\/\/insektenliebe.com\/it\/shop\/prodotto\/neoholothele-incei\/#breadcrumb","itemListElement":[{"@type":"ListItem","position":1,"name":"Startseite","item":"https:\/\/insektenliebe.com\/it\/"},{"@type":"ListItem","position":2,"name":"Negozio","item":"https:\/\/insektenliebe.com\/it\/negozio\/"},{"@type":"ListItem","position":3,"name":"Neoholothele incei"}]},{"@type":"WebSite","@id":"https:\/\/insektenliebe.com\/it\/#website","url":"https:\/\/insektenliebe.com\/it\/","name":"Insektenliebe","description":"Dein Zuhause f\u00fcr die kleinen Lebewesen","publisher":{"@id":"https:\/\/insektenliebe.com\/it\/#organization"},"potentialAction":[{"@type":"SearchAction","target":{"@type":"EntryPoint","urlTemplate":"https:\/\/insektenliebe.com\/it\/?s={search_term_string}"},"query-input":{"@type":"PropertyValueSpecification","valueRequired":true,"valueName":"search_term_string"}}],"inLanguage":"it-IT"},{"@type":"Organization","@id":"https:\/\/insektenliebe.com\/it\/#organization","name":"Insektenliebe","url":"https:\/\/insektenliebe.com\/it\/","logo":{"@type":"ImageObject","inLanguage":"it-IT","@id":"https:\/\/insektenliebe.com\/it\/#\/schema\/logo\/image\/","url":"https:\/\/insektenliebe.com\/wp-content\/uploads\/2025\/03\/logo-white.png","contentUrl":"https:\/\/insektenliebe.com\/wp-content\/uploads\/2025\/03\/logo-white.png","width":288,"height":188,"caption":"Insektenliebe"},"image":{"@id":"https:\/\/insektenliebe.com\/it\/#\/schema\/logo\/image\/"}}]}},"_links":{"self":[{"href":"https:\/\/insektenliebe.com\/it\/wp-json\/wp\/v2\/product\/188971","targetHints":{"allow":["GET"]}}],"collection":[{"href":"https:\/\/insektenliebe.com\/it\/wp-json\/wp\/v2\/product"}],"about":[{"href":"https:\/\/insektenliebe.com\/it\/wp-json\/wp\/v2\/types\/product"}],"wp:featuredmedia":[{"embeddable":true,"href":"https:\/\/insektenliebe.com\/it\/wp-json\/wp\/v2\/media\/186732"}],"wp:attachment":[{"href":"https:\/\/insektenliebe.com\/it\/wp-json\/wp\/v2\/media?parent=188971"}],"wp:term":[{"taxonomy":"product-supplier","embeddable":true,"href":"https:\/\/insektenliebe.com\/it\/wp-json\/wp\/v2\/product-supplier?post=188971"},{"taxonomy":"product_brand","embeddable":true,"href":"https:\/\/insektenliebe.com\/it\/wp-json\/wp\/v2\/product_brand?post=188971"},{"taxonomy":"product_cat","embeddable":true,"href":"https:\/\/insektenliebe.com\/it\/wp-json\/wp\/v2\/product_cat?post=188971"},{"taxonomy":"product_tag","embeddable":true,"href":"https:\/\/insektenliebe.com\/it\/wp-json\/wp\/v2\/product_tag?post=188971"},{"taxonomy":"lce-checkout-addons","embeddable":true,"href":"https:\/\/insektenliebe.com\/it\/wp-json\/wp\/v2\/lce-checkout-addons?post=188971"}],"curies":[{"name":"wp","href":"https:\/\/api.w.org\/{rel}","templated":true}]}}