{"id":188955,"date":"2025-11-28T18:28:31","date_gmt":"2025-11-28T17:28:31","guid":{"rendered":"https:\/\/insektenliebe.com\/shop\/produkt\/simandoa-conserfariam\/"},"modified":"2026-03-08T23:00:33","modified_gmt":"2026-03-08T22:00:33","slug":"simandoa-conserfariam","status":"publish","type":"product","link":"https:\/\/insektenliebe.com\/it\/shop\/prodotto\/simandoa-conserfariam\/","title":{"rendered":"Simandoa conserfariam"},"content":{"rendered":"<h3><span style=\"color: #99cc33\"><strong><span class=\"s1\">Simandoa conserfariam - Lo scarafaggio estinto che vive solo nel terrario<\/span><\/strong><\/span><\/h3>\n<p class=\"p1\"><span class=\"s1\"><strong>La Simandoa conserfariam<\/strong> \u00e8 una specie di scarafaggio molto particolare: \u00c8 estinta in natura <\/span><span class=\"s2\">estinta<\/span><span class=\"s1\">  - e vive solo grazie alle cure dell&#8217;uomo. Ci\u00f2 lo rende non solo una rarit\u00e0 biologica, ma anche un esempio vivente di conservazione della specie che puoi portare direttamente nel tuo terrario. Grazie alla sua natura gentile e alla sua storia affascinante, questo scarafaggio \u00e8 ideale per gli amanti degli insetti insoliti e per i progetti di educazione ambientale e di allevamento etico.  <\/span><\/p>\n<p class=\"p1\"><span class=\"s1\">La storia di <strong>Simandoa conserfariam<\/strong> \u00e8 di quelle che ti entrano nel cuore.<\/span><span class=\"s2\">  Questa specie di scarafaggio proviene da un sistema di grotte in Guinea, nell&#8217;Africa occidentale, un habitat misterioso e poco illuminato che quasi nessuno ha mai visto. Proprio l\u00ec, nascosta nelle profondit\u00e0 della roccia, viveva questa specie speciale, poco appariscente, adattata, in armonia con il suo ambiente. Ma non appena \u00e8 stata descritta scientificamente, il destino ha fatto il suo corso: il sito \u00e8 stato distrutto dall&#8217;influenza umana, presumibilmente a causa di lavori di estrazione mineraria. Da allora, la <strong>Simandoa conserfariam<\/strong> \u00e8 stata considerata un     <\/span><span class=\"s1\">\"estinto in natura\"<\/span><span class=\"s2\">estinto in natura.<\/span><\/p>\n<p class=\"p1\"><span class=\"s2\">Ci\u00f2 che rimane \u00e8 una piccola scintilla di speranza, che risiede nelle mani di proprietari responsabili e allevatori impegnati. \u00c8 solo grazie al loro lavoro e alle loro cure che questa specie esiste ancora nel mondo. Tenere la Simandoa conserfariam \u00e8 quindi molto pi\u00f9 di un semplice hobby: \u00e8 la conservazione della specie in azione su piccola scala. Se decidi di adottare questa specie di scarafaggio, non ti stai solo prendendo cura di un animale affascinante: stai diventando parte di una silenziosa ma importante missione di salvataggio.   <\/span><\/p>\n<p class=\"p1\"><span class=\"s2\">\u00c8 una protesta silenziosa contro l&#8217;oblio, contro lo sradicamento sconsiderato degli habitat. E allo stesso tempo \u00e8 la prova silenziosa che un atteggiamento con il cuore e la mente pu\u00f2 fare la differenza.   <\/span><span class=\"s1\"><strong>Simandoa conserfariam<\/strong> vive grazie a persone come te.<\/span><\/p>\n<p class=\"p1\"><span class=\"s1\">La <strong>Simandoa conserfariam<\/strong> \u00e8 facile da curare, pacifica e compatibile con i gruppi. Preferisce temperature pi\u00f9 calde, intorno ai 25-28 \u00b0C, e un&#8217;umidit\u00e0 maggiore, tra il 70-80%. Un substrato di humus di cocco mescolato con foglie e pezzi di corteccia \u00e8 ideale come rifugio. Tubi di sughero, corteccia o nascondigli bui sono accettati di buon grado. \u00c8 importante un ambiente ben ventilato ma non troppo secco. Questa specie non \u00e8 complicata nemmeno per quanto riguarda l&#8217;alimentazione: frutta, verdura o cibo per scarafaggi sono prontamente accettati.     <\/span><\/p>\n<p class=\"p1\"><span class=\"s1\"><strong>La Simandoa conserfariam<\/strong> \u00e8 un abitante notturno e tranquillo che si distingue per la sua colorazione vellutata che va dal marrone scuro al nero. Non riesce a sollevarsi su lastre di vetro lisce, il che la rende ancora pi\u00f9 facile da gestire nel terrario. Essendo una specie ovovivipara, d\u00e0 alla luce dei piccoli vivi: un&#8217;esperienza entusiasmante per chi \u00e8 interessato alla riproduzione.  <\/span><\/p>\n<p class=\"p1\"><span class=\"s1\">Che si tratti di un protetto di gruppo facile da curare, di un progetto scolastico educativo o di una dichiarazione etica, la <strong>Simandoa conserfariam<\/strong> \u00e8 molto pi\u00f9 di un semplice scarafaggio. \u00c8 la prova vivente di quanto possano essere preziosi la detenzione e l&#8217;allevamento se effettuati in modo responsabile. <\/span><\/p>\n","protected":false},"excerpt":{"rendered":"<p>Simandoa conserfariam - Lo scarafaggio estinto che vive solo nel terrario La Simandoa conserfariam \u00e8 una specie di scarafaggio molto particolare: \u00c8 estinta in natura estinta - e vive solo grazie alle cure dell&#8217;uomo. Ci\u00f2 lo rende non solo una rarit\u00e0 biologica, ma anche un esempio vivente di conservazione della specie che puoi portare direttamente [&hellip;]<\/p>\n","protected":false},"featured_media":186635,"template":"","meta":{"_acf_changed":false},"product-supplier":[],"product_brand":[],"product_cat":[2785],"product_tag":[],"lce-checkout-addons":[2746],"class_list":{"0":"post-188955","1":"product","2":"type-product","3":"status-publish","4":"has-post-thumbnail","6":"product_cat-scarafaggi","7":"product_shipping_class-spedizione-di-animali","8":"pa_herkunft-guinea","9":"pa_kontinent-africa","10":"lce-checkout-addons-imballaggio-invernale","12":"first","13":"outofstock","14":"taxable","15":"shipping-taxable","16":"purchasable","17":"product-type-variable"},"acf":[],"yoast_head":"<!-- This site is optimized with the Yoast SEO plugin v27.3 - https:\/\/yoast.com\/product\/yoast-seo-wordpress\/ -->\n<title>Simandoa conserfariam - Insektenliebe<\/title>\n<meta name=\"robots\" content=\"index, follow, max-snippet:-1, max-image-preview:large, max-video-preview:-1\" \/>\n<link rel=\"canonical\" href=\"https:\/\/insektenliebe.com\/it\/shop\/prodotto\/simandoa-conserfariam\/\" \/>\n<meta property=\"og:locale\" content=\"it_IT\" \/>\n<meta property=\"og:type\" content=\"article\" \/>\n<meta property=\"og:title\" content=\"Simandoa conserfariam - Insektenliebe\" \/>\n<meta property=\"og:description\" content=\"Simandoa conserfariam - Lo scarafaggio estinto che vive solo nel terrario La Simandoa conserfariam \u00e8 una specie di scarafaggio molto particolare: \u00c8 estinta in natura estinta - e vive solo grazie alle cure dell&#8217;uomo. Ci\u00f2 lo rende non solo una rarit\u00e0 biologica, ma anche un esempio vivente di conservazione della specie che puoi portare direttamente [&hellip;]\" \/>\n<meta property=\"og:url\" content=\"https:\/\/insektenliebe.com\/it\/shop\/prodotto\/simandoa-conserfariam\/\" \/>\n<meta property=\"og:site_name\" content=\"Insektenliebe\" \/>\n<meta property=\"article:modified_time\" content=\"2026-03-08T22:00:33+00:00\" \/>\n<meta property=\"og:image\" content=\"https:\/\/insektenliebe.com\/wp-content\/uploads\/2025\/11\/Simandoa-conserfariam-adult.jpg\" \/>\n\t<meta property=\"og:image:width\" content=\"820\" \/>\n\t<meta property=\"og:image:height\" content=\"820\" \/>\n\t<meta property=\"og:image:type\" content=\"image\/jpeg\" \/>\n<meta name=\"twitter:card\" content=\"summary_large_image\" \/>\n<meta name=\"twitter:label1\" content=\"Tempo di lettura stimato\" \/>\n\t<meta name=\"twitter:data1\" content=\"2 minuto\" \/>\n<script type=\"application\/ld+json\" class=\"yoast-schema-graph\">{\"@context\":\"https:\\\/\\\/schema.org\",\"@graph\":[{\"@type\":\"WebPage\",\"@id\":\"https:\\\/\\\/insektenliebe.com\\\/it\\\/shop\\\/prodotto\\\/simandoa-conserfariam\\\/\",\"url\":\"https:\\\/\\\/insektenliebe.com\\\/it\\\/shop\\\/prodotto\\\/simandoa-conserfariam\\\/\",\"name\":\"Simandoa conserfariam - Insektenliebe\",\"isPartOf\":{\"@id\":\"https:\\\/\\\/insektenliebe.com\\\/it\\\/#website\"},\"primaryImageOfPage\":{\"@id\":\"https:\\\/\\\/insektenliebe.com\\\/it\\\/shop\\\/prodotto\\\/simandoa-conserfariam\\\/#primaryimage\"},\"image\":{\"@id\":\"https:\\\/\\\/insektenliebe.com\\\/it\\\/shop\\\/prodotto\\\/simandoa-conserfariam\\\/#primaryimage\"},\"thumbnailUrl\":\"https:\\\/\\\/insektenliebe.com\\\/wp-content\\\/uploads\\\/2025\\\/11\\\/Simandoa-conserfariam-adult.jpg\",\"datePublished\":\"2025-11-28T17:28:31+00:00\",\"dateModified\":\"2026-03-08T22:00:33+00:00\",\"breadcrumb\":{\"@id\":\"https:\\\/\\\/insektenliebe.com\\\/it\\\/shop\\\/prodotto\\\/simandoa-conserfariam\\\/#breadcrumb\"},\"inLanguage\":\"it-IT\",\"potentialAction\":[{\"@type\":\"ReadAction\",\"target\":[\"https:\\\/\\\/insektenliebe.com\\\/it\\\/shop\\\/prodotto\\\/simandoa-conserfariam\\\/\"]}]},{\"@type\":\"ImageObject\",\"inLanguage\":\"it-IT\",\"@id\":\"https:\\\/\\\/insektenliebe.com\\\/it\\\/shop\\\/prodotto\\\/simandoa-conserfariam\\\/#primaryimage\",\"url\":\"https:\\\/\\\/insektenliebe.com\\\/wp-content\\\/uploads\\\/2025\\\/11\\\/Simandoa-conserfariam-adult.jpg\",\"contentUrl\":\"https:\\\/\\\/insektenliebe.com\\\/wp-content\\\/uploads\\\/2025\\\/11\\\/Simandoa-conserfariam-adult.jpg\",\"width\":820,\"height\":820,\"caption\":\"Simandoa conserfariam\"},{\"@type\":\"BreadcrumbList\",\"@id\":\"https:\\\/\\\/insektenliebe.com\\\/it\\\/shop\\\/prodotto\\\/simandoa-conserfariam\\\/#breadcrumb\",\"itemListElement\":[{\"@type\":\"ListItem\",\"position\":1,\"name\":\"Startseite\",\"item\":\"https:\\\/\\\/insektenliebe.com\\\/it\\\/\"},{\"@type\":\"ListItem\",\"position\":2,\"name\":\"Negozio\",\"item\":\"https:\\\/\\\/insektenliebe.com\\\/it\\\/negozio\\\/\"},{\"@type\":\"ListItem\",\"position\":3,\"name\":\"Simandoa conserfariam\"}]},{\"@type\":\"WebSite\",\"@id\":\"https:\\\/\\\/insektenliebe.com\\\/it\\\/#website\",\"url\":\"https:\\\/\\\/insektenliebe.com\\\/it\\\/\",\"name\":\"Insektenliebe\",\"description\":\"Dein Zuhause f\u00fcr die kleinen Lebewesen\",\"publisher\":{\"@id\":\"https:\\\/\\\/insektenliebe.com\\\/it\\\/#organization\"},\"potentialAction\":[{\"@type\":\"SearchAction\",\"target\":{\"@type\":\"EntryPoint\",\"urlTemplate\":\"https:\\\/\\\/insektenliebe.com\\\/it\\\/?s={search_term_string}\"},\"query-input\":{\"@type\":\"PropertyValueSpecification\",\"valueRequired\":true,\"valueName\":\"search_term_string\"}}],\"inLanguage\":\"it-IT\"},{\"@type\":\"Organization\",\"@id\":\"https:\\\/\\\/insektenliebe.com\\\/it\\\/#organization\",\"name\":\"Insektenliebe\",\"url\":\"https:\\\/\\\/insektenliebe.com\\\/it\\\/\",\"logo\":{\"@type\":\"ImageObject\",\"inLanguage\":\"it-IT\",\"@id\":\"https:\\\/\\\/insektenliebe.com\\\/it\\\/#\\\/schema\\\/logo\\\/image\\\/\",\"url\":\"https:\\\/\\\/insektenliebe.com\\\/wp-content\\\/uploads\\\/2025\\\/03\\\/logo-white.png\",\"contentUrl\":\"https:\\\/\\\/insektenliebe.com\\\/wp-content\\\/uploads\\\/2025\\\/03\\\/logo-white.png\",\"width\":288,\"height\":188,\"caption\":\"Insektenliebe\"},\"image\":{\"@id\":\"https:\\\/\\\/insektenliebe.com\\\/it\\\/#\\\/schema\\\/logo\\\/image\\\/\"}}]}<\/script>\n<!-- \/ Yoast SEO plugin. -->","yoast_head_json":{"title":"Simandoa conserfariam - Insektenliebe","robots":{"index":"index","follow":"follow","max-snippet":"max-snippet:-1","max-image-preview":"max-image-preview:large","max-video-preview":"max-video-preview:-1"},"canonical":"https:\/\/insektenliebe.com\/it\/shop\/prodotto\/simandoa-conserfariam\/","og_locale":"it_IT","og_type":"article","og_title":"Simandoa conserfariam - Insektenliebe","og_description":"Simandoa conserfariam - Lo scarafaggio estinto che vive solo nel terrario La Simandoa conserfariam \u00e8 una specie di scarafaggio molto particolare: \u00c8 estinta in natura estinta - e vive solo grazie alle cure dell&#8217;uomo. Ci\u00f2 lo rende non solo una rarit\u00e0 biologica, ma anche un esempio vivente di conservazione della specie che puoi portare direttamente [&hellip;]","og_url":"https:\/\/insektenliebe.com\/it\/shop\/prodotto\/simandoa-conserfariam\/","og_site_name":"Insektenliebe","article_modified_time":"2026-03-08T22:00:33+00:00","og_image":[{"width":820,"height":820,"url":"https:\/\/insektenliebe.com\/wp-content\/uploads\/2025\/11\/Simandoa-conserfariam-adult.jpg","type":"image\/jpeg"}],"twitter_card":"summary_large_image","twitter_misc":{"Tempo di lettura stimato":"2 minuto"},"schema":{"@context":"https:\/\/schema.org","@graph":[{"@type":"WebPage","@id":"https:\/\/insektenliebe.com\/it\/shop\/prodotto\/simandoa-conserfariam\/","url":"https:\/\/insektenliebe.com\/it\/shop\/prodotto\/simandoa-conserfariam\/","name":"Simandoa conserfariam - Insektenliebe","isPartOf":{"@id":"https:\/\/insektenliebe.com\/it\/#website"},"primaryImageOfPage":{"@id":"https:\/\/insektenliebe.com\/it\/shop\/prodotto\/simandoa-conserfariam\/#primaryimage"},"image":{"@id":"https:\/\/insektenliebe.com\/it\/shop\/prodotto\/simandoa-conserfariam\/#primaryimage"},"thumbnailUrl":"https:\/\/insektenliebe.com\/wp-content\/uploads\/2025\/11\/Simandoa-conserfariam-adult.jpg","datePublished":"2025-11-28T17:28:31+00:00","dateModified":"2026-03-08T22:00:33+00:00","breadcrumb":{"@id":"https:\/\/insektenliebe.com\/it\/shop\/prodotto\/simandoa-conserfariam\/#breadcrumb"},"inLanguage":"it-IT","potentialAction":[{"@type":"ReadAction","target":["https:\/\/insektenliebe.com\/it\/shop\/prodotto\/simandoa-conserfariam\/"]}]},{"@type":"ImageObject","inLanguage":"it-IT","@id":"https:\/\/insektenliebe.com\/it\/shop\/prodotto\/simandoa-conserfariam\/#primaryimage","url":"https:\/\/insektenliebe.com\/wp-content\/uploads\/2025\/11\/Simandoa-conserfariam-adult.jpg","contentUrl":"https:\/\/insektenliebe.com\/wp-content\/uploads\/2025\/11\/Simandoa-conserfariam-adult.jpg","width":820,"height":820,"caption":"Simandoa conserfariam"},{"@type":"BreadcrumbList","@id":"https:\/\/insektenliebe.com\/it\/shop\/prodotto\/simandoa-conserfariam\/#breadcrumb","itemListElement":[{"@type":"ListItem","position":1,"name":"Startseite","item":"https:\/\/insektenliebe.com\/it\/"},{"@type":"ListItem","position":2,"name":"Negozio","item":"https:\/\/insektenliebe.com\/it\/negozio\/"},{"@type":"ListItem","position":3,"name":"Simandoa conserfariam"}]},{"@type":"WebSite","@id":"https:\/\/insektenliebe.com\/it\/#website","url":"https:\/\/insektenliebe.com\/it\/","name":"Insektenliebe","description":"Dein Zuhause f\u00fcr die kleinen Lebewesen","publisher":{"@id":"https:\/\/insektenliebe.com\/it\/#organization"},"potentialAction":[{"@type":"SearchAction","target":{"@type":"EntryPoint","urlTemplate":"https:\/\/insektenliebe.com\/it\/?s={search_term_string}"},"query-input":{"@type":"PropertyValueSpecification","valueRequired":true,"valueName":"search_term_string"}}],"inLanguage":"it-IT"},{"@type":"Organization","@id":"https:\/\/insektenliebe.com\/it\/#organization","name":"Insektenliebe","url":"https:\/\/insektenliebe.com\/it\/","logo":{"@type":"ImageObject","inLanguage":"it-IT","@id":"https:\/\/insektenliebe.com\/it\/#\/schema\/logo\/image\/","url":"https:\/\/insektenliebe.com\/wp-content\/uploads\/2025\/03\/logo-white.png","contentUrl":"https:\/\/insektenliebe.com\/wp-content\/uploads\/2025\/03\/logo-white.png","width":288,"height":188,"caption":"Insektenliebe"},"image":{"@id":"https:\/\/insektenliebe.com\/it\/#\/schema\/logo\/image\/"}}]}},"_links":{"self":[{"href":"https:\/\/insektenliebe.com\/it\/wp-json\/wp\/v2\/product\/188955","targetHints":{"allow":["GET"]}}],"collection":[{"href":"https:\/\/insektenliebe.com\/it\/wp-json\/wp\/v2\/product"}],"about":[{"href":"https:\/\/insektenliebe.com\/it\/wp-json\/wp\/v2\/types\/product"}],"wp:featuredmedia":[{"embeddable":true,"href":"https:\/\/insektenliebe.com\/it\/wp-json\/wp\/v2\/media\/186635"}],"wp:attachment":[{"href":"https:\/\/insektenliebe.com\/it\/wp-json\/wp\/v2\/media?parent=188955"}],"wp:term":[{"taxonomy":"product-supplier","embeddable":true,"href":"https:\/\/insektenliebe.com\/it\/wp-json\/wp\/v2\/product-supplier?post=188955"},{"taxonomy":"product_brand","embeddable":true,"href":"https:\/\/insektenliebe.com\/it\/wp-json\/wp\/v2\/product_brand?post=188955"},{"taxonomy":"product_cat","embeddable":true,"href":"https:\/\/insektenliebe.com\/it\/wp-json\/wp\/v2\/product_cat?post=188955"},{"taxonomy":"product_tag","embeddable":true,"href":"https:\/\/insektenliebe.com\/it\/wp-json\/wp\/v2\/product_tag?post=188955"},{"taxonomy":"lce-checkout-addons","embeddable":true,"href":"https:\/\/insektenliebe.com\/it\/wp-json\/wp\/v2\/lce-checkout-addons?post=188955"}],"curies":[{"name":"wp","href":"https:\/\/api.w.org\/{rel}","templated":true}]}}