{"id":188954,"date":"2024-11-08T17:08:36","date_gmt":"2024-11-08T16:08:36","guid":{"rendered":"https:\/\/insektenliebe.com\/shop\/produkt\/linsetto-fantasma-gigante-australiano\/"},"modified":"2024-11-08T17:08:36","modified_gmt":"2024-11-08T16:08:36","slug":"linsetto-fantasma-gigante-australiano","status":"publish","type":"product","link":"https:\/\/insektenliebe.com\/it\/shop\/prodotto\/linsetto-fantasma-gigante-australiano\/","title":{"rendered":"L&#8217;insetto fantasma gigante australiano"},"content":{"rendered":"<h1><span id=\"hikashop_product_name_main\" class=\"hikashop_product_name_main\">L&#8217;insetto fantasma gigante australiano<\/span><\/h1>\n<div id=\"hikashop_product_contact_main\" class=\"hikashop_product_contact_main\"><\/div>\n<div id=\"hikashop_product_bottom_part\" class=\"hikashop_product_bottom_part\">\n<div id=\"hikashop_product_description_main\" class=\"hikashop_product_description_main\">\n<h2>Guida all&#8217;allevamento del gambero fantasma gigante australiano nel terrario<\/h2>\n<h3><em>Extatosoma tiaratum<\/em><strong><br \/>\n<\/strong><\/h3>\n<p>La detenzione e l&#8217;allevamento di insetti fantasma, insetti stecco e foglie vaganti, che insieme formano l&#8217;ordine di insetti <em>Phasmatodea<\/em> e sono noti come fasmidi, stanno guadagnando sempre pi\u00f9 seguaci nell&#8217;hobby del terrario. La cavalletta fantasma australiana (nota anche come cavalletta fantasma australiana), in particolare, gode di una crescente popolarit\u00e0 da qualche tempo grazie al suo aspetto bizzarro ed \u00e8 la specie pi\u00f9 popolare e pi\u00f9 frequentemente tenuta in terrario tra tutte le cavallette fantasma. <\/p>\n<p>In questo volume della serie \"Specie per specie\", l&#8217;autore <strong>Stephan Schorn<\/strong> spiega esattamente cosa \u00e8 necessario per allevare con successo questi affascinanti animali in modo adeguato alla specie.<\/p>\n<p>La serie \"Specie per specie\" offre ora l&#8217;opportunit\u00e0 di descrivere in modo pi\u00f9 dettagliato questi insetti fantasma dall&#8217;aspetto interessante e bello e di fornire informazioni pi\u00f9 dettagliate sulle condizioni di allevamento e di riproduzione rispetto a quanto finora disponibile nella letteratura generale sui fasmidi, in cui le rispettive specie sono solitamente trattate solo sotto forma di profili. Cos\u00ec come sono vari e diversi l&#8217;aspetto e lo stile di vita delle varie specie di fasmidi, lo sono anche le condizioni di allevamento. <\/p>\n<p>Specie per specie, i libri di questa collana ti presentano gli animali da terrario pi\u00f9 popolari. Ogni volume ti offre istruzioni pratiche e dettagliate per la cura e troverai tutte le informazioni necessarie per allevare con successo i tuoi animali. Tutte le domande pi\u00f9 importanti, dalle dimensioni della vasca all&#8217;allestimento del terrario, dall&#8217;attrezzatura tecnica all&#8217;alimentazione adeguata alla specie fino alla prevenzione delle malattie, trovano risposta con numerosi trucchi e consigli. Allevatori esperti e di lunga data ti svelano come incoraggiare gli animali a riprodursi e a crescere i piccoli in modo sano.   <\/p>\n<p>Il tutto a colori, generosamente illustrato e progettato in modo attraente per i tuoi animali da terrario, specie per specie!<\/p>\n<ul class=\"unstyled\">\n<li><b>Autore<\/b> Stephan Schorn<\/li>\n<li><b>Ambito di applicazione<\/b> 64 pagine<\/li>\n<li><b>Formato<\/b> 14,8 x 21 cm<\/li>\n<li><b>Copertina morbida<\/b> <\/li>\n<li><b>Illustrazioni<\/b> numerose illustrazioni<\/li>\n<li><b>ISBN<\/b> 978-3-86659-123-3<\/li>\n<\/ul>\n<\/div>\n<\/div>\n","protected":false},"excerpt":{"rendered":"<p>L&#8217;insetto fantasma gigante australiano Guida all&#8217;allevamento del gambero fantasma gigante australiano nel terrario Extatosoma tiaratum La detenzione e l&#8217;allevamento di insetti fantasma, insetti stecco e foglie vaganti, che insieme formano l&#8217;ordine di insetti Phasmatodea e sono noti come fasmidi, stanno guadagnando sempre pi\u00f9 seguaci nell&#8217;hobby del terrario. La cavalletta fantasma australiana (nota anche come cavalletta [&hellip;]<\/p>\n","protected":false},"featured_media":188956,"template":"","meta":{"_acf_changed":false},"product-supplier":[],"product_brand":[],"product_cat":[2888],"product_tag":[],"lce-checkout-addons":[],"class_list":{"0":"post-188954","1":"product","2":"type-product","3":"status-publish","4":"has-post-thumbnail","6":"product_cat-merchandising-e-letteratura","7":"product_shipping_class-equipment-shipping","9":"first","10":"instock","11":"taxable","12":"shipping-taxable","13":"purchasable","14":"product-type-simple"},"acf":[],"yoast_head":"<!-- This site is optimized with the Yoast SEO plugin v27.3 - https:\/\/yoast.com\/product\/yoast-seo-wordpress\/ -->\n<title>L&#039;insetto fantasma gigante australiano - Insektenliebe<\/title>\n<meta name=\"description\" content=\"Conservazione e allevamento di insetti fantasma e insetti stecco, nonch\u00e9 di foglie che camminano, che insieme formano l&#039;ordine di insetti Phasmatodea.\" \/>\n<meta name=\"robots\" content=\"index, follow, max-snippet:-1, max-image-preview:large, max-video-preview:-1\" \/>\n<link rel=\"canonical\" href=\"https:\/\/insektenliebe.com\/it\/shop\/prodotto\/linsetto-fantasma-gigante-australiano\/\" \/>\n<meta property=\"og:locale\" content=\"it_IT\" \/>\n<meta property=\"og:type\" content=\"article\" \/>\n<meta property=\"og:title\" content=\"L&#039;insetto fantasma gigante australiano - Insektenliebe\" \/>\n<meta property=\"og:description\" content=\"Conservazione e allevamento di insetti fantasma e insetti stecco, nonch\u00e9 di foglie che camminano, che insieme formano l&#039;ordine di insetti Phasmatodea.\" \/>\n<meta property=\"og:url\" content=\"https:\/\/insektenliebe.com\/it\/shop\/prodotto\/linsetto-fantasma-gigante-australiano\/\" \/>\n<meta property=\"og:site_name\" content=\"Insektenliebe\" \/>\n<meta property=\"og:image\" content=\"https:\/\/insektenliebe.com\/wp-content\/uploads\/2025\/11\/Die-Australische-Riesengespenstschrecke.jpg\" \/>\n\t<meta property=\"og:image:width\" content=\"820\" \/>\n\t<meta property=\"og:image:height\" content=\"820\" \/>\n\t<meta property=\"og:image:type\" content=\"image\/jpeg\" \/>\n<meta name=\"twitter:card\" content=\"summary_large_image\" \/>\n<meta name=\"twitter:label1\" content=\"Tempo di lettura stimato\" \/>\n\t<meta name=\"twitter:data1\" content=\"2 minuto\" \/>\n<script type=\"application\/ld+json\" class=\"yoast-schema-graph\">{\"@context\":\"https:\\\/\\\/schema.org\",\"@graph\":[{\"@type\":\"WebPage\",\"@id\":\"https:\\\/\\\/insektenliebe.com\\\/it\\\/shop\\\/prodotto\\\/linsetto-fantasma-gigante-australiano\\\/\",\"url\":\"https:\\\/\\\/insektenliebe.com\\\/it\\\/shop\\\/prodotto\\\/linsetto-fantasma-gigante-australiano\\\/\",\"name\":\"L'insetto fantasma gigante australiano - Insektenliebe\",\"isPartOf\":{\"@id\":\"https:\\\/\\\/insektenliebe.com\\\/it\\\/#website\"},\"primaryImageOfPage\":{\"@id\":\"https:\\\/\\\/insektenliebe.com\\\/it\\\/shop\\\/prodotto\\\/linsetto-fantasma-gigante-australiano\\\/#primaryimage\"},\"image\":{\"@id\":\"https:\\\/\\\/insektenliebe.com\\\/it\\\/shop\\\/prodotto\\\/linsetto-fantasma-gigante-australiano\\\/#primaryimage\"},\"thumbnailUrl\":\"https:\\\/\\\/insektenliebe.com\\\/wp-content\\\/uploads\\\/2025\\\/11\\\/Die-Australische-Riesengespenstschrecke.jpg\",\"datePublished\":\"2024-11-08T16:08:36+00:00\",\"description\":\"Conservazione e allevamento di insetti fantasma e insetti stecco, nonch\u00e9 di foglie che camminano, che insieme formano l'ordine di insetti Phasmatodea.\",\"breadcrumb\":{\"@id\":\"https:\\\/\\\/insektenliebe.com\\\/it\\\/shop\\\/prodotto\\\/linsetto-fantasma-gigante-australiano\\\/#breadcrumb\"},\"inLanguage\":\"it-IT\",\"potentialAction\":[{\"@type\":\"ReadAction\",\"target\":[\"https:\\\/\\\/insektenliebe.com\\\/it\\\/shop\\\/prodotto\\\/linsetto-fantasma-gigante-australiano\\\/\"]}]},{\"@type\":\"ImageObject\",\"inLanguage\":\"it-IT\",\"@id\":\"https:\\\/\\\/insektenliebe.com\\\/it\\\/shop\\\/prodotto\\\/linsetto-fantasma-gigante-australiano\\\/#primaryimage\",\"url\":\"https:\\\/\\\/insektenliebe.com\\\/wp-content\\\/uploads\\\/2025\\\/11\\\/Die-Australische-Riesengespenstschrecke.jpg\",\"contentUrl\":\"https:\\\/\\\/insektenliebe.com\\\/wp-content\\\/uploads\\\/2025\\\/11\\\/Die-Australische-Riesengespenstschrecke.jpg\",\"width\":820,\"height\":820,\"caption\":\"L'insetto fantasma gigante australiano\"},{\"@type\":\"BreadcrumbList\",\"@id\":\"https:\\\/\\\/insektenliebe.com\\\/it\\\/shop\\\/prodotto\\\/linsetto-fantasma-gigante-australiano\\\/#breadcrumb\",\"itemListElement\":[{\"@type\":\"ListItem\",\"position\":1,\"name\":\"Startseite\",\"item\":\"https:\\\/\\\/insektenliebe.com\\\/it\\\/\"},{\"@type\":\"ListItem\",\"position\":2,\"name\":\"Negozio\",\"item\":\"https:\\\/\\\/insektenliebe.com\\\/it\\\/negozio\\\/\"},{\"@type\":\"ListItem\",\"position\":3,\"name\":\"L&#8217;insetto fantasma gigante australiano\"}]},{\"@type\":\"WebSite\",\"@id\":\"https:\\\/\\\/insektenliebe.com\\\/it\\\/#website\",\"url\":\"https:\\\/\\\/insektenliebe.com\\\/it\\\/\",\"name\":\"Insektenliebe\",\"description\":\"Dein Zuhause f\u00fcr die kleinen Lebewesen\",\"publisher\":{\"@id\":\"https:\\\/\\\/insektenliebe.com\\\/it\\\/#organization\"},\"potentialAction\":[{\"@type\":\"SearchAction\",\"target\":{\"@type\":\"EntryPoint\",\"urlTemplate\":\"https:\\\/\\\/insektenliebe.com\\\/it\\\/?s={search_term_string}\"},\"query-input\":{\"@type\":\"PropertyValueSpecification\",\"valueRequired\":true,\"valueName\":\"search_term_string\"}}],\"inLanguage\":\"it-IT\"},{\"@type\":\"Organization\",\"@id\":\"https:\\\/\\\/insektenliebe.com\\\/it\\\/#organization\",\"name\":\"Insektenliebe\",\"url\":\"https:\\\/\\\/insektenliebe.com\\\/it\\\/\",\"logo\":{\"@type\":\"ImageObject\",\"inLanguage\":\"it-IT\",\"@id\":\"https:\\\/\\\/insektenliebe.com\\\/it\\\/#\\\/schema\\\/logo\\\/image\\\/\",\"url\":\"https:\\\/\\\/insektenliebe.com\\\/wp-content\\\/uploads\\\/2025\\\/03\\\/logo-white.png\",\"contentUrl\":\"https:\\\/\\\/insektenliebe.com\\\/wp-content\\\/uploads\\\/2025\\\/03\\\/logo-white.png\",\"width\":288,\"height\":188,\"caption\":\"Insektenliebe\"},\"image\":{\"@id\":\"https:\\\/\\\/insektenliebe.com\\\/it\\\/#\\\/schema\\\/logo\\\/image\\\/\"}}]}<\/script>\n<!-- \/ Yoast SEO plugin. -->","yoast_head_json":{"title":"L'insetto fantasma gigante australiano - Insektenliebe","description":"Conservazione e allevamento di insetti fantasma e insetti stecco, nonch\u00e9 di foglie che camminano, che insieme formano l'ordine di insetti Phasmatodea.","robots":{"index":"index","follow":"follow","max-snippet":"max-snippet:-1","max-image-preview":"max-image-preview:large","max-video-preview":"max-video-preview:-1"},"canonical":"https:\/\/insektenliebe.com\/it\/shop\/prodotto\/linsetto-fantasma-gigante-australiano\/","og_locale":"it_IT","og_type":"article","og_title":"L'insetto fantasma gigante australiano - Insektenliebe","og_description":"Conservazione e allevamento di insetti fantasma e insetti stecco, nonch\u00e9 di foglie che camminano, che insieme formano l'ordine di insetti Phasmatodea.","og_url":"https:\/\/insektenliebe.com\/it\/shop\/prodotto\/linsetto-fantasma-gigante-australiano\/","og_site_name":"Insektenliebe","og_image":[{"width":820,"height":820,"url":"https:\/\/insektenliebe.com\/wp-content\/uploads\/2025\/11\/Die-Australische-Riesengespenstschrecke.jpg","type":"image\/jpeg"}],"twitter_card":"summary_large_image","twitter_misc":{"Tempo di lettura stimato":"2 minuto"},"schema":{"@context":"https:\/\/schema.org","@graph":[{"@type":"WebPage","@id":"https:\/\/insektenliebe.com\/it\/shop\/prodotto\/linsetto-fantasma-gigante-australiano\/","url":"https:\/\/insektenliebe.com\/it\/shop\/prodotto\/linsetto-fantasma-gigante-australiano\/","name":"L'insetto fantasma gigante australiano - Insektenliebe","isPartOf":{"@id":"https:\/\/insektenliebe.com\/it\/#website"},"primaryImageOfPage":{"@id":"https:\/\/insektenliebe.com\/it\/shop\/prodotto\/linsetto-fantasma-gigante-australiano\/#primaryimage"},"image":{"@id":"https:\/\/insektenliebe.com\/it\/shop\/prodotto\/linsetto-fantasma-gigante-australiano\/#primaryimage"},"thumbnailUrl":"https:\/\/insektenliebe.com\/wp-content\/uploads\/2025\/11\/Die-Australische-Riesengespenstschrecke.jpg","datePublished":"2024-11-08T16:08:36+00:00","description":"Conservazione e allevamento di insetti fantasma e insetti stecco, nonch\u00e9 di foglie che camminano, che insieme formano l'ordine di insetti Phasmatodea.","breadcrumb":{"@id":"https:\/\/insektenliebe.com\/it\/shop\/prodotto\/linsetto-fantasma-gigante-australiano\/#breadcrumb"},"inLanguage":"it-IT","potentialAction":[{"@type":"ReadAction","target":["https:\/\/insektenliebe.com\/it\/shop\/prodotto\/linsetto-fantasma-gigante-australiano\/"]}]},{"@type":"ImageObject","inLanguage":"it-IT","@id":"https:\/\/insektenliebe.com\/it\/shop\/prodotto\/linsetto-fantasma-gigante-australiano\/#primaryimage","url":"https:\/\/insektenliebe.com\/wp-content\/uploads\/2025\/11\/Die-Australische-Riesengespenstschrecke.jpg","contentUrl":"https:\/\/insektenliebe.com\/wp-content\/uploads\/2025\/11\/Die-Australische-Riesengespenstschrecke.jpg","width":820,"height":820,"caption":"L'insetto fantasma gigante australiano"},{"@type":"BreadcrumbList","@id":"https:\/\/insektenliebe.com\/it\/shop\/prodotto\/linsetto-fantasma-gigante-australiano\/#breadcrumb","itemListElement":[{"@type":"ListItem","position":1,"name":"Startseite","item":"https:\/\/insektenliebe.com\/it\/"},{"@type":"ListItem","position":2,"name":"Negozio","item":"https:\/\/insektenliebe.com\/it\/negozio\/"},{"@type":"ListItem","position":3,"name":"L&#8217;insetto fantasma gigante australiano"}]},{"@type":"WebSite","@id":"https:\/\/insektenliebe.com\/it\/#website","url":"https:\/\/insektenliebe.com\/it\/","name":"Insektenliebe","description":"Dein Zuhause f\u00fcr die kleinen Lebewesen","publisher":{"@id":"https:\/\/insektenliebe.com\/it\/#organization"},"potentialAction":[{"@type":"SearchAction","target":{"@type":"EntryPoint","urlTemplate":"https:\/\/insektenliebe.com\/it\/?s={search_term_string}"},"query-input":{"@type":"PropertyValueSpecification","valueRequired":true,"valueName":"search_term_string"}}],"inLanguage":"it-IT"},{"@type":"Organization","@id":"https:\/\/insektenliebe.com\/it\/#organization","name":"Insektenliebe","url":"https:\/\/insektenliebe.com\/it\/","logo":{"@type":"ImageObject","inLanguage":"it-IT","@id":"https:\/\/insektenliebe.com\/it\/#\/schema\/logo\/image\/","url":"https:\/\/insektenliebe.com\/wp-content\/uploads\/2025\/03\/logo-white.png","contentUrl":"https:\/\/insektenliebe.com\/wp-content\/uploads\/2025\/03\/logo-white.png","width":288,"height":188,"caption":"Insektenliebe"},"image":{"@id":"https:\/\/insektenliebe.com\/it\/#\/schema\/logo\/image\/"}}]}},"_links":{"self":[{"href":"https:\/\/insektenliebe.com\/it\/wp-json\/wp\/v2\/product\/188954","targetHints":{"allow":["GET"]}}],"collection":[{"href":"https:\/\/insektenliebe.com\/it\/wp-json\/wp\/v2\/product"}],"about":[{"href":"https:\/\/insektenliebe.com\/it\/wp-json\/wp\/v2\/types\/product"}],"wp:featuredmedia":[{"embeddable":true,"href":"https:\/\/insektenliebe.com\/it\/wp-json\/wp\/v2\/media\/188956"}],"wp:attachment":[{"href":"https:\/\/insektenliebe.com\/it\/wp-json\/wp\/v2\/media?parent=188954"}],"wp:term":[{"taxonomy":"product-supplier","embeddable":true,"href":"https:\/\/insektenliebe.com\/it\/wp-json\/wp\/v2\/product-supplier?post=188954"},{"taxonomy":"product_brand","embeddable":true,"href":"https:\/\/insektenliebe.com\/it\/wp-json\/wp\/v2\/product_brand?post=188954"},{"taxonomy":"product_cat","embeddable":true,"href":"https:\/\/insektenliebe.com\/it\/wp-json\/wp\/v2\/product_cat?post=188954"},{"taxonomy":"product_tag","embeddable":true,"href":"https:\/\/insektenliebe.com\/it\/wp-json\/wp\/v2\/product_tag?post=188954"},{"taxonomy":"lce-checkout-addons","embeddable":true,"href":"https:\/\/insektenliebe.com\/it\/wp-json\/wp\/v2\/lce-checkout-addons?post=188954"}],"curies":[{"name":"wp","href":"https:\/\/api.w.org\/{rel}","templated":true}]}}