{"id":188931,"date":"2025-12-07T15:50:47","date_gmt":"2025-12-07T14:50:47","guid":{"rendered":"https:\/\/insektenliebe.com\/shop\/produkt\/hapalopus-guerreroi\/"},"modified":"2026-04-05T07:00:28","modified_gmt":"2026-04-05T05:00:28","slug":"hapalopus-guerreroi","status":"publish","type":"product","link":"https:\/\/insektenliebe.com\/it\/shop\/prodotto\/hapalopus-guerreroi\/","title":{"rendered":"Hapalopus guerreroi"},"content":{"rendered":"<h3 class=\"p1\"><span style=\"color: #99cc33;\"><strong><span class=\"s1\">Hapalopus guerreroi - ideale per i principianti che hanno poco spazio a disposizione<\/span><\/strong><\/span><\/h3>\n<p class=\"p1\"><span class=\"s1\">Il <\/span><strong><span class=\"s2\">Hapalopus guerreroi<\/span><\/strong><span class=\"s1\">  \u00e8 un&#8217;affascinante e piccola specie di tarantola originaria della Colombia. Con le sue vistose marcature nei toni caldi dell&#8217;arancione e le sue dimensioni compatte, \u00e8 un vero e proprio richiamo visivo nel terrario. Le zampe di colore arancione e il motivo a contrasto sull&#8217;addome sono particolarmente evidenti e le hanno fatto guadagnare il soprannome di \"Pumpkin Patch\", anche se non \u00e8 identica alla popolare tarantola di Zucca.    <\/span><span class=\"s2\">Hapalopus sp. Colombia Grande <\/span><span class=\"s1\">  \u00e8.<\/span><\/p>\n<p class=\"p1\"><span class=\"s1\">Con una lunghezza del corpo di circa 3,5 cm, questa specie rimane piuttosto piccola, ma \u00e8 comunque una delle tarantole nane pi\u00f9 attive e interessanti in circolazione. Nonostante le sue dimensioni ridotte <strong><span class=\"s2\">Hapalopus guerreroi<\/span><\/strong> <\/span><span class=\"s1\">  un comportamento straordinariamente coraggioso e curioso. \u00c8 molto attivo, ama esplorare il suo terrario e spesso si mostra durante il giorno. Per questo \u00e8 un&#8217;ottima scelta per chi ama osservare i propri animali.  <\/span><\/p>\n<p class=\"p1\"><span class=\"s1\">Un terrario di 20 \u00d7 20 \u00d7 20 cm \u00e8 sufficiente per tenerli. \u00c8 importante fornire un substrato che permetta di scavare, come ad esempio una miscela di humus forestale e argilla, poich\u00e9 questa specie ama creare tane. Dovresti anche fornire pezzi di sughero, corteccia o foglie in modo che il ragno possa utilizzare le strutture naturali. Non deve mancare una piccola ciotola d&#8217;acqua. Idealmente, l&#8217;umidit\u00e0 dovrebbe essere compresa tra il 70 e l&#8217;80%, mentre la temperatura dovrebbe essere mantenuta tra i 24 e i 27 \u00b0C durante il giorno e leggermente pi\u00f9 fresca di notte.    <\/span><\/p>\n<p class=\"p1\"><span class=\"s1\"><strong><span class=\"s2\">Hapalopus guerreroi<\/span><\/strong> \u00e8 pacifico, ma piuttosto agile quando viene disturbato. Per questo motivo \u00e8 indispensabile una ritirata. La sua tendenza a scavare e a tessere rende l&#8217;osservazione particolarmente emozionante: spesso crea piccoli sistemi di tubi che dispone con cura e riveste di fettucce. Nonostante la sua natura vivace, questa specie \u00e8 molto adatta ai principianti perch\u00e9 \u00e8 facile da accudire e non \u00e8 molto aggressiva.   <\/span><\/p>\n<p class=\"p1\"><span class=\"s1\">In generale <strong><span class=\"s2\">Hapalopus guerreroi <\/span><\/strong> <\/span><span class=\"s1\">Una bella e interessante tarantola nana caratterizzata da un comportamento vivace e da un aspetto attraente. Se stai cercando una specie piccola ma dal fascino accattivante, questa \u00e8 la scelta giusta. <\/span><\/p>\n","protected":false},"excerpt":{"rendered":"<p>Hapalopus guerreroi - ideale per i principianti che hanno poco spazio a disposizione Il Hapalopus guerreroi \u00e8 un&#8217;affascinante e piccola specie di tarantola originaria della Colombia. Con le sue vistose marcature nei toni caldi dell&#8217;arancione e le sue dimensioni compatte, \u00e8 un vero e proprio richiamo visivo nel terrario. Le zampe di colore arancione e [&hellip;]<\/p>\n","protected":false},"featured_media":188945,"template":"","meta":{"_acf_changed":false},"product-supplier":[],"product_brand":[],"product_cat":[3004],"product_tag":[],"lce-checkout-addons":[2746],"class_list":{"0":"post-188931","1":"product","2":"type-product","3":"status-publish","4":"has-post-thumbnail","6":"product_cat-tarantole","7":"product_shipping_class-spedizione-di-animali","8":"pa_geschlecht-donna","9":"pa_geschlecht-indeterminato","10":"pa_geschlecht-uomo","11":"pa_herkunft-colombia","12":"pa_kontinent-sud-america","13":"lce-checkout-addons-imballaggio-invernale","15":"first","16":"instock","17":"taxable","18":"shipping-taxable","19":"purchasable","20":"product-type-variable"},"acf":[],"yoast_head":"<!-- This site is optimized with the Yoast SEO plugin v27.3 - https:\/\/yoast.com\/product\/yoast-seo-wordpress\/ -->\n<title>Hapalopus guerreroi - Insektenliebe<\/title>\n<meta name=\"description\" content=\"Hapalopus guerreroi - piccola e colorata tarantola della Colombia. Attiva, facile da curare e ideale per i principianti con poco spazio.\" \/>\n<meta name=\"robots\" content=\"index, follow, max-snippet:-1, max-image-preview:large, max-video-preview:-1\" \/>\n<link rel=\"canonical\" href=\"https:\/\/insektenliebe.com\/it\/shop\/prodotto\/hapalopus-guerreroi\/\" \/>\n<meta property=\"og:locale\" content=\"it_IT\" \/>\n<meta property=\"og:type\" content=\"article\" \/>\n<meta property=\"og:title\" content=\"Hapalopus guerreroi - Insektenliebe\" \/>\n<meta property=\"og:description\" content=\"Hapalopus guerreroi - piccola e colorata tarantola della Colombia. Attiva, facile da curare e ideale per i principianti con poco spazio.\" \/>\n<meta property=\"og:url\" content=\"https:\/\/insektenliebe.com\/it\/shop\/prodotto\/hapalopus-guerreroi\/\" \/>\n<meta property=\"og:site_name\" content=\"Insektenliebe\" \/>\n<meta property=\"article:modified_time\" content=\"2026-04-05T05:00:28+00:00\" \/>\n<meta property=\"og:image\" content=\"https:\/\/insektenliebe.com\/wp-content\/uploads\/2025\/12\/Hapalopus-guerreroi.jpg\" \/>\n\t<meta property=\"og:image:width\" content=\"820\" \/>\n\t<meta property=\"og:image:height\" content=\"820\" \/>\n\t<meta property=\"og:image:type\" content=\"image\/jpeg\" \/>\n<meta name=\"twitter:card\" content=\"summary_large_image\" \/>\n<meta name=\"twitter:label1\" content=\"Tempo di lettura stimato\" \/>\n\t<meta name=\"twitter:data1\" content=\"2 minuto\" \/>\n<script type=\"application\/ld+json\" class=\"yoast-schema-graph\">{\"@context\":\"https:\\\/\\\/schema.org\",\"@graph\":[{\"@type\":\"WebPage\",\"@id\":\"https:\\\/\\\/insektenliebe.com\\\/it\\\/shop\\\/prodotto\\\/hapalopus-guerreroi\\\/\",\"url\":\"https:\\\/\\\/insektenliebe.com\\\/it\\\/shop\\\/prodotto\\\/hapalopus-guerreroi\\\/\",\"name\":\"Hapalopus guerreroi - Insektenliebe\",\"isPartOf\":{\"@id\":\"https:\\\/\\\/insektenliebe.com\\\/it\\\/#website\"},\"primaryImageOfPage\":{\"@id\":\"https:\\\/\\\/insektenliebe.com\\\/it\\\/shop\\\/prodotto\\\/hapalopus-guerreroi\\\/#primaryimage\"},\"image\":{\"@id\":\"https:\\\/\\\/insektenliebe.com\\\/it\\\/shop\\\/prodotto\\\/hapalopus-guerreroi\\\/#primaryimage\"},\"thumbnailUrl\":\"https:\\\/\\\/insektenliebe.com\\\/wp-content\\\/uploads\\\/2025\\\/12\\\/Hapalopus-guerreroi.jpg\",\"datePublished\":\"2025-12-07T14:50:47+00:00\",\"dateModified\":\"2026-04-05T05:00:28+00:00\",\"description\":\"Hapalopus guerreroi - piccola e colorata tarantola della Colombia. Attiva, facile da curare e ideale per i principianti con poco spazio.\",\"breadcrumb\":{\"@id\":\"https:\\\/\\\/insektenliebe.com\\\/it\\\/shop\\\/prodotto\\\/hapalopus-guerreroi\\\/#breadcrumb\"},\"inLanguage\":\"it-IT\",\"potentialAction\":[{\"@type\":\"ReadAction\",\"target\":[\"https:\\\/\\\/insektenliebe.com\\\/it\\\/shop\\\/prodotto\\\/hapalopus-guerreroi\\\/\"]}]},{\"@type\":\"ImageObject\",\"inLanguage\":\"it-IT\",\"@id\":\"https:\\\/\\\/insektenliebe.com\\\/it\\\/shop\\\/prodotto\\\/hapalopus-guerreroi\\\/#primaryimage\",\"url\":\"https:\\\/\\\/insektenliebe.com\\\/wp-content\\\/uploads\\\/2025\\\/12\\\/Hapalopus-guerreroi.jpg\",\"contentUrl\":\"https:\\\/\\\/insektenliebe.com\\\/wp-content\\\/uploads\\\/2025\\\/12\\\/Hapalopus-guerreroi.jpg\",\"width\":820,\"height\":820,\"caption\":\"Hapalopus guerreroi\"},{\"@type\":\"BreadcrumbList\",\"@id\":\"https:\\\/\\\/insektenliebe.com\\\/it\\\/shop\\\/prodotto\\\/hapalopus-guerreroi\\\/#breadcrumb\",\"itemListElement\":[{\"@type\":\"ListItem\",\"position\":1,\"name\":\"Startseite\",\"item\":\"https:\\\/\\\/insektenliebe.com\\\/it\\\/\"},{\"@type\":\"ListItem\",\"position\":2,\"name\":\"Negozio\",\"item\":\"https:\\\/\\\/insektenliebe.com\\\/it\\\/negozio\\\/\"},{\"@type\":\"ListItem\",\"position\":3,\"name\":\"Hapalopus guerreroi\"}]},{\"@type\":\"WebSite\",\"@id\":\"https:\\\/\\\/insektenliebe.com\\\/it\\\/#website\",\"url\":\"https:\\\/\\\/insektenliebe.com\\\/it\\\/\",\"name\":\"Insektenliebe\",\"description\":\"Dein Zuhause f\u00fcr die kleinen Lebewesen\",\"publisher\":{\"@id\":\"https:\\\/\\\/insektenliebe.com\\\/it\\\/#organization\"},\"potentialAction\":[{\"@type\":\"SearchAction\",\"target\":{\"@type\":\"EntryPoint\",\"urlTemplate\":\"https:\\\/\\\/insektenliebe.com\\\/it\\\/?s={search_term_string}\"},\"query-input\":{\"@type\":\"PropertyValueSpecification\",\"valueRequired\":true,\"valueName\":\"search_term_string\"}}],\"inLanguage\":\"it-IT\"},{\"@type\":\"Organization\",\"@id\":\"https:\\\/\\\/insektenliebe.com\\\/it\\\/#organization\",\"name\":\"Insektenliebe\",\"url\":\"https:\\\/\\\/insektenliebe.com\\\/it\\\/\",\"logo\":{\"@type\":\"ImageObject\",\"inLanguage\":\"it-IT\",\"@id\":\"https:\\\/\\\/insektenliebe.com\\\/it\\\/#\\\/schema\\\/logo\\\/image\\\/\",\"url\":\"https:\\\/\\\/insektenliebe.com\\\/wp-content\\\/uploads\\\/2025\\\/03\\\/logo-white.png\",\"contentUrl\":\"https:\\\/\\\/insektenliebe.com\\\/wp-content\\\/uploads\\\/2025\\\/03\\\/logo-white.png\",\"width\":288,\"height\":188,\"caption\":\"Insektenliebe\"},\"image\":{\"@id\":\"https:\\\/\\\/insektenliebe.com\\\/it\\\/#\\\/schema\\\/logo\\\/image\\\/\"}}]}<\/script>\n<!-- \/ Yoast SEO plugin. -->","yoast_head_json":{"title":"Hapalopus guerreroi - Insektenliebe","description":"Hapalopus guerreroi - piccola e colorata tarantola della Colombia. Attiva, facile da curare e ideale per i principianti con poco spazio.","robots":{"index":"index","follow":"follow","max-snippet":"max-snippet:-1","max-image-preview":"max-image-preview:large","max-video-preview":"max-video-preview:-1"},"canonical":"https:\/\/insektenliebe.com\/it\/shop\/prodotto\/hapalopus-guerreroi\/","og_locale":"it_IT","og_type":"article","og_title":"Hapalopus guerreroi - Insektenliebe","og_description":"Hapalopus guerreroi - piccola e colorata tarantola della Colombia. Attiva, facile da curare e ideale per i principianti con poco spazio.","og_url":"https:\/\/insektenliebe.com\/it\/shop\/prodotto\/hapalopus-guerreroi\/","og_site_name":"Insektenliebe","article_modified_time":"2026-04-05T05:00:28+00:00","og_image":[{"width":820,"height":820,"url":"https:\/\/insektenliebe.com\/wp-content\/uploads\/2025\/12\/Hapalopus-guerreroi.jpg","type":"image\/jpeg"}],"twitter_card":"summary_large_image","twitter_misc":{"Tempo di lettura stimato":"2 minuto"},"schema":{"@context":"https:\/\/schema.org","@graph":[{"@type":"WebPage","@id":"https:\/\/insektenliebe.com\/it\/shop\/prodotto\/hapalopus-guerreroi\/","url":"https:\/\/insektenliebe.com\/it\/shop\/prodotto\/hapalopus-guerreroi\/","name":"Hapalopus guerreroi - Insektenliebe","isPartOf":{"@id":"https:\/\/insektenliebe.com\/it\/#website"},"primaryImageOfPage":{"@id":"https:\/\/insektenliebe.com\/it\/shop\/prodotto\/hapalopus-guerreroi\/#primaryimage"},"image":{"@id":"https:\/\/insektenliebe.com\/it\/shop\/prodotto\/hapalopus-guerreroi\/#primaryimage"},"thumbnailUrl":"https:\/\/insektenliebe.com\/wp-content\/uploads\/2025\/12\/Hapalopus-guerreroi.jpg","datePublished":"2025-12-07T14:50:47+00:00","dateModified":"2026-04-05T05:00:28+00:00","description":"Hapalopus guerreroi - piccola e colorata tarantola della Colombia. Attiva, facile da curare e ideale per i principianti con poco spazio.","breadcrumb":{"@id":"https:\/\/insektenliebe.com\/it\/shop\/prodotto\/hapalopus-guerreroi\/#breadcrumb"},"inLanguage":"it-IT","potentialAction":[{"@type":"ReadAction","target":["https:\/\/insektenliebe.com\/it\/shop\/prodotto\/hapalopus-guerreroi\/"]}]},{"@type":"ImageObject","inLanguage":"it-IT","@id":"https:\/\/insektenliebe.com\/it\/shop\/prodotto\/hapalopus-guerreroi\/#primaryimage","url":"https:\/\/insektenliebe.com\/wp-content\/uploads\/2025\/12\/Hapalopus-guerreroi.jpg","contentUrl":"https:\/\/insektenliebe.com\/wp-content\/uploads\/2025\/12\/Hapalopus-guerreroi.jpg","width":820,"height":820,"caption":"Hapalopus guerreroi"},{"@type":"BreadcrumbList","@id":"https:\/\/insektenliebe.com\/it\/shop\/prodotto\/hapalopus-guerreroi\/#breadcrumb","itemListElement":[{"@type":"ListItem","position":1,"name":"Startseite","item":"https:\/\/insektenliebe.com\/it\/"},{"@type":"ListItem","position":2,"name":"Negozio","item":"https:\/\/insektenliebe.com\/it\/negozio\/"},{"@type":"ListItem","position":3,"name":"Hapalopus guerreroi"}]},{"@type":"WebSite","@id":"https:\/\/insektenliebe.com\/it\/#website","url":"https:\/\/insektenliebe.com\/it\/","name":"Insektenliebe","description":"Dein Zuhause f\u00fcr die kleinen Lebewesen","publisher":{"@id":"https:\/\/insektenliebe.com\/it\/#organization"},"potentialAction":[{"@type":"SearchAction","target":{"@type":"EntryPoint","urlTemplate":"https:\/\/insektenliebe.com\/it\/?s={search_term_string}"},"query-input":{"@type":"PropertyValueSpecification","valueRequired":true,"valueName":"search_term_string"}}],"inLanguage":"it-IT"},{"@type":"Organization","@id":"https:\/\/insektenliebe.com\/it\/#organization","name":"Insektenliebe","url":"https:\/\/insektenliebe.com\/it\/","logo":{"@type":"ImageObject","inLanguage":"it-IT","@id":"https:\/\/insektenliebe.com\/it\/#\/schema\/logo\/image\/","url":"https:\/\/insektenliebe.com\/wp-content\/uploads\/2025\/03\/logo-white.png","contentUrl":"https:\/\/insektenliebe.com\/wp-content\/uploads\/2025\/03\/logo-white.png","width":288,"height":188,"caption":"Insektenliebe"},"image":{"@id":"https:\/\/insektenliebe.com\/it\/#\/schema\/logo\/image\/"}}]}},"_links":{"self":[{"href":"https:\/\/insektenliebe.com\/it\/wp-json\/wp\/v2\/product\/188931","targetHints":{"allow":["GET"]}}],"collection":[{"href":"https:\/\/insektenliebe.com\/it\/wp-json\/wp\/v2\/product"}],"about":[{"href":"https:\/\/insektenliebe.com\/it\/wp-json\/wp\/v2\/types\/product"}],"wp:featuredmedia":[{"embeddable":true,"href":"https:\/\/insektenliebe.com\/it\/wp-json\/wp\/v2\/media\/188945"}],"wp:attachment":[{"href":"https:\/\/insektenliebe.com\/it\/wp-json\/wp\/v2\/media?parent=188931"}],"wp:term":[{"taxonomy":"product-supplier","embeddable":true,"href":"https:\/\/insektenliebe.com\/it\/wp-json\/wp\/v2\/product-supplier?post=188931"},{"taxonomy":"product_brand","embeddable":true,"href":"https:\/\/insektenliebe.com\/it\/wp-json\/wp\/v2\/product_brand?post=188931"},{"taxonomy":"product_cat","embeddable":true,"href":"https:\/\/insektenliebe.com\/it\/wp-json\/wp\/v2\/product_cat?post=188931"},{"taxonomy":"product_tag","embeddable":true,"href":"https:\/\/insektenliebe.com\/it\/wp-json\/wp\/v2\/product_tag?post=188931"},{"taxonomy":"lce-checkout-addons","embeddable":true,"href":"https:\/\/insektenliebe.com\/it\/wp-json\/wp\/v2\/lce-checkout-addons?post=188931"}],"curies":[{"name":"wp","href":"https:\/\/api.w.org\/{rel}","templated":true}]}}