{"id":188928,"date":"2025-12-18T15:32:53","date_gmt":"2025-12-18T14:32:53","guid":{"rendered":"https:\/\/insektenliebe.com\/shop\/produkt\/xenobolus-carnifex-red\/"},"modified":"2025-12-18T15:32:53","modified_gmt":"2025-12-18T14:32:53","slug":"xenobolus-carnifex-red","status":"publish","type":"product","link":"https:\/\/insektenliebe.com\/it\/shop\/prodotto\/xenobolus-carnifex-red\/","title":{"rendered":"Xenobolus carnifex \"Red"},"content":{"rendered":"<h3><span style=\"color: #99cc33\"><strong><span class=\"s1\">Xenobolus carnifex \"Red\" - Il millepiedi rosso lucido dell&#8217;India meridionale<\/span><\/strong><\/span><\/h3>\n<p class=\"p1\"><span class=\"s1\">Lo <strong>Xenobolus carnifex \"Red\"<\/strong> \u00e8 uno dei diplopodi pi\u00f9 impressionanti attualmente presenti nei terrari. Questa specie \u00e8 originaria delle regioni tropicali dell&#8217;India meridionale, in particolare del Kerala e del Tamil Nadu, dove vive nelle foreste decidue calde e ricche di humus. Gli animali si muovono attraverso spessi strati di fogliame e legno bianco marcio, dove non solo trovano cibo ma si proteggono anche dai predatori. La variante \"Red\" non \u00e8 un morph di colore creato artificialmente, ma una forma di colore naturale di questa specie, che \u00e8 caratterizzata da un ricco e caldo rosso-marrone e, a seconda dell&#8217;individuo, pu\u00f2 anche avere un riflesso leggermente ramato. \u00c8 proprio questo gioco naturale di colori che la rende una scelta particolarmente interessante per gli amanti degli invertebrati esotici.    <\/span><\/p>\n<p class=\"p1\"><span class=\"s1\">Con una lunghezza media di sette-dieci centimetri, lo <strong>Xenobolus carnifex \"Red\"<\/strong> \u00e8 uno dei rappresentanti di medie dimensioni dell&#8217;ordine degli Spirobolida. Nonostante le dimensioni, questi animali sono pacifici e curiosi e sono ideali per un terrario tranquillo e ben strutturato. Spesso trascorrono la giornata in tane scavate da loro stessi ed escono al crepuscolo in cerca di cibo. Grazie al loro comportamento attivo e alle regolari escursioni esplorative, offrono ai loro proprietari un ampio potenziale di osservazione senza essere frenetici o sensibili.   <\/span><\/p>\n<p class=\"p1\"><span class=\"s1\">Questa specie va tenuta in un terrario caldo e umido che ricalchi il suo habitat indiano. Temperature comprese tra i ventidue e i ventisei gradi e un alto tasso di umidit\u00e0 sono l&#8217;ideale. Il substrato gioca un ruolo particolarmente importante. Dovrebbe avere una profondit\u00e0 di almeno dodici-quindici centimetri e contenere una miscela ricca di nutrienti, composta da humus forestale, legno bianco marcio, foglie e una fonte affidabile di calcio. Lo Xenobolus carnifex non solo vive in questo tipo di terreno, ma trova anche la maggior parte del suo cibo. Mangimi supplementari come verdure, cibo per millepiedi o altri tipi di fogliame assicurano una crescita varia e stabile.     <\/span><\/p>\n<p class=\"p1\"><span class=\"s1\">Poich\u00e9 questa specie si presenta in gruppi in natura, pu\u00f2 essere facilmente tenuta insieme a diversi animali nel terrario. Un allestimento denso e quasi naturale con muschio, corteccia e legno morto offre le condizioni ideali e invita gli animali a mostrare il loro comportamento naturale. L&#8217;allevamento \u00e8 facile per molti allevatori, poich\u00e9 le femmine depongono le uova in profondit\u00e0 nel substrato e la prole pu\u00f2 svilupparsi in un ambiente protetto.  <\/span><\/p>\n<p class=\"p1\"><span class=\"s1\">Lo <strong>Xenobolus carnifex \"Red\"<\/strong> non \u00e8 quindi solo un diplopode dai colori impressionanti, ma anche una specie robusta, attiva e facile da osservare, piacevole da tenere sia per i principianti che per gli esperti.<\/span><\/p>\n","protected":false},"excerpt":{"rendered":"<p>Xenobolus carnifex \"Red\" - Il millepiedi rosso lucido dell&#8217;India meridionale Lo Xenobolus carnifex \"Red\" \u00e8 uno dei diplopodi pi\u00f9 impressionanti attualmente presenti nei terrari. Questa specie \u00e8 originaria delle regioni tropicali dell&#8217;India meridionale, in particolare del Kerala e del Tamil Nadu, dove vive nelle foreste decidue calde e ricche di humus. Gli animali si muovono [&hellip;]<\/p>\n","protected":false},"featured_media":188929,"template":"","meta":{"_acf_changed":false},"product-supplier":[],"product_brand":[],"product_cat":[2870],"product_tag":[],"lce-checkout-addons":[2746],"class_list":{"0":"post-188928","1":"product","2":"type-product","3":"status-publish","4":"has-post-thumbnail","6":"product_cat-millipede","7":"product_shipping_class-spedizione-di-animali","8":"pa_geschlecht-indeterminato","9":"pa_herkunft-india","10":"pa_kontinent-asia","11":"lce-checkout-addons-imballaggio-invernale","13":"first","14":"instock","15":"taxable","16":"shipping-taxable","17":"purchasable","18":"product-type-variable"},"acf":[],"yoast_head":"<!-- This site is optimized with the Yoast SEO plugin v27.3 - https:\/\/yoast.com\/product\/yoast-seo-wordpress\/ -->\n<title>Xenobolus carnifex &quot;Red - Insektenliebe<\/title>\n<meta name=\"description\" content=\"Xenobolus carnifex &quot;Red&quot; - diplopode gigante naturale rosso-marrone proveniente dall&#039;India. Attivo, robusto e ideale per terrari caldi e umidi e per essere tenuto in gruppo.\" \/>\n<meta name=\"robots\" content=\"index, follow, max-snippet:-1, max-image-preview:large, max-video-preview:-1\" \/>\n<link rel=\"canonical\" href=\"https:\/\/insektenliebe.com\/it\/shop\/prodotto\/xenobolus-carnifex-red\/\" \/>\n<meta property=\"og:locale\" content=\"it_IT\" \/>\n<meta property=\"og:type\" content=\"article\" \/>\n<meta property=\"og:title\" content=\"Xenobolus carnifex &quot;Red - Insektenliebe\" \/>\n<meta property=\"og:description\" content=\"Xenobolus carnifex &quot;Red&quot; - diplopode gigante naturale rosso-marrone proveniente dall&#039;India. Attivo, robusto e ideale per terrari caldi e umidi e per essere tenuto in gruppo.\" \/>\n<meta property=\"og:url\" content=\"https:\/\/insektenliebe.com\/it\/shop\/prodotto\/xenobolus-carnifex-red\/\" \/>\n<meta property=\"og:site_name\" content=\"Insektenliebe\" \/>\n<meta property=\"og:image\" content=\"https:\/\/insektenliebe.com\/wp-content\/uploads\/2025\/12\/Xenobolus-carnifex-22Red22.jpg\" \/>\n\t<meta property=\"og:image:width\" content=\"820\" \/>\n\t<meta property=\"og:image:height\" content=\"820\" \/>\n\t<meta property=\"og:image:type\" content=\"image\/jpeg\" \/>\n<meta name=\"twitter:card\" content=\"summary_large_image\" \/>\n<meta name=\"twitter:label1\" content=\"Tempo di lettura stimato\" \/>\n\t<meta name=\"twitter:data1\" content=\"2 minuto\" \/>\n<script type=\"application\/ld+json\" class=\"yoast-schema-graph\">{\"@context\":\"https:\\\/\\\/schema.org\",\"@graph\":[{\"@type\":\"WebPage\",\"@id\":\"https:\\\/\\\/insektenliebe.com\\\/it\\\/shop\\\/prodotto\\\/xenobolus-carnifex-red\\\/\",\"url\":\"https:\\\/\\\/insektenliebe.com\\\/it\\\/shop\\\/prodotto\\\/xenobolus-carnifex-red\\\/\",\"name\":\"Xenobolus carnifex \\\"Red - Insektenliebe\",\"isPartOf\":{\"@id\":\"https:\\\/\\\/insektenliebe.com\\\/it\\\/#website\"},\"primaryImageOfPage\":{\"@id\":\"https:\\\/\\\/insektenliebe.com\\\/it\\\/shop\\\/prodotto\\\/xenobolus-carnifex-red\\\/#primaryimage\"},\"image\":{\"@id\":\"https:\\\/\\\/insektenliebe.com\\\/it\\\/shop\\\/prodotto\\\/xenobolus-carnifex-red\\\/#primaryimage\"},\"thumbnailUrl\":\"https:\\\/\\\/insektenliebe.com\\\/wp-content\\\/uploads\\\/2025\\\/12\\\/Xenobolus-carnifex-22Red22.jpg\",\"datePublished\":\"2025-12-18T14:32:53+00:00\",\"description\":\"Xenobolus carnifex \\\"Red\\\" - diplopode gigante naturale rosso-marrone proveniente dall'India. Attivo, robusto e ideale per terrari caldi e umidi e per essere tenuto in gruppo.\",\"breadcrumb\":{\"@id\":\"https:\\\/\\\/insektenliebe.com\\\/it\\\/shop\\\/prodotto\\\/xenobolus-carnifex-red\\\/#breadcrumb\"},\"inLanguage\":\"it-IT\",\"potentialAction\":[{\"@type\":\"ReadAction\",\"target\":[\"https:\\\/\\\/insektenliebe.com\\\/it\\\/shop\\\/prodotto\\\/xenobolus-carnifex-red\\\/\"]}]},{\"@type\":\"ImageObject\",\"inLanguage\":\"it-IT\",\"@id\":\"https:\\\/\\\/insektenliebe.com\\\/it\\\/shop\\\/prodotto\\\/xenobolus-carnifex-red\\\/#primaryimage\",\"url\":\"https:\\\/\\\/insektenliebe.com\\\/wp-content\\\/uploads\\\/2025\\\/12\\\/Xenobolus-carnifex-22Red22.jpg\",\"contentUrl\":\"https:\\\/\\\/insektenliebe.com\\\/wp-content\\\/uploads\\\/2025\\\/12\\\/Xenobolus-carnifex-22Red22.jpg\",\"width\":820,\"height\":820,\"caption\":\"Xenobolus carnifex \\\"Red\"},{\"@type\":\"BreadcrumbList\",\"@id\":\"https:\\\/\\\/insektenliebe.com\\\/it\\\/shop\\\/prodotto\\\/xenobolus-carnifex-red\\\/#breadcrumb\",\"itemListElement\":[{\"@type\":\"ListItem\",\"position\":1,\"name\":\"Startseite\",\"item\":\"https:\\\/\\\/insektenliebe.com\\\/it\\\/\"},{\"@type\":\"ListItem\",\"position\":2,\"name\":\"Negozio\",\"item\":\"https:\\\/\\\/insektenliebe.com\\\/it\\\/negozio\\\/\"},{\"@type\":\"ListItem\",\"position\":3,\"name\":\"Xenobolus carnifex &#8220;Red\"}]},{\"@type\":\"WebSite\",\"@id\":\"https:\\\/\\\/insektenliebe.com\\\/it\\\/#website\",\"url\":\"https:\\\/\\\/insektenliebe.com\\\/it\\\/\",\"name\":\"Insektenliebe\",\"description\":\"Dein Zuhause f\u00fcr die kleinen Lebewesen\",\"publisher\":{\"@id\":\"https:\\\/\\\/insektenliebe.com\\\/it\\\/#organization\"},\"potentialAction\":[{\"@type\":\"SearchAction\",\"target\":{\"@type\":\"EntryPoint\",\"urlTemplate\":\"https:\\\/\\\/insektenliebe.com\\\/it\\\/?s={search_term_string}\"},\"query-input\":{\"@type\":\"PropertyValueSpecification\",\"valueRequired\":true,\"valueName\":\"search_term_string\"}}],\"inLanguage\":\"it-IT\"},{\"@type\":\"Organization\",\"@id\":\"https:\\\/\\\/insektenliebe.com\\\/it\\\/#organization\",\"name\":\"Insektenliebe\",\"url\":\"https:\\\/\\\/insektenliebe.com\\\/it\\\/\",\"logo\":{\"@type\":\"ImageObject\",\"inLanguage\":\"it-IT\",\"@id\":\"https:\\\/\\\/insektenliebe.com\\\/it\\\/#\\\/schema\\\/logo\\\/image\\\/\",\"url\":\"https:\\\/\\\/insektenliebe.com\\\/wp-content\\\/uploads\\\/2025\\\/03\\\/logo-white.png\",\"contentUrl\":\"https:\\\/\\\/insektenliebe.com\\\/wp-content\\\/uploads\\\/2025\\\/03\\\/logo-white.png\",\"width\":288,\"height\":188,\"caption\":\"Insektenliebe\"},\"image\":{\"@id\":\"https:\\\/\\\/insektenliebe.com\\\/it\\\/#\\\/schema\\\/logo\\\/image\\\/\"}}]}<\/script>\n<!-- \/ Yoast SEO plugin. -->","yoast_head_json":{"title":"Xenobolus carnifex \"Red - Insektenliebe","description":"Xenobolus carnifex \"Red\" - diplopode gigante naturale rosso-marrone proveniente dall'India. Attivo, robusto e ideale per terrari caldi e umidi e per essere tenuto in gruppo.","robots":{"index":"index","follow":"follow","max-snippet":"max-snippet:-1","max-image-preview":"max-image-preview:large","max-video-preview":"max-video-preview:-1"},"canonical":"https:\/\/insektenliebe.com\/it\/shop\/prodotto\/xenobolus-carnifex-red\/","og_locale":"it_IT","og_type":"article","og_title":"Xenobolus carnifex \"Red - Insektenliebe","og_description":"Xenobolus carnifex \"Red\" - diplopode gigante naturale rosso-marrone proveniente dall'India. Attivo, robusto e ideale per terrari caldi e umidi e per essere tenuto in gruppo.","og_url":"https:\/\/insektenliebe.com\/it\/shop\/prodotto\/xenobolus-carnifex-red\/","og_site_name":"Insektenliebe","og_image":[{"width":820,"height":820,"url":"https:\/\/insektenliebe.com\/wp-content\/uploads\/2025\/12\/Xenobolus-carnifex-22Red22.jpg","type":"image\/jpeg"}],"twitter_card":"summary_large_image","twitter_misc":{"Tempo di lettura stimato":"2 minuto"},"schema":{"@context":"https:\/\/schema.org","@graph":[{"@type":"WebPage","@id":"https:\/\/insektenliebe.com\/it\/shop\/prodotto\/xenobolus-carnifex-red\/","url":"https:\/\/insektenliebe.com\/it\/shop\/prodotto\/xenobolus-carnifex-red\/","name":"Xenobolus carnifex \"Red - Insektenliebe","isPartOf":{"@id":"https:\/\/insektenliebe.com\/it\/#website"},"primaryImageOfPage":{"@id":"https:\/\/insektenliebe.com\/it\/shop\/prodotto\/xenobolus-carnifex-red\/#primaryimage"},"image":{"@id":"https:\/\/insektenliebe.com\/it\/shop\/prodotto\/xenobolus-carnifex-red\/#primaryimage"},"thumbnailUrl":"https:\/\/insektenliebe.com\/wp-content\/uploads\/2025\/12\/Xenobolus-carnifex-22Red22.jpg","datePublished":"2025-12-18T14:32:53+00:00","description":"Xenobolus carnifex \"Red\" - diplopode gigante naturale rosso-marrone proveniente dall'India. Attivo, robusto e ideale per terrari caldi e umidi e per essere tenuto in gruppo.","breadcrumb":{"@id":"https:\/\/insektenliebe.com\/it\/shop\/prodotto\/xenobolus-carnifex-red\/#breadcrumb"},"inLanguage":"it-IT","potentialAction":[{"@type":"ReadAction","target":["https:\/\/insektenliebe.com\/it\/shop\/prodotto\/xenobolus-carnifex-red\/"]}]},{"@type":"ImageObject","inLanguage":"it-IT","@id":"https:\/\/insektenliebe.com\/it\/shop\/prodotto\/xenobolus-carnifex-red\/#primaryimage","url":"https:\/\/insektenliebe.com\/wp-content\/uploads\/2025\/12\/Xenobolus-carnifex-22Red22.jpg","contentUrl":"https:\/\/insektenliebe.com\/wp-content\/uploads\/2025\/12\/Xenobolus-carnifex-22Red22.jpg","width":820,"height":820,"caption":"Xenobolus carnifex \"Red"},{"@type":"BreadcrumbList","@id":"https:\/\/insektenliebe.com\/it\/shop\/prodotto\/xenobolus-carnifex-red\/#breadcrumb","itemListElement":[{"@type":"ListItem","position":1,"name":"Startseite","item":"https:\/\/insektenliebe.com\/it\/"},{"@type":"ListItem","position":2,"name":"Negozio","item":"https:\/\/insektenliebe.com\/it\/negozio\/"},{"@type":"ListItem","position":3,"name":"Xenobolus carnifex &#8220;Red"}]},{"@type":"WebSite","@id":"https:\/\/insektenliebe.com\/it\/#website","url":"https:\/\/insektenliebe.com\/it\/","name":"Insektenliebe","description":"Dein Zuhause f\u00fcr die kleinen Lebewesen","publisher":{"@id":"https:\/\/insektenliebe.com\/it\/#organization"},"potentialAction":[{"@type":"SearchAction","target":{"@type":"EntryPoint","urlTemplate":"https:\/\/insektenliebe.com\/it\/?s={search_term_string}"},"query-input":{"@type":"PropertyValueSpecification","valueRequired":true,"valueName":"search_term_string"}}],"inLanguage":"it-IT"},{"@type":"Organization","@id":"https:\/\/insektenliebe.com\/it\/#organization","name":"Insektenliebe","url":"https:\/\/insektenliebe.com\/it\/","logo":{"@type":"ImageObject","inLanguage":"it-IT","@id":"https:\/\/insektenliebe.com\/it\/#\/schema\/logo\/image\/","url":"https:\/\/insektenliebe.com\/wp-content\/uploads\/2025\/03\/logo-white.png","contentUrl":"https:\/\/insektenliebe.com\/wp-content\/uploads\/2025\/03\/logo-white.png","width":288,"height":188,"caption":"Insektenliebe"},"image":{"@id":"https:\/\/insektenliebe.com\/it\/#\/schema\/logo\/image\/"}}]}},"_links":{"self":[{"href":"https:\/\/insektenliebe.com\/it\/wp-json\/wp\/v2\/product\/188928","targetHints":{"allow":["GET"]}}],"collection":[{"href":"https:\/\/insektenliebe.com\/it\/wp-json\/wp\/v2\/product"}],"about":[{"href":"https:\/\/insektenliebe.com\/it\/wp-json\/wp\/v2\/types\/product"}],"wp:featuredmedia":[{"embeddable":true,"href":"https:\/\/insektenliebe.com\/it\/wp-json\/wp\/v2\/media\/188929"}],"wp:attachment":[{"href":"https:\/\/insektenliebe.com\/it\/wp-json\/wp\/v2\/media?parent=188928"}],"wp:term":[{"taxonomy":"product-supplier","embeddable":true,"href":"https:\/\/insektenliebe.com\/it\/wp-json\/wp\/v2\/product-supplier?post=188928"},{"taxonomy":"product_brand","embeddable":true,"href":"https:\/\/insektenliebe.com\/it\/wp-json\/wp\/v2\/product_brand?post=188928"},{"taxonomy":"product_cat","embeddable":true,"href":"https:\/\/insektenliebe.com\/it\/wp-json\/wp\/v2\/product_cat?post=188928"},{"taxonomy":"product_tag","embeddable":true,"href":"https:\/\/insektenliebe.com\/it\/wp-json\/wp\/v2\/product_tag?post=188928"},{"taxonomy":"lce-checkout-addons","embeddable":true,"href":"https:\/\/insektenliebe.com\/it\/wp-json\/wp\/v2\/lce-checkout-addons?post=188928"}],"curies":[{"name":"wp","href":"https:\/\/api.w.org\/{rel}","templated":true}]}}