{"id":188926,"date":"2025-10-21T10:09:29","date_gmt":"2025-10-21T08:09:29","guid":{"rendered":"https:\/\/insektenliebe.com\/shop\/produkt\/eresus-spec-aguert-tamanart\/"},"modified":"2025-10-21T10:09:29","modified_gmt":"2025-10-21T08:09:29","slug":"eresus-spec-aguert-tamanart","status":"publish","type":"product","link":"https:\/\/insektenliebe.com\/it\/shop\/prodotto\/eresus-spec-aguert-tamanart\/","title":{"rendered":"Eresus spec. \"Aguert Tamanart\""},"content":{"rendered":"<h3 class=\"p1\"><span style=\"color: #99cc33\"><strong><span class=\"s1\">Tra pietra e sole: Eresus spec. \"Aguert Tamanart\". <\/span><\/strong><\/span><\/h3>\n<p class=\"p1\"><span class=\"s1\"><strong>Eresus spec. \"Aguert Tamanart\" <\/strong>  proviene dalle regioni calde e rocciose intorno alla Valle di Tamanart, in Marocco. Qui si trovano diverse popolazioni di Eresus, che differiscono leggermente nei colori. Gli animali di questa regione presentano colori particolarmente intensi e disegni chiari. Per questo motivo sono particolarmente apprezzati da molti appassionati.   <\/span><\/p>\n<p class=\"p1\"><span class=\"s1\">Le femmine hanno colori caldi e ricchi e spesso appaiono pi\u00f9 robuste dei maschi. Il carapace pu\u00f2 essere di colore leggermente pi\u00f9 chiaro. Anche le zampe a volte mostrano sfumature di colore tenui. I maschi sono pi\u00f9 piccoli, ma i loro colori sono molto pi\u00f9 contrastanti. Durante la stagione degli amori, i loro colori diventano particolarmente intensi, rendendoli dei veri e propri richiami per gli occhi.    <\/span><\/p>\n<p class=\"p1\"><span class=\"s1\">Come tutti i rappresentanti del genere, anche questa forma locale costruisce ragnatele tubolari stabili. Gli animali costruiscono i loro tubi in un terreno asciutto e leggermente sabbioso, spesso protetto da pietre o radici. Amano sedersi all&#8217;ingresso e osservare pazientemente l&#8217;ambiente circostante. Di conseguenza, si vedono sorprendentemente spesso, anche se sono considerati ragni tubo.   <\/span><\/p>\n<p class=\"p1\"><span class=\"s1\">Per tenerli \u00e8 consigliabile un terrario con un substrato scavabile. Una miscela di humus forestale e sabbia del deserto funziona bene. Pietre, pezzi di sughero o radici forniscono struttura e proteggono la tana. Questa specie preferisce un clima secco con una zona di ritiro leggermente umida. Le temperature ideali sono comprese tra 22 e 27 \u00b0C. Bisogna evitare i ristagni d&#8217;acqua, ma non deve mancare un piccolo recipiente per l&#8217;acqua.     <\/span><\/p>\n<p class=\"p1\"><span class=\"s1\"><strong>Eresus spec. \"Aguert Tamanart\" <\/strong>  \u00e8 robusto e calmo quando viene tenuto. Molti animali siedono visibilmente nel passaggio del tubo e reagiscono con curiosit\u00e0 ai movimenti. Questo rende la specie adatta a chi vuole osservare pi\u00f9 da vicino il comportamento dei ragni tubiformi. I loro colori caldi, la loro origine e il loro tipico stile di vita li rendono un animale speciale per qualsiasi collezione.   <\/span><\/p>\n","protected":false},"excerpt":{"rendered":"<p>Tra pietra e sole: Eresus spec. \"Aguert Tamanart\". Eresus spec. \"Aguert Tamanart\" proviene dalle regioni calde e rocciose intorno alla Valle di Tamanart, in Marocco. Qui si trovano diverse popolazioni di Eresus, che differiscono leggermente nei colori. Gli animali di questa regione presentano colori particolarmente intensi e disegni chiari. Per questo motivo sono particolarmente apprezzati [&hellip;]<\/p>\n","protected":false},"featured_media":187475,"template":"","meta":{"_acf_changed":false},"product-supplier":[],"product_brand":[],"product_cat":[2999],"product_tag":[],"lce-checkout-addons":[2746],"class_list":{"0":"post-188926","1":"product","2":"type-product","3":"status-publish","4":"has-post-thumbnail","6":"product_cat-altri-ragni","7":"product_shipping_class-spedizione-di-animali","8":"pa_geschlecht-indeterminato","9":"pa_herkunft-marocco","10":"pa_kontinent-africa","11":"lce-checkout-addons-imballaggio-invernale","13":"first","14":"instock","15":"taxable","16":"shipping-taxable","17":"purchasable","18":"product-type-variable"},"acf":[],"yoast_head":"<!-- This site is optimized with the Yoast SEO plugin v27.3 - https:\/\/yoast.com\/product\/yoast-seo-wordpress\/ -->\n<title>Eresus spec. &quot;Aguert Tamanart&quot; - Insektenliebe<\/title>\n<meta name=\"description\" content=\"Eresus spec. &quot;Aguert Tamanart&quot; - raro ragno tubiforme marocchino dalla colorazione intensa e dallo stile di vita entusiasmante. Robusto e straordinario!\" \/>\n<meta name=\"robots\" content=\"index, follow, max-snippet:-1, max-image-preview:large, max-video-preview:-1\" \/>\n<link rel=\"canonical\" href=\"https:\/\/insektenliebe.com\/it\/shop\/prodotto\/eresus-spec-aguert-tamanart\/\" \/>\n<meta property=\"og:locale\" content=\"it_IT\" \/>\n<meta property=\"og:type\" content=\"article\" \/>\n<meta property=\"og:title\" content=\"Eresus spec. &quot;Aguert Tamanart&quot; - Insektenliebe\" \/>\n<meta property=\"og:description\" content=\"Eresus spec. &quot;Aguert Tamanart&quot; - raro ragno tubiforme marocchino dalla colorazione intensa e dallo stile di vita entusiasmante. Robusto e straordinario!\" \/>\n<meta property=\"og:url\" content=\"https:\/\/insektenliebe.com\/it\/shop\/prodotto\/eresus-spec-aguert-tamanart\/\" \/>\n<meta property=\"og:site_name\" content=\"Insektenliebe\" \/>\n<meta property=\"og:image\" content=\"https:\/\/insektenliebe.com\/wp-content\/uploads\/2025\/05\/Platzhalter-Foto-2.jpg\" \/>\n\t<meta property=\"og:image:width\" content=\"820\" \/>\n\t<meta property=\"og:image:height\" content=\"820\" \/>\n\t<meta property=\"og:image:type\" content=\"image\/jpeg\" \/>\n<meta name=\"twitter:card\" content=\"summary_large_image\" \/>\n<meta name=\"twitter:label1\" content=\"Tempo di lettura stimato\" \/>\n\t<meta name=\"twitter:data1\" content=\"2 minuto\" \/>\n<script type=\"application\/ld+json\" class=\"yoast-schema-graph\">{\"@context\":\"https:\\\/\\\/schema.org\",\"@graph\":[{\"@type\":\"WebPage\",\"@id\":\"https:\\\/\\\/insektenliebe.com\\\/it\\\/shop\\\/prodotto\\\/eresus-spec-aguert-tamanart\\\/\",\"url\":\"https:\\\/\\\/insektenliebe.com\\\/it\\\/shop\\\/prodotto\\\/eresus-spec-aguert-tamanart\\\/\",\"name\":\"Eresus spec. \\\"Aguert Tamanart\\\" - Insektenliebe\",\"isPartOf\":{\"@id\":\"https:\\\/\\\/insektenliebe.com\\\/it\\\/#website\"},\"primaryImageOfPage\":{\"@id\":\"https:\\\/\\\/insektenliebe.com\\\/it\\\/shop\\\/prodotto\\\/eresus-spec-aguert-tamanart\\\/#primaryimage\"},\"image\":{\"@id\":\"https:\\\/\\\/insektenliebe.com\\\/it\\\/shop\\\/prodotto\\\/eresus-spec-aguert-tamanart\\\/#primaryimage\"},\"thumbnailUrl\":\"https:\\\/\\\/insektenliebe.com\\\/wp-content\\\/uploads\\\/2025\\\/05\\\/Platzhalter-Foto-2.jpg\",\"datePublished\":\"2025-10-21T08:09:29+00:00\",\"description\":\"Eresus spec. \\\"Aguert Tamanart\\\" - raro ragno tubiforme marocchino dalla colorazione intensa e dallo stile di vita entusiasmante. Robusto e straordinario!\",\"breadcrumb\":{\"@id\":\"https:\\\/\\\/insektenliebe.com\\\/it\\\/shop\\\/prodotto\\\/eresus-spec-aguert-tamanart\\\/#breadcrumb\"},\"inLanguage\":\"it-IT\",\"potentialAction\":[{\"@type\":\"ReadAction\",\"target\":[\"https:\\\/\\\/insektenliebe.com\\\/it\\\/shop\\\/prodotto\\\/eresus-spec-aguert-tamanart\\\/\"]}]},{\"@type\":\"ImageObject\",\"inLanguage\":\"it-IT\",\"@id\":\"https:\\\/\\\/insektenliebe.com\\\/it\\\/shop\\\/prodotto\\\/eresus-spec-aguert-tamanart\\\/#primaryimage\",\"url\":\"https:\\\/\\\/insektenliebe.com\\\/wp-content\\\/uploads\\\/2025\\\/05\\\/Platzhalter-Foto-2.jpg\",\"contentUrl\":\"https:\\\/\\\/insektenliebe.com\\\/wp-content\\\/uploads\\\/2025\\\/05\\\/Platzhalter-Foto-2.jpg\",\"width\":820,\"height\":820,\"caption\":\"Segnaposto-Foto-2.jpg\"},{\"@type\":\"BreadcrumbList\",\"@id\":\"https:\\\/\\\/insektenliebe.com\\\/it\\\/shop\\\/prodotto\\\/eresus-spec-aguert-tamanart\\\/#breadcrumb\",\"itemListElement\":[{\"@type\":\"ListItem\",\"position\":1,\"name\":\"Startseite\",\"item\":\"https:\\\/\\\/insektenliebe.com\\\/it\\\/\"},{\"@type\":\"ListItem\",\"position\":2,\"name\":\"Negozio\",\"item\":\"https:\\\/\\\/insektenliebe.com\\\/it\\\/negozio\\\/\"},{\"@type\":\"ListItem\",\"position\":3,\"name\":\"Eresus spec. &#8220;Aguert Tamanart&#8221;\"}]},{\"@type\":\"WebSite\",\"@id\":\"https:\\\/\\\/insektenliebe.com\\\/it\\\/#website\",\"url\":\"https:\\\/\\\/insektenliebe.com\\\/it\\\/\",\"name\":\"Insektenliebe\",\"description\":\"Dein Zuhause f\u00fcr die kleinen Lebewesen\",\"publisher\":{\"@id\":\"https:\\\/\\\/insektenliebe.com\\\/it\\\/#organization\"},\"potentialAction\":[{\"@type\":\"SearchAction\",\"target\":{\"@type\":\"EntryPoint\",\"urlTemplate\":\"https:\\\/\\\/insektenliebe.com\\\/it\\\/?s={search_term_string}\"},\"query-input\":{\"@type\":\"PropertyValueSpecification\",\"valueRequired\":true,\"valueName\":\"search_term_string\"}}],\"inLanguage\":\"it-IT\"},{\"@type\":\"Organization\",\"@id\":\"https:\\\/\\\/insektenliebe.com\\\/it\\\/#organization\",\"name\":\"Insektenliebe\",\"url\":\"https:\\\/\\\/insektenliebe.com\\\/it\\\/\",\"logo\":{\"@type\":\"ImageObject\",\"inLanguage\":\"it-IT\",\"@id\":\"https:\\\/\\\/insektenliebe.com\\\/it\\\/#\\\/schema\\\/logo\\\/image\\\/\",\"url\":\"https:\\\/\\\/insektenliebe.com\\\/wp-content\\\/uploads\\\/2025\\\/03\\\/logo-white.png\",\"contentUrl\":\"https:\\\/\\\/insektenliebe.com\\\/wp-content\\\/uploads\\\/2025\\\/03\\\/logo-white.png\",\"width\":288,\"height\":188,\"caption\":\"Insektenliebe\"},\"image\":{\"@id\":\"https:\\\/\\\/insektenliebe.com\\\/it\\\/#\\\/schema\\\/logo\\\/image\\\/\"}}]}<\/script>\n<!-- \/ Yoast SEO plugin. -->","yoast_head_json":{"title":"Eresus spec. \"Aguert Tamanart\" - Insektenliebe","description":"Eresus spec. \"Aguert Tamanart\" - raro ragno tubiforme marocchino dalla colorazione intensa e dallo stile di vita entusiasmante. Robusto e straordinario!","robots":{"index":"index","follow":"follow","max-snippet":"max-snippet:-1","max-image-preview":"max-image-preview:large","max-video-preview":"max-video-preview:-1"},"canonical":"https:\/\/insektenliebe.com\/it\/shop\/prodotto\/eresus-spec-aguert-tamanart\/","og_locale":"it_IT","og_type":"article","og_title":"Eresus spec. \"Aguert Tamanart\" - Insektenliebe","og_description":"Eresus spec. \"Aguert Tamanart\" - raro ragno tubiforme marocchino dalla colorazione intensa e dallo stile di vita entusiasmante. Robusto e straordinario!","og_url":"https:\/\/insektenliebe.com\/it\/shop\/prodotto\/eresus-spec-aguert-tamanart\/","og_site_name":"Insektenliebe","og_image":[{"width":820,"height":820,"url":"https:\/\/insektenliebe.com\/wp-content\/uploads\/2025\/05\/Platzhalter-Foto-2.jpg","type":"image\/jpeg"}],"twitter_card":"summary_large_image","twitter_misc":{"Tempo di lettura stimato":"2 minuto"},"schema":{"@context":"https:\/\/schema.org","@graph":[{"@type":"WebPage","@id":"https:\/\/insektenliebe.com\/it\/shop\/prodotto\/eresus-spec-aguert-tamanart\/","url":"https:\/\/insektenliebe.com\/it\/shop\/prodotto\/eresus-spec-aguert-tamanart\/","name":"Eresus spec. \"Aguert Tamanart\" - Insektenliebe","isPartOf":{"@id":"https:\/\/insektenliebe.com\/it\/#website"},"primaryImageOfPage":{"@id":"https:\/\/insektenliebe.com\/it\/shop\/prodotto\/eresus-spec-aguert-tamanart\/#primaryimage"},"image":{"@id":"https:\/\/insektenliebe.com\/it\/shop\/prodotto\/eresus-spec-aguert-tamanart\/#primaryimage"},"thumbnailUrl":"https:\/\/insektenliebe.com\/wp-content\/uploads\/2025\/05\/Platzhalter-Foto-2.jpg","datePublished":"2025-10-21T08:09:29+00:00","description":"Eresus spec. \"Aguert Tamanart\" - raro ragno tubiforme marocchino dalla colorazione intensa e dallo stile di vita entusiasmante. Robusto e straordinario!","breadcrumb":{"@id":"https:\/\/insektenliebe.com\/it\/shop\/prodotto\/eresus-spec-aguert-tamanart\/#breadcrumb"},"inLanguage":"it-IT","potentialAction":[{"@type":"ReadAction","target":["https:\/\/insektenliebe.com\/it\/shop\/prodotto\/eresus-spec-aguert-tamanart\/"]}]},{"@type":"ImageObject","inLanguage":"it-IT","@id":"https:\/\/insektenliebe.com\/it\/shop\/prodotto\/eresus-spec-aguert-tamanart\/#primaryimage","url":"https:\/\/insektenliebe.com\/wp-content\/uploads\/2025\/05\/Platzhalter-Foto-2.jpg","contentUrl":"https:\/\/insektenliebe.com\/wp-content\/uploads\/2025\/05\/Platzhalter-Foto-2.jpg","width":820,"height":820,"caption":"Segnaposto-Foto-2.jpg"},{"@type":"BreadcrumbList","@id":"https:\/\/insektenliebe.com\/it\/shop\/prodotto\/eresus-spec-aguert-tamanart\/#breadcrumb","itemListElement":[{"@type":"ListItem","position":1,"name":"Startseite","item":"https:\/\/insektenliebe.com\/it\/"},{"@type":"ListItem","position":2,"name":"Negozio","item":"https:\/\/insektenliebe.com\/it\/negozio\/"},{"@type":"ListItem","position":3,"name":"Eresus spec. &#8220;Aguert Tamanart&#8221;"}]},{"@type":"WebSite","@id":"https:\/\/insektenliebe.com\/it\/#website","url":"https:\/\/insektenliebe.com\/it\/","name":"Insektenliebe","description":"Dein Zuhause f\u00fcr die kleinen Lebewesen","publisher":{"@id":"https:\/\/insektenliebe.com\/it\/#organization"},"potentialAction":[{"@type":"SearchAction","target":{"@type":"EntryPoint","urlTemplate":"https:\/\/insektenliebe.com\/it\/?s={search_term_string}"},"query-input":{"@type":"PropertyValueSpecification","valueRequired":true,"valueName":"search_term_string"}}],"inLanguage":"it-IT"},{"@type":"Organization","@id":"https:\/\/insektenliebe.com\/it\/#organization","name":"Insektenliebe","url":"https:\/\/insektenliebe.com\/it\/","logo":{"@type":"ImageObject","inLanguage":"it-IT","@id":"https:\/\/insektenliebe.com\/it\/#\/schema\/logo\/image\/","url":"https:\/\/insektenliebe.com\/wp-content\/uploads\/2025\/03\/logo-white.png","contentUrl":"https:\/\/insektenliebe.com\/wp-content\/uploads\/2025\/03\/logo-white.png","width":288,"height":188,"caption":"Insektenliebe"},"image":{"@id":"https:\/\/insektenliebe.com\/it\/#\/schema\/logo\/image\/"}}]}},"_links":{"self":[{"href":"https:\/\/insektenliebe.com\/it\/wp-json\/wp\/v2\/product\/188926","targetHints":{"allow":["GET"]}}],"collection":[{"href":"https:\/\/insektenliebe.com\/it\/wp-json\/wp\/v2\/product"}],"about":[{"href":"https:\/\/insektenliebe.com\/it\/wp-json\/wp\/v2\/types\/product"}],"wp:featuredmedia":[{"embeddable":true,"href":"https:\/\/insektenliebe.com\/it\/wp-json\/wp\/v2\/media\/187475"}],"wp:attachment":[{"href":"https:\/\/insektenliebe.com\/it\/wp-json\/wp\/v2\/media?parent=188926"}],"wp:term":[{"taxonomy":"product-supplier","embeddable":true,"href":"https:\/\/insektenliebe.com\/it\/wp-json\/wp\/v2\/product-supplier?post=188926"},{"taxonomy":"product_brand","embeddable":true,"href":"https:\/\/insektenliebe.com\/it\/wp-json\/wp\/v2\/product_brand?post=188926"},{"taxonomy":"product_cat","embeddable":true,"href":"https:\/\/insektenliebe.com\/it\/wp-json\/wp\/v2\/product_cat?post=188926"},{"taxonomy":"product_tag","embeddable":true,"href":"https:\/\/insektenliebe.com\/it\/wp-json\/wp\/v2\/product_tag?post=188926"},{"taxonomy":"lce-checkout-addons","embeddable":true,"href":"https:\/\/insektenliebe.com\/it\/wp-json\/wp\/v2\/lce-checkout-addons?post=188926"}],"curies":[{"name":"wp","href":"https:\/\/api.w.org\/{rel}","templated":true}]}}