{"id":188923,"date":"2025-06-26T16:51:06","date_gmt":"2025-06-26T14:51:06","guid":{"rendered":"https:\/\/insektenliebe.com\/shop\/produkt\/hysterocrates-crassipes\/"},"modified":"2026-03-06T18:30:10","modified_gmt":"2026-03-06T17:30:10","slug":"hysterocrates-crassipes","status":"publish","type":"product","link":"https:\/\/insektenliebe.com\/it\/shop\/prodotto\/hysterocrates-crassipes\/","title":{"rendered":"Hysterocrates crassipes"},"content":{"rendered":"<h3 class=\"p1\"><span style=\"color: #99cc33;\"><strong><span class=\"s1\">Hysterocrates crassipes: l&#8217;affascinante scavatrice gigante nel terrario<\/span><\/strong><\/span><\/h3>\n<p class=\"p1\"><strong><span class=\"s1\">Hysterocrates crassipes<\/span><\/strong><span class=\"s2\">  \u00e8 una delle tarantole terrestri pi\u00f9 impressionanti dell&#8217;Africa occidentale. Appare massiccia, potente e allo stesso tempo sorprendentemente calma. Particolarmente impressionanti sono le sue forti zampe, che utilizza in modo eccellente per scavare. Possiede anche il     <\/span><span class=\"s3\">Isterocrate<\/span><span class=\"s2\">-Questa specie ha un aspetto caratteristico. Molti allevatori amano questa specie perch\u00e9 offre un mix di dimensioni, compostezza e comportamenti naturali che si possono osservare ogni giorno. <\/span><\/p>\n<p class=\"p1\"><span class=\"s2\">Questa tarantola costruisce profonde tane in natura e vi trascorre gran parte della giornata. Questo \u00e8 esattamente lo stesso comportamento che mostra nel terrario. Scava con passione e forma tunnel complessi che spesso sono sorprendentemente stabili. In questo modo il terrario sembra un piccolo modello di natura che viene costantemente sviluppato. Quando esce dal tubo la sera, per\u00f2, ama mostrarsi e si muove tranquillamente nel suo territorio. Il suo corpo \u00e8 di colore marrone scuro o nero, con i segmenti delle zampe che spesso brillano leggermente di bronzo.     <\/span><\/p>\n<p class=\"p1\"><span class=\"s2\">Un terrario di 30 \u00d7 30 \u00d7 30 cm \u00e8 adatto per tenerli. Poich\u00e9 scava molto, un substrato profondo \u00e8 fondamentale. Un&#8217;altezza di 15-20 cm di humus forestale, preferibilmente mescolato con un po&#8217; di sabbia del deserto, permette di creare tubi stabili. Un tubo di sughero o un pezzo di legno di radice costituiscono il punto di partenza per la struttura della tana. Non appena si sar\u00e0 insediata, costruir\u00e0 da sola il resto dell&#8217;area di vita. Il clima pu\u00f2 essere caldo e leggermente umido. Durante il giorno sono sufficienti 25-27 \u00b0C, mentre di notte 20-22 \u00b0C. L&#8217;umidit\u00e0 dovrebbe essere compresa tra il 70 e l&#8217;80%. Una nebulizzazione occasionale in un angolo manterr\u00e0 il terrario costante senza che si bagni troppo. \u00c8 necessario offrire sempre un piatto d&#8217;acqua.         <\/span><\/p>\n<p class=\"p1\"><span class=\"s2\">Il cibo mostra <strong><span class=\"s1\">Hysterocrates crassipes<\/span><\/strong><\/span><span class=\"s2\">  molto semplice. Mangia bene e accetta quasi tutte le prede adatte. Grilli, scarafaggi o grilli sono del tutto sufficienti. Grazie alla sua natura calma, non sembra aggressivo, ma se disturbato difende con decisione il suo tubo. Tuttavia, rimane molto pi\u00f9 rilassato di molte specie africane.    <\/span><\/p>\n<p class=\"p1\"><span class=\"s2\">\u00c8 adatta ai principianti, a patto che si rispetti il suo stile di vita da tana e si allestisca un terrario stabile. Se stai cercando una tarantola che mostri un comportamento naturale da tana e allo stesso tempo sia facile da osservare, la troverai in <strong><span class=\"s1\">Hysterocrates crassipes<\/span><\/strong> <\/span><span class=\"s2\">  un modo meraviglioso, pieno di forza e di calma.<\/span><\/p>\n","protected":false},"excerpt":{"rendered":"<p>Hysterocrates crassipes: l&#8217;affascinante scavatrice gigante nel terrario Hysterocrates crassipes \u00e8 una delle tarantole terrestri pi\u00f9 impressionanti dell&#8217;Africa occidentale. Appare massiccia, potente e allo stesso tempo sorprendentemente calma. Particolarmente impressionanti sono le sue forti zampe, che utilizza in modo eccellente per scavare. Possiede anche il Isterocrate-Questa specie ha un aspetto caratteristico. Molti allevatori amano questa specie [&hellip;]<\/p>\n","protected":false},"featured_media":0,"template":"","meta":{"_acf_changed":false},"product-supplier":[],"product_brand":[],"product_cat":[3004],"product_tag":[],"lce-checkout-addons":[2746],"class_list":{"0":"post-188923","1":"product","2":"type-product","3":"status-publish","5":"product_cat-tarantole","6":"product_shipping_class-spedizione-di-animali","7":"pa_geschlecht-donna","8":"pa_geschlecht-indeterminato","9":"pa_geschlecht-uomo","10":"pa_herkunft-camerun","11":"pa_kontinent-africa","12":"lce-checkout-addons-imballaggio-invernale","14":"first","15":"instock","16":"sale","17":"taxable","18":"shipping-taxable","19":"purchasable","20":"product-type-variable"},"acf":[],"yoast_head":"<!-- This site is optimized with the Yoast SEO plugin v27.3 - https:\/\/yoast.com\/product\/yoast-seo-wordpress\/ -->\n<title>Hysterocrates crassipes - Insektenliebe<\/title>\n<meta name=\"description\" content=\"Hysterocrates crassipes, la tarantola dell&#039;Africa occidentale, silenziosa e amante delle tane. Ideale per gli allevatori che amano l&#039;attivit\u00e0 naturale di tana e le dimensioni impressionanti.\" \/>\n<meta name=\"robots\" content=\"index, follow, max-snippet:-1, max-image-preview:large, max-video-preview:-1\" \/>\n<link rel=\"canonical\" href=\"https:\/\/insektenliebe.com\/it\/shop\/prodotto\/hysterocrates-crassipes\/\" \/>\n<meta property=\"og:locale\" content=\"it_IT\" \/>\n<meta property=\"og:type\" content=\"article\" \/>\n<meta property=\"og:title\" content=\"Hysterocrates crassipes - Insektenliebe\" \/>\n<meta property=\"og:description\" content=\"Hysterocrates crassipes, la tarantola dell&#039;Africa occidentale, silenziosa e amante delle tane. Ideale per gli allevatori che amano l&#039;attivit\u00e0 naturale di tana e le dimensioni impressionanti.\" \/>\n<meta property=\"og:url\" content=\"https:\/\/insektenliebe.com\/it\/shop\/prodotto\/hysterocrates-crassipes\/\" \/>\n<meta property=\"og:site_name\" content=\"Insektenliebe\" \/>\n<meta property=\"article:modified_time\" content=\"2026-03-06T17:30:10+00:00\" \/>\n<meta name=\"twitter:card\" content=\"summary_large_image\" \/>\n<meta name=\"twitter:label1\" content=\"Tempo di lettura stimato\" \/>\n\t<meta name=\"twitter:data1\" content=\"2 minuto\" \/>\n<script type=\"application\/ld+json\" class=\"yoast-schema-graph\">{\"@context\":\"https:\\\/\\\/schema.org\",\"@graph\":[{\"@type\":\"WebPage\",\"@id\":\"https:\\\/\\\/insektenliebe.com\\\/it\\\/shop\\\/prodotto\\\/hysterocrates-crassipes\\\/\",\"url\":\"https:\\\/\\\/insektenliebe.com\\\/it\\\/shop\\\/prodotto\\\/hysterocrates-crassipes\\\/\",\"name\":\"Hysterocrates crassipes - Insektenliebe\",\"isPartOf\":{\"@id\":\"https:\\\/\\\/insektenliebe.com\\\/it\\\/#website\"},\"datePublished\":\"2025-06-26T14:51:06+00:00\",\"dateModified\":\"2026-03-06T17:30:10+00:00\",\"description\":\"Hysterocrates crassipes, la tarantola dell'Africa occidentale, silenziosa e amante delle tane. Ideale per gli allevatori che amano l'attivit\u00e0 naturale di tana e le dimensioni impressionanti.\",\"breadcrumb\":{\"@id\":\"https:\\\/\\\/insektenliebe.com\\\/it\\\/shop\\\/prodotto\\\/hysterocrates-crassipes\\\/#breadcrumb\"},\"inLanguage\":\"it-IT\",\"potentialAction\":[{\"@type\":\"ReadAction\",\"target\":[\"https:\\\/\\\/insektenliebe.com\\\/it\\\/shop\\\/prodotto\\\/hysterocrates-crassipes\\\/\"]}]},{\"@type\":\"BreadcrumbList\",\"@id\":\"https:\\\/\\\/insektenliebe.com\\\/it\\\/shop\\\/prodotto\\\/hysterocrates-crassipes\\\/#breadcrumb\",\"itemListElement\":[{\"@type\":\"ListItem\",\"position\":1,\"name\":\"Startseite\",\"item\":\"https:\\\/\\\/insektenliebe.com\\\/it\\\/\"},{\"@type\":\"ListItem\",\"position\":2,\"name\":\"Negozio\",\"item\":\"https:\\\/\\\/insektenliebe.com\\\/it\\\/negozio\\\/\"},{\"@type\":\"ListItem\",\"position\":3,\"name\":\"Hysterocrates crassipes\"}]},{\"@type\":\"WebSite\",\"@id\":\"https:\\\/\\\/insektenliebe.com\\\/it\\\/#website\",\"url\":\"https:\\\/\\\/insektenliebe.com\\\/it\\\/\",\"name\":\"Insektenliebe\",\"description\":\"Dein Zuhause f\u00fcr die kleinen Lebewesen\",\"publisher\":{\"@id\":\"https:\\\/\\\/insektenliebe.com\\\/it\\\/#organization\"},\"potentialAction\":[{\"@type\":\"SearchAction\",\"target\":{\"@type\":\"EntryPoint\",\"urlTemplate\":\"https:\\\/\\\/insektenliebe.com\\\/it\\\/?s={search_term_string}\"},\"query-input\":{\"@type\":\"PropertyValueSpecification\",\"valueRequired\":true,\"valueName\":\"search_term_string\"}}],\"inLanguage\":\"it-IT\"},{\"@type\":\"Organization\",\"@id\":\"https:\\\/\\\/insektenliebe.com\\\/it\\\/#organization\",\"name\":\"Insektenliebe\",\"url\":\"https:\\\/\\\/insektenliebe.com\\\/it\\\/\",\"logo\":{\"@type\":\"ImageObject\",\"inLanguage\":\"it-IT\",\"@id\":\"https:\\\/\\\/insektenliebe.com\\\/it\\\/#\\\/schema\\\/logo\\\/image\\\/\",\"url\":\"https:\\\/\\\/insektenliebe.com\\\/wp-content\\\/uploads\\\/2025\\\/03\\\/logo-white.png\",\"contentUrl\":\"https:\\\/\\\/insektenliebe.com\\\/wp-content\\\/uploads\\\/2025\\\/03\\\/logo-white.png\",\"width\":288,\"height\":188,\"caption\":\"Insektenliebe\"},\"image\":{\"@id\":\"https:\\\/\\\/insektenliebe.com\\\/it\\\/#\\\/schema\\\/logo\\\/image\\\/\"}}]}<\/script>\n<!-- \/ Yoast SEO plugin. -->","yoast_head_json":{"title":"Hysterocrates crassipes - Insektenliebe","description":"Hysterocrates crassipes, la tarantola dell'Africa occidentale, silenziosa e amante delle tane. Ideale per gli allevatori che amano l'attivit\u00e0 naturale di tana e le dimensioni impressionanti.","robots":{"index":"index","follow":"follow","max-snippet":"max-snippet:-1","max-image-preview":"max-image-preview:large","max-video-preview":"max-video-preview:-1"},"canonical":"https:\/\/insektenliebe.com\/it\/shop\/prodotto\/hysterocrates-crassipes\/","og_locale":"it_IT","og_type":"article","og_title":"Hysterocrates crassipes - Insektenliebe","og_description":"Hysterocrates crassipes, la tarantola dell'Africa occidentale, silenziosa e amante delle tane. Ideale per gli allevatori che amano l'attivit\u00e0 naturale di tana e le dimensioni impressionanti.","og_url":"https:\/\/insektenliebe.com\/it\/shop\/prodotto\/hysterocrates-crassipes\/","og_site_name":"Insektenliebe","article_modified_time":"2026-03-06T17:30:10+00:00","twitter_card":"summary_large_image","twitter_misc":{"Tempo di lettura stimato":"2 minuto"},"schema":{"@context":"https:\/\/schema.org","@graph":[{"@type":"WebPage","@id":"https:\/\/insektenliebe.com\/it\/shop\/prodotto\/hysterocrates-crassipes\/","url":"https:\/\/insektenliebe.com\/it\/shop\/prodotto\/hysterocrates-crassipes\/","name":"Hysterocrates crassipes - Insektenliebe","isPartOf":{"@id":"https:\/\/insektenliebe.com\/it\/#website"},"datePublished":"2025-06-26T14:51:06+00:00","dateModified":"2026-03-06T17:30:10+00:00","description":"Hysterocrates crassipes, la tarantola dell'Africa occidentale, silenziosa e amante delle tane. Ideale per gli allevatori che amano l'attivit\u00e0 naturale di tana e le dimensioni impressionanti.","breadcrumb":{"@id":"https:\/\/insektenliebe.com\/it\/shop\/prodotto\/hysterocrates-crassipes\/#breadcrumb"},"inLanguage":"it-IT","potentialAction":[{"@type":"ReadAction","target":["https:\/\/insektenliebe.com\/it\/shop\/prodotto\/hysterocrates-crassipes\/"]}]},{"@type":"BreadcrumbList","@id":"https:\/\/insektenliebe.com\/it\/shop\/prodotto\/hysterocrates-crassipes\/#breadcrumb","itemListElement":[{"@type":"ListItem","position":1,"name":"Startseite","item":"https:\/\/insektenliebe.com\/it\/"},{"@type":"ListItem","position":2,"name":"Negozio","item":"https:\/\/insektenliebe.com\/it\/negozio\/"},{"@type":"ListItem","position":3,"name":"Hysterocrates crassipes"}]},{"@type":"WebSite","@id":"https:\/\/insektenliebe.com\/it\/#website","url":"https:\/\/insektenliebe.com\/it\/","name":"Insektenliebe","description":"Dein Zuhause f\u00fcr die kleinen Lebewesen","publisher":{"@id":"https:\/\/insektenliebe.com\/it\/#organization"},"potentialAction":[{"@type":"SearchAction","target":{"@type":"EntryPoint","urlTemplate":"https:\/\/insektenliebe.com\/it\/?s={search_term_string}"},"query-input":{"@type":"PropertyValueSpecification","valueRequired":true,"valueName":"search_term_string"}}],"inLanguage":"it-IT"},{"@type":"Organization","@id":"https:\/\/insektenliebe.com\/it\/#organization","name":"Insektenliebe","url":"https:\/\/insektenliebe.com\/it\/","logo":{"@type":"ImageObject","inLanguage":"it-IT","@id":"https:\/\/insektenliebe.com\/it\/#\/schema\/logo\/image\/","url":"https:\/\/insektenliebe.com\/wp-content\/uploads\/2025\/03\/logo-white.png","contentUrl":"https:\/\/insektenliebe.com\/wp-content\/uploads\/2025\/03\/logo-white.png","width":288,"height":188,"caption":"Insektenliebe"},"image":{"@id":"https:\/\/insektenliebe.com\/it\/#\/schema\/logo\/image\/"}}]}},"_links":{"self":[{"href":"https:\/\/insektenliebe.com\/it\/wp-json\/wp\/v2\/product\/188923","targetHints":{"allow":["GET"]}}],"collection":[{"href":"https:\/\/insektenliebe.com\/it\/wp-json\/wp\/v2\/product"}],"about":[{"href":"https:\/\/insektenliebe.com\/it\/wp-json\/wp\/v2\/types\/product"}],"wp:attachment":[{"href":"https:\/\/insektenliebe.com\/it\/wp-json\/wp\/v2\/media?parent=188923"}],"wp:term":[{"taxonomy":"product-supplier","embeddable":true,"href":"https:\/\/insektenliebe.com\/it\/wp-json\/wp\/v2\/product-supplier?post=188923"},{"taxonomy":"product_brand","embeddable":true,"href":"https:\/\/insektenliebe.com\/it\/wp-json\/wp\/v2\/product_brand?post=188923"},{"taxonomy":"product_cat","embeddable":true,"href":"https:\/\/insektenliebe.com\/it\/wp-json\/wp\/v2\/product_cat?post=188923"},{"taxonomy":"product_tag","embeddable":true,"href":"https:\/\/insektenliebe.com\/it\/wp-json\/wp\/v2\/product_tag?post=188923"},{"taxonomy":"lce-checkout-addons","embeddable":true,"href":"https:\/\/insektenliebe.com\/it\/wp-json\/wp\/v2\/lce-checkout-addons?post=188923"}],"curies":[{"name":"wp","href":"https:\/\/api.w.org\/{rel}","templated":true}]}}