{"id":188910,"date":"2026-02-12T17:38:41","date_gmt":"2026-02-12T16:38:41","guid":{"rendered":"https:\/\/insektenliebe.com\/shop\/produkt\/legno-della-corona\/"},"modified":"2026-03-10T20:43:28","modified_gmt":"2026-03-10T19:43:28","slug":"legno-della-corona","status":"publish","type":"product","link":"https:\/\/insektenliebe.com\/it\/shop\/prodotto\/legno-della-corona\/","title":{"rendered":"Legno della Corona"},"content":{"rendered":"<h3 class=\"p1\"><span style=\"color: #99cc33\"><strong><span class=\"s1\">Il legno della corona: pi\u00f9 struttura, pi\u00f9 vita nel terrario<\/span><\/strong><\/span><\/h3>\n<p class=\"p1\"><strong><span class=\"s1\">Il legno della corona<\/span><\/strong><span class=\"s2\"> \u00e8 un vero e proprio punto di forza naturale per il tuo terrario, perch\u00e9 ogni pezzo \u00e8 realizzato in solido legno di radice cresciuto naturalmente. <\/span><span class=\"s1\">legno di radice<\/span><span class=\"s2\"> e fornisce esattamente ci\u00f2 di cui molti animali hanno bisogno <\/span><span class=\"s1\">e<\/span><span class=\"s2\">  Uso attivo. Grazie alla sua forma particolare, offre profondit\u00e0, struttura e un&#8217;ottima qualit\u00e0 di vita.   <\/span><span class=\"s1\">e<\/span><span class=\"s2\">  numerosi ritiri, ma allo stesso tempo non ci sono due pezzi uguali. Ogni <strong><span class=\"s1\">Corona di Legno <\/span><\/strong>\u00e8 quindi un pezzo unico con una propria storia. <\/span><\/p>\n<p class=\"p1\"><span class=\"s2\">La superficie nodosa, a volte quasi scultorea, \u00e8 il risultato di decenni di crescita nel terreno, <\/span><span class=\"s1\">che<\/span><span class=\"s2\"> cavit\u00e0 naturali, tasche e <\/span><span class=\"s1\">e<\/span><span class=\"s2\">  formano dei passaggi. Sono proprio queste strutture a renderla cos\u00ec preziosa per la terraristica, perch\u00e9 ragni, scorpioni, cocciniglie   <\/span><span class=\"s1\">e<\/span><span class=\"s2\"> Gli insetti amano utilizzare le cavit\u00e0 come nascondigli <\/span><span class=\"s1\">o<\/span><span class=\"s2\">  come luogo di riposo. Allo stesso tempo, vengono create posizioni di seduta rialzate,   <\/span><span class=\"s1\">in modo che<\/span><span class=\"s2\"> il bosco \u00e8 ideale anche come punto di osservazione o di caccia.<\/span><\/p>\n<p class=\"p1\"><span class=\"s2\"><strong>Crown Wood<\/strong> \u00e8 anche visivamente impressionante, in quanto la combinazione di colori della terra si fonde perfettamente con il deserto e con il paesaggio circostante. <\/span><span class=\"s1\">e<\/span><span class=\"s2\"> biotopi della savana, <\/span><span class=\"s1\">ma<\/span><span class=\"s2\">  funziona altrettanto bene negli allestimenti tropicali. Nei terrari piantumati, il legno pu\u00f2 essere idealmente combinato con muschi, felci   <\/span><span class=\"s1\">o<\/span><span class=\"s2\">  Combina le piante perenni per creare un&#8217;impressione generale molto naturale. In questo modo non solo la piscina avr\u00e0 un aspetto pi\u00f9 strutturato,   <\/span><span class=\"s1\">ma<\/span><span class=\"s2\"> anche pi\u00f9 vivace.<\/span><\/p>\n<p class=\"p1\"><span class=\"s2\">Uno dei principali vantaggi del <strong>Crown Wood<\/strong> \u00e8 la sua elevata <\/span><span class=\"s1\">stabilit\u00e0<\/span><span class=\"s2\">perch\u00e9 il legno \u00e8 denso, pesante <\/span><span class=\"s1\">e<\/span><span class=\"s2\">  si appoggia saldamente nel terrario. In questo modo non scivola quasi mai, anche quando gli animali scavano.   <\/span><span class=\"s1\">o<\/span><span class=\"s2\">  arrampicata. Molti allevatori lo usano proprio per creare dislivelli.   <\/span><span class=\"s1\">o<\/span><span class=\"s2\"> barriere visive, in quanto ci\u00f2 garantisce una maggiore tranquillit\u00e0, soprattutto per le specie territoriali.<\/span><\/p>\n<p class=\"p1\"><span class=\"s2\">Per le cocciniglie <strong><span class=\"s1\">Il legno a corona<\/span><\/strong> offre ulteriori vantaggi perch\u00e9 l&#8217;umidit\u00e0 si raccoglie nelle cavit\u00e0, <\/span><span class=\"s1\">mentre<\/span><span class=\"s2\">  le superfici rimangono asciutte. In questo modo si creano automaticamente microclimi ideali per molte specie. Anche le tarantole ne traggono vantaggio, in quanto possono percorrere distanze maggiori.    <\/span><span class=\"s1\">e<\/span><span class=\"s2\"> ritiri sicuri.<\/span><\/p>\n<p class=\"p1\"><span class=\"s2\"><strong><span class=\"s1\">Il legno della corona <\/span><\/strong>non \u00e8 trattato <\/span><span class=\"s1\">e<\/span><span class=\"s2\">  finitura naturale. \u00c8 sufficiente sciacquare brevemente il legno con acqua prima dell&#8217;uso,   <\/span><span class=\"s1\">in seguito<\/span><span class=\"s2\">  pu\u00f2 essere utilizzato direttamente. Grazie alla sua struttura naturale, si integra immediatamente in modo armonioso nella piscina.   <\/span><span class=\"s1\">e<\/span><span class=\"s2\"> non sembra mai artificiale.<\/span><\/p>\n<p class=\"p1\"><span class=\"s1\"><strong>Il Crown Wood<\/strong> non \u00e8 quindi solo una decorazione, ma anche una fonte di struttura, un luogo di ritiro e un&#8217;attrazione per gli occhi - ed \u00e8 proprio questo che lo rende cos\u00ec speciale.<\/span><\/p>\n","protected":false},"excerpt":{"rendered":"<p>Il legno della corona: pi\u00f9 struttura, pi\u00f9 vita nel terrario Il legno della corona \u00e8 un vero e proprio punto di forza naturale per il tuo terrario, perch\u00e9 ogni pezzo \u00e8 realizzato in solido legno di radice cresciuto naturalmente. legno di radice e fornisce esattamente ci\u00f2 di cui molti animali hanno bisogno e Uso attivo. [&hellip;]<\/p>\n","protected":false},"featured_media":188912,"template":"","meta":{"_acf_changed":false},"product-supplier":[2555],"product_brand":[2739],"product_cat":[2740],"product_tag":[],"lce-checkout-addons":[],"class_list":{"0":"post-188910","1":"product","2":"type-product","3":"status-publish","4":"has-post-thumbnail","6":"product_brand-hobby-terraristica","7":"product_cat-arredamento-e-decorazione","8":"product_shipping_class-equipment-shipping","10":"first","11":"instock","12":"taxable","13":"shipping-taxable","14":"purchasable","15":"product-type-variable"},"acf":[],"yoast_head":"<!-- This site is optimized with the Yoast SEO plugin v27.3 - https:\/\/yoast.com\/product\/yoast-seo-wordpress\/ -->\n<title>Legno della Corona - Insektenliebe<\/title>\n<meta name=\"description\" content=\"Crown Wood - legno naturale strutturato per terrari. Ideale per arrampicarsi, nascondersi e creare arredi dall&#039;aspetto naturale con piante appollaiate.\" \/>\n<meta name=\"robots\" content=\"index, follow, max-snippet:-1, max-image-preview:large, max-video-preview:-1\" \/>\n<link rel=\"canonical\" href=\"https:\/\/insektenliebe.com\/it\/shop\/prodotto\/legno-della-corona\/\" \/>\n<meta property=\"og:locale\" content=\"it_IT\" \/>\n<meta property=\"og:type\" content=\"article\" \/>\n<meta property=\"og:title\" content=\"Legno della Corona - Insektenliebe\" \/>\n<meta property=\"og:description\" content=\"Crown Wood - legno naturale strutturato per terrari. Ideale per arrampicarsi, nascondersi e creare arredi dall&#039;aspetto naturale con piante appollaiate.\" \/>\n<meta property=\"og:url\" content=\"https:\/\/insektenliebe.com\/it\/shop\/prodotto\/legno-della-corona\/\" \/>\n<meta property=\"og:site_name\" content=\"Insektenliebe\" \/>\n<meta property=\"article:modified_time\" content=\"2026-03-10T19:43:28+00:00\" \/>\n<meta property=\"og:image\" content=\"https:\/\/insektenliebe.com\/wp-content\/uploads\/2026\/02\/Crown-Wood-Terrarium.jpg\" \/>\n\t<meta property=\"og:image:width\" content=\"820\" \/>\n\t<meta property=\"og:image:height\" content=\"820\" \/>\n\t<meta property=\"og:image:type\" content=\"image\/jpeg\" \/>\n<meta name=\"twitter:card\" content=\"summary_large_image\" \/>\n<meta name=\"twitter:label1\" content=\"Tempo di lettura stimato\" \/>\n\t<meta name=\"twitter:data1\" content=\"2 minuto\" \/>\n<script type=\"application\/ld+json\" class=\"yoast-schema-graph\">{\"@context\":\"https:\\\/\\\/schema.org\",\"@graph\":[{\"@type\":\"WebPage\",\"@id\":\"https:\\\/\\\/insektenliebe.com\\\/it\\\/shop\\\/prodotto\\\/legno-della-corona\\\/\",\"url\":\"https:\\\/\\\/insektenliebe.com\\\/it\\\/shop\\\/prodotto\\\/legno-della-corona\\\/\",\"name\":\"Legno della Corona - Insektenliebe\",\"isPartOf\":{\"@id\":\"https:\\\/\\\/insektenliebe.com\\\/it\\\/#website\"},\"primaryImageOfPage\":{\"@id\":\"https:\\\/\\\/insektenliebe.com\\\/it\\\/shop\\\/prodotto\\\/legno-della-corona\\\/#primaryimage\"},\"image\":{\"@id\":\"https:\\\/\\\/insektenliebe.com\\\/it\\\/shop\\\/prodotto\\\/legno-della-corona\\\/#primaryimage\"},\"thumbnailUrl\":\"https:\\\/\\\/insektenliebe.com\\\/wp-content\\\/uploads\\\/2026\\\/02\\\/Crown-Wood-Terrarium.jpg\",\"datePublished\":\"2026-02-12T16:38:41+00:00\",\"dateModified\":\"2026-03-10T19:43:28+00:00\",\"description\":\"Crown Wood - legno naturale strutturato per terrari. Ideale per arrampicarsi, nascondersi e creare arredi dall'aspetto naturale con piante appollaiate.\",\"breadcrumb\":{\"@id\":\"https:\\\/\\\/insektenliebe.com\\\/it\\\/shop\\\/prodotto\\\/legno-della-corona\\\/#breadcrumb\"},\"inLanguage\":\"it-IT\",\"potentialAction\":[{\"@type\":\"ReadAction\",\"target\":[\"https:\\\/\\\/insektenliebe.com\\\/it\\\/shop\\\/prodotto\\\/legno-della-corona\\\/\"]}]},{\"@type\":\"ImageObject\",\"inLanguage\":\"it-IT\",\"@id\":\"https:\\\/\\\/insektenliebe.com\\\/it\\\/shop\\\/prodotto\\\/legno-della-corona\\\/#primaryimage\",\"url\":\"https:\\\/\\\/insektenliebe.com\\\/wp-content\\\/uploads\\\/2026\\\/02\\\/Crown-Wood-Terrarium.jpg\",\"contentUrl\":\"https:\\\/\\\/insektenliebe.com\\\/wp-content\\\/uploads\\\/2026\\\/02\\\/Crown-Wood-Terrarium.jpg\",\"width\":820,\"height\":820,\"caption\":\"Terrario in legno Crown\"},{\"@type\":\"BreadcrumbList\",\"@id\":\"https:\\\/\\\/insektenliebe.com\\\/it\\\/shop\\\/prodotto\\\/legno-della-corona\\\/#breadcrumb\",\"itemListElement\":[{\"@type\":\"ListItem\",\"position\":1,\"name\":\"Startseite\",\"item\":\"https:\\\/\\\/insektenliebe.com\\\/it\\\/\"},{\"@type\":\"ListItem\",\"position\":2,\"name\":\"Negozio\",\"item\":\"https:\\\/\\\/insektenliebe.com\\\/it\\\/negozio\\\/\"},{\"@type\":\"ListItem\",\"position\":3,\"name\":\"Legno della Corona\"}]},{\"@type\":\"WebSite\",\"@id\":\"https:\\\/\\\/insektenliebe.com\\\/it\\\/#website\",\"url\":\"https:\\\/\\\/insektenliebe.com\\\/it\\\/\",\"name\":\"Insektenliebe\",\"description\":\"Dein Zuhause f\u00fcr die kleinen Lebewesen\",\"publisher\":{\"@id\":\"https:\\\/\\\/insektenliebe.com\\\/it\\\/#organization\"},\"potentialAction\":[{\"@type\":\"SearchAction\",\"target\":{\"@type\":\"EntryPoint\",\"urlTemplate\":\"https:\\\/\\\/insektenliebe.com\\\/it\\\/?s={search_term_string}\"},\"query-input\":{\"@type\":\"PropertyValueSpecification\",\"valueRequired\":true,\"valueName\":\"search_term_string\"}}],\"inLanguage\":\"it-IT\"},{\"@type\":\"Organization\",\"@id\":\"https:\\\/\\\/insektenliebe.com\\\/it\\\/#organization\",\"name\":\"Insektenliebe\",\"url\":\"https:\\\/\\\/insektenliebe.com\\\/it\\\/\",\"logo\":{\"@type\":\"ImageObject\",\"inLanguage\":\"it-IT\",\"@id\":\"https:\\\/\\\/insektenliebe.com\\\/it\\\/#\\\/schema\\\/logo\\\/image\\\/\",\"url\":\"https:\\\/\\\/insektenliebe.com\\\/wp-content\\\/uploads\\\/2025\\\/03\\\/logo-white.png\",\"contentUrl\":\"https:\\\/\\\/insektenliebe.com\\\/wp-content\\\/uploads\\\/2025\\\/03\\\/logo-white.png\",\"width\":288,\"height\":188,\"caption\":\"Insektenliebe\"},\"image\":{\"@id\":\"https:\\\/\\\/insektenliebe.com\\\/it\\\/#\\\/schema\\\/logo\\\/image\\\/\"}}]}<\/script>\n<!-- \/ Yoast SEO plugin. -->","yoast_head_json":{"title":"Legno della Corona - Insektenliebe","description":"Crown Wood - legno naturale strutturato per terrari. Ideale per arrampicarsi, nascondersi e creare arredi dall'aspetto naturale con piante appollaiate.","robots":{"index":"index","follow":"follow","max-snippet":"max-snippet:-1","max-image-preview":"max-image-preview:large","max-video-preview":"max-video-preview:-1"},"canonical":"https:\/\/insektenliebe.com\/it\/shop\/prodotto\/legno-della-corona\/","og_locale":"it_IT","og_type":"article","og_title":"Legno della Corona - Insektenliebe","og_description":"Crown Wood - legno naturale strutturato per terrari. Ideale per arrampicarsi, nascondersi e creare arredi dall'aspetto naturale con piante appollaiate.","og_url":"https:\/\/insektenliebe.com\/it\/shop\/prodotto\/legno-della-corona\/","og_site_name":"Insektenliebe","article_modified_time":"2026-03-10T19:43:28+00:00","og_image":[{"width":820,"height":820,"url":"https:\/\/insektenliebe.com\/wp-content\/uploads\/2026\/02\/Crown-Wood-Terrarium.jpg","type":"image\/jpeg"}],"twitter_card":"summary_large_image","twitter_misc":{"Tempo di lettura stimato":"2 minuto"},"schema":{"@context":"https:\/\/schema.org","@graph":[{"@type":"WebPage","@id":"https:\/\/insektenliebe.com\/it\/shop\/prodotto\/legno-della-corona\/","url":"https:\/\/insektenliebe.com\/it\/shop\/prodotto\/legno-della-corona\/","name":"Legno della Corona - Insektenliebe","isPartOf":{"@id":"https:\/\/insektenliebe.com\/it\/#website"},"primaryImageOfPage":{"@id":"https:\/\/insektenliebe.com\/it\/shop\/prodotto\/legno-della-corona\/#primaryimage"},"image":{"@id":"https:\/\/insektenliebe.com\/it\/shop\/prodotto\/legno-della-corona\/#primaryimage"},"thumbnailUrl":"https:\/\/insektenliebe.com\/wp-content\/uploads\/2026\/02\/Crown-Wood-Terrarium.jpg","datePublished":"2026-02-12T16:38:41+00:00","dateModified":"2026-03-10T19:43:28+00:00","description":"Crown Wood - legno naturale strutturato per terrari. Ideale per arrampicarsi, nascondersi e creare arredi dall'aspetto naturale con piante appollaiate.","breadcrumb":{"@id":"https:\/\/insektenliebe.com\/it\/shop\/prodotto\/legno-della-corona\/#breadcrumb"},"inLanguage":"it-IT","potentialAction":[{"@type":"ReadAction","target":["https:\/\/insektenliebe.com\/it\/shop\/prodotto\/legno-della-corona\/"]}]},{"@type":"ImageObject","inLanguage":"it-IT","@id":"https:\/\/insektenliebe.com\/it\/shop\/prodotto\/legno-della-corona\/#primaryimage","url":"https:\/\/insektenliebe.com\/wp-content\/uploads\/2026\/02\/Crown-Wood-Terrarium.jpg","contentUrl":"https:\/\/insektenliebe.com\/wp-content\/uploads\/2026\/02\/Crown-Wood-Terrarium.jpg","width":820,"height":820,"caption":"Terrario in legno Crown"},{"@type":"BreadcrumbList","@id":"https:\/\/insektenliebe.com\/it\/shop\/prodotto\/legno-della-corona\/#breadcrumb","itemListElement":[{"@type":"ListItem","position":1,"name":"Startseite","item":"https:\/\/insektenliebe.com\/it\/"},{"@type":"ListItem","position":2,"name":"Negozio","item":"https:\/\/insektenliebe.com\/it\/negozio\/"},{"@type":"ListItem","position":3,"name":"Legno della Corona"}]},{"@type":"WebSite","@id":"https:\/\/insektenliebe.com\/it\/#website","url":"https:\/\/insektenliebe.com\/it\/","name":"Insektenliebe","description":"Dein Zuhause f\u00fcr die kleinen Lebewesen","publisher":{"@id":"https:\/\/insektenliebe.com\/it\/#organization"},"potentialAction":[{"@type":"SearchAction","target":{"@type":"EntryPoint","urlTemplate":"https:\/\/insektenliebe.com\/it\/?s={search_term_string}"},"query-input":{"@type":"PropertyValueSpecification","valueRequired":true,"valueName":"search_term_string"}}],"inLanguage":"it-IT"},{"@type":"Organization","@id":"https:\/\/insektenliebe.com\/it\/#organization","name":"Insektenliebe","url":"https:\/\/insektenliebe.com\/it\/","logo":{"@type":"ImageObject","inLanguage":"it-IT","@id":"https:\/\/insektenliebe.com\/it\/#\/schema\/logo\/image\/","url":"https:\/\/insektenliebe.com\/wp-content\/uploads\/2025\/03\/logo-white.png","contentUrl":"https:\/\/insektenliebe.com\/wp-content\/uploads\/2025\/03\/logo-white.png","width":288,"height":188,"caption":"Insektenliebe"},"image":{"@id":"https:\/\/insektenliebe.com\/it\/#\/schema\/logo\/image\/"}}]}},"_links":{"self":[{"href":"https:\/\/insektenliebe.com\/it\/wp-json\/wp\/v2\/product\/188910","targetHints":{"allow":["GET"]}}],"collection":[{"href":"https:\/\/insektenliebe.com\/it\/wp-json\/wp\/v2\/product"}],"about":[{"href":"https:\/\/insektenliebe.com\/it\/wp-json\/wp\/v2\/types\/product"}],"wp:featuredmedia":[{"embeddable":true,"href":"https:\/\/insektenliebe.com\/it\/wp-json\/wp\/v2\/media\/188912"}],"wp:attachment":[{"href":"https:\/\/insektenliebe.com\/it\/wp-json\/wp\/v2\/media?parent=188910"}],"wp:term":[{"taxonomy":"product-supplier","embeddable":true,"href":"https:\/\/insektenliebe.com\/it\/wp-json\/wp\/v2\/product-supplier?post=188910"},{"taxonomy":"product_brand","embeddable":true,"href":"https:\/\/insektenliebe.com\/it\/wp-json\/wp\/v2\/product_brand?post=188910"},{"taxonomy":"product_cat","embeddable":true,"href":"https:\/\/insektenliebe.com\/it\/wp-json\/wp\/v2\/product_cat?post=188910"},{"taxonomy":"product_tag","embeddable":true,"href":"https:\/\/insektenliebe.com\/it\/wp-json\/wp\/v2\/product_tag?post=188910"},{"taxonomy":"lce-checkout-addons","embeddable":true,"href":"https:\/\/insektenliebe.com\/it\/wp-json\/wp\/v2\/lce-checkout-addons?post=188910"}],"curies":[{"name":"wp","href":"https:\/\/api.w.org\/{rel}","templated":true}]}}