{"id":188909,"date":"2026-01-11T14:08:29","date_gmt":"2026-01-11T13:08:29","guid":{"rendered":"https:\/\/insektenliebe.com\/shop\/produkt\/phyllium-letiranti-tataba\/"},"modified":"2026-04-02T13:12:06","modified_gmt":"2026-04-02T11:12:06","slug":"phyllium-letiranti-tataba","status":"publish","type":"product","link":"https:\/\/insektenliebe.com\/it\/shop\/prodotto\/phyllium-letiranti-tataba\/","title":{"rendered":"Phyllium letiranti \"Tataba"},"content":{"rendered":"<h3 class=\"p1\"><span style=\"color: #99cc33;\"><strong><span class=\"s1\">Phyllium letiranti \"Tataba\" - Un mimetismo di foglie tropicale che non ha eguali.<\/span><\/strong><\/span><\/h3>\n<p class=\"p1\"><strong><span class=\"s1\">Phyllium letiranti \"Tataba<\/span><\/strong><span class=\"s2\">  \u00e8 una delle pi\u00f9 impressionanti e colorate cavallette dei Phylliidae. Questa specie \u00e8 originaria dell&#8217;Indonesia e affascina per il suo incredibile mimetismo delle foglie, che non smette di stupire anche gli allevatori pi\u00f9 esperti. Il suo corpo \u00e8 fortemente allargato e la sua forma e struttura ricordano ingannevolmente una foglia appena cresciuta. La variet\u00e0 \"Tataba\", in particolare, presenta spesso una colorazione verde pi\u00f9 intensa e ben definita, con sottili venature che la attraversano. Questo la fa assomigliare a un pezzo vivente di foresta pluviale che si muove delicatamente.   <\/span><\/p>\n<p class=\"p1\"><span class=\"s2\">La sua natura tranquilla la rende una scelta ideale per gli amanti delle foglie che camminano. Allo stesso tempo, \u00e8 molto facile da filmare e fotografare perch\u00e9 si muove lentamente e in modo controllato. I giovani, invece, hanno un comportamento un po&#8217; pi\u00f9 attivo e sono spesso di colore marrone o marrone-rossastro, il che li fa assomigliare a giovani foglie appassite in natura. Queste fasi cromatiche rendono la specie particolarmente interessante perch\u00e9 il suo aspetto cambia notevolmente con lo sviluppo.   <\/span><\/p>\n<p class=\"p1\"><span class=\"s2\">Un terrario con dimensioni minime di 30 \u00d7 30 \u00d7 45 cm \u00e8 adatto per tenerli, in quanto <strong><span class=\"s1\">Phyllium letiranti \"Tataba\"<\/span><\/strong><\/span><span class=\"s2\">  I pesci hanno bisogno di spazio sufficiente per arrampicarsi e, soprattutto, per fare la muta. L&#8217;umidit\u00e0 dovrebbe aggirarsi intorno al 70-85% e pu\u00f2 essere facilmente mantenuta con irrorazioni regolari. Tuttavia, una buona ventilazione \u00e8 fondamentale per evitare i ristagni d&#8217;acqua. Le temperature tra i 24 e i 28 \u00b0C sono ideali e corrispondono al loro habitat naturale.  <\/span><\/p>\n<p class=\"p1\"><span class=\"s2\">\u00c8 meglio utilizzare come cibo more, lamponi, querce o guaiave. Gli animali accettano queste piante in modo affidabile, purch\u00e9 le foglie siano fresche e non spruzzate. L&#8217;ideale \u00e8 cambiare quotidianamente le piante da mangiare in modo che siano sempre di buona qualit\u00e0. Questo \u00e8 particolarmente importante durante la muta, poich\u00e9 una dieta equilibrata favorisce una muta stabile e una crescita sana.   <\/span><\/p>\n<p class=\"p1\"><span class=\"s2\"><strong><span class=\"s1\">Il Phyllium letiranti \"Tataba\"<\/span><\/strong> \u00e8 facile da allevare, a patto di garantire un&#8217;elevata umidit\u00e0 e uno spazio sufficiente. Le femmine depongono regolarmente le uova, mentre i maschi, come per molte specie di Phyllium, rimangono molto pi\u00f9 piccoli e sottili. Grazie al loro comportamento pacifico, diversi animali possono essere tenuti insieme senza problemi.  <\/span><\/p>\n<p class=\"p1\"><span class=\"s2\">Se stai cercando una specie di insetto fogliare elegante, colorata e assolutamente insolita, la troverai in <strong><span class=\"s1\">Phyllium letiranti \"Tataba<\/span><\/strong><\/span><span class=\"s2\">  una scelta perfetta. Questa specie porta un pezzo di natura tropicale direttamente in casa e ispira con la sua tranquillit\u00e0, bellezza e naturalezza.<\/span><\/p>\n","protected":false},"excerpt":{"rendered":"<p>Phyllium letiranti \"Tataba\" - Un mimetismo di foglie tropicale che non ha eguali. Phyllium letiranti \"Tataba \u00e8 una delle pi\u00f9 impressionanti e colorate cavallette dei Phylliidae. Questa specie \u00e8 originaria dell&#8217;Indonesia e affascina per il suo incredibile mimetismo delle foglie, che non smette di stupire anche gli allevatori pi\u00f9 esperti. Il suo corpo \u00e8 fortemente [&hellip;]<\/p>\n","protected":false},"featured_media":188911,"template":"","meta":{"_acf_changed":false},"product-supplier":[],"product_brand":[],"product_cat":[2829],"product_tag":[],"lce-checkout-addons":[2746],"class_list":{"0":"post-188909","1":"product","2":"type-product","3":"status-publish","4":"has-post-thumbnail","6":"product_cat-altri-invertebrati","7":"product_shipping_class-spedizione-di-animali","8":"pa_herkunft-indonesia","9":"pa_kontinent-asia","10":"lce-checkout-addons-imballaggio-invernale","12":"first","13":"instock","14":"taxable","15":"shipping-taxable","16":"purchasable","17":"product-type-variable"},"acf":[],"yoast_head":"<!-- This site is optimized with the Yoast SEO plugin v27.3 - https:\/\/yoast.com\/product\/yoast-seo-wordpress\/ -->\n<title>Phyllium letiranti &quot;Tataba - Insektenliebe<\/title>\n<meta name=\"description\" content=\"Phyllium letiranti &quot;Tataba&quot; - un&#039;elegante foglia cangiante proveniente dall&#039;Indonesia. Calmo, colorato e ideale per terrari quasi naturali con un alto tasso di umidit\u00e0.\" \/>\n<meta name=\"robots\" content=\"index, follow, max-snippet:-1, max-image-preview:large, max-video-preview:-1\" \/>\n<link rel=\"canonical\" href=\"https:\/\/insektenliebe.com\/it\/shop\/prodotto\/phyllium-letiranti-tataba\/\" \/>\n<meta property=\"og:locale\" content=\"it_IT\" \/>\n<meta property=\"og:type\" content=\"article\" \/>\n<meta property=\"og:title\" content=\"Phyllium letiranti &quot;Tataba - Insektenliebe\" \/>\n<meta property=\"og:description\" content=\"Phyllium letiranti &quot;Tataba&quot; - un&#039;elegante foglia cangiante proveniente dall&#039;Indonesia. Calmo, colorato e ideale per terrari quasi naturali con un alto tasso di umidit\u00e0.\" \/>\n<meta property=\"og:url\" content=\"https:\/\/insektenliebe.com\/it\/shop\/prodotto\/phyllium-letiranti-tataba\/\" \/>\n<meta property=\"og:site_name\" content=\"Insektenliebe\" \/>\n<meta property=\"article:modified_time\" content=\"2026-04-02T11:12:06+00:00\" \/>\n<meta property=\"og:image\" content=\"https:\/\/insektenliebe.com\/wp-content\/uploads\/2026\/01\/Phyllium-letiranti-22Tataba22.jpg\" \/>\n\t<meta property=\"og:image:width\" content=\"820\" \/>\n\t<meta property=\"og:image:height\" content=\"820\" \/>\n\t<meta property=\"og:image:type\" content=\"image\/jpeg\" \/>\n<meta name=\"twitter:card\" content=\"summary_large_image\" \/>\n<meta name=\"twitter:label1\" content=\"Tempo di lettura stimato\" \/>\n\t<meta name=\"twitter:data1\" content=\"2 minuto\" \/>\n<script type=\"application\/ld+json\" class=\"yoast-schema-graph\">{\"@context\":\"https:\\\/\\\/schema.org\",\"@graph\":[{\"@type\":\"WebPage\",\"@id\":\"https:\\\/\\\/insektenliebe.com\\\/it\\\/shop\\\/prodotto\\\/phyllium-letiranti-tataba\\\/\",\"url\":\"https:\\\/\\\/insektenliebe.com\\\/it\\\/shop\\\/prodotto\\\/phyllium-letiranti-tataba\\\/\",\"name\":\"Phyllium letiranti \\\"Tataba - Insektenliebe\",\"isPartOf\":{\"@id\":\"https:\\\/\\\/insektenliebe.com\\\/it\\\/#website\"},\"primaryImageOfPage\":{\"@id\":\"https:\\\/\\\/insektenliebe.com\\\/it\\\/shop\\\/prodotto\\\/phyllium-letiranti-tataba\\\/#primaryimage\"},\"image\":{\"@id\":\"https:\\\/\\\/insektenliebe.com\\\/it\\\/shop\\\/prodotto\\\/phyllium-letiranti-tataba\\\/#primaryimage\"},\"thumbnailUrl\":\"https:\\\/\\\/insektenliebe.com\\\/wp-content\\\/uploads\\\/2026\\\/01\\\/Phyllium-letiranti-22Tataba22.jpg\",\"datePublished\":\"2026-01-11T13:08:29+00:00\",\"dateModified\":\"2026-04-02T11:12:06+00:00\",\"description\":\"Phyllium letiranti \\\"Tataba\\\" - un'elegante foglia cangiante proveniente dall'Indonesia. Calmo, colorato e ideale per terrari quasi naturali con un alto tasso di umidit\u00e0.\",\"breadcrumb\":{\"@id\":\"https:\\\/\\\/insektenliebe.com\\\/it\\\/shop\\\/prodotto\\\/phyllium-letiranti-tataba\\\/#breadcrumb\"},\"inLanguage\":\"it-IT\",\"potentialAction\":[{\"@type\":\"ReadAction\",\"target\":[\"https:\\\/\\\/insektenliebe.com\\\/it\\\/shop\\\/prodotto\\\/phyllium-letiranti-tataba\\\/\"]}]},{\"@type\":\"ImageObject\",\"inLanguage\":\"it-IT\",\"@id\":\"https:\\\/\\\/insektenliebe.com\\\/it\\\/shop\\\/prodotto\\\/phyllium-letiranti-tataba\\\/#primaryimage\",\"url\":\"https:\\\/\\\/insektenliebe.com\\\/wp-content\\\/uploads\\\/2026\\\/01\\\/Phyllium-letiranti-22Tataba22.jpg\",\"contentUrl\":\"https:\\\/\\\/insektenliebe.com\\\/wp-content\\\/uploads\\\/2026\\\/01\\\/Phyllium-letiranti-22Tataba22.jpg\",\"width\":820,\"height\":820,\"caption\":\"Phyllium letiranti \\\"Tataba\"},{\"@type\":\"BreadcrumbList\",\"@id\":\"https:\\\/\\\/insektenliebe.com\\\/it\\\/shop\\\/prodotto\\\/phyllium-letiranti-tataba\\\/#breadcrumb\",\"itemListElement\":[{\"@type\":\"ListItem\",\"position\":1,\"name\":\"Startseite\",\"item\":\"https:\\\/\\\/insektenliebe.com\\\/it\\\/\"},{\"@type\":\"ListItem\",\"position\":2,\"name\":\"Negozio\",\"item\":\"https:\\\/\\\/insektenliebe.com\\\/it\\\/negozio\\\/\"},{\"@type\":\"ListItem\",\"position\":3,\"name\":\"Phyllium letiranti \\\"Tataba\"}]},{\"@type\":\"WebSite\",\"@id\":\"https:\\\/\\\/insektenliebe.com\\\/it\\\/#website\",\"url\":\"https:\\\/\\\/insektenliebe.com\\\/it\\\/\",\"name\":\"Insektenliebe\",\"description\":\"Dein Zuhause f\u00fcr die kleinen Lebewesen\",\"publisher\":{\"@id\":\"https:\\\/\\\/insektenliebe.com\\\/it\\\/#organization\"},\"potentialAction\":[{\"@type\":\"SearchAction\",\"target\":{\"@type\":\"EntryPoint\",\"urlTemplate\":\"https:\\\/\\\/insektenliebe.com\\\/it\\\/?s={search_term_string}\"},\"query-input\":{\"@type\":\"PropertyValueSpecification\",\"valueRequired\":true,\"valueName\":\"search_term_string\"}}],\"inLanguage\":\"it-IT\"},{\"@type\":\"Organization\",\"@id\":\"https:\\\/\\\/insektenliebe.com\\\/it\\\/#organization\",\"name\":\"Insektenliebe\",\"url\":\"https:\\\/\\\/insektenliebe.com\\\/it\\\/\",\"logo\":{\"@type\":\"ImageObject\",\"inLanguage\":\"it-IT\",\"@id\":\"https:\\\/\\\/insektenliebe.com\\\/it\\\/#\\\/schema\\\/logo\\\/image\\\/\",\"url\":\"https:\\\/\\\/insektenliebe.com\\\/wp-content\\\/uploads\\\/2025\\\/03\\\/logo-white.png\",\"contentUrl\":\"https:\\\/\\\/insektenliebe.com\\\/wp-content\\\/uploads\\\/2025\\\/03\\\/logo-white.png\",\"width\":288,\"height\":188,\"caption\":\"Insektenliebe\"},\"image\":{\"@id\":\"https:\\\/\\\/insektenliebe.com\\\/it\\\/#\\\/schema\\\/logo\\\/image\\\/\"}}]}<\/script>\n<!-- \/ Yoast SEO plugin. -->","yoast_head_json":{"title":"Phyllium letiranti \"Tataba - Insektenliebe","description":"Phyllium letiranti \"Tataba\" - un'elegante foglia cangiante proveniente dall'Indonesia. Calmo, colorato e ideale per terrari quasi naturali con un alto tasso di umidit\u00e0.","robots":{"index":"index","follow":"follow","max-snippet":"max-snippet:-1","max-image-preview":"max-image-preview:large","max-video-preview":"max-video-preview:-1"},"canonical":"https:\/\/insektenliebe.com\/it\/shop\/prodotto\/phyllium-letiranti-tataba\/","og_locale":"it_IT","og_type":"article","og_title":"Phyllium letiranti \"Tataba - Insektenliebe","og_description":"Phyllium letiranti \"Tataba\" - un'elegante foglia cangiante proveniente dall'Indonesia. Calmo, colorato e ideale per terrari quasi naturali con un alto tasso di umidit\u00e0.","og_url":"https:\/\/insektenliebe.com\/it\/shop\/prodotto\/phyllium-letiranti-tataba\/","og_site_name":"Insektenliebe","article_modified_time":"2026-04-02T11:12:06+00:00","og_image":[{"width":820,"height":820,"url":"https:\/\/insektenliebe.com\/wp-content\/uploads\/2026\/01\/Phyllium-letiranti-22Tataba22.jpg","type":"image\/jpeg"}],"twitter_card":"summary_large_image","twitter_misc":{"Tempo di lettura stimato":"2 minuto"},"schema":{"@context":"https:\/\/schema.org","@graph":[{"@type":"WebPage","@id":"https:\/\/insektenliebe.com\/it\/shop\/prodotto\/phyllium-letiranti-tataba\/","url":"https:\/\/insektenliebe.com\/it\/shop\/prodotto\/phyllium-letiranti-tataba\/","name":"Phyllium letiranti \"Tataba - Insektenliebe","isPartOf":{"@id":"https:\/\/insektenliebe.com\/it\/#website"},"primaryImageOfPage":{"@id":"https:\/\/insektenliebe.com\/it\/shop\/prodotto\/phyllium-letiranti-tataba\/#primaryimage"},"image":{"@id":"https:\/\/insektenliebe.com\/it\/shop\/prodotto\/phyllium-letiranti-tataba\/#primaryimage"},"thumbnailUrl":"https:\/\/insektenliebe.com\/wp-content\/uploads\/2026\/01\/Phyllium-letiranti-22Tataba22.jpg","datePublished":"2026-01-11T13:08:29+00:00","dateModified":"2026-04-02T11:12:06+00:00","description":"Phyllium letiranti \"Tataba\" - un'elegante foglia cangiante proveniente dall'Indonesia. Calmo, colorato e ideale per terrari quasi naturali con un alto tasso di umidit\u00e0.","breadcrumb":{"@id":"https:\/\/insektenliebe.com\/it\/shop\/prodotto\/phyllium-letiranti-tataba\/#breadcrumb"},"inLanguage":"it-IT","potentialAction":[{"@type":"ReadAction","target":["https:\/\/insektenliebe.com\/it\/shop\/prodotto\/phyllium-letiranti-tataba\/"]}]},{"@type":"ImageObject","inLanguage":"it-IT","@id":"https:\/\/insektenliebe.com\/it\/shop\/prodotto\/phyllium-letiranti-tataba\/#primaryimage","url":"https:\/\/insektenliebe.com\/wp-content\/uploads\/2026\/01\/Phyllium-letiranti-22Tataba22.jpg","contentUrl":"https:\/\/insektenliebe.com\/wp-content\/uploads\/2026\/01\/Phyllium-letiranti-22Tataba22.jpg","width":820,"height":820,"caption":"Phyllium letiranti \"Tataba"},{"@type":"BreadcrumbList","@id":"https:\/\/insektenliebe.com\/it\/shop\/prodotto\/phyllium-letiranti-tataba\/#breadcrumb","itemListElement":[{"@type":"ListItem","position":1,"name":"Startseite","item":"https:\/\/insektenliebe.com\/it\/"},{"@type":"ListItem","position":2,"name":"Negozio","item":"https:\/\/insektenliebe.com\/it\/negozio\/"},{"@type":"ListItem","position":3,"name":"Phyllium letiranti \"Tataba"}]},{"@type":"WebSite","@id":"https:\/\/insektenliebe.com\/it\/#website","url":"https:\/\/insektenliebe.com\/it\/","name":"Insektenliebe","description":"Dein Zuhause f\u00fcr die kleinen Lebewesen","publisher":{"@id":"https:\/\/insektenliebe.com\/it\/#organization"},"potentialAction":[{"@type":"SearchAction","target":{"@type":"EntryPoint","urlTemplate":"https:\/\/insektenliebe.com\/it\/?s={search_term_string}"},"query-input":{"@type":"PropertyValueSpecification","valueRequired":true,"valueName":"search_term_string"}}],"inLanguage":"it-IT"},{"@type":"Organization","@id":"https:\/\/insektenliebe.com\/it\/#organization","name":"Insektenliebe","url":"https:\/\/insektenliebe.com\/it\/","logo":{"@type":"ImageObject","inLanguage":"it-IT","@id":"https:\/\/insektenliebe.com\/it\/#\/schema\/logo\/image\/","url":"https:\/\/insektenliebe.com\/wp-content\/uploads\/2025\/03\/logo-white.png","contentUrl":"https:\/\/insektenliebe.com\/wp-content\/uploads\/2025\/03\/logo-white.png","width":288,"height":188,"caption":"Insektenliebe"},"image":{"@id":"https:\/\/insektenliebe.com\/it\/#\/schema\/logo\/image\/"}}]}},"_links":{"self":[{"href":"https:\/\/insektenliebe.com\/it\/wp-json\/wp\/v2\/product\/188909","targetHints":{"allow":["GET"]}}],"collection":[{"href":"https:\/\/insektenliebe.com\/it\/wp-json\/wp\/v2\/product"}],"about":[{"href":"https:\/\/insektenliebe.com\/it\/wp-json\/wp\/v2\/types\/product"}],"wp:featuredmedia":[{"embeddable":true,"href":"https:\/\/insektenliebe.com\/it\/wp-json\/wp\/v2\/media\/188911"}],"wp:attachment":[{"href":"https:\/\/insektenliebe.com\/it\/wp-json\/wp\/v2\/media?parent=188909"}],"wp:term":[{"taxonomy":"product-supplier","embeddable":true,"href":"https:\/\/insektenliebe.com\/it\/wp-json\/wp\/v2\/product-supplier?post=188909"},{"taxonomy":"product_brand","embeddable":true,"href":"https:\/\/insektenliebe.com\/it\/wp-json\/wp\/v2\/product_brand?post=188909"},{"taxonomy":"product_cat","embeddable":true,"href":"https:\/\/insektenliebe.com\/it\/wp-json\/wp\/v2\/product_cat?post=188909"},{"taxonomy":"product_tag","embeddable":true,"href":"https:\/\/insektenliebe.com\/it\/wp-json\/wp\/v2\/product_tag?post=188909"},{"taxonomy":"lce-checkout-addons","embeddable":true,"href":"https:\/\/insektenliebe.com\/it\/wp-json\/wp\/v2\/lce-checkout-addons?post=188909"}],"curies":[{"name":"wp","href":"https:\/\/api.w.org\/{rel}","templated":true}]}}