{"id":188906,"date":"2020-05-15T06:48:39","date_gmt":"2020-05-15T06:48:39","guid":{"rendered":"https:\/\/insektenliebe.com\/shop\/produkt\/trigoniulus-corallinus-millepiedi-rosso-corallo\/"},"modified":"2020-05-15T06:48:39","modified_gmt":"2020-05-15T04:48:39","slug":"trigoniulus-corallinus-millepiedi-rosso-corallo","status":"publish","type":"product","link":"https:\/\/insektenliebe.com\/it\/shop\/prodotto\/trigoniulus-corallinus-millepiedi-rosso-corallo\/","title":{"rendered":"Trigoniulus corallinus, \"millepiedi rosso corallo\"."},"content":{"rendered":"<h3 class=\"p1\"><span style=\"color: #99cc33\"><strong><span class=\"s1\">Trigoniulus corallinus - Il millepiedi rosso corallo per il tuo terrario<\/span><\/strong><\/span><\/h3>\n<p class=\"p1\"><span class=\"s1\">Il <\/span><strong><span class=\"s2\">Trigoniulus corallinus<\/span><\/strong><span class=\"s1\">noto anche come <\/span><span class=\"s2\">millepiedi rosso corallo<\/span><span class=\"s1\">\u00e8 una piccola e colorata specie originaria dell&#8217;Asia meridionale e sudorientale che affascina sia i principianti che i terrariofili esperti. Con la sua intensa colorazione rosso-arancio, cattura immediatamente l&#8217;attenzione e dona contrasti vivaci a qualsiasi terrario di invertebrati. Il suo aspetto \u00e8 particolarmente impressionante negli allestimenti quasi naturali.  <\/span><\/p>\n<p class=\"p1\"><span class=\"s1\">Con una lunghezza di circa <\/span><span class=\"s2\">5-6 cm<\/span><span class=\"s1\"> <strong>Il Trigoniulus corallinus<\/strong> \u00e8 una delle specie pi\u00f9 piccole tra i diplopodi, ma la sua vivace attivit\u00e0 \u00e8 impressionante. Questi animali sono attivi sia di giorno che di notte e possono quindi essere osservati regolarmente: un animale da esposizione ideale per i terrari pi\u00f9 piccoli. Sono molto pacifici, non amano scavare e possono essere tenuti bene in gruppo.  <\/span><\/p>\n<p class=\"p1\"><span class=\"s1\">L&#8217;allevamento di questo abitante del suolo tropicale \u00e8 semplice se si rispettano alcune condizioni di base. Il terrario deve essere sufficientemente umido, con   <\/span><span class=\"s2\">Umidit\u00e0 compresa tra il 70 e l&#8217;85%<\/span><span class=\"s1\"> e temperature comprese tra <\/span><span class=\"s2\">22-26 \u00b0C<\/span><span class=\"s1\">. \u00c8 comunque importante una buona ventilazione, poich\u00e9 l&#8217;umidit\u00e0 stagnante pu\u00f2 portare rapidamente alla formazione di muffa. Un substrato adatto \u00e8 una miscela permeabile di   <\/span><span class=\"s2\">Humus di foglie, legno marcio bianco e foglie di foraggio<\/span><span class=\"s1\">che viene leggermente inumidito regolarmente. Uno strato di foglie sul substrato non \u00e8 solo decorativo, ma serve anche come copertura e fonte di cibo per gli animali. <\/span><\/p>\n<p class=\"p1\"><span class=\"s1\">La dieta del <strong>Trigoniulus corallinus<\/strong> \u00e8 tipica di molti millepiedi: utilizza materiale vegetale morto e ama mangiare anche integratori alimentari come carote, scaglie di pesce o erbe secche. Al substrato possono essere aggiunte le code di primavera e le cocciniglie bianche come truppe pulitrici per favorire un microclima stabile. <\/span><\/p>\n<p class=\"p1\"><span class=\"s1\">Un altro punto a favore \u00e8 che questa specie pu\u00f2 essere allevata con successo in buone condizioni di allevamento. I piccoli animali si sviluppano lentamente ma in modo continuo: un processo entusiasmante per qualsiasi osservazione dell&#8217;allevamento. <\/span><\/p>\n<p class=\"p1\"><strong><span class=\"s2\">Trigoniulus corallinus<\/span><\/strong><span class=\"s1\"> \u00e8 la scelta perfetta per tutti coloro che cercano una specie colorata, attiva e facile da curare, che sta benissimo anche in terrari pi\u00f9 piccoli.<\/span><\/p>\n<div style=\"width: 1920px;\" class=\"wp-video\"><video class=\"wp-video-shortcode\" id=\"video-188906-1\" width=\"1920\" height=\"1080\" preload=\"metadata\" controls=\"controls\"><source type=\"video\/mp4\" src=\"https:\/\/insektenliebe.com\/wp-content\/uploads\/2020\/05\/Trigoniulus-corallinus.mp4?_=1\" \/><a href=\"https:\/\/insektenliebe.com\/wp-content\/uploads\/2020\/05\/Trigoniulus-corallinus.mp4\">https:\/\/insektenliebe.com\/wp-content\/uploads\/2020\/05\/Trigoniulus-corallinus.mp4<\/a><\/video><\/div>\n<p>&nbsp;<\/p>\n","protected":false},"excerpt":{"rendered":"<p>Trigoniulus corallinus - Il millepiedi rosso corallo per il tuo terrario Il Trigoniulus corallinusnoto anche come millepiedi rosso corallo\u00e8 una piccola e colorata specie originaria dell&#8217;Asia meridionale e sudorientale che affascina sia i principianti che i terrariofili esperti. Con la sua intensa colorazione rosso-arancio, cattura immediatamente l&#8217;attenzione e dona contrasti vivaci a qualsiasi terrario di [&hellip;]<\/p>\n","protected":false},"featured_media":188907,"template":"","meta":{"_acf_changed":false},"product-supplier":[],"product_brand":[],"product_cat":[2870],"product_tag":[],"lce-checkout-addons":[2746],"class_list":{"0":"post-188906","1":"product","2":"type-product","3":"status-publish","4":"has-post-thumbnail","6":"product_cat-millipede","7":"product_shipping_class-spedizione-di-animali","8":"pa_herkunft-thailandia","9":"pa_kontinent-asia","10":"lce-checkout-addons-imballaggio-invernale","12":"first","13":"outofstock","14":"taxable","15":"shipping-taxable","16":"purchasable","17":"product-type-simple"},"acf":[],"yoast_head":"<!-- This site is optimized with the Yoast SEO plugin v27.3 - https:\/\/yoast.com\/product\/yoast-seo-wordpress\/ -->\n<title>Trigoniulus corallinus, &quot;millepiedi rosso corallo&quot;. - Insektenliebe<\/title>\n<meta name=\"description\" content=\"Acquista online il Trigoniulus corallinus (Millepiedi rosso corallo). Acquista qui il Trigoniulus corallinus direttamente dall&#039;allevatore.\" \/>\n<meta name=\"robots\" content=\"index, follow, max-snippet:-1, max-image-preview:large, max-video-preview:-1\" \/>\n<link rel=\"canonical\" href=\"https:\/\/insektenliebe.com\/it\/shop\/prodotto\/trigoniulus-corallinus-millepiedi-rosso-corallo\/\" \/>\n<meta property=\"og:locale\" content=\"it_IT\" \/>\n<meta property=\"og:type\" content=\"article\" \/>\n<meta property=\"og:title\" content=\"Trigoniulus corallinus, &quot;millepiedi rosso corallo&quot;. - Insektenliebe\" \/>\n<meta property=\"og:description\" content=\"Acquista online il Trigoniulus corallinus (Millepiedi rosso corallo). Acquista qui il Trigoniulus corallinus direttamente dall&#039;allevatore.\" \/>\n<meta property=\"og:url\" content=\"https:\/\/insektenliebe.com\/it\/shop\/prodotto\/trigoniulus-corallinus-millepiedi-rosso-corallo\/\" \/>\n<meta property=\"og:site_name\" content=\"Insektenliebe\" \/>\n<meta property=\"og:image\" content=\"https:\/\/insektenliebe.com\/wp-content\/uploads\/2025\/05\/Trigoniulus-corallinus-scaled-3.jpg\" \/>\n\t<meta property=\"og:image:width\" content=\"2560\" \/>\n\t<meta property=\"og:image:height\" content=\"1706\" \/>\n\t<meta property=\"og:image:type\" content=\"image\/jpeg\" \/>\n<meta name=\"twitter:card\" content=\"summary_large_image\" \/>\n<meta name=\"twitter:label1\" content=\"Tempo di lettura stimato\" \/>\n\t<meta name=\"twitter:data1\" content=\"2 minuto\" \/>\n<script type=\"application\/ld+json\" class=\"yoast-schema-graph\">{\"@context\":\"https:\\\/\\\/schema.org\",\"@graph\":[{\"@type\":\"WebPage\",\"@id\":\"https:\\\/\\\/insektenliebe.com\\\/it\\\/shop\\\/prodotto\\\/trigoniulus-corallinus-millepiedi-rosso-corallo\\\/\",\"url\":\"https:\\\/\\\/insektenliebe.com\\\/it\\\/shop\\\/prodotto\\\/trigoniulus-corallinus-millepiedi-rosso-corallo\\\/\",\"name\":\"Trigoniulus corallinus, \\\"millepiedi rosso corallo\\\". - Insektenliebe\",\"isPartOf\":{\"@id\":\"https:\\\/\\\/insektenliebe.com\\\/it\\\/#website\"},\"primaryImageOfPage\":{\"@id\":\"https:\\\/\\\/insektenliebe.com\\\/it\\\/shop\\\/prodotto\\\/trigoniulus-corallinus-millepiedi-rosso-corallo\\\/#primaryimage\"},\"image\":{\"@id\":\"https:\\\/\\\/insektenliebe.com\\\/it\\\/shop\\\/prodotto\\\/trigoniulus-corallinus-millepiedi-rosso-corallo\\\/#primaryimage\"},\"thumbnailUrl\":\"https:\\\/\\\/insektenliebe.com\\\/wp-content\\\/uploads\\\/2025\\\/05\\\/Trigoniulus-corallinus-scaled-3.jpg\",\"datePublished\":\"2020-05-15T06:48:39+00:00\",\"description\":\"Acquista online il Trigoniulus corallinus (Millepiedi rosso corallo). Acquista qui il Trigoniulus corallinus direttamente dall'allevatore.\",\"breadcrumb\":{\"@id\":\"https:\\\/\\\/insektenliebe.com\\\/it\\\/shop\\\/prodotto\\\/trigoniulus-corallinus-millepiedi-rosso-corallo\\\/#breadcrumb\"},\"inLanguage\":\"it-IT\",\"potentialAction\":[{\"@type\":\"ReadAction\",\"target\":[\"https:\\\/\\\/insektenliebe.com\\\/it\\\/shop\\\/prodotto\\\/trigoniulus-corallinus-millepiedi-rosso-corallo\\\/\"]}]},{\"@type\":\"ImageObject\",\"inLanguage\":\"it-IT\",\"@id\":\"https:\\\/\\\/insektenliebe.com\\\/it\\\/shop\\\/prodotto\\\/trigoniulus-corallinus-millepiedi-rosso-corallo\\\/#primaryimage\",\"url\":\"https:\\\/\\\/insektenliebe.com\\\/wp-content\\\/uploads\\\/2025\\\/05\\\/Trigoniulus-corallinus-scaled-3.jpg\",\"contentUrl\":\"https:\\\/\\\/insektenliebe.com\\\/wp-content\\\/uploads\\\/2025\\\/05\\\/Trigoniulus-corallinus-scaled-3.jpg\",\"width\":2560,\"height\":1706,\"caption\":\"Trigoniulus-corallinus-scaled-3.jpg\"},{\"@type\":\"BreadcrumbList\",\"@id\":\"https:\\\/\\\/insektenliebe.com\\\/it\\\/shop\\\/prodotto\\\/trigoniulus-corallinus-millepiedi-rosso-corallo\\\/#breadcrumb\",\"itemListElement\":[{\"@type\":\"ListItem\",\"position\":1,\"name\":\"Startseite\",\"item\":\"https:\\\/\\\/insektenliebe.com\\\/it\\\/\"},{\"@type\":\"ListItem\",\"position\":2,\"name\":\"Negozio\",\"item\":\"https:\\\/\\\/insektenliebe.com\\\/it\\\/negozio\\\/\"},{\"@type\":\"ListItem\",\"position\":3,\"name\":\"Trigoniulus corallinus, &#8220;millepiedi rosso corallo&#8221;.\"}]},{\"@type\":\"WebSite\",\"@id\":\"https:\\\/\\\/insektenliebe.com\\\/it\\\/#website\",\"url\":\"https:\\\/\\\/insektenliebe.com\\\/it\\\/\",\"name\":\"Insektenliebe\",\"description\":\"Dein Zuhause f\u00fcr die kleinen Lebewesen\",\"publisher\":{\"@id\":\"https:\\\/\\\/insektenliebe.com\\\/it\\\/#organization\"},\"potentialAction\":[{\"@type\":\"SearchAction\",\"target\":{\"@type\":\"EntryPoint\",\"urlTemplate\":\"https:\\\/\\\/insektenliebe.com\\\/it\\\/?s={search_term_string}\"},\"query-input\":{\"@type\":\"PropertyValueSpecification\",\"valueRequired\":true,\"valueName\":\"search_term_string\"}}],\"inLanguage\":\"it-IT\"},{\"@type\":\"Organization\",\"@id\":\"https:\\\/\\\/insektenliebe.com\\\/it\\\/#organization\",\"name\":\"Insektenliebe\",\"url\":\"https:\\\/\\\/insektenliebe.com\\\/it\\\/\",\"logo\":{\"@type\":\"ImageObject\",\"inLanguage\":\"it-IT\",\"@id\":\"https:\\\/\\\/insektenliebe.com\\\/it\\\/#\\\/schema\\\/logo\\\/image\\\/\",\"url\":\"https:\\\/\\\/insektenliebe.com\\\/wp-content\\\/uploads\\\/2025\\\/03\\\/logo-white.png\",\"contentUrl\":\"https:\\\/\\\/insektenliebe.com\\\/wp-content\\\/uploads\\\/2025\\\/03\\\/logo-white.png\",\"width\":288,\"height\":188,\"caption\":\"Insektenliebe\"},\"image\":{\"@id\":\"https:\\\/\\\/insektenliebe.com\\\/it\\\/#\\\/schema\\\/logo\\\/image\\\/\"}}]}<\/script>\n<!-- \/ Yoast SEO plugin. -->","yoast_head_json":{"title":"Trigoniulus corallinus, \"millepiedi rosso corallo\". - Insektenliebe","description":"Acquista online il Trigoniulus corallinus (Millepiedi rosso corallo). Acquista qui il Trigoniulus corallinus direttamente dall'allevatore.","robots":{"index":"index","follow":"follow","max-snippet":"max-snippet:-1","max-image-preview":"max-image-preview:large","max-video-preview":"max-video-preview:-1"},"canonical":"https:\/\/insektenliebe.com\/it\/shop\/prodotto\/trigoniulus-corallinus-millepiedi-rosso-corallo\/","og_locale":"it_IT","og_type":"article","og_title":"Trigoniulus corallinus, \"millepiedi rosso corallo\". - Insektenliebe","og_description":"Acquista online il Trigoniulus corallinus (Millepiedi rosso corallo). Acquista qui il Trigoniulus corallinus direttamente dall'allevatore.","og_url":"https:\/\/insektenliebe.com\/it\/shop\/prodotto\/trigoniulus-corallinus-millepiedi-rosso-corallo\/","og_site_name":"Insektenliebe","og_image":[{"width":2560,"height":1706,"url":"https:\/\/insektenliebe.com\/wp-content\/uploads\/2025\/05\/Trigoniulus-corallinus-scaled-3.jpg","type":"image\/jpeg"}],"twitter_card":"summary_large_image","twitter_misc":{"Tempo di lettura stimato":"2 minuto"},"schema":{"@context":"https:\/\/schema.org","@graph":[{"@type":"WebPage","@id":"https:\/\/insektenliebe.com\/it\/shop\/prodotto\/trigoniulus-corallinus-millepiedi-rosso-corallo\/","url":"https:\/\/insektenliebe.com\/it\/shop\/prodotto\/trigoniulus-corallinus-millepiedi-rosso-corallo\/","name":"Trigoniulus corallinus, \"millepiedi rosso corallo\". - Insektenliebe","isPartOf":{"@id":"https:\/\/insektenliebe.com\/it\/#website"},"primaryImageOfPage":{"@id":"https:\/\/insektenliebe.com\/it\/shop\/prodotto\/trigoniulus-corallinus-millepiedi-rosso-corallo\/#primaryimage"},"image":{"@id":"https:\/\/insektenliebe.com\/it\/shop\/prodotto\/trigoniulus-corallinus-millepiedi-rosso-corallo\/#primaryimage"},"thumbnailUrl":"https:\/\/insektenliebe.com\/wp-content\/uploads\/2025\/05\/Trigoniulus-corallinus-scaled-3.jpg","datePublished":"2020-05-15T06:48:39+00:00","description":"Acquista online il Trigoniulus corallinus (Millepiedi rosso corallo). Acquista qui il Trigoniulus corallinus direttamente dall'allevatore.","breadcrumb":{"@id":"https:\/\/insektenliebe.com\/it\/shop\/prodotto\/trigoniulus-corallinus-millepiedi-rosso-corallo\/#breadcrumb"},"inLanguage":"it-IT","potentialAction":[{"@type":"ReadAction","target":["https:\/\/insektenliebe.com\/it\/shop\/prodotto\/trigoniulus-corallinus-millepiedi-rosso-corallo\/"]}]},{"@type":"ImageObject","inLanguage":"it-IT","@id":"https:\/\/insektenliebe.com\/it\/shop\/prodotto\/trigoniulus-corallinus-millepiedi-rosso-corallo\/#primaryimage","url":"https:\/\/insektenliebe.com\/wp-content\/uploads\/2025\/05\/Trigoniulus-corallinus-scaled-3.jpg","contentUrl":"https:\/\/insektenliebe.com\/wp-content\/uploads\/2025\/05\/Trigoniulus-corallinus-scaled-3.jpg","width":2560,"height":1706,"caption":"Trigoniulus-corallinus-scaled-3.jpg"},{"@type":"BreadcrumbList","@id":"https:\/\/insektenliebe.com\/it\/shop\/prodotto\/trigoniulus-corallinus-millepiedi-rosso-corallo\/#breadcrumb","itemListElement":[{"@type":"ListItem","position":1,"name":"Startseite","item":"https:\/\/insektenliebe.com\/it\/"},{"@type":"ListItem","position":2,"name":"Negozio","item":"https:\/\/insektenliebe.com\/it\/negozio\/"},{"@type":"ListItem","position":3,"name":"Trigoniulus corallinus, &#8220;millepiedi rosso corallo&#8221;."}]},{"@type":"WebSite","@id":"https:\/\/insektenliebe.com\/it\/#website","url":"https:\/\/insektenliebe.com\/it\/","name":"Insektenliebe","description":"Dein Zuhause f\u00fcr die kleinen Lebewesen","publisher":{"@id":"https:\/\/insektenliebe.com\/it\/#organization"},"potentialAction":[{"@type":"SearchAction","target":{"@type":"EntryPoint","urlTemplate":"https:\/\/insektenliebe.com\/it\/?s={search_term_string}"},"query-input":{"@type":"PropertyValueSpecification","valueRequired":true,"valueName":"search_term_string"}}],"inLanguage":"it-IT"},{"@type":"Organization","@id":"https:\/\/insektenliebe.com\/it\/#organization","name":"Insektenliebe","url":"https:\/\/insektenliebe.com\/it\/","logo":{"@type":"ImageObject","inLanguage":"it-IT","@id":"https:\/\/insektenliebe.com\/it\/#\/schema\/logo\/image\/","url":"https:\/\/insektenliebe.com\/wp-content\/uploads\/2025\/03\/logo-white.png","contentUrl":"https:\/\/insektenliebe.com\/wp-content\/uploads\/2025\/03\/logo-white.png","width":288,"height":188,"caption":"Insektenliebe"},"image":{"@id":"https:\/\/insektenliebe.com\/it\/#\/schema\/logo\/image\/"}}]}},"_links":{"self":[{"href":"https:\/\/insektenliebe.com\/it\/wp-json\/wp\/v2\/product\/188906","targetHints":{"allow":["GET"]}}],"collection":[{"href":"https:\/\/insektenliebe.com\/it\/wp-json\/wp\/v2\/product"}],"about":[{"href":"https:\/\/insektenliebe.com\/it\/wp-json\/wp\/v2\/types\/product"}],"wp:featuredmedia":[{"embeddable":true,"href":"https:\/\/insektenliebe.com\/it\/wp-json\/wp\/v2\/media\/188907"}],"wp:attachment":[{"href":"https:\/\/insektenliebe.com\/it\/wp-json\/wp\/v2\/media?parent=188906"}],"wp:term":[{"taxonomy":"product-supplier","embeddable":true,"href":"https:\/\/insektenliebe.com\/it\/wp-json\/wp\/v2\/product-supplier?post=188906"},{"taxonomy":"product_brand","embeddable":true,"href":"https:\/\/insektenliebe.com\/it\/wp-json\/wp\/v2\/product_brand?post=188906"},{"taxonomy":"product_cat","embeddable":true,"href":"https:\/\/insektenliebe.com\/it\/wp-json\/wp\/v2\/product_cat?post=188906"},{"taxonomy":"product_tag","embeddable":true,"href":"https:\/\/insektenliebe.com\/it\/wp-json\/wp\/v2\/product_tag?post=188906"},{"taxonomy":"lce-checkout-addons","embeddable":true,"href":"https:\/\/insektenliebe.com\/it\/wp-json\/wp\/v2\/lce-checkout-addons?post=188906"}],"curies":[{"name":"wp","href":"https:\/\/api.w.org\/{rel}","templated":true}]}}