{"id":188901,"date":"2020-11-01T07:23:39","date_gmt":"2020-11-01T07:23:39","guid":{"rendered":"https:\/\/insektenliebe.com\/shop\/produkt\/cubaris-spec-anatra-di-gomma-bionda\/"},"modified":"2026-03-05T16:51:25","modified_gmt":"2026-03-05T15:51:25","slug":"cubaris-spec-anatra-di-gomma-bionda","status":"publish","type":"product","link":"https:\/\/insektenliebe.com\/it\/shop\/prodotto\/cubaris-spec-anatra-di-gomma-bionda\/","title":{"rendered":"Cubaris spec. \"Anatra di gomma bionda\""},"content":{"rendered":"<div class=\"vc_row wpb_row vc_row-fluid prrow\">\n<div class=\"wpb_column vc_column_container vc_col-sm-3\">\n<div class=\"vc_column-inner \">\n<div class=\"wpb_wrapper\">\n<div class=\"wpb_text_column wpb_content_element \">\n<h3 class=\"p1\"><span style=\"color: #99cc33;\"><strong><span class=\"s1\">Cubaris spec. \"Anatra di gomma bionda\" - La luminosa e affascinante parente dell&#8217;anatra di gomma<\/span><\/strong><\/span><\/h3>\n<p class=\"p1\"><span class=\"s1\"><strong>Cubaris spec. \"Anatra di gomma bionda\"<\/strong>  \u00e8 una variante di colore insolita che salta subito all&#8217;occhio. A differenza dei loro parenti pi\u00f9 scuri, questi isopodi hanno un colore di base tenue, quasi pastello, che va dal giallo chiaro al crema. La tipica faccia a \"becco d&#8217;anatra\" leggermente rovesciata, che d\u00e0 il nome a questa specie, appare particolarmente amichevole ed elegante grazie alla colorazione chiara. Questa combinazione la rende una delle forme pi\u00f9 attraenti e allo stesso tempo pi\u00f9 rare nell&#8217;allevamento dei Cubaris.   <\/span><\/p>\n<p class=\"p1\"><span class=\"s1\">L&#8217;allevamento richiede condizioni simili a quelle delle altre variet\u00e0 di anatre di gomma: un&#8217;umidit\u00e0 costantemente elevata, compresa tra il 75 e l&#8217;85%, unita a una buona ventilazione per evitare i ristagni d&#8217;acqua. Il terrario deve essere vario, con muschio umido e zone frondose e aree pi\u00f9 asciutte dove gli animali possono ritirarsi. Una miscela di terra di bosco, legno bianco marcio, foglie e granuli di sughero \u00e8 adatta come substrato per fornire sia cibo che un substrato scavabile.  <\/span><\/p>\n<p class=\"p1\"><span class=\"s1\">Spettacoli di comportamento <\/span><span class=\"s2\">Anatra di gomma bionda<\/span><span class=\"s1\">  Piuttosto silenzioso, ma curioso non appena si sente al sicuro. Ama muoversi tra cuscini di muschio e pezzi di legno, dove \u00e8 facile osservarlo. La sua colorazione vivace lo rende facile da individuare nel terrario: un punto a favore per chi vuole vedere regolarmente i propri animali.  <\/span><\/p>\n<p class=\"p1\"><span class=\"s1\">Non sono schizzinosi in fatto di cibo: oltre al materiale organico contenuto nel substrato, accettano volentieri fogliame, verdure, proteine e fonti di calcio come l&#8217;osso di seppia. Gli animali di colore chiaro, in particolare, beneficiano di una dieta bilanciata che mantiene la loro colorazione chiara e brillante. <\/span><\/p>\n<p class=\"p1\"><span class=\"s1\"><strong>Cubaris spec. \"Anatra di gomma bionda\"<\/strong>  non \u00e8 solo un componente funzionale del terrario bioattivo, ma anche un vero e proprio richiamo visivo. Se stai cercando una specie di isopode rara, di grande impatto visivo e allo stesso tempo utile, \u00e8 il candidato perfetto. Con le giuste cure, questa bellezza dai colori chiari dar\u00e0 piacere per molto tempo e migliorer\u00e0 visivamente qualsiasi allestimento.  <\/span><\/p>\n<\/div>\n<\/div>\n<\/div>\n<\/div>\n<\/div>\n","protected":false},"excerpt":{"rendered":"<p>La forma chiara dell&#8217;anatra di gomma non \u00e8 una forma coltivata.<\/p>\n","protected":false},"featured_media":188903,"template":"","meta":{"_acf_changed":false},"product-supplier":[],"product_brand":[],"product_cat":[2841,2788],"product_tag":[],"lce-checkout-addons":[2746],"class_list":{"0":"post-188901","1":"product","2":"type-product","3":"status-publish","4":"has-post-thumbnail","6":"product_cat-isopodi-colorati-tropicali-cubaris","7":"product_cat-woodlice","8":"product_shipping_class-spedizione-di-animali","9":"pa_herkunft-thailandia","10":"pa_kontinent-asia","11":"lce-checkout-addons-imballaggio-invernale","13":"first","14":"instock","15":"taxable","16":"shipping-taxable","17":"purchasable","18":"product-type-simple"},"acf":[],"yoast_head":"<!-- This site is optimized with the Yoast SEO plugin v27.3 - https:\/\/yoast.com\/product\/yoast-seo-wordpress\/ -->\n<title>Cubaris spec. &quot;Anatra di gomma bionda&quot; - Insektenliebe %<\/title>\n<meta name=\"description\" content=\"Acquista online l&#039;articolo Cubaris spec. &quot;Anatra di gomma bionda&quot;. Esclusiva e assolutamente unica nell&#039;aspetto e nel comportamento.\" \/>\n<meta name=\"robots\" content=\"index, follow, max-snippet:-1, max-image-preview:large, max-video-preview:-1\" \/>\n<link rel=\"canonical\" href=\"https:\/\/insektenliebe.com\/it\/shop\/prodotto\/cubaris-spec-anatra-di-gomma-bionda\/\" \/>\n<meta property=\"og:locale\" content=\"it_IT\" \/>\n<meta property=\"og:type\" content=\"article\" \/>\n<meta property=\"og:title\" content=\"Cubaris spec. &quot;Anatra di gomma bionda&quot; - Insektenliebe %\" \/>\n<meta property=\"og:description\" content=\"Acquista online l&#039;articolo Cubaris spec. &quot;Anatra di gomma bionda&quot;. Esclusiva e assolutamente unica nell&#039;aspetto e nel comportamento.\" \/>\n<meta property=\"og:url\" content=\"https:\/\/insektenliebe.com\/it\/shop\/prodotto\/cubaris-spec-anatra-di-gomma-bionda\/\" \/>\n<meta property=\"og:site_name\" content=\"Insektenliebe\" \/>\n<meta property=\"article:modified_time\" content=\"2026-03-05T15:51:25+00:00\" \/>\n<meta property=\"og:image\" content=\"https:\/\/insektenliebe.com\/wp-content\/uploads\/2025\/05\/Cubaris-spec.-\u201eBlonde-Rubber-Ducky-2.jpg\" \/>\n\t<meta property=\"og:image:width\" content=\"820\" \/>\n\t<meta property=\"og:image:height\" content=\"820\" \/>\n\t<meta property=\"og:image:type\" content=\"image\/jpeg\" \/>\n<meta name=\"twitter:card\" content=\"summary_large_image\" \/>\n<meta name=\"twitter:label1\" content=\"Tempo di lettura stimato\" \/>\n\t<meta name=\"twitter:data1\" content=\"2 minuto\" \/>\n<script type=\"application\/ld+json\" class=\"yoast-schema-graph\">{\"@context\":\"https:\\\/\\\/schema.org\",\"@graph\":[{\"@type\":\"WebPage\",\"@id\":\"https:\\\/\\\/insektenliebe.com\\\/it\\\/shop\\\/prodotto\\\/cubaris-spec-anatra-di-gomma-bionda\\\/\",\"url\":\"https:\\\/\\\/insektenliebe.com\\\/it\\\/shop\\\/prodotto\\\/cubaris-spec-anatra-di-gomma-bionda\\\/\",\"name\":\"Cubaris spec. \\\"Anatra di gomma bionda\\\" - Insektenliebe %\",\"isPartOf\":{\"@id\":\"https:\\\/\\\/insektenliebe.com\\\/it\\\/#website\"},\"primaryImageOfPage\":{\"@id\":\"https:\\\/\\\/insektenliebe.com\\\/it\\\/shop\\\/prodotto\\\/cubaris-spec-anatra-di-gomma-bionda\\\/#primaryimage\"},\"image\":{\"@id\":\"https:\\\/\\\/insektenliebe.com\\\/it\\\/shop\\\/prodotto\\\/cubaris-spec-anatra-di-gomma-bionda\\\/#primaryimage\"},\"thumbnailUrl\":\"https:\\\/\\\/insektenliebe.com\\\/wp-content\\\/uploads\\\/2025\\\/05\\\/Cubaris-spec.-\u201eBlonde-Rubber-Ducky-2.jpg\",\"datePublished\":\"2020-11-01T07:23:39+00:00\",\"dateModified\":\"2026-03-05T15:51:25+00:00\",\"description\":\"Acquista online l'articolo Cubaris spec. \\\"Anatra di gomma bionda\\\". Esclusiva e assolutamente unica nell'aspetto e nel comportamento.\",\"breadcrumb\":{\"@id\":\"https:\\\/\\\/insektenliebe.com\\\/it\\\/shop\\\/prodotto\\\/cubaris-spec-anatra-di-gomma-bionda\\\/#breadcrumb\"},\"inLanguage\":\"it-IT\",\"potentialAction\":[{\"@type\":\"ReadAction\",\"target\":[\"https:\\\/\\\/insektenliebe.com\\\/it\\\/shop\\\/prodotto\\\/cubaris-spec-anatra-di-gomma-bionda\\\/\"]}]},{\"@type\":\"ImageObject\",\"inLanguage\":\"it-IT\",\"@id\":\"https:\\\/\\\/insektenliebe.com\\\/it\\\/shop\\\/prodotto\\\/cubaris-spec-anatra-di-gomma-bionda\\\/#primaryimage\",\"url\":\"https:\\\/\\\/insektenliebe.com\\\/wp-content\\\/uploads\\\/2025\\\/05\\\/Cubaris-spec.-\u201eBlonde-Rubber-Ducky-2.jpg\",\"contentUrl\":\"https:\\\/\\\/insektenliebe.com\\\/wp-content\\\/uploads\\\/2025\\\/05\\\/Cubaris-spec.-\u201eBlonde-Rubber-Ducky-2.jpg\",\"width\":820,\"height\":820,\"caption\":\"Cubaris-spec. \\\"Biondo-gomma-Ducky-2.jpg\"},{\"@type\":\"BreadcrumbList\",\"@id\":\"https:\\\/\\\/insektenliebe.com\\\/it\\\/shop\\\/prodotto\\\/cubaris-spec-anatra-di-gomma-bionda\\\/#breadcrumb\",\"itemListElement\":[{\"@type\":\"ListItem\",\"position\":1,\"name\":\"Startseite\",\"item\":\"https:\\\/\\\/insektenliebe.com\\\/it\\\/\"},{\"@type\":\"ListItem\",\"position\":2,\"name\":\"Negozio\",\"item\":\"https:\\\/\\\/insektenliebe.com\\\/it\\\/negozio\\\/\"},{\"@type\":\"ListItem\",\"position\":3,\"name\":\"Cubaris spec. \\\"Anatra di gomma bionda\\\"\"}]},{\"@type\":\"WebSite\",\"@id\":\"https:\\\/\\\/insektenliebe.com\\\/it\\\/#website\",\"url\":\"https:\\\/\\\/insektenliebe.com\\\/it\\\/\",\"name\":\"Insektenliebe\",\"description\":\"Dein Zuhause f\u00fcr die kleinen Lebewesen\",\"publisher\":{\"@id\":\"https:\\\/\\\/insektenliebe.com\\\/it\\\/#organization\"},\"potentialAction\":[{\"@type\":\"SearchAction\",\"target\":{\"@type\":\"EntryPoint\",\"urlTemplate\":\"https:\\\/\\\/insektenliebe.com\\\/it\\\/?s={search_term_string}\"},\"query-input\":{\"@type\":\"PropertyValueSpecification\",\"valueRequired\":true,\"valueName\":\"search_term_string\"}}],\"inLanguage\":\"it-IT\"},{\"@type\":\"Organization\",\"@id\":\"https:\\\/\\\/insektenliebe.com\\\/it\\\/#organization\",\"name\":\"Insektenliebe\",\"url\":\"https:\\\/\\\/insektenliebe.com\\\/it\\\/\",\"logo\":{\"@type\":\"ImageObject\",\"inLanguage\":\"it-IT\",\"@id\":\"https:\\\/\\\/insektenliebe.com\\\/it\\\/#\\\/schema\\\/logo\\\/image\\\/\",\"url\":\"https:\\\/\\\/insektenliebe.com\\\/wp-content\\\/uploads\\\/2025\\\/03\\\/logo-white.png\",\"contentUrl\":\"https:\\\/\\\/insektenliebe.com\\\/wp-content\\\/uploads\\\/2025\\\/03\\\/logo-white.png\",\"width\":288,\"height\":188,\"caption\":\"Insektenliebe\"},\"image\":{\"@id\":\"https:\\\/\\\/insektenliebe.com\\\/it\\\/#\\\/schema\\\/logo\\\/image\\\/\"}}]}<\/script>\n<!-- \/ Yoast SEO plugin. -->","yoast_head_json":{"title":"Cubaris spec. \"Anatra di gomma bionda\" - Insektenliebe %","description":"Acquista online l'articolo Cubaris spec. \"Anatra di gomma bionda\". Esclusiva e assolutamente unica nell'aspetto e nel comportamento.","robots":{"index":"index","follow":"follow","max-snippet":"max-snippet:-1","max-image-preview":"max-image-preview:large","max-video-preview":"max-video-preview:-1"},"canonical":"https:\/\/insektenliebe.com\/it\/shop\/prodotto\/cubaris-spec-anatra-di-gomma-bionda\/","og_locale":"it_IT","og_type":"article","og_title":"Cubaris spec. \"Anatra di gomma bionda\" - Insektenliebe %","og_description":"Acquista online l'articolo Cubaris spec. \"Anatra di gomma bionda\". Esclusiva e assolutamente unica nell'aspetto e nel comportamento.","og_url":"https:\/\/insektenliebe.com\/it\/shop\/prodotto\/cubaris-spec-anatra-di-gomma-bionda\/","og_site_name":"Insektenliebe","article_modified_time":"2026-03-05T15:51:25+00:00","og_image":[{"width":820,"height":820,"url":"https:\/\/insektenliebe.com\/wp-content\/uploads\/2025\/05\/Cubaris-spec.-\u201eBlonde-Rubber-Ducky-2.jpg","type":"image\/jpeg"}],"twitter_card":"summary_large_image","twitter_misc":{"Tempo di lettura stimato":"2 minuto"},"schema":{"@context":"https:\/\/schema.org","@graph":[{"@type":"WebPage","@id":"https:\/\/insektenliebe.com\/it\/shop\/prodotto\/cubaris-spec-anatra-di-gomma-bionda\/","url":"https:\/\/insektenliebe.com\/it\/shop\/prodotto\/cubaris-spec-anatra-di-gomma-bionda\/","name":"Cubaris spec. \"Anatra di gomma bionda\" - Insektenliebe %","isPartOf":{"@id":"https:\/\/insektenliebe.com\/it\/#website"},"primaryImageOfPage":{"@id":"https:\/\/insektenliebe.com\/it\/shop\/prodotto\/cubaris-spec-anatra-di-gomma-bionda\/#primaryimage"},"image":{"@id":"https:\/\/insektenliebe.com\/it\/shop\/prodotto\/cubaris-spec-anatra-di-gomma-bionda\/#primaryimage"},"thumbnailUrl":"https:\/\/insektenliebe.com\/wp-content\/uploads\/2025\/05\/Cubaris-spec.-\u201eBlonde-Rubber-Ducky-2.jpg","datePublished":"2020-11-01T07:23:39+00:00","dateModified":"2026-03-05T15:51:25+00:00","description":"Acquista online l'articolo Cubaris spec. \"Anatra di gomma bionda\". Esclusiva e assolutamente unica nell'aspetto e nel comportamento.","breadcrumb":{"@id":"https:\/\/insektenliebe.com\/it\/shop\/prodotto\/cubaris-spec-anatra-di-gomma-bionda\/#breadcrumb"},"inLanguage":"it-IT","potentialAction":[{"@type":"ReadAction","target":["https:\/\/insektenliebe.com\/it\/shop\/prodotto\/cubaris-spec-anatra-di-gomma-bionda\/"]}]},{"@type":"ImageObject","inLanguage":"it-IT","@id":"https:\/\/insektenliebe.com\/it\/shop\/prodotto\/cubaris-spec-anatra-di-gomma-bionda\/#primaryimage","url":"https:\/\/insektenliebe.com\/wp-content\/uploads\/2025\/05\/Cubaris-spec.-\u201eBlonde-Rubber-Ducky-2.jpg","contentUrl":"https:\/\/insektenliebe.com\/wp-content\/uploads\/2025\/05\/Cubaris-spec.-\u201eBlonde-Rubber-Ducky-2.jpg","width":820,"height":820,"caption":"Cubaris-spec. \"Biondo-gomma-Ducky-2.jpg"},{"@type":"BreadcrumbList","@id":"https:\/\/insektenliebe.com\/it\/shop\/prodotto\/cubaris-spec-anatra-di-gomma-bionda\/#breadcrumb","itemListElement":[{"@type":"ListItem","position":1,"name":"Startseite","item":"https:\/\/insektenliebe.com\/it\/"},{"@type":"ListItem","position":2,"name":"Negozio","item":"https:\/\/insektenliebe.com\/it\/negozio\/"},{"@type":"ListItem","position":3,"name":"Cubaris spec. \"Anatra di gomma bionda\""}]},{"@type":"WebSite","@id":"https:\/\/insektenliebe.com\/it\/#website","url":"https:\/\/insektenliebe.com\/it\/","name":"Insektenliebe","description":"Dein Zuhause f\u00fcr die kleinen Lebewesen","publisher":{"@id":"https:\/\/insektenliebe.com\/it\/#organization"},"potentialAction":[{"@type":"SearchAction","target":{"@type":"EntryPoint","urlTemplate":"https:\/\/insektenliebe.com\/it\/?s={search_term_string}"},"query-input":{"@type":"PropertyValueSpecification","valueRequired":true,"valueName":"search_term_string"}}],"inLanguage":"it-IT"},{"@type":"Organization","@id":"https:\/\/insektenliebe.com\/it\/#organization","name":"Insektenliebe","url":"https:\/\/insektenliebe.com\/it\/","logo":{"@type":"ImageObject","inLanguage":"it-IT","@id":"https:\/\/insektenliebe.com\/it\/#\/schema\/logo\/image\/","url":"https:\/\/insektenliebe.com\/wp-content\/uploads\/2025\/03\/logo-white.png","contentUrl":"https:\/\/insektenliebe.com\/wp-content\/uploads\/2025\/03\/logo-white.png","width":288,"height":188,"caption":"Insektenliebe"},"image":{"@id":"https:\/\/insektenliebe.com\/it\/#\/schema\/logo\/image\/"}}]}},"_links":{"self":[{"href":"https:\/\/insektenliebe.com\/it\/wp-json\/wp\/v2\/product\/188901","targetHints":{"allow":["GET"]}}],"collection":[{"href":"https:\/\/insektenliebe.com\/it\/wp-json\/wp\/v2\/product"}],"about":[{"href":"https:\/\/insektenliebe.com\/it\/wp-json\/wp\/v2\/types\/product"}],"wp:featuredmedia":[{"embeddable":true,"href":"https:\/\/insektenliebe.com\/it\/wp-json\/wp\/v2\/media\/188903"}],"wp:attachment":[{"href":"https:\/\/insektenliebe.com\/it\/wp-json\/wp\/v2\/media?parent=188901"}],"wp:term":[{"taxonomy":"product-supplier","embeddable":true,"href":"https:\/\/insektenliebe.com\/it\/wp-json\/wp\/v2\/product-supplier?post=188901"},{"taxonomy":"product_brand","embeddable":true,"href":"https:\/\/insektenliebe.com\/it\/wp-json\/wp\/v2\/product_brand?post=188901"},{"taxonomy":"product_cat","embeddable":true,"href":"https:\/\/insektenliebe.com\/it\/wp-json\/wp\/v2\/product_cat?post=188901"},{"taxonomy":"product_tag","embeddable":true,"href":"https:\/\/insektenliebe.com\/it\/wp-json\/wp\/v2\/product_tag?post=188901"},{"taxonomy":"lce-checkout-addons","embeddable":true,"href":"https:\/\/insektenliebe.com\/it\/wp-json\/wp\/v2\/lce-checkout-addons?post=188901"}],"curies":[{"name":"wp","href":"https:\/\/api.w.org\/{rel}","templated":true}]}}