{"id":188900,"date":"2026-02-20T07:17:19","date_gmt":"2026-02-20T06:17:19","guid":{"rendered":"https:\/\/insektenliebe.com\/shop\/produkt\/spirobolellus-spec-maui\/"},"modified":"2026-03-29T21:46:24","modified_gmt":"2026-03-29T19:46:24","slug":"spirobolellus-spec-maui","status":"publish","type":"product","link":"https:\/\/insektenliebe.com\/it\/shop\/prodotto\/spirobolellus-spec-maui\/","title":{"rendered":"Spirobolellus spec. \"Maui\""},"content":{"rendered":"<h3 class=\"p1\"><span style=\"color: #99cc33\"><strong><span class=\"s1\">Spirobolellus spec. \"Maui\" - Millepiedi tropicale dal comportamento tranquillo <\/span><\/strong><\/span><\/h3>\n<p class=\"p1\"><strong><span class=\"s1\">Spirobolellus spec. \"Maui\" <\/span><\/strong><span class=\"s2\">  \u00e8 un millepiedi dai disegni sorprendenti che colpisce soprattutto per la sua natura e il suo aspetto tranquillo. La colorazione intensa e spesso contrastante gli conferisce un aspetto esotico che cattura immediatamente l&#8217;attenzione nel terrario. Allo stesso tempo, questa specie si muove lentamente e deliberatamente, il che la rende particolarmente piacevole da osservare.  <\/span><\/p>\n<p class=\"p1\"><span class=\"s2\"><strong>Spirobolellus spec. \"Maui\" <\/strong>  \u00e8 orientata verso il fondo e preferisce vivere nel substrato e sotto foglie, pezzi di legno o corteccia. Non scava in profondit\u00e0, ma utilizza attivamente il substrato sciolto per ritirarsi. Un terrario strutturalmente ricco, con humus di bosco, uno strato di foglie e legno bianco marcio, favorisce molto il suo comportamento naturale. Il lento vagare sul terreno \u00e8 ci\u00f2 che lo rende cos\u00ec attraente.   <\/span><\/p>\n<p class=\"p1\"><span class=\"s2\">Il clima deve essere moderatamente umido, poich\u00e9 questa specie reagisce in modo sensibile a condizioni di siccit\u00e0 permanente. Allo stesso tempo, \u00e8 importante una buona ventilazione per evitare i ristagni d&#8217;acqua. In un microclima stabile    <strong>Spirobolellus spec. \"Maui\" <\/strong>  regolarmente, soprattutto la sera o dopo una leggera irrorazione.<\/span><\/p>\n<p class=\"p1\"><span class=\"s2\">Questo millepiedi si nutre principalmente di materiale vegetale in decomposizione. Foglie, legno bianco marcio e cibo per millepiedi di alta qualit\u00e0 costituiscono una buona base. Gli animali amano anche mangiare additivi vegetali. Grazie a questa dieta, contribuiscono attivamente alla decomposizione dei materiali organici nel terrario.   <\/span><\/p>\n<p class=\"p1\"><span class=\"s2\">Il comportamento mostra  <strong>Spirobolellus spec. \"Maui\" <\/strong>  Tranquillo e poco stressato. Si raggomitola quando viene disturbato, ma si ritira rapidamente nel suo ambiente familiare. \u00c8 quindi molto adatto agli osservatori tranquilli che apprezzano un terrario naturale. Un terrario di 20x20x20 cm \u00e8 del tutto sufficiente.     <\/span><\/p>\n<p class=\"p1\"><span class=\"s2\"><strong>Spirobolellus spec. \"Maui\" <\/strong>  non \u00e8 un animale frenetico, ma un abitante tranquillo con una forte presenza. I suoi colori, la sua natura tranquilla e i suoi benefici ecologici la rendono una scelta entusiasmante per chi non solo vuole tenere i millepiedi, ma vuole anche osservarli. <\/span><\/p>\n","protected":false},"excerpt":{"rendered":"<p>Spirobolellus spec. \"Maui\" - Millepiedi tropicale dal comportamento tranquillo Spirobolellus spec. \"Maui\" \u00e8 un millepiedi dai disegni sorprendenti che colpisce soprattutto per la sua natura e il suo aspetto tranquillo. La colorazione intensa e spesso contrastante gli conferisce un aspetto esotico che cattura immediatamente l&#8217;attenzione nel terrario. Allo stesso tempo, questa specie si muove lentamente [&hellip;]<\/p>\n","protected":false},"featured_media":188902,"template":"","meta":{"_acf_changed":false},"product-supplier":[],"product_brand":[2853],"product_cat":[2870],"product_tag":[],"lce-checkout-addons":[2746],"class_list":{"0":"post-188900","1":"product","2":"type-product","3":"status-publish","4":"has-post-thumbnail","6":"product_brand-insektenliebe","7":"product_cat-millipede","8":"product_shipping_class-spedizione-di-animali","9":"pa_geschlecht-indeterminato","10":"pa_herkunft-maui","11":"pa_kontinent-nord-america","12":"lce-checkout-addons-imballaggio-invernale","14":"first","15":"instock","16":"taxable","17":"shipping-taxable","18":"purchasable","19":"product-type-variable"},"acf":[],"yoast_head":"<!-- This site is optimized with the Yoast SEO plugin v27.3 - https:\/\/yoast.com\/product\/yoast-seo-wordpress\/ -->\n<title>Spirobolellus spec. &quot;Maui&quot; - Insektenliebe<\/title>\n<meta name=\"description\" content=\"Spirobolellus spec. &quot;Maui&quot; - millepiedi colorato dalla natura tranquilla, ideale per terrari quasi naturali e osservazioni emozionanti.\" \/>\n<meta name=\"robots\" content=\"index, follow, max-snippet:-1, max-image-preview:large, max-video-preview:-1\" \/>\n<link rel=\"canonical\" href=\"https:\/\/insektenliebe.com\/it\/shop\/prodotto\/spirobolellus-spec-maui\/\" \/>\n<meta property=\"og:locale\" content=\"it_IT\" \/>\n<meta property=\"og:type\" content=\"article\" \/>\n<meta property=\"og:title\" content=\"Spirobolellus spec. &quot;Maui&quot; - Insektenliebe\" \/>\n<meta property=\"og:description\" content=\"Spirobolellus spec. &quot;Maui&quot; - millepiedi colorato dalla natura tranquilla, ideale per terrari quasi naturali e osservazioni emozionanti.\" \/>\n<meta property=\"og:url\" content=\"https:\/\/insektenliebe.com\/it\/shop\/prodotto\/spirobolellus-spec-maui\/\" \/>\n<meta property=\"og:site_name\" content=\"Insektenliebe\" \/>\n<meta property=\"article:modified_time\" content=\"2026-03-29T19:46:24+00:00\" \/>\n<meta property=\"og:image\" content=\"https:\/\/insektenliebe.com\/wp-content\/uploads\/2026\/02\/Spirobolellus-spec.-\u201eMaui.jpg\" \/>\n\t<meta property=\"og:image:width\" content=\"820\" \/>\n\t<meta property=\"og:image:height\" content=\"820\" \/>\n\t<meta property=\"og:image:type\" content=\"image\/jpeg\" \/>\n<meta name=\"twitter:card\" content=\"summary_large_image\" \/>\n<meta name=\"twitter:label1\" content=\"Tempo di lettura stimato\" \/>\n\t<meta name=\"twitter:data1\" content=\"2 minuto\" \/>\n<script type=\"application\/ld+json\" class=\"yoast-schema-graph\">{\"@context\":\"https:\\\/\\\/schema.org\",\"@graph\":[{\"@type\":\"WebPage\",\"@id\":\"https:\\\/\\\/insektenliebe.com\\\/it\\\/shop\\\/prodotto\\\/spirobolellus-spec-maui\\\/\",\"url\":\"https:\\\/\\\/insektenliebe.com\\\/it\\\/shop\\\/prodotto\\\/spirobolellus-spec-maui\\\/\",\"name\":\"Spirobolellus spec. \\\"Maui\\\" - Insektenliebe\",\"isPartOf\":{\"@id\":\"https:\\\/\\\/insektenliebe.com\\\/it\\\/#website\"},\"primaryImageOfPage\":{\"@id\":\"https:\\\/\\\/insektenliebe.com\\\/it\\\/shop\\\/prodotto\\\/spirobolellus-spec-maui\\\/#primaryimage\"},\"image\":{\"@id\":\"https:\\\/\\\/insektenliebe.com\\\/it\\\/shop\\\/prodotto\\\/spirobolellus-spec-maui\\\/#primaryimage\"},\"thumbnailUrl\":\"https:\\\/\\\/insektenliebe.com\\\/wp-content\\\/uploads\\\/2026\\\/02\\\/Spirobolellus-spec.-\u201eMaui.jpg\",\"datePublished\":\"2026-02-20T06:17:19+00:00\",\"dateModified\":\"2026-03-29T19:46:24+00:00\",\"description\":\"Spirobolellus spec. \\\"Maui\\\" - millepiedi colorato dalla natura tranquilla, ideale per terrari quasi naturali e osservazioni emozionanti.\",\"breadcrumb\":{\"@id\":\"https:\\\/\\\/insektenliebe.com\\\/it\\\/shop\\\/prodotto\\\/spirobolellus-spec-maui\\\/#breadcrumb\"},\"inLanguage\":\"it-IT\",\"potentialAction\":[{\"@type\":\"ReadAction\",\"target\":[\"https:\\\/\\\/insektenliebe.com\\\/it\\\/shop\\\/prodotto\\\/spirobolellus-spec-maui\\\/\"]}]},{\"@type\":\"ImageObject\",\"inLanguage\":\"it-IT\",\"@id\":\"https:\\\/\\\/insektenliebe.com\\\/it\\\/shop\\\/prodotto\\\/spirobolellus-spec-maui\\\/#primaryimage\",\"url\":\"https:\\\/\\\/insektenliebe.com\\\/wp-content\\\/uploads\\\/2026\\\/02\\\/Spirobolellus-spec.-\u201eMaui.jpg\",\"contentUrl\":\"https:\\\/\\\/insektenliebe.com\\\/wp-content\\\/uploads\\\/2026\\\/02\\\/Spirobolellus-spec.-\u201eMaui.jpg\",\"width\":820,\"height\":820,\"caption\":\"Spirobolellus spec. \\\"Maui\\\"\"},{\"@type\":\"BreadcrumbList\",\"@id\":\"https:\\\/\\\/insektenliebe.com\\\/it\\\/shop\\\/prodotto\\\/spirobolellus-spec-maui\\\/#breadcrumb\",\"itemListElement\":[{\"@type\":\"ListItem\",\"position\":1,\"name\":\"Startseite\",\"item\":\"https:\\\/\\\/insektenliebe.com\\\/it\\\/\"},{\"@type\":\"ListItem\",\"position\":2,\"name\":\"Negozio\",\"item\":\"https:\\\/\\\/insektenliebe.com\\\/it\\\/negozio\\\/\"},{\"@type\":\"ListItem\",\"position\":3,\"name\":\"Spirobolellus spec. \\\"Maui\\\"\"}]},{\"@type\":\"WebSite\",\"@id\":\"https:\\\/\\\/insektenliebe.com\\\/it\\\/#website\",\"url\":\"https:\\\/\\\/insektenliebe.com\\\/it\\\/\",\"name\":\"Insektenliebe\",\"description\":\"Dein Zuhause f\u00fcr die kleinen Lebewesen\",\"publisher\":{\"@id\":\"https:\\\/\\\/insektenliebe.com\\\/it\\\/#organization\"},\"potentialAction\":[{\"@type\":\"SearchAction\",\"target\":{\"@type\":\"EntryPoint\",\"urlTemplate\":\"https:\\\/\\\/insektenliebe.com\\\/it\\\/?s={search_term_string}\"},\"query-input\":{\"@type\":\"PropertyValueSpecification\",\"valueRequired\":true,\"valueName\":\"search_term_string\"}}],\"inLanguage\":\"it-IT\"},{\"@type\":\"Organization\",\"@id\":\"https:\\\/\\\/insektenliebe.com\\\/it\\\/#organization\",\"name\":\"Insektenliebe\",\"url\":\"https:\\\/\\\/insektenliebe.com\\\/it\\\/\",\"logo\":{\"@type\":\"ImageObject\",\"inLanguage\":\"it-IT\",\"@id\":\"https:\\\/\\\/insektenliebe.com\\\/it\\\/#\\\/schema\\\/logo\\\/image\\\/\",\"url\":\"https:\\\/\\\/insektenliebe.com\\\/wp-content\\\/uploads\\\/2025\\\/03\\\/logo-white.png\",\"contentUrl\":\"https:\\\/\\\/insektenliebe.com\\\/wp-content\\\/uploads\\\/2025\\\/03\\\/logo-white.png\",\"width\":288,\"height\":188,\"caption\":\"Insektenliebe\"},\"image\":{\"@id\":\"https:\\\/\\\/insektenliebe.com\\\/it\\\/#\\\/schema\\\/logo\\\/image\\\/\"}}]}<\/script>\n<!-- \/ Yoast SEO plugin. -->","yoast_head_json":{"title":"Spirobolellus spec. \"Maui\" - Insektenliebe","description":"Spirobolellus spec. \"Maui\" - millepiedi colorato dalla natura tranquilla, ideale per terrari quasi naturali e osservazioni emozionanti.","robots":{"index":"index","follow":"follow","max-snippet":"max-snippet:-1","max-image-preview":"max-image-preview:large","max-video-preview":"max-video-preview:-1"},"canonical":"https:\/\/insektenliebe.com\/it\/shop\/prodotto\/spirobolellus-spec-maui\/","og_locale":"it_IT","og_type":"article","og_title":"Spirobolellus spec. \"Maui\" - Insektenliebe","og_description":"Spirobolellus spec. \"Maui\" - millepiedi colorato dalla natura tranquilla, ideale per terrari quasi naturali e osservazioni emozionanti.","og_url":"https:\/\/insektenliebe.com\/it\/shop\/prodotto\/spirobolellus-spec-maui\/","og_site_name":"Insektenliebe","article_modified_time":"2026-03-29T19:46:24+00:00","og_image":[{"width":820,"height":820,"url":"https:\/\/insektenliebe.com\/wp-content\/uploads\/2026\/02\/Spirobolellus-spec.-\u201eMaui.jpg","type":"image\/jpeg"}],"twitter_card":"summary_large_image","twitter_misc":{"Tempo di lettura stimato":"2 minuto"},"schema":{"@context":"https:\/\/schema.org","@graph":[{"@type":"WebPage","@id":"https:\/\/insektenliebe.com\/it\/shop\/prodotto\/spirobolellus-spec-maui\/","url":"https:\/\/insektenliebe.com\/it\/shop\/prodotto\/spirobolellus-spec-maui\/","name":"Spirobolellus spec. \"Maui\" - Insektenliebe","isPartOf":{"@id":"https:\/\/insektenliebe.com\/it\/#website"},"primaryImageOfPage":{"@id":"https:\/\/insektenliebe.com\/it\/shop\/prodotto\/spirobolellus-spec-maui\/#primaryimage"},"image":{"@id":"https:\/\/insektenliebe.com\/it\/shop\/prodotto\/spirobolellus-spec-maui\/#primaryimage"},"thumbnailUrl":"https:\/\/insektenliebe.com\/wp-content\/uploads\/2026\/02\/Spirobolellus-spec.-\u201eMaui.jpg","datePublished":"2026-02-20T06:17:19+00:00","dateModified":"2026-03-29T19:46:24+00:00","description":"Spirobolellus spec. \"Maui\" - millepiedi colorato dalla natura tranquilla, ideale per terrari quasi naturali e osservazioni emozionanti.","breadcrumb":{"@id":"https:\/\/insektenliebe.com\/it\/shop\/prodotto\/spirobolellus-spec-maui\/#breadcrumb"},"inLanguage":"it-IT","potentialAction":[{"@type":"ReadAction","target":["https:\/\/insektenliebe.com\/it\/shop\/prodotto\/spirobolellus-spec-maui\/"]}]},{"@type":"ImageObject","inLanguage":"it-IT","@id":"https:\/\/insektenliebe.com\/it\/shop\/prodotto\/spirobolellus-spec-maui\/#primaryimage","url":"https:\/\/insektenliebe.com\/wp-content\/uploads\/2026\/02\/Spirobolellus-spec.-\u201eMaui.jpg","contentUrl":"https:\/\/insektenliebe.com\/wp-content\/uploads\/2026\/02\/Spirobolellus-spec.-\u201eMaui.jpg","width":820,"height":820,"caption":"Spirobolellus spec. \"Maui\""},{"@type":"BreadcrumbList","@id":"https:\/\/insektenliebe.com\/it\/shop\/prodotto\/spirobolellus-spec-maui\/#breadcrumb","itemListElement":[{"@type":"ListItem","position":1,"name":"Startseite","item":"https:\/\/insektenliebe.com\/it\/"},{"@type":"ListItem","position":2,"name":"Negozio","item":"https:\/\/insektenliebe.com\/it\/negozio\/"},{"@type":"ListItem","position":3,"name":"Spirobolellus spec. \"Maui\""}]},{"@type":"WebSite","@id":"https:\/\/insektenliebe.com\/it\/#website","url":"https:\/\/insektenliebe.com\/it\/","name":"Insektenliebe","description":"Dein Zuhause f\u00fcr die kleinen Lebewesen","publisher":{"@id":"https:\/\/insektenliebe.com\/it\/#organization"},"potentialAction":[{"@type":"SearchAction","target":{"@type":"EntryPoint","urlTemplate":"https:\/\/insektenliebe.com\/it\/?s={search_term_string}"},"query-input":{"@type":"PropertyValueSpecification","valueRequired":true,"valueName":"search_term_string"}}],"inLanguage":"it-IT"},{"@type":"Organization","@id":"https:\/\/insektenliebe.com\/it\/#organization","name":"Insektenliebe","url":"https:\/\/insektenliebe.com\/it\/","logo":{"@type":"ImageObject","inLanguage":"it-IT","@id":"https:\/\/insektenliebe.com\/it\/#\/schema\/logo\/image\/","url":"https:\/\/insektenliebe.com\/wp-content\/uploads\/2025\/03\/logo-white.png","contentUrl":"https:\/\/insektenliebe.com\/wp-content\/uploads\/2025\/03\/logo-white.png","width":288,"height":188,"caption":"Insektenliebe"},"image":{"@id":"https:\/\/insektenliebe.com\/it\/#\/schema\/logo\/image\/"}}]}},"_links":{"self":[{"href":"https:\/\/insektenliebe.com\/it\/wp-json\/wp\/v2\/product\/188900","targetHints":{"allow":["GET"]}}],"collection":[{"href":"https:\/\/insektenliebe.com\/it\/wp-json\/wp\/v2\/product"}],"about":[{"href":"https:\/\/insektenliebe.com\/it\/wp-json\/wp\/v2\/types\/product"}],"wp:featuredmedia":[{"embeddable":true,"href":"https:\/\/insektenliebe.com\/it\/wp-json\/wp\/v2\/media\/188902"}],"wp:attachment":[{"href":"https:\/\/insektenliebe.com\/it\/wp-json\/wp\/v2\/media?parent=188900"}],"wp:term":[{"taxonomy":"product-supplier","embeddable":true,"href":"https:\/\/insektenliebe.com\/it\/wp-json\/wp\/v2\/product-supplier?post=188900"},{"taxonomy":"product_brand","embeddable":true,"href":"https:\/\/insektenliebe.com\/it\/wp-json\/wp\/v2\/product_brand?post=188900"},{"taxonomy":"product_cat","embeddable":true,"href":"https:\/\/insektenliebe.com\/it\/wp-json\/wp\/v2\/product_cat?post=188900"},{"taxonomy":"product_tag","embeddable":true,"href":"https:\/\/insektenliebe.com\/it\/wp-json\/wp\/v2\/product_tag?post=188900"},{"taxonomy":"lce-checkout-addons","embeddable":true,"href":"https:\/\/insektenliebe.com\/it\/wp-json\/wp\/v2\/lce-checkout-addons?post=188900"}],"curies":[{"name":"wp","href":"https:\/\/api.w.org\/{rel}","templated":true}]}}