{"id":188852,"date":"2021-01-21T12:44:00","date_gmt":"2021-01-21T11:44:00","guid":{"rendered":"https:\/\/insektenliebe.com\/shop\/produkt\/archachatina-marginata-ovum\/"},"modified":"2026-02-27T08:57:57","modified_gmt":"2026-02-27T07:57:57","slug":"archachatina-marginata-ovum","status":"publish","type":"product","link":"https:\/\/insektenliebe.com\/it\/shop\/prodotto\/archachatina-marginata-ovum\/","title":{"rendered":"Archachatina marginata ovum"},"content":{"rendered":"<h3><span class=\"s1\" style=\"color: #99cc33;\">Archachatina marginata ovum - Dimensioni impressionanti, natura tranquilla<\/span><\/h3>\n<p class=\"p1\"><strong><span class=\"s1\">Archachatina marginata ovum<\/span><\/strong><span class=\"s2\">  \u00e8 una delle lumache giganti africane pi\u00f9 impressionanti in assoluto. Questa sottospecie di Archachatina marginata \u00e8 originaria dell&#8217;Africa occidentale, in particolare di paesi come Ghana, Togo e Nigeria. Qui vive in aree forestali calde e umide, con un alto tasso di umidit\u00e0 e temperature costanti. \u00c8 proprio questo clima che dovresti ricreare nel terrario.   <\/span><\/p>\n<p class=\"p1\"><span class=\"s2\">Il corpo appare massiccio, forte e largo. Gli animali sviluppano un aspetto imponente e spesso raggiungono una lunghezza del corpo di oltre 16 cm quando sono completamente cresciuti, a volte anche di pi\u00f9. Si caratterizzano per il loro guscio robusto e dalle pareti spesse, che appare molto pi\u00f9 robusto di quello di molte specie di Achatina. La loro natura calma e deliberata li rende affascinanti da osservare nella vita quotidiana.   <\/span><\/p>\n<p class=\"p1\"><span class=\"s2\">Per tenerli \u00e8 consigliabile un terrario spazioso con sufficiente spazio sul pavimento. Lo strato di terreno deve essere profondo in modo che gli animali possano scavare. L&#8217;humus forestale sciolto e leggermente umido \u00e8 l&#8217;ideale. La temperatura deve essere compresa tra i 24 e i 28 \u00b0C. Allo stesso tempo, <span class=\"s1\">questa specie<\/span> richiede un&#8217;umidit\u00e0 elevata, pari a circa il 75-85%. Tuttavia, la vasca deve essere ben ventilata per evitare la formazione di muffe.     <\/span><\/p>\n<p class=\"p1\"><span class=\"s2\">Come cibo servono verdure fresche, erbe selvatiche e occasionalmente frutta. Una fonte costante di calcio \u00e8 particolarmente importante   <\/span><span class=\"s2\">attraverso gli ossi di seppia. Questo \u00e8 l&#8217;unico modo per far s\u00ec che la conchiglia si sviluppi in modo stabile e uniforme. Anche gli integratori contenenti proteine possono favorire la crescita.  <\/span><\/p>\n<p class=\"p1\"><span class=\"s2\"><strong><span class=\"s1\">Archachatina marginata ovum<\/span><\/strong> cresce pi\u00f9 lentamente di molte altre specie di lumache giganti. Tuttavia, gli animali raggiungono una dimensione finale impressionante e possono vivere per diversi anni. In questo caso la pazienza paga. Se crei delle condizioni stabili e te ne prendi cura regolarmente, potrai goderti queste straordinarie lumache di terra per molto tempo.   <\/span><\/p>\n<p class=\"p1\"><span class=\"s2\">Questa specie \u00e8 adatta a detentori con una certa esperienza, poich\u00e9 il clima e l&#8217;igiene devono essere costantemente monitorati. Con le giuste cure <strong><span class=\"s1\">Archachatina marginata ovum<\/span><\/strong> si trasforma in un abitante del terrario tranquillo, imponente e assolutamente affascinante. <\/span><\/p>\n","protected":false},"excerpt":{"rendered":"<p>Archachatina marginata ovum - Dimensioni impressionanti, natura tranquilla Archachatina marginata ovum \u00e8 una delle lumache giganti africane pi\u00f9 impressionanti in assoluto. Questa sottospecie di Archachatina marginata \u00e8 originaria dell&#8217;Africa occidentale, in particolare di paesi come Ghana, Togo e Nigeria. Qui vive in aree forestali calde e umide, con un alto tasso di umidit\u00e0 e temperature [&hellip;]<\/p>\n","protected":false},"featured_media":187520,"template":"","meta":{"_acf_changed":false},"product-supplier":[],"product_brand":[],"product_cat":[3086],"product_tag":[],"lce-checkout-addons":[2746],"class_list":{"0":"post-188852","1":"product","2":"type-product","3":"status-publish","4":"has-post-thumbnail","6":"product_cat-lumache","7":"product_shipping_class-spedizione-di-animali","8":"pa_herkunft-nigeria","9":"pa_kontinent-africa","10":"lce-checkout-addons-imballaggio-invernale","12":"first","13":"instock","14":"taxable","15":"shipping-taxable","16":"purchasable","17":"product-type-variable"},"acf":[],"yoast_head":"<!-- This site is optimized with the Yoast SEO plugin v27.3 - https:\/\/yoast.com\/product\/yoast-seo-wordpress\/ -->\n<title>Archachatina marginata ovum - Insektenliebe<\/title>\n<meta name=\"description\" content=\"Archachatina marginata Ovum - impressionante lumaca gigante con un guscio resistente, alta umidit\u00e0 e molto spazio.\" \/>\n<meta name=\"robots\" content=\"index, follow, max-snippet:-1, max-image-preview:large, max-video-preview:-1\" \/>\n<link rel=\"canonical\" href=\"https:\/\/insektenliebe.com\/it\/shop\/prodotto\/archachatina-marginata-ovum\/\" \/>\n<meta property=\"og:locale\" content=\"it_IT\" \/>\n<meta property=\"og:type\" content=\"article\" \/>\n<meta property=\"og:title\" content=\"Archachatina marginata ovum - Insektenliebe\" \/>\n<meta property=\"og:description\" content=\"Archachatina marginata Ovum - impressionante lumaca gigante con un guscio resistente, alta umidit\u00e0 e molto spazio.\" \/>\n<meta property=\"og:url\" content=\"https:\/\/insektenliebe.com\/it\/shop\/prodotto\/archachatina-marginata-ovum\/\" \/>\n<meta property=\"og:site_name\" content=\"Insektenliebe\" \/>\n<meta property=\"article:modified_time\" content=\"2026-02-27T07:57:57+00:00\" \/>\n<meta property=\"og:image\" content=\"https:\/\/insektenliebe.com\/wp-content\/uploads\/2025\/05\/Archachatina-marginata-ovum-1-2.jpg\" \/>\n\t<meta property=\"og:image:width\" content=\"820\" \/>\n\t<meta property=\"og:image:height\" content=\"820\" \/>\n\t<meta property=\"og:image:type\" content=\"image\/jpeg\" \/>\n<meta name=\"twitter:card\" content=\"summary_large_image\" \/>\n<meta name=\"twitter:label1\" content=\"Tempo di lettura stimato\" \/>\n\t<meta name=\"twitter:data1\" content=\"2 minuto\" \/>\n<script type=\"application\/ld+json\" class=\"yoast-schema-graph\">{\"@context\":\"https:\\\/\\\/schema.org\",\"@graph\":[{\"@type\":\"WebPage\",\"@id\":\"https:\\\/\\\/insektenliebe.com\\\/it\\\/shop\\\/prodotto\\\/archachatina-marginata-ovum\\\/\",\"url\":\"https:\\\/\\\/insektenliebe.com\\\/it\\\/shop\\\/prodotto\\\/archachatina-marginata-ovum\\\/\",\"name\":\"Archachatina marginata ovum - Insektenliebe\",\"isPartOf\":{\"@id\":\"https:\\\/\\\/insektenliebe.com\\\/it\\\/#website\"},\"primaryImageOfPage\":{\"@id\":\"https:\\\/\\\/insektenliebe.com\\\/it\\\/shop\\\/prodotto\\\/archachatina-marginata-ovum\\\/#primaryimage\"},\"image\":{\"@id\":\"https:\\\/\\\/insektenliebe.com\\\/it\\\/shop\\\/prodotto\\\/archachatina-marginata-ovum\\\/#primaryimage\"},\"thumbnailUrl\":\"https:\\\/\\\/insektenliebe.com\\\/wp-content\\\/uploads\\\/2025\\\/05\\\/Archachatina-marginata-ovum-1-2.jpg\",\"datePublished\":\"2021-01-21T11:44:00+00:00\",\"dateModified\":\"2026-02-27T07:57:57+00:00\",\"description\":\"Archachatina marginata Ovum - impressionante lumaca gigante con un guscio resistente, alta umidit\u00e0 e molto spazio.\",\"breadcrumb\":{\"@id\":\"https:\\\/\\\/insektenliebe.com\\\/it\\\/shop\\\/prodotto\\\/archachatina-marginata-ovum\\\/#breadcrumb\"},\"inLanguage\":\"it-IT\",\"potentialAction\":[{\"@type\":\"ReadAction\",\"target\":[\"https:\\\/\\\/insektenliebe.com\\\/it\\\/shop\\\/prodotto\\\/archachatina-marginata-ovum\\\/\"]}]},{\"@type\":\"ImageObject\",\"inLanguage\":\"it-IT\",\"@id\":\"https:\\\/\\\/insektenliebe.com\\\/it\\\/shop\\\/prodotto\\\/archachatina-marginata-ovum\\\/#primaryimage\",\"url\":\"https:\\\/\\\/insektenliebe.com\\\/wp-content\\\/uploads\\\/2025\\\/05\\\/Archachatina-marginata-ovum-1-2.jpg\",\"contentUrl\":\"https:\\\/\\\/insektenliebe.com\\\/wp-content\\\/uploads\\\/2025\\\/05\\\/Archachatina-marginata-ovum-1-2.jpg\",\"width\":820,\"height\":820,\"caption\":\"Archachatina marginata ovum\"},{\"@type\":\"BreadcrumbList\",\"@id\":\"https:\\\/\\\/insektenliebe.com\\\/it\\\/shop\\\/prodotto\\\/archachatina-marginata-ovum\\\/#breadcrumb\",\"itemListElement\":[{\"@type\":\"ListItem\",\"position\":1,\"name\":\"Startseite\",\"item\":\"https:\\\/\\\/insektenliebe.com\\\/it\\\/\"},{\"@type\":\"ListItem\",\"position\":2,\"name\":\"Negozio\",\"item\":\"https:\\\/\\\/insektenliebe.com\\\/it\\\/negozio\\\/\"},{\"@type\":\"ListItem\",\"position\":3,\"name\":\"Archachatina marginata ovum\"}]},{\"@type\":\"WebSite\",\"@id\":\"https:\\\/\\\/insektenliebe.com\\\/it\\\/#website\",\"url\":\"https:\\\/\\\/insektenliebe.com\\\/it\\\/\",\"name\":\"Insektenliebe\",\"description\":\"Dein Zuhause f\u00fcr die kleinen Lebewesen\",\"publisher\":{\"@id\":\"https:\\\/\\\/insektenliebe.com\\\/it\\\/#organization\"},\"potentialAction\":[{\"@type\":\"SearchAction\",\"target\":{\"@type\":\"EntryPoint\",\"urlTemplate\":\"https:\\\/\\\/insektenliebe.com\\\/it\\\/?s={search_term_string}\"},\"query-input\":{\"@type\":\"PropertyValueSpecification\",\"valueRequired\":true,\"valueName\":\"search_term_string\"}}],\"inLanguage\":\"it-IT\"},{\"@type\":\"Organization\",\"@id\":\"https:\\\/\\\/insektenliebe.com\\\/it\\\/#organization\",\"name\":\"Insektenliebe\",\"url\":\"https:\\\/\\\/insektenliebe.com\\\/it\\\/\",\"logo\":{\"@type\":\"ImageObject\",\"inLanguage\":\"it-IT\",\"@id\":\"https:\\\/\\\/insektenliebe.com\\\/it\\\/#\\\/schema\\\/logo\\\/image\\\/\",\"url\":\"https:\\\/\\\/insektenliebe.com\\\/wp-content\\\/uploads\\\/2025\\\/03\\\/logo-white.png\",\"contentUrl\":\"https:\\\/\\\/insektenliebe.com\\\/wp-content\\\/uploads\\\/2025\\\/03\\\/logo-white.png\",\"width\":288,\"height\":188,\"caption\":\"Insektenliebe\"},\"image\":{\"@id\":\"https:\\\/\\\/insektenliebe.com\\\/it\\\/#\\\/schema\\\/logo\\\/image\\\/\"}}]}<\/script>\n<!-- \/ Yoast SEO plugin. -->","yoast_head_json":{"title":"Archachatina marginata ovum - Insektenliebe","description":"Archachatina marginata Ovum - impressionante lumaca gigante con un guscio resistente, alta umidit\u00e0 e molto spazio.","robots":{"index":"index","follow":"follow","max-snippet":"max-snippet:-1","max-image-preview":"max-image-preview:large","max-video-preview":"max-video-preview:-1"},"canonical":"https:\/\/insektenliebe.com\/it\/shop\/prodotto\/archachatina-marginata-ovum\/","og_locale":"it_IT","og_type":"article","og_title":"Archachatina marginata ovum - Insektenliebe","og_description":"Archachatina marginata Ovum - impressionante lumaca gigante con un guscio resistente, alta umidit\u00e0 e molto spazio.","og_url":"https:\/\/insektenliebe.com\/it\/shop\/prodotto\/archachatina-marginata-ovum\/","og_site_name":"Insektenliebe","article_modified_time":"2026-02-27T07:57:57+00:00","og_image":[{"width":820,"height":820,"url":"https:\/\/insektenliebe.com\/wp-content\/uploads\/2025\/05\/Archachatina-marginata-ovum-1-2.jpg","type":"image\/jpeg"}],"twitter_card":"summary_large_image","twitter_misc":{"Tempo di lettura stimato":"2 minuto"},"schema":{"@context":"https:\/\/schema.org","@graph":[{"@type":"WebPage","@id":"https:\/\/insektenliebe.com\/it\/shop\/prodotto\/archachatina-marginata-ovum\/","url":"https:\/\/insektenliebe.com\/it\/shop\/prodotto\/archachatina-marginata-ovum\/","name":"Archachatina marginata ovum - Insektenliebe","isPartOf":{"@id":"https:\/\/insektenliebe.com\/it\/#website"},"primaryImageOfPage":{"@id":"https:\/\/insektenliebe.com\/it\/shop\/prodotto\/archachatina-marginata-ovum\/#primaryimage"},"image":{"@id":"https:\/\/insektenliebe.com\/it\/shop\/prodotto\/archachatina-marginata-ovum\/#primaryimage"},"thumbnailUrl":"https:\/\/insektenliebe.com\/wp-content\/uploads\/2025\/05\/Archachatina-marginata-ovum-1-2.jpg","datePublished":"2021-01-21T11:44:00+00:00","dateModified":"2026-02-27T07:57:57+00:00","description":"Archachatina marginata Ovum - impressionante lumaca gigante con un guscio resistente, alta umidit\u00e0 e molto spazio.","breadcrumb":{"@id":"https:\/\/insektenliebe.com\/it\/shop\/prodotto\/archachatina-marginata-ovum\/#breadcrumb"},"inLanguage":"it-IT","potentialAction":[{"@type":"ReadAction","target":["https:\/\/insektenliebe.com\/it\/shop\/prodotto\/archachatina-marginata-ovum\/"]}]},{"@type":"ImageObject","inLanguage":"it-IT","@id":"https:\/\/insektenliebe.com\/it\/shop\/prodotto\/archachatina-marginata-ovum\/#primaryimage","url":"https:\/\/insektenliebe.com\/wp-content\/uploads\/2025\/05\/Archachatina-marginata-ovum-1-2.jpg","contentUrl":"https:\/\/insektenliebe.com\/wp-content\/uploads\/2025\/05\/Archachatina-marginata-ovum-1-2.jpg","width":820,"height":820,"caption":"Archachatina marginata ovum"},{"@type":"BreadcrumbList","@id":"https:\/\/insektenliebe.com\/it\/shop\/prodotto\/archachatina-marginata-ovum\/#breadcrumb","itemListElement":[{"@type":"ListItem","position":1,"name":"Startseite","item":"https:\/\/insektenliebe.com\/it\/"},{"@type":"ListItem","position":2,"name":"Negozio","item":"https:\/\/insektenliebe.com\/it\/negozio\/"},{"@type":"ListItem","position":3,"name":"Archachatina marginata ovum"}]},{"@type":"WebSite","@id":"https:\/\/insektenliebe.com\/it\/#website","url":"https:\/\/insektenliebe.com\/it\/","name":"Insektenliebe","description":"Dein Zuhause f\u00fcr die kleinen Lebewesen","publisher":{"@id":"https:\/\/insektenliebe.com\/it\/#organization"},"potentialAction":[{"@type":"SearchAction","target":{"@type":"EntryPoint","urlTemplate":"https:\/\/insektenliebe.com\/it\/?s={search_term_string}"},"query-input":{"@type":"PropertyValueSpecification","valueRequired":true,"valueName":"search_term_string"}}],"inLanguage":"it-IT"},{"@type":"Organization","@id":"https:\/\/insektenliebe.com\/it\/#organization","name":"Insektenliebe","url":"https:\/\/insektenliebe.com\/it\/","logo":{"@type":"ImageObject","inLanguage":"it-IT","@id":"https:\/\/insektenliebe.com\/it\/#\/schema\/logo\/image\/","url":"https:\/\/insektenliebe.com\/wp-content\/uploads\/2025\/03\/logo-white.png","contentUrl":"https:\/\/insektenliebe.com\/wp-content\/uploads\/2025\/03\/logo-white.png","width":288,"height":188,"caption":"Insektenliebe"},"image":{"@id":"https:\/\/insektenliebe.com\/it\/#\/schema\/logo\/image\/"}}]}},"_links":{"self":[{"href":"https:\/\/insektenliebe.com\/it\/wp-json\/wp\/v2\/product\/188852","targetHints":{"allow":["GET"]}}],"collection":[{"href":"https:\/\/insektenliebe.com\/it\/wp-json\/wp\/v2\/product"}],"about":[{"href":"https:\/\/insektenliebe.com\/it\/wp-json\/wp\/v2\/types\/product"}],"wp:featuredmedia":[{"embeddable":true,"href":"https:\/\/insektenliebe.com\/it\/wp-json\/wp\/v2\/media\/187520"}],"wp:attachment":[{"href":"https:\/\/insektenliebe.com\/it\/wp-json\/wp\/v2\/media?parent=188852"}],"wp:term":[{"taxonomy":"product-supplier","embeddable":true,"href":"https:\/\/insektenliebe.com\/it\/wp-json\/wp\/v2\/product-supplier?post=188852"},{"taxonomy":"product_brand","embeddable":true,"href":"https:\/\/insektenliebe.com\/it\/wp-json\/wp\/v2\/product_brand?post=188852"},{"taxonomy":"product_cat","embeddable":true,"href":"https:\/\/insektenliebe.com\/it\/wp-json\/wp\/v2\/product_cat?post=188852"},{"taxonomy":"product_tag","embeddable":true,"href":"https:\/\/insektenliebe.com\/it\/wp-json\/wp\/v2\/product_tag?post=188852"},{"taxonomy":"lce-checkout-addons","embeddable":true,"href":"https:\/\/insektenliebe.com\/it\/wp-json\/wp\/v2\/lce-checkout-addons?post=188852"}],"curies":[{"name":"wp","href":"https:\/\/api.w.org\/{rel}","templated":true}]}}